{"id":7714,"date":"2024-05-03T06:26:19","date_gmt":"2024-05-03T06:26:19","guid":{"rendered":"https:\/\/elfsight.com\/fr\/?page_id=7714"},"modified":"2025-07-09T09:30:39","modified_gmt":"2025-07-09T09:30:39","slug":"blogger","status":"publish","type":"page","link":"https:\/\/elfsight.com\/fr\/airbnb-reviews-widget\/blogger\/","title":{"rendered":"Airbnb Reviews &#8211; Blogger"},"content":{"rendered":"<div class=\"application-platform-content-item-description application-platform-content-item\" id=\"description\" data-nav-section=\"description\"> <h2>Description<\/h2> <p>Elfsight Airbnb Reviews est un widget utile qui vous permettra d&rsquo;int\u00e9grer facilement sur votre site Web des avis sur vos offres \u00e0 partir de publications sur Airbnb. Avec l&rsquo;aide de ce widget, vous disposez de plusieurs filtres pour trier les avis ind\u00e9sirables, afficher vos notes en \u00e9toiles et en chiffres sur Airbnb, ajouter des d\u00e9tails sur les auteurs et ajouter un bouton qui am\u00e8nera les visiteurs \u00e0 publier un avis suppl\u00e9mentaire sur Airbnb. Les avis Elfsight Airbnb vous aideront \u00e0 d\u00e9montrer votre parfaite preuve sociale sur votre site et \u00e0 augmenter vos ventes. <\/p> <div class=\"faq\" data-component=\"FAQ\"><div class=\"faq-item\">\r\n\t\t\t\t\t<div class=\"faq-item-question\">\r\n\t\t\t\t\t\t<h3 class=\"faq-item-question-text\">O\u00f9 sur mon site puis-je ins\u00e9rer ce plugin<\/h3>\r\n\r\n\t\t\t\t\t\t<div class=\"faq-item-question-icon\"><\/div>\r\n\t\t\t\t\t<\/div>\r\n\r\n\t\t\t\t\t<div class=\"faq-item-answer\">\r\n\t\t\t\t\t\t<div class=\"faq-item-answer-text\"> <p>Ce widget peut \u00eatre plac\u00e9 sur n&rsquo;importe quelle page Web, o\u00f9 il est pr\u00e9f\u00e9rable de prouver votre note \u00e9lev\u00e9e et votre popularit\u00e9 aupr\u00e8s des clients. Si vous en avez besoin sur toutes les pages du site, vous pouvez simplement le coller dans le mod\u00e8le du site Web. <\/p> <\/div>\r\n\t\t\t\t\t<\/div>\r\n\t\t\t\t<\/div><div class=\"faq-item\">\r\n\t\t\t\t\t<div class=\"faq-item-question\">\r\n\t\t\t\t\t\t<h3 class=\"faq-item-question-text\">Quels avantages cela peut-il m'apporter ?<\/h3>\r\n\r\n\t\t\t\t\t\t<div class=\"faq-item-question-icon\"><\/div>\r\n\t\t\t\t\t<\/div>\r\n\r\n\t\t\t\t\t<div class=\"faq-item-answer\">\r\n\t\t\t\t\t\t<div class=\"faq-item-answer-text\"> <p>Les avis r\u00e9dig\u00e9s par de vraies personnes sont parfaitement cr\u00e9dibles aupr\u00e8s des clients de votre site et leur d\u00e9montrent que votre entreprise est un partenaire fiable. Une note \u00e9lev\u00e9e et d\u2019excellentes impressions peuvent contribuer \u00e0 augmenter les ventes sur votre site Web. En outre, le bouton actif peut contribuer \u00e0 augmenter le nombre d&rsquo;avis de clients sur votre entreprise sur Airbnb. <\/p> <\/div>\r\n\t\t\t\t\t<\/div>\r\n\t\t\t\t<\/div> <div class=\"faq-item\">\r\n\t\t\t\t\t<div class=\"faq-item-question\">\r\n\t\t\t\t\t\t<h3 class=\"faq-item-question-text\">Comment int\u00e9grer les avis Airbnb sur mon site Blogger ?<\/h3>\r\n\r\n\t\t\t\t\t\t<div class=\"faq-item-question-icon\"><\/div>\r\n\t\t\t\t\t<\/div>\r\n\r\n\t\t\t\t\t<div class=\"faq-item-answer\">\r\n\t\t\t\t\t\t<div class=\"faq-item-answer-text\"> <p>Vous n&rsquo;avez besoin que de trois minutes de votre temps pour activer votre widget d&rsquo;avis. C&rsquo;est tr\u00e8s rapide, gratuit et sans codage. <\/p> <ol><li>Vous pouvez placer le widget sur la page Web directement dans notre service. Consultez simplement le guide ci-dessous sur cette page. <\/li> <li>Les avis Elfsight Airbnb peuvent \u00eatre int\u00e9gr\u00e9s via notre service ou via le march\u00e9. Ici, vous pouvez comparer les avantages et les inconv\u00e9nients des deux options et choisir la v\u00f4tre. <\/li> <\/ol> <\/div>\r\n\t\t\t\t\t<\/div>\r\n\t\t\t\t<\/div> <\/div> <\/div> <div class=\"application-platform-content-item-features application-platform-content-item\" id=\"features\" data-nav-section=\"features\"> <h2>Fonctionnalit\u00e9s<\/h2> <p>Afin d&rsquo;avoir une perception claire des avis Airbnb, voir la liste des traits les plus importants. Ils rendent le widget extr\u00eamement avantageux pour vous\u00a0: <\/p> <ul> <li>Trois types de filtres\u00a0: par type, exclusion par et nombre d&rsquo;avis \u00e0 afficher\u00a0; <\/li> <li>Une option pour contr\u00f4ler l&rsquo;affichage de l&rsquo;en-t\u00eate du widget\u00a0; <\/li> <li>6 \u00e9l\u00e9ments personnalisables du widget\u00a0: le nom de l&rsquo;auteur et la photo, le texte de la recommandation, la date, l&rsquo;ic\u00f4ne Airbnb et le nombre d&rsquo;\u00e9toiles\u00a0; <\/li> <\/ul><p><a href=\"#demo\">Pour explorer plus de fonctionnalit\u00e9s, consultez notre d\u00e9mo<\/a><\/p> <\/div> <div class=\"application-platform-content-item-installation application-platform-content-item\" id=\"installation\" data-nav-section=\"installation\"> <h2>D\u00e9couvrez comment configurer les avis Airbnb sur votre page Blogger<\/h2> <div class=\"video-container\"><iframe width=\"720\" height=\"405\" src=\"https:\/\/www.youtube.com\/embed\/d5v3xhgpO8E\" frameborder=\"0\" allowfullscreen=\"\"><\/iframe><\/div><p>Les \u00e9tapes suivantes sont la seule chose que vous devez faire pour int\u00e9grer le widget. <\/p> <ol><li><b>Cr\u00e9ez votre plugin Airbnb personnalis\u00e9<\/b><br> Dans notre \u00e9diteur gratuit, cr\u00e9ez un plugin avec une mise en page et des caract\u00e9ristiques fonctionnelles pr\u00e9f\u00e9r\u00e9es. <\/li><li><b>Copiez le code personnel pour int\u00e9grer le plugin<\/b><br> Apr\u00e8s avoir g\u00e9n\u00e9r\u00e9 votre widget, vous obtiendrez votre code d&rsquo;installation dans la fen\u00eatre apparue sur Elfsight Apps. Copiez-le. <\/li> <li><b>Publiez le plugin sur votre site Blogger<\/b><br> Choisissez la zone dans laquelle vous souhaitez int\u00e9grer le plugin et ins\u00e9rez-y le code copi\u00e9. Appliquez les r\u00e9sultats.<\/li> <li><b>La configuration est r\u00e9ussie\u00a0!<\/b><br> Visitez le site Web pour consulter vos avis. <\/li> <\/ol><p>Vous n&rsquo;arrivez toujours pas \u00e0 vous d\u00e9cider\u00a0? Ou vous avez des questions ? Une simple demande \u00e0 notre \u00e9quipe d\u2019assistance vous aidera \u00e0 r\u00e9soudre tout type de probl\u00e8me. <\/p> <\/div>","protected":false},"excerpt":{"rendered":"","protected":false},"author":9,"featured_media":0,"parent":2137,"menu_order":0,"comment_status":"closed","ping_status":"closed","template":"templates\/template-application-platform.php","meta":{"publish_to_discourse":"","publish_post_category":"","wpdc_auto_publish_overridden":"","wpdc_topic_tags":"","wpdc_pin_topic":"","wpdc_pin_until":"","discourse_post_id":"","discourse_permalink":"","wpdc_publishing_response":"","wpdc_publishing_error":"","footnotes":""},"class_list":["post-7714","page","type-page","status-publish","hentry"],"yoast_head":"<!-- This site is optimized with the Yoast SEO plugin v25.3.1 - https:\/\/yoast.com\/wordpress\/plugins\/seo\/ -->\n<title>Int\u00e9grez les avis Airbnb sur votre site Web Blogger (facile et rapide)<\/title>\n<meta name=\"description\" content=\"C&#039;est un processus simple que de cr\u00e9er votre propre widget d&#039;avis Airbnb et de le publier sur votre site Web Blogger. Le service client Elfsight est gratuit.\" \/>\n<meta name=\"robots\" content=\"index, follow, max-snippet:-1, max-image-preview:large, max-video-preview:-1\" \/>\n<link rel=\"canonical\" href=\"https:\/\/elfsight.com\/fr\/airbnb-reviews-widget\/blogger\/\" \/>\n<meta property=\"og:locale\" content=\"fr_FR\" \/>\n<meta property=\"og:type\" content=\"article\" \/>\n<meta property=\"og:title\" content=\"Int\u00e9grez les avis Airbnb sur votre site Web Blogger (facile et rapide)\" \/>\n<meta property=\"og:description\" content=\"C&#039;est un processus simple que de cr\u00e9er votre propre widget d&#039;avis Airbnb et de le publier sur votre site Web Blogger. Le service client Elfsight est gratuit.\" \/>\n<meta property=\"og:url\" content=\"https:\/\/elfsight.com\/fr\/airbnb-reviews-widget\/blogger\/\" \/>\n<meta property=\"og:site_name\" content=\"Elfsight FR\" \/>\n<meta property=\"article:modified_time\" content=\"2025-07-09T09:30:39+00:00\" \/>\n<meta name=\"twitter:card\" content=\"summary_large_image\" \/>\n<meta name=\"twitter:label1\" content=\"Dur\u00e9e de lecture estim\u00e9e\" \/>\n\t<meta name=\"twitter:data1\" content=\"3 minutes\" \/>\n<!-- \/ Yoast SEO plugin. -->","yoast_head_json":{"title":"Int\u00e9grez les avis Airbnb sur votre site Web Blogger (facile et rapide)","description":"C'est un processus simple que de cr\u00e9er votre propre widget d'avis Airbnb et de le publier sur votre site Web Blogger. Le service client Elfsight est gratuit.","robots":{"index":"index","follow":"follow","max-snippet":"max-snippet:-1","max-image-preview":"max-image-preview:large","max-video-preview":"max-video-preview:-1"},"canonical":"https:\/\/elfsight.com\/fr\/airbnb-reviews-widget\/blogger\/","og_locale":"fr_FR","og_type":"article","og_title":"Int\u00e9grez les avis Airbnb sur votre site Web Blogger (facile et rapide)","og_description":"C'est un processus simple que de cr\u00e9er votre propre widget d'avis Airbnb et de le publier sur votre site Web Blogger. Le service client Elfsight est gratuit.","og_url":"https:\/\/elfsight.com\/fr\/airbnb-reviews-widget\/blogger\/","og_site_name":"Elfsight FR","article_modified_time":"2025-07-09T09:30:39+00:00","twitter_card":"summary_large_image","twitter_misc":{"Dur\u00e9e de lecture estim\u00e9e":"3 minutes"},"schema":{"@context":"https:\/\/schema.org","@graph":[{"@type":"WebPage","@id":"https:\/\/elfsight.com\/fr\/airbnb-reviews-widget\/blogger\/","url":"https:\/\/elfsight.com\/fr\/airbnb-reviews-widget\/blogger\/","name":"Int\u00e9grez les avis Airbnb sur votre site Web Blogger (facile et rapide)","isPartOf":{"@id":"https:\/\/elfsight.com\/fr\/#website"},"datePublished":"2024-05-03T06:26:19+00:00","dateModified":"2025-07-09T09:30:39+00:00","description":"C'est un processus simple que de cr\u00e9er votre propre widget d'avis Airbnb et de le publier sur votre site Web Blogger. Le service client Elfsight est gratuit.","breadcrumb":{"@id":"https:\/\/elfsight.com\/fr\/airbnb-reviews-widget\/blogger\/#breadcrumb"},"inLanguage":"fr-FR","potentialAction":[{"@type":"ReadAction","target":["https:\/\/elfsight.com\/fr\/airbnb-reviews-widget\/blogger\/"]}]},{"@type":"BreadcrumbList","@id":"https:\/\/elfsight.com\/fr\/airbnb-reviews-widget\/blogger\/#breadcrumb","itemListElement":[{"@type":"ListItem","position":1,"name":"Home","item":"https:\/\/elfsight.com\/fr\/"},{"@type":"ListItem","position":2,"name":"Airbnb Reviews","item":"https:\/\/elfsight.com\/fr\/airbnb-reviews-widget\/"},{"@type":"ListItem","position":3,"name":"Airbnb Reviews &#8211; Blogger"}]},{"@type":"WebSite","@id":"https:\/\/elfsight.com\/fr\/#website","url":"https:\/\/elfsight.com\/fr\/","name":"Elfsight FR","description":"","potentialAction":[{"@type":"SearchAction","target":{"@type":"EntryPoint","urlTemplate":"https:\/\/elfsight.com\/fr\/?s={search_term_string}"},"query-input":{"@type":"PropertyValueSpecification","valueRequired":true,"valueName":"search_term_string"}}],"inLanguage":"fr-FR"}]}},"meta_box":{"industry":"","seo_heading":"","heading":"","description":"","cta_heading":"","cta_description":"","application":"2129","h1":"Avis des blogueurs Airbnb","h1_caption":"Affichez les avis de votre liste Airbnb pour attirer sans effort plus de clients avec des commentaires authentiques sur votre site Web Blogger.","application_category":[],"applications_title":"","applications_request_title":"","applications_request_button_text":"","hero_text":"","hero_video":"","hero_video_schema_markup":"","selling_points_title":"","selling_points_caption":"","selling_points":[],"selling_points_cta_text":"","features_title":"","features":"","ed_cta_examples_text":"","ed_cta_examples_hidden":"","ed_cta_demo_text":"","ed_cta_demo_hidden":"","why_caption":"","why_editor_title":"","why_editor_text":"","why_team_title":"","why_team_text":"","why_service_title":"","why_service_text":"","template_catalog_visible":"","template_catalog_title":"","template_catalog_text":"","template_catalog_categories_visible":"","demo_title":"Cr\u00e9ez votre widget Avis Airbnb","demo_caption":"Configurez vos avis Airbnb et ajoutez-les gratuitement \u00e0 votre site Blogger !","default_faq_hidden":"","app_template_category":[],"platform":"348","template_public_id":"","codecanyon_url":"","codecanyon_item_id":"","codecanyon_price":"","pricing_caption":"","pricing_elfsight_apps_hide_column":"","pricing_elfsight_apps_url":"","pricing_codecanyon_price_caption":"","integration_category":[],"integration_request_title":"","integration_request_cta":"","integration_platform":"","integrations":[],"platform_category":[],"video_schema_markup":"","price":"\u00e0 partir de 0$ \/ mois","trial":"","benefits":[{"text":"Aide \u00e0 l'installation gratuite"},{"text":"Soutien exceptionnel"},{"text":"Garantie de remboursement de 14 jours"},{"text":"Mise \u00e0 jour constante"}],"button_url":"#demo","button_target_blank":"","button_nofollow":"","attributes":[{"name":"Installations","content":"10,000 - 100,000"},{"name":"Sensible","content":"Oui"},{"name":"Navigateurs compatibles","content":"Firefox, Safari, Opera, Chrome, Edge"}],"tags":[],"tags_disable_links":"","hide_more_platforms":"","video_object":"","demo_hide_cta":"","demo_hide_cloud_options":"","pricing_title":"","pricing":[{"pricing_icon":"platform","pricing_title":"Elfsight Apps","pricing_title_caption":"Solution num\u00e9rique ind\u00e9pendante de la plateforme","pricing_price":"from $0 \/ month","pricing_price_caption":"commencez avec un forfait gratuit","pricing_benefits":[{"text":"Sites Web illimit\u00e9s"},{"text":"Assistance client gratuite"},{"text":"Aide \u00e0 l'installation gratuite"},{"text":"Enti\u00e8rement personnalisable"}],"pricing_button_text":"Ajouter au site Web","pricing_button_url":"#demo"}],"related_apps_title":"","related_apps_hidden":"","author":"","image":[],"title":"","job":"","social_networks":[]},"_links":{"self":[{"href":"https:\/\/elfsight.com\/fr\/wp-json\/wp\/v2\/pages\/7714","targetHints":{"allow":["GET"]}}],"collection":[{"href":"https:\/\/elfsight.com\/fr\/wp-json\/wp\/v2\/pages"}],"about":[{"href":"https:\/\/elfsight.com\/fr\/wp-json\/wp\/v2\/types\/page"}],"author":[{"embeddable":true,"href":"https:\/\/elfsight.com\/fr\/wp-json\/wp\/v2\/users\/9"}],"replies":[{"embeddable":true,"href":"https:\/\/elfsight.com\/fr\/wp-json\/wp\/v2\/comments?post=7714"}],"version-history":[{"count":2,"href":"https:\/\/elfsight.com\/fr\/wp-json\/wp\/v2\/pages\/7714\/revisions"}],"predecessor-version":[{"id":14970,"href":"https:\/\/elfsight.com\/fr\/wp-json\/wp\/v2\/pages\/7714\/revisions\/14970"}],"up":[{"embeddable":true,"href":"https:\/\/elfsight.com\/fr\/wp-json\/wp\/v2\/pages\/2137"}],"wp:attachment":[{"href":"https:\/\/elfsight.com\/fr\/wp-json\/wp\/v2\/media?parent=7714"}],"curies":[{"name":"wp","href":"https:\/\/api.w.org\/{rel}","templated":true}]}}