{"id":7709,"date":"2024-05-03T06:26:18","date_gmt":"2024-05-03T06:26:18","guid":{"rendered":"https:\/\/elfsight.com\/fr\/?page_id=7709"},"modified":"2025-07-09T09:30:31","modified_gmt":"2025-07-09T09:30:31","slug":"bigcommerce","status":"publish","type":"page","link":"https:\/\/elfsight.com\/fr\/airbnb-reviews-widget\/bigcommerce\/","title":{"rendered":"Airbnb Reviews &#8211; BigCommerce"},"content":{"rendered":"<div class=\"application-platform-content-item-description application-platform-content-item\" id=\"description\" data-nav-section=\"description\"> <h2>Description<\/h2> <p>Si vous souhaitez vanter votre note \u00e9lev\u00e9e et convaincre les visiteurs du site que vos produits ou services pr\u00e9sentent un bon rapport qualit\u00e9-prix de l&rsquo;argent, le widget Elfsight Airbnb Reviews sera la solution. Gr\u00e2ce \u00e0 cet outil, vous int\u00e9grerez facilement les avis des clients d&rsquo;Airbnb sur votre site Web. Vous pourrez les trier pour n&rsquo;afficher que des notes positives, afficher des notes et un bouton actif qui dirigera les utilisateurs vers votre page Airbnb, o\u00f9 ils pourront r\u00e9diger un nouvel avis. <\/p> <div class=\"faq\" data-component=\"FAQ\"><div class=\"faq-item\">\r\n\t\t\t\t\t<div class=\"faq-item-question\">\r\n\t\t\t\t\t\t<h3 class=\"faq-item-question-text\">O\u00f9 puis-je publier des avis Airbnb<\/h3>\r\n\r\n\t\t\t\t\t\t<div class=\"faq-item-question-icon\"><\/div>\r\n\t\t\t\t\t<\/div>\r\n\r\n\t\t\t\t\t<div class=\"faq-item-answer\">\r\n\t\t\t\t\t\t<div class=\"faq-item-answer-text\"> <p>Vous \u00eates libre d&rsquo;int\u00e9grer le widget d&rsquo;avis dans n&rsquo;importe quelle page de votre site, ou de l&rsquo;ins\u00e9rer dans le mod\u00e8le du site, dans ce cas sera r\u00e9v\u00e9l\u00e9 sur toutes les pages. Les avis feront du bon travail sur les pages de produits ou sur la page \u00c0 propos de nous, les endroits o\u00f9 vous souhaitez prouver votre note \u00e9lev\u00e9e. <\/p> <\/div>\r\n\t\t\t\t\t<\/div>\r\n\t\t\t\t<\/div><div class=\"faq-item\">\r\n\t\t\t\t\t<div class=\"faq-item-question\">\r\n\t\t\t\t\t\t<h3 class=\"faq-item-question-text\">Quels avantages cela m'apporte-t-il ?<\/h3>\r\n\r\n\t\t\t\t\t\t<div class=\"faq-item-question-icon\"><\/div>\r\n\t\t\t\t\t<\/div>\r\n\r\n\t\t\t\t\t<div class=\"faq-item-answer\">\r\n\t\t\t\t\t\t<div class=\"faq-item-answer-text\"> <p>Les avis ajout\u00e9s par de vraies personnes semblent parfaitement dignes de confiance aux visiteurs de votre site Web et signifient pour eux que votre entreprise est fiable. Une note \u00e9lev\u00e9e et des avis positifs peuvent contribuer \u00e0 augmenter les achats sur votre site Web. De plus, le bouton actif contribuera \u00e0 avoir plus d&rsquo;avis clients sur votre logement sur Airbnb. <\/p> <\/div>\r\n\t\t\t\t\t<\/div>\r\n\t\t\t\t<\/div> <div class=\"faq-item\">\r\n\t\t\t\t\t<div class=\"faq-item-question\">\r\n\t\t\t\t\t\t<h3 class=\"faq-item-question-text\">De quoi ai-je besoin pour int\u00e9grer les avis Airbnb sur mon site Web ? <\/h3>\r\n\r\n\t\t\t\t\t\t<div class=\"faq-item-question-icon\"><\/div>\r\n\t\t\t\t\t<\/div>\r\n\r\n\t\t\t\t\t<div class=\"faq-item-answer\">\r\n\t\t\t\t\t\t<div class=\"faq-item-answer-text\"> <p>L&rsquo;int\u00e9gration du widget ne prend que quelques minutes de votre temps. Le processus est vraiment rapide, gratuit et sans codage. <\/p> <ol><li>Vous pouvez placer le widget sur votre site directement via notre service. Appliquez simplement le guide ci-dessous sur cette page. <\/li> <li>Le widget peut \u00eatre int\u00e9gr\u00e9 via notre service ou sur la marketplace. Vous pouvez voir plus de d\u00e9tails sur ces variantes et choisir la v\u00f4tre. <\/li> <\/ol> <\/div>\r\n\t\t\t\t\t<\/div>\r\n\t\t\t\t<\/div> <\/div> <\/div> <div class=\"application-platform-content-item-features application-platform-content-item\" id=\"features\" data-nav-section=\"features\"> <h2>Fonctionnalit\u00e9s<\/h2> <p>Pour avoir une meilleure connaissance du widget, consultez la liste des fonctionnalit\u00e9s principales. Ils rendent notre widget vraiment efficace pour votre site Web\u00a0: <\/p> <ul> <li>3 filtres disponibles\u00a0: par type, exclusion par et quantit\u00e9 d&rsquo;avis \u00e0 afficher\u00a0; <\/li> <li> En-t\u00eate enti\u00e8rement flexible du widget\u00a0; <\/li> <li>Six \u00e9l\u00e9ments flexibles des avis\u00a0: nom et photo de l&rsquo;auteur, recommandation, date de partage, ic\u00f4ne Airbnb et note par \u00e9toiles\u00a0; <\/li> <\/ul><p><a href=\"#demo\">La d\u00e9mo en direct vous r\u00e9v\u00e9lera une liste compl\u00e8te des fonctionnalit\u00e9s<\/a><\/p> <\/div> <div class=\"application-platform-content-item-installation application-platform-content-item\" id=\"installation\" data-nav-section=\"installation\"> <h2>V\u00e9rifions comment int\u00e9grer les avis Airbnb \u00e0 votre boutique BigCommerce<\/h2> <div class=\"video-container\"><iframe width=\"720\" height=\"405\" src=\"https:\/\/www.youtube.com\/embed\/Daf1kvaSLh4\" frameborder=\"0\" allowfullscreen=\"\"><\/iframe><\/div><p>Suivez simplement les instructions ci-dessous pour int\u00e9grer l&rsquo;application sur BigCommerce.<\/p> <ol><li><b>Utilisez notre configurateur gratuit et commencez \u00e0 cr\u00e9er votre widget d&rsquo;avis Airbnb sur mesure. <\/b><br> Sp\u00e9cifiez la conception et les options appropri\u00e9es de l&rsquo;outil et enregistrez les modifications. <\/li> <li><b>Acqu\u00e9rez votre code unique qui appara\u00eet dans le formulaire sp\u00e9cial sur Elfsight Apps. <\/b><br> Juste apr\u00e8s la personnalisation de votre widget, copiez le code personnel dans la fen\u00eatre qui appara\u00eet et conservez-le pour une utilisation ult\u00e9rieure. <\/li> <li><b>Commencez \u00e0 utiliser l&rsquo;application sur votre site BigCommerce. <\/b><br> Placez le code copi\u00e9 auparavant dans votre site Web et enregistrez les modifications. <\/li> <li><b>Vous avez termin\u00e9\u00a0! L&rsquo;int\u00e9gration est enti\u00e8rement termin\u00e9e. <\/b><br> Acc\u00e9dez \u00e0 votre site pour voir comment fonctionne le plugin. <\/li><\/ol><p>Vous n&rsquo;arrivez toujours pas \u00e0 vous d\u00e9cider\u00a0? Ou vous \u00eates tomb\u00e9 sur quelque chose ? \u00c9crivez simplement une demande \u00e0 notre \u00e9quipe d&rsquo;assistance pour r\u00e9soudre chaque probl\u00e8me. <\/p> <\/div>","protected":false},"excerpt":{"rendered":"","protected":false},"author":9,"featured_media":0,"parent":2137,"menu_order":0,"comment_status":"closed","ping_status":"closed","template":"templates\/template-application-platform.php","meta":{"publish_to_discourse":"","publish_post_category":"","wpdc_auto_publish_overridden":"","wpdc_topic_tags":"","wpdc_pin_topic":"","wpdc_pin_until":"","discourse_post_id":"","discourse_permalink":"","wpdc_publishing_response":"","wpdc_publishing_error":"","footnotes":""},"class_list":["post-7709","page","type-page","status-publish","hentry"],"yoast_head":"<!-- This site is optimized with the Yoast SEO plugin v25.3.1 - https:\/\/yoast.com\/wordpress\/plugins\/seo\/ -->\n<title>Int\u00e9grez les avis Airbnb sur votre site Web BigCommerce (2026)<\/title>\n<meta name=\"description\" content=\"Voici une opportunit\u00e9 de cr\u00e9er un widget Airbnb Reviews et de l&#039;int\u00e9grer \u00e0 votre site BigCommere. Vous b\u00e9n\u00e9ficierez d&#039;un support client gratuit et d&#039;autres avantages d&#039;Elfsight.\" \/>\n<meta name=\"robots\" content=\"index, follow, max-snippet:-1, max-image-preview:large, max-video-preview:-1\" \/>\n<link rel=\"canonical\" href=\"https:\/\/elfsight.com\/fr\/airbnb-reviews-widget\/bigcommerce\/\" \/>\n<meta property=\"og:locale\" content=\"fr_FR\" \/>\n<meta property=\"og:type\" content=\"article\" \/>\n<meta property=\"og:title\" content=\"Int\u00e9grez les avis Airbnb sur votre site Web BigCommerce (2026)\" \/>\n<meta property=\"og:description\" content=\"Voici une opportunit\u00e9 de cr\u00e9er un widget Airbnb Reviews et de l&#039;int\u00e9grer \u00e0 votre site BigCommere. Vous b\u00e9n\u00e9ficierez d&#039;un support client gratuit et d&#039;autres avantages d&#039;Elfsight.\" \/>\n<meta property=\"og:url\" content=\"https:\/\/elfsight.com\/fr\/airbnb-reviews-widget\/bigcommerce\/\" \/>\n<meta property=\"og:site_name\" content=\"Elfsight FR\" \/>\n<meta property=\"article:modified_time\" content=\"2025-07-09T09:30:31+00:00\" \/>\n<meta name=\"twitter:card\" content=\"summary_large_image\" \/>\n<meta name=\"twitter:label1\" content=\"Dur\u00e9e de lecture estim\u00e9e\" \/>\n\t<meta name=\"twitter:data1\" content=\"3 minutes\" \/>\n<!-- \/ Yoast SEO plugin. -->","yoast_head_json":{"title":"Int\u00e9grez les avis Airbnb sur votre site Web BigCommerce (2026)","description":"Voici une opportunit\u00e9 de cr\u00e9er un widget Airbnb Reviews et de l'int\u00e9grer \u00e0 votre site BigCommere. Vous b\u00e9n\u00e9ficierez d'un support client gratuit et d'autres avantages d'Elfsight.","robots":{"index":"index","follow":"follow","max-snippet":"max-snippet:-1","max-image-preview":"max-image-preview:large","max-video-preview":"max-video-preview:-1"},"canonical":"https:\/\/elfsight.com\/fr\/airbnb-reviews-widget\/bigcommerce\/","og_locale":"fr_FR","og_type":"article","og_title":"Int\u00e9grez les avis Airbnb sur votre site Web BigCommerce (2026)","og_description":"Voici une opportunit\u00e9 de cr\u00e9er un widget Airbnb Reviews et de l'int\u00e9grer \u00e0 votre site BigCommere. Vous b\u00e9n\u00e9ficierez d'un support client gratuit et d'autres avantages d'Elfsight.","og_url":"https:\/\/elfsight.com\/fr\/airbnb-reviews-widget\/bigcommerce\/","og_site_name":"Elfsight FR","article_modified_time":"2025-07-09T09:30:31+00:00","twitter_card":"summary_large_image","twitter_misc":{"Dur\u00e9e de lecture estim\u00e9e":"3 minutes"},"schema":{"@context":"https:\/\/schema.org","@graph":[{"@type":"WebPage","@id":"https:\/\/elfsight.com\/fr\/airbnb-reviews-widget\/bigcommerce\/","url":"https:\/\/elfsight.com\/fr\/airbnb-reviews-widget\/bigcommerce\/","name":"Int\u00e9grez les avis Airbnb sur votre site Web BigCommerce (2026)","isPartOf":{"@id":"https:\/\/elfsight.com\/fr\/#website"},"datePublished":"2024-05-03T06:26:18+00:00","dateModified":"2025-07-09T09:30:31+00:00","description":"Voici une opportunit\u00e9 de cr\u00e9er un widget Airbnb Reviews et de l'int\u00e9grer \u00e0 votre site BigCommere. Vous b\u00e9n\u00e9ficierez d'un support client gratuit et d'autres avantages d'Elfsight.","breadcrumb":{"@id":"https:\/\/elfsight.com\/fr\/airbnb-reviews-widget\/bigcommerce\/#breadcrumb"},"inLanguage":"fr-FR","potentialAction":[{"@type":"ReadAction","target":["https:\/\/elfsight.com\/fr\/airbnb-reviews-widget\/bigcommerce\/"]}]},{"@type":"BreadcrumbList","@id":"https:\/\/elfsight.com\/fr\/airbnb-reviews-widget\/bigcommerce\/#breadcrumb","itemListElement":[{"@type":"ListItem","position":1,"name":"Home","item":"https:\/\/elfsight.com\/fr\/"},{"@type":"ListItem","position":2,"name":"Airbnb Reviews","item":"https:\/\/elfsight.com\/fr\/airbnb-reviews-widget\/"},{"@type":"ListItem","position":3,"name":"Airbnb Reviews &#8211; BigCommerce"}]},{"@type":"WebSite","@id":"https:\/\/elfsight.com\/fr\/#website","url":"https:\/\/elfsight.com\/fr\/","name":"Elfsight FR","description":"","potentialAction":[{"@type":"SearchAction","target":{"@type":"EntryPoint","urlTemplate":"https:\/\/elfsight.com\/fr\/?s={search_term_string}"},"query-input":{"@type":"PropertyValueSpecification","valueRequired":true,"valueName":"search_term_string"}}],"inLanguage":"fr-FR"}]}},"meta_box":{"industry":"","seo_heading":"","heading":"","description":"","cta_heading":"","cta_description":"","application":"2129","h1":"Avis sur Airbnb chez BigCommerce","h1_caption":"Affichez les avis de votre liste Airbnb pour attirer sans effort plus de clients avec de v\u00e9ritables commentaires sur votre site Web BigCommerce.","application_category":[],"applications_title":"","applications_request_title":"","applications_request_button_text":"","hero_text":"","hero_video":"","hero_video_schema_markup":"","selling_points_title":"","selling_points_caption":"","selling_points":[],"selling_points_cta_text":"","features_title":"","features":"","ed_cta_examples_text":"","ed_cta_examples_hidden":"","ed_cta_demo_text":"","ed_cta_demo_hidden":"","why_caption":"","why_editor_title":"","why_editor_text":"","why_team_title":"","why_team_text":"","why_service_title":"","why_service_text":"","template_catalog_visible":"","template_catalog_title":"","template_catalog_text":"","template_catalog_categories_visible":"","demo_title":"Cr\u00e9ez votre application Airbnb Reviews","demo_caption":"Configurez vos avis Airbnb et ajoutez-les gratuitement \u00e0 votre site Web BigCommerce !","default_faq_hidden":"","app_template_category":[],"platform":"347","template_public_id":"","codecanyon_url":"","codecanyon_item_id":"","codecanyon_price":"","pricing_caption":"","pricing_elfsight_apps_hide_column":"","pricing_elfsight_apps_url":"","pricing_codecanyon_price_caption":"","integration_category":[],"integration_request_title":"","integration_request_cta":"","integration_platform":"","integrations":[],"platform_category":[],"video_schema_markup":"","price":"\u00e0 partir de 0$ \/ mois","trial":"","benefits":[{"text":"Aide \u00e0 l'installation gratuite"},{"text":"Service client professionnel"},{"text":"Garantie de remboursement de 14 jours"},{"text":"D\u00e9veloppement continu"}],"button_url":"#demo","button_target_blank":"","button_nofollow":"","attributes":[{"name":"Installations","content":"10,000 - 100,000"},{"name":"Sensible","content":"Oui"},{"name":"Navigateurs compatibles","content":"Firefox, Safari, Opera, Chrome, Edge"}],"tags":[],"tags_disable_links":"","hide_more_platforms":"","video_object":"","demo_hide_cta":"","demo_hide_cloud_options":"","pricing_title":"","pricing":[{"pricing_icon":"platform","pricing_title":"Elfsight Apps","pricing_title_caption":"Logiciel multiplateforme","pricing_price":"from $0 \/ month","pricing_price_caption":"commencez avec un forfait gratuit","pricing_benefits":[{"text":"Sites Web illimit\u00e9s"},{"text":"Support client d\u00e9di\u00e9 et bien document\u00e9"},{"text":"Service d'installation gratuit"},{"text":"Enti\u00e8rement personnalisable"}],"pricing_button_text":"Ajouter au site Web","pricing_button_url":"#demo"}],"related_apps_title":"","related_apps_hidden":"","author":"","image":[],"title":"","job":"","social_networks":[]},"_links":{"self":[{"href":"https:\/\/elfsight.com\/fr\/wp-json\/wp\/v2\/pages\/7709","targetHints":{"allow":["GET"]}}],"collection":[{"href":"https:\/\/elfsight.com\/fr\/wp-json\/wp\/v2\/pages"}],"about":[{"href":"https:\/\/elfsight.com\/fr\/wp-json\/wp\/v2\/types\/page"}],"author":[{"embeddable":true,"href":"https:\/\/elfsight.com\/fr\/wp-json\/wp\/v2\/users\/9"}],"replies":[{"embeddable":true,"href":"https:\/\/elfsight.com\/fr\/wp-json\/wp\/v2\/comments?post=7709"}],"version-history":[{"count":2,"href":"https:\/\/elfsight.com\/fr\/wp-json\/wp\/v2\/pages\/7709\/revisions"}],"predecessor-version":[{"id":14971,"href":"https:\/\/elfsight.com\/fr\/wp-json\/wp\/v2\/pages\/7709\/revisions\/14971"}],"up":[{"embeddable":true,"href":"https:\/\/elfsight.com\/fr\/wp-json\/wp\/v2\/pages\/2137"}],"wp:attachment":[{"href":"https:\/\/elfsight.com\/fr\/wp-json\/wp\/v2\/media?parent=7709"}],"curies":[{"name":"wp","href":"https:\/\/api.w.org\/{rel}","templated":true}]}}