{"id":7707,"date":"2024-05-03T06:26:16","date_gmt":"2024-05-03T06:26:16","guid":{"rendered":"https:\/\/elfsight.com\/fr\/?page_id=7707"},"modified":"2025-07-09T09:31:55","modified_gmt":"2025-07-09T09:31:55","slug":"iframe","status":"publish","type":"page","link":"https:\/\/elfsight.com\/fr\/airbnb-reviews-widget\/iframe\/","title":{"rendered":"Airbnb Reviews &#8211; iFrame"},"content":{"rendered":"<div class=\"application-platform-content-item-description application-platform-content-item\" id=\"description\" data-nav-section=\"description\"><h2>Int\u00e9grez les avis Airbnb sur iFrame avec le widget Elfsight<\/h2><p>Si vous avez besoin d&rsquo;un moyen de montrer votre appr\u00e9ciation aupr\u00e8s des clients et de convaincre aux visiteurs du site Web que votre logement m\u00e9rite d&rsquo;\u00eatre visit\u00e9, le plugin Elfsight Airbnb Reviews fera le travail. Gr\u00e2ce \u00e0 notre plugin, vous afficherez rapidement les avis des utilisateurs d&rsquo;Airbnb sur votre site Web avec des informations sur leurs auteurs, vous pourrez les trier pour afficher uniquement les meilleurs, ajouter des notes et un bouton de redirection, qui redirigera les gens vers votre page Airbnb, ainsi qu&rsquo;ils peuvent r\u00e9diger une nouvelle critique.<\/p> <\/div><div class=\"application-platform-content-item-features application-platform-content-item\" id=\"features\" data-nav-section=\"features\"><h2>Fonctionnalit\u00e9s<\/h2><p>V\u00e9rifiez la liste des fonctionnalit\u00e9s de notre plugin\u00a0: <\/p> <ul> <li>Trois options de filtres\u00a0: par type, exclusion par et quantit\u00e9 d&rsquo;avis \u00e0 afficher\u00a0; <\/li> <li>Une opportunit\u00e9 d&rsquo;activer\/d\u00e9sactiver l&rsquo;en-t\u00eate du plugin\u00a0; <\/li> <li>Six \u00e9l\u00e9ments flexibles du plugin\u00a0: nom et photo de l&rsquo;auteur, texte de recommandation, date, ic\u00f4ne Airbnb et note par \u00e9toiles\u00a0; <\/li> <\/ul><p><a href=\"#demo\">V\u00e9rifiez-les et bien plus encore dans la d\u00e9mo en direct<\/a><\/p><\/div><div class=\"application-platform-content-item-installation application-platform-content-item\" id=\"installation\" data-nav-section=\"installation\"><h2>Comment ajouter le plugin Airbnb Reviews au site Web iFrame<\/h2><p> Voici comment int\u00e9grer le widget sur votre site. Quelques \u00e9tapes seulement\u00a0: <\/p> <ol><li><b>Construisez votre plugin Airbnb personnel<\/b><br> \u00c0 l&rsquo;aide de notre d\u00e9mo gratuite, obtenez un plugin avec une interface personnalis\u00e9e et des caract\u00e9ristiques fonctionnelles. <\/li><li><b>Copiez le code individuel pour configurer le plugin<\/b><br> Apr\u00e8s avoir configur\u00e9 votre plugin, vous obtiendrez le code unique de la notification apparaissant sur Elfsight Apps. Copiez-le. <\/li> <li><b>Int\u00e9grez le plugin sur votre site Web iFrame<\/b><br> Trouvez l&rsquo;endroit o\u00f9 vous pr\u00e9voyez d&rsquo;afficher le plugin et ajoutez-y le code enregistr\u00e9. Appliquez les modifications. <\/li> <li><b>F\u00e9licitations\u00a0! Vous venez de configurer le plugin\u00a0!<\/b><br> Visitez la boutique pour voir vos avis. <\/li> <\/ol><p>Besoin de notre aide\u00a0? Avoir des questions? Nous sommes heureux de vous aider! Contactez simplement notre service client.<\/p><div class=\"faq\" data-component=\"FAQ\"> <div class=\"faq-item\">\r\n\t\t\t\t\t<div class=\"faq-item-question\">\r\n\t\t\t\t\t\t<h3 class=\"faq-item-question-text\">Comment ajouter des avis Airbnb \u00e0 mon site iFrame sans comp\u00e9tences en codage ?<\/h3>\r\n\r\n\t\t\t\t\t\t<div class=\"faq-item-question-icon\"><\/div>\r\n\t\t\t\t\t<\/div>\r\n\r\n\t\t\t\t\t<div class=\"faq-item-answer\">\r\n\t\t\t\t\t\t<div class=\"faq-item-answer-text\"> <p>Elfsight fournit une solution SaaS qui vous permet de cr\u00e9er un Airbnb. Widget d&rsquo;avis vous-m\u00eame, voyez \u00e0 quel point le processus est simple\u00a0: travaillez directement dans l&rsquo;\u00e9diteur en ligne pour cr\u00e9er un widget d&rsquo;avis Airbnb que vous aimeriez voir sur votre site Web iFrame. Choisissez l&rsquo;un des mod\u00e8les pr\u00e9d\u00e9finis et ajustez les param\u00e8tres des avis Airbnb, ajoutez votre contenu, modifiez la mise en page et la palette de couleurs sans aucune comp\u00e9tence en codage. Enregistrez les avis Airbnb et copiez son code d&rsquo;installation, que vous pouvez simplement int\u00e9grer dans votre site Web iFrame sans avoir besoin d&rsquo;acheter un abonnement payant. Gr\u00e2ce \u00e0 notre \u00e9diteur intuitif, tout internaute peut cr\u00e9er un widget Airbnb Reviews en ligne et l&rsquo;int\u00e9grer facilement \u00e0 son site Web iFrame. Il n&rsquo;est pas n\u00e9cessaire de payer ou de saisir les informations d&rsquo;identification de votre carte pour acc\u00e9der au service. Si vous rencontrez des probl\u00e8mes \u00e0 n&rsquo;importe quelle \u00e9tape, n&rsquo;h\u00e9sitez pas \u00e0 contacter notre \u00e9quipe d&rsquo;assistance technique.<\/p> <\/div>\r\n\t\t\t\t\t<\/div>\r\n\t\t\t\t<\/div> <\/div> <\/div>","protected":false},"excerpt":{"rendered":"","protected":false},"author":9,"featured_media":0,"parent":2137,"menu_order":0,"comment_status":"closed","ping_status":"closed","template":"templates\/template-application-platform.php","meta":{"publish_to_discourse":"","publish_post_category":"","wpdc_auto_publish_overridden":"","wpdc_topic_tags":"","wpdc_pin_topic":"","wpdc_pin_until":"","discourse_post_id":"","discourse_permalink":"","wpdc_publishing_response":"","wpdc_publishing_error":"","footnotes":""},"class_list":["post-7707","page","type-page","status-publish","hentry"],"yoast_head":"<!-- This site is optimized with the Yoast SEO plugin v25.3.1 - https:\/\/yoast.com\/wordpress\/plugins\/seo\/ -->\n<title>Plugin iFrame Airbnb Reviews pour votre site Web (gratuit et rapide)<\/title>\n<meta name=\"description\" content=\"Voici une opportunit\u00e9 de concevoir des avis Airbnb et de les ajouter \u00e0 votre site Web iFrame. Vous b\u00e9n\u00e9ficierez d\u2019un service client gratuit et d\u2019autres bonus.\" \/>\n<meta name=\"robots\" content=\"index, follow, max-snippet:-1, max-image-preview:large, max-video-preview:-1\" \/>\n<link rel=\"canonical\" href=\"https:\/\/elfsight.com\/fr\/airbnb-reviews-widget\/iframe\/\" \/>\n<meta property=\"og:locale\" content=\"fr_FR\" \/>\n<meta property=\"og:type\" content=\"article\" \/>\n<meta property=\"og:title\" content=\"Plugin iFrame Airbnb Reviews pour votre site Web (gratuit et rapide)\" \/>\n<meta property=\"og:description\" content=\"Voici une opportunit\u00e9 de concevoir des avis Airbnb et de les ajouter \u00e0 votre site Web iFrame. Vous b\u00e9n\u00e9ficierez d\u2019un service client gratuit et d\u2019autres bonus.\" \/>\n<meta property=\"og:url\" content=\"https:\/\/elfsight.com\/fr\/airbnb-reviews-widget\/iframe\/\" \/>\n<meta property=\"og:site_name\" content=\"Elfsight FR\" \/>\n<meta property=\"article:modified_time\" content=\"2025-07-09T09:31:55+00:00\" \/>\n<meta name=\"twitter:card\" content=\"summary_large_image\" \/>\n<meta name=\"twitter:label1\" content=\"Dur\u00e9e de lecture estim\u00e9e\" \/>\n\t<meta name=\"twitter:data1\" content=\"3 minutes\" \/>\n<!-- \/ Yoast SEO plugin. -->","yoast_head_json":{"title":"Plugin iFrame Airbnb Reviews pour votre site Web (gratuit et rapide)","description":"Voici une opportunit\u00e9 de concevoir des avis Airbnb et de les ajouter \u00e0 votre site Web iFrame. Vous b\u00e9n\u00e9ficierez d\u2019un service client gratuit et d\u2019autres bonus.","robots":{"index":"index","follow":"follow","max-snippet":"max-snippet:-1","max-image-preview":"max-image-preview:large","max-video-preview":"max-video-preview:-1"},"canonical":"https:\/\/elfsight.com\/fr\/airbnb-reviews-widget\/iframe\/","og_locale":"fr_FR","og_type":"article","og_title":"Plugin iFrame Airbnb Reviews pour votre site Web (gratuit et rapide)","og_description":"Voici une opportunit\u00e9 de concevoir des avis Airbnb et de les ajouter \u00e0 votre site Web iFrame. Vous b\u00e9n\u00e9ficierez d\u2019un service client gratuit et d\u2019autres bonus.","og_url":"https:\/\/elfsight.com\/fr\/airbnb-reviews-widget\/iframe\/","og_site_name":"Elfsight FR","article_modified_time":"2025-07-09T09:31:55+00:00","twitter_card":"summary_large_image","twitter_misc":{"Dur\u00e9e de lecture estim\u00e9e":"3 minutes"},"schema":{"@context":"https:\/\/schema.org","@graph":[{"@type":"WebPage","@id":"https:\/\/elfsight.com\/fr\/airbnb-reviews-widget\/iframe\/","url":"https:\/\/elfsight.com\/fr\/airbnb-reviews-widget\/iframe\/","name":"Plugin iFrame Airbnb Reviews pour votre site Web (gratuit et rapide)","isPartOf":{"@id":"https:\/\/elfsight.com\/fr\/#website"},"datePublished":"2024-05-03T06:26:16+00:00","dateModified":"2025-07-09T09:31:55+00:00","description":"Voici une opportunit\u00e9 de concevoir des avis Airbnb et de les ajouter \u00e0 votre site Web iFrame. Vous b\u00e9n\u00e9ficierez d\u2019un service client gratuit et d\u2019autres bonus.","breadcrumb":{"@id":"https:\/\/elfsight.com\/fr\/airbnb-reviews-widget\/iframe\/#breadcrumb"},"inLanguage":"fr-FR","potentialAction":[{"@type":"ReadAction","target":["https:\/\/elfsight.com\/fr\/airbnb-reviews-widget\/iframe\/"]}]},{"@type":"BreadcrumbList","@id":"https:\/\/elfsight.com\/fr\/airbnb-reviews-widget\/iframe\/#breadcrumb","itemListElement":[{"@type":"ListItem","position":1,"name":"Home","item":"https:\/\/elfsight.com\/fr\/"},{"@type":"ListItem","position":2,"name":"Airbnb Reviews","item":"https:\/\/elfsight.com\/fr\/airbnb-reviews-widget\/"},{"@type":"ListItem","position":3,"name":"Airbnb Reviews &#8211; iFrame"}]},{"@type":"WebSite","@id":"https:\/\/elfsight.com\/fr\/#website","url":"https:\/\/elfsight.com\/fr\/","name":"Elfsight FR","description":"","potentialAction":[{"@type":"SearchAction","target":{"@type":"EntryPoint","urlTemplate":"https:\/\/elfsight.com\/fr\/?s={search_term_string}"},"query-input":{"@type":"PropertyValueSpecification","valueRequired":true,"valueName":"search_term_string"}}],"inLanguage":"fr-FR"}]}},"meta_box":{"industry":"","seo_heading":"","heading":"","description":"","cta_heading":"","cta_description":"","application":"2129","h1":"Avis sur iFrame Airbnb","h1_caption":"Affichez les avis de votre annonce Airbnb pour attirer plus de clients avec de v\u00e9ritables commentaires sur votre site Web iFrame sans effort.","application_category":[],"applications_title":"","applications_request_title":"","applications_request_button_text":"","hero_text":"","hero_video":"","hero_video_schema_markup":"","selling_points_title":"","selling_points_caption":"","selling_points":[],"selling_points_cta_text":"","features_title":"","features":"","ed_cta_examples_text":"","ed_cta_examples_hidden":"","ed_cta_demo_text":"","ed_cta_demo_hidden":"","why_caption":"","why_editor_title":"","why_editor_text":"","why_team_title":"","why_team_text":"","why_service_title":"","why_service_text":"","template_catalog_visible":"","template_catalog_title":"","template_catalog_text":"","template_catalog_categories_visible":"","demo_title":"Cr\u00e9ez votre widget Avis Airbnb","demo_caption":"Configurez vos avis Airbnb et ajoutez-les gratuitement \u00e0 votre site Web iFrame\u00a0!","default_faq_hidden":"","app_template_category":[],"platform":"371","template_public_id":"","codecanyon_url":"","codecanyon_item_id":"","codecanyon_price":"","pricing_caption":"","pricing_elfsight_apps_hide_column":"","pricing_elfsight_apps_url":"","pricing_codecanyon_price_caption":"","integration_category":[],"integration_request_title":"","integration_request_cta":"","integration_platform":"","integrations":[],"platform_category":[],"video_schema_markup":"","price":"\u00e0 partir de 0$ \/ mois","trial":"","benefits":[{"text":"Aide \u00e0 l'installation gratuite"},{"text":"Service client comp\u00e9tent"},{"text":"Garantie de remboursement de 14 jours"},{"text":"Am\u00e9liorations continues"}],"button_url":"#demo","button_target_blank":"","button_nofollow":"","attributes":[{"name":"Installations","content":"10,000 - 100,000"},{"name":"Sensible","content":"Oui"},{"name":"Navigateurs compatibles","content":"Chrome, Edge, Safari, Firefox, Opera"}],"tags":[],"tags_disable_links":"","hide_more_platforms":"","video_object":"","demo_hide_cta":"","demo_hide_cloud_options":"","pricing_title":"","pricing":[{"pricing_icon":"platform","pricing_title":"Elfsight Apps","pricing_title_caption":"Version multiplateforme adapt\u00e9e \u00e0 n'importe quel site Web","pricing_price":"from $0 \/ month","pricing_price_caption":"commencez avec un forfait gratuit","pricing_benefits":[{"text":"Nombre illimit\u00e9 de sites Web"},{"text":"Assistance rapide"},{"text":"Assistance \u00e0 l'installation gratuite"},{"text":"Offre sp\u00e9ciale pour plusieurs applications"}],"pricing_button_text":"Ajouter au site Web","pricing_button_url":"#demo"}],"related_apps_title":"","related_apps_hidden":"","author":"","image":[],"title":"","job":"","social_networks":[]},"_links":{"self":[{"href":"https:\/\/elfsight.com\/fr\/wp-json\/wp\/v2\/pages\/7707","targetHints":{"allow":["GET"]}}],"collection":[{"href":"https:\/\/elfsight.com\/fr\/wp-json\/wp\/v2\/pages"}],"about":[{"href":"https:\/\/elfsight.com\/fr\/wp-json\/wp\/v2\/types\/page"}],"author":[{"embeddable":true,"href":"https:\/\/elfsight.com\/fr\/wp-json\/wp\/v2\/users\/9"}],"replies":[{"embeddable":true,"href":"https:\/\/elfsight.com\/fr\/wp-json\/wp\/v2\/comments?post=7707"}],"version-history":[{"count":1,"href":"https:\/\/elfsight.com\/fr\/wp-json\/wp\/v2\/pages\/7707\/revisions"}],"predecessor-version":[{"id":7711,"href":"https:\/\/elfsight.com\/fr\/wp-json\/wp\/v2\/pages\/7707\/revisions\/7711"}],"up":[{"embeddable":true,"href":"https:\/\/elfsight.com\/fr\/wp-json\/wp\/v2\/pages\/2137"}],"wp:attachment":[{"href":"https:\/\/elfsight.com\/fr\/wp-json\/wp\/v2\/media?parent=7707"}],"curies":[{"name":"wp","href":"https:\/\/api.w.org\/{rel}","templated":true}]}}