{"id":7706,"date":"2024-05-03T06:26:15","date_gmt":"2024-05-03T06:26:15","guid":{"rendered":"https:\/\/elfsight.com\/fr\/?page_id=7706"},"modified":"2025-07-09T09:31:06","modified_gmt":"2025-07-09T09:31:06","slug":"facebook","status":"publish","type":"page","link":"https:\/\/elfsight.com\/fr\/airbnb-reviews-widget\/facebook\/","title":{"rendered":"Airbnb Reviews &#8211; Facebook Page"},"content":{"rendered":"<div class=\"application-platform-content-item-description application-platform-content-item\" id=\"description\" data-nav-section=\"description\"><h2>Description<\/h2><p>Si vous souhaitez prouver votre appr\u00e9ciation aupr\u00e8s des clients et convaincre les visiteurs de votre page que vos offres pr\u00e9sentent un bon rapport qualit\u00e9-prix , le widget Elfsight Airbnb Reviews vous convient parfaitement. \u00c0 l&rsquo;aide de ce widget, vous pouvez ins\u00e9rer des avis de clients Airbnb sur votre page avec des d\u00e9tails sur leurs auteurs, utiliser des filtres pour r\u00e9v\u00e9ler uniquement les meilleurs, afficher les notes et le bouton de demande d&rsquo;avis qui am\u00e8nera les gens sur votre page Airbnb, o\u00f9 ils pourront r\u00e9diger leur avis. . <\/p><p><b>Am\u00e9liorez la confiance des clients avec les meilleurs t\u00e9moignages d&rsquo;Airbnb<\/b><\/p> <\/div><div class=\"application-platform-content-item-features application-platform-content-item\" id=\"features\" data-nav-section=\"features\"><h2>Fonctionnalit\u00e9s<\/h2><p> V\u00e9rifiez toutes les fonctionnalit\u00e9s de notre widget d\u2019avis. Vous pouvez les param\u00e9trer directement dans l&rsquo;\u00e9diteur et ils vous aideront \u00e0 cr\u00e9er le widget sp\u00e9cialement pour votre cas. <\/p><ul><li>4\u00a0dispositions pr\u00e9d\u00e9finies\u00a0: liste, grille, ma\u00e7onnerie et curseur\u00a0; <\/li><li>Le bouton de demande d&rsquo;examen redirige les utilisateurs vers votre page Airbnb\u00a0; <\/li><li>6 \u00e9l\u00e9ments flexibles des avis\u00a0: nom et photo de l&rsquo;auteur, recommandation, date de partage, ic\u00f4ne Airbnb et note par \u00e9toiles\u00a0; <\/li><\/ul><p><a href=\"#demo\">D\u00e9couvrez comment fonctionnent toutes les fonctionnalit\u00e9s, dans notre d\u00e9mo<\/a><\/p><\/div><div class=\"application-platform-content-item-installation application-platform-content-item\" id=\"installation\" data-nav-section=\"installation\"> <h2>Comment ajouter des avis Airbnb \u00e0 la page Facebook Business<\/h2><p>Pour activer le widget, suivez les \u00e9tapes suivantes<\/p><ul><li><b>Cr\u00e9ez votre widget Airbnb personnalis\u00e9<\/b><br>Dans notre d\u00e9mo gratuite, obtenez un widget avec une interface s\u00e9lectionn\u00e9e et des caract\u00e9ristiques fonctionnelles. <\/li><li><b>Acqu\u00e9rir le code personnel pour int\u00e9grer le widget<\/b><br>Apr\u00e8s avoir g\u00e9n\u00e9r\u00e9 votre widget, vous obtiendrez le code unique de la notification contextuelle sur les applications Elfsight. Copiez le code. <\/li><li><b>Ajoutez le widget \u00e0 la page Facebook<\/b><br> Cr\u00e9ez votre onglet Facebook personnalis\u00e9. Ins\u00e9rez le code que vous avez re\u00e7u sur les applications elfsight dans l&rsquo;onglet. Si vous rencontrez des probl\u00e8mes, consultez simplement notre guide sur <a href=\"https:\/\/elfsight.com\/blog\/how-to-add-custom-tab-to-facebook-page\/\" target=\"_blank\" rel=\"noopener noreferrer\">cr\u00e9ation d&rsquo;un onglet Facebook personnalis\u00e9<\/a><\/li><li><b>Vous avez termin\u00e9\u00a0! <\/b><br>Entrez votre page, pour v\u00e9rifier votre travail. <\/li><\/ul><p>Vous \u00eates invit\u00e9s \u00e0 contacter le support client d&rsquo;Elfsight si vous avez besoin d&rsquo;aide ou si vous rencontrez des probl\u00e8mes. Nos sp\u00e9cialistes se feront un plaisir de r\u00e9pondre \u00e0 chaque demande. <\/p><div class=\"faq\" data-component=\"FAQ\"> <div class=\"faq-item\">\r\n\t\t\t\t\t<div class=\"faq-item-question\">\r\n\t\t\t\t\t\t<h3 class=\"faq-item-question-text\">Comment ajouter des avis Airbnb \u00e0 ma page Facebook sans comp\u00e9tences en codage ?<\/h3>\r\n\r\n\t\t\t\t\t\t<div class=\"faq-item-question-icon\"><\/div>\r\n\t\t\t\t\t<\/div>\r\n\r\n\t\t\t\t\t<div class=\"faq-item-answer\">\r\n\t\t\t\t\t\t<div class=\"faq-item-answer-text\"> <p>Elfsight fournit une solution SaaS qui vous permet de cr\u00e9er vous-m\u00eame un widget d&rsquo;avis Airbnb. Voyez \u00e0 quel point il est facile Le processus est le suivant\u00a0: travaillez directement dans l&rsquo;\u00e9diteur en ligne pour cr\u00e9er un widget d&rsquo;avis Airbnb que vous aimeriez voir sur votre site Web de page Facebook. Choisissez l&rsquo;un des mod\u00e8les pr\u00e9d\u00e9finis et ajustez les param\u00e8tres des avis Airbnb, ajoutez votre contenu, modifiez la mise en page et les couleurs sans aucune comp\u00e9tence en codage. Enregistrez les avis Airbnb et copiez son code d&rsquo;installation, que vous pouvez facilement ajouter sur votre page Facebook sans acheter de forfait payant. Gr\u00e2ce \u00e0 notre \u00e9diteur intuitif, tout internaute peut cr\u00e9er un widget d&rsquo;avis Airbnb en ligne et l&rsquo;int\u00e9grer facilement \u00e0 sa page Facebook. Il n&rsquo;est pas n\u00e9cessaire de payer ou de saisir les informations d&rsquo;identification de votre carte pour acc\u00e9der au service. Si vous rencontrez des probl\u00e8mes \u00e0 n&rsquo;importe quelle \u00e9tape, n&rsquo;h\u00e9sitez pas \u00e0 contacter notre \u00e9quipe d&rsquo;assistance technique.<\/p> <\/div>\r\n\t\t\t\t\t<\/div>\r\n\t\t\t\t<\/div> <\/div> <\/div>","protected":false},"excerpt":{"rendered":"","protected":false},"author":9,"featured_media":0,"parent":2137,"menu_order":0,"comment_status":"closed","ping_status":"closed","template":"templates\/template-application-platform.php","meta":{"publish_to_discourse":"","publish_post_category":"","wpdc_auto_publish_overridden":"","wpdc_topic_tags":"","wpdc_pin_topic":"","wpdc_pin_until":"","discourse_post_id":"","discourse_permalink":"","wpdc_publishing_response":"","wpdc_publishing_error":"","footnotes":""},"class_list":["post-7706","page","type-page","status-publish","hentry"],"yoast_head":"<!-- This site is optimized with the Yoast SEO plugin v25.3.1 - https:\/\/yoast.com\/wordpress\/plugins\/seo\/ -->\n<title>Ajouter des avis Airbnb \u00e0 la page d&#039;entreprise Facebook (2025)<\/title>\n<meta name=\"description\" content=\"Voici une possibilit\u00e9 de cr\u00e9er des avis Airbnb et de les ajouter \u00e0 la page Facebook Business. Vous b\u00e9n\u00e9ficierez d&#039;un service client gratuit et d&#039;autres bonus d&#039;Elfsight.\" \/>\n<meta name=\"robots\" content=\"index, follow, max-snippet:-1, max-image-preview:large, max-video-preview:-1\" \/>\n<link rel=\"canonical\" href=\"https:\/\/elfsight.com\/fr\/airbnb-reviews-widget\/facebook\/\" \/>\n<meta property=\"og:locale\" content=\"fr_FR\" \/>\n<meta property=\"og:type\" content=\"article\" \/>\n<meta property=\"og:title\" content=\"Ajouter des avis Airbnb \u00e0 la page d&#039;entreprise Facebook (2025)\" \/>\n<meta property=\"og:description\" content=\"Voici une possibilit\u00e9 de cr\u00e9er des avis Airbnb et de les ajouter \u00e0 la page Facebook Business. Vous b\u00e9n\u00e9ficierez d&#039;un service client gratuit et d&#039;autres bonus d&#039;Elfsight.\" \/>\n<meta property=\"og:url\" content=\"https:\/\/elfsight.com\/fr\/airbnb-reviews-widget\/facebook\/\" \/>\n<meta property=\"og:site_name\" content=\"Elfsight FR\" \/>\n<meta property=\"article:modified_time\" content=\"2025-07-09T09:31:06+00:00\" \/>\n<meta name=\"twitter:card\" content=\"summary_large_image\" \/>\n<meta name=\"twitter:label1\" content=\"Dur\u00e9e de lecture estim\u00e9e\" \/>\n\t<meta name=\"twitter:data1\" content=\"3 minutes\" \/>\n<!-- \/ Yoast SEO plugin. -->","yoast_head_json":{"title":"Ajouter des avis Airbnb \u00e0 la page d'entreprise Facebook (2025)","description":"Voici une possibilit\u00e9 de cr\u00e9er des avis Airbnb et de les ajouter \u00e0 la page Facebook Business. Vous b\u00e9n\u00e9ficierez d'un service client gratuit et d'autres bonus d'Elfsight.","robots":{"index":"index","follow":"follow","max-snippet":"max-snippet:-1","max-image-preview":"max-image-preview:large","max-video-preview":"max-video-preview:-1"},"canonical":"https:\/\/elfsight.com\/fr\/airbnb-reviews-widget\/facebook\/","og_locale":"fr_FR","og_type":"article","og_title":"Ajouter des avis Airbnb \u00e0 la page d'entreprise Facebook (2025)","og_description":"Voici une possibilit\u00e9 de cr\u00e9er des avis Airbnb et de les ajouter \u00e0 la page Facebook Business. Vous b\u00e9n\u00e9ficierez d'un service client gratuit et d'autres bonus d'Elfsight.","og_url":"https:\/\/elfsight.com\/fr\/airbnb-reviews-widget\/facebook\/","og_site_name":"Elfsight FR","article_modified_time":"2025-07-09T09:31:06+00:00","twitter_card":"summary_large_image","twitter_misc":{"Dur\u00e9e de lecture estim\u00e9e":"3 minutes"},"schema":{"@context":"https:\/\/schema.org","@graph":[{"@type":"WebPage","@id":"https:\/\/elfsight.com\/fr\/airbnb-reviews-widget\/facebook\/","url":"https:\/\/elfsight.com\/fr\/airbnb-reviews-widget\/facebook\/","name":"Ajouter des avis Airbnb \u00e0 la page d'entreprise Facebook (2025)","isPartOf":{"@id":"https:\/\/elfsight.com\/fr\/#website"},"datePublished":"2024-05-03T06:26:15+00:00","dateModified":"2025-07-09T09:31:06+00:00","description":"Voici une possibilit\u00e9 de cr\u00e9er des avis Airbnb et de les ajouter \u00e0 la page Facebook Business. Vous b\u00e9n\u00e9ficierez d'un service client gratuit et d'autres bonus d'Elfsight.","breadcrumb":{"@id":"https:\/\/elfsight.com\/fr\/airbnb-reviews-widget\/facebook\/#breadcrumb"},"inLanguage":"fr-FR","potentialAction":[{"@type":"ReadAction","target":["https:\/\/elfsight.com\/fr\/airbnb-reviews-widget\/facebook\/"]}]},{"@type":"BreadcrumbList","@id":"https:\/\/elfsight.com\/fr\/airbnb-reviews-widget\/facebook\/#breadcrumb","itemListElement":[{"@type":"ListItem","position":1,"name":"Home","item":"https:\/\/elfsight.com\/fr\/"},{"@type":"ListItem","position":2,"name":"Airbnb Reviews","item":"https:\/\/elfsight.com\/fr\/airbnb-reviews-widget\/"},{"@type":"ListItem","position":3,"name":"Airbnb Reviews &#8211; Facebook Page"}]},{"@type":"WebSite","@id":"https:\/\/elfsight.com\/fr\/#website","url":"https:\/\/elfsight.com\/fr\/","name":"Elfsight FR","description":"","potentialAction":[{"@type":"SearchAction","target":{"@type":"EntryPoint","urlTemplate":"https:\/\/elfsight.com\/fr\/?s={search_term_string}"},"query-input":{"@type":"PropertyValueSpecification","valueRequired":true,"valueName":"search_term_string"}}],"inLanguage":"fr-FR"}]}},"meta_box":{"industry":"","seo_heading":"","heading":"","description":"","cta_heading":"","cta_description":"","application":"2129","h1":"Avis Airbnb pour la page d'entreprise Facebook","h1_caption":"Affichez les avis de votre liste Airbnb pour attirer plus de clients avec des commentaires authentiques sur votre site Web Facebook sans effort.","application_category":[],"applications_title":"","applications_request_title":"","applications_request_button_text":"","hero_text":"","hero_video":"","hero_video_schema_markup":"","selling_points_title":"","selling_points_caption":"","selling_points":[],"selling_points_cta_text":"","features_title":"","features":"","ed_cta_examples_text":"","ed_cta_examples_hidden":"","ed_cta_demo_text":"","ed_cta_demo_hidden":"","why_caption":"","why_editor_title":"","why_editor_text":"","why_team_title":"","why_team_text":"","why_service_title":"","why_service_text":"","template_catalog_visible":"","template_catalog_title":"","template_catalog_text":"","template_catalog_categories_visible":"","demo_title":"Cr\u00e9ez votre widget Avis Airbnb","demo_caption":"Configurez vos avis Airbnb et ajoutez-les gratuitement \u00e0 votre page Facebook !","default_faq_hidden":"","app_template_category":[],"platform":"394","template_public_id":"","codecanyon_url":"","codecanyon_item_id":"","codecanyon_price":"","pricing_caption":"","pricing_elfsight_apps_hide_column":"","pricing_elfsight_apps_url":"","pricing_codecanyon_price_caption":"","integration_category":[],"integration_request_title":"","integration_request_cta":"","integration_platform":"","integrations":[],"platform_category":[],"video_schema_markup":"","price":"\u00e0 partir de 0$ \/ mois","trial":"","benefits":[{"text":"Aide \u00e0 l'installation gratuite"},{"text":"Support client exp\u00e9riment\u00e9"},{"text":"Garantie de remboursement de 14 jours"},{"text":"Mises \u00e0 jour gratuites et continues"}],"button_url":"#demo","button_target_blank":"","button_nofollow":"","attributes":[{"name":"Installations","content":"10,000 - 100,000"},{"name":"Sensible","content":"Oui"},{"name":"Navigateurs compatibles","content":"Safari, Chrome, Edge, Firefox, Opera"}],"tags":[],"tags_disable_links":"","hide_more_platforms":"","video_object":"","demo_hide_cta":"","demo_hide_cloud_options":"","pricing_title":"","pricing":[{"pricing_icon":"platform","pricing_title":"Elfsight Apps","pricing_title_caption":"Solution multiplateforme qui fonctionne sur n'importe quel site Web","pricing_price":"from $0 \/ month","pricing_price_caption":"commencez avec un forfait gratuit","pricing_benefits":[{"text":"Sites Web illimit\u00e9s"},{"text":"Assistance rapide et ponctuelle"},{"text":"Service d'installation gratuit"},{"text":"Enti\u00e8rement personnalisable"}],"pricing_button_text":"Ajouter au site Web","pricing_button_url":"#demo"}],"related_apps_title":"","related_apps_hidden":"","author":"","image":[],"title":"","job":"","social_networks":[]},"_links":{"self":[{"href":"https:\/\/elfsight.com\/fr\/wp-json\/wp\/v2\/pages\/7706","targetHints":{"allow":["GET"]}}],"collection":[{"href":"https:\/\/elfsight.com\/fr\/wp-json\/wp\/v2\/pages"}],"about":[{"href":"https:\/\/elfsight.com\/fr\/wp-json\/wp\/v2\/types\/page"}],"author":[{"embeddable":true,"href":"https:\/\/elfsight.com\/fr\/wp-json\/wp\/v2\/users\/9"}],"replies":[{"embeddable":true,"href":"https:\/\/elfsight.com\/fr\/wp-json\/wp\/v2\/comments?post=7706"}],"version-history":[{"count":1,"href":"https:\/\/elfsight.com\/fr\/wp-json\/wp\/v2\/pages\/7706\/revisions"}],"predecessor-version":[{"id":7710,"href":"https:\/\/elfsight.com\/fr\/wp-json\/wp\/v2\/pages\/7706\/revisions\/7710"}],"up":[{"embeddable":true,"href":"https:\/\/elfsight.com\/fr\/wp-json\/wp\/v2\/pages\/2137"}],"wp:attachment":[{"href":"https:\/\/elfsight.com\/fr\/wp-json\/wp\/v2\/media?parent=7706"}],"curies":[{"name":"wp","href":"https:\/\/api.w.org\/{rel}","templated":true}]}}