{"id":7699,"date":"2024-05-03T06:26:12","date_gmt":"2024-05-03T06:26:12","guid":{"rendered":"https:\/\/elfsight.com\/fr\/?page_id=7699"},"modified":"2025-07-09T09:31:39","modified_gmt":"2025-07-09T09:31:39","slug":"google-sites","status":"publish","type":"page","link":"https:\/\/elfsight.com\/fr\/airbnb-reviews-widget\/google-sites\/","title":{"rendered":"Airbnb Reviews &#8211; Google Sites"},"content":{"rendered":"<div class=\"application-platform-content-item-description application-platform-content-item\" id=\"description\" data-nav-section=\"description\"> <h2>Int\u00e9grez les avis Airbnb sur Google Sites avec le widget Elfsight<\/h2> <p>Si vous souhaitez r\u00e9v\u00e9ler votre appr\u00e9ciation \u00e9lev\u00e9e par les utilisateurs et convaincre aux visiteurs du site que vos produits ou services valent la peine d&rsquo;\u00eatre achet\u00e9s, le widget Elfsight Airbnb Reviews pour Google Sites vous convient parfaitement. Avec l&rsquo;aide de ce widget, vous pouvez afficher les avis des clients sur votre site avec des informations sur leurs auteurs, utiliser des filtres pour afficher uniquement les meilleurs, afficher les notes et un bouton actif qui am\u00e8nera les gens sur votre compte, o\u00f9 ils pourront ajouter un nouvel avis. .<\/p> <p><b>Int\u00e9grez les avis Airbnb pour relever vos d\u00e9fis commerciaux plus efficacement\u00a0!<\/b><\/p> <\/div> <div class=\"application-platform-content-item-features application-platform-content-item\" id=\"features\" data-nav-section=\"features\"> <h2>Le widget dispose de fonctionnalit\u00e9s puissantes et des fonctionnalit\u00e9s simples, en voici quelques-unes\u00a0: <\/h2> <ul> <li>3 filtres pr\u00eats \u00e0 l&#8217;emploi\u00a0: par type, exclusion par et nombre d&rsquo;avis \u00e0 afficher\u00a0; <\/li> <li>Le bouton permettant de demander un examen redirige les utilisateurs vers la page Airbnb\u00a0; <\/li> <li>Six \u00e9l\u00e9ments personnalisables de l&rsquo;interface\u00a0: nom et photo de l&rsquo;auteur, recommandation, date de publication, ic\u00f4ne Airbnb et note par \u00e9toiles\u00a0; <\/li> <\/ul><p><a href=\"#demo\">Testez toutes les options de personnalisation dans une d\u00e9mo 100% fonctionnelle<\/a><\/p> <\/div> <div class=\"application-platform-content-item-installation application-platform-content-item\" id=\"installation\" data-nav-section=\"installation\"> <h2>Comment ajouter des avis Airbnb sur mes sites Google\u00a0?<\/h2><div class=\"video-container\"><iframe width=\"720\" height=\"405\" src=\"https:\/\/www.youtube.com\/embed\/Pksiqjy5qY4\" frameborder=\"0\" allowfullscreen=\"\"><\/iframe><\/div> <p>Suivez simplement les instructions ci-dessous pour commencer \u00e0 travailler avec le widget.<\/p> <ol><li> <b>G\u00e9rez notre configurateur gratuit et commencez \u00e0 cr\u00e9er votre propre plugin. <\/b><br> Recherchez l&rsquo;interface et les fonctionnalit\u00e9s appropri\u00e9es du plugin et appliquez les modifications. <\/li> <li><b>Acqu\u00e9rez votre code unique qui s&rsquo;affiche dans la fen\u00eatre des applications Elfsight. <\/b><br> Juste apr\u00e8s avoir termin\u00e9 la configuration de votre outil personnel, copiez le code personnel dans la case qui appara\u00eet et enregistrez-le pour une utilisation ult\u00e9rieure. <\/li> <li><b>Commencez \u00e0 utiliser l&rsquo;outil sur votre site Web Google\u00a0Sites. <\/b><br> Saisissez le code que vous avez copi\u00e9 r\u00e9cemment dans votre page et enregistrez les corrections. <\/li> <li><b>L&rsquo;installation est effectu\u00e9e avec succ\u00e8s. <\/b><br> Acc\u00e9dez \u00e0 votre site pour examiner le fonctionnement de l&rsquo;outil. <\/li><\/ol> <div class=\"tip-yellow tip\"><b>En raison des particularit\u00e9s du fonctionnement de Google Sites, le widget peut \u00eatre diff\u00e9rent de la d\u00e9mo en ligne. Nous nous excusons pour tout inconv\u00e9nient caus\u00e9.<\/b><\/div><p>En cas de demandes de renseignements ou de difficult\u00e9s, veuillez contacter notre \u00e9quipe de service client. Nos collaborateurs ont h\u00e2te de r\u00e9soudre toutes les difficult\u00e9s que vous pourriez rencontrer avec le plugin. <\/p> <div class=\"faq\" data-component=\"FAQ\"> <div class=\"faq-item\">\r\n\t\t\t\t\t<div class=\"faq-item-question\">\r\n\t\t\t\t\t\t<h3 class=\"faq-item-question-text\">Comment puis-je ajouter des avis Airbnb \u00e0 mon site Web Google Sites sans comp\u00e9tences en codage ?<\/h3>\r\n\r\n\t\t\t\t\t\t<div class=\"faq-item-question-icon\"><\/div>\r\n\t\t\t\t\t<\/div>\r\n\r\n\t\t\t\t\t<div class=\"faq-item-answer\">\r\n\t\t\t\t\t\t<div class=\"faq-item-answer-text\"> <p>Elfsight fournit une solution SaaS qui vous permet de cr\u00e9er vous-m\u00eame un widget d&rsquo;avis Airbnb. Voyez \u00e0 quel point il est facile le processus est le suivant\u00a0: Travaillez directement dans l&rsquo;\u00e9diteur en ligne pour cr\u00e9er un widget Avis Airbnb que vous aimeriez voir sur votre site Web Google Sites. Choisissez l&rsquo;un des mod\u00e8les pr\u00e9d\u00e9finis et ajustez les param\u00e8tres des avis Airbnb, ajoutez votre contenu, modifiez la mise en page et les couleurs sans aucune comp\u00e9tence en codage. Enregistrez les avis Airbnb et copiez son code d&rsquo;installation, que vous pouvez facilement int\u00e9grer \u00e0 votre site Web Google Sites sans acheter d&rsquo;abonnement payant. Gr\u00e2ce \u00e0 notre \u00e9diteur intuitif, tout internaute peut cr\u00e9er un widget Avis Airbnb en ligne et l&rsquo;int\u00e9grer facilement \u00e0 son site Web Google Sites. Il n&rsquo;est pas n\u00e9cessaire de payer ou de saisir les informations d&rsquo;identification de votre carte pour acc\u00e9der au service. Si vous rencontrez des probl\u00e8mes \u00e0 n&rsquo;importe quelle \u00e9tape, n&rsquo;h\u00e9sitez pas \u00e0 contacter notre \u00e9quipe d&rsquo;assistance technique.<\/p> <\/div>\r\n\t\t\t\t\t<\/div>\r\n\t\t\t\t<\/div> <\/div> <\/div>","protected":false},"excerpt":{"rendered":"","protected":false},"author":9,"featured_media":0,"parent":2137,"menu_order":0,"comment_status":"closed","ping_status":"closed","template":"templates\/template-application-platform.php","meta":{"publish_to_discourse":"","publish_post_category":"","wpdc_auto_publish_overridden":"","wpdc_topic_tags":"","wpdc_pin_topic":"","wpdc_pin_until":"","discourse_post_id":"","discourse_permalink":"","wpdc_publishing_response":"","wpdc_publishing_error":"","footnotes":""},"class_list":["post-7699","page","type-page","status-publish","hentry"],"yoast_head":"<!-- This site is optimized with the Yoast SEO plugin v25.3.1 - https:\/\/yoast.com\/wordpress\/plugins\/seo\/ -->\n<title>Avis Airbnb - Ajouter un widget Avis \u00e0 Google Sites (2025)<\/title>\n<meta name=\"description\" content=\"Int\u00e9grez un widget Airbnb Reviews r\u00e9actif sur vos sites Google et gagnez une confiance totale. Utilisez la d\u00e9mo facile \u00e0 utiliser d&#039;Elfsight pour cr\u00e9er votre fonctionnalit\u00e9 personnalis\u00e9e.\" \/>\n<meta name=\"robots\" content=\"index, follow, max-snippet:-1, max-image-preview:large, max-video-preview:-1\" \/>\n<link rel=\"canonical\" href=\"https:\/\/elfsight.com\/fr\/airbnb-reviews-widget\/google-sites\/\" \/>\n<meta property=\"og:locale\" content=\"fr_FR\" \/>\n<meta property=\"og:type\" content=\"article\" \/>\n<meta property=\"og:title\" content=\"Avis Airbnb - Ajouter un widget Avis \u00e0 Google Sites (2025)\" \/>\n<meta property=\"og:description\" content=\"Int\u00e9grez un widget Airbnb Reviews r\u00e9actif sur vos sites Google et gagnez une confiance totale. Utilisez la d\u00e9mo facile \u00e0 utiliser d&#039;Elfsight pour cr\u00e9er votre fonctionnalit\u00e9 personnalis\u00e9e.\" \/>\n<meta property=\"og:url\" content=\"https:\/\/elfsight.com\/fr\/airbnb-reviews-widget\/google-sites\/\" \/>\n<meta property=\"og:site_name\" content=\"Elfsight FR\" \/>\n<meta property=\"article:modified_time\" content=\"2025-07-09T09:31:39+00:00\" \/>\n<meta name=\"twitter:card\" content=\"summary_large_image\" \/>\n<meta name=\"twitter:label1\" content=\"Dur\u00e9e de lecture estim\u00e9e\" \/>\n\t<meta name=\"twitter:data1\" content=\"3 minutes\" \/>\n<!-- \/ Yoast SEO plugin. -->","yoast_head_json":{"title":"Avis Airbnb - Ajouter un widget Avis \u00e0 Google Sites (2025)","description":"Int\u00e9grez un widget Airbnb Reviews r\u00e9actif sur vos sites Google et gagnez une confiance totale. Utilisez la d\u00e9mo facile \u00e0 utiliser d'Elfsight pour cr\u00e9er votre fonctionnalit\u00e9 personnalis\u00e9e.","robots":{"index":"index","follow":"follow","max-snippet":"max-snippet:-1","max-image-preview":"max-image-preview:large","max-video-preview":"max-video-preview:-1"},"canonical":"https:\/\/elfsight.com\/fr\/airbnb-reviews-widget\/google-sites\/","og_locale":"fr_FR","og_type":"article","og_title":"Avis Airbnb - Ajouter un widget Avis \u00e0 Google Sites (2025)","og_description":"Int\u00e9grez un widget Airbnb Reviews r\u00e9actif sur vos sites Google et gagnez une confiance totale. Utilisez la d\u00e9mo facile \u00e0 utiliser d'Elfsight pour cr\u00e9er votre fonctionnalit\u00e9 personnalis\u00e9e.","og_url":"https:\/\/elfsight.com\/fr\/airbnb-reviews-widget\/google-sites\/","og_site_name":"Elfsight FR","article_modified_time":"2025-07-09T09:31:39+00:00","twitter_card":"summary_large_image","twitter_misc":{"Dur\u00e9e de lecture estim\u00e9e":"3 minutes"},"schema":{"@context":"https:\/\/schema.org","@graph":[{"@type":"WebPage","@id":"https:\/\/elfsight.com\/fr\/airbnb-reviews-widget\/google-sites\/","url":"https:\/\/elfsight.com\/fr\/airbnb-reviews-widget\/google-sites\/","name":"Avis Airbnb - Ajouter un widget Avis \u00e0 Google Sites (2025)","isPartOf":{"@id":"https:\/\/elfsight.com\/fr\/#website"},"datePublished":"2024-05-03T06:26:12+00:00","dateModified":"2025-07-09T09:31:39+00:00","description":"Int\u00e9grez un widget Airbnb Reviews r\u00e9actif sur vos sites Google et gagnez une confiance totale. Utilisez la d\u00e9mo facile \u00e0 utiliser d'Elfsight pour cr\u00e9er votre fonctionnalit\u00e9 personnalis\u00e9e.","breadcrumb":{"@id":"https:\/\/elfsight.com\/fr\/airbnb-reviews-widget\/google-sites\/#breadcrumb"},"inLanguage":"fr-FR","potentialAction":[{"@type":"ReadAction","target":["https:\/\/elfsight.com\/fr\/airbnb-reviews-widget\/google-sites\/"]}]},{"@type":"BreadcrumbList","@id":"https:\/\/elfsight.com\/fr\/airbnb-reviews-widget\/google-sites\/#breadcrumb","itemListElement":[{"@type":"ListItem","position":1,"name":"Home","item":"https:\/\/elfsight.com\/fr\/"},{"@type":"ListItem","position":2,"name":"Airbnb Reviews","item":"https:\/\/elfsight.com\/fr\/airbnb-reviews-widget\/"},{"@type":"ListItem","position":3,"name":"Airbnb Reviews &#8211; Google Sites"}]},{"@type":"WebSite","@id":"https:\/\/elfsight.com\/fr\/#website","url":"https:\/\/elfsight.com\/fr\/","name":"Elfsight FR","description":"","potentialAction":[{"@type":"SearchAction","target":{"@type":"EntryPoint","urlTemplate":"https:\/\/elfsight.com\/fr\/?s={search_term_string}"},"query-input":{"@type":"PropertyValueSpecification","valueRequired":true,"valueName":"search_term_string"}}],"inLanguage":"fr-FR"}]}},"meta_box":{"industry":"","seo_heading":"","heading":"","description":"","cta_heading":"","cta_description":"","application":"2129","h1":"Widget Avis Airbnb de Google Sites","h1_caption":"Affichez les avis de votre annonce Airbnb pour attirer sans effort plus de clients avec des commentaires authentiques sur vos sites Google.","application_category":[],"applications_title":"","applications_request_title":"","applications_request_button_text":"","hero_text":"","hero_video":"","hero_video_schema_markup":"","selling_points_title":"","selling_points_caption":"","selling_points":[],"selling_points_cta_text":"","features_title":"","features":"","ed_cta_examples_text":"","ed_cta_examples_hidden":"","ed_cta_demo_text":"","ed_cta_demo_hidden":"","why_caption":"","why_editor_title":"","why_editor_text":"","why_team_title":"","why_team_text":"","why_service_title":"","why_service_text":"","template_catalog_visible":"","template_catalog_title":"","template_catalog_text":"","template_catalog_categories_visible":"","demo_title":"Cr\u00e9ez votre widget Avis Airbnb","demo_caption":"Configurez vos avis Airbnb et ajoutez-les gratuitement \u00e0 votre site Google Sites !","default_faq_hidden":"","app_template_category":[],"platform":"423","template_public_id":"","codecanyon_url":"","codecanyon_item_id":"","codecanyon_price":"","pricing_caption":"","pricing_elfsight_apps_hide_column":"","pricing_elfsight_apps_url":"","pricing_codecanyon_price_caption":"","integration_category":[],"integration_request_title":"","integration_request_cta":"","integration_platform":"","integrations":[],"platform_category":[],"video_schema_markup":"","price":"\u00e0 partir de 0$ \/ mois","trial":"","benefits":[{"text":"Service d'installation gratuit"},{"text":"Service client comp\u00e9tent"},{"text":"Garantie de remboursement de 14 jours"},{"text":"Mises \u00e0 jour gratuites et continues"}],"button_url":"#demo","button_target_blank":"","button_nofollow":"","attributes":[{"name":"Installations","content":"10,000 - 100,000"},{"name":"Sensible","content":"Conception adaptative"},{"name":"Navigateurs compatibles","content":"Chrome, Safari, Opera, Edge, Firefox"}],"tags":[],"tags_disable_links":"","hide_more_platforms":"","video_object":"","demo_hide_cta":"","demo_hide_cloud_options":"","pricing_title":"","pricing":[{"pricing_icon":"platform","pricing_title":"Elfsight Apps","pricing_title_caption":"Version multiplateforme qui fonctionne sur n'importe quel site Web","pricing_price":"from $0 \/ month","pricing_price_caption":"commencez avec un forfait gratuit","pricing_benefits":[{"text":"Sites Web illimit\u00e9s"},{"text":"Assistance d\u00e9di\u00e9e et ponctuelle"},{"text":"Assistance \u00e0 l'installation gratuite"},{"text":"Offre sp\u00e9ciale pour plusieurs applications"}],"pricing_button_text":"Ajouter au site Web","pricing_button_url":"#demo"}],"related_apps_title":"","related_apps_hidden":"","author":"","image":[],"title":"","job":"","social_networks":[]},"_links":{"self":[{"href":"https:\/\/elfsight.com\/fr\/wp-json\/wp\/v2\/pages\/7699","targetHints":{"allow":["GET"]}}],"collection":[{"href":"https:\/\/elfsight.com\/fr\/wp-json\/wp\/v2\/pages"}],"about":[{"href":"https:\/\/elfsight.com\/fr\/wp-json\/wp\/v2\/types\/page"}],"author":[{"embeddable":true,"href":"https:\/\/elfsight.com\/fr\/wp-json\/wp\/v2\/users\/9"}],"replies":[{"embeddable":true,"href":"https:\/\/elfsight.com\/fr\/wp-json\/wp\/v2\/comments?post=7699"}],"version-history":[{"count":2,"href":"https:\/\/elfsight.com\/fr\/wp-json\/wp\/v2\/pages\/7699\/revisions"}],"predecessor-version":[{"id":14967,"href":"https:\/\/elfsight.com\/fr\/wp-json\/wp\/v2\/pages\/7699\/revisions\/14967"}],"up":[{"embeddable":true,"href":"https:\/\/elfsight.com\/fr\/wp-json\/wp\/v2\/pages\/2137"}],"wp:attachment":[{"href":"https:\/\/elfsight.com\/fr\/wp-json\/wp\/v2\/media?parent=7699"}],"curies":[{"name":"wp","href":"https:\/\/api.w.org\/{rel}","templated":true}]}}