{"id":7692,"date":"2024-05-03T06:26:09","date_gmt":"2024-05-03T06:26:09","guid":{"rendered":"https:\/\/elfsight.com\/fr\/?page_id=7692"},"modified":"2025-07-09T09:32:04","modified_gmt":"2025-07-09T09:32:04","slug":"jimdo","status":"publish","type":"page","link":"https:\/\/elfsight.com\/fr\/airbnb-reviews-widget\/jimdo\/","title":{"rendered":"Airbnb Reviews &#8211; Jimdo"},"content":{"rendered":"<div class=\"application-platform-content-item-description application-platform-content-item\" id=\"description\" data-nav-section=\"description\"> <h2>Description<\/h2> <p>Airbnb Reviews est un widget utile vous offrant la possibilit\u00e9 d&rsquo;afficher les t\u00e9moignages sur vos produits directement sur votre site Web. page de tous les sites d\u2019\u00e9valuation d\u2019entreprises bien connus. \u00c0 l&rsquo;aide de notre widget, vous pourrez appliquer des filtres pour masquer les avis ind\u00e9sirables, afficher votre note par \u00e9toiles et votre note quantitative de votre compte sur n&rsquo;importe quelle page Web d&rsquo;avis commerciaux, ajouter des informations sur les auteurs des avis et ajouter un bouton d&rsquo;appel \u00e0 l&rsquo;action qui incitera les utilisateurs \u00e0 laisser leur avis. Notre widget Airbnb Reviews vous incitera \u00e0 d\u00e9montrer votre remarquable preuve sociale sur la page Web et \u00e0 commencer \u00e0 g\u00e9n\u00e9rer davantage de nouvelles ventes.<\/p><p><b>Avec %\u043f\u0440\u043e\u0434\u0443\u043a\u0442%, ayez une croissance active de votre entreprise et une augmentation de vos ventes <\/b> <\/p> <\/div> <div class=\"application-platform-content-item-features application-platform-content-item\" id=\"features\" data-nav-section=\"features\"> <h2>Le widget a des fonctionnalit\u00e9s pratiques et simples, consultez-en quelques-unes\u00a0: <\/h2> <ul><li>Ajouter des avis de clients depuis Airbnb Places<\/li><li>3 types de filtres\u00a0: exclure par, par type et quantit\u00e9 d&rsquo;avis<\/li><li>Quatre types de mise en page\u00a0: Slider, Ma\u00e7onnerie, Grille et Liste<\/li><li>Types de navigation par fl\u00e8ches et glisser dans la disposition Slider<\/li><li>D\u00e9finir la vitesse de diapositive et la vitesse de lecture automatique<\/li><li>S\u00e9lectionner le type de pagination dans la disposition Slider<\/li><li>Bouton d&rsquo;appel \u00e0 l&rsquo;action pour obtenir les avis des nouveaux utilisateurs sur la page Airbnb <\/li><li>3 mod\u00e8les d&rsquo;avis\u00a0: Bulle, Spotlight, Classique<\/li><li>6 \u00e9l\u00e9ments flexibles des avis\u00a0: recommandation et date, note par \u00e9toiles, ic\u00f4ne Airbnb, photo et nom de l&rsquo;auteur<\/li><li>Une option pour modifier la taille de la police du texte de r\u00e9vision<\/li><\/ul><p><a href=\"#demo\">Vous pouvez consulter toutes les fonctionnalit\u00e9s du widget dans la d\u00e9mo <\/a><\/p> <\/div> <div class=\"application-platform-content-item-installation application-platform-content-item\" id=\"installation\" data-nav-section=\"installation\"> <h2>Comment int\u00e9grer les avis Airbnb dans mon site Jimdo ? <\/h2> <p>Appliquez simplement les instructions ci-dessous pour commencer \u00e0 travailler avec l&rsquo;outil. <\/p> <ol><li><b>Lancez notre d\u00e9mo gratuite et commencez \u00e0 cr\u00e9er votre propre instrument. <\/b><br> Sp\u00e9cifiez l&rsquo;interface personnalis\u00e9e et les fonctionnalit\u00e9s du widget et enregistrez les modifications. <\/li> <li><b>Recevez le code unique apparaissant dans la fen\u00eatre sur Elfsight Apps. <\/b><br> Lorsque la configuration de votre widget personnel est termin\u00e9e, copiez le code exclusif dans la fen\u00eatre qui appara\u00eet et enregistrez-le pour une utilisation ult\u00e9rieure. <\/li> <li><b>Commencez \u00e0 utiliser le widget sur la page d&rsquo;accueil de Jimdo. <\/b><br> Ins\u00e9rez le code enregistr\u00e9 r\u00e9cemment dans votre site Web et appliquez les corrections. <\/li> <li><b>Vous avez termin\u00e9\u00a0! L&rsquo;int\u00e9gration est pleinement r\u00e9alis\u00e9e. <\/b><br> Acc\u00e9dez \u00e0 votre site pour voir comment fonctionne l&rsquo;outil. <\/li><\/ol> <p>Si vous \u00eates confront\u00e9 \u00e0 des questions ou rencontrez des difficult\u00e9s, n&rsquo;h\u00e9sitez pas \u00e0 contacter notre \u00e9quipe d&rsquo;assistance. Nos sp\u00e9cialistes se feront un plaisir de vous aider avec tous les probl\u00e8mes que vous pourriez rencontrer avec le widget. <\/p> <div class=\"faq\" data-component=\"FAQ\"> <div class=\"faq-item\">\r\n\t\t\t\t\t<div class=\"faq-item-question\">\r\n\t\t\t\t\t\t<h3 class=\"faq-item-question-text\">Comment puis-je ajouter des avis Airbnb \u00e0 mon site Jimdo sans comp\u00e9tences en codage ?<\/h3>\r\n\r\n\t\t\t\t\t\t<div class=\"faq-item-question-icon\"><\/div>\r\n\t\t\t\t\t<\/div>\r\n\r\n\t\t\t\t\t<div class=\"faq-item-answer\">\r\n\t\t\t\t\t\t<div class=\"faq-item-answer-text\"> <p>Elfsight fournit une solution SaaS qui vous permet de cr\u00e9er vous-m\u00eame un widget d&rsquo;avis Airbnb. Le processus est le suivant\u00a0: travaillez directement dans l&rsquo;\u00e9diteur en ligne pour cr\u00e9er un widget Avis Airbnb que vous aimeriez voir sur votre site Web Jimdo. Choisissez l&rsquo;un des mod\u00e8les pr\u00e9d\u00e9finis et ajustez les param\u00e8tres des avis Airbnb, ajoutez votre contenu, modifiez la mise en page et les couleurs sans comp\u00e9tences en codage. Enregistrez les avis Airbnb et copiez son code d&rsquo;installation, que vous pourrez facilement int\u00e9grer \u00e0 votre site Web Jimdo sans avoir besoin d&rsquo;acheter un forfait payant. Gr\u00e2ce \u00e0 notre \u00e9diteur intuitif, tout internaute peut cr\u00e9er un widget Avis Airbnb en ligne et l&rsquo;int\u00e9grer facilement \u00e0 son site Web Jimdo. Il n&rsquo;est pas n\u00e9cessaire de payer ou de saisir les informations d&rsquo;identification de votre carte pour acc\u00e9der au service. Si vous rencontrez des probl\u00e8mes \u00e0 n&rsquo;importe quelle \u00e9tape, n&rsquo;h\u00e9sitez pas \u00e0 contacter notre \u00e9quipe d&rsquo;assistance technique.<\/p> <\/div>\r\n\t\t\t\t\t<\/div>\r\n\t\t\t\t<\/div> <\/div> <\/div>","protected":false},"excerpt":{"rendered":"","protected":false},"author":9,"featured_media":0,"parent":2137,"menu_order":0,"comment_status":"closed","ping_status":"closed","template":"templates\/template-application-platform.php","meta":{"publish_to_discourse":"","publish_post_category":"","wpdc_auto_publish_overridden":"","wpdc_topic_tags":"","wpdc_pin_topic":"","wpdc_pin_until":"","discourse_post_id":"","discourse_permalink":"","wpdc_publishing_response":"","wpdc_publishing_error":"","footnotes":""},"class_list":["post-7692","page","type-page","status-publish","hentry"],"yoast_head":"<!-- This site is optimized with the Yoast SEO plugin v25.3.1 - https:\/\/yoast.com\/wordpress\/plugins\/seo\/ -->\n<title>Int\u00e9grez les avis Airbnb sur votre site Jimdo (en 2 minutes)<\/title>\n<meta name=\"description\" content=\"Il est facile de cr\u00e9er votre widget Avis Airbnb et de le placer sur votre site Web Jimdo. Le support client Elfsight est gratuit.\" \/>\n<meta name=\"robots\" content=\"index, follow, max-snippet:-1, max-image-preview:large, max-video-preview:-1\" \/>\n<link rel=\"canonical\" href=\"https:\/\/elfsight.com\/fr\/airbnb-reviews-widget\/jimdo\/\" \/>\n<meta property=\"og:locale\" content=\"fr_FR\" \/>\n<meta property=\"og:type\" content=\"article\" \/>\n<meta property=\"og:title\" content=\"Int\u00e9grez les avis Airbnb sur votre site Jimdo (en 2 minutes)\" \/>\n<meta property=\"og:description\" content=\"Il est facile de cr\u00e9er votre widget Avis Airbnb et de le placer sur votre site Web Jimdo. Le support client Elfsight est gratuit.\" \/>\n<meta property=\"og:url\" content=\"https:\/\/elfsight.com\/fr\/airbnb-reviews-widget\/jimdo\/\" \/>\n<meta property=\"og:site_name\" content=\"Elfsight FR\" \/>\n<meta property=\"article:modified_time\" content=\"2025-07-09T09:32:04+00:00\" \/>\n<meta name=\"twitter:card\" content=\"summary_large_image\" \/>\n<meta name=\"twitter:label1\" content=\"Dur\u00e9e de lecture estim\u00e9e\" \/>\n\t<meta name=\"twitter:data1\" content=\"3 minutes\" \/>\n<!-- \/ Yoast SEO plugin. -->","yoast_head_json":{"title":"Int\u00e9grez les avis Airbnb sur votre site Jimdo (en 2 minutes)","description":"Il est facile de cr\u00e9er votre widget Avis Airbnb et de le placer sur votre site Web Jimdo. Le support client Elfsight est gratuit.","robots":{"index":"index","follow":"follow","max-snippet":"max-snippet:-1","max-image-preview":"max-image-preview:large","max-video-preview":"max-video-preview:-1"},"canonical":"https:\/\/elfsight.com\/fr\/airbnb-reviews-widget\/jimdo\/","og_locale":"fr_FR","og_type":"article","og_title":"Int\u00e9grez les avis Airbnb sur votre site Jimdo (en 2 minutes)","og_description":"Il est facile de cr\u00e9er votre widget Avis Airbnb et de le placer sur votre site Web Jimdo. Le support client Elfsight est gratuit.","og_url":"https:\/\/elfsight.com\/fr\/airbnb-reviews-widget\/jimdo\/","og_site_name":"Elfsight FR","article_modified_time":"2025-07-09T09:32:04+00:00","twitter_card":"summary_large_image","twitter_misc":{"Dur\u00e9e de lecture estim\u00e9e":"3 minutes"},"schema":{"@context":"https:\/\/schema.org","@graph":[{"@type":"WebPage","@id":"https:\/\/elfsight.com\/fr\/airbnb-reviews-widget\/jimdo\/","url":"https:\/\/elfsight.com\/fr\/airbnb-reviews-widget\/jimdo\/","name":"Int\u00e9grez les avis Airbnb sur votre site Jimdo (en 2 minutes)","isPartOf":{"@id":"https:\/\/elfsight.com\/fr\/#website"},"datePublished":"2024-05-03T06:26:09+00:00","dateModified":"2025-07-09T09:32:04+00:00","description":"Il est facile de cr\u00e9er votre widget Avis Airbnb et de le placer sur votre site Web Jimdo. Le support client Elfsight est gratuit.","breadcrumb":{"@id":"https:\/\/elfsight.com\/fr\/airbnb-reviews-widget\/jimdo\/#breadcrumb"},"inLanguage":"fr-FR","potentialAction":[{"@type":"ReadAction","target":["https:\/\/elfsight.com\/fr\/airbnb-reviews-widget\/jimdo\/"]}]},{"@type":"BreadcrumbList","@id":"https:\/\/elfsight.com\/fr\/airbnb-reviews-widget\/jimdo\/#breadcrumb","itemListElement":[{"@type":"ListItem","position":1,"name":"Home","item":"https:\/\/elfsight.com\/fr\/"},{"@type":"ListItem","position":2,"name":"Airbnb Reviews","item":"https:\/\/elfsight.com\/fr\/airbnb-reviews-widget\/"},{"@type":"ListItem","position":3,"name":"Airbnb Reviews &#8211; Jimdo"}]},{"@type":"WebSite","@id":"https:\/\/elfsight.com\/fr\/#website","url":"https:\/\/elfsight.com\/fr\/","name":"Elfsight FR","description":"","potentialAction":[{"@type":"SearchAction","target":{"@type":"EntryPoint","urlTemplate":"https:\/\/elfsight.com\/fr\/?s={search_term_string}"},"query-input":{"@type":"PropertyValueSpecification","valueRequired":true,"valueName":"search_term_string"}}],"inLanguage":"fr-FR"}]}},"meta_box":{"industry":"","seo_heading":"","heading":"","description":"","cta_heading":"","cta_description":"","application":"2129","h1":"Widget des avis Jimdo Airbnb","h1_caption":"Affichez les avis de votre annonce Airbnb pour attirer sans effort plus de clients avec des commentaires authentiques sur votre site Web Jimdo.","application_category":[],"applications_title":"","applications_request_title":"","applications_request_button_text":"","hero_text":"","hero_video":"","hero_video_schema_markup":"","selling_points_title":"","selling_points_caption":"","selling_points":[],"selling_points_cta_text":"","features_title":"","features":"","ed_cta_examples_text":"","ed_cta_examples_hidden":"","ed_cta_demo_text":"","ed_cta_demo_hidden":"","why_caption":"","why_editor_title":"","why_editor_text":"","why_team_title":"","why_team_text":"","why_service_title":"","why_service_text":"","template_catalog_visible":"","template_catalog_title":"","template_catalog_text":"","template_catalog_categories_visible":"","demo_title":"Cr\u00e9ez votre widget Avis Airbnb","demo_caption":"Configurez vos avis Airbnb et ajoutez-les gratuitement \u00e0 votre site Jimdo !","default_faq_hidden":"","app_template_category":[],"platform":"372","template_public_id":"","codecanyon_url":"","codecanyon_item_id":"","codecanyon_price":"","pricing_caption":"","pricing_elfsight_apps_hide_column":"","pricing_elfsight_apps_url":"","pricing_codecanyon_price_caption":"","integration_category":[],"integration_request_title":"","integration_request_cta":"","integration_platform":"","integrations":[],"platform_category":[],"video_schema_markup":"","price":"\u00e0 partir de 0$ \/ mois","trial":"","benefits":[{"text":"Service client professionnel"},{"text":"Aide \u00e0 l'installation gratuite"},{"text":"Garantie de remboursement de 14 jours"},{"text":"Mises \u00e0 jour gratuites en continu"}],"button_url":"#demo","button_target_blank":"","button_nofollow":"","attributes":[{"name":"Installations","content":"10,000 - 100,000"},{"name":"Sensible","content":"Oui"},{"name":"Navigateurs compatibles","content":"Firefox, Safari, Opera, Chrome, Edge"}],"tags":[],"tags_disable_links":"","hide_more_platforms":"","video_object":"","demo_hide_cta":"","demo_hide_cloud_options":"","pricing_title":"","pricing":[{"pricing_icon":"platform","pricing_title":"Elfsight Apps","pricing_title_caption":"Logiciel multiplateforme","pricing_price":"from $0 \/ month","pricing_price_caption":"commencez avec un forfait gratuit","pricing_benefits":[{"text":"Domaines illimit\u00e9s"},{"text":"Support premium et bien document\u00e9"},{"text":"Aide \u00e0 l'installation gratuite"},{"text":"Enti\u00e8rement personnalisable"}],"pricing_button_text":"Ajouter au site Web","pricing_button_url":"#demo"}],"related_apps_title":"","related_apps_hidden":"","author":"","image":[],"title":"","job":"","social_networks":[]},"_links":{"self":[{"href":"https:\/\/elfsight.com\/fr\/wp-json\/wp\/v2\/pages\/7692","targetHints":{"allow":["GET"]}}],"collection":[{"href":"https:\/\/elfsight.com\/fr\/wp-json\/wp\/v2\/pages"}],"about":[{"href":"https:\/\/elfsight.com\/fr\/wp-json\/wp\/v2\/types\/page"}],"author":[{"embeddable":true,"href":"https:\/\/elfsight.com\/fr\/wp-json\/wp\/v2\/users\/9"}],"replies":[{"embeddable":true,"href":"https:\/\/elfsight.com\/fr\/wp-json\/wp\/v2\/comments?post=7692"}],"version-history":[{"count":1,"href":"https:\/\/elfsight.com\/fr\/wp-json\/wp\/v2\/pages\/7692\/revisions"}],"predecessor-version":[{"id":7696,"href":"https:\/\/elfsight.com\/fr\/wp-json\/wp\/v2\/pages\/7692\/revisions\/7696"}],"up":[{"embeddable":true,"href":"https:\/\/elfsight.com\/fr\/wp-json\/wp\/v2\/pages\/2137"}],"wp:attachment":[{"href":"https:\/\/elfsight.com\/fr\/wp-json\/wp\/v2\/media?parent=7692"}],"curies":[{"name":"wp","href":"https:\/\/api.w.org\/{rel}","templated":true}]}}