{"id":7407,"date":"2024-04-12T11:38:27","date_gmt":"2024-04-12T11:38:27","guid":{"rendered":"https:\/\/elfsight.com\/fr\/?page_id=7407"},"modified":"2024-06-21T14:04:56","modified_gmt":"2024-06-21T14:04:56","slug":"examples","status":"publish","type":"page","link":"https:\/\/elfsight.com\/fr\/sales-notification-widget\/examples\/","title":{"rendered":"Sales Notification &#8211; Examples"},"content":{"rendered":"\n<div class=\"application-examples-item application-examples-item-loading\">\n                            <div class=\"col-row\">\n                                <div class=\"col-6 col-m-8 col-s-12\"><h3 class=\"application-examples-item-title\">Exemple 2. Horaires d'Entreprise<\/h3><div class=\"application-examples-item-description\">Cette solution \u00e9pur\u00e9e et minimaliste pr\u00e9sente parfaitement l'horaire hebdomadaire de travail de votre entreprise. Con\u00e7u pour \u00eatre simple et efficace, ce widget fournit toutes les informations essentielles en un coup d'\u0153il. Contrairement aux widgets encombr\u00e9s, celui-ci se concentre uniquement sur l'affichage de l'horaire de travail de la semaine. Il pr\u00e9sente ces informations dans un format clair et facile \u00e0 lire, garantissant que les utilisateurs peuvent rapidement d\u00e9terminer quand votre entreprise est ouverte sans aucune distraction. Les utilisateurs peuvent non seulement voir les heures d'ouverture, mais aussi le temps restant avant la fermeture de votre entreprise pour la nuit. Cette fonctionnalit\u00e9 utile permet de tenir les clients inform\u00e9s sur la fen\u00eatre d'opportunit\u00e9 qu'ils ont pour visiter ou contacter votre entreprise avant la fin de la journ\u00e9e.<\/div><\/div>\n                <\/div>\n\n                <div class=\"application-examples-item-iframe-container browser-frame\">\n                    <div class=\"application-examples-item-iframe-wrapper\">\n                        <iframe class=\"application-examples-item-iframe application-examples-item-iframe-fixed-height\" data-src=\"https:\/\/elfsight.com\/examples?widget_id=6e317af1-3b18-41aa-86a5-22fcdacfb4b2\" width=\"100%\" height=\"400\" allow=\"autoplay; fullscreen\"><\/iframe>\n                    <\/div>\n\n                    <div class=\"application-examples-item-loader\"><\/div>\n                <\/div>\n            <\/div>\n\n<div class=\"application-cta-create\">\n                    <div class=\"application-cta-create-bg\">\n                        <div class=\"application-cta-create-bg-left\"><\/div>\n\n                        <div class=\"application-cta-create-bg-right\">\n                            <img decoding=\"async\" src=\"https:\/\/elfsight.com\/fr\/wp-content\/themes\/elfsight\/frontend\/assets\/img\/application-cta-create.jpg\" alt=\"Commencez par cr\u00e9er votre widget\">\n                        <\/div>\n                    <\/div>\n\n                    <div class=\"application-cta-create-content inner\">\n                        <div class=\"application-cta-create-content-inner\">\n                            <div class=\"application-cta-create-content-icon\">\n                                <svg viewBox=\"0 0 25 25\" width=\"100%\" height=\"100%\">\n                                    <use xlink:href=\"#icon-settings\"><\/use>\n                                <\/svg>\n                            <\/div>\n\n                            <div class=\"application-cta-create-content-title\">Commencez par cr\u00e9er votre widget<\/div>\n\n                            <div class=\"application-cta-create-content-text\">Vite. Facile. Pas de codage.<\/div>\n\n                            <a class=\"application-cta-create-content-button button-48 button-has-right-icon button-black button\" href=\"\">\n                                <span class=\"button-label\">Cr\u00e9er un widget<\/span>\n\n                                <svg class=\"button-icon\">\n                                    <use xlink:href=\"#icon-arrow-link\"><\/use>\n                                <\/svg>\n                            <\/a>\n                        <\/div>\n                    <\/div>\n                <\/div>\n\n<div class=\"application-examples-item application-examples-item-loading\">\n                            <div class=\"col-row\">\n                                <div class=\"col-6 col-m-8 col-s-12\"><h3 class=\"application-examples-item-title\">Exemple 3. Statut d'Ouverture<\/h3><div class=\"application-examples-item-description\">Il s'agit d'une solution intelligente et peu encombrante qui communique efficacement le statut d'ouverture de votre entreprise \u00e0 vos visiteurs de site web. Le widget simplifie la pr\u00e9sentation de vos horaires de travail, assurant une exp\u00e9rience utilisateur transparente. Ax\u00e9 sur la simplicit\u00e9, le widget Horaires d'Entreprise Elfsight ne montre que le statut d'ouverture actuel de votre entreprise. Cela signifie que vos visiteurs peuvent facilement d\u00e9terminer si votre entreprise est ouverte ou ferm\u00e9e d'un simple coup d'\u0153il sur le widget, ce qui leur fait gagner du temps et des efforts. Mais pour ceux qui veulent plus d'informations d\u00e9taill\u00e9es sur vos horaires de travail, le widget offre une solution soign\u00e9e. En cliquant sur le widget, les utilisateurs peuvent acc\u00e9der \u00e0 une vue agrandie ou \u00e0 une vue d\u00e9taill\u00e9e qui affiche votre horaire de travail complet. Cette fonctionnalit\u00e9 interactive garantit que ceux qui ont besoin de plus d'informations peuvent y acc\u00e9der sans encombrer les pages principales de votre site web.<\/div><\/div>\n                <\/div>\n\n                <div class=\"application-examples-item-iframe-container browser-frame\">\n                    <div class=\"application-examples-item-iframe-wrapper\">\n                        <iframe class=\"application-examples-item-iframe application-examples-item-iframe-fixed-height\" data-src=\"https:\/\/elfsight.com\/examples?widget_id=6d07ee2e-533b-47ab-a439-6f0c2c0437c8\" width=\"100%\" height=\"450\" allow=\"autoplay; fullscreen\"><\/iframe>\n                    <\/div>\n\n                    <div class=\"application-examples-item-loader\"><\/div>\n                <\/div>\n            <\/div>\n\n<div class=\"application-examples-item application-examples-item-loading\">\n                            <div class=\"col-row\">\n                                <div class=\"col-6 col-m-8 col-s-12\"><h3 class=\"application-examples-item-title\">Exemple 4. Petit Carte de Contact<\/h3><div class=\"application-examples-item-description\">Le widget compact Horaires d'Entreprise met toutes les informations essentielles \u00e0 port\u00e9e de main de vos clients. Il comprend une photo de l'emplacement, des coordonn\u00e9es affich\u00e9es de mani\u00e8re bien visible et les heures d'ouverture avec un design intelligent. Les utilisateurs peuvent acc\u00e9der \u00e0 une vue agrandie de l'horaire en cliquant sur le widget. De plus, quatre boutons CTA permettent des actions directes comme la discussion sur WhatsApp, les indications, les appels et la prise de rendez-vous, am\u00e9liorant l'engagement des utilisateurs et simplifiant les interactions.<\/div><\/div>\n                <\/div>\n\n                <div class=\"application-examples-item-iframe-container browser-frame\">\n                    <div class=\"application-examples-item-iframe-wrapper\">\n                        <iframe class=\"application-examples-item-iframe application-examples-item-iframe-fixed-height\" data-src=\"https:\/\/elfsight.com\/examples?widget_id=193dffbf-6980-44c3-b8d8-5c328f621e42\" width=\"100%\" height=\"650\" allow=\"autoplay; fullscreen\"><\/iframe>\n                    <\/div>\n\n                    <div class=\"application-examples-item-loader\"><\/div>\n                <\/div>\n            <\/div>\n\n<div class=\"application-examples-item application-examples-item-loading\">\n                            <div class=\"col-row\">\n                                <div class=\"col-6 col-m-8 col-s-12\"><h3 class=\"application-examples-item-title\">Exemple 5. Carte de Contact Sombre<\/h3><div class=\"application-examples-item-description\">Le widget Horaires d'Entreprise ici est con\u00e7u avec un \u00e9l\u00e9gant th\u00e8me sombre. Ce widget ne pr\u00e9sente pas seulement les heures d'ouverture de votre entreprise, mais offre \u00e9galement une exp\u00e9rience visuellement attrayante pour les visiteurs de votre site web. Les utilisateurs peuvent voir la photo de votre emplacement, \u00e9tablissant ainsi un lien instantan\u00e9 avec votre \u00e9tablissement. Les coordonn\u00e9es sont affich\u00e9es de mani\u00e8re bien visible, facilitant ainsi la prise de contact par les clients. En cliquant sur le widget, les utilisateurs peuvent acc\u00e9der \u00e0 une vue agrandie de votre horaire de travail complet, garantissant que toutes les informations n\u00e9cessaires sont facilement accessibles. De plus, quatre boutons CTA bien visibles permettent aux visiteurs de discuter sur WhatsApp, d'obtenir des indications, d'appeler maintenant et de prendre rendez-vous, am\u00e9liorant ainsi l'engagement des utilisateurs et permettant des interactions fluides.<\/div><\/div>\n                <\/div>\n\n                <div class=\"application-examples-item-iframe-container browser-frame\">\n                    <div class=\"application-examples-item-iframe-wrapper\">\n                        <iframe class=\"application-examples-item-iframe application-examples-item-iframe-fixed-height\" data-src=\"https:\/\/elfsight.com\/examples?widget_id=88bf50bb-d966-4676-bc02-b496546eddac\" width=\"100%\" height=\"600\" allow=\"autoplay; fullscreen\"><\/iframe>\n                    <\/div>\n\n                    <div class=\"application-examples-item-loader\"><\/div>\n                <\/div>\n            <\/div>\n","protected":false},"excerpt":{"rendered":"","protected":false},"author":9,"featured_media":0,"parent":7319,"menu_order":0,"comment_status":"closed","ping_status":"closed","template":"templates\/template-application-examples.php","meta":{"publish_to_discourse":"","publish_post_category":"","wpdc_auto_publish_overridden":"","wpdc_topic_tags":"","wpdc_pin_topic":"","wpdc_pin_until":"","discourse_post_id":"","discourse_permalink":"","wpdc_publishing_response":"","wpdc_publishing_error":"","footnotes":""},"class_list":["post-7407","page","type-page","status-publish","hentry"],"yoast_head":"<!-- This site is optimized with the Yoast SEO plugin v25.3.1 - https:\/\/yoast.com\/wordpress\/plugins\/seo\/ -->\n<title>Les meilleurs exemples de widgets de notification de vente pour votre site web<\/title>\n<meta name=\"description\" content=\"Les meilleurs exemples de notifications de vente pour chaque occasion et activit\u00e9. Int\u00e9gration sans codage. Essayez-les d\u00e8s aujourd&#039;hui !\" \/>\n<meta name=\"robots\" content=\"index, follow, max-snippet:-1, max-image-preview:large, max-video-preview:-1\" \/>\n<link rel=\"canonical\" href=\"https:\/\/elfsight.com\/fr\/sales-notification-widget\/examples\/\" \/>\n<meta property=\"og:locale\" content=\"fr_FR\" \/>\n<meta property=\"og:type\" content=\"article\" \/>\n<meta property=\"og:title\" content=\"Les meilleurs exemples de widgets de notification de vente pour votre site web\" \/>\n<meta property=\"og:description\" content=\"Les meilleurs exemples de notifications de vente pour chaque occasion et activit\u00e9. Int\u00e9gration sans codage. Essayez-les d\u00e8s aujourd&#039;hui !\" \/>\n<meta property=\"og:url\" content=\"https:\/\/elfsight.com\/fr\/sales-notification-widget\/examples\/\" \/>\n<meta property=\"og:site_name\" content=\"Elfsight FR\" \/>\n<meta property=\"article:modified_time\" content=\"2024-06-21T14:04:56+00:00\" \/>\n<meta name=\"twitter:card\" content=\"summary_large_image\" \/>\n<meta name=\"twitter:label1\" content=\"Dur\u00e9e de lecture estim\u00e9e\" \/>\n\t<meta name=\"twitter:data1\" content=\"3 minutes\" \/>\n<!-- \/ Yoast SEO plugin. -->","yoast_head_json":{"title":"Les meilleurs exemples de widgets de notification de vente pour votre site web","description":"Les meilleurs exemples de notifications de vente pour chaque occasion et activit\u00e9. Int\u00e9gration sans codage. Essayez-les d\u00e8s aujourd'hui !","robots":{"index":"index","follow":"follow","max-snippet":"max-snippet:-1","max-image-preview":"max-image-preview:large","max-video-preview":"max-video-preview:-1"},"canonical":"https:\/\/elfsight.com\/fr\/sales-notification-widget\/examples\/","og_locale":"fr_FR","og_type":"article","og_title":"Les meilleurs exemples de widgets de notification de vente pour votre site web","og_description":"Les meilleurs exemples de notifications de vente pour chaque occasion et activit\u00e9. Int\u00e9gration sans codage. Essayez-les d\u00e8s aujourd'hui !","og_url":"https:\/\/elfsight.com\/fr\/sales-notification-widget\/examples\/","og_site_name":"Elfsight FR","article_modified_time":"2024-06-21T14:04:56+00:00","twitter_card":"summary_large_image","twitter_misc":{"Dur\u00e9e de lecture estim\u00e9e":"3 minutes"},"schema":{"@context":"https:\/\/schema.org","@graph":[{"@type":"WebPage","@id":"https:\/\/elfsight.com\/fr\/sales-notification-widget\/examples\/","url":"https:\/\/elfsight.com\/fr\/sales-notification-widget\/examples\/","name":"Les meilleurs exemples de widgets de notification de vente pour votre site web","isPartOf":{"@id":"https:\/\/elfsight.com\/fr\/#website"},"datePublished":"2024-04-12T11:38:27+00:00","dateModified":"2024-06-21T14:04:56+00:00","description":"Les meilleurs exemples de notifications de vente pour chaque occasion et activit\u00e9. Int\u00e9gration sans codage. Essayez-les d\u00e8s aujourd'hui !","breadcrumb":{"@id":"https:\/\/elfsight.com\/fr\/sales-notification-widget\/examples\/#breadcrumb"},"inLanguage":"fr-FR","potentialAction":[{"@type":"ReadAction","target":["https:\/\/elfsight.com\/fr\/sales-notification-widget\/examples\/"]}]},{"@type":"BreadcrumbList","@id":"https:\/\/elfsight.com\/fr\/sales-notification-widget\/examples\/#breadcrumb","itemListElement":[{"@type":"ListItem","position":1,"name":"Home","item":"https:\/\/elfsight.com\/fr\/"},{"@type":"ListItem","position":2,"name":"Sales Notification","item":"https:\/\/elfsight.com\/fr\/sales-notification-widget\/"},{"@type":"ListItem","position":3,"name":"Sales Notification &#8211; Examples"}]},{"@type":"WebSite","@id":"https:\/\/elfsight.com\/fr\/#website","url":"https:\/\/elfsight.com\/fr\/","name":"Elfsight FR","description":"","potentialAction":[{"@type":"SearchAction","target":{"@type":"EntryPoint","urlTemplate":"https:\/\/elfsight.com\/fr\/?s={search_term_string}"},"query-input":{"@type":"PropertyValueSpecification","valueRequired":true,"valueName":"search_term_string"}}],"inLanguage":"fr-FR"}]}},"meta_box":{"industry":"","seo_heading":"","heading":"","description":"","cta_heading":"","cta_description":"","application":"7310","h1":"Exemples de Notifications de Vente","h1_caption":"Consultez les exemples de Notifications de Vente pour d\u00e9couvrir tout le potentiel du widget. Assurez-vous qu'il r\u00e9pondra \u00e0 tous vos objectifs.","application_category":[],"applications_title":"","applications_request_title":"","applications_request_button_text":"","hero_text":"","hero_video":"","hero_video_schema_markup":"","selling_points_title":"","selling_points_caption":"","selling_points":[],"selling_points_cta_text":"","features_title":"","features":"","ed_cta_examples_text":"","ed_cta_examples_hidden":"","ed_cta_demo_text":"","ed_cta_demo_hidden":"","why_caption":"","why_editor_title":"","why_editor_text":"","why_team_title":"","why_team_text":"","why_service_title":"","why_service_text":"","template_catalog_visible":"","template_catalog_title":"","template_catalog_text":"","template_catalog_categories_visible":"","demo_title":"","demo_caption":"","default_faq_hidden":"","app_template_category":[],"platform":"","template_public_id":"","codecanyon_url":"","codecanyon_item_id":"","codecanyon_price":"","pricing_caption":"","pricing_elfsight_apps_hide_column":"","pricing_elfsight_apps_url":"","pricing_codecanyon_price_caption":"","integration_category":[],"integration_request_title":"","integration_request_cta":"","integration_platform":"","integrations":[],"platform_category":[],"video_schema_markup":"","price":"","trial":"","benefits":[],"button_url":"#demo","button_target_blank":"","button_nofollow":"","attributes":[],"tags":[],"tags_disable_links":"","hide_more_platforms":"","video_object":"","demo_hide_cta":"","demo_hide_cloud_options":"","pricing_title":"","pricing":[],"related_apps_title":"","related_apps_hidden":"","author":"","image":[],"title":"","job":"","social_networks":[]},"_links":{"self":[{"href":"https:\/\/elfsight.com\/fr\/wp-json\/wp\/v2\/pages\/7407","targetHints":{"allow":["GET"]}}],"collection":[{"href":"https:\/\/elfsight.com\/fr\/wp-json\/wp\/v2\/pages"}],"about":[{"href":"https:\/\/elfsight.com\/fr\/wp-json\/wp\/v2\/types\/page"}],"author":[{"embeddable":true,"href":"https:\/\/elfsight.com\/fr\/wp-json\/wp\/v2\/users\/9"}],"replies":[{"embeddable":true,"href":"https:\/\/elfsight.com\/fr\/wp-json\/wp\/v2\/comments?post=7407"}],"version-history":[{"count":1,"href":"https:\/\/elfsight.com\/fr\/wp-json\/wp\/v2\/pages\/7407\/revisions"}],"predecessor-version":[{"id":7408,"href":"https:\/\/elfsight.com\/fr\/wp-json\/wp\/v2\/pages\/7407\/revisions\/7408"}],"up":[{"embeddable":true,"href":"https:\/\/elfsight.com\/fr\/wp-json\/wp\/v2\/pages\/7319"}],"wp:attachment":[{"href":"https:\/\/elfsight.com\/fr\/wp-json\/wp\/v2\/media?parent=7407"}],"curies":[{"name":"wp","href":"https:\/\/api.w.org\/{rel}","templated":true}]}}