{"id":7402,"date":"2024-04-12T10:34:28","date_gmt":"2024-04-12T10:34:28","guid":{"rendered":"https:\/\/elfsight.com\/fr\/?page_id=7402"},"modified":"2024-06-21T14:04:48","modified_gmt":"2024-06-21T14:04:48","slug":"examples","status":"publish","type":"page","link":"https:\/\/elfsight.com\/fr\/announcement-bar-widget\/examples\/","title":{"rendered":"Announcement Bar &#8211; Examples"},"content":{"rendered":"\n<div class=\"application-examples-item application-examples-item-loading\">\n                            <div class=\"col-row\">\n                                <div class=\"col-6 col-m-8 col-s-12\"><h3 class=\"application-examples-item-title\">Exemple 1. Barre d'Annonce de Vente<\/h3><div class=\"application-examples-item-description\">R\u00e9compensez les utilisateurs qui visitent le site web aux dates correctes. Utilisez cette barre comme une approche urgente pour stimuler l'achat de biens d\u00e9sir\u00e9s. Vous pouvez am\u00e9liorer les taux de vente d'un produit ou d'une section enti\u00e8re de votre stock.<\/div><\/div>\n                <\/div>\n\n                <div class=\"application-examples-item-iframe-container browser-frame\">\n                    <div class=\"application-examples-item-iframe-wrapper\">\n                        <iframe class=\"application-examples-item-iframe application-examples-item-iframe-fixed-height\" data-src=\"https:\/\/elfsight.com\/examples?widget_id=25dcf513-9a4f-4a53-9867-62e487f209c9\" width=\"100%\" height=\"500\" allow=\"autoplay; fullscreen\"><\/iframe>\n                    <\/div>\n\n                    <div class=\"application-examples-item-loader\"><\/div>\n                <\/div>\n            <\/div>\n\n<div class=\"application-examples-item application-examples-item-loading\">\n                            <div class=\"col-row\">\n                                <div class=\"col-6 col-m-8 col-s-12\"><h3 class=\"application-examples-item-title\">Exemple 2. Barre d'Annonce de Nouveau Produit<\/h3><div class=\"application-examples-item-description\">Informez tout le monde de votre lancement et de vos actualit\u00e9s en mati\u00e8re de d\u00e9veloppement de la mani\u00e8re la plus rapide possible. Vous attirerez l'attention maximale sur votre nouveau produit ou service en l'annon\u00e7ant dans la zone visible.<\/div><\/div>\n                <\/div>\n\n                <div class=\"application-examples-item-iframe-container browser-frame\">\n                    <div class=\"application-examples-item-iframe-wrapper\">\n                        <iframe class=\"application-examples-item-iframe application-examples-item-iframe-fixed-height\" data-src=\"https:\/\/elfsight.com\/examples?widget_id=b460aa86-0712-4187-a598-ffeb39c3e9a2\" width=\"100%\" height=\"500\" allow=\"autoplay; fullscreen\"><\/iframe>\n                    <\/div>\n\n                    <div class=\"application-examples-item-loader\"><\/div>\n                <\/div>\n            <\/div>\n\n<div class=\"application-examples-item application-examples-item-loading\">\n                            <div class=\"col-row\">\n                                <div class=\"col-6 col-m-8 col-s-12\"><h3 class=\"application-examples-item-title\">Exemple 3. Barre d'Annonce de Nouveau Magasin<\/h3><div class=\"application-examples-item-description\">En ce qui concerne les magasins sur place, informez vos clients de l'ouverture d'un nouveau point de vente. De cette fa\u00e7on, vous attirez non seulement de nouveaux acheteurs, mais fournissez \u00e9galement aux anciens de meilleures opportunit\u00e9s logistiques.<\/div><\/div>\n                <\/div>\n\n                <div class=\"application-examples-item-iframe-container browser-frame\">\n                    <div class=\"application-examples-item-iframe-wrapper\">\n                        <iframe class=\"application-examples-item-iframe application-examples-item-iframe-fixed-height\" data-src=\"https:\/\/elfsight.com\/examples?widget_id=f6c90439-9a35-422b-8e48-9fbbc7e08f5f\" width=\"100%\" height=\"500\" allow=\"autoplay; fullscreen\"><\/iframe>\n                    <\/div>\n\n                    <div class=\"application-examples-item-loader\"><\/div>\n                <\/div>\n            <\/div>\n\n<div class=\"application-examples-item application-examples-item-loading\">\n                            <div class=\"col-row\">\n                                <div class=\"col-6 col-m-8 col-s-12\"><h3 class=\"application-examples-item-title\">Exemple 4. Barre d'Annonce de Livraison Gratuite<\/h3><div class=\"application-examples-item-description\">Ne pas payer de frais suppl\u00e9mentaires est toujours encourageant lors d'un achat. Dans cet exemple, nous pouvons voir comment vous pouvez facilement faire \u00e9conomiser de l'argent \u00e0 vos clients en promouvant la livraison gratuite. Comme les gens n'aiment pas payer quelque chose en plus de leur commande, cela peut les motiver \u00e0 acheter.<\/div><\/div>\n                <\/div>\n\n                <div class=\"application-examples-item-iframe-container browser-frame\">\n                    <div class=\"application-examples-item-iframe-wrapper\">\n                        <iframe class=\"application-examples-item-iframe application-examples-item-iframe-fixed-height\" data-src=\"https:\/\/elfsight.com\/examples?widget_id=3ea8b92a-33aa-4591-aedc-7467e6b2bc38\" width=\"100%\" height=\"500\" allow=\"autoplay; fullscreen\"><\/iframe>\n                    <\/div>\n\n                    <div class=\"application-examples-item-loader\"><\/div>\n                <\/div>\n            <\/div>\n\n<div class=\"application-examples-item application-examples-item-loading\">\n                            <div class=\"col-row\">\n                                <div class=\"col-6 col-m-8 col-s-12\"><h3 class=\"application-examples-item-title\">Exemple 5. Barre d'Annonce de Nouvelles<\/h3><div class=\"application-examples-item-description\">Utiliser la barre comme un narrateur de nouvelles peut \u00eatre pratique pour les sites web qui n'ont pas de section Nouvelles. Sinon, vous pouvez inviter les gens \u00e0 lire votre flux d'actualit\u00e9s ou attirer l'attention sur les derni\u00e8res mises \u00e0 jour les plus importantes.<\/div><\/div>\n                <\/div>\n\n                <div class=\"application-examples-item-iframe-container browser-frame\">\n                    <div class=\"application-examples-item-iframe-wrapper\">\n                        <iframe class=\"application-examples-item-iframe application-examples-item-iframe-fixed-height\" data-src=\"https:\/\/elfsight.com\/examples?widget_id=785cf92c-f75d-4713-834f-748d057312ee\" width=\"100%\" height=\"500\" allow=\"autoplay; fullscreen\"><\/iframe>\n                    <\/div>\n\n                    <div class=\"application-examples-item-loader\"><\/div>\n                <\/div>\n            <\/div>\n\n<div class=\"application-cta-create\">\n                    <div class=\"application-cta-create-bg\">\n                        <div class=\"application-cta-create-bg-left\"><\/div>\n\n                        <div class=\"application-cta-create-bg-right\">\n                            <img decoding=\"async\" src=\"https:\/\/elfsight.com\/fr\/wp-content\/themes\/elfsight\/frontend\/assets\/img\/application-cta-create.jpg\" alt=\"Commencez par cr\u00e9er votre widget\">\n                        <\/div>\n                    <\/div>\n\n                    <div class=\"application-cta-create-content inner\">\n                        <div class=\"application-cta-create-content-inner\">\n                            <div class=\"application-cta-create-content-icon\">\n                                <svg viewBox=\"0 0 25 25\" width=\"100%\" height=\"100%\">\n                                    <use xlink:href=\"#icon-settings\"><\/use>\n                                <\/svg>\n                            <\/div>\n\n                            <div class=\"application-cta-create-content-title\">Commencez par cr\u00e9er votre widget<\/div>\n\n                            <div class=\"application-cta-create-content-text\">Vite. Facile. Pas de codage.<\/div>\n\n                            <a class=\"application-cta-create-content-button button-48 button-has-right-icon button-black button\" href=\"\">\n                                <span class=\"button-label\">Cr\u00e9er un widget<\/span>\n\n                                <svg class=\"button-icon\">\n                                    <use xlink:href=\"#icon-arrow-link\"><\/use>\n                                <\/svg>\n                            <\/a>\n                        <\/div>\n                    <\/div>\n                <\/div>\n\n<div class=\"application-examples-item application-examples-item-loading\">\n                            <div class=\"col-row\">\n                                <div class=\"col-6 col-m-8 col-s-12\"><h3 class=\"application-examples-item-title\">Exemple 6. Barre d'Annonce de Mise \u00e0 Jour<\/h3><div class=\"application-examples-item-description\">Elfsight met constamment \u00e0 jour ses produits. Est-ce \u00e9galement le cas pour votre entreprise ? G\u00e9nial ! Vous pouvez informer les clients des mises \u00e0 jour, des corrections ou des am\u00e9liorations apport\u00e9es \u00e0 un produit ou \u00e0 une cat\u00e9gorie sp\u00e9cifique. C'est \u00e9galement un bon moyen de rappeler aux gens vos anciens produits.<\/div><\/div>\n                <\/div>\n\n                <div class=\"application-examples-item-iframe-container browser-frame\">\n                    <div class=\"application-examples-item-iframe-wrapper\">\n                        <iframe class=\"application-examples-item-iframe application-examples-item-iframe-fixed-height\" data-src=\"https:\/\/elfsight.com\/examples?widget_id=8342e26c-d5f7-450b-b2c5-754c44c782a5\" width=\"100%\" height=\"500\" allow=\"autoplay; fullscreen\"><\/iframe>\n                    <\/div>\n\n                    <div class=\"application-examples-item-loader\"><\/div>\n                <\/div>\n            <\/div>\n\n<div class=\"application-examples-item application-examples-item-loading\">\n                            <div class=\"col-row\">\n                                <div class=\"col-6 col-m-8 col-s-12\"><h3 class=\"application-examples-item-title\">Exemple 7. Annonce de Vente du Vendredi Noir<\/h3><div class=\"application-examples-item-description\">Ne manquez pas l'occasion d'annoncer une grande vente pour le Vendredi Noir. C'est le moment parfait pour mettre des r\u00e9ductions sur certaines cat\u00e9gories de produits et montrer votre implication dans de tels \u00e9v\u00e9nements.<\/div><\/div>\n                <\/div>\n\n                <div class=\"application-examples-item-iframe-container browser-frame\">\n                    <div class=\"application-examples-item-iframe-wrapper\">\n                        <iframe class=\"application-examples-item-iframe application-examples-item-iframe-fixed-height\" data-src=\"https:\/\/elfsight.com\/examples?widget_id=133eea16-d1f0-4b32-9276-a4f1dba07c17\" width=\"100%\" height=\"500\" allow=\"autoplay; fullscreen\"><\/iframe>\n                    <\/div>\n\n                    <div class=\"application-examples-item-loader\"><\/div>\n                <\/div>\n            <\/div>\n\n<div class=\"application-examples-item application-examples-item-loading\">\n                            <div class=\"col-row\">\n                                <div class=\"col-6 col-m-8 col-s-12\"><h3 class=\"application-examples-item-title\">Exemple 8. Annonce de Vente de No\u00ebl<\/h3><div class=\"application-examples-item-description\">Nous sommes assez s\u00fbrs que vous ne laisserez pas vos clients sans r\u00e9ductions et bonus pour No\u00ebl. Alors, pourquoi ne pas leur parler de la vente de No\u00ebl de mani\u00e8re belle et festive ? Les gens ont tendance \u00e0 faire des achats pendant cette p\u00e9riode et vous pouvez les aider \u00e0 choisir vos produits comme cadeaux pour leurs proches.<\/div><\/div>\n                <\/div>\n\n                <div class=\"application-examples-item-iframe-container browser-frame\">\n                    <div class=\"application-examples-item-iframe-wrapper\">\n                        <iframe class=\"application-examples-item-iframe application-examples-item-iframe-fixed-height\" data-src=\"https:\/\/elfsight.com\/examples?widget_id=ffa9d45d-f484-499a-90e3-a5d2ca68ff84\" width=\"100%\" height=\"500\" allow=\"autoplay; fullscreen\"><\/iframe>\n                    <\/div>\n\n                    <div class=\"application-examples-item-loader\"><\/div>\n                <\/div>\n            <\/div>\n\n<div class=\"application-examples-item application-examples-item-loading\">\n                            <div class=\"col-row\">\n                                <div class=\"col-6 col-m-8 col-s-12\"><h3 class=\"application-examples-item-title\">Exemple 9. Barre d'Annonce de Coupon de R\u00e9duction<\/h3><div class=\"application-examples-item-description\">Vous pouvez tirer parti de diff\u00e9rents \u00e9v\u00e9nements et particularit\u00e9s du comportement des clients pour stimuler les ventes. Il suffit de mettre un coupon dans votre barre d'annonce pour rendre l'achat plus actif. Un coupon est souvent consid\u00e9r\u00e9 comme une offre personnelle pour obtenir un meilleur prix.<\/div><\/div>\n                <\/div>\n\n                <div class=\"application-examples-item-iframe-container browser-frame\">\n                    <div class=\"application-examples-item-iframe-wrapper\">\n                        <iframe class=\"application-examples-item-iframe application-examples-item-iframe-fixed-height\" data-src=\"https:\/\/elfsight.com\/examples?widget_id=acfe7ece-265b-4077-847c-a780bf7b530f\" width=\"100%\" height=\"500\" allow=\"autoplay; fullscreen\"><\/iframe>\n                    <\/div>\n\n                    <div class=\"application-examples-item-loader\"><\/div>\n                <\/div>\n            <\/div>\n\n<div class=\"application-examples-item application-examples-item-loading\">\n                            <div class=\"col-row\">\n                                <div class=\"col-6 col-m-8 col-s-12\"><h3 class=\"application-examples-item-title\">Exemple 10. Annonce d'\u00c9v\u00e9nement<\/h3><div class=\"application-examples-item-description\">Augmentez la participation \u00e0 vos \u00e9v\u00e9nements en annon\u00e7ant une r\u00e9union \u00e0 venir \u00e0 l'avance. Les gens pourront planifier leurs plans pour assister \u00e0 votre \u00e9v\u00e9nement lorsqu'ils remarqueront une annonce visible sur le site web.<\/div><\/div>\n                <\/div>\n\n                <div class=\"application-examples-item-iframe-container browser-frame\">\n                    <div class=\"application-examples-item-iframe-wrapper\">\n                        <iframe class=\"application-examples-item-iframe application-examples-item-iframe-fixed-height\" data-src=\"https:\/\/elfsight.com\/examples?widget_id=7b3ae6d7-f539-473f-9fd7-776898302349\" width=\"100%\" height=\"500\" allow=\"autoplay; fullscreen\"><\/iframe>\n                    <\/div>\n\n                    <div class=\"application-examples-item-loader\"><\/div>\n                <\/div>\n            <\/div>\n\n<div class=\"application-examples-item application-examples-item-loading\">\n                            <div class=\"col-row\">\n                                <div class=\"col-6 col-m-8 col-s-12\"><h3 class=\"application-examples-item-title\">Exemple 11. Annonce de Webinaire<\/h3><div class=\"application-examples-item-description\">Aidez vos clients \u00e0 trouver le temps et les installations techniques pour rejoindre votre webinaire. Annoncez votre \u00e9v\u00e9nement en ligne en temps opportun pour voir une croissance de la participation et de l'implication. Il est difficile de rater un \u00e9v\u00e9nement qui est affich\u00e9 dans la barre d'annonce visible.<\/div><\/div>\n                <\/div>\n\n                <div class=\"application-examples-item-iframe-container browser-frame\">\n                    <div class=\"application-examples-item-iframe-wrapper\">\n                        <iframe class=\"application-examples-item-iframe application-examples-item-iframe-fixed-height\" data-src=\"https:\/\/elfsight.com\/examples?widget_id=1b60abdd-f98f-4771-97f9-bb2abbe64c08\" width=\"100%\" height=\"500\" allow=\"autoplay; fullscreen\"><\/iframe>\n                    <\/div>\n\n                    <div class=\"application-examples-item-loader\"><\/div>\n                <\/div>\n            <\/div>\n","protected":false},"excerpt":{"rendered":"","protected":false},"author":9,"featured_media":0,"parent":7325,"menu_order":0,"comment_status":"closed","ping_status":"closed","template":"templates\/template-application-examples.php","meta":{"publish_to_discourse":"","publish_post_category":"","wpdc_auto_publish_overridden":"","wpdc_topic_tags":"","wpdc_pin_topic":"","wpdc_pin_until":"","discourse_post_id":"","discourse_permalink":"","wpdc_publishing_response":"","wpdc_publishing_error":"","footnotes":""},"class_list":["post-7402","page","type-page","status-publish","hentry"],"yoast_head":"<!-- This site is optimized with the Yoast SEO plugin v25.3.1 - https:\/\/yoast.com\/wordpress\/plugins\/seo\/ -->\n<title>Exemples du widget Barre d&#039;Annonce pour diff\u00e9rentes situations<\/title>\n<meta name=\"description\" content=\"Exemples d&#039;utilisation du widget Barre d&#039;Annonce : communiquer des actualit\u00e9s, promouvoir de nouveaux produits, inviter les clients \u00e0 des \u00e9v\u00e9nements en utilisant des annonces accrocheuses.\" \/>\n<meta name=\"robots\" content=\"index, follow, max-snippet:-1, max-image-preview:large, max-video-preview:-1\" \/>\n<link rel=\"canonical\" href=\"https:\/\/elfsight.com\/fr\/announcement-bar-widget\/examples\/\" \/>\n<meta property=\"og:locale\" content=\"fr_FR\" \/>\n<meta property=\"og:type\" content=\"article\" \/>\n<meta property=\"og:title\" content=\"Exemples du widget Barre d&#039;Annonce pour diff\u00e9rentes situations\" \/>\n<meta property=\"og:description\" content=\"Exemples d&#039;utilisation du widget Barre d&#039;Annonce : communiquer des actualit\u00e9s, promouvoir de nouveaux produits, inviter les clients \u00e0 des \u00e9v\u00e9nements en utilisant des annonces accrocheuses.\" \/>\n<meta property=\"og:url\" content=\"https:\/\/elfsight.com\/fr\/announcement-bar-widget\/examples\/\" \/>\n<meta property=\"og:site_name\" content=\"Elfsight FR\" \/>\n<meta property=\"article:modified_time\" content=\"2024-06-21T14:04:48+00:00\" \/>\n<meta name=\"twitter:card\" content=\"summary_large_image\" \/>\n<meta name=\"twitter:label1\" content=\"Dur\u00e9e de lecture estim\u00e9e\" \/>\n\t<meta name=\"twitter:data1\" content=\"4 minutes\" \/>\n<!-- \/ Yoast SEO plugin. -->","yoast_head_json":{"title":"Exemples du widget Barre d'Annonce pour diff\u00e9rentes situations","description":"Exemples d'utilisation du widget Barre d'Annonce : communiquer des actualit\u00e9s, promouvoir de nouveaux produits, inviter les clients \u00e0 des \u00e9v\u00e9nements en utilisant des annonces accrocheuses.","robots":{"index":"index","follow":"follow","max-snippet":"max-snippet:-1","max-image-preview":"max-image-preview:large","max-video-preview":"max-video-preview:-1"},"canonical":"https:\/\/elfsight.com\/fr\/announcement-bar-widget\/examples\/","og_locale":"fr_FR","og_type":"article","og_title":"Exemples du widget Barre d'Annonce pour diff\u00e9rentes situations","og_description":"Exemples d'utilisation du widget Barre d'Annonce : communiquer des actualit\u00e9s, promouvoir de nouveaux produits, inviter les clients \u00e0 des \u00e9v\u00e9nements en utilisant des annonces accrocheuses.","og_url":"https:\/\/elfsight.com\/fr\/announcement-bar-widget\/examples\/","og_site_name":"Elfsight FR","article_modified_time":"2024-06-21T14:04:48+00:00","twitter_card":"summary_large_image","twitter_misc":{"Dur\u00e9e de lecture estim\u00e9e":"4 minutes"},"schema":{"@context":"https:\/\/schema.org","@graph":[{"@type":"WebPage","@id":"https:\/\/elfsight.com\/fr\/announcement-bar-widget\/examples\/","url":"https:\/\/elfsight.com\/fr\/announcement-bar-widget\/examples\/","name":"Exemples du widget Barre d'Annonce pour diff\u00e9rentes situations","isPartOf":{"@id":"https:\/\/elfsight.com\/fr\/#website"},"datePublished":"2024-04-12T10:34:28+00:00","dateModified":"2024-06-21T14:04:48+00:00","description":"Exemples d'utilisation du widget Barre d'Annonce : communiquer des actualit\u00e9s, promouvoir de nouveaux produits, inviter les clients \u00e0 des \u00e9v\u00e9nements en utilisant des annonces accrocheuses.","breadcrumb":{"@id":"https:\/\/elfsight.com\/fr\/announcement-bar-widget\/examples\/#breadcrumb"},"inLanguage":"fr-FR","potentialAction":[{"@type":"ReadAction","target":["https:\/\/elfsight.com\/fr\/announcement-bar-widget\/examples\/"]}]},{"@type":"BreadcrumbList","@id":"https:\/\/elfsight.com\/fr\/announcement-bar-widget\/examples\/#breadcrumb","itemListElement":[{"@type":"ListItem","position":1,"name":"Home","item":"https:\/\/elfsight.com\/fr\/"},{"@type":"ListItem","position":2,"name":"Announcement Bar","item":"https:\/\/elfsight.com\/fr\/announcement-bar-widget\/"},{"@type":"ListItem","position":3,"name":"Announcement Bar &#8211; Examples"}]},{"@type":"WebSite","@id":"https:\/\/elfsight.com\/fr\/#website","url":"https:\/\/elfsight.com\/fr\/","name":"Elfsight FR","description":"","potentialAction":[{"@type":"SearchAction","target":{"@type":"EntryPoint","urlTemplate":"https:\/\/elfsight.com\/fr\/?s={search_term_string}"},"query-input":{"@type":"PropertyValueSpecification","valueRequired":true,"valueName":"search_term_string"}}],"inLanguage":"fr-FR"}]}},"meta_box":{"industry":"","seo_heading":"","heading":"","description":"","cta_heading":"","cta_description":"","application":"7311","h1":"","h1_caption":"","application_category":[],"applications_title":"","applications_request_title":"","applications_request_button_text":"","hero_text":"","hero_video":"","hero_video_schema_markup":"","selling_points_title":"","selling_points_caption":"","selling_points":[],"selling_points_cta_text":"","features_title":"","features":"","ed_cta_examples_text":"","ed_cta_examples_hidden":"","ed_cta_demo_text":"","ed_cta_demo_hidden":"","why_caption":"","why_editor_title":"","why_editor_text":"","why_team_title":"","why_team_text":"","why_service_title":"","why_service_text":"","template_catalog_visible":"","template_catalog_title":"","template_catalog_text":"","template_catalog_categories_visible":"","demo_title":"","demo_caption":"","default_faq_hidden":"","app_template_category":[],"platform":"","template_public_id":"","codecanyon_url":"","codecanyon_item_id":"","codecanyon_price":"","pricing_caption":"","pricing_elfsight_apps_hide_column":"","pricing_elfsight_apps_url":"","pricing_codecanyon_price_caption":"","integration_category":[],"integration_request_title":"","integration_request_cta":"","integration_platform":"","integrations":[],"platform_category":[],"video_schema_markup":"","price":"","trial":"","benefits":[],"button_url":"#demo","button_target_blank":"","button_nofollow":"","attributes":[],"tags":[],"tags_disable_links":"","hide_more_platforms":"","video_object":"","demo_hide_cta":"","demo_hide_cloud_options":"","pricing_title":"","pricing":[],"related_apps_title":"","related_apps_hidden":"","author":"","image":[],"title":"","job":"","social_networks":[]},"_links":{"self":[{"href":"https:\/\/elfsight.com\/fr\/wp-json\/wp\/v2\/pages\/7402","targetHints":{"allow":["GET"]}}],"collection":[{"href":"https:\/\/elfsight.com\/fr\/wp-json\/wp\/v2\/pages"}],"about":[{"href":"https:\/\/elfsight.com\/fr\/wp-json\/wp\/v2\/types\/page"}],"author":[{"embeddable":true,"href":"https:\/\/elfsight.com\/fr\/wp-json\/wp\/v2\/users\/9"}],"replies":[{"embeddable":true,"href":"https:\/\/elfsight.com\/fr\/wp-json\/wp\/v2\/comments?post=7402"}],"version-history":[{"count":1,"href":"https:\/\/elfsight.com\/fr\/wp-json\/wp\/v2\/pages\/7402\/revisions"}],"predecessor-version":[{"id":7403,"href":"https:\/\/elfsight.com\/fr\/wp-json\/wp\/v2\/pages\/7402\/revisions\/7403"}],"up":[{"embeddable":true,"href":"https:\/\/elfsight.com\/fr\/wp-json\/wp\/v2\/pages\/7325"}],"wp:attachment":[{"href":"https:\/\/elfsight.com\/fr\/wp-json\/wp\/v2\/media?parent=7402"}],"curies":[{"name":"wp","href":"https:\/\/api.w.org\/{rel}","templated":true}]}}