{"id":7400,"date":"2024-04-12T10:25:34","date_gmt":"2024-04-12T10:25:34","guid":{"rendered":"https:\/\/elfsight.com\/fr\/?page_id=7400"},"modified":"2024-06-21T14:04:48","modified_gmt":"2024-06-21T14:04:48","slug":"examples","status":"publish","type":"page","link":"https:\/\/elfsight.com\/fr\/linkedin-feed-widget\/examples\/","title":{"rendered":"LinkedIn Feed &#8211; Examples"},"content":{"rendered":"\n<div class=\"application-examples-item application-examples-item-loading\">\n                            <div class=\"col-row\">\n                                <div class=\"col-6 col-m-8 col-s-12\"><h3 class=\"application-examples-item-title\">Exemple 1: Carrousel<\/h3><div class=\"application-examples-item-description\">Affichez vos publications LinkedIn dans un format de carrousel \u00e9l\u00e9gant qui se d\u00e9file d'un simple toucher du bouton fl\u00e9ch\u00e9. Le flux est enti\u00e8rement optimis\u00e9 pour n'importe quel appareil et promet d'\u00eatre tr\u00e8s r\u00e9actif avec une navigation dynamique.<\/div><\/div>\n                <\/div>\n\n                <div class=\"application-examples-item-iframe-container browser-frame\">\n                    <div class=\"application-examples-item-iframe-wrapper\">\n                        <iframe class=\"application-examples-item-iframe application-examples-item-iframe-fixed-height\" data-src=\"https:\/\/widget-d244be276704455896491a3f0ca3e413.elfsig.ht?padding=40\" width=\"100%\" height=\"550\" allow=\"autoplay; fullscreen\"><\/iframe>\n                    <\/div>\n\n                    <div class=\"application-examples-item-loader\"><\/div>\n                <\/div>\n            <\/div>\n\n<div class=\"application-examples-item application-examples-item-loading\">\n                            <div class=\"col-row\">\n                                <div class=\"col-6 col-m-8 col-s-12\"><h3 class=\"application-examples-item-title\">Exemple 2: Ma\u00e7onnerie<\/h3><div class=\"application-examples-item-description\">Ce mod\u00e8le pr\u00e9sente le contenu LinkedIn avec une structure tendance en disposant les publications dans une grille de type mosa\u00efque, chacune s'int\u00e9grant parfaitement \u00e0 l'espace disponible de votre zone de contenu. Donnez \u00e0 votre site web un aspect frais et contemporain avec un attrait asym\u00e9trique.<\/div><\/div>\n                <\/div>\n\n                <div class=\"application-examples-item-iframe-container browser-frame\">\n                    <div class=\"application-examples-item-iframe-wrapper\">\n                        <iframe class=\"application-examples-item-iframe application-examples-item-iframe-fixed-height\" data-src=\"https:\/\/widget-2505684abc6f440788837432b3d0956c.elfsig.ht?padding=40\" width=\"100%\" height=\"800\" allow=\"autoplay; fullscreen\"><\/iframe>\n                    <\/div>\n\n                    <div class=\"application-examples-item-loader\"><\/div>\n                <\/div>\n            <\/div>\n\n<div class=\"application-examples-item application-examples-item-loading\">\n                            <div class=\"col-row\">\n                                <div class=\"col-6 col-m-8 col-s-12\"><h3 class=\"application-examples-item-title\">Exemple 3: Chronologie<\/h3><div class=\"application-examples-item-description\">Avec sa disposition chronologique, ce mod\u00e8le permet aux utilisateurs du site web de parcourir vos publications LinkedIn pass\u00e9es, leur offrant une vue compl\u00e8te de votre parcours professionnel. Chaque publication dans un flux affiche une description d\u00e9taill\u00e9e, du multim\u00e9dia et des boutons d'appel \u00e0 l'action.<\/div><\/div>\n                <\/div>\n\n                <div class=\"application-examples-item-iframe-container browser-frame\">\n                    <div class=\"application-examples-item-iframe-wrapper\">\n                        <iframe class=\"application-examples-item-iframe application-examples-item-iframe-fixed-height\" data-src=\"https:\/\/widget-a72e4733b0c444febbff80efd569587e.elfsig.ht?padding=40\" width=\"100%\" height=\"800\" allow=\"autoplay; fullscreen\"><\/iframe>\n                    <\/div>\n\n                    <div class=\"application-examples-item-loader\"><\/div>\n                <\/div>\n            <\/div>\n\n<div class=\"application-examples-item application-examples-item-loading\">\n                            <div class=\"col-row\">\n                                <div class=\"col-6 col-m-8 col-s-12\"><h3 class=\"application-examples-item-title\">Exemple 4: Grille<\/h3><div class=\"application-examples-item-description\">Propre, organis\u00e9 et visuellement attrayant, c'est ce que propose le mod\u00e8le Grille. Affichez votre contenu LinkedIn dans une disposition de grille soign\u00e9e, s\u00e9lectionnez le nombre de colonnes et de lignes, et mettez en avant le bouton 'Charger plus' avec une couleur vive.<\/div><\/div>\n                <\/div>\n\n                <div class=\"application-examples-item-iframe-container browser-frame\">\n                    <div class=\"application-examples-item-iframe-wrapper\">\n                        <iframe class=\"application-examples-item-iframe application-examples-item-iframe-fixed-height\" data-src=\"https:\/\/widget-87a1123df0d6404f917cce769927a12f.elfsig.ht?padding=40\" width=\"100%\" height=\"800\" allow=\"autoplay; fullscreen\"><\/iframe>\n                    <\/div>\n\n                    <div class=\"application-examples-item-loader\"><\/div>\n                <\/div>\n            <\/div>\n\n<div class=\"application-cta-create\">\n                    <div class=\"application-cta-create-bg\">\n                        <div class=\"application-cta-create-bg-left\"><\/div>\n\n                        <div class=\"application-cta-create-bg-right\">\n                            <img decoding=\"async\" src=\"https:\/\/elfsight.com\/fr\/wp-content\/themes\/elfsight\/frontend\/assets\/img\/application-cta-create.jpg\" alt=\"Commencez par cr\u00e9er votre widget\">\n                        <\/div>\n                    <\/div>\n\n                    <div class=\"application-cta-create-content inner\">\n                        <div class=\"application-cta-create-content-inner\">\n                            <div class=\"application-cta-create-content-icon\">\n                                <svg viewBox=\"0 0 25 25\" width=\"100%\" height=\"100%\">\n                                    <use xlink:href=\"#icon-settings\"><\/use>\n                                <\/svg>\n                            <\/div>\n\n                            <div class=\"application-cta-create-content-title\">Commencez par cr\u00e9er votre widget<\/div>\n\n                            <div class=\"application-cta-create-content-text\">Vite. Facile. Pas de codage.<\/div>\n\n                            <a class=\"application-cta-create-content-button button-48 button-has-right-icon button-black button\" href=\"\">\n                                <span class=\"button-label\">Cr\u00e9er un widget<\/span>\n\n                                <svg class=\"button-icon\">\n                                    <use xlink:href=\"#icon-arrow-link\"><\/use>\n                                <\/svg>\n                            <\/a>\n                        <\/div>\n                    <\/div>\n                <\/div>\n\n<div class=\"application-examples-item application-examples-item-loading\">\n                            <div class=\"col-row\">\n                                <div class=\"col-6 col-m-8 col-s-12\"><h3 class=\"application-examples-item-title\">Exemple 5: Curseur<\/h3><div class=\"application-examples-item-description\">Affichez une publication \u00e0 la fois pour capturer toute l'attention n\u00e9cessaire et obtenir une conversation plus \u00e9lev\u00e9e. Il inclut non seulement les d\u00e9tails de la publication, mais aussi des vid\u00e9os et des images. Et malgr\u00e9 la taille compacte du mod\u00e8le, vous pouvez toujours apporter de l'\u00e9l\u00e9gance et de l'interactivit\u00e9 \u00e0 votre site web.<\/div><\/div>\n                <\/div>\n\n                <div class=\"application-examples-item-iframe-container browser-frame\">\n                    <div class=\"application-examples-item-iframe-wrapper\">\n                        <iframe class=\"application-examples-item-iframe application-examples-item-iframe-fixed-height\" data-src=\"https:\/\/widget-bb6a5086cb2c4d6e924effa474493920.elfsig.ht?padding=40\" width=\"100%\" height=\"600\" allow=\"autoplay; fullscreen\"><\/iframe>\n                    <\/div>\n\n                    <div class=\"application-examples-item-loader\"><\/div>\n                <\/div>\n            <\/div>\n\n<div class=\"application-examples-item application-examples-item-loading\">\n                            <div class=\"col-row\">\n                                <div class=\"col-6 col-m-8 col-s-12\"><h3 class=\"application-examples-item-title\">Exemple 6: Petit Widget<\/h3><div class=\"application-examples-item-description\">Peu importe la taille r\u00e9duite et le design minimaliste, ce mod\u00e8le vous permet de diffuser vos publications LinkedIn dans un format condens\u00e9, ce qui le rend id\u00e9al pour les barres lat\u00e9rales, les pieds de page ou tout espace limit\u00e9 sur votre site web. Il conserve toujours son efficacit\u00e9 en termes de fonctionnalit\u00e9 et d'attrait visuel, comme la description, les visuels et les boutons de partage et de j'aime.<\/div><\/div>\n                <\/div>\n\n                <div class=\"application-examples-item-iframe-container browser-frame\">\n                    <div class=\"application-examples-item-iframe-wrapper\">\n                        <iframe class=\"application-examples-item-iframe application-examples-item-iframe-fixed-height\" data-src=\"https:\/\/widget-ec95070134a8422dadfce1eeee641d60.elfsig.ht?padding=40\" width=\"100%\" height=\"600\" allow=\"autoplay; fullscreen\"><\/iframe>\n                    <\/div>\n\n                    <div class=\"application-examples-item-loader\"><\/div>\n                <\/div>\n            <\/div>\n","protected":false},"excerpt":{"rendered":"","protected":false},"author":9,"featured_media":0,"parent":7326,"menu_order":0,"comment_status":"closed","ping_status":"closed","template":"templates\/template-application-examples.php","meta":{"publish_to_discourse":"","publish_post_category":"","wpdc_auto_publish_overridden":"","wpdc_topic_tags":"","wpdc_pin_topic":"","wpdc_pin_until":"","discourse_post_id":"","discourse_permalink":"","wpdc_publishing_response":"","wpdc_publishing_error":"","footnotes":""},"class_list":["post-7400","page","type-page","status-publish","hentry"],"yoast_head":"<!-- This site is optimized with the Yoast SEO plugin v25.3.1 - https:\/\/yoast.com\/wordpress\/plugins\/seo\/ -->\n<title>Les meilleurs exemples de widget de flux LinkedIn pour votre site web<\/title>\n<meta name=\"description\" content=\"Les 6 meilleurs exemples de flux LinkedIn : Carrousel, Ma\u00e7onnerie, Chronologie, Grille, Curseur et Petit Widget. Int\u00e9gration sans codage. Essayez-les d\u00e8s aujourd&#039;hui !\" \/>\n<meta name=\"robots\" content=\"index, follow, max-snippet:-1, max-image-preview:large, max-video-preview:-1\" \/>\n<link rel=\"canonical\" href=\"https:\/\/elfsight.com\/fr\/linkedin-feed-widget\/examples\/\" \/>\n<meta property=\"og:locale\" content=\"fr_FR\" \/>\n<meta property=\"og:type\" content=\"article\" \/>\n<meta property=\"og:title\" content=\"Les meilleurs exemples de widget de flux LinkedIn pour votre site web\" \/>\n<meta property=\"og:description\" content=\"Les 6 meilleurs exemples de flux LinkedIn : Carrousel, Ma\u00e7onnerie, Chronologie, Grille, Curseur et Petit Widget. Int\u00e9gration sans codage. Essayez-les d\u00e8s aujourd&#039;hui !\" \/>\n<meta property=\"og:url\" content=\"https:\/\/elfsight.com\/fr\/linkedin-feed-widget\/examples\/\" \/>\n<meta property=\"og:site_name\" content=\"Elfsight FR\" \/>\n<meta property=\"article:modified_time\" content=\"2024-06-21T14:04:48+00:00\" \/>\n<meta name=\"twitter:card\" content=\"summary_large_image\" \/>\n<meta name=\"twitter:label1\" content=\"Dur\u00e9e de lecture estim\u00e9e\" \/>\n\t<meta name=\"twitter:data1\" content=\"2 minutes\" \/>\n<!-- \/ Yoast SEO plugin. -->","yoast_head_json":{"title":"Les meilleurs exemples de widget de flux LinkedIn pour votre site web","description":"Les 6 meilleurs exemples de flux LinkedIn : Carrousel, Ma\u00e7onnerie, Chronologie, Grille, Curseur et Petit Widget. Int\u00e9gration sans codage. Essayez-les d\u00e8s aujourd'hui !","robots":{"index":"index","follow":"follow","max-snippet":"max-snippet:-1","max-image-preview":"max-image-preview:large","max-video-preview":"max-video-preview:-1"},"canonical":"https:\/\/elfsight.com\/fr\/linkedin-feed-widget\/examples\/","og_locale":"fr_FR","og_type":"article","og_title":"Les meilleurs exemples de widget de flux LinkedIn pour votre site web","og_description":"Les 6 meilleurs exemples de flux LinkedIn : Carrousel, Ma\u00e7onnerie, Chronologie, Grille, Curseur et Petit Widget. Int\u00e9gration sans codage. Essayez-les d\u00e8s aujourd'hui !","og_url":"https:\/\/elfsight.com\/fr\/linkedin-feed-widget\/examples\/","og_site_name":"Elfsight FR","article_modified_time":"2024-06-21T14:04:48+00:00","twitter_card":"summary_large_image","twitter_misc":{"Dur\u00e9e de lecture estim\u00e9e":"2 minutes"},"schema":{"@context":"https:\/\/schema.org","@graph":[{"@type":"WebPage","@id":"https:\/\/elfsight.com\/fr\/linkedin-feed-widget\/examples\/","url":"https:\/\/elfsight.com\/fr\/linkedin-feed-widget\/examples\/","name":"Les meilleurs exemples de widget de flux LinkedIn pour votre site web","isPartOf":{"@id":"https:\/\/elfsight.com\/fr\/#website"},"datePublished":"2024-04-12T10:25:34+00:00","dateModified":"2024-06-21T14:04:48+00:00","description":"Les 6 meilleurs exemples de flux LinkedIn : Carrousel, Ma\u00e7onnerie, Chronologie, Grille, Curseur et Petit Widget. Int\u00e9gration sans codage. Essayez-les d\u00e8s aujourd'hui !","breadcrumb":{"@id":"https:\/\/elfsight.com\/fr\/linkedin-feed-widget\/examples\/#breadcrumb"},"inLanguage":"fr-FR","potentialAction":[{"@type":"ReadAction","target":["https:\/\/elfsight.com\/fr\/linkedin-feed-widget\/examples\/"]}]},{"@type":"BreadcrumbList","@id":"https:\/\/elfsight.com\/fr\/linkedin-feed-widget\/examples\/#breadcrumb","itemListElement":[{"@type":"ListItem","position":1,"name":"Home","item":"https:\/\/elfsight.com\/fr\/"},{"@type":"ListItem","position":2,"name":"LinkedIn Feed","item":"https:\/\/elfsight.com\/fr\/linkedin-feed-widget\/"},{"@type":"ListItem","position":3,"name":"LinkedIn Feed &#8211; Examples"}]},{"@type":"WebSite","@id":"https:\/\/elfsight.com\/fr\/#website","url":"https:\/\/elfsight.com\/fr\/","name":"Elfsight FR","description":"","potentialAction":[{"@type":"SearchAction","target":{"@type":"EntryPoint","urlTemplate":"https:\/\/elfsight.com\/fr\/?s={search_term_string}"},"query-input":{"@type":"PropertyValueSpecification","valueRequired":true,"valueName":"search_term_string"}}],"inLanguage":"fr-FR"}]}},"meta_box":{"industry":"","seo_heading":"","heading":"","description":"","cta_heading":"","cta_description":"","application":"7313","h1":"Exemples de Flux LinkedIn","h1_caption":"Consultez les exemples de Flux LinkedIn pour d\u00e9couvrir tout le potentiel du widget. Assurez-vous qu'il conviendra \u00e0 tous vos objectifs.","application_category":[],"applications_title":"","applications_request_title":"","applications_request_button_text":"","hero_text":"","hero_video":"","hero_video_schema_markup":"","selling_points_title":"","selling_points_caption":"","selling_points":[],"selling_points_cta_text":"","features_title":"","features":"","ed_cta_examples_text":"","ed_cta_examples_hidden":"","ed_cta_demo_text":"","ed_cta_demo_hidden":"","why_caption":"","why_editor_title":"","why_editor_text":"","why_team_title":"","why_team_text":"","why_service_title":"","why_service_text":"","template_catalog_visible":"","template_catalog_title":"","template_catalog_text":"","template_catalog_categories_visible":"","demo_title":"","demo_caption":"","default_faq_hidden":"","app_template_category":[],"platform":"","template_public_id":"","codecanyon_url":"","codecanyon_item_id":"","codecanyon_price":"","pricing_caption":"","pricing_elfsight_apps_hide_column":"","pricing_elfsight_apps_url":"","pricing_codecanyon_price_caption":"","integration_category":[],"integration_request_title":"","integration_request_cta":"","integration_platform":"","integrations":[],"platform_category":[],"video_schema_markup":"","price":"","trial":"","benefits":[],"button_url":"#demo","button_target_blank":"","button_nofollow":"","attributes":[],"tags":[],"tags_disable_links":"","hide_more_platforms":"","video_object":"","demo_hide_cta":"","demo_hide_cloud_options":"","pricing_title":"","pricing":[],"related_apps_title":"","related_apps_hidden":"","author":"","image":[],"title":"","job":"","social_networks":[]},"_links":{"self":[{"href":"https:\/\/elfsight.com\/fr\/wp-json\/wp\/v2\/pages\/7400","targetHints":{"allow":["GET"]}}],"collection":[{"href":"https:\/\/elfsight.com\/fr\/wp-json\/wp\/v2\/pages"}],"about":[{"href":"https:\/\/elfsight.com\/fr\/wp-json\/wp\/v2\/types\/page"}],"author":[{"embeddable":true,"href":"https:\/\/elfsight.com\/fr\/wp-json\/wp\/v2\/users\/9"}],"replies":[{"embeddable":true,"href":"https:\/\/elfsight.com\/fr\/wp-json\/wp\/v2\/comments?post=7400"}],"version-history":[{"count":1,"href":"https:\/\/elfsight.com\/fr\/wp-json\/wp\/v2\/pages\/7400\/revisions"}],"predecessor-version":[{"id":7401,"href":"https:\/\/elfsight.com\/fr\/wp-json\/wp\/v2\/pages\/7400\/revisions\/7401"}],"up":[{"embeddable":true,"href":"https:\/\/elfsight.com\/fr\/wp-json\/wp\/v2\/pages\/7326"}],"wp:attachment":[{"href":"https:\/\/elfsight.com\/fr\/wp-json\/wp\/v2\/media?parent=7400"}],"curies":[{"name":"wp","href":"https:\/\/api.w.org\/{rel}","templated":true}]}}