{"id":7341,"date":"2024-04-10T09:24:23","date_gmt":"2024-04-10T09:24:23","guid":{"rendered":"https:\/\/elfsight.com\/fr\/?page_id=7341"},"modified":"2025-06-30T12:56:11","modified_gmt":"2025-06-30T12:56:11","slug":"create","status":"publish","type":"page","link":"https:\/\/elfsight.com\/fr\/instagram-chat-widget\/create\/","title":{"rendered":"Instagram Chat &#8211; Create"},"content":{"rendered":"\n<div class=\"faq\" data-component=\"FAQ\">\n<div class=\"faq-item\">\r\n\t\t\t\t\t<div class=\"faq-item-question\">\r\n\t\t\t\t\t\t<h3 class=\"faq-item-question-text\">Puis-je modifier la conception de mon widget ?<\/h3>\r\n\r\n\t\t\t\t\t\t<div class=\"faq-item-question-icon\"><\/div>\r\n\t\t\t\t\t<\/div>\r\n\r\n\t\t\t\t\t<div class=\"faq-item-answer\">\r\n\t\t\t\t\t\t<div class=\"faq-item-answer-text\">Bien s\u00fbr ! Vous \u00eates libre d\u2019effectuer tous les changements n\u00e9cessaires dans notre \u00e9diteur en direct. Il suffit d\u2019aller dans la section Style et d\u2019effectuer toutes les modifications. Une fois termin\u00e9, enregistrez les changements.<\/div>\r\n\t\t\t\t\t<\/div>\r\n\t\t\t\t<\/div>\n<div class=\"faq-item\">\r\n\t\t\t\t\t<div class=\"faq-item-question\">\r\n\t\t\t\t\t\t<h3 class=\"faq-item-question-text\">Comment puis-je int\u00e9grer Instagram Chat sur le mod\u00e8le de mon site ?<\/h3>\r\n\r\n\t\t\t\t\t\t<div class=\"faq-item-question-icon\"><\/div>\r\n\t\t\t\t\t<\/div>\r\n\r\n\t\t\t\t\t<div class=\"faq-item-answer\">\r\n\t\t\t\t\t\t<div class=\"faq-item-answer-text\">Tout ce que vous devez faire, c\u2019est de construire votre widget, puis de modifier son style et d\u2019enregistrer les changements. Copiez le code de votre widget et int\u00e9grez-le dans le template que vous utilisez actuellement. Vous pouvez aussi <a href=\"https:\/\/elfsight.com\/blog\/how-to-embed-instagram-feed-on-website\/\">int\u00e9grer Instagram Feed<\/a> \u00e0 votre site web pour pr\u00e9senter un fil d\u2019actualit\u00e9s interactif.<\/div>\r\n\t\t\t\t\t<\/div>\r\n\t\t\t\t<\/div>\n<div class=\"faq-item\">\r\n\t\t\t\t\t<div class=\"faq-item-question\">\r\n\t\t\t\t\t\t<h3 class=\"faq-item-question-text\">Vos widgets sont-ils adapt\u00e9s \u00e0 ma plateforme de site web ?<\/h3>\r\n\r\n\t\t\t\t\t\t<div class=\"faq-item-question-icon\"><\/div>\r\n\t\t\t\t\t<\/div>\r\n\r\n\t\t\t\t\t<div class=\"faq-item-answer\">\r\n\t\t\t\t\t\t<div class=\"faq-item-answer-text\">Bien s\u00fbr ! Nos widgets sont con\u00e7us pour fonctionner parfaitement sur toutes les plateformes de site web les plus utilis\u00e9es, par exemple Squarespace et WordPress. De plus, si vous rencontrez des probl\u00e8mes, notre \u00e9quipe d\u2019assistance est toujours pr\u00eate \u00e0 vous aider.<\/div>\r\n\t\t\t\t\t<\/div>\r\n\t\t\t\t<\/div>\n<div class=\"faq-item\">\r\n\t\t\t\t\t<div class=\"faq-item-question\">\r\n\t\t\t\t\t\t<h3 class=\"faq-item-question-text\">Votre widget est-il r\u00e9actif sur les appareils mobiles ?<\/h3>\r\n\r\n\t\t\t\t\t\t<div class=\"faq-item-question-icon\"><\/div>\r\n\t\t\t\t\t<\/div>\r\n\r\n\t\t\t\t\t<div class=\"faq-item-answer\">\r\n\t\t\t\t\t\t<div class=\"faq-item-answer-text\">Certainement ! Vous n\u2019avez pas \u00e0 vous inqui\u00e9ter de son efficacit\u00e9 \u2013 nos widgets fonctionnent et s\u2019affichent parfaitement sur tout type d\u2019appareil que vous utilisez.<\/div>\r\n\t\t\t\t\t<\/div>\r\n\t\t\t\t<\/div>\n<div class=\"faq-item\">\r\n\t\t\t\t\t<div class=\"faq-item-question\">\r\n\t\t\t\t\t\t<h3 class=\"faq-item-question-text\">Puis-je ajuster les param\u00e8tres de taille de l\u2019Instagram Chat ?<\/h3>\r\n\r\n\t\t\t\t\t\t<div class=\"faq-item-question-icon\"><\/div>\r\n\t\t\t\t\t<\/div>\r\n\r\n\t\t\t\t\t<div class=\"faq-item-answer\">\r\n\t\t\t\t\t\t<div class=\"faq-item-answer-text\">Oui. Tout ce que vous avez \u00e0 faire, c\u2019est d\u2019ouvrir l\u2019\u00e9diteur et de sp\u00e9cifier la hauteur et la largeur de votre widget en pixels ou en pourcentages. Vous pouvez aussi choisir l\u2019option Auto afin qu\u2019il s\u2019adapte parfaitement \u00e0 l\u2019espace disponible sur la page de votre site web.<\/div>\r\n\t\t\t\t\t<\/div>\r\n\t\t\t\t<\/div>\n<\/div>\n","protected":false},"excerpt":{"rendered":"","protected":false},"author":9,"featured_media":0,"parent":7317,"menu_order":0,"comment_status":"closed","ping_status":"closed","template":"templates\/template-application-create.php","meta":{"publish_to_discourse":"","publish_post_category":"","wpdc_auto_publish_overridden":"","wpdc_topic_tags":"","wpdc_pin_topic":"","wpdc_pin_until":"","discourse_post_id":"","discourse_permalink":"","wpdc_publishing_response":"","wpdc_publishing_error":"","footnotes":""},"class_list":["post-7341","page","type-page","status-publish","hentry"],"yoast_head":"<!-- This site is optimized with the Yoast SEO plugin v25.3.1 - https:\/\/yoast.com\/wordpress\/plugins\/seo\/ -->\n<title>Widget de chat Instagram gratuit pour site web<\/title>\n<meta name=\"description\" content=\"Widget Elfsight pour int\u00e9grer Instagram Chat \u00e0 votre site web. Int\u00e9gration facile et sans codage.\" \/>\n<meta name=\"robots\" content=\"index, follow, max-snippet:-1, max-image-preview:large, max-video-preview:-1\" \/>\n<link rel=\"canonical\" href=\"https:\/\/elfsight.com\/fr\/instagram-chat-widget\/create\/\" \/>\n<meta property=\"og:locale\" content=\"fr_FR\" \/>\n<meta property=\"og:type\" content=\"article\" \/>\n<meta property=\"og:title\" content=\"Widget de chat Instagram gratuit pour site web\" \/>\n<meta property=\"og:description\" content=\"Widget Elfsight pour int\u00e9grer Instagram Chat \u00e0 votre site web. Int\u00e9gration facile et sans codage.\" \/>\n<meta property=\"og:url\" content=\"https:\/\/elfsight.com\/fr\/instagram-chat-widget\/create\/\" \/>\n<meta property=\"og:site_name\" content=\"Elfsight FR\" \/>\n<meta property=\"article:modified_time\" content=\"2025-06-30T12:56:11+00:00\" \/>\n<meta name=\"twitter:card\" content=\"summary_large_image\" \/>\n<meta name=\"twitter:label1\" content=\"Dur\u00e9e de lecture estim\u00e9e\" \/>\n\t<meta name=\"twitter:data1\" content=\"2 minutes\" \/>\n<!-- \/ Yoast SEO plugin. -->","yoast_head_json":{"title":"Widget de chat Instagram gratuit pour site web","description":"Widget Elfsight pour int\u00e9grer Instagram Chat \u00e0 votre site web. Int\u00e9gration facile et sans codage.","robots":{"index":"index","follow":"follow","max-snippet":"max-snippet:-1","max-image-preview":"max-image-preview:large","max-video-preview":"max-video-preview:-1"},"canonical":"https:\/\/elfsight.com\/fr\/instagram-chat-widget\/create\/","og_locale":"fr_FR","og_type":"article","og_title":"Widget de chat Instagram gratuit pour site web","og_description":"Widget Elfsight pour int\u00e9grer Instagram Chat \u00e0 votre site web. Int\u00e9gration facile et sans codage.","og_url":"https:\/\/elfsight.com\/fr\/instagram-chat-widget\/create\/","og_site_name":"Elfsight FR","article_modified_time":"2025-06-30T12:56:11+00:00","twitter_card":"summary_large_image","twitter_misc":{"Dur\u00e9e de lecture estim\u00e9e":"2 minutes"},"schema":{"@context":"https:\/\/schema.org","@graph":[{"@type":"WebPage","@id":"https:\/\/elfsight.com\/fr\/instagram-chat-widget\/create\/","url":"https:\/\/elfsight.com\/fr\/instagram-chat-widget\/create\/","name":"Widget de chat Instagram gratuit pour site web","isPartOf":{"@id":"https:\/\/elfsight.com\/fr\/#website"},"datePublished":"2024-04-10T09:24:23+00:00","dateModified":"2025-06-30T12:56:11+00:00","description":"Widget Elfsight pour int\u00e9grer Instagram Chat \u00e0 votre site web. Int\u00e9gration facile et sans codage.","breadcrumb":{"@id":"https:\/\/elfsight.com\/fr\/instagram-chat-widget\/create\/#breadcrumb"},"inLanguage":"fr-FR","potentialAction":[{"@type":"ReadAction","target":["https:\/\/elfsight.com\/fr\/instagram-chat-widget\/create\/"]}]},{"@type":"BreadcrumbList","@id":"https:\/\/elfsight.com\/fr\/instagram-chat-widget\/create\/#breadcrumb","itemListElement":[{"@type":"ListItem","position":1,"name":"Home","item":"https:\/\/elfsight.com\/fr\/"},{"@type":"ListItem","position":2,"name":"Instagram Chat","item":"https:\/\/elfsight.com\/fr\/instagram-chat-widget\/"},{"@type":"ListItem","position":3,"name":"Instagram Chat &#8211; Create"}]},{"@type":"WebSite","@id":"https:\/\/elfsight.com\/fr\/#website","url":"https:\/\/elfsight.com\/fr\/","name":"Elfsight FR","description":"","potentialAction":[{"@type":"SearchAction","target":{"@type":"EntryPoint","urlTemplate":"https:\/\/elfsight.com\/fr\/?s={search_term_string}"},"query-input":{"@type":"PropertyValueSpecification","valueRequired":true,"valueName":"search_term_string"}}],"inLanguage":"fr-FR"}]}},"meta_box":{"industry":"","seo_heading":"","heading":"","description":"","cta_heading":"","cta_description":"","application":"7309","h1":"Cr\u00e9er un widget Instagram Chat","h1_caption":"Ajoutez le widget \u00e0 votre site web. Rapide. Facile. Sans codage.","application_category":[],"applications_title":"","applications_request_title":"","applications_request_button_text":"","hero_text":"","hero_video":"","hero_video_schema_markup":"","selling_points_title":"","selling_points_caption":"","selling_points":[],"selling_points_cta_text":"","features_title":"","features":"","ed_cta_examples_text":"","ed_cta_examples_hidden":"","ed_cta_demo_text":"","ed_cta_demo_hidden":"","why_caption":"","why_editor_title":"","why_editor_text":"","why_team_title":"","why_team_text":"","why_service_title":"","why_service_text":"","template_catalog_visible":"","template_catalog_title":"","template_catalog_text":"","template_catalog_categories_visible":"","demo_title":"","demo_caption":"","default_faq_hidden":"","app_template_category":[],"platform":"","template_public_id":"","codecanyon_url":"","codecanyon_item_id":"","codecanyon_price":"","pricing_caption":"","pricing_elfsight_apps_hide_column":"","pricing_elfsight_apps_url":"","pricing_codecanyon_price_caption":"","integration_category":[],"integration_request_title":"","integration_request_cta":"","integration_platform":"","integrations":[],"platform_category":[],"video_schema_markup":"","price":"","trial":"","benefits":[],"button_url":"#demo","button_target_blank":"","button_nofollow":"","attributes":[],"tags":[],"tags_disable_links":"","hide_more_platforms":"","video_object":"","demo_hide_cta":"","demo_hide_cloud_options":"","pricing_title":"","pricing":[],"related_apps_title":"","related_apps_hidden":"","author":"","image":[],"title":"","job":"","social_networks":[]},"_links":{"self":[{"href":"https:\/\/elfsight.com\/fr\/wp-json\/wp\/v2\/pages\/7341","targetHints":{"allow":["GET"]}}],"collection":[{"href":"https:\/\/elfsight.com\/fr\/wp-json\/wp\/v2\/pages"}],"about":[{"href":"https:\/\/elfsight.com\/fr\/wp-json\/wp\/v2\/types\/page"}],"author":[{"embeddable":true,"href":"https:\/\/elfsight.com\/fr\/wp-json\/wp\/v2\/users\/9"}],"replies":[{"embeddable":true,"href":"https:\/\/elfsight.com\/fr\/wp-json\/wp\/v2\/comments?post=7341"}],"version-history":[{"count":2,"href":"https:\/\/elfsight.com\/fr\/wp-json\/wp\/v2\/pages\/7341\/revisions"}],"predecessor-version":[{"id":16609,"href":"https:\/\/elfsight.com\/fr\/wp-json\/wp\/v2\/pages\/7341\/revisions\/16609"}],"up":[{"embeddable":true,"href":"https:\/\/elfsight.com\/fr\/wp-json\/wp\/v2\/pages\/7317"}],"wp:attachment":[{"href":"https:\/\/elfsight.com\/fr\/wp-json\/wp\/v2\/media?parent=7341"}],"curies":[{"name":"wp","href":"https:\/\/api.w.org\/{rel}","templated":true}]}}