{"id":6727,"date":"2021-12-06T09:01:16","date_gmt":"2021-12-06T09:01:16","guid":{"rendered":"https:\/\/elfsight.com\/fr\/?page_id=6727"},"modified":"2024-11-11T11:04:39","modified_gmt":"2024-11-11T11:04:39","slug":"weebly","status":"publish","type":"page","link":"https:\/\/elfsight.com\/fr\/accordion-faq-widget\/weebly\/","title":{"rendered":"FAQ &#8211; Weebly"},"content":{"rendered":"<div class=\"application-platform-content-item-description application-platform-content-item\" id=\"description\" data-nav-section=\"description\"><h2>Description<\/h2><p>La FAQ Elfsight est un instrument pratique, facile \u00e0 installer et \u00e0 r\u00e9gler pour g\u00e9n\u00e9rer et afficher une liste des questions importantes avec r\u00e9ponses sur votre site. Une application informative au design simple vous aide \u00e0 partager des informations d\u00e9taill\u00e9es sur vos offres, \u00e0 attirer l&rsquo;attention sur leurs points forts et \u00e0 vaincre les \u00e9ventuels doutes et m\u00e9fiance, qui peuvent emp\u00eacher les utilisateurs d&rsquo;effectuer un achat.<\/p><p><b>R\u00e9solvez les probl\u00e8mes. les questions des visiteurs de votre site Web apparaissent lors d&rsquo;une deuxi\u00e8me conversion de niveau sup\u00e9rieur sur le site Web\u00a0!<\/b><\/p><ul><li><b>\u00c9liminez l&rsquo;incertitude des utilisateurs concernant vos offres et augmentez vos ventes<\/b>.<br>Publiez un maximum d&rsquo;informations sur vos produits ou services pour vos futurs clients, pour r\u00e9pondre \u00e0 toutes les questions et augmenter les revenus sur le site Web.<\/li><li><b>Concevez une image impeccable de votre marque aupr\u00e8s des clients<\/b>. <br>Assurez-vous que vos clients comprennent bien votre marque et vos processus commerciaux, afin d&rsquo;\u00e9viter toute incr\u00e9dulit\u00e9 qui les emp\u00eacherait de d\u00e9marrer une coop\u00e9ration.<\/li><li><b>R\u00e9pondez imm\u00e9diatement \u00e0 toutes les questions de vos clients<\/b>. <br>Aidez vos clients \u00e0 trouver des informations compl\u00e8tes sur vos produits ou services et \u00e0 r\u00e9soudre tout probl\u00e8me avant qu&rsquo;il n&rsquo;apparaisse.<\/li><\/ul><\/div><div class=\"application-platform-content-item-features application-platform-content-item\" id=\"features\" data-nav-section=\"features\"><h2>Fonctionnalit\u00e9s<\/h2> <p>Les avantages les plus importants de notre application, qui en ont fait l&rsquo;outil le plus efficace pour installer les FAQ sur le site Web Weebly.<\/p><ul><li>Mise en page multicolonne pour la r\u00e9partition automatique du contenu en colonnes\u00a0;<\/li><li>Couleurs personnalisables du texte de la question, du texte de la r\u00e9ponse, du nom de la cat\u00e9gorie et de l&rsquo;arri\u00e8re-plan\u00a0;<\/li><li>Ajouter et supprimer des cat\u00e9gories\u00a0;<\/li><li>Sch\u00e9ma de question de microdonn\u00e9es, pour faciliter l&rsquo;optimisation du r\u00e9f\u00e9rencement\u00a0;<\/li> <li>Support client rapide et professionnel.<\/li><\/ul><p><a href=\"#demo\">Essayez toutes les fonctionnalit\u00e9s<\/a><\/p><\/div><div class=\"application-platform-content-item- installation application-platform-content-item\" id=\" installation\" data-nav-section=\" installation\"><h2>Comment ajouter le widget FAQ Accordion sur Weebly<\/h2><div class=\"video-container\"><iframe width=\"720\" height=\"405\" src=\"https:\/\/www.youtube.com\/embed\/kWsZ13Og1SU\" frameborder=\"0\" allowfullscreen=\"\"><\/iframe><\/div><p>Installez une application \u00e0 l&rsquo;aide de notre bref guide. Vous n\u2019avez pas besoin de comp\u00e9tences en programmation web, ni de l\u2019aide d\u2019un professionnel, c\u2019est intuitif et simple. Le temps d&rsquo;installation moyen est de 3 minutes.<\/p><ol><li><b>Installer la FAQ<\/b>.<br>Obtenez le widget en appuyant sur le bouton \u00ab\u00a0AJOUTER\u00a0\u00bb sur la page avec la FAQ dans Weebly App Center.<\/li><li><b>Placez la FAQ sur le site<\/b>.<br>Dans le panneau d&rsquo;administration du g\u00e9n\u00e9rateur, faites glisser l&rsquo;\u00e9l\u00e9ment widget vers le site Web.<\/li><li><b>G\u00e9n\u00e9rez le widget<\/b>.<br>Apr\u00e8s avoir re\u00e7u le widget, cliquez sur son ic\u00f4ne pour configurer les propri\u00e9t\u00e9s cl\u00e9s. Publiez toutes les modifications.<\/li><li><b>Termin\u00e9\u00a0!<\/b>.<br>Entrez votre site Web pour v\u00e9rifier vos r\u00e9sultats\u00a0!<\/li><\/ol><p>Vous rencontrez des difficult\u00e9s lors de l&rsquo;application du guide? Envoyez une demande au centre d&rsquo;assistance Elfsight ou consultez la version compl\u00e8te du manuel \u00ab\u00a0<a href=\"https:\/\/elfsight.com\/tutorials\/how-to-add-faq-widget-to-weebly\/\" target=\"_blank \" rel=\"noopener noreferrer\">Comment ajouter une FAQ \u00e0 Weebly<\/a>\u00bb et terminez l&rsquo;ajout par vous-m\u00eame.<\/p><div class=\"faq\" data-component=\"FAQ\"><div class=\"faq-item\">\r\n\t\t\t\t\t<div class=\"faq-item-question\">\r\n\t\t\t\t\t\t<h3 class=\"faq-item-question-text\">Comment puis-je ajouter une FAQ \u00e0 mon site Web Weebly sans coder skills?<\/h3>\r\n\r\n\t\t\t\t\t\t<div class=\"faq-item-question-icon\"><\/div>\r\n\t\t\t\t\t<\/div>\r\n\r\n\t\t\t\t\t<div class=\"faq-item-answer\">\r\n\t\t\t\t\t\t<div class=\"faq-item-answer-text\"> <p>Elfsight fournit une solution SaaS qui vous permet de cr\u00e9er vous-m\u00eame un widget FAQ. Voyez \u00e0 quel point le processus est simple\u00a0: travaillez directement dans l&rsquo;\u00e9diteur en ligne pour cr\u00e9er un widget FAQ que vous aimeriez voir sur votre site Web Weebly. Choisissez l&rsquo;un des mod\u00e8les pr\u00e9d\u00e9finis et ajustez les param\u00e8tres de la FAQ, ajoutez votre contenu, modifiez la mise en page et les couleurs sans comp\u00e9tences en codage. Enregistrez la FAQ et copiez son code d&rsquo;installation, que vous pouvez facilement int\u00e9grer dans votre site Web Weebly sans acheter de forfait payant. Gr\u00e2ce \u00e0 notre \u00e9diteur intuitif, tout internaute peut cr\u00e9er un widget FAQ en ligne et l&rsquo;int\u00e9grer facilement \u00e0 son site Web Weebly. Il n&rsquo;est pas n\u00e9cessaire de payer ou de saisir les informations d&rsquo;identification de votre carte pour acc\u00e9der au service. Si vous rencontrez des probl\u00e8mes \u00e0 n&rsquo;importe quelle \u00e9tape, n&rsquo;h\u00e9sitez pas \u00e0 contacter notre \u00e9quipe d&rsquo;assistance technique.<\/p> <\/div>\r\n\t\t\t\t\t<\/div>\r\n\t\t\t\t<\/div> <\/div><\/div>","protected":false},"excerpt":{"rendered":"","protected":false},"author":18,"featured_media":0,"parent":1136,"menu_order":0,"comment_status":"closed","ping_status":"closed","template":"templates\/template-application-platform.php","meta":{"publish_to_discourse":"","publish_post_category":"","wpdc_auto_publish_overridden":"","wpdc_topic_tags":"","wpdc_pin_topic":"","wpdc_pin_until":"","discourse_post_id":"","discourse_permalink":"","wpdc_publishing_response":"","wpdc_publishing_error":"","footnotes":""},"class_list":["post-6727","page","type-page","status-publish","hentry"],"yoast_head":"<!-- This site is optimized with the Yoast SEO plugin v25.3.1 - https:\/\/yoast.com\/wordpress\/plugins\/seo\/ -->\n<title>Mod\u00e8le de FAQ - ajoutez app Foire aux questions sur Weebly<\/title>\n<meta name=\"description\" content=\"Int\u00e9grez un Mod\u00e8le de FAQ attractif sur votre site. Appliquez la d\u00e9mo d&#039;Elfsight et g\u00e9n\u00e9rez votre widget en 2 minutes.\" \/>\n<meta name=\"robots\" content=\"index, follow, max-snippet:-1, max-image-preview:large, max-video-preview:-1\" \/>\n<link rel=\"canonical\" href=\"https:\/\/elfsight.com\/fr\/accordion-faq-widget\/weebly\/\" \/>\n<meta property=\"og:locale\" content=\"fr_FR\" \/>\n<meta property=\"og:type\" content=\"article\" \/>\n<meta property=\"og:title\" content=\"Mod\u00e8le de FAQ - ajoutez app Foire aux questions sur Weebly\" \/>\n<meta property=\"og:description\" content=\"Int\u00e9grez un Mod\u00e8le de FAQ attractif sur votre site. Appliquez la d\u00e9mo d&#039;Elfsight et g\u00e9n\u00e9rez votre widget en 2 minutes.\" \/>\n<meta property=\"og:url\" content=\"https:\/\/elfsight.com\/fr\/accordion-faq-widget\/weebly\/\" \/>\n<meta property=\"og:site_name\" content=\"Elfsight FR\" \/>\n<meta property=\"article:modified_time\" content=\"2024-11-11T11:04:39+00:00\" \/>\n<meta name=\"twitter:card\" content=\"summary_large_image\" \/>\n<meta name=\"twitter:label1\" content=\"Dur\u00e9e de lecture estim\u00e9e\" \/>\n\t<meta name=\"twitter:data1\" content=\"4 minutes\" \/>\n<!-- \/ Yoast SEO plugin. -->","yoast_head_json":{"title":"Mod\u00e8le de FAQ - ajoutez app Foire aux questions sur Weebly","description":"Int\u00e9grez un Mod\u00e8le de FAQ attractif sur votre site. Appliquez la d\u00e9mo d'Elfsight et g\u00e9n\u00e9rez votre widget en 2 minutes.","robots":{"index":"index","follow":"follow","max-snippet":"max-snippet:-1","max-image-preview":"max-image-preview:large","max-video-preview":"max-video-preview:-1"},"canonical":"https:\/\/elfsight.com\/fr\/accordion-faq-widget\/weebly\/","og_locale":"fr_FR","og_type":"article","og_title":"Mod\u00e8le de FAQ - ajoutez app Foire aux questions sur Weebly","og_description":"Int\u00e9grez un Mod\u00e8le de FAQ attractif sur votre site. Appliquez la d\u00e9mo d'Elfsight et g\u00e9n\u00e9rez votre widget en 2 minutes.","og_url":"https:\/\/elfsight.com\/fr\/accordion-faq-widget\/weebly\/","og_site_name":"Elfsight FR","article_modified_time":"2024-11-11T11:04:39+00:00","twitter_card":"summary_large_image","twitter_misc":{"Dur\u00e9e de lecture estim\u00e9e":"4 minutes"},"schema":{"@context":"https:\/\/schema.org","@graph":[{"@type":"WebPage","@id":"https:\/\/elfsight.com\/fr\/accordion-faq-widget\/weebly\/","url":"https:\/\/elfsight.com\/fr\/accordion-faq-widget\/weebly\/","name":"Mod\u00e8le de FAQ - ajoutez app Foire aux questions sur Weebly","isPartOf":{"@id":"https:\/\/elfsight.com\/fr\/#website"},"datePublished":"2021-12-06T09:01:16+00:00","dateModified":"2024-11-11T11:04:39+00:00","description":"Int\u00e9grez un Mod\u00e8le de FAQ attractif sur votre site. Appliquez la d\u00e9mo d'Elfsight et g\u00e9n\u00e9rez votre widget en 2 minutes.","breadcrumb":{"@id":"https:\/\/elfsight.com\/fr\/accordion-faq-widget\/weebly\/#breadcrumb"},"inLanguage":"fr-FR","potentialAction":[{"@type":"ReadAction","target":["https:\/\/elfsight.com\/fr\/accordion-faq-widget\/weebly\/"]}]},{"@type":"BreadcrumbList","@id":"https:\/\/elfsight.com\/fr\/accordion-faq-widget\/weebly\/#breadcrumb","itemListElement":[{"@type":"ListItem","position":1,"name":"Home","item":"https:\/\/elfsight.com\/fr\/"},{"@type":"ListItem","position":2,"name":"FAQ","item":"https:\/\/elfsight.com\/fr\/accordion-faq-widget\/"},{"@type":"ListItem","position":3,"name":"FAQ &#8211; Weebly"}]},{"@type":"WebSite","@id":"https:\/\/elfsight.com\/fr\/#website","url":"https:\/\/elfsight.com\/fr\/","name":"Elfsight FR","description":"","potentialAction":[{"@type":"SearchAction","target":{"@type":"EntryPoint","urlTemplate":"https:\/\/elfsight.com\/fr\/?s={search_term_string}"},"query-input":{"@type":"PropertyValueSpecification","valueRequired":true,"valueName":"search_term_string"}}],"inLanguage":"fr-FR"}]}},"meta_box":{"industry":"","seo_heading":"","heading":"","description":"","cta_heading":"","cta_description":"","application":"1129","h1":"Mod\u00e8le de FAQ pour Weebly","h1_caption":"Fournissez des r\u00e9ponses aux questions fr\u00e9quemment pos\u00e9es dans un format organis\u00e9 et consultable pour aider les utilisateurs \u00e0 trouver rapidement des solutions sur votre site Web Weebly, sans effort.","application_category":[],"applications_title":"","applications_request_title":"","applications_request_button_text":"","hero_text":"","hero_video":"","hero_video_schema_markup":"","selling_points_title":"","selling_points_caption":"","selling_points":[],"selling_points_cta_text":"","features_title":"","features":"","ed_cta_examples_text":"","ed_cta_examples_hidden":"","ed_cta_demo_text":"","ed_cta_demo_hidden":"","why_caption":"","why_editor_title":"","why_editor_text":"","why_team_title":"","why_team_text":"","why_service_title":"","why_service_text":"","template_catalog_visible":"0","template_catalog_title":"","template_catalog_text":"","template_catalog_categories_visible":"","demo_title":"Cr\u00e9ez votre application FAQ","demo_caption":"Configurez votre FAQ et ajoutez-la gratuitement \u00e0 votre site Web Weebly !","default_faq_hidden":"","app_template_category":[],"platform":"363","template_public_id":"","codecanyon_url":"","codecanyon_item_id":"","codecanyon_price":"","pricing_caption":"","pricing_elfsight_apps_hide_column":"","pricing_elfsight_apps_url":"","pricing_codecanyon_price_caption":"","integration_category":[],"integration_request_title":"","integration_request_cta":"","integration_platform":"","integrations":[],"platform_category":[],"video_schema_markup":"","price":"\u00c0 partir de $0\/mois","trial":"","benefits":[{"text":"Installation gratuite"},{"text":"Support Premium"},{"text":"Garantie de remboursement de 14 jours"},{"text":"L'am\u00e9lioration continue"}],"button_url":"#demo","button_target_blank":"0","button_nofollow":"0","attributes":[{"name":"Nombre d'installations","content":"1,000 - 5,000","_state":"expanded"},{"name":"Adaptif","content":"Oui","_state":"expanded"},{"name":"Navigateurs compatibles","content":"Firefox, Safari, Opera, Chrome, Edge","_state":"expanded"}],"tags":[],"tags_disable_links":"0","hide_more_platforms":"","video_object":"","demo_hide_cta":"0","demo_hide_cloud_options":"0","pricing_title":"","pricing":[{"pricing_icon":"platform","pricing_title":"Applications d'Elfsight","pricing_title_caption":"Solution num\u00e9rique multiplateforme qui fonctionne sur n'importe quel site","pricing_price":"\u00c0 partir de $0\/mois","pricing_price_caption":"Commencez avec un plan gratuit","pricing_benefits":[{"text":"Sites Web illimit\u00e9s"},{"text":"\u00c9quipe d'assistance professionnelle"},{"text":"Service d'installation gratuit"},{"text":"100% personnalisable"}],"pricing_button_text":"Ajouter au site Web","pricing_button_url":"https:\/\/apps.elfsight.com\/sign-up\/","pricing_button_nofollow":"1","_state":"expanded"}],"related_apps_title":"","related_apps_hidden":"1","author":"","image":[],"title":"","job":"","social_networks":[]},"_links":{"self":[{"href":"https:\/\/elfsight.com\/fr\/wp-json\/wp\/v2\/pages\/6727","targetHints":{"allow":["GET"]}}],"collection":[{"href":"https:\/\/elfsight.com\/fr\/wp-json\/wp\/v2\/pages"}],"about":[{"href":"https:\/\/elfsight.com\/fr\/wp-json\/wp\/v2\/types\/page"}],"author":[{"embeddable":true,"href":"https:\/\/elfsight.com\/fr\/wp-json\/wp\/v2\/users\/18"}],"replies":[{"embeddable":true,"href":"https:\/\/elfsight.com\/fr\/wp-json\/wp\/v2\/comments?post=6727"}],"version-history":[{"count":2,"href":"https:\/\/elfsight.com\/fr\/wp-json\/wp\/v2\/pages\/6727\/revisions"}],"predecessor-version":[{"id":14643,"href":"https:\/\/elfsight.com\/fr\/wp-json\/wp\/v2\/pages\/6727\/revisions\/14643"}],"up":[{"embeddable":true,"href":"https:\/\/elfsight.com\/fr\/wp-json\/wp\/v2\/pages\/1136"}],"wp:attachment":[{"href":"https:\/\/elfsight.com\/fr\/wp-json\/wp\/v2\/media?parent=6727"}],"curies":[{"name":"wp","href":"https:\/\/api.w.org\/{rel}","templated":true}]}}