{"id":6723,"date":"2021-12-06T09:02:28","date_gmt":"2021-12-06T09:02:28","guid":{"rendered":"https:\/\/elfsight.com\/fr\/?page_id=6723"},"modified":"2024-12-23T14:23:16","modified_gmt":"2024-12-23T14:23:16","slug":"webflow","status":"publish","type":"page","link":"https:\/\/elfsight.com\/fr\/accordion-faq-widget\/webflow\/","title":{"rendered":"FAQ &#8211; Webflow"},"content":{"rendered":"<div class=\"application-platform-content-item-description application-platform-content-item\" id=\"description\" data-nav-section=\"description\"><h2>Int\u00e9grer la FAQ sur Webflow avec le widget Elfsight<\/h2><p>Notre FAQ est un widget efficace et facile \u00e0 installer et \u00e0 configurer pour d\u00e9finir et affichez une liste des questions les plus fr\u00e9quemment pos\u00e9es avec des r\u00e9ponses sur votre site Web. Un plugin interactif avec une interface claire vous aide \u00e0 d\u00e9montrer les informations les plus d\u00e9taill\u00e9es sur vos produits, \u00e0 diriger l&rsquo;int\u00e9r\u00eat des clients vers vos avantages et \u00e0 combattre tout type de doutes et de m\u00e9fiance probables, qui pourraient emp\u00eacher la d\u00e9cision d&rsquo;achat.<\/p><p><b>R\u00e9agissez sur les questions apparues de vos clients imm\u00e9diatement et augmentez le nombre de commandes sur le site !<\/b><\/p><ul><li><b>Amenez les visiteurs \u00e0 passer leur commande en utilisant les bons textes<\/b>. <br>Publiez les r\u00e9ponses aux questions les plus importantes des clients avant qu&rsquo;elles ne surviennent et assurez-les de finaliser une commande sur votre site Web.<\/li><li><b>Obtenez une compr\u00e9hension optimale par les utilisateurs de vos produits ou services<\/b>.<br>Brisez les pr\u00e9jug\u00e9s et les doutes les plus fr\u00e9quents sur votre entreprise \u00e0 l&rsquo;aide de r\u00e9ponses d\u00e9taill\u00e9es et compr\u00e9hensibles.<\/li><li><b>R\u00e9duisez le temps et le co\u00fbt du support client<\/b>.<br>Donnez des r\u00e9ponses \u00e0 toutes les questions fr\u00e9quemment pos\u00e9es concernant vos produits ou services, pour all\u00e9ger la charge intense de votre centre d&rsquo;aide.<\/li><\/ul><\/div><div class=\"application-platform-content-item-features application-platform-content-item\" id=\"features\" data-nav-section=\"features\"><h2>Principales fonctionnalit\u00e9s de la FAQ widget<\/h2><p>Les principaux avantages de notre widget, qui en font l&rsquo;instrument le plus efficace pour ajouter des FAQ sur le site Webflow.<\/p><ul><li>3 mises en page pr\u00eates\u00a0: accord\u00e9on, liste, multicolonne\u00a0; <\/li><li>4 styles pr\u00eats \u00e0 l&#8217;emploi avec bordures et ombres\u00a0;<\/li><li>Afficher\/masquer et modifier les noms de cat\u00e9gories\u00a0;<\/li><li>Titre du widget modifiable\u00a0;<\/li><li>Mobile optimis\u00e9 pour une exp\u00e9rience fluide.<\/li><\/ul><p><a href=\"#demo\">Voir tous<\/a><\/p><\/div><div class=\"application-platform-content-item-installation application-platform-content-item\" id=\"installation\" data-nav-section=\"installation\"><h2>Comment ajouter la FAQ Accordion au site Web Webflow<\/h2><div class=\"video-container\"><iframe width=\"720\" height=\"405\" src=\"https:\/\/www.youtube.com\/embed\/6U0CG5OwsfE\" frameborder=\"0\" allowfullscreen=\"\"><\/iframe><\/div><p>G\u00e9n\u00e9rez un widget \u00e0 l&rsquo;aide de notre guide rapide. Vous n\u2019aurez pas besoin de comp\u00e9tences en programmation ni d\u2019avoir un programmeur avec vous. La dur\u00e9e moyenne d&rsquo;installation n&rsquo;est que de 3 minutes.<\/p><ol><li><b>Cr\u00e9ez votre FAQ sur mesure<\/b>.<br>Avec notre \u00e9diteur gratuit, cr\u00e9ez un widget avec un design et des options pr\u00e9f\u00e9rables.<\/li><li><b>Acqu\u00e9rir le code pour installer le widget<\/b>.<br>Apr\u00e8s la cr\u00e9ation du widget, obtenez le code du widget FAQ \u00e0 partir de la notification qui appara\u00eet sur les applications Elfsight.<\/li><li><b>R\u00e9v\u00e9lez le widget sur le site Webflow<\/b>.<br>Ajoutez le widget \u00e0 l&rsquo;endroit n\u00e9cessaire du site Web et publiez les modifications.<\/li><li><b>Termin\u00e9\u00a0!<\/b>.<br>Entrez sur votre site pour v\u00e9rifier votre travail.<\/li><\/ol><p>Vous vous posez des questions en r\u00e9alisant le tutoriel\u00a0? Contactez le centre d&rsquo;assistance Elfsight ou analysez le texte d\u00e9taill\u00e9 du manuel\u00a0: \u00ab<a href=\"https:\/\/elfsight.com\/tutorials\/how-to-add-faq-widget-to-webflow\/\" target=\" _blank\" rel=\"noopener noreferrer\">Comment ajouter une FAQ \u00e0 Webflow<\/a>\u00bb et effectuez la configuration vous-m\u00eame.<\/p><div class=\"faq\" data-component=\"FAQ\"><div class=\"faq-item\">\r\n\t\t\t\t\t<div class=\"faq-item-question\">\r\n\t\t\t\t\t\t<h3 class=\"faq-item-question-text\">Comment puis-je ajouter une FAQ \u00e0 mon site Web Webflow sans comp\u00e9tences en codage ??<\/h3>\r\n\r\n\t\t\t\t\t\t<div class=\"faq-item-question-icon\"><\/div>\r\n\t\t\t\t\t<\/div>\r\n\r\n\t\t\t\t\t<div class=\"faq-item-answer\">\r\n\t\t\t\t\t\t<div class=\"faq-item-answer-text\"> <p>Elfsight fournit une solution SaaS qui vous permet de cr\u00e9er vous-m\u00eame un widget FAQ. Voyez \u00e0 quel point le processus est simple\u00a0: travaillez directement dans l&rsquo;\u00e9diteur en ligne pour cr\u00e9er un widget FAQ que vous aimeriez voir sur votre site Web Webflow. Choisissez l&rsquo;un des mod\u00e8les pr\u00e9d\u00e9finis et ajustez les param\u00e8tres de la FAQ, ajoutez votre contenu, modifiez la mise en page et les couleurs sans aucune comp\u00e9tence en codage. Enregistrez la FAQ et copiez son code d&rsquo;installation, afin de pouvoir l&rsquo;ajouter \u00e0 votre site Web Webflow sans acheter de forfait payant. Gr\u00e2ce \u00e0 notre \u00e9diteur intuitif, tout internaute peut cr\u00e9er un widget FAQ en ligne et l&rsquo;int\u00e9grer facilement \u00e0 son site Web Webflow. Il n&rsquo;est pas n\u00e9cessaire de payer ou de saisir les informations d&rsquo;identification de votre carte pour acc\u00e9der au service. Si vous rencontrez des probl\u00e8mes \u00e0 n&rsquo;importe quelle \u00e9tape, n&rsquo;h\u00e9sitez pas \u00e0 contacter notre \u00e9quipe d&rsquo;assistance technique.<\/p> <\/div>\r\n\t\t\t\t\t<\/div>\r\n\t\t\t\t<\/div> <\/div><\/div>","protected":false},"excerpt":{"rendered":"","protected":false},"author":18,"featured_media":0,"parent":1136,"menu_order":0,"comment_status":"closed","ping_status":"closed","template":"templates\/template-application-platform.php","meta":{"publish_to_discourse":"","publish_post_category":"","wpdc_auto_publish_overridden":"","wpdc_topic_tags":"","wpdc_pin_topic":"","wpdc_pin_until":"","discourse_post_id":"","discourse_permalink":"","wpdc_publishing_response":"","wpdc_publishing_error":"","footnotes":""},"class_list":["post-6723","page","type-page","status-publish","hentry"],"yoast_head":"<!-- This site is optimized with the Yoast SEO plugin v25.3.1 - https:\/\/yoast.com\/wordpress\/plugins\/seo\/ -->\n<title>Mod\u00e8le de FAQ - ajoutez widget Foire aux questions sur Webflow<\/title>\n<meta name=\"description\" content=\"Int\u00e9grez un Mod\u00e8le de FAQ attractif sur votre site. Utilisez la d\u00e9mo d&#039;Elfsight et g\u00e9n\u00e9rez votre widget en deux minutes.\" \/>\n<meta name=\"robots\" content=\"index, follow, max-snippet:-1, max-image-preview:large, max-video-preview:-1\" \/>\n<link rel=\"canonical\" href=\"https:\/\/elfsight.com\/fr\/accordion-faq-widget\/webflow\/\" \/>\n<meta property=\"og:locale\" content=\"fr_FR\" \/>\n<meta property=\"og:type\" content=\"article\" \/>\n<meta property=\"og:title\" content=\"Mod\u00e8le de FAQ - ajoutez widget Foire aux questions sur Webflow\" \/>\n<meta property=\"og:description\" content=\"Int\u00e9grez un Mod\u00e8le de FAQ attractif sur votre site. Utilisez la d\u00e9mo d&#039;Elfsight et g\u00e9n\u00e9rez votre widget en deux minutes.\" \/>\n<meta property=\"og:url\" content=\"https:\/\/elfsight.com\/fr\/accordion-faq-widget\/webflow\/\" \/>\n<meta property=\"og:site_name\" content=\"Elfsight FR\" \/>\n<meta property=\"article:modified_time\" content=\"2024-12-23T14:23:16+00:00\" \/>\n<meta name=\"twitter:card\" content=\"summary_large_image\" \/>\n<meta name=\"twitter:label1\" content=\"Dur\u00e9e de lecture estim\u00e9e\" \/>\n\t<meta name=\"twitter:data1\" content=\"4 minutes\" \/>\n<!-- \/ Yoast SEO plugin. -->","yoast_head_json":{"title":"Mod\u00e8le de FAQ - ajoutez widget Foire aux questions sur Webflow","description":"Int\u00e9grez un Mod\u00e8le de FAQ attractif sur votre site. Utilisez la d\u00e9mo d'Elfsight et g\u00e9n\u00e9rez votre widget en deux minutes.","robots":{"index":"index","follow":"follow","max-snippet":"max-snippet:-1","max-image-preview":"max-image-preview:large","max-video-preview":"max-video-preview:-1"},"canonical":"https:\/\/elfsight.com\/fr\/accordion-faq-widget\/webflow\/","og_locale":"fr_FR","og_type":"article","og_title":"Mod\u00e8le de FAQ - ajoutez widget Foire aux questions sur Webflow","og_description":"Int\u00e9grez un Mod\u00e8le de FAQ attractif sur votre site. Utilisez la d\u00e9mo d'Elfsight et g\u00e9n\u00e9rez votre widget en deux minutes.","og_url":"https:\/\/elfsight.com\/fr\/accordion-faq-widget\/webflow\/","og_site_name":"Elfsight FR","article_modified_time":"2024-12-23T14:23:16+00:00","twitter_card":"summary_large_image","twitter_misc":{"Dur\u00e9e de lecture estim\u00e9e":"4 minutes"},"schema":{"@context":"https:\/\/schema.org","@graph":[{"@type":"WebPage","@id":"https:\/\/elfsight.com\/fr\/accordion-faq-widget\/webflow\/","url":"https:\/\/elfsight.com\/fr\/accordion-faq-widget\/webflow\/","name":"Mod\u00e8le de FAQ - ajoutez widget Foire aux questions sur Webflow","isPartOf":{"@id":"https:\/\/elfsight.com\/fr\/#website"},"datePublished":"2021-12-06T09:02:28+00:00","dateModified":"2024-12-23T14:23:16+00:00","description":"Int\u00e9grez un Mod\u00e8le de FAQ attractif sur votre site. Utilisez la d\u00e9mo d'Elfsight et g\u00e9n\u00e9rez votre widget en deux minutes.","breadcrumb":{"@id":"https:\/\/elfsight.com\/fr\/accordion-faq-widget\/webflow\/#breadcrumb"},"inLanguage":"fr-FR","potentialAction":[{"@type":"ReadAction","target":["https:\/\/elfsight.com\/fr\/accordion-faq-widget\/webflow\/"]}]},{"@type":"BreadcrumbList","@id":"https:\/\/elfsight.com\/fr\/accordion-faq-widget\/webflow\/#breadcrumb","itemListElement":[{"@type":"ListItem","position":1,"name":"Home","item":"https:\/\/elfsight.com\/fr\/"},{"@type":"ListItem","position":2,"name":"FAQ","item":"https:\/\/elfsight.com\/fr\/accordion-faq-widget\/"},{"@type":"ListItem","position":3,"name":"FAQ &#8211; Webflow"}]},{"@type":"WebSite","@id":"https:\/\/elfsight.com\/fr\/#website","url":"https:\/\/elfsight.com\/fr\/","name":"Elfsight FR","description":"","potentialAction":[{"@type":"SearchAction","target":{"@type":"EntryPoint","urlTemplate":"https:\/\/elfsight.com\/fr\/?s={search_term_string}"},"query-input":{"@type":"PropertyValueSpecification","valueRequired":true,"valueName":"search_term_string"}}],"inLanguage":"fr-FR"}]}},"meta_box":{"industry":"","seo_heading":"","heading":"","description":"","cta_heading":"","cta_description":"","application":"1129","h1":"Mod\u00e8le de FAQ pour Webflow","h1_caption":"Fournissez des r\u00e9ponses aux questions fr\u00e9quemment pos\u00e9es dans un format organis\u00e9 et consultable pour aider les utilisateurs \u00e0 trouver rapidement des solutions sur votre site Web Webflow, sans effort.","application_category":[],"applications_title":"","applications_request_title":"","applications_request_button_text":"","hero_text":"","hero_video":"","hero_video_schema_markup":"","selling_points_title":"","selling_points_caption":"","selling_points":[],"selling_points_cta_text":"","features_title":"","features":"","ed_cta_examples_text":"","ed_cta_examples_hidden":"","ed_cta_demo_text":"","ed_cta_demo_hidden":"","why_caption":"","why_editor_title":"","why_editor_text":"","why_team_title":"","why_team_text":"","why_service_title":"","why_service_text":"","template_catalog_visible":"0","template_catalog_title":"","template_catalog_text":"","template_catalog_categories_visible":"","demo_title":"Cr\u00e9ez votre widget FAQ","demo_caption":"Configurez votre FAQ et ajoutez-la gratuitement \u00e0 votre site Webflow !","default_faq_hidden":"","app_template_category":[],"platform":"362","template_public_id":"","codecanyon_url":"","codecanyon_item_id":"","codecanyon_price":"","pricing_caption":"","pricing_elfsight_apps_hide_column":"","pricing_elfsight_apps_url":"","pricing_codecanyon_price_caption":"","integration_category":[],"integration_request_title":"","integration_request_cta":"","integration_platform":"","integrations":[],"platform_category":[],"video_schema_markup":"","price":"\u00c0 partir de $0\/mois","trial":"","benefits":[{"text":"Installation gratuite"},{"text":"Support Premium"},{"text":"Garantie de remboursement de 14 jours"},{"text":"L'am\u00e9lioration continue"}],"button_url":"#demo","button_target_blank":"0","button_nofollow":"0","attributes":[{"name":"Nombre d'installations","content":"1,000 - 5,000","_state":"expanded"},{"name":"Adaptif","content":"Oui","_state":"expanded"},{"name":"Navigateurs compatibles","content":"Firefox, Safari, Opera, Chrome, Edge","_state":"expanded"}],"tags":[],"tags_disable_links":"0","hide_more_platforms":"","video_object":"","demo_hide_cta":"0","demo_hide_cloud_options":"0","pricing_title":"","pricing":[{"pricing_icon":"platform","pricing_title":"Applications d'Elfsight","pricing_title_caption":"Solution num\u00e9rique multiplateforme qui fonctionne sur n'importe quel site","pricing_price":"\u00c0 partir de $0\/mois","pricing_price_caption":"Commencez avec un plan gratuit","pricing_benefits":[{"text":"Sites Web illimit\u00e9s"},{"text":"\u00c9quipe d'assistance professionnelle"},{"text":"Service d'installation gratuit"},{"text":"100% personnalisable"}],"pricing_button_text":"Ajouter au site Web","pricing_button_url":"https:\/\/apps.elfsight.com\/sign-up\/","pricing_button_nofollow":"1","_state":"expanded"}],"related_apps_title":"","related_apps_hidden":"1","author":"","image":[],"title":"","job":"","social_networks":[]},"_links":{"self":[{"href":"https:\/\/elfsight.com\/fr\/wp-json\/wp\/v2\/pages\/6723","targetHints":{"allow":["GET"]}}],"collection":[{"href":"https:\/\/elfsight.com\/fr\/wp-json\/wp\/v2\/pages"}],"about":[{"href":"https:\/\/elfsight.com\/fr\/wp-json\/wp\/v2\/types\/page"}],"author":[{"embeddable":true,"href":"https:\/\/elfsight.com\/fr\/wp-json\/wp\/v2\/users\/18"}],"replies":[{"embeddable":true,"href":"https:\/\/elfsight.com\/fr\/wp-json\/wp\/v2\/comments?post=6723"}],"version-history":[{"count":2,"href":"https:\/\/elfsight.com\/fr\/wp-json\/wp\/v2\/pages\/6723\/revisions"}],"predecessor-version":[{"id":14645,"href":"https:\/\/elfsight.com\/fr\/wp-json\/wp\/v2\/pages\/6723\/revisions\/14645"}],"up":[{"embeddable":true,"href":"https:\/\/elfsight.com\/fr\/wp-json\/wp\/v2\/pages\/1136"}],"wp:attachment":[{"href":"https:\/\/elfsight.com\/fr\/wp-json\/wp\/v2\/media?parent=6723"}],"curies":[{"name":"wp","href":"https:\/\/api.w.org\/{rel}","templated":true}]}}