{"id":6721,"date":"2021-12-06T09:01:33","date_gmt":"2021-12-06T09:01:33","guid":{"rendered":"https:\/\/elfsight.com\/fr\/?page_id=6721"},"modified":"2024-12-23T14:22:43","modified_gmt":"2024-12-23T14:22:43","slug":"squarespace","status":"publish","type":"page","link":"https:\/\/elfsight.com\/fr\/accordion-faq-widget\/squarespace\/","title":{"rendered":"FAQ &#8211; Squarespace"},"content":{"rendered":"<div class=\"application-platform-content-item-description application-platform-content-item\" id=\"description\" data-nav-section=\"description\"><h2>Int\u00e9grer la FAQ sur Squarespace avec le widget Elfsight<\/h2><p>La FAQ Elfsight est un widget efficace, facile \u00e0 appliquer et \u00e0 personnaliser pour g\u00e9n\u00e9rer et affichez une liste des questions les plus n\u00e9cessaires avec des r\u00e9ponses sur votre site. Un widget interactif au design intuitif vous permet de fournir des informations d\u00e9taill\u00e9es sur vos services, de concentrer l&rsquo;attention des lecteurs sur les traits positifs et de lutter contre les id\u00e9es fausses et l&rsquo;incr\u00e9dulit\u00e9 qui peuvent emp\u00eacher un achat.<\/p><p><b>Laissez vos clients trouver des r\u00e9ponses. R\u00e9pondez rapidement \u00e0 leurs questions les plus importantes sur votre site Web et augmentez le nombre de commandes sur le site\u00a0!<\/b><\/p><ul><li><b>Vainquez l&rsquo;ind\u00e9cision de vos clients et augmentez vos revenus<\/b> .<br>Fournissez des informations d\u00e9taill\u00e9es sur vos produits ou services \u00e0 vos acheteurs potentiels, pour aider leur ind\u00e9cision et augmenter les revenus sur le site.<\/li><li><b>Parvenir \u00e0 une compr\u00e9hension maximale de vos produits ou services par les clients<\/b>.<br>\u00c9liminez les id\u00e9es fausses et les soup\u00e7ons les plus fr\u00e9quents \u00e0 propos de votre entreprise \u00e0 l&rsquo;aide de r\u00e9ponses compl\u00e8tes et faciles \u00e0 comprendre.<\/li><li><b>R\u00e9pond imm\u00e9diatement \u00e0 toutes les questions des clients<\/b>.<br>Aidez vos visiteurs \u00e0 obtenir les informations les plus d\u00e9taill\u00e9es sur vos produits ou services et \u00e0 r\u00e9soudre les requ\u00eates avant qu&rsquo;elles ne surviennent.<\/li><\/ul><\/div><div class=\"application-platform-content-item-features application-platform-content-item\" id=\"features\" data-nav-section=\"features\"><h2>Principales fonctionnalit\u00e9s de la FAQ widget<\/h2><p>Les principaux avantages du widget Elfsight, qui en font la m\u00e9thode la plus rapide pour ajouter une FAQ sur le site Web Squarespace.<\/p><ul><li>Disposition en accord\u00e9on pour afficher les r\u00e9ponses en un clic\u00a0;<\/li> <li>4\u00a0styles pr\u00eats \u00e0 l&#8217;emploi avec bordures et ombres\u00a0;<\/li><li>Afficher\/masquer et modifier les noms de cat\u00e9gories<\/li><li>Titre du widget modifiable\u00a0;<\/li><li>Actuel et professionnel support client.<\/li><\/ul><p><a href=\"#demo\">Essayez-les tous<\/a><\/p><\/div><div class=\"application-platform-content-item-installation application-platform-content-item\" id=\"installation\" data-nav-section=\"installation\"><h2>Comment pour ajouter le widget FAQ Accoridon \u00e0 Squarespace<\/h2><div class=\"video-container\"><iframe width=\"720\" height=\"405\" src=\"https:\/\/www.youtube.com\/embed\/SK75bvTqM_0\" frameborder=\"0\" allowfullscreen=\"\"><\/iframe><\/div><p>Cr\u00e9ez un widget \u00e0 l&rsquo;aide de notre bref guide. Cela ne n\u00e9cessite aucune exp\u00e9rience en programmation ni aide professionnelle. Le temps total de configuration est de 90 secondes.<\/p><ol><li><b>Cr\u00e9ez votre FAQ personnalis\u00e9e<\/b>.<br>Avec notre configurateur gratuit, cr\u00e9ez un plugin avec votre design et vos param\u00e8tres pr\u00e9f\u00e9r\u00e9s.<\/li> <li><b>Acqu\u00e9rir un code pour installer le plugin<\/b>.<br>Apr\u00e8s la personnalisation du widget, obtenez un code pour le plugin FAQ \u00e0 partir de la notification qui appara\u00eet sur les applications Elfsight.<\/li><li><b>Afficher le plugin sur le site Web SquareSpace<\/b>.<br>Affichez le plugin \u00e0 l&rsquo;endroit n\u00e9cessaire de la page et enregistrez les modifications.<\/li><li><b>L&rsquo;int\u00e9gration est r\u00e9ussie\u00a0!<\/b>.<br>Visitez votre site Web pour v\u00e9rifier votre plugin.<\/li><\/ol><p>Vous rencontrez des probl\u00e8mes lors de l&rsquo;application du manuel\u00a0? Laissez un message \u00e0 notre \u00e9quipe d&rsquo;assistance ou lisez une variante compl\u00e8te du tutoriel \u00ab\u00a0<a href=\"https:\/\/elfsight.com\/tutorials\/how-to-add-faq-widget-to-squarespace\/\" target=\"_blank \" rel=\"noopener noreferrer\">Comment ajouter une FAQ \u00e0 Squarespace<\/a>\u00bb et terminer la configuration vous-m\u00eame.<\/p><div class=\"faq\" data-component=\"FAQ\"><div class=\"faq-item\">\r\n\t\t\t\t\t<div class=\"faq-item-question\">\r\n\t\t\t\t\t\t<h3 class=\"faq-item-question-text\">Comment ajouter une FAQ \u00e0 mon site Squarespace sans comp\u00e9tences en codage ?<\/h3>\r\n\r\n\t\t\t\t\t\t<div class=\"faq-item-question-icon\"><\/div>\r\n\t\t\t\t\t<\/div>\r\n\r\n\t\t\t\t\t<div class=\"faq-item-answer\">\r\n\t\t\t\t\t\t<div class=\"faq-item-answer-text\"> <p>Elfsight fournit une solution SaaS qui vous permet de cr\u00e9er vous-m\u00eame un widget FAQ. Voyez \u00e0 quel point le processus est simple\u00a0: travaillez directement dans l&rsquo;\u00e9diteur en ligne pour cr\u00e9er un widget FAQ que vous aimeriez voir sur votre site Web Squarespace. Choisissez l&rsquo;un des mod\u00e8les pr\u00e9d\u00e9finis et ajustez les param\u00e8tres de la FAQ, ajoutez votre contenu, modifiez la mise en page et les couleurs sans aucune comp\u00e9tence en codage. Enregistrez la FAQ et copiez son code d&rsquo;installation, afin de pouvoir l&rsquo;ajouter facilement \u00e0 votre site Web Squarespace sans acheter de forfait payant. Gr\u00e2ce \u00e0 notre \u00e9diteur intuitif, tout internaute peut cr\u00e9er un widget FAQ en ligne et l&rsquo;int\u00e9grer facilement \u00e0 son site Web Squarespace. Il n&rsquo;est pas n\u00e9cessaire de payer ou de saisir les informations d&rsquo;identification de votre carte pour acc\u00e9der au service. Si vous rencontrez des probl\u00e8mes \u00e0 n&rsquo;importe quelle \u00e9tape, n&rsquo;h\u00e9sitez pas \u00e0 contacter notre \u00e9quipe d&rsquo;assistance technique.<\/p> <\/div>\r\n\t\t\t\t\t<\/div>\r\n\t\t\t\t<\/div> <\/div><\/div>","protected":false},"excerpt":{"rendered":"","protected":false},"author":18,"featured_media":0,"parent":1136,"menu_order":0,"comment_status":"closed","ping_status":"closed","template":"templates\/template-application-platform.php","meta":{"publish_to_discourse":"","publish_post_category":"","wpdc_auto_publish_overridden":"","wpdc_topic_tags":"","wpdc_pin_topic":"","wpdc_pin_until":"","discourse_post_id":"","discourse_permalink":"","wpdc_publishing_response":"","wpdc_publishing_error":"","footnotes":""},"class_list":["post-6721","page","type-page","status-publish","hentry"],"yoast_head":"<!-- This site is optimized with the Yoast SEO plugin v25.3.1 - https:\/\/yoast.com\/wordpress\/plugins\/seo\/ -->\n<title>Mod\u00e8le de FAQ - ajoutez plugin Foire aux questions sur Squarespace<\/title>\n<meta name=\"description\" content=\"Int\u00e9grez un Mod\u00e8le de FAQ avantageux sur votre site. Utilisez la d\u00e9mo d&#039;Elfsight et g\u00e9n\u00e9rez votre widget en deux minutes.\" \/>\n<meta name=\"robots\" content=\"index, follow, max-snippet:-1, max-image-preview:large, max-video-preview:-1\" \/>\n<link rel=\"canonical\" href=\"https:\/\/elfsight.com\/fr\/accordion-faq-widget\/squarespace\/\" \/>\n<meta property=\"og:locale\" content=\"fr_FR\" \/>\n<meta property=\"og:type\" content=\"article\" \/>\n<meta property=\"og:title\" content=\"Mod\u00e8le de FAQ - ajoutez plugin Foire aux questions sur Squarespace\" \/>\n<meta property=\"og:description\" content=\"Int\u00e9grez un Mod\u00e8le de FAQ avantageux sur votre site. Utilisez la d\u00e9mo d&#039;Elfsight et g\u00e9n\u00e9rez votre widget en deux minutes.\" \/>\n<meta property=\"og:url\" content=\"https:\/\/elfsight.com\/fr\/accordion-faq-widget\/squarespace\/\" \/>\n<meta property=\"og:site_name\" content=\"Elfsight FR\" \/>\n<meta property=\"article:modified_time\" content=\"2024-12-23T14:22:43+00:00\" \/>\n<meta name=\"twitter:card\" content=\"summary_large_image\" \/>\n<meta name=\"twitter:label1\" content=\"Dur\u00e9e de lecture estim\u00e9e\" \/>\n\t<meta name=\"twitter:data1\" content=\"4 minutes\" \/>\n<!-- \/ Yoast SEO plugin. -->","yoast_head_json":{"title":"Mod\u00e8le de FAQ - ajoutez plugin Foire aux questions sur Squarespace","description":"Int\u00e9grez un Mod\u00e8le de FAQ avantageux sur votre site. Utilisez la d\u00e9mo d'Elfsight et g\u00e9n\u00e9rez votre widget en deux minutes.","robots":{"index":"index","follow":"follow","max-snippet":"max-snippet:-1","max-image-preview":"max-image-preview:large","max-video-preview":"max-video-preview:-1"},"canonical":"https:\/\/elfsight.com\/fr\/accordion-faq-widget\/squarespace\/","og_locale":"fr_FR","og_type":"article","og_title":"Mod\u00e8le de FAQ - ajoutez plugin Foire aux questions sur Squarespace","og_description":"Int\u00e9grez un Mod\u00e8le de FAQ avantageux sur votre site. Utilisez la d\u00e9mo d'Elfsight et g\u00e9n\u00e9rez votre widget en deux minutes.","og_url":"https:\/\/elfsight.com\/fr\/accordion-faq-widget\/squarespace\/","og_site_name":"Elfsight FR","article_modified_time":"2024-12-23T14:22:43+00:00","twitter_card":"summary_large_image","twitter_misc":{"Dur\u00e9e de lecture estim\u00e9e":"4 minutes"},"schema":{"@context":"https:\/\/schema.org","@graph":[{"@type":"WebPage","@id":"https:\/\/elfsight.com\/fr\/accordion-faq-widget\/squarespace\/","url":"https:\/\/elfsight.com\/fr\/accordion-faq-widget\/squarespace\/","name":"Mod\u00e8le de FAQ - ajoutez plugin Foire aux questions sur Squarespace","isPartOf":{"@id":"https:\/\/elfsight.com\/fr\/#website"},"datePublished":"2021-12-06T09:01:33+00:00","dateModified":"2024-12-23T14:22:43+00:00","description":"Int\u00e9grez un Mod\u00e8le de FAQ avantageux sur votre site. Utilisez la d\u00e9mo d'Elfsight et g\u00e9n\u00e9rez votre widget en deux minutes.","breadcrumb":{"@id":"https:\/\/elfsight.com\/fr\/accordion-faq-widget\/squarespace\/#breadcrumb"},"inLanguage":"fr-FR","potentialAction":[{"@type":"ReadAction","target":["https:\/\/elfsight.com\/fr\/accordion-faq-widget\/squarespace\/"]}]},{"@type":"BreadcrumbList","@id":"https:\/\/elfsight.com\/fr\/accordion-faq-widget\/squarespace\/#breadcrumb","itemListElement":[{"@type":"ListItem","position":1,"name":"Home","item":"https:\/\/elfsight.com\/fr\/"},{"@type":"ListItem","position":2,"name":"FAQ","item":"https:\/\/elfsight.com\/fr\/accordion-faq-widget\/"},{"@type":"ListItem","position":3,"name":"FAQ &#8211; Squarespace"}]},{"@type":"WebSite","@id":"https:\/\/elfsight.com\/fr\/#website","url":"https:\/\/elfsight.com\/fr\/","name":"Elfsight FR","description":"","potentialAction":[{"@type":"SearchAction","target":{"@type":"EntryPoint","urlTemplate":"https:\/\/elfsight.com\/fr\/?s={search_term_string}"},"query-input":{"@type":"PropertyValueSpecification","valueRequired":true,"valueName":"search_term_string"}}],"inLanguage":"fr-FR"}]}},"meta_box":{"industry":"","seo_heading":"","heading":"","description":"","cta_heading":"","cta_description":"","application":"1129","h1":"Mod\u00e8le de FAQ pour Squarespace","h1_caption":"Fournissez des r\u00e9ponses aux questions fr\u00e9quemment pos\u00e9es dans un format organis\u00e9 et consultable pour aider les utilisateurs \u00e0 trouver rapidement des solutions sur votre site Web Squarespace, sans effort.","application_category":[],"applications_title":"","applications_request_title":"","applications_request_button_text":"","hero_text":"","hero_video":"","hero_video_schema_markup":"","selling_points_title":"","selling_points_caption":"","selling_points":[],"selling_points_cta_text":"","features_title":"","features":"","ed_cta_examples_text":"","ed_cta_examples_hidden":"","ed_cta_demo_text":"","ed_cta_demo_hidden":"","why_caption":"","why_editor_title":"","why_editor_text":"","why_team_title":"","why_team_text":"","why_service_title":"","why_service_text":"","template_catalog_visible":"0","template_catalog_title":"","template_catalog_text":"","template_catalog_categories_visible":"","demo_title":"Cr\u00e9ez votre plugin FAQ","demo_caption":"Configurez votre FAQ et ajoutez-la gratuitement \u00e0 votre site Web Squarespace !","default_faq_hidden":"","app_template_category":[],"platform":"361","template_public_id":"","codecanyon_url":"","codecanyon_item_id":"","codecanyon_price":"","pricing_caption":"","pricing_elfsight_apps_hide_column":"","pricing_elfsight_apps_url":"","pricing_codecanyon_price_caption":"","integration_category":[],"integration_request_title":"","integration_request_cta":"","integration_platform":"","integrations":[],"platform_category":[],"video_schema_markup":"","price":"\u00c0 partir de $0\/mois","trial":"","benefits":[{"text":"Installation gratuite"},{"text":"Support Premium"},{"text":"Garantie de remboursement de 14 jours"},{"text":"L'am\u00e9lioration continue"}],"button_url":"#demo","button_target_blank":"0","button_nofollow":"0","attributes":[{"name":"Nombre d'installations","content":"1,000 - 5,000","_state":"expanded"},{"name":"Adaptif","content":"Oui","_state":"expanded"},{"name":"Navigateurs compatibles","content":"Firefox, Safari, Opera, Chrome, Edge","_state":"expanded"}],"tags":[],"tags_disable_links":"0","hide_more_platforms":"","video_object":"","demo_hide_cta":"0","demo_hide_cloud_options":"0","pricing_title":"","pricing":[{"pricing_icon":"platform","pricing_title":"Applications d'Elfsight","pricing_title_caption":"Solution num\u00e9rique multiplateforme qui fonctionne sur n'importe quel site","pricing_price":"\u00c0 partir de $0\/mois","pricing_price_caption":"Commencez avec un plan gratuit","pricing_benefits":[{"text":"Sites Web illimit\u00e9s"},{"text":"\u00c9quipe d'assistance professionnelle"},{"text":"Service d'installation gratuit"},{"text":"100% personnalisable"}],"pricing_button_text":"Ajouter au site Web","pricing_button_url":"https:\/\/apps.elfsight.com\/sign-up\/","pricing_button_nofollow":"1","_state":"expanded"}],"related_apps_title":"","related_apps_hidden":"1","author":"","image":[],"title":"","job":"","social_networks":[]},"_links":{"self":[{"href":"https:\/\/elfsight.com\/fr\/wp-json\/wp\/v2\/pages\/6721","targetHints":{"allow":["GET"]}}],"collection":[{"href":"https:\/\/elfsight.com\/fr\/wp-json\/wp\/v2\/pages"}],"about":[{"href":"https:\/\/elfsight.com\/fr\/wp-json\/wp\/v2\/types\/page"}],"author":[{"embeddable":true,"href":"https:\/\/elfsight.com\/fr\/wp-json\/wp\/v2\/users\/18"}],"replies":[{"embeddable":true,"href":"https:\/\/elfsight.com\/fr\/wp-json\/wp\/v2\/comments?post=6721"}],"version-history":[{"count":2,"href":"https:\/\/elfsight.com\/fr\/wp-json\/wp\/v2\/pages\/6721\/revisions"}],"predecessor-version":[{"id":14646,"href":"https:\/\/elfsight.com\/fr\/wp-json\/wp\/v2\/pages\/6721\/revisions\/14646"}],"up":[{"embeddable":true,"href":"https:\/\/elfsight.com\/fr\/wp-json\/wp\/v2\/pages\/1136"}],"wp:attachment":[{"href":"https:\/\/elfsight.com\/fr\/wp-json\/wp\/v2\/media?parent=6721"}],"curies":[{"name":"wp","href":"https:\/\/api.w.org\/{rel}","templated":true}]}}