{"id":6719,"date":"2021-12-06T09:03:25","date_gmt":"2021-12-06T09:03:25","guid":{"rendered":"https:\/\/elfsight.com\/fr\/?page_id=6719"},"modified":"2024-12-23T14:22:02","modified_gmt":"2024-12-23T14:22:02","slug":"shopify","status":"publish","type":"page","link":"https:\/\/elfsight.com\/fr\/accordion-faq-widget\/shopify\/","title":{"rendered":"FAQ &#8211; Shopify"},"content":{"rendered":"<div class=\"application-platform-content-item-description application-platform-content-item\" id=\"description\" data-nav-section=\"description\"><h2>Int\u00e9grer la FAQ sur Shopify avec le widget Elfsight<\/h2><p>La FAQ d\u00e9velopp\u00e9e par l&rsquo;\u00e9quipe Elfsight est pratique et facile \u00e0 utiliser et \u00e0 configurer . Cette application permet de g\u00e9n\u00e9rer et de publier une unit\u00e9 des questions les plus populaires avec r\u00e9ponses sur votre site personnel. Une application informative avec une navigation simple vous permet de fournir un maximum de d\u00e9tails sur vos offres, de concentrer l&rsquo;attention des clients sur leurs points forts et de combattre les doutes et la m\u00e9fiance qui peuvent emp\u00eacher un achat.<\/p><p><b>R\u00e9pondre aux questions provenant de vos clients maximisent rapidement et augmentez vos ventes sur le site\u00a0!<\/b><\/p><ul><li><b>Amenez les utilisateurs \u00e0 acheter avec des r\u00e9ponses strat\u00e9giques<\/b>.<br>Ajoutez des r\u00e9ponses aux clients cl\u00e9s questions \u00e0 l&rsquo;avance et convaincre les utilisateurs d&rsquo;effectuer un achat sur votre site.<\/li><li><b>Donner la bonne image de votre entreprise aux clients<\/b>.<br>Assurez-vous que vos utilisateurs ont la bonne perception de votre entreprise et son mod\u00e8le commercial, pour combattre leurs id\u00e9es fausses ou leurs doutes et les convaincre de coop\u00e9rer.<\/li><li><b>R\u00e9duire le temps et le co\u00fbt du travail d&rsquo;assistance aux clients<\/b>.<br>Donner des r\u00e9ponses au maximum de questions fr\u00e9quemment pos\u00e9es. questions sur vos produits ou services, pour all\u00e9ger la charge suppl\u00e9mentaire de votre support client.<\/li><\/ul><\/div><div class=\"application-platform-content-item-features application-platform-content-item\" id=\"features\" data-nav-section=\"features\"><h2>Principales fonctionnalit\u00e9s du widget FAQ<\/h2><p>Les caract\u00e9ristiques les plus importantes de l&rsquo;application Elfsight, qui en font l&rsquo;instrument le plus pratique pour ajouter des FAQ sur le site Shopify.<\/p><ul><li>Disposition en accord\u00e9on pour afficher les r\u00e9ponses en un clic\u00a0;<\/li><li>Couleurs personnalisables du texte de la question, du texte de la r\u00e9ponse, du nom de la cat\u00e9gorie et de l&rsquo;arri\u00e8re-plan\u00a0;<\/li><li>Afficher\/masquer et modifier les noms des cat\u00e9gories\u00a0;<\/li><li>Sch\u00e9ma de question en microdonn\u00e9es, pour faciliter l&rsquo;optimisation du r\u00e9f\u00e9rencement\u00a0;<\/li><li>Mises \u00e0 jour disponibles pour le garder \u00e0 jour.<\/li><\/ul><p><a href=\"#demo\">V\u00e9rifiez-les toutes<\/a><\/p><\/div><div class=\"application-platform-content-item-installation application-platform-content-item\" id=\"installation\" data-nav-section=\"installation\"><h2>Comment ajouter le widget FAQ Accordion \u00e0 Shopify<\/h2><div class=\"video-container\"><iframe width=\"720\" height=\"405\" src=\"https:\/\/www.youtube.com\/embed\/R6k6gRp-w8w\" frameborder=\"0\" allowfullscreen=\"\"><\/iframe><\/div><p>Installez une application \u00e0 l&rsquo;aide de notre bref manuel. Vous n\u2019avez pas besoin d\u2019exp\u00e9rience en d\u00e9veloppement Web ni de l\u2019aide d\u2019un programmeur. Le temps total de configuration n&rsquo;est que de 60 secondes.<\/p><ol><li><b>R\u00e9alisez notre d\u00e9mo gratuite et commencez \u00e0 travailler avec votre application personnalis\u00e9e. <\/b><br> Trouvez la disposition pr\u00e9f\u00e9rable et les caract\u00e9ristiques fonctionnelles de l&rsquo;application et enregistrez toutes les corrections. <\/li> <li><b>Obtenez votre code individuel affich\u00e9 dans le formulaire sp\u00e9cial sur Elfsight Apps. <\/b><br> Une fois la configuration de votre application termin\u00e9e, copiez le code exclusif de la fen\u00eatre contextuelle qui appara\u00eet et enregistrez-le pour un besoin ult\u00e9rieur. <\/li> <li><b>Commencez \u00e0 utiliser l&rsquo;application sur votre site Web Shopify. <\/b><br> Placez le code enregistr\u00e9 pr\u00e9c\u00e9demment dans votre site et enregistrez les modifications. <\/li> <li><b>Vous avez termin\u00e9\u00a0! L&rsquo;int\u00e9gration est termin\u00e9e avec succ\u00e8s. <\/b><br> Acc\u00e9dez \u00e0 votre site Web pour observer le travail de l&rsquo;application. <\/li><\/ol><p>Vous avez des questions concernant l&rsquo;application d&rsquo;instructions\u00a0? Contactez l&rsquo;\u00e9quipe d&rsquo;assistance d&rsquo;Elfsight ou lisez une version compl\u00e8te du didacticiel \u00ab\u00a0<a href=\"https:\/\/elfsight.com\/blog\/how-to-add-faq-to-shopify-for-free\/\" target=\"_blank\" rel=\"noopener noreferrer\">Comment ajouter une FAQ \u00e0 Shopify<\/a>\u00bb et essayez de vous ajouter une fois de plus.<\/p><\/div><div class=\"faq\" data-component=\"FAQ\"><div class=\"faq-item\">\r\n\t\t\t\t\t<div class=\"faq-item-question\">\r\n\t\t\t\t\t\t<h3 class=\"faq-item-question-text\">Comment puis-je int\u00e9grer une FAQ sur mon site Shopify ?<\/h3>\r\n\r\n\t\t\t\t\t\t<div class=\"faq-item-question-icon\"><\/div>\r\n\t\t\t\t\t<\/div>\r\n\r\n\t\t\t\t\t<div class=\"faq-item-answer\">\r\n\t\t\t\t\t\t<div class=\"faq-item-answer-text\"><p>La construction du widget s&rsquo;effectue sur les pages Elfsight et vous n&rsquo;avez pas besoin de coder. Utilisez la d\u00e9mo en ligne pour personnaliser votre widget personnel, obtenez le code et ajoutez-le \u00e0 votre site. <\/p><\/div>\r\n\t\t\t\t\t<\/div>\r\n\t\t\t\t<\/div><div class=\"faq-item\">\r\n\t\t\t\t\t<div class=\"faq-item-question\">\r\n\t\t\t\t\t\t<h3 class=\"faq-item-question-text\">Les meilleurs exemples d'utilisation de l'int\u00e9gration de la FAQ Accordion<\/h3>\r\n\r\n\t\t\t\t\t\t<div class=\"faq-item-question-icon\"><\/div>\r\n\t\t\t\t\t<\/div>\r\n\r\n\t\t\t\t\t<div class=\"faq-item-answer\">\r\n\t\t\t\t\t\t<div class=\"faq-item-answer-text\"><p>Nous offrons de nombreuses possibilit\u00e9s d&rsquo;ajustement\u00a0: widgets \u00e0 grande \u00e9chelle \u00e0 int\u00e9grer dans la zone de contenu, plugins flottants avec des possibilit\u00e9s de d\u00e9filement, des vignettes pour le pied de page, la section d&rsquo;en-t\u00eate et toutes les variantes de possibilit\u00e9s verticales pour les barres lat\u00e9rales et les menus du site Web. <\/p><\/div>\r\n\t\t\t\t\t<\/div>\r\n\t\t\t\t<\/div><div class=\"faq-item\">\r\n\t\t\t\t\t<div class=\"faq-item-question\">\r\n\t\t\t\t\t\t<h3 class=\"faq-item-question-text\">Comment cr\u00e9er une FAQ multicolonne ou d\u00e9roulante au moyen de votre \u00e9diteur ?<\/h3>\r\n\r\n\t\t\t\t\t\t<div class=\"faq-item-question-icon\"><\/div>\r\n\t\t\t\t\t<\/div>\r\n\r\n\t\t\t\t\t<div class=\"faq-item-answer\">\r\n\t\t\t\t\t\t<div class=\"faq-item-answer-text\"><p>Vous pouvez cr\u00e9er les modifications de n&rsquo;importe quel widget. Il existe une multitude de mises en page disponibles dans l&rsquo;\u00e9diteur, et toutes peuvent \u00eatre rapidement personnalis\u00e9es selon vos besoins. <\/p><\/div>\r\n\t\t\t\t\t<\/div>\r\n\t\t\t\t<\/div><\/div>","protected":false},"excerpt":{"rendered":"","protected":false},"author":18,"featured_media":0,"parent":1136,"menu_order":0,"comment_status":"closed","ping_status":"closed","template":"templates\/template-application-platform.php","meta":{"publish_to_discourse":"","publish_post_category":"","wpdc_auto_publish_overridden":"","wpdc_topic_tags":"","wpdc_pin_topic":"","wpdc_pin_until":"","discourse_post_id":"","discourse_permalink":"","wpdc_publishing_response":"","wpdc_publishing_error":"","footnotes":""},"class_list":["post-6719","page","type-page","status-publish","hentry"],"yoast_head":"<!-- This site is optimized with the Yoast SEO plugin v25.3.1 - https:\/\/yoast.com\/wordpress\/plugins\/seo\/ -->\n<title>Mod\u00e8le de FAQ - ajoutez app Foire aux questions sur Shopify<\/title>\n<meta name=\"description\" content=\"Int\u00e9grez un Mod\u00e8le de FAQ avantageux sur votre site. Appliquez la d\u00e9mo d&#039;Elfsight et g\u00e9n\u00e9rez votre widget en 2 minutes.\" \/>\n<meta name=\"robots\" content=\"index, follow, max-snippet:-1, max-image-preview:large, max-video-preview:-1\" \/>\n<link rel=\"canonical\" href=\"https:\/\/elfsight.com\/fr\/accordion-faq-widget\/shopify\/\" \/>\n<meta property=\"og:locale\" content=\"fr_FR\" \/>\n<meta property=\"og:type\" content=\"article\" \/>\n<meta property=\"og:title\" content=\"Mod\u00e8le de FAQ - ajoutez app Foire aux questions sur Shopify\" \/>\n<meta property=\"og:description\" content=\"Int\u00e9grez un Mod\u00e8le de FAQ avantageux sur votre site. Appliquez la d\u00e9mo d&#039;Elfsight et g\u00e9n\u00e9rez votre widget en 2 minutes.\" \/>\n<meta property=\"og:url\" content=\"https:\/\/elfsight.com\/fr\/accordion-faq-widget\/shopify\/\" \/>\n<meta property=\"og:site_name\" content=\"Elfsight FR\" \/>\n<meta property=\"article:modified_time\" content=\"2024-12-23T14:22:02+00:00\" \/>\n<meta name=\"twitter:card\" content=\"summary_large_image\" \/>\n<meta name=\"twitter:label1\" content=\"Dur\u00e9e de lecture estim\u00e9e\" \/>\n\t<meta name=\"twitter:data1\" content=\"4 minutes\" \/>\n<!-- \/ Yoast SEO plugin. -->","yoast_head_json":{"title":"Mod\u00e8le de FAQ - ajoutez app Foire aux questions sur Shopify","description":"Int\u00e9grez un Mod\u00e8le de FAQ avantageux sur votre site. Appliquez la d\u00e9mo d'Elfsight et g\u00e9n\u00e9rez votre widget en 2 minutes.","robots":{"index":"index","follow":"follow","max-snippet":"max-snippet:-1","max-image-preview":"max-image-preview:large","max-video-preview":"max-video-preview:-1"},"canonical":"https:\/\/elfsight.com\/fr\/accordion-faq-widget\/shopify\/","og_locale":"fr_FR","og_type":"article","og_title":"Mod\u00e8le de FAQ - ajoutez app Foire aux questions sur Shopify","og_description":"Int\u00e9grez un Mod\u00e8le de FAQ avantageux sur votre site. Appliquez la d\u00e9mo d'Elfsight et g\u00e9n\u00e9rez votre widget en 2 minutes.","og_url":"https:\/\/elfsight.com\/fr\/accordion-faq-widget\/shopify\/","og_site_name":"Elfsight FR","article_modified_time":"2024-12-23T14:22:02+00:00","twitter_card":"summary_large_image","twitter_misc":{"Dur\u00e9e de lecture estim\u00e9e":"4 minutes"},"schema":{"@context":"https:\/\/schema.org","@graph":[{"@type":"WebPage","@id":"https:\/\/elfsight.com\/fr\/accordion-faq-widget\/shopify\/","url":"https:\/\/elfsight.com\/fr\/accordion-faq-widget\/shopify\/","name":"Mod\u00e8le de FAQ - ajoutez app Foire aux questions sur Shopify","isPartOf":{"@id":"https:\/\/elfsight.com\/fr\/#website"},"datePublished":"2021-12-06T09:03:25+00:00","dateModified":"2024-12-23T14:22:02+00:00","description":"Int\u00e9grez un Mod\u00e8le de FAQ avantageux sur votre site. Appliquez la d\u00e9mo d'Elfsight et g\u00e9n\u00e9rez votre widget en 2 minutes.","breadcrumb":{"@id":"https:\/\/elfsight.com\/fr\/accordion-faq-widget\/shopify\/#breadcrumb"},"inLanguage":"fr-FR","potentialAction":[{"@type":"ReadAction","target":["https:\/\/elfsight.com\/fr\/accordion-faq-widget\/shopify\/"]}]},{"@type":"BreadcrumbList","@id":"https:\/\/elfsight.com\/fr\/accordion-faq-widget\/shopify\/#breadcrumb","itemListElement":[{"@type":"ListItem","position":1,"name":"Home","item":"https:\/\/elfsight.com\/fr\/"},{"@type":"ListItem","position":2,"name":"FAQ","item":"https:\/\/elfsight.com\/fr\/accordion-faq-widget\/"},{"@type":"ListItem","position":3,"name":"FAQ &#8211; Shopify"}]},{"@type":"WebSite","@id":"https:\/\/elfsight.com\/fr\/#website","url":"https:\/\/elfsight.com\/fr\/","name":"Elfsight FR","description":"","potentialAction":[{"@type":"SearchAction","target":{"@type":"EntryPoint","urlTemplate":"https:\/\/elfsight.com\/fr\/?s={search_term_string}"},"query-input":{"@type":"PropertyValueSpecification","valueRequired":true,"valueName":"search_term_string"}}],"inLanguage":"fr-FR"}]}},"meta_box":{"industry":"","seo_heading":"","heading":"","description":"","cta_heading":"","cta_description":"","application":"1129","h1":"Mod\u00e8le de FAQ pour Shopify","h1_caption":"Fournissez des r\u00e9ponses aux questions fr\u00e9quemment pos\u00e9es dans un format organis\u00e9 et consultable pour aider les utilisateurs \u00e0 trouver rapidement des solutions sur votre site Web Shopify sans effort.","application_category":[],"applications_title":"","applications_request_title":"","applications_request_button_text":"","hero_text":"","hero_video":"","hero_video_schema_markup":"","selling_points_title":"","selling_points_caption":"","selling_points":[],"selling_points_cta_text":"","features_title":"","features":"","ed_cta_examples_text":"","ed_cta_examples_hidden":"","ed_cta_demo_text":"","ed_cta_demo_hidden":"","why_caption":"","why_editor_title":"","why_editor_text":"","why_team_title":"","why_team_text":"","why_service_title":"","why_service_text":"","template_catalog_visible":"0","template_catalog_title":"","template_catalog_text":"","template_catalog_categories_visible":"","demo_title":"Cr\u00e9ez votre application FAQ","demo_caption":"Configurez votre FAQ et ajoutez-la gratuitement \u00e0 votre site Shopify !","default_faq_hidden":"","app_template_category":[],"platform":"360","template_public_id":"","codecanyon_url":"","codecanyon_item_id":"","codecanyon_price":"","pricing_caption":"","pricing_elfsight_apps_hide_column":"","pricing_elfsight_apps_url":"","pricing_codecanyon_price_caption":"","integration_category":[],"integration_request_title":"","integration_request_cta":"","integration_platform":"","integrations":[],"platform_category":[],"video_schema_markup":"","price":"\u00c0 partir de $0\/mois","trial":"","benefits":[{"text":"Installation gratuite"},{"text":"Support Premium"},{"text":"Garantie de remboursement de 14 jours"},{"text":"L'am\u00e9lioration continue"}],"button_url":"#demo","button_target_blank":"0","button_nofollow":"0","attributes":[{"name":"Nombre d'installations","content":"1,000 - 5,000","_state":"expanded"},{"name":"Adaptif","content":"Oui","_state":"expanded"},{"name":"Navigateurs compatibles","content":"Firefox, Safari, Opera, Chrome, Edge","_state":"expanded"}],"tags":[],"tags_disable_links":"0","hide_more_platforms":"","video_object":"","demo_hide_cta":"0","demo_hide_cloud_options":"0","pricing_title":"","pricing":[{"pricing_icon":"platform","pricing_title":"Applications d'Elfsight","pricing_title_caption":"Solution num\u00e9rique multiplateforme qui fonctionne sur n'importe quel site","pricing_price":"\u00c0 partir de $0\/mois","pricing_price_caption":"Commencez avec un plan gratuit","pricing_benefits":[{"text":"Sites Web illimit\u00e9s"},{"text":"\u00c9quipe d'assistance professionnelle"},{"text":"Service d'installation gratuit"},{"text":"100% personnalisable"}],"pricing_button_text":"Ajouter au site Web","pricing_button_url":"https:\/\/apps.elfsight.com\/sign-up\/","pricing_button_nofollow":"1","_state":"expanded"}],"related_apps_title":"","related_apps_hidden":"1","author":"","image":[],"title":"","job":"","social_networks":[]},"_links":{"self":[{"href":"https:\/\/elfsight.com\/fr\/wp-json\/wp\/v2\/pages\/6719","targetHints":{"allow":["GET"]}}],"collection":[{"href":"https:\/\/elfsight.com\/fr\/wp-json\/wp\/v2\/pages"}],"about":[{"href":"https:\/\/elfsight.com\/fr\/wp-json\/wp\/v2\/types\/page"}],"author":[{"embeddable":true,"href":"https:\/\/elfsight.com\/fr\/wp-json\/wp\/v2\/users\/18"}],"replies":[{"embeddable":true,"href":"https:\/\/elfsight.com\/fr\/wp-json\/wp\/v2\/comments?post=6719"}],"version-history":[{"count":2,"href":"https:\/\/elfsight.com\/fr\/wp-json\/wp\/v2\/pages\/6719\/revisions"}],"predecessor-version":[{"id":14647,"href":"https:\/\/elfsight.com\/fr\/wp-json\/wp\/v2\/pages\/6719\/revisions\/14647"}],"up":[{"embeddable":true,"href":"https:\/\/elfsight.com\/fr\/wp-json\/wp\/v2\/pages\/1136"}],"wp:attachment":[{"href":"https:\/\/elfsight.com\/fr\/wp-json\/wp\/v2\/media?parent=6719"}],"curies":[{"name":"wp","href":"https:\/\/api.w.org\/{rel}","templated":true}]}}