{"id":6717,"date":"2021-12-06T09:01:59","date_gmt":"2021-12-06T09:01:59","guid":{"rendered":"https:\/\/elfsight.com\/fr\/?page_id=6717"},"modified":"2025-07-09T17:25:50","modified_gmt":"2025-07-09T17:25:50","slug":"prestashop","status":"publish","type":"page","link":"https:\/\/elfsight.com\/fr\/accordion-faq-widget\/prestashop\/","title":{"rendered":"FAQ &#8211; PrestaShop"},"content":{"rendered":"<div class=\"application-platform-content-item-description application-platform-content-item\" id=\"description\" data-nav-section=\"description\"> <h2>Description<\/h2> <p>Explorez un manuel complet sur l&rsquo;installation du widget pour un site. Anticipez les questions de vos clients \u00e0 l&rsquo;aide du widget FAQ d&rsquo;Elfsight. Montrez \u00e0 vos clients plus d&rsquo;informations sur les biens ou les services \u00e0 l&rsquo;aide du widget FAQ d&rsquo;Elfsight. R\u00e9v\u00e9lez en amont les r\u00e9ponses aux questions les plus pos\u00e9es \u00e0 l\u2019aide de la FAQ. <\/p><p><b>Rendez votre site plus efficace pour atteindre vos objectifs commerciaux \u00e0 l&rsquo;aide de la FAQ.<\/b><\/p> <\/div> <div class=\"application-platform-content-item-features application-platform-content-item\" id=\"features\" data-nav-section=\"features\"> <h2>Il s&rsquo;agit uniquement de plusieurs des nombreuses fonctionnalit\u00e9s du widget\u00a0: <\/h2> <ul><li>3 mises en page pr\u00eates\u00a0: accord\u00e9on, liste, multicolonne<\/li><li>4 styles pr\u00eats \u00e0 l&#8217;emploi avec ombres et bordures<\/li><li>36 ic\u00f4nes pr\u00e9d\u00e9finies pour les cat\u00e9gories<\/li><li>Couleurs personnalisables du nom de la cat\u00e9gorie, du texte de la r\u00e9ponse et du texte de la question<\/li><li>Afficher ou masquer les noms des cat\u00e9gories<\/li><li>Ic\u00f4ne de croix ou de fl\u00e8che pour la disposition en accord\u00e9on <\/li><li>HTML pris en charge dans le texte<\/li><li>Sch\u00e9ma de questions de microdonn\u00e9es pour aider \u00e0 l&rsquo;optimisation du r\u00e9f\u00e9rencement<\/li><\/ul><p><a href=\"#demo\">Vous pouvez d\u00e9couvrez toutes les fonctionnalit\u00e9s du widget dans la d\u00e9mo <\/a><\/p> <\/div> <div class=\"application-platform-content-item-installation application-platform-content-item\" id=\"installation\" data-nav-section=\"installation\"> <h2>Comment puis-je ajouter une FAQ \u00e0 mon site PrestaShop ? <\/h2> <p>Suivez simplement les \u00e9tapes suivantes pr\u00e9sent\u00e9es ci-dessous pour int\u00e9grer le widget. <\/p> <ol><li><b>R\u00e9alisez notre d\u00e9mo gratuite et commencez \u00e0 cr\u00e9er votre widget personnalis\u00e9. <\/b><br> Sp\u00e9cifiez la forme et les sp\u00e9cifications appropri\u00e9es du widget et enregistrez les corrections. <\/li> <li><b>Copiez le code personnel affich\u00e9 dans la case sur les applications Elfsight. <\/b><br> Une fois la configuration de votre widget termin\u00e9e, copiez le code individuel dans la fen\u00eatre contextuelle qui appara\u00eet et enregistrez-le pour une occasion ult\u00e9rieure. <\/li> <li><b>Commencez \u00e0 utiliser le widget sur votre page d&rsquo;accueil PrestaShop. <\/b><br> Int\u00e9grez le code que vous avez enregistr\u00e9 auparavant dans votre page d&rsquo;accueil et appliquez les modifications. <\/li> <li><b>Vous avez termin\u00e9\u00a0! L&rsquo;int\u00e9gration s&rsquo;est termin\u00e9e avec succ\u00e8s. <\/b><br> Acc\u00e9dez \u00e0 votre page pour examiner le fonctionnement de l&rsquo;addon. <\/li><\/ol> <p>Si vous rencontrez des difficult\u00e9s, n&rsquo;h\u00e9sitez pas \u00e0 faire appel \u00e0 notre \u00e9quipe d&rsquo;assistance. Nos collaborateurs se feront un plaisir de r\u00e9soudre toutes les difficult\u00e9s que vous pourriez rencontrer avec l&rsquo;addon. <\/p> <div class=\"faq\" data-component=\"FAQ\"><div class=\"faq-item\">\r\n\t\t\t\t\t<div class=\"faq-item-question\">\r\n\t\t\t\t\t\t<h3 class=\"faq-item-question-text\">Comment puis-je ajouter une FAQ \u00e0 mon site PrestaShop sans comp\u00e9tences en codage ?<\/h3>\r\n\r\n\t\t\t\t\t\t<div class=\"faq-item-question-icon\"><\/div>\r\n\t\t\t\t\t<\/div>\r\n\r\n\t\t\t\t\t<div class=\"faq-item-answer\">\r\n\t\t\t\t\t\t<div class=\"faq-item-answer-text\"> <p>Elfsight fournit une solution SaaS qui vous permet de cr\u00e9er vous-m\u00eame un widget FAQ, voyez \u00e0 quel point le processus est simple : Travaillez directement dans l&rsquo;\u00e9diteur en ligne pour cr\u00e9er un widget FAQ que vous aimeriez voir sur votre site PrestaShop. Choisissez l&rsquo;un des mod\u00e8les pr\u00e9d\u00e9finis et ajustez les param\u00e8tres de la FAQ, ajoutez votre contenu, modifiez la mise en page et les couleurs sans aucune comp\u00e9tence en codage. Enregistrez la FAQ et copiez son code d&rsquo;installation, que vous pourrez inclure dans votre site PrestaShop sans acheter de version payante. Avec notre \u00e9diteur intuitif, tout internaute peut cr\u00e9er un widget FAQ en ligne et l&rsquo;int\u00e9grer facilement \u00e0 son site PrestaShop. Il n&rsquo;est pas n\u00e9cessaire de payer ou de saisir les informations d&rsquo;identification de votre carte pour acc\u00e9der au service. Si vous rencontrez des probl\u00e8mes \u00e0 n&rsquo;importe quelle \u00e9tape, n&rsquo;h\u00e9sitez pas \u00e0 contacter notre \u00e9quipe d&rsquo;assistance technique.<\/p> <\/div>\r\n\t\t\t\t\t<\/div>\r\n\t\t\t\t<\/div> <\/div><\/div>","protected":false},"excerpt":{"rendered":"","protected":false},"author":18,"featured_media":0,"parent":1136,"menu_order":0,"comment_status":"closed","ping_status":"closed","template":"templates\/template-application-platform.php","meta":{"publish_to_discourse":"","publish_post_category":"","wpdc_auto_publish_overridden":"","wpdc_topic_tags":"","wpdc_pin_topic":"","wpdc_pin_until":"","discourse_post_id":"","discourse_permalink":"","wpdc_publishing_response":"","wpdc_publishing_error":"","footnotes":""},"class_list":["post-6717","page","type-page","status-publish","hentry"],"yoast_head":"<!-- This site is optimized with the Yoast SEO plugin v25.3.1 - https:\/\/yoast.com\/wordpress\/plugins\/seo\/ -->\n<title>Mod\u00e8le de FAQ - ajoutez addon Foire aux questions sur Prestashop<\/title>\n<meta name=\"description\" content=\"Int\u00e9grez un Mod\u00e8le de FAQ attractif sur votre site. Appliquez la d\u00e9mo d&#039;Elfsight et g\u00e9n\u00e9rez votre plugin en deux minutes.\" \/>\n<meta name=\"robots\" content=\"index, follow, max-snippet:-1, max-image-preview:large, max-video-preview:-1\" \/>\n<link rel=\"canonical\" href=\"https:\/\/elfsight.com\/fr\/accordion-faq-widget\/prestashop\/\" \/>\n<meta property=\"og:locale\" content=\"fr_FR\" \/>\n<meta property=\"og:type\" content=\"article\" \/>\n<meta property=\"og:title\" content=\"Mod\u00e8le de FAQ - ajoutez addon Foire aux questions sur Prestashop\" \/>\n<meta property=\"og:description\" content=\"Int\u00e9grez un Mod\u00e8le de FAQ attractif sur votre site. Appliquez la d\u00e9mo d&#039;Elfsight et g\u00e9n\u00e9rez votre plugin en deux minutes.\" \/>\n<meta property=\"og:url\" content=\"https:\/\/elfsight.com\/fr\/accordion-faq-widget\/prestashop\/\" \/>\n<meta property=\"og:site_name\" content=\"Elfsight FR\" \/>\n<meta property=\"article:modified_time\" content=\"2025-07-09T17:25:50+00:00\" \/>\n<meta name=\"twitter:card\" content=\"summary_large_image\" \/>\n<meta name=\"twitter:label1\" content=\"Dur\u00e9e de lecture estim\u00e9e\" \/>\n\t<meta name=\"twitter:data1\" content=\"1 minute\" \/>\n<!-- \/ Yoast SEO plugin. -->","yoast_head_json":{"title":"Mod\u00e8le de FAQ - ajoutez addon Foire aux questions sur Prestashop","description":"Int\u00e9grez un Mod\u00e8le de FAQ attractif sur votre site. Appliquez la d\u00e9mo d'Elfsight et g\u00e9n\u00e9rez votre plugin en deux minutes.","robots":{"index":"index","follow":"follow","max-snippet":"max-snippet:-1","max-image-preview":"max-image-preview:large","max-video-preview":"max-video-preview:-1"},"canonical":"https:\/\/elfsight.com\/fr\/accordion-faq-widget\/prestashop\/","og_locale":"fr_FR","og_type":"article","og_title":"Mod\u00e8le de FAQ - ajoutez addon Foire aux questions sur Prestashop","og_description":"Int\u00e9grez un Mod\u00e8le de FAQ attractif sur votre site. Appliquez la d\u00e9mo d'Elfsight et g\u00e9n\u00e9rez votre plugin en deux minutes.","og_url":"https:\/\/elfsight.com\/fr\/accordion-faq-widget\/prestashop\/","og_site_name":"Elfsight FR","article_modified_time":"2025-07-09T17:25:50+00:00","twitter_card":"summary_large_image","twitter_misc":{"Dur\u00e9e de lecture estim\u00e9e":"1 minute"},"schema":{"@context":"https:\/\/schema.org","@graph":[{"@type":"WebPage","@id":"https:\/\/elfsight.com\/fr\/accordion-faq-widget\/prestashop\/","url":"https:\/\/elfsight.com\/fr\/accordion-faq-widget\/prestashop\/","name":"Mod\u00e8le de FAQ - ajoutez addon Foire aux questions sur Prestashop","isPartOf":{"@id":"https:\/\/elfsight.com\/fr\/#website"},"datePublished":"2021-12-06T09:01:59+00:00","dateModified":"2025-07-09T17:25:50+00:00","description":"Int\u00e9grez un Mod\u00e8le de FAQ attractif sur votre site. Appliquez la d\u00e9mo d'Elfsight et g\u00e9n\u00e9rez votre plugin en deux minutes.","breadcrumb":{"@id":"https:\/\/elfsight.com\/fr\/accordion-faq-widget\/prestashop\/#breadcrumb"},"inLanguage":"fr-FR","potentialAction":[{"@type":"ReadAction","target":["https:\/\/elfsight.com\/fr\/accordion-faq-widget\/prestashop\/"]}]},{"@type":"BreadcrumbList","@id":"https:\/\/elfsight.com\/fr\/accordion-faq-widget\/prestashop\/#breadcrumb","itemListElement":[{"@type":"ListItem","position":1,"name":"Home","item":"https:\/\/elfsight.com\/fr\/"},{"@type":"ListItem","position":2,"name":"FAQ","item":"https:\/\/elfsight.com\/fr\/accordion-faq-widget\/"},{"@type":"ListItem","position":3,"name":"FAQ &#8211; PrestaShop"}]},{"@type":"WebSite","@id":"https:\/\/elfsight.com\/fr\/#website","url":"https:\/\/elfsight.com\/fr\/","name":"Elfsight FR","description":"","potentialAction":[{"@type":"SearchAction","target":{"@type":"EntryPoint","urlTemplate":"https:\/\/elfsight.com\/fr\/?s={search_term_string}"},"query-input":{"@type":"PropertyValueSpecification","valueRequired":true,"valueName":"search_term_string"}}],"inLanguage":"fr-FR"}]}},"meta_box":{"industry":"","seo_heading":"","heading":"","description":"","cta_heading":"","cta_description":"","application":"1129","h1":"%app% Mod\u00e8le de FAQ pour Prestashop","h1_caption":"Fournissez des r\u00e9ponses aux questions fr\u00e9quemment pos\u00e9es dans un format organis\u00e9 et consultable pour aider les utilisateurs \u00e0 trouver rapidement des solutions sur votre site Web Prestashop sans effort.","application_category":[],"applications_title":"","applications_request_title":"","applications_request_button_text":"","hero_text":"","hero_video":"","hero_video_schema_markup":"","selling_points_title":"","selling_points_caption":"","selling_points":[],"selling_points_cta_text":"","features_title":"","features":"","ed_cta_examples_text":"","ed_cta_examples_hidden":"","ed_cta_demo_text":"","ed_cta_demo_hidden":"","why_caption":"","why_editor_title":"","why_editor_text":"","why_team_title":"","why_team_text":"","why_service_title":"","why_service_text":"","template_catalog_visible":"","template_catalog_title":"","template_catalog_text":"","template_catalog_categories_visible":"","demo_title":"Cr\u00e9ez votre module FAQ","demo_caption":"Configurez votre FAQ et ajoutez-la gratuitement \u00e0 votre site PrestaShop !","default_faq_hidden":"","app_template_category":[],"platform":"3190","template_public_id":"","codecanyon_url":"","codecanyon_item_id":"","codecanyon_price":"","pricing_caption":"","pricing_elfsight_apps_hide_column":"","pricing_elfsight_apps_url":"","pricing_codecanyon_price_caption":"","integration_category":[],"integration_request_title":"","integration_request_cta":"","integration_platform":"","integrations":[],"platform_category":[],"video_schema_markup":"","price":"\u00c0 partir de $0\/mois","trial":"","benefits":[{"text":"Installation gratuite"},{"text":"Support Premium"},{"text":"Garantie de remboursement de 14 jours"},{"text":"L'am\u00e9lioration continue"}],"button_url":"#demo","button_target_blank":"0","button_nofollow":"0","attributes":[{"name":"Nombre d'installations","content":"1,000 - 5,000","_state":"expanded"},{"name":"Adaptif","content":"Oui","_state":"expanded"},{"name":"Navigateurs compatibles","content":"Firefox, Safari, Opera, Chrome, Edge","_state":"expanded"}],"tags":[],"tags_disable_links":"0","hide_more_platforms":"","video_object":"","demo_hide_cta":"0","demo_hide_cloud_options":"0","pricing_title":"","pricing":[{"pricing_icon":"platform","pricing_title":"Applications d'Elfsight","pricing_title_caption":"Solution num\u00e9rique multiplateforme qui fonctionne sur n'importe quel site","pricing_price":"\u00c0 partir de $0\/mois","pricing_price_caption":"Commencez avec un plan gratuit","pricing_benefits":[{"text":"Sites Web illimit\u00e9s"},{"text":"\u00c9quipe d'assistance professionnelle"},{"text":"Service d'installation gratuit"},{"text":"100% personnalisable"}],"pricing_button_text":"Ajouter au site Web","pricing_button_url":"https:\/\/apps.elfsight.com\/sign-up\/","pricing_button_nofollow":"1","_state":"expanded"}],"related_apps_title":"","related_apps_hidden":"1","author":"","image":[],"title":"","job":"","social_networks":[]},"_links":{"self":[{"href":"https:\/\/elfsight.com\/fr\/wp-json\/wp\/v2\/pages\/6717","targetHints":{"allow":["GET"]}}],"collection":[{"href":"https:\/\/elfsight.com\/fr\/wp-json\/wp\/v2\/pages"}],"about":[{"href":"https:\/\/elfsight.com\/fr\/wp-json\/wp\/v2\/types\/page"}],"author":[{"embeddable":true,"href":"https:\/\/elfsight.com\/fr\/wp-json\/wp\/v2\/users\/18"}],"replies":[{"embeddable":true,"href":"https:\/\/elfsight.com\/fr\/wp-json\/wp\/v2\/comments?post=6717"}],"version-history":[{"count":2,"href":"https:\/\/elfsight.com\/fr\/wp-json\/wp\/v2\/pages\/6717\/revisions"}],"predecessor-version":[{"id":14648,"href":"https:\/\/elfsight.com\/fr\/wp-json\/wp\/v2\/pages\/6717\/revisions\/14648"}],"up":[{"embeddable":true,"href":"https:\/\/elfsight.com\/fr\/wp-json\/wp\/v2\/pages\/1136"}],"wp:attachment":[{"href":"https:\/\/elfsight.com\/fr\/wp-json\/wp\/v2\/media?parent=6717"}],"curies":[{"name":"wp","href":"https:\/\/api.w.org\/{rel}","templated":true}]}}