{"id":6705,"date":"2021-12-06T09:03:15","date_gmt":"2021-12-06T09:03:15","guid":{"rendered":"https:\/\/elfsight.com\/fr\/?page_id=6705"},"modified":"2024-12-23T14:06:51","modified_gmt":"2024-12-23T14:06:51","slug":"joomla","status":"publish","type":"page","link":"https:\/\/elfsight.com\/fr\/accordion-faq-widget\/joomla\/","title":{"rendered":"FAQ &#8211; Joomla"},"content":{"rendered":"\n<div class=\"application-platform-content-item-description application-platform-content-item\" id=\"description\" data-nav-section=\"description\"><h2>Description<\/h2><p>La FAQ Elfsight est une application pratique, facile \u00e0 utiliser et \u00e0 ajuster pour afficher une unit\u00e9 des questions les plus n\u00e9cessaires. avec des r\u00e9ponses sur votre site personnel. Une extension interactive avec une navigation facile vous permet d&rsquo;afficher des donn\u00e9es compl\u00e8tes sur votre entreprise, de concentrer l&rsquo;attention des lecteurs sur les qualit\u00e9s positives de vos produits et de lutter contre les doutes et les incr\u00e9dulit\u00e9s qui pourraient emp\u00eacher l&rsquo;achat.<\/p><p><b>R\u00e9agissez au plus t\u00f4t aux questions de vos visiteurs et augmentez les ventes sur le site\u00a0!<\/b><\/p><ul><li><b>Convainquez les utilisateurs d&rsquo;acheter \u00e0 l&rsquo;aide de textes bien r\u00e9dig\u00e9s<\/b>.<br>Affichez \u00e0 l&rsquo;avance les r\u00e9ponses aux questions de base des visiteurs et assurez-les de finaliser un achat sur votre site.<\/li><li><b>Atteignez la compr\u00e9hension ultime de votre produit ou service par les clients<\/b>. <br>Combattez les id\u00e9es fausses et les craintes les plus r\u00e9pandues li\u00e9es \u00e0 votre marque \u00e0 l&rsquo;aide de r\u00e9ponses compl\u00e8tes et claires.<\/li><li><b>R\u00e9duisez le temps et le prix du travail du centre d&rsquo;aide<\/b>.<br>Affichez les r\u00e9ponses \u00e0 toutes les questions les plus fr\u00e9quentes sur vos produits ou services, pour r\u00e9duire la charge excessive de votre support client.<\/li><\/ul><\/div><div class=\"application-platform-content-item-features application-platform-content-item\" id=\"features\" data-nav-section=\"features\"><h2>Fonctionnalit\u00e9s<\/h2><p>Les aspects cl\u00e9s de l&rsquo;extension Elfsight, qui en font l&rsquo;une des extensions les plus pratiques pour installer les FAQ sur le site Joomla.<\/p><ul><li>Disposition en accord\u00e9on pour afficher les r\u00e9ponses en un clic\u00a0;<\/li><li>Couleurs personnalisables du texte des questions, du texte de la r\u00e9ponse, du nom de la cat\u00e9gorie et de l&rsquo;arri\u00e8re-plan\u00a0;<\/li><li>Afficher\/masquer et modifier les noms des cat\u00e9gories\u00a0;<\/li><li>Sch\u00e9ma de questions en microdonn\u00e9es, pour faciliter l&rsquo;optimisation du r\u00e9f\u00e9rencement\u00a0; <\/li><li>Mises \u00e0 jour disponibles pour le garder \u00e0 jour.<\/li><\/ul><p><a href=\"#demo\">V\u00e9rifiez-les toutes<\/a><\/p><\/div><div class=\"application-platform-content-item-installation application-platform-content-item\" id=\"installation\" data-nav-section=\"installation\"><h2>Comment ajouter l&rsquo;extension FAQ Accordion \u00e0 Joomla<\/h2><p>Appliquez simplement les instructions ci-dessous pour int\u00e9grer l&rsquo;outil sur Joomla.<\/p> <ol><li><b> Ouvrez notre configurateur gratuit et commencez \u00e0 cr\u00e9er votre extension FAQ personnalis\u00e9e. <\/b><br> Sp\u00e9cifiez la disposition et les caract\u00e9ristiques appropri\u00e9es de l&rsquo;outil et enregistrez les corrections. <\/li> <li><b>Recevez votre code individuel qui est affich\u00e9 dans la case sur les applications Elfsight. <\/b><br> Une fois la configuration de votre extension personnelle termin\u00e9e, copiez le code individuel dans la case qui appara\u00eet et conservez-le pour d&rsquo;autres besoins. <\/li> <li><b>Commencez \u00e0 utiliser le plugin sur le site Joomla. <\/b><br> Ajoutez le code enregistr\u00e9 pr\u00e9c\u00e9demment dans votre site et appliquez les ajustements. <\/li> <li><b>Fait\u00a0! L&rsquo;int\u00e9gration est enti\u00e8rement r\u00e9alis\u00e9e. <\/b><br> Acc\u00e9dez \u00e0 votre page pour inspecter le fonctionnement du widget. <\/li><\/ol><p>Vous rencontrez des probl\u00e8mes lors de l&rsquo;ex\u00e9cution de l&rsquo;instruction\u00a0? Adressez-vous au centre d&rsquo;assistance Elfsight ou \u00e9tudiez la variante compl\u00e8te du manuel \u00ab<a href=\"https:\/\/elfsight.com\/tutorials\/how-to-add-accordion-faq-extension-to-joomla\/\" target=\"_blank\" rel=\"noopener noreferrer\">Comment ajouter une FAQ \u00e0 Joomla<\/a>\u00bb et terminer la configuration par vous-m\u00eame.<\/p><div class=\"faq\" data-component=\"FAQ\"><div class=\"faq-item\">\r\n\t\t\t\t\t<div class=\"faq-item-question\">\r\n\t\t\t\t\t\t<h3 class=\"faq-item-question-text\">Comment ajouter une FAQ \u00e0 mon site Joomla sans comp\u00e9tences en codage ? <\/h3>\r\n\r\n\t\t\t\t\t\t<div class=\"faq-item-question-icon\"><\/div>\r\n\t\t\t\t\t<\/div>\r\n\r\n\t\t\t\t\t<div class=\"faq-item-answer\">\r\n\t\t\t\t\t\t<div class=\"faq-item-answer-text\"> <p>Elfsight fournit une solution SaaS qui vous permet de cr\u00e9er vous-m\u00eame un widget FAQ. Voyez \u00e0 quel point le processus est simple\u00a0: travaillez directement dans l&rsquo;\u00e9diteur en ligne pour cr\u00e9er un widget FAQ que vous aimeriez voir sur votre site Web Joomla. Choisissez l&rsquo;un des mod\u00e8les pr\u00e9d\u00e9finis et ajustez les param\u00e8tres de la FAQ, ajoutez votre contenu, modifiez la mise en page et les couleurs sans aucune comp\u00e9tence en codage. Enregistrez la FAQ et copiez son code d&rsquo;installation, afin de pouvoir l&rsquo;ajouter facilement \u00e0 votre site Web Joomla sans acheter de version payante. Gr\u00e2ce \u00e0 notre \u00e9diteur intuitif, tout internaute peut cr\u00e9er un widget FAQ en ligne et l&rsquo;int\u00e9grer facilement \u00e0 son site Web Joomla. Il n&rsquo;est pas n\u00e9cessaire de payer ou de saisir les informations d&rsquo;identification de votre carte pour acc\u00e9der au service. Si vous rencontrez des probl\u00e8mes \u00e0 n&rsquo;importe quelle \u00e9tape, n&rsquo;h\u00e9sitez pas \u00e0 contacter notre \u00e9quipe d&rsquo;assistance technique.<\/p> <\/div>\r\n\t\t\t\t\t<\/div>\r\n\t\t\t\t<\/div> <\/div><\/div>\n","protected":false},"excerpt":{"rendered":"","protected":false},"author":18,"featured_media":0,"parent":1136,"menu_order":0,"comment_status":"closed","ping_status":"closed","template":"templates\/template-application-platform.php","meta":{"publish_to_discourse":"","publish_post_category":"","wpdc_auto_publish_overridden":"","wpdc_topic_tags":"","wpdc_pin_topic":"","wpdc_pin_until":"","discourse_post_id":"","discourse_permalink":"","wpdc_publishing_response":"","wpdc_publishing_error":"","footnotes":""},"class_list":["post-6705","page","type-page","status-publish","hentry"],"yoast_head":"<!-- This site is optimized with the Yoast SEO plugin v25.3.1 - https:\/\/yoast.com\/wordpress\/plugins\/seo\/ -->\n<title>Mod\u00e8le de FAQ - ajoutez extension Foire aux questions sur Joomla<\/title>\n<meta name=\"description\" content=\"Int\u00e9grez un Mod\u00e8le de FAQ attractif sur votre site. Utilisez la d\u00e9mo d&#039;Elfsight et g\u00e9n\u00e9rez votre module en 2 minutes.\" \/>\n<meta name=\"robots\" content=\"index, follow, max-snippet:-1, max-image-preview:large, max-video-preview:-1\" \/>\n<link rel=\"canonical\" href=\"https:\/\/elfsight.com\/fr\/accordion-faq-widget\/joomla\/\" \/>\n<meta property=\"og:locale\" content=\"fr_FR\" \/>\n<meta property=\"og:type\" content=\"article\" \/>\n<meta property=\"og:title\" content=\"Mod\u00e8le de FAQ - ajoutez extension Foire aux questions sur Joomla\" \/>\n<meta property=\"og:description\" content=\"Int\u00e9grez un Mod\u00e8le de FAQ attractif sur votre site. Utilisez la d\u00e9mo d&#039;Elfsight et g\u00e9n\u00e9rez votre module en 2 minutes.\" \/>\n<meta property=\"og:url\" content=\"https:\/\/elfsight.com\/fr\/accordion-faq-widget\/joomla\/\" \/>\n<meta property=\"og:site_name\" content=\"Elfsight FR\" \/>\n<meta property=\"article:modified_time\" content=\"2024-12-23T14:06:51+00:00\" \/>\n<meta name=\"twitter:card\" content=\"summary_large_image\" \/>\n<meta name=\"twitter:label1\" content=\"Dur\u00e9e de lecture estim\u00e9e\" \/>\n\t<meta name=\"twitter:data1\" content=\"4 minutes\" \/>\n<!-- \/ Yoast SEO plugin. -->","yoast_head_json":{"title":"Mod\u00e8le de FAQ - ajoutez extension Foire aux questions sur Joomla","description":"Int\u00e9grez un Mod\u00e8le de FAQ attractif sur votre site. Utilisez la d\u00e9mo d'Elfsight et g\u00e9n\u00e9rez votre module en 2 minutes.","robots":{"index":"index","follow":"follow","max-snippet":"max-snippet:-1","max-image-preview":"max-image-preview:large","max-video-preview":"max-video-preview:-1"},"canonical":"https:\/\/elfsight.com\/fr\/accordion-faq-widget\/joomla\/","og_locale":"fr_FR","og_type":"article","og_title":"Mod\u00e8le de FAQ - ajoutez extension Foire aux questions sur Joomla","og_description":"Int\u00e9grez un Mod\u00e8le de FAQ attractif sur votre site. Utilisez la d\u00e9mo d'Elfsight et g\u00e9n\u00e9rez votre module en 2 minutes.","og_url":"https:\/\/elfsight.com\/fr\/accordion-faq-widget\/joomla\/","og_site_name":"Elfsight FR","article_modified_time":"2024-12-23T14:06:51+00:00","twitter_card":"summary_large_image","twitter_misc":{"Dur\u00e9e de lecture estim\u00e9e":"4 minutes"},"schema":{"@context":"https:\/\/schema.org","@graph":[{"@type":"WebPage","@id":"https:\/\/elfsight.com\/fr\/accordion-faq-widget\/joomla\/","url":"https:\/\/elfsight.com\/fr\/accordion-faq-widget\/joomla\/","name":"Mod\u00e8le de FAQ - ajoutez extension Foire aux questions sur Joomla","isPartOf":{"@id":"https:\/\/elfsight.com\/fr\/#website"},"datePublished":"2021-12-06T09:03:15+00:00","dateModified":"2024-12-23T14:06:51+00:00","description":"Int\u00e9grez un Mod\u00e8le de FAQ attractif sur votre site. Utilisez la d\u00e9mo d'Elfsight et g\u00e9n\u00e9rez votre module en 2 minutes.","breadcrumb":{"@id":"https:\/\/elfsight.com\/fr\/accordion-faq-widget\/joomla\/#breadcrumb"},"inLanguage":"fr-FR","potentialAction":[{"@type":"ReadAction","target":["https:\/\/elfsight.com\/fr\/accordion-faq-widget\/joomla\/"]}]},{"@type":"BreadcrumbList","@id":"https:\/\/elfsight.com\/fr\/accordion-faq-widget\/joomla\/#breadcrumb","itemListElement":[{"@type":"ListItem","position":1,"name":"Home","item":"https:\/\/elfsight.com\/fr\/"},{"@type":"ListItem","position":2,"name":"FAQ","item":"https:\/\/elfsight.com\/fr\/accordion-faq-widget\/"},{"@type":"ListItem","position":3,"name":"FAQ &#8211; Joomla"}]},{"@type":"WebSite","@id":"https:\/\/elfsight.com\/fr\/#website","url":"https:\/\/elfsight.com\/fr\/","name":"Elfsight FR","description":"","potentialAction":[{"@type":"SearchAction","target":{"@type":"EntryPoint","urlTemplate":"https:\/\/elfsight.com\/fr\/?s={search_term_string}"},"query-input":{"@type":"PropertyValueSpecification","valueRequired":true,"valueName":"search_term_string"}}],"inLanguage":"fr-FR"}]}},"meta_box":{"industry":"","seo_heading":"","heading":"","description":"","cta_heading":"","cta_description":"","application":"1129","h1":"Mod\u00e8le de FAQ pour Joomla","h1_caption":"Fournissez des r\u00e9ponses aux questions fr\u00e9quemment pos\u00e9es dans un format organis\u00e9 et consultable pour aider les utilisateurs \u00e0 trouver rapidement des solutions sur votre site Web Joomla et sans effort.","application_category":[],"applications_title":"","applications_request_title":"","applications_request_button_text":"","hero_text":"","hero_video":"","hero_video_schema_markup":"","selling_points_title":"","selling_points_caption":"","selling_points":[],"selling_points_cta_text":"","features_title":"","features":"","ed_cta_examples_text":"","ed_cta_examples_hidden":"","ed_cta_demo_text":"","ed_cta_demo_hidden":"","why_caption":"","why_editor_title":"","why_editor_text":"","why_team_title":"","why_team_text":"","why_service_title":"","why_service_text":"","template_catalog_visible":"0","template_catalog_title":"","template_catalog_text":"","template_catalog_categories_visible":"","demo_title":"Cr\u00e9ez votre plugin FAQ","demo_caption":"Configurez votre FAQ et ajoutez-la gratuitement \u00e0 votre site Joomla !","default_faq_hidden":"","app_template_category":[],"platform":"354","template_public_id":"","codecanyon_url":"","codecanyon_item_id":"","codecanyon_price":"","pricing_caption":"","pricing_elfsight_apps_hide_column":"","pricing_elfsight_apps_url":"","pricing_codecanyon_price_caption":"","integration_category":[],"integration_request_title":"","integration_request_cta":"","integration_platform":"","integrations":[],"platform_category":[],"video_schema_markup":"","price":"\u00c0 partir de $0\/mois","trial":"","benefits":[{"text":"Installation gratuite"},{"text":"Support Premium"},{"text":"Garantie de remboursement de 14 jours"},{"text":"L'am\u00e9lioration continue"}],"button_url":"#demo","button_target_blank":"0","button_nofollow":"0","attributes":[{"name":"Nombre d'installations","content":"1,000 - 5,000","_state":"expanded"},{"name":"Adaptif","content":"Oui","_state":"expanded"},{"name":"Navigateurs compatibles","content":"Firefox, Safari, Opera, Chrome, Edge","_state":"expanded"}],"tags":[],"tags_disable_links":"0","hide_more_platforms":"","video_object":"","demo_hide_cta":"0","demo_hide_cloud_options":"0","pricing_title":"","pricing":[{"pricing_icon":"platform","pricing_title":"Applications d'Elfsight","pricing_title_caption":"Solution num\u00e9rique multiplateforme qui fonctionne sur n'importe quel site","pricing_price":"\u00c0 partir de $0\/mois","pricing_price_caption":"Commencez avec un plan gratuit","pricing_benefits":[{"text":"Sites Web illimit\u00e9s"},{"text":"\u00c9quipe d'assistance professionnelle"},{"text":"Service d'installation gratuit"},{"text":"100% personnalisable"}],"pricing_button_text":"Ajouter au site Web","pricing_button_url":"https:\/\/apps.elfsight.com\/sign-up\/","pricing_button_nofollow":"1","_state":"expanded"}],"related_apps_title":"","related_apps_hidden":"1","author":"","image":[],"title":"","job":"","social_networks":[]},"_links":{"self":[{"href":"https:\/\/elfsight.com\/fr\/wp-json\/wp\/v2\/pages\/6705","targetHints":{"allow":["GET"]}}],"collection":[{"href":"https:\/\/elfsight.com\/fr\/wp-json\/wp\/v2\/pages"}],"about":[{"href":"https:\/\/elfsight.com\/fr\/wp-json\/wp\/v2\/types\/page"}],"author":[{"embeddable":true,"href":"https:\/\/elfsight.com\/fr\/wp-json\/wp\/v2\/users\/18"}],"replies":[{"embeddable":true,"href":"https:\/\/elfsight.com\/fr\/wp-json\/wp\/v2\/comments?post=6705"}],"version-history":[{"count":3,"href":"https:\/\/elfsight.com\/fr\/wp-json\/wp\/v2\/pages\/6705\/revisions"}],"predecessor-version":[{"id":16050,"href":"https:\/\/elfsight.com\/fr\/wp-json\/wp\/v2\/pages\/6705\/revisions\/16050"}],"up":[{"embeddable":true,"href":"https:\/\/elfsight.com\/fr\/wp-json\/wp\/v2\/pages\/1136"}],"wp:attachment":[{"href":"https:\/\/elfsight.com\/fr\/wp-json\/wp\/v2\/media?parent=6705"}],"curies":[{"name":"wp","href":"https:\/\/api.w.org\/{rel}","templated":true}]}}