{"id":6699,"date":"2021-12-06T09:03:56","date_gmt":"2021-12-06T09:03:56","guid":{"rendered":"https:\/\/elfsight.com\/fr\/?page_id=6699"},"modified":"2024-12-23T14:19:25","modified_gmt":"2024-12-23T14:19:25","slug":"html","status":"publish","type":"page","link":"https:\/\/elfsight.com\/fr\/accordion-faq-widget\/html\/","title":{"rendered":"FAQ &#8211; HTML"},"content":{"rendered":"\n<div class=\"application-platform-content-item-description application-platform-content-item\" id=\"description\" data-nav-section=\"description\">\n  <h2>Description<\/h2>\n  <p>Notre FAQ est un widget puissant, facile \u00e0 installer et \u00e0 personnaliser pour cr\u00e9er et publier une liste des questions les plus importantes avec leurs r\u00e9ponses sur votre site. Ce widget adaptatif avec une interface simple vous permet d&rsquo;afficher des informations compl\u00e8tes sur vos services, d&rsquo;attirer l&rsquo;attention des visiteurs sur les avantages et de lever tout doute ou id\u00e9e fausse qui pourrait influencer l&rsquo;achat.<\/p>\n  <p><strong>Laissez vos clients trouver imm\u00e9diatement les r\u00e9ponses \u00e0 leurs questions et augmentez vos ventes sur le site !<\/strong><\/p>\n  <ul>\n    <li><strong>Aidez les visiteurs \u00e0 passer une commande avec des r\u00e9ponses intelligentes<\/strong><br> D\u00e9montrez les r\u00e9ponses aux questions cl\u00e9s des clients \u00e0 l&rsquo;avance et convainquez les utilisateurs d&rsquo;effectuer un achat sur votre site Web.<\/li>\n    <li><strong>Obtenez la bonne perception de vos produits ou services<\/strong><br> Combattez les peurs les plus fr\u00e9quentes et la m\u00e9fiance li\u00e9e \u00e0 votre entreprise au moyen de r\u00e9ponses claires et d\u00e9taill\u00e9es.<\/li>\n    <li><strong>R\u00e9duisez la dur\u00e9e et le co\u00fbt du travail du centre d&rsquo;assistance<\/strong><br> Ajoutez des r\u00e9ponses aux questions les plus fr\u00e9quentes concernant vos produits ou services pour r\u00e9duire la charge de votre \u00e9quipe d&rsquo;assistance.<\/li>\n  <\/ul>\n\n  <div class=\"faq\" data-component=\"FAQ\">\n    <div class=\"faq-item\">\r\n\t\t\t\t\t<div class=\"faq-item-question\">\r\n\t\t\t\t\t\t<h3 class=\"faq-item-question-text\">Comment puis-je int\u00e9grer le widget FAQ au HTML ?<\/h3>\r\n\r\n\t\t\t\t\t\t<div class=\"faq-item-question-icon\"><\/div>\r\n\t\t\t\t\t<\/div>\r\n\r\n\t\t\t\t\t<div class=\"faq-item-answer\">\r\n\t\t\t\t\t\t<div class=\"faq-item-answer-text\">\n      <p>La cr\u00e9ation du widget s&rsquo;effectue sur le site Elfsight, et vous n&rsquo;avez pas besoin de comp\u00e9tences en codage. Utilisez la d\u00e9mo en direct pour cr\u00e9er votre propre outil, obtenez le code et int\u00e9grez-le \u00e0 votre site.<\/p>\n    <\/div>\r\n\t\t\t\t\t<\/div>\r\n\t\t\t\t<\/div>\n\n    <div class=\"faq-item\">\r\n\t\t\t\t\t<div class=\"faq-item-question\">\r\n\t\t\t\t\t\t<h3 class=\"faq-item-question-text\">Quels sont les meilleurs exemples d'utilisation de l'int\u00e9gration du plugin FAQ ?<\/h3>\r\n\r\n\t\t\t\t\t\t<div class=\"faq-item-question-icon\"><\/div>\r\n\t\t\t\t\t<\/div>\r\n\r\n\t\t\t\t\t<div class=\"faq-item-answer\">\r\n\t\t\t\t\t\t<div class=\"faq-item-answer-text\">\n      <p>Nous vous offrons de nombreuses possibilit\u00e9s de personnalisation : widgets pleine taille \u00e0 ins\u00e9rer dans la section de contenu, widgets flottants avec options de d\u00e9filement, mises en page pour le pied de page de votre site Web, l&rsquo;en-t\u00eate et diff\u00e9rentes options verticales pour les barres lat\u00e9rales et menus.<\/p>\n    <\/div>\r\n\t\t\t\t\t<\/div>\r\n\t\t\t\t<\/div>\n\n    <div class=\"faq-item\">\r\n\t\t\t\t\t<div class=\"faq-item-question\">\r\n\t\t\t\t\t\t<h3 class=\"faq-item-question-text\">Puis-je cr\u00e9er une FAQ simple ou une FAQ multicolonne avec l'\u00e9diteur ?<\/h3>\r\n\r\n\t\t\t\t\t\t<div class=\"faq-item-question-icon\"><\/div>\r\n\t\t\t\t\t<\/div>\r\n\r\n\t\t\t\t\t<div class=\"faq-item-answer\">\r\n\t\t\t\t\t\t<div class=\"faq-item-answer-text\">\n      <p>Oui, l&rsquo;\u00e9diteur vous permet de cr\u00e9er toutes sortes de variantes pour chaque widget. Il existe une multitude de mises en page \u00e0 votre disposition dans l&rsquo;\u00e9diteur, et toutes peuvent \u00eatre facilement personnalis\u00e9es selon vos besoins.<\/p>\n    <\/div>\r\n\t\t\t\t\t<\/div>\r\n\t\t\t\t<\/div>\n  <\/div>\n<\/div>\n\n<div class=\"application-platform-content-item-features application-platform-content-item\" id=\"features\" data-nav-section=\"features\">\n  <h2>Fonctionnalit\u00e9s<\/h2>\n  <p>Voici les principales fonctionnalit\u00e9s du widget FAQ Elfsight, qui en font l&rsquo;outil id\u00e9al pour ajouter des FAQ sur votre site Web HTML :<\/p>\n  <ul>\n    <li>3 mises en page pr\u00eates \u00e0 l&#8217;emploi : accord\u00e9on, liste, multicolonne.<\/li>\n    <li>36 ic\u00f4nes pr\u00e9d\u00e9finies pour les cat\u00e9gories.<\/li>\n    <li>Possibilit\u00e9 de dupliquer et r\u00e9organiser les questions.<\/li>\n    <li>Support du HTML dans le texte des r\u00e9ponses.<\/li>\n    <li>Support client rapide et professionnel.<\/li>\n  <\/ul>\n  <p><a href=\"#demo\">D\u00e9couvrez toutes les fonctionnalit\u00e9s du widget dans cette d\u00e9mo.<\/a><\/p>\n<\/div>\n\n<div class=\"application-platform-content-item-installation application-platform-content-item\" id=\"installation\" data-nav-section=\"installation\">\n  <h2>Comment ajouter le widget FAQ Accordion au code HTML<\/h2>\n  <div class=\"video-container\">\n    <iframe width=\"720\" height=\"405\" src=\"https:\/\/www.youtube.com\/embed\/aBPLB9cQD2Y\" frameborder=\"0\" allowfullscreen><\/iframe>\n  <\/div>\n  <p>Placez le widget sur votre site en suivant les instructions simples de notre tutoriel. Vous n\u2019aurez pas besoin d\u2019embaucher un programmeur ou d\u2019avoir des connaissances approfondies en programmation \u2013 tout est tr\u00e8s facile. L&rsquo;installation prend en moyenne 2 minutes.<\/p>\n  <ol>\n    <li><strong>Cr\u00e9ez votre FAQ unique<\/strong><br> \u00c0 l&rsquo;aide de notre \u00e9diteur gratuit, g\u00e9n\u00e9rez un plugin avec la conception et les param\u00e8tres de votre choix.<\/li>\n    <li><strong>Acqu\u00e9rir un code pour l&rsquo;int\u00e9gration du plugin<\/strong><br> Une fois que le widget est cr\u00e9\u00e9, obtenez un code d&rsquo;int\u00e9gration pour le plugin FAQ \u00e0 partir de la fen\u00eatre qui appara\u00eet dans les applications Elfsight.<\/li>\n    <li><strong>Ajouter le widget sur la page HTML<\/strong><br> Collez le code dans l&rsquo;\u00e9diteur HTML de votre page et placez le widget \u00e0 l&rsquo;endroit souhait\u00e9 (dans le contenu, le pied de page, la barre lat\u00e9rale, etc.).<\/li>\n    <li><strong>L&rsquo;installation est termin\u00e9e<\/strong><br> Ouvrez votre site pour voir le widget en action.<\/li>\n  <\/ol>\n  <p>Si vous avez rencontr\u00e9 des difficult\u00e9s lors de l&rsquo;application du tutoriel, contactez notre support ou consultez la version compl\u00e8te du guide en ligne : <a href=\"https:\/\/elfsight.com\/tutorials\/how-to-add-responsive-faq-widget-to-html\/\" target=\"_blank\" rel=\"noopener noreferrer\">Comment ajouter une FAQ au HTML<\/a>.<\/p>\n<\/div>\n\n","protected":false},"excerpt":{"rendered":"","protected":false},"author":18,"featured_media":0,"parent":1136,"menu_order":0,"comment_status":"closed","ping_status":"closed","template":"templates\/template-application-platform.php","meta":{"publish_to_discourse":"","publish_post_category":"","wpdc_auto_publish_overridden":"","wpdc_topic_tags":"","wpdc_pin_topic":"","wpdc_pin_until":"","discourse_post_id":"","discourse_permalink":"","wpdc_publishing_response":"","wpdc_publishing_error":"","footnotes":""},"class_list":["post-6699","page","type-page","status-publish","hentry"],"yoast_head":"<!-- This site is optimized with the Yoast SEO plugin v25.3.1 - https:\/\/yoast.com\/wordpress\/plugins\/seo\/ -->\n<title>Mod\u00e8le de FAQ - ajoutez widget Foire aux questions sur HTML<\/title>\n<meta name=\"description\" content=\"Int\u00e9grez un Mod\u00e8le de FAQ attractif sur votre site. Utilisez la d\u00e9mo d&#039;Elfsight et g\u00e9n\u00e9rez votre widget en 2 minutes.\" \/>\n<meta name=\"robots\" content=\"index, follow, max-snippet:-1, max-image-preview:large, max-video-preview:-1\" \/>\n<link rel=\"canonical\" href=\"https:\/\/elfsight.com\/fr\/accordion-faq-widget\/html\/\" \/>\n<meta property=\"og:locale\" content=\"fr_FR\" \/>\n<meta property=\"og:type\" content=\"article\" \/>\n<meta property=\"og:title\" content=\"Mod\u00e8le de FAQ - ajoutez widget Foire aux questions sur HTML\" \/>\n<meta property=\"og:description\" content=\"Int\u00e9grez un Mod\u00e8le de FAQ attractif sur votre site. Utilisez la d\u00e9mo d&#039;Elfsight et g\u00e9n\u00e9rez votre widget en 2 minutes.\" \/>\n<meta property=\"og:url\" content=\"https:\/\/elfsight.com\/fr\/accordion-faq-widget\/html\/\" \/>\n<meta property=\"og:site_name\" content=\"Elfsight FR\" \/>\n<meta property=\"article:modified_time\" content=\"2024-12-23T14:19:25+00:00\" \/>\n<meta name=\"twitter:card\" content=\"summary_large_image\" \/>\n<meta name=\"twitter:label1\" content=\"Dur\u00e9e de lecture estim\u00e9e\" \/>\n\t<meta name=\"twitter:data1\" content=\"4 minutes\" \/>\n<!-- \/ Yoast SEO plugin. -->","yoast_head_json":{"title":"Mod\u00e8le de FAQ - ajoutez widget Foire aux questions sur HTML","description":"Int\u00e9grez un Mod\u00e8le de FAQ attractif sur votre site. Utilisez la d\u00e9mo d'Elfsight et g\u00e9n\u00e9rez votre widget en 2 minutes.","robots":{"index":"index","follow":"follow","max-snippet":"max-snippet:-1","max-image-preview":"max-image-preview:large","max-video-preview":"max-video-preview:-1"},"canonical":"https:\/\/elfsight.com\/fr\/accordion-faq-widget\/html\/","og_locale":"fr_FR","og_type":"article","og_title":"Mod\u00e8le de FAQ - ajoutez widget Foire aux questions sur HTML","og_description":"Int\u00e9grez un Mod\u00e8le de FAQ attractif sur votre site. Utilisez la d\u00e9mo d'Elfsight et g\u00e9n\u00e9rez votre widget en 2 minutes.","og_url":"https:\/\/elfsight.com\/fr\/accordion-faq-widget\/html\/","og_site_name":"Elfsight FR","article_modified_time":"2024-12-23T14:19:25+00:00","twitter_card":"summary_large_image","twitter_misc":{"Dur\u00e9e de lecture estim\u00e9e":"4 minutes"},"schema":{"@context":"https:\/\/schema.org","@graph":[{"@type":"WebPage","@id":"https:\/\/elfsight.com\/fr\/accordion-faq-widget\/html\/","url":"https:\/\/elfsight.com\/fr\/accordion-faq-widget\/html\/","name":"Mod\u00e8le de FAQ - ajoutez widget Foire aux questions sur HTML","isPartOf":{"@id":"https:\/\/elfsight.com\/fr\/#website"},"datePublished":"2021-12-06T09:03:56+00:00","dateModified":"2024-12-23T14:19:25+00:00","description":"Int\u00e9grez un Mod\u00e8le de FAQ attractif sur votre site. Utilisez la d\u00e9mo d'Elfsight et g\u00e9n\u00e9rez votre widget en 2 minutes.","breadcrumb":{"@id":"https:\/\/elfsight.com\/fr\/accordion-faq-widget\/html\/#breadcrumb"},"inLanguage":"fr-FR","potentialAction":[{"@type":"ReadAction","target":["https:\/\/elfsight.com\/fr\/accordion-faq-widget\/html\/"]}]},{"@type":"BreadcrumbList","@id":"https:\/\/elfsight.com\/fr\/accordion-faq-widget\/html\/#breadcrumb","itemListElement":[{"@type":"ListItem","position":1,"name":"Home","item":"https:\/\/elfsight.com\/fr\/"},{"@type":"ListItem","position":2,"name":"FAQ","item":"https:\/\/elfsight.com\/fr\/accordion-faq-widget\/"},{"@type":"ListItem","position":3,"name":"FAQ &#8211; HTML"}]},{"@type":"WebSite","@id":"https:\/\/elfsight.com\/fr\/#website","url":"https:\/\/elfsight.com\/fr\/","name":"Elfsight FR","description":"","potentialAction":[{"@type":"SearchAction","target":{"@type":"EntryPoint","urlTemplate":"https:\/\/elfsight.com\/fr\/?s={search_term_string}"},"query-input":{"@type":"PropertyValueSpecification","valueRequired":true,"valueName":"search_term_string"}}],"inLanguage":"fr-FR"}]}},"meta_box":{"industry":"","seo_heading":"","heading":"","description":"","cta_heading":"","cta_description":"","application":"1129","h1":"Mod\u00e8le de FAQ pour HTML","h1_caption":"Fournissez des r\u00e9ponses aux questions fr\u00e9quemment pos\u00e9es dans un format organis\u00e9 et consultable pour aider les utilisateurs \u00e0 trouver rapidement des solutions sur votre site Web HTML, sans effort.","application_category":[],"applications_title":"","applications_request_title":"","applications_request_button_text":"","hero_text":"","hero_video":"","hero_video_schema_markup":"","selling_points_title":"","selling_points_caption":"","selling_points":[],"selling_points_cta_text":"","features_title":"","features":"","ed_cta_examples_text":"","ed_cta_examples_hidden":"","ed_cta_demo_text":"","ed_cta_demo_hidden":"","why_caption":"","why_editor_title":"","why_editor_text":"","why_team_title":"","why_team_text":"","why_service_title":"","why_service_text":"","template_catalog_visible":"0","template_catalog_title":"","template_catalog_text":"","template_catalog_categories_visible":"","demo_title":"Cr\u00e9ez votre widget FAQ","demo_caption":"Configurez votre FAQ et ajoutez-la \u00e0 votre site HTML gratuitement !","default_faq_hidden":"","app_template_category":[],"platform":"352","template_public_id":"","codecanyon_url":"","codecanyon_item_id":"","codecanyon_price":"","pricing_caption":"","pricing_elfsight_apps_hide_column":"","pricing_elfsight_apps_url":"","pricing_codecanyon_price_caption":"","integration_category":[],"integration_request_title":"","integration_request_cta":"","integration_platform":"","integrations":[],"platform_category":[],"video_schema_markup":"","price":"\u00c0 partir de $0\/mois","trial":"","benefits":[{"text":"Installation gratuite"},{"text":"Support Premium"},{"text":"Garantie de remboursement de 14 jours"},{"text":"L'am\u00e9lioration continue"}],"button_url":"#demo","button_target_blank":"0","button_nofollow":"0","attributes":[{"name":"Nombre d'installations","content":"1,000 - 5,000","_state":"expanded"},{"name":"Adaptif","content":"Oui","_state":"expanded"},{"name":"Navigateurs compatibles","content":"Firefox, Safari, Opera, Chrome, Edge","_state":"expanded"}],"tags":[],"tags_disable_links":"0","hide_more_platforms":"","video_object":"","demo_hide_cta":"0","demo_hide_cloud_options":"0","pricing_title":"","pricing":[{"pricing_icon":"platform","pricing_title":"Applications d'Elfsight","pricing_title_caption":"Solution num\u00e9rique multiplateforme qui fonctionne sur n'importe quel site","pricing_price":"\u00c0 partir de $0\/mois","pricing_price_caption":"Commencez avec un plan gratuit","pricing_benefits":[{"text":"Sites Web illimit\u00e9s"},{"text":"\u00c9quipe d'assistance professionnelle"},{"text":"Service d'installation gratuit"},{"text":"100% personnalisable"}],"pricing_button_text":"Ajouter au site Web","pricing_button_url":"https:\/\/apps.elfsight.com\/sign-up\/","pricing_button_nofollow":"1","_state":"expanded"}],"related_apps_title":"","related_apps_hidden":"1","author":"","image":[],"title":"","job":"","social_networks":[]},"_links":{"self":[{"href":"https:\/\/elfsight.com\/fr\/wp-json\/wp\/v2\/pages\/6699","targetHints":{"allow":["GET"]}}],"collection":[{"href":"https:\/\/elfsight.com\/fr\/wp-json\/wp\/v2\/pages"}],"about":[{"href":"https:\/\/elfsight.com\/fr\/wp-json\/wp\/v2\/types\/page"}],"author":[{"embeddable":true,"href":"https:\/\/elfsight.com\/fr\/wp-json\/wp\/v2\/users\/18"}],"replies":[{"embeddable":true,"href":"https:\/\/elfsight.com\/fr\/wp-json\/wp\/v2\/comments?post=6699"}],"version-history":[{"count":4,"href":"https:\/\/elfsight.com\/fr\/wp-json\/wp\/v2\/pages\/6699\/revisions"}],"predecessor-version":[{"id":16056,"href":"https:\/\/elfsight.com\/fr\/wp-json\/wp\/v2\/pages\/6699\/revisions\/16056"}],"up":[{"embeddable":true,"href":"https:\/\/elfsight.com\/fr\/wp-json\/wp\/v2\/pages\/1136"}],"wp:attachment":[{"href":"https:\/\/elfsight.com\/fr\/wp-json\/wp\/v2\/media?parent=6699"}],"curies":[{"name":"wp","href":"https:\/\/api.w.org\/{rel}","templated":true}]}}