{"id":6687,"date":"2021-12-06T09:05:29","date_gmt":"2021-12-06T09:05:29","guid":{"rendered":"https:\/\/elfsight.com\/fr\/?page_id=6687"},"modified":"2024-12-23T14:03:45","modified_gmt":"2024-12-23T14:03:45","slug":"blogger","status":"publish","type":"page","link":"https:\/\/elfsight.com\/fr\/accordion-faq-widget\/blogger\/","title":{"rendered":"FAQ &#8211; Blogger"},"content":{"rendered":"\n<div class=\"application-platform-content-item-description application-platform-content-item\" id=\"description\" data-nav-section=\"description\"><h2>Description<\/h2><p>La FAQ Elfsight est un instrument simple, facile \u00e0 appliquer et \u00e0 personnaliser pour pr\u00e9senter une liste des questions les plus populaires. avec des r\u00e9ponses sur un site personnel. Un widget adaptatif au design simple vous donne la possibilit\u00e9 de partager des informations d\u00e9taill\u00e9es sur vos offres, d&rsquo;attirer l&rsquo;attention des clients sur les avantages de vos produits et d&rsquo;exclure toute crainte ou m\u00e9fiance \u00e9ventuelle, qui peut faire obstacle \u00e0 la prise de d\u00e9cision d&rsquo;achat.<\/p><p><b>R\u00e9pondez imm\u00e9diatement aux questions \u00e0 venir de vos visiteurs et augmentez la conversion sur le site\u00a0!<\/b><\/p><ul><li><b>\u00c9liminez tous les doutes que vos clients peuvent avoir et passez au niveau sup\u00e9rieur. vos revenus<\/b>.<br>Affichez des donn\u00e9es d\u00e9taill\u00e9es sur vos produits ou offres \u00e0 vos acheteurs potentiels, pour r\u00e9pondre \u00e0 leur ind\u00e9cision et augmenter vos revenus sur le site.<\/li><li><b>Cr\u00e9ez une image efficace de votre marque aupr\u00e8s des clients<\/b>.<br>Dessinez la bonne image de votre entreprise pour les visiteurs du site Web, afin de corriger toutes les id\u00e9es fausses possibles.<\/li><li><b>R\u00e9pondez \u00e0 toutes les questions de vos clients en un rien de temps<\/b>.<br>Aidez vos visiteurs \u00e0 disposer des informations les plus compl\u00e8tes sur vos produits ou services et \u00e9vitez les requ\u00eates qui peuvent appara\u00eetre.<\/li><\/ul><\/div><div class=\"application-platform-content-item-features application-platform-content-item\" id=\"features\" data-nav-section=\"features\"><h2>Fonctionnalit\u00e9s<\/h2><p>Les principaux aspects fonctionnels de notre widget, qui en font le widget le plus flexible pour int\u00e9grer les FAQ sur le site Web Blogger.<\/p><ul><li>Mise en page de liste pour afficher toutes les questions et r\u00e9ponses en m\u00eame temps\u00a0;<\/li><li>Couleurs personnalisables du texte de la question, du texte de la r\u00e9ponse, du nom de la cat\u00e9gorie et de l&rsquo;arri\u00e8re-plan\u00a0;<\/li><li>Ajouter et supprimer des cat\u00e9gories\u00a0;<\/li><li>Sch\u00e9ma de question en microdonn\u00e9es, pour faciliter l&rsquo;optimisation du r\u00e9f\u00e9rencement. ;<\/li><li>Mises \u00e0 jour disponibles pour le garder \u00e0 jour.<\/li><\/ul><p><a href=\"#demo\">V\u00e9rifiez toutes les fonctionnalit\u00e9s<\/a><\/p><\/div><div class=\"application-platform-content-item-installation application-platform-content-item\" id=\"installation\" data-nav-section=\"installation\"><h2>Comment ajouter le widget FAQ Accordion \u00e0 Blogger<\/h2><div class=\"video-container\"><iframe width=\"720\" height=\"405\" src=\"https:\/\/www.youtube.com\/embed\/TRvYfHXVJOs\" frameborder=\"0\" allowfullscreen=\"\"><\/iframe><\/div><p>Cr\u00e9ez un widget \u00e0 l&rsquo;aide de notre guide concis. Vous n\u2019avez pas besoin de connaissances en d\u00e9veloppement ni de l\u2019aide d\u2019un programmeur professionnel. Le temps de configuration complet n&rsquo;est que d&rsquo;une minute.<\/p><ol><li><b>Concevez votre FAQ personnelle<\/b>.<br>\u00c0 l&rsquo;aide de notre configurateur gratuit, cr\u00e9ez un plugin avec une apparence et des options pr\u00e9f\u00e9rables.<\/li><li><b>Acqu\u00e9rir un code pour installer le plugin<\/b>.<br>Apr\u00e8s la g\u00e9n\u00e9ration du widget, acqu\u00e9rir un code pour le plugin FAQ \u00e0 partir de la notification contextuelle sur les applications Elfsight.<\/li><li><b>Placer le plugin sur le site Web Blogger<\/b>.<br>Int\u00e9grez le plugin \u00e0 l&rsquo;endroit n\u00e9cessaire de la page et publiez les modifications.<\/li><li><b>Termin\u00e9\u00a0!<\/b>.<br>Allez sur sur le site Web, pour voir votre nouveau plugin.<\/li><\/ol><p>Vous avez des questions sur l&rsquo;application du guide\u00a0? Laissez un message \u00e0 notre \u00e9quipe d&rsquo;assistance ou lisez des instructions d\u00e9taill\u00e9es \u00ab<a href=\"https:\/\/elfsight.com\/tutorials\/how-to-add-faq-widget-to-blogger\/\" target=\"_blank\" rel=\"noopener noreferrer\">Comment ajouter une FAQ \u00e0 Blogger<\/a>\u00bb et effectuez le param\u00e9trage vous-m\u00eame.<\/p><div class=\"faq\" data-component=\"FAQ\"><div class=\"faq-item\">\r\n\t\t\t\t\t<div class=\"faq-item-question\">\r\n\t\t\t\t\t\t<h3 class=\"faq-item-question-text\">Comment ajouter une FAQ \u00e0 mon site Blogger sans comp\u00e9tences en codage ?<\/h3>\r\n\r\n\t\t\t\t\t\t<div class=\"faq-item-question-icon\"><\/div>\r\n\t\t\t\t\t<\/div>\r\n\r\n\t\t\t\t\t<div class=\"faq-item-answer\">\r\n\t\t\t\t\t\t<div class=\"faq-item-answer-text\"> <p>Elfsight fournit une solution SaaS qui vous permet de cr\u00e9er vous-m\u00eame un widget FAQ. Voyez \u00e0 quel point le processus est simple\u00a0: travaillez directement dans l&rsquo;\u00e9diteur en ligne pour cr\u00e9er un widget FAQ que vous aimeriez voir sur votre site Web Blogger. Choisissez l&rsquo;un des mod\u00e8les pr\u00e9d\u00e9finis et ajustez les param\u00e8tres de la FAQ, ajoutez votre contenu, modifiez la mise en page et les couleurs sans aucune comp\u00e9tence en codage. Enregistrez la FAQ et copiez son code d&rsquo;installation, que vous pouvez facilement inclure dans votre site Web Blogger sans avoir besoin d&rsquo;acheter un forfait payant. Gr\u00e2ce \u00e0 notre \u00e9diteur intuitif, tout internaute peut cr\u00e9er un widget FAQ en ligne et l&rsquo;int\u00e9grer facilement \u00e0 son site Web Blogger. Il n&rsquo;est pas n\u00e9cessaire de payer ou de saisir les informations d&rsquo;identification de votre carte pour acc\u00e9der au service. Si vous rencontrez des probl\u00e8mes \u00e0 n&rsquo;importe quelle \u00e9tape, n&rsquo;h\u00e9sitez pas \u00e0 contacter notre \u00e9quipe d&rsquo;assistance technique.<\/p> <\/div>\r\n\t\t\t\t\t<\/div>\r\n\t\t\t\t<\/div> <\/div><\/div>\n","protected":false},"excerpt":{"rendered":"","protected":false},"author":18,"featured_media":0,"parent":1136,"menu_order":0,"comment_status":"closed","ping_status":"closed","template":"templates\/template-application-platform.php","meta":{"publish_to_discourse":"","publish_post_category":"","wpdc_auto_publish_overridden":"","wpdc_topic_tags":"","wpdc_pin_topic":"","wpdc_pin_until":"","discourse_post_id":"","discourse_permalink":"","wpdc_publishing_response":"","wpdc_publishing_error":"","footnotes":""},"class_list":["post-6687","page","type-page","status-publish","hentry"],"yoast_head":"<!-- This site is optimized with the Yoast SEO plugin v25.3.1 - https:\/\/yoast.com\/wordpress\/plugins\/seo\/ -->\n<title>Mod\u00e8le de FAQ - ajoutez plugin Foire aux questions sur Blogger<\/title>\n<meta name=\"description\" content=\"Int\u00e9grez un Mod\u00e8le de FAQ attractif sur votre site. Appliquez la d\u00e9mo d&#039;Elfsight et g\u00e9n\u00e9rez votre widget en quelques minutes.\" \/>\n<meta name=\"robots\" content=\"index, follow, max-snippet:-1, max-image-preview:large, max-video-preview:-1\" \/>\n<link rel=\"canonical\" href=\"https:\/\/elfsight.com\/fr\/accordion-faq-widget\/blogger\/\" \/>\n<meta property=\"og:locale\" content=\"fr_FR\" \/>\n<meta property=\"og:type\" content=\"article\" \/>\n<meta property=\"og:title\" content=\"Mod\u00e8le de FAQ - ajoutez plugin Foire aux questions sur Blogger\" \/>\n<meta property=\"og:description\" content=\"Int\u00e9grez un Mod\u00e8le de FAQ attractif sur votre site. Appliquez la d\u00e9mo d&#039;Elfsight et g\u00e9n\u00e9rez votre widget en quelques minutes.\" \/>\n<meta property=\"og:url\" content=\"https:\/\/elfsight.com\/fr\/accordion-faq-widget\/blogger\/\" \/>\n<meta property=\"og:site_name\" content=\"Elfsight FR\" \/>\n<meta property=\"article:modified_time\" content=\"2024-12-23T14:03:45+00:00\" \/>\n<meta name=\"twitter:card\" content=\"summary_large_image\" \/>\n<meta name=\"twitter:label1\" content=\"Dur\u00e9e de lecture estim\u00e9e\" \/>\n\t<meta name=\"twitter:data1\" content=\"4 minutes\" \/>\n<!-- \/ Yoast SEO plugin. -->","yoast_head_json":{"title":"Mod\u00e8le de FAQ - ajoutez plugin Foire aux questions sur Blogger","description":"Int\u00e9grez un Mod\u00e8le de FAQ attractif sur votre site. Appliquez la d\u00e9mo d'Elfsight et g\u00e9n\u00e9rez votre widget en quelques minutes.","robots":{"index":"index","follow":"follow","max-snippet":"max-snippet:-1","max-image-preview":"max-image-preview:large","max-video-preview":"max-video-preview:-1"},"canonical":"https:\/\/elfsight.com\/fr\/accordion-faq-widget\/blogger\/","og_locale":"fr_FR","og_type":"article","og_title":"Mod\u00e8le de FAQ - ajoutez plugin Foire aux questions sur Blogger","og_description":"Int\u00e9grez un Mod\u00e8le de FAQ attractif sur votre site. Appliquez la d\u00e9mo d'Elfsight et g\u00e9n\u00e9rez votre widget en quelques minutes.","og_url":"https:\/\/elfsight.com\/fr\/accordion-faq-widget\/blogger\/","og_site_name":"Elfsight FR","article_modified_time":"2024-12-23T14:03:45+00:00","twitter_card":"summary_large_image","twitter_misc":{"Dur\u00e9e de lecture estim\u00e9e":"4 minutes"},"schema":{"@context":"https:\/\/schema.org","@graph":[{"@type":"WebPage","@id":"https:\/\/elfsight.com\/fr\/accordion-faq-widget\/blogger\/","url":"https:\/\/elfsight.com\/fr\/accordion-faq-widget\/blogger\/","name":"Mod\u00e8le de FAQ - ajoutez plugin Foire aux questions sur Blogger","isPartOf":{"@id":"https:\/\/elfsight.com\/fr\/#website"},"datePublished":"2021-12-06T09:05:29+00:00","dateModified":"2024-12-23T14:03:45+00:00","description":"Int\u00e9grez un Mod\u00e8le de FAQ attractif sur votre site. Appliquez la d\u00e9mo d'Elfsight et g\u00e9n\u00e9rez votre widget en quelques minutes.","breadcrumb":{"@id":"https:\/\/elfsight.com\/fr\/accordion-faq-widget\/blogger\/#breadcrumb"},"inLanguage":"fr-FR","potentialAction":[{"@type":"ReadAction","target":["https:\/\/elfsight.com\/fr\/accordion-faq-widget\/blogger\/"]}]},{"@type":"BreadcrumbList","@id":"https:\/\/elfsight.com\/fr\/accordion-faq-widget\/blogger\/#breadcrumb","itemListElement":[{"@type":"ListItem","position":1,"name":"Home","item":"https:\/\/elfsight.com\/fr\/"},{"@type":"ListItem","position":2,"name":"FAQ","item":"https:\/\/elfsight.com\/fr\/accordion-faq-widget\/"},{"@type":"ListItem","position":3,"name":"FAQ &#8211; Blogger"}]},{"@type":"WebSite","@id":"https:\/\/elfsight.com\/fr\/#website","url":"https:\/\/elfsight.com\/fr\/","name":"Elfsight FR","description":"","potentialAction":[{"@type":"SearchAction","target":{"@type":"EntryPoint","urlTemplate":"https:\/\/elfsight.com\/fr\/?s={search_term_string}"},"query-input":{"@type":"PropertyValueSpecification","valueRequired":true,"valueName":"search_term_string"}}],"inLanguage":"fr-FR"}]}},"meta_box":{"industry":"","seo_heading":"","heading":"","description":"","cta_heading":"","cta_description":"","application":"1129","h1":"Mod\u00e8le de FAQ pour Blogger","h1_caption":"Fournissez des r\u00e9ponses aux questions fr\u00e9quemment pos\u00e9es dans un format organis\u00e9 et consultable pour aider les utilisateurs \u00e0 trouver rapidement des solutions sur votre site Web Blogger, sans effort.","application_category":[],"applications_title":"","applications_request_title":"","applications_request_button_text":"","hero_text":"","hero_video":"","hero_video_schema_markup":"","selling_points_title":"","selling_points_caption":"","selling_points":[],"selling_points_cta_text":"","features_title":"","features":"","ed_cta_examples_text":"","ed_cta_examples_hidden":"","ed_cta_demo_text":"","ed_cta_demo_hidden":"","why_caption":"","why_editor_title":"","why_editor_text":"","why_team_title":"","why_team_text":"","why_service_title":"","why_service_text":"","template_catalog_visible":"0","template_catalog_title":"","template_catalog_text":"","template_catalog_categories_visible":"","demo_title":"Cr\u00e9ez votre widget FAQ","demo_caption":"Configurez votre FAQ et ajoutez-la gratuitement \u00e0 votre site Web Blogger\u00a0!","default_faq_hidden":"","app_template_category":[],"platform":"348","template_public_id":"","codecanyon_url":"","codecanyon_item_id":"","codecanyon_price":"","pricing_caption":"","pricing_elfsight_apps_hide_column":"","pricing_elfsight_apps_url":"","pricing_codecanyon_price_caption":"","integration_category":[],"integration_request_title":"","integration_request_cta":"","integration_platform":"","integrations":[],"platform_category":[],"video_schema_markup":"","price":"\u00c0 partir de $0\/mois","trial":"","benefits":[{"text":"Installation gratuite"},{"text":"Support Premium"},{"text":"Garantie de remboursement de 14 jours"},{"text":"L'am\u00e9lioration continue"}],"button_url":"#demo","button_target_blank":"0","button_nofollow":"0","attributes":[{"name":"Nombre d'installations","content":"1,000 - 5,000","_state":"expanded"},{"name":"Adaptif","content":"Oui","_state":"expanded"},{"name":"Navigateurs compatibles","content":"Firefox, Safari, Opera, Chrome, Edge","_state":"expanded"}],"tags":[],"tags_disable_links":"0","hide_more_platforms":"","video_object":"","demo_hide_cta":"0","demo_hide_cloud_options":"0","pricing_title":"","pricing":[{"pricing_icon":"platform","pricing_title":"Applications d'Elfsight","pricing_title_caption":"Solution num\u00e9rique multiplateforme qui fonctionne sur n'importe quel site","pricing_price":"\u00c0 partir de $0\/mois","pricing_price_caption":"Commencez avec un plan gratuit","pricing_benefits":[{"text":"Sites Web illimit\u00e9s"},{"text":"\u00c9quipe d'assistance professionnelle"},{"text":"Service d'installation gratuit"},{"text":"100% personnalisable"}],"pricing_button_text":"Ajouter au site Web","pricing_button_url":"https:\/\/apps.elfsight.com\/sign-up\/","pricing_button_nofollow":"1","_state":"expanded"}],"related_apps_title":"","related_apps_hidden":"1","author":"","image":[],"title":"","job":"","social_networks":[]},"_links":{"self":[{"href":"https:\/\/elfsight.com\/fr\/wp-json\/wp\/v2\/pages\/6687","targetHints":{"allow":["GET"]}}],"collection":[{"href":"https:\/\/elfsight.com\/fr\/wp-json\/wp\/v2\/pages"}],"about":[{"href":"https:\/\/elfsight.com\/fr\/wp-json\/wp\/v2\/types\/page"}],"author":[{"embeddable":true,"href":"https:\/\/elfsight.com\/fr\/wp-json\/wp\/v2\/users\/18"}],"replies":[{"embeddable":true,"href":"https:\/\/elfsight.com\/fr\/wp-json\/wp\/v2\/comments?post=6687"}],"version-history":[{"count":3,"href":"https:\/\/elfsight.com\/fr\/wp-json\/wp\/v2\/pages\/6687\/revisions"}],"predecessor-version":[{"id":16049,"href":"https:\/\/elfsight.com\/fr\/wp-json\/wp\/v2\/pages\/6687\/revisions\/16049"}],"up":[{"embeddable":true,"href":"https:\/\/elfsight.com\/fr\/wp-json\/wp\/v2\/pages\/1136"}],"wp:attachment":[{"href":"https:\/\/elfsight.com\/fr\/wp-json\/wp\/v2\/media?parent=6687"}],"curies":[{"name":"wp","href":"https:\/\/api.w.org\/{rel}","templated":true}]}}