{"id":6675,"date":"2021-12-06T08:22:23","date_gmt":"2021-12-06T08:22:23","guid":{"rendered":"https:\/\/elfsight.com\/fr\/?page_id=6675"},"modified":"2024-12-19T10:10:45","modified_gmt":"2024-12-19T10:10:45","slug":"woocommerce","status":"publish","type":"page","link":"https:\/\/elfsight.com\/fr\/audio-player-widget\/woocommerce\/","title":{"rendered":"Audio Player &#8211; WooCommerce"},"content":{"rendered":"\n<div class=\"application-platform-content-item-description application-platform-content-item\" id=\"description\" data-nav-section=\"description\"><h2>Description<\/h2><p>Elfsight Audio Player est un simple plugin pour WooCommerce qui vous permet de lire des pistes audio directement sur votre site Web. Le widget est extr\u00eamement modifiable\u00a0: vous pouvez changer sa position, le placer n&rsquo;importe o\u00f9 sur la page, changer sa taille, recolorer l&rsquo;arri\u00e8re-plan et toutes les autres parties pour le m\u00e9langer au style de votre site, utiliser un th\u00e8me sombre, afficher des images et montrer ou masquer quatre autres \u00e9l\u00e9ments du joueur comme la barre de progression, le titre et autres. Incluez autant de titres que vous le souhaitez pour divertir votre public, activez la lecture automatique et n&rsquo;h\u00e9sitez pas\u00a0: vos utilisateurs ne quitteront pas votre page Web imm\u00e9diatement\u00a0!<\/p><p><b>Rendez votre site plus efficace pour objectifs de commerce \u00e9lectronique avec Elfsight Audio Player<\/b><\/p><div class=\"faq\" data-component=\"FAQ\"> <div class=\"faq-item\">\r\n\t\t\t\t\t<div class=\"faq-item-question\">\r\n\t\t\t\t\t\t<h3 class=\"faq-item-question-text\">Quels autres widgets pour WooCommerce avez-vous exactement \u00e0 proposer ? <\/h3>\r\n\r\n\t\t\t\t\t\t<div class=\"faq-item-question-icon\"><\/div>\r\n\t\t\t\t\t<\/div>\r\n\r\n\t\t\t\t\t<div class=\"faq-item-answer\">\r\n\t\t\t\t\t\t<div class=\"faq-item-answer-text\"> <p>Nous pouvons vous proposer une grande vari\u00e9t\u00e9 de widgets \u00e0 accomplir toute sorte de t\u00e2che sur votre site Web. Par exemple, vous pouvez choisir le <a href=\"https:\/\/elfsight.com\/instagram-feed-instashow\/woocommerce\/\">Flux Instagram<\/a> pour pr\u00e9senter votre entreprise via un flux interactif, ou <a href=\"https:\/\/elfsight.com\/whatsapp-chat-widget\/woocommerce\/\">WhatsApp Chat<\/a> pour offrir \u00e0 votre public un outil facile \u00e0 utiliser et familier pour vous contacter. Ou il peut s&rsquo;agir d&rsquo;un <a href=\"https:\/\/elfsight.com\/pricing-table-plugin\/woocommerce\/\">Tableau de tarification<\/a> qui vous permettra de pr\u00e9senter votre politique de tarification, et d&rsquo;un <a href=\"\/\/elfsight.com\/amazon-reviews-widget\/woocommerce\/\">Avis Amazon<\/a> avec des avis sur votre entreprise r\u00e9dig\u00e9s par des clients ravis. Et bien s\u00fbr, il y a toujours une place pour le widget <a href=\"https:\/\/elfsight.com\/qr-code-widget\/woocommerce\/\">QR Code<\/a>.<\/p> <\/div>\r\n\t\t\t\t\t<\/div>\r\n\t\t\t\t<\/div> <div class=\"faq-item\">\r\n\t\t\t\t\t<div class=\"faq-item-question\">\r\n\t\t\t\t\t\t<h3 class=\"faq-item-question-text\">De quelle mani\u00e8re puis-je int\u00e9grer le plugin WooCommerce Music Player \u00e0 mon site Web ?<\/h3>\r\n\r\n\t\t\t\t\t\t<div class=\"faq-item-question-icon\"><\/div>\r\n\t\t\t\t\t<\/div>\r\n\r\n\t\t\t\t\t<div class=\"faq-item-answer\">\r\n\t\t\t\t\t\t<div class=\"faq-item-answer-text\"> <p>Vous \u00eates libre d&rsquo;ajouter le plugin Music Player au th\u00e8me de votre site Web WooCommerce. Ouvrez simplement le tableau d&rsquo;administration et effectuez les actions suivantes\u00a0: <\/p><ol><li>Cliquez sur les param\u00e8tres du th\u00e8me. <\/li><li>S\u00e9lectionnez la partie o\u00f9 vous souhaitez ajouter le lecteur de musique. <\/li><li>Int\u00e9grez le code depuis Elfsight Apps et enregistrez vos modifications. <\/li><li>Termin\u00e9. <\/li><\/ol><p>Vous \u00eates \u00e9galement invit\u00e9s \u00e0 inspecter <a href=\"https:\/\/elfsight.com\/tutorials\/how-to-embed-audio-player-on-any-website\/# how-to-add-music-player-to-woocommerce\">ce guide<\/a> si vous avez besoin d&rsquo;instructions plus d\u00e9taill\u00e9es sur l&rsquo;installation du plugin WooCommerce.<\/p><p><\/div>\r\n\t\t\t\t\t<\/div>\r\n\t\t\t\t<\/div> <div class=\"faq-item\">\r\n\t\t\t\t\t<div class=\"faq-item-question\">\r\n\t\t\t\t\t\t<h3 class=\"faq-item-question-text\"> Existe-t-il un moyen de voir votre plugin WooCommerce Music Player en action ? <\/h3>\r\n\r\n\t\t\t\t\t\t<div class=\"faq-item-question-icon\"><\/div>\r\n\t\t\t\t\t<\/div>\r\n\r\n\t\t\t\t\t<div class=\"faq-item-answer\">\r\n\t\t\t\t\t\t<div class=\"faq-item-answer-text\"> <\/p><p>Oui, vous pouvez le faire directement dans la d\u00e9mo du widget. gardez \u00e0 l&rsquo;esprit que vous pouvez cr\u00e9er puis ajouter le widget \u00e0 votre site WooCommerce directement \u00e0 partir de la <a href=\"https:\/\/elfsight.com\/audio-player-widget\/#demo\">d\u00e9mo<\/a>\u00a0!<\/p><\/div>\r\n\t\t\t\t\t<\/div>\r\n\t\t\t\t<\/div> <\/div><\/div> <div class=\"application-platform-content-item-features application-platform-content-item\" id=\"features\" data-nav-section=\"features\"><h2>Voici quelques-unes des riches fonctionnalit\u00e9s du widget\u00a0:<\/h2><ul><li>Variations de couleurs illimit\u00e9es<\/li> <li>Th\u00e8me de couleur sombre\/clair<\/li> <li>Conception adaptative<\/li> <li>2 mises en page disponibles<\/li> <li>Une option pour ajouter une image d&rsquo;arri\u00e8re-plan<\/li> <\/ul> <p><a href=\"#demo\">Vous pouvez essayer toutes les fonctionnalit\u00e9s du widget dans la d\u00e9mo<\/a><\/p><\/div><div class=\"application-platform-content-item-installation application-platform-content-item\" id=\"installation\" data-nav-section=\"installation\"><h2>Comment puis-je int\u00e9grer Audio Player \u00e0 mon site Web WooCommerce\u00a0?<\/h2><p>Suivez simplement plusieurs \u00e9tapes pr\u00e9sent\u00e9es ci-dessous pour int\u00e9grer le plugin.<\/p><ol><li><b>En g\u00e9rant notre \u00e9diteur gratuit, commencez \u00e0 fa\u00e7onner votre widget personnalis\u00e9. <\/b><br>Sp\u00e9cifiez le formulaire personnalis\u00e9 et les sp\u00e9cifications de l&rsquo;outil et appliquez les modifications.<\/li><li><b>Obtenez le code unique affich\u00e9 dans le formulaire sp\u00e9cial sur les applications Elfsight.<\/b><br>D\u00e8s que la personnalisation de votre plugin est termin\u00e9e, copiez le code exclusif de la fen\u00eatre qui appara\u00eet et enregistrez-le pour une utilisation ult\u00e9rieure.<\/li><li><b>Commencez \u00e0 utiliser l&rsquo;outil sur la page WooCommerce.<\/b><br>Ajoutez le code copi\u00e9 r\u00e9cemment dans votre page d&rsquo;accueil et appliquez les corrections.<\/li><li><b>Vous avez termin\u00e9\u00a0! L&rsquo;int\u00e9gration est r\u00e9alis\u00e9e avec succ\u00e8s.<\/b><br>Allez sur votre page pour voir le travail du widget.<\/li><\/ol><p>Si vous rencontrez des probl\u00e8mes, n&rsquo;h\u00e9sitez pas \u00e0 demander l&rsquo;aide de notre support. \u00e9quipe. Nos sp\u00e9cialistes sont impatients de r\u00e9soudre toutes les difficult\u00e9s que vous pourriez rencontrer avec le widget.<\/p><\/div>\n","protected":false},"excerpt":{"rendered":"","protected":false},"author":18,"featured_media":0,"parent":2277,"menu_order":0,"comment_status":"closed","ping_status":"closed","template":"templates\/template-application-platform.php","meta":{"publish_to_discourse":"","publish_post_category":"","wpdc_auto_publish_overridden":"","wpdc_topic_tags":"","wpdc_pin_topic":"","wpdc_pin_until":"","discourse_post_id":"","discourse_permalink":"","wpdc_publishing_response":"","wpdc_publishing_error":"","footnotes":""},"class_list":["post-6675","page","type-page","status-publish","hentry"],"yoast_head":"<!-- This site is optimized with the Yoast SEO plugin v25.3.1 - https:\/\/yoast.com\/wordpress\/plugins\/seo\/ -->\n<title>Lecteur audio - ajoutez plugin Lecteur Musique sur WooCommerce<\/title>\n<meta name=\"description\" content=\"Int\u00e9grez un Lecteur audio attractif sur votre site. Utilisez la d\u00e9mo d&#039;Elfsight et g\u00e9n\u00e9rez votre widget en 2 minutes.\" \/>\n<meta name=\"robots\" content=\"index, follow, max-snippet:-1, max-image-preview:large, max-video-preview:-1\" \/>\n<link rel=\"canonical\" href=\"https:\/\/elfsight.com\/fr\/audio-player-widget\/woocommerce\/\" \/>\n<meta property=\"og:locale\" content=\"fr_FR\" \/>\n<meta property=\"og:type\" content=\"article\" \/>\n<meta property=\"og:title\" content=\"Lecteur audio - ajoutez plugin Lecteur Musique sur WooCommerce\" \/>\n<meta property=\"og:description\" content=\"Int\u00e9grez un Lecteur audio attractif sur votre site. Utilisez la d\u00e9mo d&#039;Elfsight et g\u00e9n\u00e9rez votre widget en 2 minutes.\" \/>\n<meta property=\"og:url\" content=\"https:\/\/elfsight.com\/fr\/audio-player-widget\/woocommerce\/\" \/>\n<meta property=\"og:site_name\" content=\"Elfsight FR\" \/>\n<meta property=\"article:modified_time\" content=\"2024-12-19T10:10:45+00:00\" \/>\n<meta name=\"twitter:card\" content=\"summary_large_image\" \/>\n<meta name=\"twitter:label1\" content=\"Dur\u00e9e de lecture estim\u00e9e\" \/>\n\t<meta name=\"twitter:data1\" content=\"3 minutes\" \/>\n<!-- \/ Yoast SEO plugin. -->","yoast_head_json":{"title":"Lecteur audio - ajoutez plugin Lecteur Musique sur WooCommerce","description":"Int\u00e9grez un Lecteur audio attractif sur votre site. Utilisez la d\u00e9mo d'Elfsight et g\u00e9n\u00e9rez votre widget en 2 minutes.","robots":{"index":"index","follow":"follow","max-snippet":"max-snippet:-1","max-image-preview":"max-image-preview:large","max-video-preview":"max-video-preview:-1"},"canonical":"https:\/\/elfsight.com\/fr\/audio-player-widget\/woocommerce\/","og_locale":"fr_FR","og_type":"article","og_title":"Lecteur audio - ajoutez plugin Lecteur Musique sur WooCommerce","og_description":"Int\u00e9grez un Lecteur audio attractif sur votre site. Utilisez la d\u00e9mo d'Elfsight et g\u00e9n\u00e9rez votre widget en 2 minutes.","og_url":"https:\/\/elfsight.com\/fr\/audio-player-widget\/woocommerce\/","og_site_name":"Elfsight FR","article_modified_time":"2024-12-19T10:10:45+00:00","twitter_card":"summary_large_image","twitter_misc":{"Dur\u00e9e de lecture estim\u00e9e":"3 minutes"},"schema":{"@context":"https:\/\/schema.org","@graph":[{"@type":"WebPage","@id":"https:\/\/elfsight.com\/fr\/audio-player-widget\/woocommerce\/","url":"https:\/\/elfsight.com\/fr\/audio-player-widget\/woocommerce\/","name":"Lecteur audio - ajoutez plugin Lecteur Musique sur WooCommerce","isPartOf":{"@id":"https:\/\/elfsight.com\/fr\/#website"},"datePublished":"2021-12-06T08:22:23+00:00","dateModified":"2024-12-19T10:10:45+00:00","description":"Int\u00e9grez un Lecteur audio attractif sur votre site. Utilisez la d\u00e9mo d'Elfsight et g\u00e9n\u00e9rez votre widget en 2 minutes.","breadcrumb":{"@id":"https:\/\/elfsight.com\/fr\/audio-player-widget\/woocommerce\/#breadcrumb"},"inLanguage":"fr-FR","potentialAction":[{"@type":"ReadAction","target":["https:\/\/elfsight.com\/fr\/audio-player-widget\/woocommerce\/"]}]},{"@type":"BreadcrumbList","@id":"https:\/\/elfsight.com\/fr\/audio-player-widget\/woocommerce\/#breadcrumb","itemListElement":[{"@type":"ListItem","position":1,"name":"Home","item":"https:\/\/elfsight.com\/fr\/"},{"@type":"ListItem","position":2,"name":"Audio Player","item":"https:\/\/elfsight.com\/fr\/audio-player-widget\/"},{"@type":"ListItem","position":3,"name":"Audio Player &#8211; WooCommerce"}]},{"@type":"WebSite","@id":"https:\/\/elfsight.com\/fr\/#website","url":"https:\/\/elfsight.com\/fr\/","name":"Elfsight FR","description":"","potentialAction":[{"@type":"SearchAction","target":{"@type":"EntryPoint","urlTemplate":"https:\/\/elfsight.com\/fr\/?s={search_term_string}"},"query-input":{"@type":"PropertyValueSpecification","valueRequired":true,"valueName":"search_term_string"}}],"inLanguage":"fr-FR"}]}},"meta_box":{"industry":"","seo_heading":"","heading":"","description":"","cta_heading":"","cta_description":"","application":"2276","h1":"Plugin Lecteur audio pour WooCommerce","h1_caption":"Ajoutez et pr\u00e9sentez des pistes audio directement sur votre site Web avec un lecteur \u00e9l\u00e9gant et personnalisable sur votre site Web WooCommerce sans effort.","application_category":[],"applications_title":"","applications_request_title":"","applications_request_button_text":"","hero_text":"","hero_video":"","hero_video_schema_markup":"","selling_points_title":"","selling_points_caption":"","selling_points":[],"selling_points_cta_text":"","features_title":"","features":"","ed_cta_examples_text":"","ed_cta_examples_hidden":"","ed_cta_demo_text":"","ed_cta_demo_hidden":"","why_caption":"","why_editor_title":"","why_editor_text":"","why_team_title":"","why_team_text":"","why_service_title":"","why_service_text":"","template_catalog_visible":"0","template_catalog_title":"","template_catalog_text":"","template_catalog_categories_visible":"","demo_title":"Cr\u00e9ez votre application Lecteur Audio","demo_caption":"Configurez votre lecteur audio et ajoutez-le \u00e0 votre site Web WooCommerce gratuitement !","default_faq_hidden":"","app_template_category":[],"platform":"397","template_public_id":"","codecanyon_url":"","codecanyon_item_id":"","codecanyon_price":"","pricing_caption":"","pricing_elfsight_apps_hide_column":"","pricing_elfsight_apps_url":"","pricing_codecanyon_price_caption":"","integration_category":[],"integration_request_title":"","integration_request_cta":"","integration_platform":"","integrations":[],"platform_category":[],"video_schema_markup":"","price":"\u00c0 partir de $0\/mois","trial":"","benefits":[{"text":"Installation gratuite"},{"text":"Support Premium"},{"text":"Garantie de remboursement de 14 jours"},{"text":"L'am\u00e9lioration continue"}],"button_url":"#demo","button_target_blank":"0","button_nofollow":"0","attributes":[{"name":"Nombre d'installations","content":"1,000 - 5,000","_state":"expanded"},{"name":"Adaptif","content":"Oui","_state":"expanded"},{"name":"Navigateurs compatibles","content":"Firefox, Safari, Opera, Chrome, Edge","_state":"expanded"}],"tags":[],"tags_disable_links":"0","hide_more_platforms":"","video_object":"","demo_hide_cta":"0","demo_hide_cloud_options":"0","pricing_title":"","pricing":[{"pricing_icon":"platform","pricing_title":"Applications d'Elfsight","pricing_title_caption":"Solution num\u00e9rique multiplateforme qui fonctionne sur n'importe quel site","pricing_price":"\u00c0 partir de $0\/mois","pricing_price_caption":"Commencez avec un plan gratuit","pricing_benefits":[{"text":"Sites Web illimit\u00e9s"},{"text":"\u00c9quipe d'assistance professionnelle"},{"text":"Service d'installation gratuit"},{"text":"100% personnalisable"}],"pricing_button_text":"Ajouter au site Web","pricing_button_url":"https:\/\/apps.elfsight.com\/sign-up\/","pricing_button_nofollow":"1","_state":"expanded"}],"related_apps_title":"","related_apps_hidden":"1","author":"","image":[],"title":"","job":"","social_networks":[]},"_links":{"self":[{"href":"https:\/\/elfsight.com\/fr\/wp-json\/wp\/v2\/pages\/6675","targetHints":{"allow":["GET"]}}],"collection":[{"href":"https:\/\/elfsight.com\/fr\/wp-json\/wp\/v2\/pages"}],"about":[{"href":"https:\/\/elfsight.com\/fr\/wp-json\/wp\/v2\/types\/page"}],"author":[{"embeddable":true,"href":"https:\/\/elfsight.com\/fr\/wp-json\/wp\/v2\/users\/18"}],"replies":[{"embeddable":true,"href":"https:\/\/elfsight.com\/fr\/wp-json\/wp\/v2\/comments?post=6675"}],"version-history":[{"count":3,"href":"https:\/\/elfsight.com\/fr\/wp-json\/wp\/v2\/pages\/6675\/revisions"}],"predecessor-version":[{"id":15900,"href":"https:\/\/elfsight.com\/fr\/wp-json\/wp\/v2\/pages\/6675\/revisions\/15900"}],"up":[{"embeddable":true,"href":"https:\/\/elfsight.com\/fr\/wp-json\/wp\/v2\/pages\/2277"}],"wp:attachment":[{"href":"https:\/\/elfsight.com\/fr\/wp-json\/wp\/v2\/media?parent=6675"}],"curies":[{"name":"wp","href":"https:\/\/api.w.org\/{rel}","templated":true}]}}