{"id":6673,"date":"2021-12-06T08:22:44","date_gmt":"2021-12-06T08:22:44","guid":{"rendered":"https:\/\/elfsight.com\/fr\/?page_id=6673"},"modified":"2024-12-19T10:09:03","modified_gmt":"2024-12-19T10:09:03","slug":"wix","status":"publish","type":"page","link":"https:\/\/elfsight.com\/fr\/audio-player-widget\/wix\/","title":{"rendered":"Audio Player &#8211; Wix"},"content":{"rendered":"\n<div class=\"application-platform-content-item-description application-platform-content-item\" id=\"description\" data-nav-section=\"description\">\n<h2>Description<\/h2>\n<p>Elfsight Audio Player est un outil simple pour Wix vous permettant de lire des pistes audio directement sur votre page Web. Le widget est remarquablement r\u00e9glable : vous pouvez modifier son emplacement, le placer n&rsquo;importe o\u00f9 sur la page, modifier sa taille, recolorer l&rsquo;arri\u00e8re-plan et d&rsquo;autres parties pour l&rsquo;adapter au design de votre site Web, utiliser un th\u00e8me sombre, afficher des couvertures et montrer ou masquer des \u00e9l\u00e9ments suppl\u00e9mentaires comme la barre de progression, le titre, et bien d\u2019autres. Vous pouvez t\u00e9l\u00e9charger autant de morceaux que vous le souhaitez pour engager votre public, activer l&rsquo;option de lecture automatique et ainsi assurer que votre public ne quittera pas votre site en toute h\u00e2te !<\/p>\n<p><b>Avec l&rsquo;application Elfsight Music, r\u00e9alisez une croissance active de votre entreprise et am\u00e9liorez vos ventes<\/b><\/p>\n\n<div class=\"faq\" data-component=\"FAQ\">\n  <div class=\"faq-item\">\r\n\t\t\t\t\t<div class=\"faq-item-question\">\r\n\t\t\t\t\t\t<h3 class=\"faq-item-question-text\">Quels autres plugins pour Wix avez-vous exactement ?<\/h3>\r\n\r\n\t\t\t\t\t\t<div class=\"faq-item-question-icon\"><\/div>\r\n\t\t\t\t\t<\/div>\r\n\r\n\t\t\t\t\t<div class=\"faq-item-answer\">\r\n\t\t\t\t\t\t<div class=\"faq-item-answer-text\">\n    <p>Nous proposons un large \u00e9ventail de widgets pour atteindre diff\u00e9rents objectifs sur votre site Web. Voici quelques exemples :<\/p>\n    <ul>\n      <li><a href=\"https:\/\/elfsight.com\/pdf-embed-widget\/wix\/\">PDF int\u00e9gr\u00e9<\/a><\/li>\n      <li><a href=\"https:\/\/elfsight.com\/instagram-feed-instashow\/wix\/\">Flux Instagram<\/a><\/li>\n      <li><a href=\"https:\/\/elfsight.com\/google-reviews-widget\/wix\/\">Avis Google<\/a><\/li>\n      <li><a href=\"\/\/elfsight.com\/whatsapp-chat-widget\/wix\/\">Chat WhatsApp<\/a><\/li>\n      <li><a href=\"https:\/\/elfsight.com\/popup-widget\/wix\/\">Popup<\/a><\/li>\n    <\/ul>\n    <p>Tous ces widgets peuvent vous aider \u00e0 cr\u00e9er un site Web \u00e0 la fois attrayant et hautement fonctionnel !<\/p>\n  <\/div>\r\n\t\t\t\t\t<\/div>\r\n\t\t\t\t<\/div>\n\n  <div class=\"faq-item\">\r\n\t\t\t\t\t<div class=\"faq-item-question\">\r\n\t\t\t\t\t\t<h3 class=\"faq-item-question-text\">Comment puis-je ajouter le widget Wix Music Player \u00e0 mon site Web ?<\/h3>\r\n\r\n\t\t\t\t\t\t<div class=\"faq-item-question-icon\"><\/div>\r\n\t\t\t\t\t<\/div>\r\n\r\n\t\t\t\t\t<div class=\"faq-item-answer\">\r\n\t\t\t\t\t\t<div class=\"faq-item-answer-text\">\n    <p>Vous pouvez facilement int\u00e9grer le lecteur de musique sur votre site Web Wix en suivant les \u00e9tapes ci-dessous :<\/p>\n    <ol>\n      <li><b>Cliquez sur les param\u00e8tres du th\u00e8me<\/b>.<\/li>\n      <li><b>Recherchez l&rsquo;\u00e9l\u00e9ment sur lequel vous souhaitez ins\u00e9rer le lecteur de musique<\/b>.<\/li>\n      <li><b>Collez le code fourni par les applications Elfsight<\/b> et appliquez les modifications.<\/li>\n      <li><b>C&rsquo;est tout !<\/b> Vous avez termin\u00e9 l&rsquo;int\u00e9gration.<\/li>\n    <\/ol>\n    <p>N&rsquo;oubliez pas de consulter notre guide d\u00e9taill\u00e9 sur l&rsquo;installation du widget <a href=\"https:\/\/elfsight.com\/tutorials\/how-to-embed-audio-player-on-any-website\/#how-to-add-music-player-to-wix\">ici<\/a>.<\/p>\n  <\/div>\r\n\t\t\t\t\t<\/div>\r\n\t\t\t\t<\/div>\n\n  <div class=\"faq-item\">\r\n\t\t\t\t\t<div class=\"faq-item-question\">\r\n\t\t\t\t\t\t<h3 class=\"faq-item-question-text\">Comment puis-je tester votre widget Wix Music Player en action ?<\/h3>\r\n\r\n\t\t\t\t\t\t<div class=\"faq-item-question-icon\"><\/div>\r\n\t\t\t\t\t<\/div>\r\n\r\n\t\t\t\t\t<div class=\"faq-item-answer\">\r\n\t\t\t\t\t\t<div class=\"faq-item-answer-text\">\n    <p>Vous pouvez tester et ajouter le widget Lecteur de musique \u00e0 votre site Web en quelques \u00e9tapes simples ! Utilisez notre <a href=\"https:\/\/elfsight.com\/audio-player-widget\/#demo\">d\u00e9mo en direct<\/a> pour le faire !<\/p>\n  <\/div>\r\n\t\t\t\t\t<\/div>\r\n\t\t\t\t<\/div>\n<\/div>\n\n<\/div>\n\n<div class=\"application-platform-content-item-features application-platform-content-item\" id=\"features\" data-nav-section=\"features\">\n<h2>Vous trouverez ci-dessous les principales caract\u00e9ristiques du widget :<\/h2>\n<ul>\n  <li>Diverses options de modification de couleur<\/li>\n  <li>Th\u00e8me sombre\/clair<\/li>\n  <li>Design responsive<\/li>\n  <li>Deux mises en page pr\u00eates \u00e0 l&#8217;emploi<\/li>\n  <li>Possibilit\u00e9 d&rsquo;utiliser une image de fond<\/li>\n<\/ul>\n<p><a href=\"#demo\">Testez toutes les fonctionnalit\u00e9s de personnalisation dans une d\u00e9mo compl\u00e8te<\/a><\/p>\n<\/div>\n\n<div class=\"application-platform-content-item-installation application-platform-content-item\" id=\"installation\" data-nav-section=\"installation\">\n<h2>Comment ajouter un lecteur de musique sur mon site Wix ?<\/h2>\n<div class=\"video-container\">\n  <iframe width=\"720\" height=\"405\" src=\"https:\/\/www.youtube.com\/embed\/ereM6gi3XyI\" frameborder=\"0\" allowfullscreen><\/iframe>\n<\/div>\n<p>Suivez simplement les \u00e9tapes pr\u00e9sent\u00e9es ci-dessous pour int\u00e9grer l&rsquo;outil.<\/p>\n<ol>\n  <li><b>Utilisez notre \u00e9diteur gratuit et commencez \u00e0 cr\u00e9er votre application unique.<\/b><br>Recherchez la forme et les param\u00e8tres pr\u00e9f\u00e9r\u00e9s du widget et appliquez les modifications.<\/li>\n  <li><b>Obtenez votre code unique depuis Elfsight Apps.<\/b><br>Apr\u00e8s avoir configur\u00e9 votre application personnelle, copiez le code g\u00e9n\u00e9r\u00e9 et conservez-le pour l&rsquo;int\u00e9gration sur votre site.<\/li>\n  <li><b>Ajoutez le lecteur audio \u00e0 votre site Wix.<\/b><br>Collez le code dans la page de votre site Web et appliquez les ajustements n\u00e9cessaires.<\/li>\n  <li><b>L&rsquo;installation est termin\u00e9e avec succ\u00e8s.<\/b><br>Acc\u00e9dez \u00e0 votre site Web pour v\u00e9rifier la bonne int\u00e9gration de l&rsquo;application.<\/li>\n<\/ol>\n<p>Si vous avez des questions ou des difficult\u00e9s, n&rsquo;h\u00e9sitez pas \u00e0 contacter notre \u00e9quipe d&rsquo;assistance. Nous serons ravis de vous aider \u00e0 r\u00e9soudre tout probl\u00e8me rencontr\u00e9 avec le produit.<\/p>\n<\/div>\n\n<div class=\"faq\" data-component=\"FAQ\">\n  <div class=\"faq-item\">\r\n\t\t\t\t\t<div class=\"faq-item-question\">\r\n\t\t\t\t\t\t<h3 class=\"faq-item-question-text\">Les meilleurs exemples d'utilisation de l'int\u00e9gration de Player<\/h3>\r\n\r\n\t\t\t\t\t\t<div class=\"faq-item-question-icon\"><\/div>\r\n\t\t\t\t\t<\/div>\r\n\r\n\t\t\t\t\t<div class=\"faq-item-answer\">\r\n\t\t\t\t\t\t<div class=\"faq-item-answer-text\">\n    <p>Nous offrons une multitude de possibilit\u00e9s d&rsquo;ajustement : des widgets \u00e0 grande \u00e9chelle pour int\u00e9gration dans la zone de contenu, des plugins flottants avec options de d\u00e9filement, des vignettes pour le pied de page, l&rsquo;en-t\u00eate, ainsi que diverses possibilit\u00e9s verticales pour les barres lat\u00e9rales et les menus du site Web.<\/p>\n  <\/div>\r\n\t\t\t\t\t<\/div>\r\n\t\t\t\t<\/div>\n  <div class=\"faq-item\">\r\n\t\t\t\t\t<div class=\"faq-item-question\">\r\n\t\t\t\t\t\t<h3 class=\"faq-item-question-text\">Puis-je cr\u00e9er plusieurs pistes ou un lecteur de livres audio avec l'aide de votre \u00e9diteur ?<\/h3>\r\n\r\n\t\t\t\t\t\t<div class=\"faq-item-question-icon\"><\/div>\r\n\t\t\t\t\t<\/div>\r\n\r\n\t\t\t\t\t<div class=\"faq-item-answer\">\r\n\t\t\t\t\t\t<div class=\"faq-item-answer-text\">\n    <p>Oui, notre \u00e9diteur vous permet de cr\u00e9er des variations du widget, notamment des lecteurs de musique avec plusieurs pistes ou m\u00eame des lecteurs de livres audio. Il existe une multitude de mises en page applicables que vous pouvez ajuster facilement selon vos besoins.<\/p>\n  <\/div>\r\n\t\t\t\t\t<\/div>\r\n\t\t\t\t<\/div>\n<\/div>\n\n","protected":false},"excerpt":{"rendered":"","protected":false},"author":18,"featured_media":0,"parent":2277,"menu_order":0,"comment_status":"closed","ping_status":"closed","template":"templates\/template-application-platform.php","meta":{"publish_to_discourse":"","publish_post_category":"","wpdc_auto_publish_overridden":"","wpdc_topic_tags":"","wpdc_pin_topic":"","wpdc_pin_until":"","discourse_post_id":"","discourse_permalink":"","wpdc_publishing_response":"","wpdc_publishing_error":"","footnotes":""},"class_list":["post-6673","page","type-page","status-publish","hentry"],"yoast_head":"<!-- This site is optimized with the Yoast SEO plugin v25.3.1 - https:\/\/yoast.com\/wordpress\/plugins\/seo\/ -->\n<title>Lecteur audio - ajoutez app Lecteur Musique sur Wix<\/title>\n<meta name=\"description\" content=\"Int\u00e9grez un Lecteur audio attractif sur votre site. Appliquez la d\u00e9mo d&#039;Elfsight et g\u00e9n\u00e9rez votre plugin en deux minutes.\" \/>\n<meta name=\"robots\" content=\"index, follow, max-snippet:-1, max-image-preview:large, max-video-preview:-1\" \/>\n<link rel=\"canonical\" href=\"https:\/\/elfsight.com\/fr\/audio-player-widget\/wix\/\" \/>\n<meta property=\"og:locale\" content=\"fr_FR\" \/>\n<meta property=\"og:type\" content=\"article\" \/>\n<meta property=\"og:title\" content=\"Lecteur audio - ajoutez app Lecteur Musique sur Wix\" \/>\n<meta property=\"og:description\" content=\"Int\u00e9grez un Lecteur audio attractif sur votre site. Appliquez la d\u00e9mo d&#039;Elfsight et g\u00e9n\u00e9rez votre plugin en deux minutes.\" \/>\n<meta property=\"og:url\" content=\"https:\/\/elfsight.com\/fr\/audio-player-widget\/wix\/\" \/>\n<meta property=\"og:site_name\" content=\"Elfsight FR\" \/>\n<meta property=\"article:modified_time\" content=\"2024-12-19T10:09:03+00:00\" \/>\n<meta name=\"twitter:card\" content=\"summary_large_image\" \/>\n<meta name=\"twitter:label1\" content=\"Dur\u00e9e de lecture estim\u00e9e\" \/>\n\t<meta name=\"twitter:data1\" content=\"4 minutes\" \/>\n<!-- \/ Yoast SEO plugin. -->","yoast_head_json":{"title":"Lecteur audio - ajoutez app Lecteur Musique sur Wix","description":"Int\u00e9grez un Lecteur audio attractif sur votre site. Appliquez la d\u00e9mo d'Elfsight et g\u00e9n\u00e9rez votre plugin en deux minutes.","robots":{"index":"index","follow":"follow","max-snippet":"max-snippet:-1","max-image-preview":"max-image-preview:large","max-video-preview":"max-video-preview:-1"},"canonical":"https:\/\/elfsight.com\/fr\/audio-player-widget\/wix\/","og_locale":"fr_FR","og_type":"article","og_title":"Lecteur audio - ajoutez app Lecteur Musique sur Wix","og_description":"Int\u00e9grez un Lecteur audio attractif sur votre site. Appliquez la d\u00e9mo d'Elfsight et g\u00e9n\u00e9rez votre plugin en deux minutes.","og_url":"https:\/\/elfsight.com\/fr\/audio-player-widget\/wix\/","og_site_name":"Elfsight FR","article_modified_time":"2024-12-19T10:09:03+00:00","twitter_card":"summary_large_image","twitter_misc":{"Dur\u00e9e de lecture estim\u00e9e":"4 minutes"},"schema":{"@context":"https:\/\/schema.org","@graph":[{"@type":"WebPage","@id":"https:\/\/elfsight.com\/fr\/audio-player-widget\/wix\/","url":"https:\/\/elfsight.com\/fr\/audio-player-widget\/wix\/","name":"Lecteur audio - ajoutez app Lecteur Musique sur Wix","isPartOf":{"@id":"https:\/\/elfsight.com\/fr\/#website"},"datePublished":"2021-12-06T08:22:44+00:00","dateModified":"2024-12-19T10:09:03+00:00","description":"Int\u00e9grez un Lecteur audio attractif sur votre site. Appliquez la d\u00e9mo d'Elfsight et g\u00e9n\u00e9rez votre plugin en deux minutes.","breadcrumb":{"@id":"https:\/\/elfsight.com\/fr\/audio-player-widget\/wix\/#breadcrumb"},"inLanguage":"fr-FR","potentialAction":[{"@type":"ReadAction","target":["https:\/\/elfsight.com\/fr\/audio-player-widget\/wix\/"]}]},{"@type":"BreadcrumbList","@id":"https:\/\/elfsight.com\/fr\/audio-player-widget\/wix\/#breadcrumb","itemListElement":[{"@type":"ListItem","position":1,"name":"Home","item":"https:\/\/elfsight.com\/fr\/"},{"@type":"ListItem","position":2,"name":"Audio Player","item":"https:\/\/elfsight.com\/fr\/audio-player-widget\/"},{"@type":"ListItem","position":3,"name":"Audio Player &#8211; Wix"}]},{"@type":"WebSite","@id":"https:\/\/elfsight.com\/fr\/#website","url":"https:\/\/elfsight.com\/fr\/","name":"Elfsight FR","description":"","potentialAction":[{"@type":"SearchAction","target":{"@type":"EntryPoint","urlTemplate":"https:\/\/elfsight.com\/fr\/?s={search_term_string}"},"query-input":{"@type":"PropertyValueSpecification","valueRequired":true,"valueName":"search_term_string"}}],"inLanguage":"fr-FR"}]}},"meta_box":{"industry":"","seo_heading":"","heading":"","description":"","cta_heading":"","cta_description":"","application":"2276","h1":"App Lecteur audio pour Wix","h1_caption":"Ajoutez et pr\u00e9sentez des pistes audio directement sur votre site Web avec un lecteur \u00e9l\u00e9gant et personnalisable sur votre site Web Wix sans effort.","application_category":[],"applications_title":"","applications_request_title":"","applications_request_button_text":"","hero_text":"","hero_video":"","hero_video_schema_markup":"","selling_points_title":"","selling_points_caption":"","selling_points":[],"selling_points_cta_text":"","features_title":"","features":"","ed_cta_examples_text":"","ed_cta_examples_hidden":"","ed_cta_demo_text":"","ed_cta_demo_hidden":"","why_caption":"","why_editor_title":"","why_editor_text":"","why_team_title":"","why_team_text":"","why_service_title":"","why_service_text":"","template_catalog_visible":"0","template_catalog_title":"","template_catalog_text":"","template_catalog_categories_visible":"","demo_title":"Cr\u00e9ez votre application Lecteur Audio","demo_caption":"Configurez votre lecteur audio et ajoutez-le \u00e0 votre site Web Wix gratuitement !","default_faq_hidden":"","app_template_category":[],"platform":"345","template_public_id":"","codecanyon_url":"","codecanyon_item_id":"","codecanyon_price":"","pricing_caption":"","pricing_elfsight_apps_hide_column":"","pricing_elfsight_apps_url":"","pricing_codecanyon_price_caption":"","integration_category":[],"integration_request_title":"","integration_request_cta":"","integration_platform":"","integrations":[],"platform_category":[],"video_schema_markup":"","price":"\u00c0 partir de $0\/mois","trial":"","benefits":[{"text":"Installation gratuite"},{"text":"Support Premium"},{"text":"Garantie de remboursement de 14 jours"},{"text":"L'am\u00e9lioration continue"}],"button_url":"#demo","button_target_blank":"0","button_nofollow":"0","attributes":[{"name":"Nombre d'installations","content":"1,000 - 5,000","_state":"expanded"},{"name":"Adaptif","content":"Oui","_state":"expanded"},{"name":"Navigateurs compatibles","content":"Firefox, Safari, Opera, Chrome, Edge","_state":"expanded"}],"tags":[],"tags_disable_links":"0","hide_more_platforms":"","video_object":"","demo_hide_cta":"0","demo_hide_cloud_options":"0","pricing_title":"","pricing":[{"pricing_icon":"platform","pricing_title":"Applications d'Elfsight","pricing_title_caption":"Solution num\u00e9rique multiplateforme qui fonctionne sur n'importe quel site","pricing_price":"\u00c0 partir de $0\/mois","pricing_price_caption":"Commencez avec un plan gratuit","pricing_benefits":[{"text":"Sites Web illimit\u00e9s"},{"text":"\u00c9quipe d'assistance professionnelle"},{"text":"Service d'installation gratuit"},{"text":"100% personnalisable"}],"pricing_button_text":"Ajouter au site Web","pricing_button_url":"https:\/\/apps.elfsight.com\/sign-up\/","pricing_button_nofollow":"1","_state":"expanded"}],"related_apps_title":"","related_apps_hidden":"1","author":"","image":[],"title":"","job":"","social_networks":[]},"_links":{"self":[{"href":"https:\/\/elfsight.com\/fr\/wp-json\/wp\/v2\/pages\/6673","targetHints":{"allow":["GET"]}}],"collection":[{"href":"https:\/\/elfsight.com\/fr\/wp-json\/wp\/v2\/pages"}],"about":[{"href":"https:\/\/elfsight.com\/fr\/wp-json\/wp\/v2\/types\/page"}],"author":[{"embeddable":true,"href":"https:\/\/elfsight.com\/fr\/wp-json\/wp\/v2\/users\/18"}],"replies":[{"embeddable":true,"href":"https:\/\/elfsight.com\/fr\/wp-json\/wp\/v2\/comments?post=6673"}],"version-history":[{"count":3,"href":"https:\/\/elfsight.com\/fr\/wp-json\/wp\/v2\/pages\/6673\/revisions"}],"predecessor-version":[{"id":15899,"href":"https:\/\/elfsight.com\/fr\/wp-json\/wp\/v2\/pages\/6673\/revisions\/15899"}],"up":[{"embeddable":true,"href":"https:\/\/elfsight.com\/fr\/wp-json\/wp\/v2\/pages\/2277"}],"wp:attachment":[{"href":"https:\/\/elfsight.com\/fr\/wp-json\/wp\/v2\/media?parent=6673"}],"curies":[{"name":"wp","href":"https:\/\/api.w.org\/{rel}","templated":true}]}}