{"id":6671,"date":"2021-12-06T08:23:03","date_gmt":"2021-12-06T08:23:03","guid":{"rendered":"https:\/\/elfsight.com\/fr\/?page_id=6671"},"modified":"2025-07-09T10:01:21","modified_gmt":"2025-07-09T10:01:21","slug":"weebly","status":"publish","type":"page","link":"https:\/\/elfsight.com\/fr\/audio-player-widget\/weebly\/","title":{"rendered":"Audio Player &#8211; Weebly"},"content":{"rendered":"<div class=\"application-platform-content-item-description application-platform-content-item\" id=\"description\" data-nav-section=\"description\"> <h2>Description<\/h2> <p>Elfsight Music Player est un plugin simple pour les sites Web Weebly vous permettant de diffuser des pistes audio directement sur les pages de votre site web. L&rsquo;outil est extr\u00eamement r\u00e9glable\u00a0: vous pouvez modifier sa position, l&rsquo;int\u00e9grer n&rsquo;importe o\u00f9 sur la page, modifier sa taille, recolorer l&rsquo;arri\u00e8re-plan et toutes les autres parties pour le m\u00e9langer avec la mise en page de votre site Web, appliquer une palette de couleurs sombres, r\u00e9v\u00e9ler des couvertures et afficher ou masquer 4 composants de lecteur suppl\u00e9mentaires, par exemple barre de progression, titre et autres. Incluez autant de pistes que vous le souhaitez pour engager vos utilisateurs, activez la lecture automatique et n&rsquo;ayez aucun doute\u00a0: vos visiteurs ne quitteront pas votre site imm\u00e9diatement\u00a0!<\/p> <p><b>Avec le widget Elfsight Audio, faites l&rsquo;exp\u00e9rience d&rsquo;un d\u00e9veloppement commercial durable. et des ventes plus \u00e9lev\u00e9es<\/b><\/p> <\/div> <div class=\"application-platform-content-item-features application-platform-content-item\" id=\"features\" data-nav-section=\"features\"> <h2>Vous trouverez ci-dessous les caract\u00e9ristiques fondamentales du widget\u00a0:<\/h2> <ul><li>De nombreuses modifications de couleurs<\/li> <li>Sch\u00e9ma de couleurs fonc\u00e9\/clair<\/li> <li>Conception r\u00e9active<\/li> <li>2 mises en page applicables<\/li> <li>Une option pour utiliser l&rsquo;image d&rsquo;arri\u00e8re-plan<\/li> <\/ul><p><a href=\"#demo\">Essayez simplement cette d\u00e9mo pour voir comment elle fonctionne<\/a><\/p> <\/div> <div class=\"application-platform-content-item-installation application-platform-content-item\" id=\"installation\" data-nav-section=\"installation\"> <h2>Comment ajouter un lecteur de musique \u00e0 mon site Web Weebly\u00a0?<\/h2> <div class=\"video-container\"><iframe width=\"720\" height=\"405\" src=\"https:\/\/www.youtube.com\/embed\/A0HaztCho8Q\" frameborder=\"0\" allowfullscreen=\"\"><\/iframe><\/div><p>Suivez simplement quelques \u00e9tapes ci-dessous pour commencer \u00e0 travailler avec le widget musical.<\/p> <ol><li><b>G\u00e9rez notre \u00e9diteur et commencez \u00e0 cr\u00e9er votre application personnalis\u00e9e. <\/b><br> Choisissez le design et les caract\u00e9ristiques fonctionnelles pr\u00e9f\u00e9rables de l&rsquo;application et enregistrez toutes les modifications. <\/li> <li><b>Acqu\u00e9rir le code individuel apparaissant dans le formulaire sp\u00e9cial sur Elfsight Apps. <\/b><br> Juste une fois la personnalisation de votre application termin\u00e9e, copiez le code individuel dans la fen\u00eatre qui appara\u00eet et enregistrez-le pour une occasion ult\u00e9rieure. <\/li> <li><b>Initiez l&rsquo;utilisation de l&rsquo;application sur votre site Weebly. <\/b><br> Int\u00e9grez le code enregistr\u00e9 pr\u00e9c\u00e9demment dans votre page Web et enregistrez les modifications. <\/li> <li><b>Vous avez termin\u00e9\u00a0! La configuration est enti\u00e8rement effectu\u00e9e. <\/b><br> Ouvrez votre site pour inspecter le travail de l&rsquo;application. <\/li><\/ol><p>Si vous avez des demandes de renseignements ou rencontrez des difficult\u00e9s, n&rsquo;h\u00e9sitez pas \u00e0 vous adresser \u00e0 notre \u00e9quipe d&rsquo;assistance. Nos collaborateurs seront ravis de r\u00e9soudre toutes les difficult\u00e9s que vous pourriez rencontrer avec le plugin.<\/p> <\/div>","protected":false},"excerpt":{"rendered":"","protected":false},"author":18,"featured_media":0,"parent":2277,"menu_order":0,"comment_status":"closed","ping_status":"closed","template":"templates\/template-application-platform.php","meta":{"publish_to_discourse":"","publish_post_category":"","wpdc_auto_publish_overridden":"","wpdc_topic_tags":"","wpdc_pin_topic":"","wpdc_pin_until":"","discourse_post_id":"","discourse_permalink":"","wpdc_publishing_response":"","wpdc_publishing_error":"","footnotes":""},"class_list":["post-6671","page","type-page","status-publish","hentry"],"yoast_head":"<!-- This site is optimized with the Yoast SEO plugin v25.3.1 - https:\/\/yoast.com\/wordpress\/plugins\/seo\/ -->\n<title>Lecteur audio - ajoutez app Lecteur Musique sur Weebly<\/title>\n<meta name=\"description\" content=\"Int\u00e9grez un Lecteur audio attractif sur votre site. Appliquez la d\u00e9mo d&#039;Elfsight et g\u00e9n\u00e9rez votre widget en 2 minutes.\" \/>\n<meta name=\"robots\" content=\"index, follow, max-snippet:-1, max-image-preview:large, max-video-preview:-1\" \/>\n<link rel=\"canonical\" href=\"https:\/\/elfsight.com\/fr\/audio-player-widget\/weebly\/\" \/>\n<meta property=\"og:locale\" content=\"fr_FR\" \/>\n<meta property=\"og:type\" content=\"article\" \/>\n<meta property=\"og:title\" content=\"Lecteur audio - ajoutez app Lecteur Musique sur Weebly\" \/>\n<meta property=\"og:description\" content=\"Int\u00e9grez un Lecteur audio attractif sur votre site. Appliquez la d\u00e9mo d&#039;Elfsight et g\u00e9n\u00e9rez votre widget en 2 minutes.\" \/>\n<meta property=\"og:url\" content=\"https:\/\/elfsight.com\/fr\/audio-player-widget\/weebly\/\" \/>\n<meta property=\"og:site_name\" content=\"Elfsight FR\" \/>\n<meta property=\"article:modified_time\" content=\"2025-07-09T10:01:21+00:00\" \/>\n<meta name=\"twitter:card\" content=\"summary_large_image\" \/>\n<meta name=\"twitter:label1\" content=\"Dur\u00e9e de lecture estim\u00e9e\" \/>\n\t<meta name=\"twitter:data1\" content=\"1 minute\" \/>\n<!-- \/ Yoast SEO plugin. -->","yoast_head_json":{"title":"Lecteur audio - ajoutez app Lecteur Musique sur Weebly","description":"Int\u00e9grez un Lecteur audio attractif sur votre site. Appliquez la d\u00e9mo d'Elfsight et g\u00e9n\u00e9rez votre widget en 2 minutes.","robots":{"index":"index","follow":"follow","max-snippet":"max-snippet:-1","max-image-preview":"max-image-preview:large","max-video-preview":"max-video-preview:-1"},"canonical":"https:\/\/elfsight.com\/fr\/audio-player-widget\/weebly\/","og_locale":"fr_FR","og_type":"article","og_title":"Lecteur audio - ajoutez app Lecteur Musique sur Weebly","og_description":"Int\u00e9grez un Lecteur audio attractif sur votre site. Appliquez la d\u00e9mo d'Elfsight et g\u00e9n\u00e9rez votre widget en 2 minutes.","og_url":"https:\/\/elfsight.com\/fr\/audio-player-widget\/weebly\/","og_site_name":"Elfsight FR","article_modified_time":"2025-07-09T10:01:21+00:00","twitter_card":"summary_large_image","twitter_misc":{"Dur\u00e9e de lecture estim\u00e9e":"1 minute"},"schema":{"@context":"https:\/\/schema.org","@graph":[{"@type":"WebPage","@id":"https:\/\/elfsight.com\/fr\/audio-player-widget\/weebly\/","url":"https:\/\/elfsight.com\/fr\/audio-player-widget\/weebly\/","name":"Lecteur audio - ajoutez app Lecteur Musique sur Weebly","isPartOf":{"@id":"https:\/\/elfsight.com\/fr\/#website"},"datePublished":"2021-12-06T08:23:03+00:00","dateModified":"2025-07-09T10:01:21+00:00","description":"Int\u00e9grez un Lecteur audio attractif sur votre site. Appliquez la d\u00e9mo d'Elfsight et g\u00e9n\u00e9rez votre widget en 2 minutes.","breadcrumb":{"@id":"https:\/\/elfsight.com\/fr\/audio-player-widget\/weebly\/#breadcrumb"},"inLanguage":"fr-FR","potentialAction":[{"@type":"ReadAction","target":["https:\/\/elfsight.com\/fr\/audio-player-widget\/weebly\/"]}]},{"@type":"BreadcrumbList","@id":"https:\/\/elfsight.com\/fr\/audio-player-widget\/weebly\/#breadcrumb","itemListElement":[{"@type":"ListItem","position":1,"name":"Home","item":"https:\/\/elfsight.com\/fr\/"},{"@type":"ListItem","position":2,"name":"Audio Player","item":"https:\/\/elfsight.com\/fr\/audio-player-widget\/"},{"@type":"ListItem","position":3,"name":"Audio Player &#8211; Weebly"}]},{"@type":"WebSite","@id":"https:\/\/elfsight.com\/fr\/#website","url":"https:\/\/elfsight.com\/fr\/","name":"Elfsight FR","description":"","potentialAction":[{"@type":"SearchAction","target":{"@type":"EntryPoint","urlTemplate":"https:\/\/elfsight.com\/fr\/?s={search_term_string}"},"query-input":{"@type":"PropertyValueSpecification","valueRequired":true,"valueName":"search_term_string"}}],"inLanguage":"fr-FR"}]}},"meta_box":{"industry":"","seo_heading":"","heading":"","description":"","cta_heading":"","cta_description":"","application":"2276","h1":"App Lecteur audio pour Weebly","h1_caption":"Ajoutez et pr\u00e9sentez des pistes audio directement sur votre site Web avec un lecteur \u00e9l\u00e9gant et personnalisable sur votre site Web Weebly sans effort.","application_category":[],"applications_title":"","applications_request_title":"","applications_request_button_text":"","hero_text":"","hero_video":"","hero_video_schema_markup":"","selling_points_title":"","selling_points_caption":"","selling_points":[],"selling_points_cta_text":"","features_title":"","features":"","ed_cta_examples_text":"","ed_cta_examples_hidden":"","ed_cta_demo_text":"","ed_cta_demo_hidden":"","why_caption":"","why_editor_title":"","why_editor_text":"","why_team_title":"","why_team_text":"","why_service_title":"","why_service_text":"","template_catalog_visible":"","template_catalog_title":"","template_catalog_text":"","template_catalog_categories_visible":"","demo_title":"Cr\u00e9ez votre application Lecteur Audio","demo_caption":"Configurez votre lecteur audio et ajoutez-le gratuitement \u00e0 votre site Web Weebly\u00a0!","default_faq_hidden":"","app_template_category":[],"platform":"363","template_public_id":"","codecanyon_url":"","codecanyon_item_id":"","codecanyon_price":"","pricing_caption":"","pricing_elfsight_apps_hide_column":"","pricing_elfsight_apps_url":"","pricing_codecanyon_price_caption":"","integration_category":[],"integration_request_title":"","integration_request_cta":"","integration_platform":"","integrations":[],"platform_category":[],"video_schema_markup":"","price":"\u00c0 partir de $0\/mois","trial":"","benefits":[{"text":"Installation gratuite"},{"text":"Support Premium"},{"text":"Garantie de remboursement de 14 jours"},{"text":"L'am\u00e9lioration continue"}],"button_url":"#demo","button_target_blank":"0","button_nofollow":"0","attributes":[{"name":"Nombre d'installations","content":"1,000 - 5,000","_state":"expanded"},{"name":"Adaptif","content":"Oui","_state":"expanded"},{"name":"Navigateurs compatibles","content":"Firefox, Safari, Opera, Chrome, Edge","_state":"expanded"}],"tags":[],"tags_disable_links":"0","hide_more_platforms":"","video_object":"","demo_hide_cta":"0","demo_hide_cloud_options":"0","pricing_title":"","pricing":[{"pricing_icon":"platform","pricing_title":"Applications d'Elfsight","pricing_title_caption":"Solution num\u00e9rique multiplateforme qui fonctionne sur n'importe quel site","pricing_price":"\u00c0 partir de $0\/mois","pricing_price_caption":"Commencez avec un plan gratuit","pricing_benefits":[{"text":"Sites Web illimit\u00e9s"},{"text":"\u00c9quipe d'assistance professionnelle"},{"text":"Service d'installation gratuit"},{"text":"100% personnalisable"}],"pricing_button_text":"Ajouter au site Web","pricing_button_url":"https:\/\/apps.elfsight.com\/sign-up\/","pricing_button_nofollow":"1","_state":"expanded"}],"related_apps_title":"","related_apps_hidden":"1","author":"","image":[],"title":"","job":"","social_networks":[]},"_links":{"self":[{"href":"https:\/\/elfsight.com\/fr\/wp-json\/wp\/v2\/pages\/6671","targetHints":{"allow":["GET"]}}],"collection":[{"href":"https:\/\/elfsight.com\/fr\/wp-json\/wp\/v2\/pages"}],"about":[{"href":"https:\/\/elfsight.com\/fr\/wp-json\/wp\/v2\/types\/page"}],"author":[{"embeddable":true,"href":"https:\/\/elfsight.com\/fr\/wp-json\/wp\/v2\/users\/18"}],"replies":[{"embeddable":true,"href":"https:\/\/elfsight.com\/fr\/wp-json\/wp\/v2\/comments?post=6671"}],"version-history":[{"count":2,"href":"https:\/\/elfsight.com\/fr\/wp-json\/wp\/v2\/pages\/6671\/revisions"}],"predecessor-version":[{"id":15127,"href":"https:\/\/elfsight.com\/fr\/wp-json\/wp\/v2\/pages\/6671\/revisions\/15127"}],"up":[{"embeddable":true,"href":"https:\/\/elfsight.com\/fr\/wp-json\/wp\/v2\/pages\/2277"}],"wp:attachment":[{"href":"https:\/\/elfsight.com\/fr\/wp-json\/wp\/v2\/media?parent=6671"}],"curies":[{"name":"wp","href":"https:\/\/api.w.org\/{rel}","templated":true}]}}