{"id":6667,"date":"2021-12-06T08:26:41","date_gmt":"2021-12-06T08:26:41","guid":{"rendered":"https:\/\/elfsight.com\/fr\/?page_id=6667"},"modified":"2025-12-02T14:12:33","modified_gmt":"2025-12-02T14:12:33","slug":"webflow","status":"publish","type":"page","link":"https:\/\/elfsight.com\/fr\/audio-player-widget\/webflow\/","title":{"rendered":"Audio Player &#8211; Webflow"},"content":{"rendered":"\n<div class=\"application-platform-content-item-description application-platform-content-item\" id=\"description\" data-nav-section=\"description\"> <h2>Int\u00e9grer un lecteur audio sur Webflow avec le widget Elfsight<\/h2> <p>Elfsight Music Player est un simple widget pour le site Web Webflow vous offrant possibilit\u00e9 de diffuser des pistes audio directement sur les pages de votre site Web. L&rsquo;outil est extr\u00eamement personnalisable\u00a0: vous pouvez modifier son emplacement, l&rsquo;int\u00e9grer n&rsquo;importe o\u00f9 sur la page, redimensionner sa taille, modifier l&rsquo;arri\u00e8re-plan et tous les autres \u00e9l\u00e9ments pour le m\u00e9langer \u00e0 la conception de votre site Web, utiliser une palette de couleurs sombres, afficher des images et afficher ou masquer. 4 d\u00e9tails suppl\u00e9mentaires sur le joueur comme la barre de progression, le titre et bien d&rsquo;autres. T\u00e9l\u00e9chargez autant de titres que n\u00e9cessaire pour ravir vos utilisateurs, activez l&rsquo;option de lecture automatique et soyez-en s\u00fbr\u00a0: vos utilisateurs ne quitteront pas votre page Web pr\u00e9cipitamment\u00a0!<\/p> <p><b>Rendez votre site plus efficace pour objectifs commerciaux \u00e0 l&rsquo;aide du widget Elfsight Audio<\/b><\/p> <div class=\"faq\" data-component=\"FAQ\"> <div class=\"faq-item\">\r\n\t\t\t\t\t<div class=\"faq-item-question\">\r\n\t\t\t\t\t\t<h3 class=\"faq-item-question-text\">Quels autres widgets pour Webflow pouvez-vous proposer ?<\/h3>\r\n\r\n\t\t\t\t\t\t<div class=\"faq-item-question-icon\"><\/div>\r\n\t\t\t\t\t<\/div>\r\n\r\n\t\t\t\t\t<div class=\"faq-item-answer\">\r\n\t\t\t\t\t\t<div class=\"faq-item-answer-text\"> <p>Il existe une grande vari\u00e9t\u00e9 de widgets pour vous permettre de r\u00e9aliser n&rsquo;importe quel objectif. genre de t\u00e2che sur votre site Web. Par exemple, vous pouvez utiliser notre <a href=\"https:\/\/elfsight.com\/online-form-builder\/webflow\/\">Form Builder<\/a> ou <a href=\"https:\/\/elfsight.com\/ popup-widget\/webflow\/\">Popup<\/a> si vous avez un site Web de commerce \u00e9lectronique. Bien entendu, tout site Web ne b\u00e9n\u00e9ficiera que de notre <a href=\"https:\/\/elfsight.com\/instagram-feed-instashow\/webflow\/\">flux Instagram<\/a> et <a href=\"\/\/elfsight.com\/slider-widget\/webflow\/\">Curseur<\/a>. Et n&rsquo;oubliez pas notre formidable <a href=\"https:\/\/elfsight.com\/cookie-consent-widget\/webflow\/\">Consentement aux cookies<\/a>.<\/p> <\/div>\r\n\t\t\t\t\t<\/div>\r\n\t\t\t\t<\/div> <div class=\"faq-item\">\r\n\t\t\t\t\t<div class=\"faq-item-question\">\r\n\t\t\t\t\t\t<h3 class=\"faq-item-question-text\">Comment puis-je int\u00e9grer votre widget Music Player \u00e0 mon site Web Webflow ?<\/h3>\r\n\r\n\t\t\t\t\t\t<div class=\"faq-item-question-icon\"><\/div>\r\n\t\t\t\t\t<\/div>\r\n\r\n\t\t\t\t\t<div class=\"faq-item-answer\">\r\n\t\t\t\t\t\t<div class=\"faq-item-answer-text\"> <p><\/p><p>Vous pouvez ajouter le widget Music Player \u00e0 votre site Web Webflow en ouvrant simplement le panneau d&rsquo;administration et en effectuant les actions suivantes\u00a0:<\/p><ol><li>Acc\u00e9dez aux param\u00e8tres de votre site Web. <\/li><li>S\u00e9lectionnez l&rsquo;\u00e9l\u00e9ment sur lequel vous souhaitez int\u00e9grer le lecteur de musique. <\/li><li>Collez votre code depuis Elfsight Apps et enregistrez les ajustements. <\/li><li>Tout est termin\u00e9.<\/li><\/ol><p>Ici sur <a href=\"https:\/\/elfsight.com\/tutorials\/how-to-embed-audio-player-on-any-website\/#how-to-add-live-chat-to-webflow\">cette page<\/a> vous trouverez un guide d\u00e9taill\u00e9 sur l&rsquo;installation de votre widget Webflow. Et faites-nous savoir s&rsquo;il reste des questions.<\/p> <\/div>\r\n\t\t\t\t\t<\/div>\r\n\t\t\t\t<\/div> <div class=\"faq-item\">\r\n\t\t\t\t\t<div class=\"faq-item-question\">\r\n\t\t\t\t\t\t<h3 class=\"faq-item-question-text\">Puis-je voir votre widget Webflow Music Player en action ?<\/h3>\r\n\r\n\t\t\t\t\t\t<div class=\"faq-item-question-icon\"><\/div>\r\n\t\t\t\t\t<\/div>\r\n\r\n\t\t\t\t\t<div class=\"faq-item-answer\">\r\n\t\t\t\t\t\t<div class=\"faq-item-answer-text\"> <p>Bien s\u00fbr\u00a0! Vous pouvez facilement le faire en visitant <a href=\"https:\/\/elfsight.com\/audio-player-widget\/#demo\">cette page<\/a> et en utilisant notre d\u00e9mo en direct qui vous permet de voir \u00e0 quoi ressemblera le widget. et choisissez ses caract\u00e9ristiques fonctionnelles ainsi qu&rsquo;un mod\u00e8le le plus appropri\u00e9. D&rsquo;ailleurs, vous pouvez ajouter le widget \u00e0 votre site Web Webflow directement depuis la d\u00e9mo\u00a0!<\/p> <\/div>\r\n\t\t\t\t\t<\/div>\r\n\t\t\t\t<\/div> <\/div> <\/div> <div class=\"application-platform-content-item-features application-platform-content-item\" id=\"features\" data-nav-section=\"features\"> <h2>Consultez la liste des les fonctionnalit\u00e9s les plus puissantes\u00a0:<\/h2> <ul><li>Diverses variations de couleurs<\/li> <li>Th\u00e8me de couleurs sombres\/claires<\/li> <li>Conception r\u00e9active<\/li> <li>2 mises en page pr\u00eates pour utiliser<\/li> <li>Une opportunit\u00e9 d&rsquo;ajouter une image d&rsquo;arri\u00e8re-plan<\/li> <\/ul><p><a href=\"#demo\">Vous pouvez v\u00e9rifier si le widget est fait pour vous en utilisant la d\u00e9mo<\/a> <\/p> <\/div> <div class=\"application-platform-content-item-installation application-platform-content-item\" id=\"installation\" data-nav-section=\"installation\"> <h2>Comment int\u00e9grer le lecteur audio dans mon site Web Webflow\u00a0?<\/h2> <div class=\"video-container\"><iframe allowfullscreen=\"\" frameborder=\"0\" height=\"405\" src=\"https:\/\/www.youtube.com\/embed\/g95M4DoygJk?si=uQsE4BjWKy-jkvzB\" width=\"720\"><\/iframe><\/div><p>Suivez simplement les instructions ci-dessous pour activer le widget de musique.<\/p> <ol><li><b>Utilisez notre configurateur gratuit et commencez \u00e0 cr\u00e9er votre widget personnalis\u00e9.<\/b><br> Choisissez la conception s\u00e9lectionn\u00e9e et les caract\u00e9ristiques fonctionnelles de l&rsquo;outil et appliquez les corrections.<\/li> <li><b>Obtenez votre code individuel apparaissant dans la fen\u00eatre sur Elfsight Apps.<\/b><br> Une fois la configuration de votre widget termin\u00e9e, copiez le code personnel dans la case qui appara\u00eet. et conservez-le pour une utilisation ult\u00e9rieure.<\/li> <li><b>Commencez \u00e0 utiliser le lecteur de musique sur la page Web Webflow.<\/b><br> Impl\u00e9mentez le code que vous avez copi\u00e9 r\u00e9cemment dans votre page et appliquez le am\u00e9liorations.<\/li> <li><b>Vous avez termin\u00e9\u00a0! L&rsquo;int\u00e9gration est enti\u00e8rement termin\u00e9e.<\/b><br> Acc\u00e9dez \u00e0 votre page Web pour v\u00e9rifier les performances du widget.<\/li> <\/ol> <p>En supposant que vous ayez affaire \u00e0 des demandes de renseignements ou \u00e0 des complications, n&rsquo;ayez pas peur. pour entrer en contact avec notre service client. Nos sp\u00e9cialistes sont impatients de r\u00e9soudre toutes les questions que vous pourriez vous poser sur le plugin.<\/p> <\/div>\n","protected":false},"excerpt":{"rendered":"","protected":false},"author":18,"featured_media":0,"parent":2277,"menu_order":0,"comment_status":"closed","ping_status":"closed","template":"templates\/template-application-platform.php","meta":{"publish_to_discourse":"","publish_post_category":"","wpdc_auto_publish_overridden":"","wpdc_topic_tags":"","wpdc_pin_topic":"","wpdc_pin_until":"","discourse_post_id":"","discourse_permalink":"","wpdc_publishing_response":"","wpdc_publishing_error":"","footnotes":""},"class_list":["post-6667","page","type-page","status-publish","hentry"],"yoast_head":"<!-- This site is optimized with the Yoast SEO plugin v25.3.1 - https:\/\/yoast.com\/wordpress\/plugins\/seo\/ -->\n<title>Lecteur audio - ajoutez widget Lecteur Musique sur Webflow<\/title>\n<meta name=\"description\" content=\"Int\u00e9grez un Lecteur audio avantageux sur votre site. Appliquez la d\u00e9mo d&#039;Elfsight et g\u00e9n\u00e9rez votre widget en deux minutes.\" \/>\n<meta name=\"robots\" content=\"index, follow, max-snippet:-1, max-image-preview:large, max-video-preview:-1\" \/>\n<link rel=\"canonical\" href=\"https:\/\/elfsight.com\/fr\/audio-player-widget\/webflow\/\" \/>\n<meta property=\"og:locale\" content=\"fr_FR\" \/>\n<meta property=\"og:type\" content=\"article\" \/>\n<meta property=\"og:title\" content=\"Lecteur audio - ajoutez widget Lecteur Musique sur Webflow\" \/>\n<meta property=\"og:description\" content=\"Int\u00e9grez un Lecteur audio avantageux sur votre site. Appliquez la d\u00e9mo d&#039;Elfsight et g\u00e9n\u00e9rez votre widget en deux minutes.\" \/>\n<meta property=\"og:url\" content=\"https:\/\/elfsight.com\/fr\/audio-player-widget\/webflow\/\" \/>\n<meta property=\"og:site_name\" content=\"Elfsight FR\" \/>\n<meta property=\"article:modified_time\" content=\"2025-12-02T14:12:33+00:00\" \/>\n<meta name=\"twitter:card\" content=\"summary_large_image\" \/>\n<meta name=\"twitter:label1\" content=\"Dur\u00e9e de lecture estim\u00e9e\" \/>\n\t<meta name=\"twitter:data1\" content=\"4 minutes\" \/>\n<!-- \/ Yoast SEO plugin. -->","yoast_head_json":{"title":"Lecteur audio - ajoutez widget Lecteur Musique sur Webflow","description":"Int\u00e9grez un Lecteur audio avantageux sur votre site. Appliquez la d\u00e9mo d'Elfsight et g\u00e9n\u00e9rez votre widget en deux minutes.","robots":{"index":"index","follow":"follow","max-snippet":"max-snippet:-1","max-image-preview":"max-image-preview:large","max-video-preview":"max-video-preview:-1"},"canonical":"https:\/\/elfsight.com\/fr\/audio-player-widget\/webflow\/","og_locale":"fr_FR","og_type":"article","og_title":"Lecteur audio - ajoutez widget Lecteur Musique sur Webflow","og_description":"Int\u00e9grez un Lecteur audio avantageux sur votre site. Appliquez la d\u00e9mo d'Elfsight et g\u00e9n\u00e9rez votre widget en deux minutes.","og_url":"https:\/\/elfsight.com\/fr\/audio-player-widget\/webflow\/","og_site_name":"Elfsight FR","article_modified_time":"2025-12-02T14:12:33+00:00","twitter_card":"summary_large_image","twitter_misc":{"Dur\u00e9e de lecture estim\u00e9e":"4 minutes"},"schema":{"@context":"https:\/\/schema.org","@graph":[{"@type":"WebPage","@id":"https:\/\/elfsight.com\/fr\/audio-player-widget\/webflow\/","url":"https:\/\/elfsight.com\/fr\/audio-player-widget\/webflow\/","name":"Lecteur audio - ajoutez widget Lecteur Musique sur Webflow","isPartOf":{"@id":"https:\/\/elfsight.com\/fr\/#website"},"datePublished":"2021-12-06T08:26:41+00:00","dateModified":"2025-12-02T14:12:33+00:00","description":"Int\u00e9grez un Lecteur audio avantageux sur votre site. Appliquez la d\u00e9mo d'Elfsight et g\u00e9n\u00e9rez votre widget en deux minutes.","breadcrumb":{"@id":"https:\/\/elfsight.com\/fr\/audio-player-widget\/webflow\/#breadcrumb"},"inLanguage":"fr-FR","potentialAction":[{"@type":"ReadAction","target":["https:\/\/elfsight.com\/fr\/audio-player-widget\/webflow\/"]}]},{"@type":"BreadcrumbList","@id":"https:\/\/elfsight.com\/fr\/audio-player-widget\/webflow\/#breadcrumb","itemListElement":[{"@type":"ListItem","position":1,"name":"Home","item":"https:\/\/elfsight.com\/fr\/"},{"@type":"ListItem","position":2,"name":"Audio Player","item":"https:\/\/elfsight.com\/fr\/audio-player-widget\/"},{"@type":"ListItem","position":3,"name":"Audio Player &#8211; Webflow"}]},{"@type":"WebSite","@id":"https:\/\/elfsight.com\/fr\/#website","url":"https:\/\/elfsight.com\/fr\/","name":"Elfsight FR","description":"","potentialAction":[{"@type":"SearchAction","target":{"@type":"EntryPoint","urlTemplate":"https:\/\/elfsight.com\/fr\/?s={search_term_string}"},"query-input":{"@type":"PropertyValueSpecification","valueRequired":true,"valueName":"search_term_string"}}],"inLanguage":"fr-FR"}]}},"meta_box":{"industry":"","seo_heading":"","heading":"","description":"","cta_heading":"","cta_description":"","application":"2276","h1":"Widget Lecteur audio pour Webflow","h1_caption":"Ajoutez et pr\u00e9sentez des pistes audio directement sur votre site Web avec un lecteur \u00e9l\u00e9gant et personnalisable sur votre site Web Webflow sans effort.","application_category":[],"applications_title":"","applications_request_title":"","applications_request_button_text":"","hero_text":"","hero_video":"","hero_video_schema_markup":"","selling_points_title":"","selling_points_caption":"","selling_points":[],"selling_points_cta_text":"","features_title":"","features":"","ed_cta_examples_text":"","ed_cta_examples_hidden":"","ed_cta_demo_text":"","ed_cta_demo_hidden":"","why_caption":"","why_editor_title":"","why_editor_text":"","why_team_title":"","why_team_text":"","why_service_title":"","why_service_text":"","template_catalog_visible":"0","template_catalog_title":"","template_catalog_text":"","template_catalog_categories_visible":"","demo_title":"Cr\u00e9ez votre widget Lecteur Audio","demo_caption":"Configurez votre lecteur audio et ajoutez-le \u00e0 votre site Web Webflow gratuitement\u00a0!","default_faq_hidden":"","app_template_category":[],"platform":"362","template_public_id":"","codecanyon_url":"","codecanyon_item_id":"","codecanyon_price":"","pricing_caption":"","pricing_elfsight_apps_hide_column":"","pricing_elfsight_apps_url":"","pricing_codecanyon_price_caption":"","integration_category":[],"integration_request_title":"","integration_request_cta":"","integration_platform":"","integrations":[],"platform_category":[],"video_schema_markup":"","price":"\u00c0 partir de $0\/mois","trial":"","benefits":[{"text":"Installation gratuite"},{"text":"Support Premium"},{"text":"Garantie de remboursement de 14 jours"},{"text":"L'am\u00e9lioration continue"}],"button_url":"#demo","button_target_blank":"0","button_nofollow":"0","attributes":[{"name":"Nombre d'installations","content":"1,000 - 5,000","_state":"expanded"},{"name":"Adaptif","content":"Oui","_state":"expanded"},{"name":"Navigateurs compatibles","content":"Firefox, Safari, Opera, Chrome, Edge","_state":"expanded"}],"tags":[],"tags_disable_links":"0","hide_more_platforms":"0","video_object":"","demo_hide_cta":"0","demo_hide_cloud_options":"0","pricing_title":"","pricing":[{"pricing_icon":"platform","pricing_title":"Applications d'Elfsight","pricing_title_caption":"Solution num\u00e9rique multiplateforme qui fonctionne sur n'importe quel site","pricing_price":"\u00c0 partir de $0\/mois","pricing_price_caption":"Commencez avec un plan gratuit","pricing_benefits":[{"text":"Sites Web illimit\u00e9s"},{"text":"\u00c9quipe d'assistance professionnelle"},{"text":"Service d'installation gratuit"},{"text":"100% personnalisable"}],"pricing_button_text":"Ajouter au site Web","pricing_button_url":"https:\/\/apps.elfsight.com\/sign-up\/","pricing_button_nofollow":"1","_state":"expanded"}],"related_apps_title":"","related_apps_hidden":"1","author":"","image":[],"title":"","job":"","social_networks":[]},"_links":{"self":[{"href":"https:\/\/elfsight.com\/fr\/wp-json\/wp\/v2\/pages\/6667","targetHints":{"allow":["GET"]}}],"collection":[{"href":"https:\/\/elfsight.com\/fr\/wp-json\/wp\/v2\/pages"}],"about":[{"href":"https:\/\/elfsight.com\/fr\/wp-json\/wp\/v2\/types\/page"}],"author":[{"embeddable":true,"href":"https:\/\/elfsight.com\/fr\/wp-json\/wp\/v2\/users\/18"}],"replies":[{"embeddable":true,"href":"https:\/\/elfsight.com\/fr\/wp-json\/wp\/v2\/comments?post=6667"}],"version-history":[{"count":4,"href":"https:\/\/elfsight.com\/fr\/wp-json\/wp\/v2\/pages\/6667\/revisions"}],"predecessor-version":[{"id":16757,"href":"https:\/\/elfsight.com\/fr\/wp-json\/wp\/v2\/pages\/6667\/revisions\/16757"}],"up":[{"embeddable":true,"href":"https:\/\/elfsight.com\/fr\/wp-json\/wp\/v2\/pages\/2277"}],"wp:attachment":[{"href":"https:\/\/elfsight.com\/fr\/wp-json\/wp\/v2\/media?parent=6667"}],"curies":[{"name":"wp","href":"https:\/\/api.w.org\/{rel}","templated":true}]}}