{"id":6665,"date":"2021-12-06T08:23:29","date_gmt":"2021-12-06T08:23:29","guid":{"rendered":"https:\/\/elfsight.com\/fr\/?page_id=6665"},"modified":"2025-01-23T15:06:58","modified_gmt":"2025-01-23T15:06:58","slug":"squarespace","status":"publish","type":"page","link":"https:\/\/elfsight.com\/fr\/audio-player-widget\/squarespace\/","title":{"rendered":"Audio Player &#8211; Squarespace"},"content":{"rendered":"\n<div class=\"application-platform-content-item-description application-platform-content-item\" id=\"description\" data-nav-section=\"description\"> <h2>Int\u00e9grer un lecteur audio sur Squarespace avec le widget Elfsight<\/h2> <p>Elfsight Audio Player est un plugin personnalis\u00e9 pour les sites Web Squarespace vous permettant de lire des pistes audio sur votre site Web. L&rsquo;outil est totalement r\u00e9glable\u00a0: vous pouvez modifier sa position, le d\u00e9finir n&rsquo;importe o\u00f9 sur la page, changer sa taille, modifier l&rsquo;arri\u00e8re-plan et tous les autres \u00e9l\u00e9ments pour le m\u00e9langer avec le style de votre site, appliquer un th\u00e8me sombre, afficher les couvertures et afficher ou masquer 4 parties de joueur suppl\u00e9mentaires, par exemple barre de progression, titre et autres. Vous pouvez t\u00e9l\u00e9charger autant de titres que vous le souhaitez pour ravir vos utilisateurs, activez l&rsquo;option de lecture automatique et soyez-en s\u00fbr\u00a0: vos visiteurs ne quitteront pas votre page d&rsquo;accueil pr\u00e9cipitamment\u00a0!<\/p> <p><b>Rendez votre site Web plus r\u00e9ussi. pour des t\u00e2ches professionnelles \u00e0 l&rsquo;aide du plugin Elfsight Music<\/b><\/p> <div class=\"faq\" data-component=\"FAQ\"> <div class=\"faq-item\">\r\n\t\t\t\t\t<div class=\"faq-item-question\">\r\n\t\t\t\t\t\t<h3 class=\"faq-item-question-text\">De quels autres widgets pour Squarespace disposez-vous ? <\/h3>\r\n\r\n\t\t\t\t\t\t<div class=\"faq-item-question-icon\"><\/div>\r\n\t\t\t\t\t<\/div>\r\n\r\n\t\t\t\t\t<div class=\"faq-item-answer\">\r\n\t\t\t\t\t\t<div class=\"faq-item-answer-text\"> <p>Vous pouvez utiliser de nombreuses applications pour tout objectif sur votre site quelle que soit votre activit\u00e9. Par exemple, les propri\u00e9taires de sites Web de commerce \u00e9lectronique sont invit\u00e9s \u00e0 utiliser nos <a href=\"https:\/\/elfsight.com\/google-reviews-widget\/squarespace\/\">Avis Google<\/a>, <a href=\"https:\/\/ elfsight.com\/countdown-timer-widget\/squarespace\/\">Compte \u00e0 rebours<\/a> et <a href=\"https:\/\/elfsight.com\/qr-code-widget\/squarespace\/\">QR Code<\/a> pour plusieurs t\u00e2ches. Et il y a aussi le <a href=\"https:\/\/elfsight.com\/whatsapp-chat-widget\/squarespace\/\">WhatsApp Chat<\/a> et le <a href=\"https:\/\/elfsight.com\/event-calendar -widget\/squarespace\/\">Calendrier des \u00e9v\u00e9nements<\/a>.<\/p> <\/div>\r\n\t\t\t\t\t<\/div>\r\n\t\t\t\t<\/div> <div class=\"faq-item\">\r\n\t\t\t\t\t<div class=\"faq-item-question\">\r\n\t\t\t\t\t\t<h3 class=\"faq-item-question-text\">De quelle mani\u00e8re puis-je int\u00e9grer le plugin Music Player \u00e0 mon site Web Squarespace <\/h3>\r\n\r\n\t\t\t\t\t\t<div class=\"faq-item-question-icon\"><\/div>\r\n\t\t\t\t\t<\/div>\r\n\r\n\t\t\t\t\t<div class=\"faq-item-answer\">\r\n\t\t\t\t\t\t<div class=\"faq-item-answer-text\"> <p>Vous pouvez ajouter le\u00a0? Plugin Music Player sur votre site Web Squarespace en acc\u00e9dant simplement au tableau d&rsquo;administration et en effectuant les actions suivantes\u00a0: <\/p><ol><li>S\u00e9lectionnez les param\u00e8tres du th\u00e8me. <\/li><li>S\u00e9lectionnez l&rsquo;\u00e9l\u00e9ment sur lequel vous souhaitez int\u00e9grer le plugin Squarespace. <\/li><li>Collez votre code depuis Elfsight Apps et enregistrez vos modifications. <\/li><li>C&rsquo;est aussi simple que \u00e7a. <\/li><\/ol><p>Et n&rsquo;oubliez pas de consulter notre guide d&rsquo;installation d\u00e9taill\u00e9 <a href=\"https:\/\/elfsight.com\/tutorials\/how-to-embed-audio-player-on-any-website\/#how-to-add-music-player-to-squarespace\">ici<\/a>.<\/p><\/div>\r\n\t\t\t\t\t<\/div>\r\n\t\t\t\t<\/div> <div class=\"faq-item\">\r\n\t\t\t\t\t<div class=\"faq-item-question\">\r\n\t\t\t\t\t\t<h3 class=\"faq-item-question-text\">Puis-je voir votre plugin Squarespace Music Player en main <\/h3>\r\n\r\n\t\t\t\t\t\t<div class=\"faq-item-question-icon\"><\/div>\r\n\t\t\t\t\t<\/div>\r\n\r\n\t\t\t\t\t<div class=\"faq-item-answer\">\r\n\t\t\t\t\t\t<div class=\"faq-item-answer-text\"> <p>Oui, et c&rsquo;est vraiment simple \u00e0 faire car il y a une <a href=\"https:\/\/elfsight.com\/audio-player-widget\/#demo\">d\u00e9mo<\/a> en direct \u00e0 votre disposition\u00a0! Gardez \u00e0 l&rsquo;esprit que vous pouvez \u00e9galement l&rsquo;utiliser pour ajouter le lecteur de musique \u00e0 votre site Web Squarespace\u00a0!<\/p><\/div>\r\n\t\t\t\t\t<\/div>\r\n\t\t\t\t<\/div> <\/div><\/div> <div class=\"application-platform-content-item-features application-platform-content-item\" id=\"features\" data-nav-section=\"features\"> <h2>Le widget comprend des et des fonctionnalit\u00e9s rapides, d\u00e9couvrez-en quelques-unes\u00a0:<\/h2> <ul><li>De nombreuses variations de couleurs<\/li> <li>Sch\u00e9ma de couleurs fonc\u00e9\/clair<\/li> <li>Conception r\u00e9active<\/li> <li> Deux mises en page pr\u00eates \u00e0 l&#8217;emploi<\/li> <li>Une opportunit\u00e9 d&rsquo;ajouter une image d&rsquo;arri\u00e8re-plan<\/li> <\/ul><p><a href=\"#demo\">Explorez toutes les fonctionnalit\u00e9s de personnalisation dans une d\u00e9mo 100\u00a0% fonctionnelle<\/a><\/p> <\/div> <div class=\"application-platform-content-item-installation application-platform-content-item\" id=\"installation\" data-nav-section=\"installation\"> <h2>Comment int\u00e9grer un lecteur de musique personnalis\u00e9 sur mon site Web Squarespace\u00a0?<\/h2><p>Suivez simplement les instructions ci-dessous pour ajouter le pugin audio.<\/p> <ol><li><b>Appliquez notre d\u00e9mo gratuite et commencez \u00e0 cr\u00e9er votre plugin unique.<\/b><br> D\u00e9terminez la conception pr\u00e9f\u00e9rable et les caract\u00e9ristiques fonctionnelles du widget et appliquez les corrections.<\/li> <li><b>Recevez votre code unique apparaissant dans le formulaire sp\u00e9cial sur Elfsight Apps.<\/b><br> D\u00e8s que la personnalisation de votre outil personnel est termin\u00e9e, copiez le code exclusif dans la fen\u00eatre contextuelle qui appara\u00eet et conservez-le pour une occasion ult\u00e9rieure.<\/li> <li><b>Commencez \u00e0 utiliser le lecteur audio sur Squarespace.<\/b><br> Ajoutez le code enregistr\u00e9 r\u00e9cemment dans votre page Web et appliquez le ajustements.<\/li> <li><b>Termin\u00e9\u00a0! L&rsquo;int\u00e9gration est enti\u00e8rement termin\u00e9e.<\/b><br> Visitez votre site pour examiner comment fonctionne le widget.<\/li> <\/ol> <p>Si vous avez des questions ou rencontrez des probl\u00e8mes, veuillez contacter notre service client. Nos consultants seront ravis de r\u00e9pondre \u00e0 toutes les questions que vous pourriez vous poser sur le plugin.<\/p> <\/div>\n","protected":false},"excerpt":{"rendered":"","protected":false},"author":18,"featured_media":0,"parent":2277,"menu_order":0,"comment_status":"closed","ping_status":"closed","template":"templates\/template-application-platform.php","meta":{"publish_to_discourse":"","publish_post_category":"","wpdc_auto_publish_overridden":"","wpdc_topic_tags":"","wpdc_pin_topic":"","wpdc_pin_until":"","discourse_post_id":"","discourse_permalink":"","wpdc_publishing_response":"","wpdc_publishing_error":"","footnotes":""},"class_list":["post-6665","page","type-page","status-publish","hentry"],"yoast_head":"<!-- This site is optimized with the Yoast SEO plugin v25.3.1 - https:\/\/yoast.com\/wordpress\/plugins\/seo\/ -->\n<title>Lecteur audio - ajoutez plugin Lecteur Musique sur Squarespace<\/title>\n<meta name=\"description\" content=\"Int\u00e9grez un Lecteur audio avantageux sur votre site. Appliquez la d\u00e9mo d&#039;Elfsight et g\u00e9n\u00e9rez votre widget en 2 minutes.\" \/>\n<meta name=\"robots\" content=\"index, follow, max-snippet:-1, max-image-preview:large, max-video-preview:-1\" \/>\n<link rel=\"canonical\" href=\"https:\/\/elfsight.com\/fr\/audio-player-widget\/squarespace\/\" \/>\n<meta property=\"og:locale\" content=\"fr_FR\" \/>\n<meta property=\"og:type\" content=\"article\" \/>\n<meta property=\"og:title\" content=\"Lecteur audio - ajoutez plugin Lecteur Musique sur Squarespace\" \/>\n<meta property=\"og:description\" content=\"Int\u00e9grez un Lecteur audio avantageux sur votre site. Appliquez la d\u00e9mo d&#039;Elfsight et g\u00e9n\u00e9rez votre widget en 2 minutes.\" \/>\n<meta property=\"og:url\" content=\"https:\/\/elfsight.com\/fr\/audio-player-widget\/squarespace\/\" \/>\n<meta property=\"og:site_name\" content=\"Elfsight FR\" \/>\n<meta property=\"article:modified_time\" content=\"2025-01-23T15:06:58+00:00\" \/>\n<meta name=\"twitter:card\" content=\"summary_large_image\" \/>\n<meta name=\"twitter:label1\" content=\"Dur\u00e9e de lecture estim\u00e9e\" \/>\n\t<meta name=\"twitter:data1\" content=\"3 minutes\" \/>\n<!-- \/ Yoast SEO plugin. -->","yoast_head_json":{"title":"Lecteur audio - ajoutez plugin Lecteur Musique sur Squarespace","description":"Int\u00e9grez un Lecteur audio avantageux sur votre site. Appliquez la d\u00e9mo d'Elfsight et g\u00e9n\u00e9rez votre widget en 2 minutes.","robots":{"index":"index","follow":"follow","max-snippet":"max-snippet:-1","max-image-preview":"max-image-preview:large","max-video-preview":"max-video-preview:-1"},"canonical":"https:\/\/elfsight.com\/fr\/audio-player-widget\/squarespace\/","og_locale":"fr_FR","og_type":"article","og_title":"Lecteur audio - ajoutez plugin Lecteur Musique sur Squarespace","og_description":"Int\u00e9grez un Lecteur audio avantageux sur votre site. Appliquez la d\u00e9mo d'Elfsight et g\u00e9n\u00e9rez votre widget en 2 minutes.","og_url":"https:\/\/elfsight.com\/fr\/audio-player-widget\/squarespace\/","og_site_name":"Elfsight FR","article_modified_time":"2025-01-23T15:06:58+00:00","twitter_card":"summary_large_image","twitter_misc":{"Dur\u00e9e de lecture estim\u00e9e":"3 minutes"},"schema":{"@context":"https:\/\/schema.org","@graph":[{"@type":"WebPage","@id":"https:\/\/elfsight.com\/fr\/audio-player-widget\/squarespace\/","url":"https:\/\/elfsight.com\/fr\/audio-player-widget\/squarespace\/","name":"Lecteur audio - ajoutez plugin Lecteur Musique sur Squarespace","isPartOf":{"@id":"https:\/\/elfsight.com\/fr\/#website"},"datePublished":"2021-12-06T08:23:29+00:00","dateModified":"2025-01-23T15:06:58+00:00","description":"Int\u00e9grez un Lecteur audio avantageux sur votre site. Appliquez la d\u00e9mo d'Elfsight et g\u00e9n\u00e9rez votre widget en 2 minutes.","breadcrumb":{"@id":"https:\/\/elfsight.com\/fr\/audio-player-widget\/squarespace\/#breadcrumb"},"inLanguage":"fr-FR","potentialAction":[{"@type":"ReadAction","target":["https:\/\/elfsight.com\/fr\/audio-player-widget\/squarespace\/"]}]},{"@type":"BreadcrumbList","@id":"https:\/\/elfsight.com\/fr\/audio-player-widget\/squarespace\/#breadcrumb","itemListElement":[{"@type":"ListItem","position":1,"name":"Home","item":"https:\/\/elfsight.com\/fr\/"},{"@type":"ListItem","position":2,"name":"Audio Player","item":"https:\/\/elfsight.com\/fr\/audio-player-widget\/"},{"@type":"ListItem","position":3,"name":"Audio Player &#8211; Squarespace"}]},{"@type":"WebSite","@id":"https:\/\/elfsight.com\/fr\/#website","url":"https:\/\/elfsight.com\/fr\/","name":"Elfsight FR","description":"","potentialAction":[{"@type":"SearchAction","target":{"@type":"EntryPoint","urlTemplate":"https:\/\/elfsight.com\/fr\/?s={search_term_string}"},"query-input":{"@type":"PropertyValueSpecification","valueRequired":true,"valueName":"search_term_string"}}],"inLanguage":"fr-FR"}]}},"meta_box":{"industry":"","seo_heading":"","heading":"","description":"","cta_heading":"","cta_description":"","application":"2276","h1":"Plugin Lecteur audio pour Squarespace","h1_caption":"Ajoutez et pr\u00e9sentez des pistes audio directement sur votre site Web avec un lecteur \u00e9l\u00e9gant et personnalisable sur votre site Web Squarespace sans effort.","application_category":[],"applications_title":"","applications_request_title":"","applications_request_button_text":"","hero_text":"","hero_video":"","hero_video_schema_markup":"","selling_points_title":"","selling_points_caption":"","selling_points":[],"selling_points_cta_text":"","features_title":"","features":"","ed_cta_examples_text":"","ed_cta_examples_hidden":"","ed_cta_demo_text":"","ed_cta_demo_hidden":"","why_caption":"","why_editor_title":"","why_editor_text":"","why_team_title":"","why_team_text":"","why_service_title":"","why_service_text":"","template_catalog_visible":"0","template_catalog_title":"","template_catalog_text":"","template_catalog_categories_visible":"","demo_title":"Cr\u00e9ez votre plugin Lecteur Audio","demo_caption":"Configurez votre lecteur audio et ajoutez-le gratuitement \u00e0 votre site Web Squarespace\u00a0!","default_faq_hidden":"","app_template_category":[],"platform":"361","template_public_id":"","codecanyon_url":"","codecanyon_item_id":"","codecanyon_price":"","pricing_caption":"","pricing_elfsight_apps_hide_column":"","pricing_elfsight_apps_url":"","pricing_codecanyon_price_caption":"","integration_category":[],"integration_request_title":"","integration_request_cta":"","integration_platform":"","integrations":[],"platform_category":[],"video_schema_markup":"","price":"\u00c0 partir de $0\/mois","trial":"","benefits":[{"text":"Installation gratuite"},{"text":"Support Premium"},{"text":"Garantie de remboursement de 14 jours"},{"text":"L'am\u00e9lioration continue"}],"button_url":"#demo","button_target_blank":"0","button_nofollow":"0","attributes":[{"name":"Nombre d'installations","content":"1,000 - 5,000","_state":"expanded"},{"name":"Adaptif","content":"Oui","_state":"expanded"},{"name":"Navigateurs compatibles","content":"Firefox, Safari, Opera, Chrome, Edge","_state":"expanded"}],"tags":[],"tags_disable_links":"0","hide_more_platforms":"","video_object":"","demo_hide_cta":"0","demo_hide_cloud_options":"0","pricing_title":"","pricing":[{"pricing_icon":"platform","pricing_title":"Applications d'Elfsight","pricing_title_caption":"Solution num\u00e9rique multiplateforme qui fonctionne sur n'importe quel site","pricing_price":"\u00c0 partir de $0\/mois","pricing_price_caption":"Commencez avec un plan gratuit","pricing_benefits":[{"text":"Sites Web illimit\u00e9s"},{"text":"\u00c9quipe d'assistance professionnelle"},{"text":"Service d'installation gratuit"},{"text":"100% personnalisable"}],"pricing_button_text":"Ajouter au site Web","pricing_button_url":"https:\/\/apps.elfsight.com\/sign-up\/","pricing_button_nofollow":"1","_state":"expanded"}],"related_apps_title":"","related_apps_hidden":"1","author":"","image":[],"title":"","job":"","social_networks":[]},"_links":{"self":[{"href":"https:\/\/elfsight.com\/fr\/wp-json\/wp\/v2\/pages\/6665","targetHints":{"allow":["GET"]}}],"collection":[{"href":"https:\/\/elfsight.com\/fr\/wp-json\/wp\/v2\/pages"}],"about":[{"href":"https:\/\/elfsight.com\/fr\/wp-json\/wp\/v2\/types\/page"}],"author":[{"embeddable":true,"href":"https:\/\/elfsight.com\/fr\/wp-json\/wp\/v2\/users\/18"}],"replies":[{"embeddable":true,"href":"https:\/\/elfsight.com\/fr\/wp-json\/wp\/v2\/comments?post=6665"}],"version-history":[{"count":4,"href":"https:\/\/elfsight.com\/fr\/wp-json\/wp\/v2\/pages\/6665\/revisions"}],"predecessor-version":[{"id":16220,"href":"https:\/\/elfsight.com\/fr\/wp-json\/wp\/v2\/pages\/6665\/revisions\/16220"}],"up":[{"embeddable":true,"href":"https:\/\/elfsight.com\/fr\/wp-json\/wp\/v2\/pages\/2277"}],"wp:attachment":[{"href":"https:\/\/elfsight.com\/fr\/wp-json\/wp\/v2\/media?parent=6665"}],"curies":[{"name":"wp","href":"https:\/\/api.w.org\/{rel}","templated":true}]}}