{"id":6659,"date":"2021-12-06T08:24:00","date_gmt":"2021-12-06T08:24:00","guid":{"rendered":"https:\/\/elfsight.com\/fr\/?page_id=6659"},"modified":"2025-07-09T10:00:59","modified_gmt":"2025-07-09T10:00:59","slug":"opencart","status":"publish","type":"page","link":"https:\/\/elfsight.com\/fr\/audio-player-widget\/opencart\/","title":{"rendered":"Audio Player &#8211; OpenCart"},"content":{"rendered":"<div class=\"application-platform-content-item-description application-platform-content-item\" id=\"description\" data-nav-section=\"description\"> <h2>Description<\/h2> <p>Elfsight Audio Player est un widget simple pour les sites Web OpenCart qui vous permet de lire des pistes audio directement sur votre site Web. page. Le plugin est extr\u00eamement personnalisable\u00a0: vous \u00eates libre de changer sa position, de l&rsquo;ins\u00e9rer n&rsquo;importe o\u00f9 sur la page, de redimensionner sa taille, de recolorer l&rsquo;arri\u00e8re-plan et tous les autres \u00e9l\u00e9ments pour le m\u00e9langer au design de votre site Web, d&rsquo;utiliser des couleurs sombres, de d\u00e9montrer des couvertures et afficher ou masquer quatre autres d\u00e9tails du joueur comme la barre de progression, le titre et bien d&rsquo;autres. Vous pouvez t\u00e9l\u00e9charger autant de morceaux que n\u00e9cessaire pour engager vos visiteurs, activez l&rsquo;option de lecture automatique et n&rsquo;h\u00e9sitez pas\u00a0: votre public ne quittera pas votre site Web imm\u00e9diatement\u00a0!<\/p> <p><b>Lancez l&rsquo;extension Elfsight Audio pour relevez vos d\u00e9fis commerciaux plus rapidement\u00a0! <\/b><\/p> <\/div> <div class=\"application-platform-content-item-features application-platform-content-item\" id=\"features\" data-nav-section=\"features\"> <h2>Le widget offre des fonctionnalit\u00e9s pratiques et simples, voyez-en quelques-unes\u00a0:<\/h2> <ul><li>De nombreuses variations de couleurs<\/li> <li>Sch\u00e9ma de couleurs fonc\u00e9\/clair<\/li> <li>Conception adaptative<\/li> <li>2 mises en page disponibles<\/li> <li>Une option pour ajouter une image d&rsquo;arri\u00e8re-plan<\/li> <\/ul><p><a href=\"#demo\">Essayez tous les param\u00e8tres dans la d\u00e9mo compl\u00e8te<\/a><\/p> <\/div> <div class=\"application-platform-content-item-installation application-platform-content-item\" id=\"installation\" data-nav-section=\"installation\"> <h2>Comment int\u00e9grer de la musique Joueur sur mon site Web OpenCart\u00a0?<\/h2> <p>Suivez simplement les \u00e9tapes suivantes ci-dessous pour activer l&rsquo;extension.<\/p> <ol><li><b>Ouvrez notre configurateur gratuit et commencez \u00e0 cr\u00e9er votre extension personnalis\u00e9e. <\/b><br> Sp\u00e9cifiez la disposition et les fonctionnalit\u00e9s s\u00e9lectionn\u00e9es de l&rsquo;extension et enregistrez toutes les modifications. <\/li> <li><b>Acqu\u00e9rez votre code personnel d\u00e9montr\u00e9 dans le formulaire sp\u00e9cial sur Elfsight Apps. <\/b><br> Juste apr\u00e8s avoir personnalis\u00e9 votre extension personnelle, copiez le code personnel dans la bo\u00eete qui appara\u00eet et conservez-le pour un besoin ult\u00e9rieur. <\/li> <li><b>Commencez l&#8217;emploi de l&rsquo;extension sur le site OpenCart. <\/b><br> Saisissez le code copi\u00e9 pr\u00e9c\u00e9demment dans votre site internet et enregistrez les modifications. <\/li> <li><b>L&rsquo;installation s&rsquo;est termin\u00e9e avec succ\u00e8s. <\/b><br> Ouvrez votre site pour observer les performances de l&rsquo;extension. <\/li><\/ol><p>Si vous \u00eates confront\u00e9 \u00e0 des questions ou \u00e0 des probl\u00e8mes, n&rsquo;h\u00e9sitez pas \u00e0 demander l&rsquo;aide de notre personnel d&rsquo;assistance. Nos consultants sont impatients de vous aider avec toutes les questions que vous pourriez avoir sur l&rsquo;outil. <\/p> <\/div>","protected":false},"excerpt":{"rendered":"","protected":false},"author":18,"featured_media":0,"parent":2277,"menu_order":0,"comment_status":"closed","ping_status":"closed","template":"templates\/template-application-platform.php","meta":{"publish_to_discourse":"","publish_post_category":"","wpdc_auto_publish_overridden":"","wpdc_topic_tags":"","wpdc_pin_topic":"","wpdc_pin_until":"","discourse_post_id":"","discourse_permalink":"","wpdc_publishing_response":"","wpdc_publishing_error":"","footnotes":""},"class_list":["post-6659","page","type-page","status-publish","hentry"],"yoast_head":"<!-- This site is optimized with the Yoast SEO plugin v25.3.1 - https:\/\/yoast.com\/wordpress\/plugins\/seo\/ -->\n<title>Lecteur audio - ajoutez plugin Lecteur Musique sur OpenCart<\/title>\n<meta name=\"description\" content=\"Int\u00e9grez un Lecteur audio attractif sur votre site. Utilisez la d\u00e9mo d&#039;Elfsight et g\u00e9n\u00e9rez votre module en 2 minutes.\" \/>\n<meta name=\"robots\" content=\"index, follow, max-snippet:-1, max-image-preview:large, max-video-preview:-1\" \/>\n<link rel=\"canonical\" href=\"https:\/\/elfsight.com\/fr\/audio-player-widget\/opencart\/\" \/>\n<meta property=\"og:locale\" content=\"fr_FR\" \/>\n<meta property=\"og:type\" content=\"article\" \/>\n<meta property=\"og:title\" content=\"Lecteur audio - ajoutez plugin Lecteur Musique sur OpenCart\" \/>\n<meta property=\"og:description\" content=\"Int\u00e9grez un Lecteur audio attractif sur votre site. Utilisez la d\u00e9mo d&#039;Elfsight et g\u00e9n\u00e9rez votre module en 2 minutes.\" \/>\n<meta property=\"og:url\" content=\"https:\/\/elfsight.com\/fr\/audio-player-widget\/opencart\/\" \/>\n<meta property=\"og:site_name\" content=\"Elfsight FR\" \/>\n<meta property=\"article:modified_time\" content=\"2025-07-09T10:00:59+00:00\" \/>\n<meta name=\"twitter:card\" content=\"summary_large_image\" \/>\n<meta name=\"twitter:label1\" content=\"Dur\u00e9e de lecture estim\u00e9e\" \/>\n\t<meta name=\"twitter:data1\" content=\"1 minute\" \/>\n<!-- \/ Yoast SEO plugin. -->","yoast_head_json":{"title":"Lecteur audio - ajoutez plugin Lecteur Musique sur OpenCart","description":"Int\u00e9grez un Lecteur audio attractif sur votre site. Utilisez la d\u00e9mo d'Elfsight et g\u00e9n\u00e9rez votre module en 2 minutes.","robots":{"index":"index","follow":"follow","max-snippet":"max-snippet:-1","max-image-preview":"max-image-preview:large","max-video-preview":"max-video-preview:-1"},"canonical":"https:\/\/elfsight.com\/fr\/audio-player-widget\/opencart\/","og_locale":"fr_FR","og_type":"article","og_title":"Lecteur audio - ajoutez plugin Lecteur Musique sur OpenCart","og_description":"Int\u00e9grez un Lecteur audio attractif sur votre site. Utilisez la d\u00e9mo d'Elfsight et g\u00e9n\u00e9rez votre module en 2 minutes.","og_url":"https:\/\/elfsight.com\/fr\/audio-player-widget\/opencart\/","og_site_name":"Elfsight FR","article_modified_time":"2025-07-09T10:00:59+00:00","twitter_card":"summary_large_image","twitter_misc":{"Dur\u00e9e de lecture estim\u00e9e":"1 minute"},"schema":{"@context":"https:\/\/schema.org","@graph":[{"@type":"WebPage","@id":"https:\/\/elfsight.com\/fr\/audio-player-widget\/opencart\/","url":"https:\/\/elfsight.com\/fr\/audio-player-widget\/opencart\/","name":"Lecteur audio - ajoutez plugin Lecteur Musique sur OpenCart","isPartOf":{"@id":"https:\/\/elfsight.com\/fr\/#website"},"datePublished":"2021-12-06T08:24:00+00:00","dateModified":"2025-07-09T10:00:59+00:00","description":"Int\u00e9grez un Lecteur audio attractif sur votre site. Utilisez la d\u00e9mo d'Elfsight et g\u00e9n\u00e9rez votre module en 2 minutes.","breadcrumb":{"@id":"https:\/\/elfsight.com\/fr\/audio-player-widget\/opencart\/#breadcrumb"},"inLanguage":"fr-FR","potentialAction":[{"@type":"ReadAction","target":["https:\/\/elfsight.com\/fr\/audio-player-widget\/opencart\/"]}]},{"@type":"BreadcrumbList","@id":"https:\/\/elfsight.com\/fr\/audio-player-widget\/opencart\/#breadcrumb","itemListElement":[{"@type":"ListItem","position":1,"name":"Home","item":"https:\/\/elfsight.com\/fr\/"},{"@type":"ListItem","position":2,"name":"Audio Player","item":"https:\/\/elfsight.com\/fr\/audio-player-widget\/"},{"@type":"ListItem","position":3,"name":"Audio Player &#8211; OpenCart"}]},{"@type":"WebSite","@id":"https:\/\/elfsight.com\/fr\/#website","url":"https:\/\/elfsight.com\/fr\/","name":"Elfsight FR","description":"","potentialAction":[{"@type":"SearchAction","target":{"@type":"EntryPoint","urlTemplate":"https:\/\/elfsight.com\/fr\/?s={search_term_string}"},"query-input":{"@type":"PropertyValueSpecification","valueRequired":true,"valueName":"search_term_string"}}],"inLanguage":"fr-FR"}]}},"meta_box":{"industry":"","seo_heading":"","heading":"","description":"","cta_heading":"","cta_description":"","application":"2276","h1":"Plugin Lecteur audio pour OpenCart","h1_caption":"Ajoutez et pr\u00e9sentez des pistes audio directement sur votre site Web avec un lecteur \u00e9l\u00e9gant et personnalisable sur votre site Web Opencart sans effort.","application_category":[],"applications_title":"","applications_request_title":"","applications_request_button_text":"","hero_text":"","hero_video":"","hero_video_schema_markup":"","selling_points_title":"","selling_points_caption":"","selling_points":[],"selling_points_cta_text":"","features_title":"","features":"","ed_cta_examples_text":"","ed_cta_examples_hidden":"","ed_cta_demo_text":"","ed_cta_demo_hidden":"","why_caption":"","why_editor_title":"","why_editor_text":"","why_team_title":"","why_team_text":"","why_service_title":"","why_service_text":"","template_catalog_visible":"","template_catalog_title":"","template_catalog_text":"","template_catalog_categories_visible":"","demo_title":"Cr\u00e9ez votre extension de lecteur audio","demo_caption":"Configurez votre lecteur audio et ajoutez-le gratuitement \u00e0 votre site Web OpenCart\u00a0!","default_faq_hidden":"","app_template_category":[],"platform":"359","template_public_id":"","codecanyon_url":"","codecanyon_item_id":"","codecanyon_price":"","pricing_caption":"","pricing_elfsight_apps_hide_column":"","pricing_elfsight_apps_url":"","pricing_codecanyon_price_caption":"","integration_category":[],"integration_request_title":"","integration_request_cta":"","integration_platform":"","integrations":[],"platform_category":[],"video_schema_markup":"","price":"\u00c0 partir de $0\/mois","trial":"","benefits":[{"text":"Installation gratuite"},{"text":"Support Premium"},{"text":"Garantie de remboursement de 14 jours"},{"text":"L'am\u00e9lioration continue"}],"button_url":"#demo","button_target_blank":"0","button_nofollow":"0","attributes":[{"name":"Nombre d'installations","content":"1,000 - 5,000","_state":"expanded"},{"name":"Adaptif","content":"Oui","_state":"expanded"},{"name":"Navigateurs compatibles","content":"Firefox, Safari, Opera, Chrome, Edge","_state":"expanded"}],"tags":[],"tags_disable_links":"0","hide_more_platforms":"","video_object":"","demo_hide_cta":"0","demo_hide_cloud_options":"0","pricing_title":"","pricing":[{"pricing_icon":"platform","pricing_title":"Applications d'Elfsight","pricing_title_caption":"Solution num\u00e9rique multiplateforme qui fonctionne sur n'importe quel site","pricing_price":"\u00c0 partir de $0\/mois","pricing_price_caption":"Commencez avec un plan gratuit","pricing_benefits":[{"text":"Sites Web illimit\u00e9s"},{"text":"\u00c9quipe d'assistance professionnelle"},{"text":"Service d'installation gratuit"},{"text":"100% personnalisable"}],"pricing_button_text":"Ajouter au site Web","pricing_button_url":"https:\/\/apps.elfsight.com\/sign-up\/","pricing_button_nofollow":"1","_state":"expanded"}],"related_apps_title":"","related_apps_hidden":"1","author":"","image":[],"title":"","job":"","social_networks":[]},"_links":{"self":[{"href":"https:\/\/elfsight.com\/fr\/wp-json\/wp\/v2\/pages\/6659","targetHints":{"allow":["GET"]}}],"collection":[{"href":"https:\/\/elfsight.com\/fr\/wp-json\/wp\/v2\/pages"}],"about":[{"href":"https:\/\/elfsight.com\/fr\/wp-json\/wp\/v2\/types\/page"}],"author":[{"embeddable":true,"href":"https:\/\/elfsight.com\/fr\/wp-json\/wp\/v2\/users\/18"}],"replies":[{"embeddable":true,"href":"https:\/\/elfsight.com\/fr\/wp-json\/wp\/v2\/comments?post=6659"}],"version-history":[{"count":2,"href":"https:\/\/elfsight.com\/fr\/wp-json\/wp\/v2\/pages\/6659\/revisions"}],"predecessor-version":[{"id":15133,"href":"https:\/\/elfsight.com\/fr\/wp-json\/wp\/v2\/pages\/6659\/revisions\/15133"}],"up":[{"embeddable":true,"href":"https:\/\/elfsight.com\/fr\/wp-json\/wp\/v2\/pages\/2277"}],"wp:attachment":[{"href":"https:\/\/elfsight.com\/fr\/wp-json\/wp\/v2\/media?parent=6659"}],"curies":[{"name":"wp","href":"https:\/\/api.w.org\/{rel}","templated":true}]}}