{"id":6651,"date":"2021-12-06T08:27:03","date_gmt":"2021-12-06T08:27:03","guid":{"rendered":"https:\/\/elfsight.com\/fr\/?page_id=6651"},"modified":"2025-07-09T10:00:33","modified_gmt":"2025-07-09T10:00:33","slug":"jquery","status":"publish","type":"page","link":"https:\/\/elfsight.com\/fr\/audio-player-widget\/jquery\/","title":{"rendered":"Audio Player &#8211; jQuery"},"content":{"rendered":"<div class=\"application-platform-content-item-description application-platform-content-item\" id=\"description\" data-nav-section=\"description\"> <h2>Description<\/h2> <p>Elfsight Audio Player avec playlist est un simple plugin pour jQuery vous permettant de diffuser des pistes audio directement sur les pages de votre site Internet. Le widget est extr\u00eamement personnalisable\u00a0: vous pouvez modifier sa position, l&rsquo;int\u00e9grer n&rsquo;importe o\u00f9 sur la page, modifier sa taille, recolorer l&rsquo;arri\u00e8re-plan et tous les autres \u00e9l\u00e9ments pour le m\u00e9langer avec le style de votre site, utiliser un jeu de couleurs sombres, afficher des couvertures et d\u00e9montrer ou masquer 4 autres composants du joueur, par exemple la barre de progression, le titre et autres. Vous pouvez t\u00e9l\u00e9charger autant de titres que vous le souhaitez pour ravir vos utilisateurs, activer la lecture automatique et n&rsquo;ayez aucun doute : vos utilisateurs ne quitteront pas votre page d&rsquo;accueil pr\u00e9cipitamment ! <\/p><p><b>Avec Elfsight Audio Player, constatez une croissance solide de votre activit\u00e9 et augmentez vos ventes<\/b><\/p> <\/div> <div class=\"application-platform-content-item-features application-platform-content-item\" id=\"features\" data-nav-section=\"features\"> <h2>Ce ne sont l\u00e0 que quelques-uns des les fonctionnalit\u00e9s du widget large\u00a0:<\/h2> <ul><li>Diverses modifications de couleurs<\/li> <li>Th\u00e8me de couleur sombre\/clair<\/li> <li>Conception r\u00e9active<\/li> <li>Deux mises en page applicables<\/li> <li>Possibilit\u00e9 d&rsquo;utiliser l&rsquo;image d&rsquo;arri\u00e8re-plan<\/li> <\/ul><p><a href=\"#demo\">Vous pouvez ressentir ce que propose le widget en utilisant la d\u00e9mo<\/a><\/p> [ \/application_platform_content_item] <div class=\"application-platform-content-item-installation application-platform-content-item\" id=\"installation\" data-nav-section=\"installation\"><\/div> <h2>Comment int\u00e9grer le lecteur audio dans mon site Web jQuery\u00a0? <\/h2> <p>Suivez simplement les \u00e9tapes pr\u00e9sent\u00e9es ci-dessous pour int\u00e9grer le plugin.<\/p> <ol><li><b>Utilisez notre \u00e9diteur gratuit et commencez \u00e0 cr\u00e9er votre plugin sur mesure. <\/b><br> Recherchez l&rsquo;interface et les fonctionnalit\u00e9s pr\u00e9f\u00e9r\u00e9es du widget et enregistrez les modifications. <\/li> <li><b>Recevez votre code unique apparaissant dans la fen\u00eatre sur les applications Elfsight.<\/b><br> Juste apr\u00e8s la personnalisation de votre widget personnel, copiez le code individuel dans la fen\u00eatre contextuelle qui appara\u00eet et conservez-le pour une occasion future.<\/li> <li><b>Commencez \u00e0 utiliser le lecteur de musique sur le site Web jQuery.<\/b><br> Collez le code que vous avez enregistr\u00e9 r\u00e9cemment dans votre page et enregistrez les modifications. <\/li> <li><b>Vous avez termin\u00e9\u00a0! L&rsquo;int\u00e9gration est enti\u00e8rement r\u00e9alis\u00e9e.<\/b><br> Rendez-vous sur votre site pour examiner le fonctionnement de l&rsquo;outil.<\/li> <\/ol> <p>Si vous rencontrez des demandes de renseignements ou rencontrez des obstacles, n&rsquo;h\u00e9sitez pas pour postuler \u00e0 notre \u00e9quipe de service client. Nos sp\u00e9cialistes seront ravis de vous aider avec tous les probl\u00e8mes que vous pourriez rencontrer avec le produit. <\/p> <\/div><div class=\"faq\" data-component=\"FAQ\"><div class=\"faq-item\">\r\n\t\t\t\t\t<div class=\"faq-item-question\">\r\n\t\t\t\t\t\t<h3 class=\"faq-item-question-text\">De quelle mani\u00e8re ajouter un lecteur audio au site jQuery ?<\/h3>\r\n\r\n\t\t\t\t\t\t<div class=\"faq-item-question-icon\"><\/div>\r\n\t\t\t\t\t<\/div>\r\n\r\n\t\t\t\t\t<div class=\"faq-item-answer\">\r\n\t\t\t\t\t\t<div class=\"faq-item-answer-text\"><p>La cr\u00e9ation du widget se produit sur le site Web Elfsight et vous n&rsquo;avez pas besoin d&rsquo;apprendre \u00e0 coder. Appliquez la d\u00e9mo en ligne pour fa\u00e7onner votre application personnelle, obtenez le code et int\u00e9grez-le \u00e0 votre site. <\/p><\/div>\r\n\t\t\t\t\t<\/div>\r\n\t\t\t\t<\/div><div class=\"faq-item\">\r\n\t\t\t\t\t<div class=\"faq-item-question\">\r\n\t\t\t\t\t\t<h3 class=\"faq-item-question-text\">Les meilleures fa\u00e7ons d'utiliser une int\u00e9gration de lecteur de musique<\/h3>\r\n\r\n\t\t\t\t\t\t<div class=\"faq-item-question-icon\"><\/div>\r\n\t\t\t\t\t<\/div>\r\n\r\n\t\t\t\t\t<div class=\"faq-item-answer\">\r\n\t\t\t\t\t\t<div class=\"faq-item-answer-text\"><p>Nous offrons une multitude de possibilit\u00e9s de r\u00e9glage\u00a0: des widgets complets \u00e0 int\u00e9grer dans la zone de contenu, des widgets flottants avec des possibilit\u00e9s de d\u00e9filement, des vignettes pour le pied de page de votre site Web, la section d&rsquo;en-t\u00eate et toutes les variantes d&rsquo;opportunit\u00e9s verticales pour les barres lat\u00e9rales et les menus. <\/p><\/div>\r\n\t\t\t\t\t<\/div>\r\n\t\t\t\t<\/div><div class=\"faq-item\">\r\n\t\t\t\t\t<div class=\"faq-item-question\">\r\n\t\t\t\t\t\t<h3 class=\"faq-item-question-text\">Comment cr\u00e9er un lecteur audio de sons de la nature ou un lecteur audio \u00e0 piste unique au moyen de l'\u00e9diteur ?<\/h3>\r\n\r\n\t\t\t\t\t\t<div class=\"faq-item-question-icon\"><\/div>\r\n\t\t\t\t\t<\/div>\r\n\r\n\t\t\t\t\t<div class=\"faq-item-answer\">\r\n\t\t\t\t\t\t<div class=\"faq-item-answer-text\"><p>Vous \u00eates invit\u00e9s \u00e0 apporter des modifications \u00e0 n&rsquo;importe quel widget. Il existe une multitude de mises en page \u00e0 votre disposition dans l&rsquo;\u00e9diteur, et toutes peuvent \u00eatre facilement ajust\u00e9es selon vos besoins. <\/p><\/div>\r\n\t\t\t\t\t<\/div>\r\n\t\t\t\t<\/div><\/div>","protected":false},"excerpt":{"rendered":"","protected":false},"author":18,"featured_media":0,"parent":2277,"menu_order":0,"comment_status":"closed","ping_status":"closed","template":"templates\/template-application-platform.php","meta":{"publish_to_discourse":"","publish_post_category":"","wpdc_auto_publish_overridden":"","wpdc_topic_tags":"","wpdc_pin_topic":"","wpdc_pin_until":"","discourse_post_id":"","discourse_permalink":"","wpdc_publishing_response":"","wpdc_publishing_error":"","footnotes":""},"class_list":["post-6651","page","type-page","status-publish","hentry"],"yoast_head":"<!-- This site is optimized with the Yoast SEO plugin v25.3.1 - https:\/\/yoast.com\/wordpress\/plugins\/seo\/ -->\n<title>Lecteur audio - ajoutez widget Lecteur Musique sur jQuery<\/title>\n<meta name=\"description\" content=\"Int\u00e9grez un Lecteur audio avantageux sur votre site. Utilisez la d\u00e9mo d&#039;Elfsight et g\u00e9n\u00e9rez votre widget en deux minutes.\" \/>\n<meta name=\"robots\" content=\"index, follow, max-snippet:-1, max-image-preview:large, max-video-preview:-1\" \/>\n<link rel=\"canonical\" href=\"https:\/\/elfsight.com\/fr\/audio-player-widget\/jquery\/\" \/>\n<meta property=\"og:locale\" content=\"fr_FR\" \/>\n<meta property=\"og:type\" content=\"article\" \/>\n<meta property=\"og:title\" content=\"Lecteur audio - ajoutez widget Lecteur Musique sur jQuery\" \/>\n<meta property=\"og:description\" content=\"Int\u00e9grez un Lecteur audio avantageux sur votre site. Utilisez la d\u00e9mo d&#039;Elfsight et g\u00e9n\u00e9rez votre widget en deux minutes.\" \/>\n<meta property=\"og:url\" content=\"https:\/\/elfsight.com\/fr\/audio-player-widget\/jquery\/\" \/>\n<meta property=\"og:site_name\" content=\"Elfsight FR\" \/>\n<meta property=\"article:modified_time\" content=\"2025-07-09T10:00:33+00:00\" \/>\n<meta name=\"twitter:card\" content=\"summary_large_image\" \/>\n<meta name=\"twitter:label1\" content=\"Dur\u00e9e de lecture estim\u00e9e\" \/>\n\t<meta name=\"twitter:data1\" content=\"1 minute\" \/>\n<!-- \/ Yoast SEO plugin. -->","yoast_head_json":{"title":"Lecteur audio - ajoutez widget Lecteur Musique sur jQuery","description":"Int\u00e9grez un Lecteur audio avantageux sur votre site. Utilisez la d\u00e9mo d'Elfsight et g\u00e9n\u00e9rez votre widget en deux minutes.","robots":{"index":"index","follow":"follow","max-snippet":"max-snippet:-1","max-image-preview":"max-image-preview:large","max-video-preview":"max-video-preview:-1"},"canonical":"https:\/\/elfsight.com\/fr\/audio-player-widget\/jquery\/","og_locale":"fr_FR","og_type":"article","og_title":"Lecteur audio - ajoutez widget Lecteur Musique sur jQuery","og_description":"Int\u00e9grez un Lecteur audio avantageux sur votre site. Utilisez la d\u00e9mo d'Elfsight et g\u00e9n\u00e9rez votre widget en deux minutes.","og_url":"https:\/\/elfsight.com\/fr\/audio-player-widget\/jquery\/","og_site_name":"Elfsight FR","article_modified_time":"2025-07-09T10:00:33+00:00","twitter_card":"summary_large_image","twitter_misc":{"Dur\u00e9e de lecture estim\u00e9e":"1 minute"},"schema":{"@context":"https:\/\/schema.org","@graph":[{"@type":"WebPage","@id":"https:\/\/elfsight.com\/fr\/audio-player-widget\/jquery\/","url":"https:\/\/elfsight.com\/fr\/audio-player-widget\/jquery\/","name":"Lecteur audio - ajoutez widget Lecteur Musique sur jQuery","isPartOf":{"@id":"https:\/\/elfsight.com\/fr\/#website"},"datePublished":"2021-12-06T08:27:03+00:00","dateModified":"2025-07-09T10:00:33+00:00","description":"Int\u00e9grez un Lecteur audio avantageux sur votre site. Utilisez la d\u00e9mo d'Elfsight et g\u00e9n\u00e9rez votre widget en deux minutes.","breadcrumb":{"@id":"https:\/\/elfsight.com\/fr\/audio-player-widget\/jquery\/#breadcrumb"},"inLanguage":"fr-FR","potentialAction":[{"@type":"ReadAction","target":["https:\/\/elfsight.com\/fr\/audio-player-widget\/jquery\/"]}]},{"@type":"BreadcrumbList","@id":"https:\/\/elfsight.com\/fr\/audio-player-widget\/jquery\/#breadcrumb","itemListElement":[{"@type":"ListItem","position":1,"name":"Home","item":"https:\/\/elfsight.com\/fr\/"},{"@type":"ListItem","position":2,"name":"Audio Player","item":"https:\/\/elfsight.com\/fr\/audio-player-widget\/"},{"@type":"ListItem","position":3,"name":"Audio Player &#8211; jQuery"}]},{"@type":"WebSite","@id":"https:\/\/elfsight.com\/fr\/#website","url":"https:\/\/elfsight.com\/fr\/","name":"Elfsight FR","description":"","potentialAction":[{"@type":"SearchAction","target":{"@type":"EntryPoint","urlTemplate":"https:\/\/elfsight.com\/fr\/?s={search_term_string}"},"query-input":{"@type":"PropertyValueSpecification","valueRequired":true,"valueName":"search_term_string"}}],"inLanguage":"fr-FR"}]}},"meta_box":{"industry":"","seo_heading":"","heading":"","description":"","cta_heading":"","cta_description":"","application":"2276","h1":"Widget Lecteur audio pour jQuery","h1_caption":"Ajoutez et pr\u00e9sentez des pistes audio directement sur votre site Web avec un lecteur \u00e9l\u00e9gant et personnalisable sur votre site Web jQuery sans effort.","application_category":[],"applications_title":"","applications_request_title":"","applications_request_button_text":"","hero_text":"","hero_video":"","hero_video_schema_markup":"","selling_points_title":"","selling_points_caption":"","selling_points":[],"selling_points_cta_text":"","features_title":"","features":"","ed_cta_examples_text":"","ed_cta_examples_hidden":"","ed_cta_demo_text":"","ed_cta_demo_hidden":"","why_caption":"","why_editor_title":"","why_editor_text":"","why_team_title":"","why_team_text":"","why_service_title":"","why_service_text":"","template_catalog_visible":"","template_catalog_title":"","template_catalog_text":"","template_catalog_categories_visible":"","demo_title":"Cr\u00e9ez votre plugin Lecteur Audio","demo_caption":"Configurez votre lecteur audio et ajoutez-le gratuitement \u00e0 votre site Web jQuery\u00a0!","default_faq_hidden":"","app_template_category":[],"platform":"355","template_public_id":"","codecanyon_url":"","codecanyon_item_id":"","codecanyon_price":"","pricing_caption":"","pricing_elfsight_apps_hide_column":"","pricing_elfsight_apps_url":"","pricing_codecanyon_price_caption":"","integration_category":[],"integration_request_title":"","integration_request_cta":"","integration_platform":"","integrations":[],"platform_category":[],"video_schema_markup":"","price":"\u00c0 partir de $0\/mois","trial":"","benefits":[{"text":"Installation gratuite"},{"text":"Support Premium"},{"text":"Garantie de remboursement de 14 jours"},{"text":"L'am\u00e9lioration continue"}],"button_url":"#demo","button_target_blank":"0","button_nofollow":"0","attributes":[{"name":"Nombre d'installations","content":"1,000 - 5,000","_state":"expanded"},{"name":"Adaptif","content":"Oui","_state":"expanded"},{"name":"Navigateurs compatibles","content":"Firefox, Safari, Opera, Chrome, Edge","_state":"expanded"}],"tags":[],"tags_disable_links":"0","hide_more_platforms":"","video_object":"","demo_hide_cta":"0","demo_hide_cloud_options":"0","pricing_title":"","pricing":[{"pricing_icon":"platform","pricing_title":"Applications d'Elfsight","pricing_title_caption":"Solution num\u00e9rique multiplateforme qui fonctionne sur n'importe quel site","pricing_price":"\u00c0 partir de $0\/mois","pricing_price_caption":"Commencez avec un plan gratuit","pricing_benefits":[{"text":"Sites Web illimit\u00e9s"},{"text":"\u00c9quipe d'assistance professionnelle"},{"text":"Service d'installation gratuit"},{"text":"100% personnalisable"}],"pricing_button_text":"Ajouter au site Web","pricing_button_url":"https:\/\/apps.elfsight.com\/sign-up\/","pricing_button_nofollow":"1","_state":"expanded"}],"related_apps_title":"","related_apps_hidden":"1","author":"","image":[],"title":"","job":"","social_networks":[]},"_links":{"self":[{"href":"https:\/\/elfsight.com\/fr\/wp-json\/wp\/v2\/pages\/6651","targetHints":{"allow":["GET"]}}],"collection":[{"href":"https:\/\/elfsight.com\/fr\/wp-json\/wp\/v2\/pages"}],"about":[{"href":"https:\/\/elfsight.com\/fr\/wp-json\/wp\/v2\/types\/page"}],"author":[{"embeddable":true,"href":"https:\/\/elfsight.com\/fr\/wp-json\/wp\/v2\/users\/18"}],"replies":[{"embeddable":true,"href":"https:\/\/elfsight.com\/fr\/wp-json\/wp\/v2\/comments?post=6651"}],"version-history":[{"count":2,"href":"https:\/\/elfsight.com\/fr\/wp-json\/wp\/v2\/pages\/6651\/revisions"}],"predecessor-version":[{"id":15137,"href":"https:\/\/elfsight.com\/fr\/wp-json\/wp\/v2\/pages\/6651\/revisions\/15137"}],"up":[{"embeddable":true,"href":"https:\/\/elfsight.com\/fr\/wp-json\/wp\/v2\/pages\/2277"}],"wp:attachment":[{"href":"https:\/\/elfsight.com\/fr\/wp-json\/wp\/v2\/media?parent=6651"}],"curies":[{"name":"wp","href":"https:\/\/api.w.org\/{rel}","templated":true}]}}