{"id":6434,"date":"2021-12-03T10:57:38","date_gmt":"2021-12-03T10:57:38","guid":{"rendered":"https:\/\/elfsight.com\/fr\/?page_id=6434"},"modified":"2025-07-10T15:09:26","modified_gmt":"2025-07-10T15:09:26","slug":"woocommerce","status":"publish","type":"page","link":"https:\/\/elfsight.com\/fr\/youtube-channel-plugin-yottie\/woocommerce\/","title":{"rendered":"YouTube Gallery &#8211; WooCommerce"},"content":{"rendered":"<div class=\"application-platform-content-item-description application-platform-content-item\" id=\"description\" data-nav-section=\"description\"><h2>Description<\/h2><p>Un widget polyvalent pour YouTube, qui vous permet d&rsquo;ajouter une vari\u00e9t\u00e9 de vid\u00e9os sur votre site Web. S\u00e9lectionnez les cha\u00eenes requises et les clips vid\u00e9o s\u00e9par\u00e9s pour compiler votre liste de lecture in\u00e9gal\u00e9e et int\u00e9grez-la directement sur la page Web en utilisant la mise en page la plus appropri\u00e9e (galerie vid\u00e9o, portfolio, cha\u00eene, vid\u00e9o unique). Notre widget est enti\u00e8rement compatible avec tous les formats et navigateurs, il comporte plus de 100 param\u00e8tres de configuration, un mod\u00e8le personnalisable et de nombreuses caract\u00e9ristiques diff\u00e9rentes, qui permettent de l&rsquo;installer sur divers sites Web.<\/p><p><b>Avec Elfsight YouTube Gallery, parvenir \u00e0 une croissance commerciale durable et augmenter les ventes<\/b><\/p><\/div> <div class=\"faq\" data-component=\"FAQ\"><div class=\"faq-item\">\r\n\t\t\t\t\t<div class=\"faq-item-question\">\r\n\t\t\t\t\t\t<h3 class=\"faq-item-question-text\">De quelle mani\u00e8re puis-je ajouter une galerie YouTube \u00e0 WooCommerce ? <\/h3>\r\n\r\n\t\t\t\t\t\t<div class=\"faq-item-question-icon\"><\/div>\r\n\t\t\t\t\t<\/div>\r\n\r\n\t\t\t\t\t<div class=\"faq-item-answer\">\r\n\t\t\t\t\t\t<div class=\"faq-item-answer-text\"><p>La cr\u00e9ation du widget s&rsquo;effectue au sein du site Elfsight et vous n&rsquo;avez pas besoin d&rsquo;apprendre le codage. Utilisez la d\u00e9mo en ligne pour ajuster votre propre application, obtenir le code et l&rsquo;int\u00e9grer \u00e0 votre site. <\/p><\/div>\r\n\t\t\t\t\t<\/div>\r\n\t\t\t\t<\/div><div class=\"faq-item\">\r\n\t\t\t\t\t<div class=\"faq-item-question\">\r\n\t\t\t\t\t\t<h3 class=\"faq-item-question-text\">Les meilleurs exemples d'utilisation de l'int\u00e9gration de la galerie de playlists YouTube<\/h3>\r\n\r\n\t\t\t\t\t\t<div class=\"faq-item-question-icon\"><\/div>\r\n\t\t\t\t\t<\/div>\r\n\r\n\t\t\t\t\t<div class=\"faq-item-answer\">\r\n\t\t\t\t\t\t<div class=\"faq-item-answer-text\"><p>Nous proposons une multitude d&rsquo;options de r\u00e9glage\u00a0: des widgets complets \u00e0 ajouter dans la zone de contenu, des widgets flottants pour les options de d\u00e9filement, des vignettes pour le pied de page, l&rsquo;en-t\u00eate et toutes sortes de possibilit\u00e9s verticales pour les barres lat\u00e9rales et les menus. <\/p><\/div>\r\n\t\t\t\t\t<\/div>\r\n\t\t\t\t<\/div><div class=\"faq-item\">\r\n\t\t\t\t\t<div class=\"faq-item-question\">\r\n\t\t\t\t\t\t<h3 class=\"faq-item-question-text\">Puis-je cr\u00e9er une seule vid\u00e9o ou une playlist au moyen de votre \u00e9diteur ? <\/h3>\r\n\r\n\t\t\t\t\t\t<div class=\"faq-item-question-icon\"><\/div>\r\n\t\t\t\t\t<\/div>\r\n\r\n\t\t\t\t\t<div class=\"faq-item-answer\">\r\n\t\t\t\t\t\t<div class=\"faq-item-answer-text\"><p>Vous \u00eates libre de cr\u00e9er les modifications de n&rsquo;importe quel widget. De nombreuses mises en page sont \u00e0 votre disposition dans l&rsquo;\u00e9diteur, et elles peuvent toutes \u00eatre facilement personnalis\u00e9es selon vos besoins. <\/p><\/div>\r\n\t\t\t\t\t<\/div>\r\n\t\t\t\t<\/div><\/div><div class=\"application-platform-content-item-features application-platform-content-item\" id=\"features\" data-nav-section=\"features\"><h2>Nous proposons des fonctionnalit\u00e9s utiles et simples, d\u00e9couvrez-en quelques-unes\u00a0:<\/h2><ul><li>Cr\u00e9er des groupes de sources<\/li><li>Description de la cha\u00eene modifiable<\/li><li>D\u00e9finir l&rsquo;espace entre les vid\u00e9os<\/li><li>13 \u00e9l\u00e9ments de popup pouvant \u00eatre activ\u00e9s\/d\u00e9sactiv\u00e9s<\/li><li>Option pour afficher la barre de recherche<\/li><li>6 \u00e9l\u00e9ments de menu pouvant \u00eatre peints<\/li><li>Mode de confidentialit\u00e9 am\u00e9lior\u00e9<\/li><\/ul><p><a href=\"#demo\">Essayez simplement cette d\u00e9mo pour comprendre les fonctionnalit\u00e9s du widget<\/a><\/p><\/div><div class=\"application-platform-content-item-installation application-platform-content-item\" id=\"installation\" data-nav-section=\"installation\"><h2>Comment int\u00e9grer la galerie YouTube \u00e0 mon site WooCommerce\u00a0?<\/h2><p>Suivez simplement les instructions ci-dessous pour commencer \u00e0 travailler. avec l&rsquo;outil.<\/p><ol><li><b>Ouvrez notre configurateur gratuit et commencez \u00e0 cr\u00e9er votre instrument unique.<\/b><br>Trouvez la conception et les param\u00e8tres appropri\u00e9s du plugin et enregistrez les modifications.<\/li><li><b>Copiez votre code personnel qui appara\u00eet dans la case sur les applications Elfsight.<\/b><br>Lorsque la g\u00e9n\u00e9ration de votre widget personnel est termin\u00e9e, copiez le code individuel dans la popup apparue et conservez-le pour une utilisation ult\u00e9rieure.<\/li><li><b>Commencez l&rsquo;application du plugin sur votre site Web WooCommerce.<\/b><br>Impl\u00e9mentez le code que vous avez enregistr\u00e9 auparavant dans votre page et enregistrez les ajustements.<\/li><li><b>L&rsquo;installation est enti\u00e8rement effectu\u00e9e.<\/b><br>Allez sur votre page Web pour observer le fonctionnement du widget.<\/li><\/ol><p>\u00c0 condition de traiter les demandes de renseignements ou confront\u00e9 \u00e0 certaines complications, n&rsquo;h\u00e9sitez pas \u00e0 faire appel \u00e0 notre service client. Nos consultants seront ravis de vous aider avec toutes les questions que vous pourriez avoir avec le plugin.<\/p><\/div>","protected":false},"excerpt":{"rendered":"","protected":false},"author":18,"featured_media":0,"parent":776,"menu_order":0,"comment_status":"closed","ping_status":"closed","template":"templates\/template-application-platform.php","meta":{"publish_to_discourse":"","publish_post_category":"","wpdc_auto_publish_overridden":"","wpdc_topic_tags":"","wpdc_pin_topic":"","wpdc_pin_until":"","discourse_post_id":"","discourse_permalink":"","wpdc_publishing_response":"","wpdc_publishing_error":"","footnotes":""},"class_list":["post-6434","page","type-page","status-publish","hentry"],"yoast_head":"<!-- This site is optimized with the Yoast SEO plugin v25.3.1 - https:\/\/yoast.com\/wordpress\/plugins\/seo\/ -->\n<title>Galerie YouTube - ajoutez Plugin YouTube sur WooCommerce<\/title>\n<meta name=\"description\" content=\"Int\u00e9grez une Galerie YouTube avantageuse sur votre site. Appliquez la d\u00e9mo d&#039;Elfsight et g\u00e9n\u00e9rez votre widget en deux minutes.\" \/>\n<meta name=\"robots\" content=\"index, follow, max-snippet:-1, max-image-preview:large, max-video-preview:-1\" \/>\n<link rel=\"canonical\" href=\"https:\/\/elfsight.com\/fr\/youtube-channel-plugin-yottie\/woocommerce\/\" \/>\n<meta property=\"og:locale\" content=\"fr_FR\" \/>\n<meta property=\"og:type\" content=\"article\" \/>\n<meta property=\"og:title\" content=\"Galerie YouTube - ajoutez Plugin YouTube sur WooCommerce\" \/>\n<meta property=\"og:description\" content=\"Int\u00e9grez une Galerie YouTube avantageuse sur votre site. Appliquez la d\u00e9mo d&#039;Elfsight et g\u00e9n\u00e9rez votre widget en deux minutes.\" \/>\n<meta property=\"og:url\" content=\"https:\/\/elfsight.com\/fr\/youtube-channel-plugin-yottie\/woocommerce\/\" \/>\n<meta property=\"og:site_name\" content=\"Elfsight FR\" \/>\n<meta property=\"article:modified_time\" content=\"2025-07-10T15:09:26+00:00\" \/>\n<meta name=\"twitter:card\" content=\"summary_large_image\" \/>\n<meta name=\"twitter:label1\" content=\"Dur\u00e9e de lecture estim\u00e9e\" \/>\n\t<meta name=\"twitter:data1\" content=\"1 minute\" \/>\n<!-- \/ Yoast SEO plugin. -->","yoast_head_json":{"title":"Galerie YouTube - ajoutez Plugin YouTube sur WooCommerce","description":"Int\u00e9grez une Galerie YouTube avantageuse sur votre site. Appliquez la d\u00e9mo d'Elfsight et g\u00e9n\u00e9rez votre widget en deux minutes.","robots":{"index":"index","follow":"follow","max-snippet":"max-snippet:-1","max-image-preview":"max-image-preview:large","max-video-preview":"max-video-preview:-1"},"canonical":"https:\/\/elfsight.com\/fr\/youtube-channel-plugin-yottie\/woocommerce\/","og_locale":"fr_FR","og_type":"article","og_title":"Galerie YouTube - ajoutez Plugin YouTube sur WooCommerce","og_description":"Int\u00e9grez une Galerie YouTube avantageuse sur votre site. Appliquez la d\u00e9mo d'Elfsight et g\u00e9n\u00e9rez votre widget en deux minutes.","og_url":"https:\/\/elfsight.com\/fr\/youtube-channel-plugin-yottie\/woocommerce\/","og_site_name":"Elfsight FR","article_modified_time":"2025-07-10T15:09:26+00:00","twitter_card":"summary_large_image","twitter_misc":{"Dur\u00e9e de lecture estim\u00e9e":"1 minute"},"schema":{"@context":"https:\/\/schema.org","@graph":[{"@type":"WebPage","@id":"https:\/\/elfsight.com\/fr\/youtube-channel-plugin-yottie\/woocommerce\/","url":"https:\/\/elfsight.com\/fr\/youtube-channel-plugin-yottie\/woocommerce\/","name":"Galerie YouTube - ajoutez Plugin YouTube sur WooCommerce","isPartOf":{"@id":"https:\/\/elfsight.com\/fr\/#website"},"datePublished":"2021-12-03T10:57:38+00:00","dateModified":"2025-07-10T15:09:26+00:00","description":"Int\u00e9grez une Galerie YouTube avantageuse sur votre site. Appliquez la d\u00e9mo d'Elfsight et g\u00e9n\u00e9rez votre widget en deux minutes.","breadcrumb":{"@id":"https:\/\/elfsight.com\/fr\/youtube-channel-plugin-yottie\/woocommerce\/#breadcrumb"},"inLanguage":"fr-FR","potentialAction":[{"@type":"ReadAction","target":["https:\/\/elfsight.com\/fr\/youtube-channel-plugin-yottie\/woocommerce\/"]}]},{"@type":"BreadcrumbList","@id":"https:\/\/elfsight.com\/fr\/youtube-channel-plugin-yottie\/woocommerce\/#breadcrumb","itemListElement":[{"@type":"ListItem","position":1,"name":"Home","item":"https:\/\/elfsight.com\/fr\/"},{"@type":"ListItem","position":2,"name":"YouTube Gallery","item":"https:\/\/elfsight.com\/fr\/youtube-channel-plugin-yottie\/"},{"@type":"ListItem","position":3,"name":"YouTube Gallery &#8211; WooCommerce"}]},{"@type":"WebSite","@id":"https:\/\/elfsight.com\/fr\/#website","url":"https:\/\/elfsight.com\/fr\/","name":"Elfsight FR","description":"","potentialAction":[{"@type":"SearchAction","target":{"@type":"EntryPoint","urlTemplate":"https:\/\/elfsight.com\/fr\/?s={search_term_string}"},"query-input":{"@type":"PropertyValueSpecification","valueRequired":true,"valueName":"search_term_string"}}],"inLanguage":"fr-FR"}]}},"meta_box":{"industry":"","seo_heading":"","heading":"","description":"","cta_heading":"","cta_description":"","application":"760","h1":"Plugin Galerie YouTube pour WooCommerce","h1_caption":"Int\u00e9grez sans effort une galerie de vid\u00e9os YouTube pour pr\u00e9senter du contenu tel que des didacticiels, des t\u00e9moignages ou des pr\u00e9sentations de produits sur votre site Web dans votre site Web WooCommerce.","application_category":[],"applications_title":"","applications_request_title":"","applications_request_button_text":"","hero_text":"","hero_video":"","hero_video_schema_markup":"","selling_points_title":"","selling_points_caption":"","selling_points":[],"selling_points_cta_text":"","features_title":"","features":"","ed_cta_examples_text":"","ed_cta_examples_hidden":"","ed_cta_demo_text":"","ed_cta_demo_hidden":"","why_caption":"","why_editor_title":"","why_editor_text":"","why_team_title":"","why_team_text":"","why_service_title":"","why_service_text":"","template_catalog_visible":"","template_catalog_title":"","template_catalog_text":"","template_catalog_categories_visible":"","demo_title":"Cr\u00e9ez votre application Galerie YouTube","demo_caption":"Configurez votre galerie YouTube et ajoutez-la gratuitement \u00e0 votre site Web WooCommerce !","default_faq_hidden":"","app_template_category":[],"platform":"397","template_public_id":"","codecanyon_url":"","codecanyon_item_id":"","codecanyon_price":"","pricing_caption":"","pricing_elfsight_apps_hide_column":"","pricing_elfsight_apps_url":"","pricing_codecanyon_price_caption":"","integration_category":[],"integration_request_title":"","integration_request_cta":"","integration_platform":"","integrations":[],"platform_category":[],"video_schema_markup":"","price":"\u00c0 partir de $0\/mois","trial":"","benefits":[{"text":"Installation gratuite"},{"text":"Support Premium"},{"text":"Garantie de remboursement de 14 jours"},{"text":"L'am\u00e9lioration continue"}],"button_url":"#demo","button_target_blank":"0","button_nofollow":"0","attributes":[{"name":"Nombre d'installations","content":"1,000 - 5,000","_state":"expanded"},{"name":"Adaptif","content":"Oui","_state":"expanded"},{"name":"Navigateurs compatibles","content":"Firefox, Safari, Opera, Chrome, Edge","_state":"expanded"}],"tags":[],"tags_disable_links":"0","hide_more_platforms":"","video_object":"","demo_hide_cta":"0","demo_hide_cloud_options":"0","pricing_title":"","pricing":[{"pricing_icon":"platform","pricing_title":"Applications d'Elfsight","pricing_title_caption":"Solution num\u00e9rique multiplateforme qui fonctionne sur n'importe quel site","pricing_price":"\u00c0 partir de $0\/mois","pricing_price_caption":"Commencez avec un plan gratuit","pricing_benefits":[{"text":"Sites Web illimit\u00e9s"},{"text":"\u00c9quipe d'assistance professionnelle"},{"text":"Service d'installation gratuit"},{"text":"100% personnalisable"}],"pricing_button_text":"Ajouter au site Web","pricing_button_url":"https:\/\/apps.elfsight.com\/sign-up\/","pricing_button_nofollow":"1","_state":"expanded"}],"related_apps_title":"","related_apps_hidden":"1","author":"","image":[],"title":"","job":"","social_networks":[]},"_links":{"self":[{"href":"https:\/\/elfsight.com\/fr\/wp-json\/wp\/v2\/pages\/6434","targetHints":{"allow":["GET"]}}],"collection":[{"href":"https:\/\/elfsight.com\/fr\/wp-json\/wp\/v2\/pages"}],"about":[{"href":"https:\/\/elfsight.com\/fr\/wp-json\/wp\/v2\/types\/page"}],"author":[{"embeddable":true,"href":"https:\/\/elfsight.com\/fr\/wp-json\/wp\/v2\/users\/18"}],"replies":[{"embeddable":true,"href":"https:\/\/elfsight.com\/fr\/wp-json\/wp\/v2\/comments?post=6434"}],"version-history":[{"count":3,"href":"https:\/\/elfsight.com\/fr\/wp-json\/wp\/v2\/pages\/6434\/revisions"}],"predecessor-version":[{"id":14102,"href":"https:\/\/elfsight.com\/fr\/wp-json\/wp\/v2\/pages\/6434\/revisions\/14102"}],"up":[{"embeddable":true,"href":"https:\/\/elfsight.com\/fr\/wp-json\/wp\/v2\/pages\/776"}],"wp:attachment":[{"href":"https:\/\/elfsight.com\/fr\/wp-json\/wp\/v2\/media?parent=6434"}],"curies":[{"name":"wp","href":"https:\/\/api.w.org\/{rel}","templated":true}]}}