{"id":6432,"date":"2021-12-03T10:58:13","date_gmt":"2021-12-03T10:58:13","guid":{"rendered":"https:\/\/elfsight.com\/fr\/?page_id=6432"},"modified":"2026-01-13T10:01:23","modified_gmt":"2026-01-13T10:01:23","slug":"wix","status":"publish","type":"page","link":"https:\/\/elfsight.com\/fr\/youtube-channel-plugin-yottie\/wix\/","title":{"rendered":"YouTube Gallery &#8211; Wix"},"content":{"rendered":"<div class=\"application-platform-content-item-description application-platform-content-item\" id=\"description\" data-nav-section=\"description\"><h2>Description<\/h2><p>YouTube Gallery est un puissant widget qui vous permet de publier une vari\u00e9t\u00e9 de vid\u00e9os sur le site Web. Choisissez les cha\u00eenes et les clips vid\u00e9o requis pour assembler votre playlist personnelle et affichez-la directement sur la page Web en utilisant la mise en page la plus appropri\u00e9e (galerie vid\u00e9o, portfolio, cha\u00eene, vid\u00e9o unique). Notre widget est compatible avec tous les formats et syst\u00e8mes ; il a plus de 100 param\u00e8tres, une mise en page flexible et d&rsquo;autres caract\u00e9ristiques, qui vous permettent de l&rsquo;afficher sur n&rsquo;importe quel site Web.<\/p><p><b>Concevez une galerie vid\u00e9o efficace pour garder les t\u00e9l\u00e9spectateurs toujours int\u00e9ress\u00e9s.<\/b><\/p><ul><li><b>Maintenez des liens solides avec les utilisateurs de votre site Web gr\u00e2ce \u00e0 des vid\u00e9os YouTube<\/b>.<br>\u00c9tonnez les visiteurs de votre site Web avec un contenu vid\u00e9o fascinant de YouTube et maintenez-les impliqu\u00e9s plus longtemps.<\/li> <li><b>Augmentez les ventes en convaincant l&rsquo;achat \u00e0 l&rsquo;aide du contenu YouTube<\/b>.<br>Diffusez des vid\u00e9os promotionnelles, des avis, des guides, des didacticiels et bien plus encore pour cr\u00e9er une image de marque positive et stimuler les ventes.<\/li> <li><b>Plus de fans pour votre profil YouTube<\/b>.<br>Transformez les visiteurs de votre site Web en abonn\u00e9s sur YouTube. Montrez aux utilisateurs un moyen rapide et simple de s&rsquo;abonner directement sur le site et d&rsquo;augmenter le nombre d&rsquo;abonn\u00e9s.<\/li><\/ul><\/div><div class=\"application-platform-content-item-features application-platform-content-item\" id=\"features\" data-nav-section=\"features\"><h2>Fonctionnalit\u00e9s<\/h2><p>Voir une des fonctionnalit\u00e9s les plus avantageuses de l&rsquo;application Elfsight, qui en font le meilleur instrument pour int\u00e9grer des vid\u00e9os YouTube sur une page Wix.<\/p><ul><li>Ajouter des sources illimit\u00e9es\u00a0;<\/li><li>Afficher ou masquer l&rsquo;en-t\u00eate ;<\/li><li>D\u00e9finir l&rsquo;espace entre les vid\u00e9os\u00a0;<\/li><li>8 \u00e9l\u00e9ments de vid\u00e9o commutables\u00a0: titre, dur\u00e9e, description, nombre et plus\u00a0;<\/li><li>Mode libre facultatif pour faire d\u00e9filer les vid\u00e9os d&rsquo;une seule \u00e0 l&rsquo;autre. par un\u00a0;<\/li><li>15 \u00e9l\u00e9ments vid\u00e9o pouvant \u00eatre peints\u00a0;<\/li><li>18 langues disponibles.<\/li><\/ul><p><a href=\"#demo\">Essayez tous les traits dans la d\u00e9mo<\/a><\/p><\/div><div class=\"application-platform-content-item-installation application-platform-content-item\" id=\"installation\" data-nav-section=\"installation\"><h2>Comment int\u00e9grer la galerie de vid\u00e9os YouTube au site Web Wix<\/h2><div class=\"video-container\">\n    <iframe width=\"720\" height=\"405\" src=\"https:\/\/www.youtube.com\/embed\/Josn4ZT0eEQ?si=I_1huvEVkqZqKrj4\" frameborder=\"0\" allowfullscreen><\/iframe>\n<\/div><p>A guide concis d&rsquo;Elfsight sur l&rsquo;int\u00e9gration de l&rsquo;application et la modification de son interface. Cela ne n\u00e9cessite aucune connaissance en d\u00e9veloppement et ne prend qu&rsquo;environ 80\u00a0secondes.<\/p><ol><li><b>Construisez votre widget YouTube sur mesure<\/b>.<br> Gr\u00e2ce \u00e0 notre <a href=\" #demo\">d\u00e9mo gratuite<\/a>, g\u00e9n\u00e9rez une application avec un design et des options pr\u00e9f\u00e9rables.<\/li><li><b>Obtenez un code pour int\u00e9grer le widget<\/b>.<br> Apr\u00e8s la configuration de l&rsquo;application, obtenez un code pour la galerie de vid\u00e9os YouTube \u00e0 partir de la fen\u00eatre contextuelle des applications Elfsight.<\/li><li><b>Int\u00e9grez le widget sur le site Wix<\/b>.<br> Ajoutez l&rsquo;application \u00e0 l&rsquo;endroit souhait\u00e9 du site Web et enregistrez le modifications.<\/li><li><b>Vous avez effectu\u00e9 l&rsquo;installation avec succ\u00e8s<\/b>.<br> Acc\u00e9dez \u00e0 votre site Web pour voir votre application vid\u00e9o.<\/li><\/ol><p>Des probl\u00e8mes sont survenus lors de l&rsquo;installation ou des tentatives de personnalisation de l&rsquo;application\u00a0? Vous pouvez le v\u00e9rifier dans notre tutoriel \u00ab\u00a0<a href=\"https:\/\/elfsight.com\/tutorials\/how-to-add-youtube-plugin-for-wix\/\" target=\"_blank\" rel=\"noopener noreferrer\"> Comment int\u00e9grer une vid\u00e9o YouTube sur le site Wix<\/a>\u00bb et essayez de le r\u00e9parer vous-m\u00eame. Ou envoyez une description de votre probl\u00e8me \u00e0 notre service client.<\/p><\/div><div class=\"faq\" data-component=\"FAQ\"><div class=\"faq-item\">\r\n\t\t\t\t\t<div class=\"faq-item-question\">\r\n\t\t\t\t\t\t<h3 class=\"faq-item-question-text\">Comment puis-je ajouter une galerie YouTube au site Wix ? <\/h3>\r\n\r\n\t\t\t\t\t\t<div class=\"faq-item-question-icon\"><\/div>\r\n\t\t\t\t\t<\/div>\r\n\r\n\t\t\t\t\t<div class=\"faq-item-answer\">\r\n\t\t\t\t\t\t<div class=\"faq-item-answer-text\"><p>La r\u00e9alisation de l&rsquo;outil s&rsquo;effectue sur les pages Elfsight et il n&rsquo;y a pas besoin d&rsquo;apprendre le codage. Acc\u00e9dez \u00e0 notre d\u00e9mo en direct pour ajuster votre outil personnel, r\u00e9cup\u00e9rez le code et ajoutez-le dans votre site. <\/p><\/div>\r\n\t\t\t\t\t<\/div>\r\n\t\t\t\t<\/div><div class=\"faq-item\">\r\n\t\t\t\t\t<div class=\"faq-item-question\">\r\n\t\t\t\t\t\t<h3 class=\"faq-item-question-text\">Les meilleures fa\u00e7ons d'utiliser l'int\u00e9gration de la galerie vid\u00e9o YouTube<\/h3>\r\n\r\n\t\t\t\t\t\t<div class=\"faq-item-question-icon\"><\/div>\r\n\t\t\t\t\t<\/div>\r\n\r\n\t\t\t\t\t<div class=\"faq-item-answer\">\r\n\t\t\t\t\t\t<div class=\"faq-item-answer-text\"><p>Nous vous proposerons un large \u00e9ventail d&rsquo;options de personnalisation\u00a0: des widgets \u00e0 grande \u00e9chelle pour insertion dans la zone de contenu, widgets flottants pour les options de d\u00e9filement, vignettes pour le pied de page de votre site Web, section d&rsquo;en-t\u00eate et toutes sortes d&rsquo;opportunit\u00e9s verticales pour les barres lat\u00e9rales et les menus du site Web. <\/p><\/div>\r\n\t\t\t\t\t<\/div>\r\n\t\t\t\t<\/div><div class=\"faq-item\">\r\n\t\t\t\t\t<div class=\"faq-item-question\">\r\n\t\t\t\t\t\t<h3 class=\"faq-item-question-text\">Puis-je cr\u00e9er une cha\u00eene YouTube ou une playlist par l'interm\u00e9diaire de l'\u00e9diteur ? <\/h3>\r\n\r\n\t\t\t\t\t\t<div class=\"faq-item-question-icon\"><\/div>\r\n\t\t\t\t\t<\/div>\r\n\r\n\t\t\t\t\t<div class=\"faq-item-answer\">\r\n\t\t\t\t\t\t<div class=\"faq-item-answer-text\"><p>Vous \u00eates invit\u00e9s \u00e0 cr\u00e9er les modifications de n&rsquo;importe quel widget. Il existe des tonnes de mises en page disponibles dans l&rsquo;\u00e9diteur, et toutes peuvent \u00eatre facilement personnalis\u00e9es selon vos besoins. <\/p><\/div>\r\n\t\t\t\t\t<\/div>\r\n\t\t\t\t<\/div><\/div>","protected":false},"excerpt":{"rendered":"","protected":false},"author":18,"featured_media":0,"parent":776,"menu_order":0,"comment_status":"closed","ping_status":"closed","template":"templates\/template-application-platform.php","meta":{"publish_to_discourse":"","publish_post_category":"","wpdc_auto_publish_overridden":"","wpdc_topic_tags":"","wpdc_pin_topic":"","wpdc_pin_until":"","discourse_post_id":"","discourse_permalink":"","wpdc_publishing_response":"","wpdc_publishing_error":"","footnotes":""},"class_list":["post-6432","page","type-page","status-publish","hentry"],"yoast_head":"<!-- This site is optimized with the Yoast SEO plugin v25.3.1 - https:\/\/yoast.com\/wordpress\/plugins\/seo\/ -->\n<title>Galerie YouTube - ajoutez Plugin YouTube sur Wix<\/title>\n<meta name=\"description\" content=\"Int\u00e9grez une Galerie YouTube attractive sur votre site. Appliquez la d\u00e9mo d&#039;Elfsight et g\u00e9n\u00e9rez votre plugin en 2 minutes.\" \/>\n<meta name=\"robots\" content=\"index, follow, max-snippet:-1, max-image-preview:large, max-video-preview:-1\" \/>\n<link rel=\"canonical\" href=\"https:\/\/elfsight.com\/fr\/youtube-channel-plugin-yottie\/wix\/\" \/>\n<meta property=\"og:locale\" content=\"fr_FR\" \/>\n<meta property=\"og:type\" content=\"article\" \/>\n<meta property=\"og:title\" content=\"Galerie YouTube - ajoutez Plugin YouTube sur Wix\" \/>\n<meta property=\"og:description\" content=\"Int\u00e9grez une Galerie YouTube attractive sur votre site. Appliquez la d\u00e9mo d&#039;Elfsight et g\u00e9n\u00e9rez votre plugin en 2 minutes.\" \/>\n<meta property=\"og:url\" content=\"https:\/\/elfsight.com\/fr\/youtube-channel-plugin-yottie\/wix\/\" \/>\n<meta property=\"og:site_name\" content=\"Elfsight FR\" \/>\n<meta property=\"article:modified_time\" content=\"2026-01-13T10:01:23+00:00\" \/>\n<meta name=\"twitter:card\" content=\"summary_large_image\" \/>\n<meta name=\"twitter:label1\" content=\"Dur\u00e9e de lecture estim\u00e9e\" \/>\n\t<meta name=\"twitter:data1\" content=\"4 minutes\" \/>\n<!-- \/ Yoast SEO plugin. -->","yoast_head_json":{"title":"Galerie YouTube - ajoutez Plugin YouTube sur Wix","description":"Int\u00e9grez une Galerie YouTube attractive sur votre site. Appliquez la d\u00e9mo d'Elfsight et g\u00e9n\u00e9rez votre plugin en 2 minutes.","robots":{"index":"index","follow":"follow","max-snippet":"max-snippet:-1","max-image-preview":"max-image-preview:large","max-video-preview":"max-video-preview:-1"},"canonical":"https:\/\/elfsight.com\/fr\/youtube-channel-plugin-yottie\/wix\/","og_locale":"fr_FR","og_type":"article","og_title":"Galerie YouTube - ajoutez Plugin YouTube sur Wix","og_description":"Int\u00e9grez une Galerie YouTube attractive sur votre site. Appliquez la d\u00e9mo d'Elfsight et g\u00e9n\u00e9rez votre plugin en 2 minutes.","og_url":"https:\/\/elfsight.com\/fr\/youtube-channel-plugin-yottie\/wix\/","og_site_name":"Elfsight FR","article_modified_time":"2026-01-13T10:01:23+00:00","twitter_card":"summary_large_image","twitter_misc":{"Dur\u00e9e de lecture estim\u00e9e":"4 minutes"},"schema":{"@context":"https:\/\/schema.org","@graph":[{"@type":"WebPage","@id":"https:\/\/elfsight.com\/fr\/youtube-channel-plugin-yottie\/wix\/","url":"https:\/\/elfsight.com\/fr\/youtube-channel-plugin-yottie\/wix\/","name":"Galerie YouTube - ajoutez Plugin YouTube sur Wix","isPartOf":{"@id":"https:\/\/elfsight.com\/fr\/#website"},"datePublished":"2021-12-03T10:58:13+00:00","dateModified":"2026-01-13T10:01:23+00:00","description":"Int\u00e9grez une Galerie YouTube attractive sur votre site. Appliquez la d\u00e9mo d'Elfsight et g\u00e9n\u00e9rez votre plugin en 2 minutes.","breadcrumb":{"@id":"https:\/\/elfsight.com\/fr\/youtube-channel-plugin-yottie\/wix\/#breadcrumb"},"inLanguage":"fr-FR","potentialAction":[{"@type":"ReadAction","target":["https:\/\/elfsight.com\/fr\/youtube-channel-plugin-yottie\/wix\/"]}]},{"@type":"BreadcrumbList","@id":"https:\/\/elfsight.com\/fr\/youtube-channel-plugin-yottie\/wix\/#breadcrumb","itemListElement":[{"@type":"ListItem","position":1,"name":"Home","item":"https:\/\/elfsight.com\/fr\/"},{"@type":"ListItem","position":2,"name":"YouTube Gallery","item":"https:\/\/elfsight.com\/fr\/youtube-channel-plugin-yottie\/"},{"@type":"ListItem","position":3,"name":"YouTube Gallery &#8211; Wix"}]},{"@type":"WebSite","@id":"https:\/\/elfsight.com\/fr\/#website","url":"https:\/\/elfsight.com\/fr\/","name":"Elfsight FR","description":"","potentialAction":[{"@type":"SearchAction","target":{"@type":"EntryPoint","urlTemplate":"https:\/\/elfsight.com\/fr\/?s={search_term_string}"},"query-input":{"@type":"PropertyValueSpecification","valueRequired":true,"valueName":"search_term_string"}}],"inLanguage":"fr-FR"}]}},"meta_box":{"industry":"","seo_heading":"","heading":"","description":"","cta_heading":"","cta_description":"","application":"760","h1":"App Galerie YouTube pour Wix","h1_caption":"Int\u00e9grez facilement une galerie de vid\u00e9os YouTube pour pr\u00e9senter du contenu tel que des tutoriels, des t\u00e9moignages ou des pr\u00e9sentations de produits sur votre site Web dans votre site Web Wix.","application_category":[],"applications_title":"","applications_request_title":"","applications_request_button_text":"","hero_text":"","hero_video":"","hero_video_schema_markup":"","selling_points_title":"","selling_points_caption":"","selling_points":[],"selling_points_cta_text":"","features_title":"","features":"","ed_cta_examples_text":"","ed_cta_examples_hidden":"","ed_cta_demo_text":"","ed_cta_demo_hidden":"","why_caption":"","why_editor_title":"","why_editor_text":"","why_team_title":"","why_team_text":"","why_service_title":"","why_service_text":"","template_catalog_visible":"0","template_catalog_title":"","template_catalog_text":"","template_catalog_categories_visible":"","demo_title":"Cr\u00e9ez votre application Galerie YouTube","demo_caption":"Configurez votre galerie YouTube et ajoutez-la gratuitement \u00e0 votre site Web Wix\u00a0!","default_faq_hidden":"","app_template_category":[],"platform":"345","template_public_id":"","codecanyon_url":"","codecanyon_item_id":"","codecanyon_price":"","pricing_caption":"","pricing_elfsight_apps_hide_column":"","pricing_elfsight_apps_url":"","pricing_codecanyon_price_caption":"","integration_category":[],"integration_request_title":"","integration_request_cta":"","integration_platform":"","integrations":[],"platform_category":[],"video_schema_markup":"","price":"\u00c0 partir de $0\/mois","trial":"","benefits":[{"text":"Installation gratuite"},{"text":"Support Premium"},{"text":"Garantie de remboursement de 14 jours"},{"text":"L'am\u00e9lioration continue"}],"button_url":"#demo","button_target_blank":"0","button_nofollow":"0","attributes":[{"name":"Nombre d'installations","content":"1,000 - 5,000","_state":"expanded"},{"name":"Adaptif","content":"Oui","_state":"expanded"},{"name":"Navigateurs compatibles","content":"Firefox, Safari, Opera, Chrome, Edge","_state":"expanded"}],"tags":[],"tags_disable_links":"0","hide_more_platforms":"0","video_object":"","demo_hide_cta":"0","demo_hide_cloud_options":"0","pricing_title":"","pricing":[{"pricing_icon":"platform","pricing_title":"Applications d'Elfsight","pricing_title_caption":"Solution num\u00e9rique multiplateforme qui fonctionne sur n'importe quel site","pricing_price":"\u00c0 partir de $0\/mois","pricing_price_caption":"Commencez avec un plan gratuit","pricing_benefits":[{"text":"Sites Web illimit\u00e9s"},{"text":"\u00c9quipe d'assistance professionnelle"},{"text":"Service d'installation gratuit"},{"text":"100% personnalisable"}],"pricing_button_text":"Ajouter au site Web","pricing_button_url":"https:\/\/apps.elfsight.com\/sign-up\/","pricing_button_nofollow":"1","_state":"expanded"}],"related_apps_title":"","related_apps_hidden":"1","author":"","image":[],"title":"","job":"","social_networks":[]},"_links":{"self":[{"href":"https:\/\/elfsight.com\/fr\/wp-json\/wp\/v2\/pages\/6432","targetHints":{"allow":["GET"]}}],"collection":[{"href":"https:\/\/elfsight.com\/fr\/wp-json\/wp\/v2\/pages"}],"about":[{"href":"https:\/\/elfsight.com\/fr\/wp-json\/wp\/v2\/types\/page"}],"author":[{"embeddable":true,"href":"https:\/\/elfsight.com\/fr\/wp-json\/wp\/v2\/users\/18"}],"replies":[{"embeddable":true,"href":"https:\/\/elfsight.com\/fr\/wp-json\/wp\/v2\/comments?post=6432"}],"version-history":[{"count":4,"href":"https:\/\/elfsight.com\/fr\/wp-json\/wp\/v2\/pages\/6432\/revisions"}],"predecessor-version":[{"id":16774,"href":"https:\/\/elfsight.com\/fr\/wp-json\/wp\/v2\/pages\/6432\/revisions\/16774"}],"up":[{"embeddable":true,"href":"https:\/\/elfsight.com\/fr\/wp-json\/wp\/v2\/pages\/776"}],"wp:attachment":[{"href":"https:\/\/elfsight.com\/fr\/wp-json\/wp\/v2\/media?parent=6432"}],"curies":[{"name":"wp","href":"https:\/\/api.w.org\/{rel}","templated":true}]}}