{"id":6414,"date":"2021-12-03T11:12:26","date_gmt":"2021-12-03T11:12:26","guid":{"rendered":"https:\/\/elfsight.com\/fr\/?page_id=6414"},"modified":"2025-07-10T15:08:32","modified_gmt":"2025-07-10T15:08:32","slug":"magento","status":"publish","type":"page","link":"https:\/\/elfsight.com\/fr\/youtube-channel-plugin-yottie\/magento\/","title":{"rendered":"YouTube Gallery &#8211; Magento"},"content":{"rendered":"<div class=\"application-platform-content-item-description application-platform-content-item\" id=\"description\" data-nav-section=\"description\"><\/p><h2>Description<\/h2><p>Un widget universel pour YouTube, qui permet d&rsquo;ajouter n&rsquo;importe quelle vid\u00e9o sur votre site Web . Trouvez les meilleures cha\u00eenes et vid\u00e9os uniques pour assembler votre playlist individuelle et int\u00e9grez-la directement sur la page Web dans la mise en page (galerie vid\u00e9o, portfolio, cha\u00eene, vid\u00e9o unique). Le widget Elfsight s&rsquo;adapte parfaitement \u00e0 tous les appareils et plates-formes, il comprend plus de 100 param\u00e8tres, un mod\u00e8le personnalisable et diff\u00e9rentes qualit\u00e9s, qui permettent de l&rsquo;afficher sur tous les sites Web.<\/p><p><b>Cr\u00e9ez une galerie vid\u00e9o interactive personnalis\u00e9e pour plus de puissance. engagement de vos utilisateurs.<\/b><\/p><ul><li><b>Augmentez l&rsquo;interaction avec les lecteurs de votre site \u00e0 l&rsquo;aide de vid\u00e9os YouTube<\/b>.<br>\u00c9tonnez les utilisateurs de votre site Web avec des contenu vid\u00e9o de YouTube et maintenez leur int\u00e9r\u00eat plus fort qu&rsquo;auparavant.<\/li><li><b>Obtenez un maximum d&rsquo;achats avec le contenu YouTube<\/b>.<br>Int\u00e9grez des vid\u00e9os commerciales, des pr\u00e9sentations, des didacticiels et bien d&rsquo;autres encore, pour donner \u00e0 votre audience les informations les plus convaincantes sur vos offres et aidez-les \u00e0 effectuer un achat.<\/li><li><b>Atteignez les fans cibles de votre compte YouTube<\/b>.<br>Transformez les utilisateurs du site en abonn\u00e9s sur YouTube. D\u00e9montrez un moyen simple et rapide de regarder des vid\u00e9os et de vous abonner \u00e0 votre cha\u00eene sans quitter votre site Web.<\/li><\/ul><p><\/div><div class=\"application-platform-content-item-features application-platform-content-item\" id=\"features\" data-nav-section=\"features\"><\/p><h2>Fonctionnalit\u00e9s<\/h2><p>Les caract\u00e9ristiques les plus pr\u00e9cieuses de ce widget, qui en font le meilleur instrument pour int\u00e9grer des vid\u00e9os YouTube sur un site Magento.<\/p><ul><li>Ajouter des sources par URL\u00a0;<\/li><li>Option de t\u00e9l\u00e9chargement du logo de la cha\u00eene et de la banni\u00e8re de la cha\u00eene\u00a0;<\/li><li>D\u00e9finissez un nombre illimit\u00e9 de colonnes et de lignes\u00a0;<\/li><li>13 \u00e9l\u00e9ments de popup pouvant \u00eatre activ\u00e9s\/ d\u00e9sactiv\u00e9\u00a0;<\/li><li>Options de contr\u00f4le de navigation\u00a0: fl\u00e8ches, d\u00e9filement, glisser\u00a0;<\/li><li>15 \u00e9l\u00e9ments de vid\u00e9o pouvant \u00eatre peints\u00a0;<\/li><li>18 langues disponibles.<\/li><\/ul><p><a href=\"#demo\">D\u00e9couvrez la liste compl\u00e8te des fonctionnalit\u00e9s de l&rsquo;\u00e9diteur<\/a><\/p><p><\/div><div class=\"application-platform-content-item-installation application-platform-content-item\" id=\"installation\" data-nav-section=\"installation\"><\/p><h2>Comment int\u00e9grer la galerie YouTube au site Web Magento<\/h2><p>Suivez simplement les instructions ci-dessous pour commencer \u00e0 utiliser l&rsquo;extension sur Magento.<\/p> <ol><li><b>G\u00e9rez notre configurateur gratuit et commencez \u00e0 cr\u00e9er votre widget personnalis\u00e9. <\/b><br> Recherchez la conception et les caract\u00e9ristiques pr\u00e9f\u00e9r\u00e9es de l&rsquo;outil et enregistrez les modifications. <\/li> <li><b>Copiez votre code individuel qui appara\u00eet dans la case sur les applications Elfsight. <\/b><br> D\u00e8s que la personnalisation de votre extension YouTube est termin\u00e9e, copiez le code individuel dans la case qui appara\u00eet et conservez-le pour vos besoins futurs. <\/li> <li><b>Initiez l&rsquo;utilisation du widget sur la page d&rsquo;accueil de Magento. <\/b><br> Saisissez le code copi\u00e9 auparavant dans votre page et appliquez les modifications. <\/li> <li><b>L&rsquo;installation est termin\u00e9e avec succ\u00e8s. <\/b><br> Visitez votre page pour jeter un \u0153il aux performances du widget. <\/li><\/ol><p>Vous rencontrez des probl\u00e8mes avec la Galerie YouTube lors de la configuration\u00a0? Lisez un article d\u00e9taill\u00e9 \u00ab\u00a0<a href=\"https:\/\/elfsight.com\/tutorials\/how-to-add-youtube-video-gallery-to-magento\/\" target=\"_blank\" rel=\"noopener noreferrer\">Comment installer YouTube sur Magento<\/a>\u00bb et r\u00e9essayez. Ou contactez le support client d&rsquo;Elfsight en envoyant une description compl\u00e8te du probl\u00e8me.<\/p><p><\/div>","protected":false},"excerpt":{"rendered":"","protected":false},"author":18,"featured_media":0,"parent":776,"menu_order":0,"comment_status":"closed","ping_status":"closed","template":"templates\/template-application-platform.php","meta":{"publish_to_discourse":"","publish_post_category":"","wpdc_auto_publish_overridden":"","wpdc_topic_tags":"","wpdc_pin_topic":"","wpdc_pin_until":"","discourse_post_id":"","discourse_permalink":"","wpdc_publishing_response":"","wpdc_publishing_error":"","footnotes":""},"class_list":["post-6414","page","type-page","status-publish","hentry"],"yoast_head":"<!-- This site is optimized with the Yoast SEO plugin v25.3.1 - https:\/\/yoast.com\/wordpress\/plugins\/seo\/ -->\n<title>Galerie YouTube - ajoutez Plugin YouTube sur Magento<\/title>\n<meta name=\"description\" content=\"Int\u00e9grez une Galerie YouTube avantageuse sur votre site. Utilisez la d\u00e9mo d&#039;Elfsight et g\u00e9n\u00e9rez votre extension en deux minutes.\" \/>\n<meta name=\"robots\" content=\"index, follow, max-snippet:-1, max-image-preview:large, max-video-preview:-1\" \/>\n<link rel=\"canonical\" href=\"https:\/\/elfsight.com\/fr\/youtube-channel-plugin-yottie\/magento\/\" \/>\n<meta property=\"og:locale\" content=\"fr_FR\" \/>\n<meta property=\"og:type\" content=\"article\" \/>\n<meta property=\"og:title\" content=\"Galerie YouTube - ajoutez Plugin YouTube sur Magento\" \/>\n<meta property=\"og:description\" content=\"Int\u00e9grez une Galerie YouTube avantageuse sur votre site. Utilisez la d\u00e9mo d&#039;Elfsight et g\u00e9n\u00e9rez votre extension en deux minutes.\" \/>\n<meta property=\"og:url\" content=\"https:\/\/elfsight.com\/fr\/youtube-channel-plugin-yottie\/magento\/\" \/>\n<meta property=\"og:site_name\" content=\"Elfsight FR\" \/>\n<meta property=\"article:modified_time\" content=\"2025-07-10T15:08:32+00:00\" \/>\n<meta name=\"twitter:card\" content=\"summary_large_image\" \/>\n<meta name=\"twitter:label1\" content=\"Dur\u00e9e de lecture estim\u00e9e\" \/>\n\t<meta name=\"twitter:data1\" content=\"1 minute\" \/>\n<!-- \/ Yoast SEO plugin. -->","yoast_head_json":{"title":"Galerie YouTube - ajoutez Plugin YouTube sur Magento","description":"Int\u00e9grez une Galerie YouTube avantageuse sur votre site. Utilisez la d\u00e9mo d'Elfsight et g\u00e9n\u00e9rez votre extension en deux minutes.","robots":{"index":"index","follow":"follow","max-snippet":"max-snippet:-1","max-image-preview":"max-image-preview:large","max-video-preview":"max-video-preview:-1"},"canonical":"https:\/\/elfsight.com\/fr\/youtube-channel-plugin-yottie\/magento\/","og_locale":"fr_FR","og_type":"article","og_title":"Galerie YouTube - ajoutez Plugin YouTube sur Magento","og_description":"Int\u00e9grez une Galerie YouTube avantageuse sur votre site. Utilisez la d\u00e9mo d'Elfsight et g\u00e9n\u00e9rez votre extension en deux minutes.","og_url":"https:\/\/elfsight.com\/fr\/youtube-channel-plugin-yottie\/magento\/","og_site_name":"Elfsight FR","article_modified_time":"2025-07-10T15:08:32+00:00","twitter_card":"summary_large_image","twitter_misc":{"Dur\u00e9e de lecture estim\u00e9e":"1 minute"},"schema":{"@context":"https:\/\/schema.org","@graph":[{"@type":"WebPage","@id":"https:\/\/elfsight.com\/fr\/youtube-channel-plugin-yottie\/magento\/","url":"https:\/\/elfsight.com\/fr\/youtube-channel-plugin-yottie\/magento\/","name":"Galerie YouTube - ajoutez Plugin YouTube sur Magento","isPartOf":{"@id":"https:\/\/elfsight.com\/fr\/#website"},"datePublished":"2021-12-03T11:12:26+00:00","dateModified":"2025-07-10T15:08:32+00:00","description":"Int\u00e9grez une Galerie YouTube avantageuse sur votre site. Utilisez la d\u00e9mo d'Elfsight et g\u00e9n\u00e9rez votre extension en deux minutes.","breadcrumb":{"@id":"https:\/\/elfsight.com\/fr\/youtube-channel-plugin-yottie\/magento\/#breadcrumb"},"inLanguage":"fr-FR","potentialAction":[{"@type":"ReadAction","target":["https:\/\/elfsight.com\/fr\/youtube-channel-plugin-yottie\/magento\/"]}]},{"@type":"BreadcrumbList","@id":"https:\/\/elfsight.com\/fr\/youtube-channel-plugin-yottie\/magento\/#breadcrumb","itemListElement":[{"@type":"ListItem","position":1,"name":"Home","item":"https:\/\/elfsight.com\/fr\/"},{"@type":"ListItem","position":2,"name":"YouTube Gallery","item":"https:\/\/elfsight.com\/fr\/youtube-channel-plugin-yottie\/"},{"@type":"ListItem","position":3,"name":"YouTube Gallery &#8211; Magento"}]},{"@type":"WebSite","@id":"https:\/\/elfsight.com\/fr\/#website","url":"https:\/\/elfsight.com\/fr\/","name":"Elfsight FR","description":"","potentialAction":[{"@type":"SearchAction","target":{"@type":"EntryPoint","urlTemplate":"https:\/\/elfsight.com\/fr\/?s={search_term_string}"},"query-input":{"@type":"PropertyValueSpecification","valueRequired":true,"valueName":"search_term_string"}}],"inLanguage":"fr-FR"}]}},"meta_box":{"industry":"","seo_heading":"","heading":"","description":"","cta_heading":"","cta_description":"","application":"760","h1":"Plugin Galerie YouTube pour Magento","h1_caption":"Int\u00e9grez sans effort une galerie de vid\u00e9os YouTube pour pr\u00e9senter du contenu tel que des didacticiels, des t\u00e9moignages ou des pr\u00e9sentations de produits sur votre site Web dans votre site Web Magento.","application_category":[],"applications_title":"","applications_request_title":"","applications_request_button_text":"","hero_text":"","hero_video":"","hero_video_schema_markup":"","selling_points_title":"","selling_points_caption":"","selling_points":[],"selling_points_cta_text":"","features_title":"","features":"","ed_cta_examples_text":"","ed_cta_examples_hidden":"","ed_cta_demo_text":"","ed_cta_demo_hidden":"","why_caption":"","why_editor_title":"","why_editor_text":"","why_team_title":"","why_team_text":"","why_service_title":"","why_service_text":"","template_catalog_visible":"","template_catalog_title":"","template_catalog_text":"","template_catalog_categories_visible":"","demo_title":"Cr\u00e9ez votre extension Galerie YouTube","demo_caption":"Configurez votre galerie YouTube et ajoutez-la gratuitement \u00e0 votre site Web Magento\u00a0!","default_faq_hidden":"","app_template_category":[],"platform":"357","template_public_id":"","codecanyon_url":"","codecanyon_item_id":"","codecanyon_price":"","pricing_caption":"","pricing_elfsight_apps_hide_column":"","pricing_elfsight_apps_url":"","pricing_codecanyon_price_caption":"","integration_category":[],"integration_request_title":"","integration_request_cta":"","integration_platform":"","integrations":[],"platform_category":[],"video_schema_markup":"","price":"\u00c0 partir de $0\/mois","trial":"","benefits":[{"text":"Installation gratuite"},{"text":"Support Premium"},{"text":"Garantie de remboursement de 14 jours"},{"text":"L'am\u00e9lioration continue"}],"button_url":"#demo","button_target_blank":"0","button_nofollow":"0","attributes":[{"name":"Nombre d'installations","content":"1,000 - 5,000","_state":"expanded"},{"name":"Adaptif","content":"Oui","_state":"expanded"},{"name":"Navigateurs compatibles","content":"Firefox, Safari, Opera, Chrome, Edge","_state":"expanded"}],"tags":[],"tags_disable_links":"0","hide_more_platforms":"","video_object":"","demo_hide_cta":"0","demo_hide_cloud_options":"0","pricing_title":"","pricing":[{"pricing_icon":"platform","pricing_title":"Applications d'Elfsight","pricing_title_caption":"Solution num\u00e9rique multiplateforme qui fonctionne sur n'importe quel site","pricing_price":"\u00c0 partir de $0\/mois","pricing_price_caption":"Commencez avec un plan gratuit","pricing_benefits":[{"text":"Sites Web illimit\u00e9s"},{"text":"\u00c9quipe d'assistance professionnelle"},{"text":"Service d'installation gratuit"},{"text":"100% personnalisable"}],"pricing_button_text":"Ajouter au site Web","pricing_button_url":"https:\/\/apps.elfsight.com\/sign-up\/","pricing_button_nofollow":"1","_state":"expanded"}],"related_apps_title":"","related_apps_hidden":"1","author":"","image":[],"title":"","job":"","social_networks":[]},"_links":{"self":[{"href":"https:\/\/elfsight.com\/fr\/wp-json\/wp\/v2\/pages\/6414","targetHints":{"allow":["GET"]}}],"collection":[{"href":"https:\/\/elfsight.com\/fr\/wp-json\/wp\/v2\/pages"}],"about":[{"href":"https:\/\/elfsight.com\/fr\/wp-json\/wp\/v2\/types\/page"}],"author":[{"embeddable":true,"href":"https:\/\/elfsight.com\/fr\/wp-json\/wp\/v2\/users\/18"}],"replies":[{"embeddable":true,"href":"https:\/\/elfsight.com\/fr\/wp-json\/wp\/v2\/comments?post=6414"}],"version-history":[{"count":3,"href":"https:\/\/elfsight.com\/fr\/wp-json\/wp\/v2\/pages\/6414\/revisions"}],"predecessor-version":[{"id":14109,"href":"https:\/\/elfsight.com\/fr\/wp-json\/wp\/v2\/pages\/6414\/revisions\/14109"}],"up":[{"embeddable":true,"href":"https:\/\/elfsight.com\/fr\/wp-json\/wp\/v2\/pages\/776"}],"wp:attachment":[{"href":"https:\/\/elfsight.com\/fr\/wp-json\/wp\/v2\/media?parent=6414"}],"curies":[{"name":"wp","href":"https:\/\/api.w.org\/{rel}","templated":true}]}}