{"id":6408,"date":"2021-12-03T11:14:52","date_gmt":"2021-12-03T11:14:52","guid":{"rendered":"https:\/\/elfsight.com\/fr\/?page_id=6408"},"modified":"2025-07-10T15:08:17","modified_gmt":"2025-07-10T15:08:17","slug":"joomla","status":"publish","type":"page","link":"https:\/\/elfsight.com\/fr\/youtube-channel-plugin-yottie\/joomla\/","title":{"rendered":"YouTube Gallery &#8211; Joomla"},"content":{"rendered":"<div class=\"application-platform-content-item-description application-platform-content-item\" id=\"description\" data-nav-section=\"description\"><h2>Description<\/h2><p>Un plugin multifonctionnel pour YouTube, qui vous permet d&rsquo;int\u00e9grer toutes sortes de vid\u00e9os sur votre site Web. S\u00e9lectionnez les cha\u00eenes souhait\u00e9es et les clips vid\u00e9o uniques pour concevoir votre liste de lecture personnelle et int\u00e9grez-la directement sur la page dans la bonne mise en page (galerie vid\u00e9o, portfolio, cha\u00eene, vid\u00e9o unique). Notre plugin s&rsquo;adapte parfaitement \u00e0 tous les gadgets et syst\u00e8mes ; il propose plus de 100 options, un mod\u00e8le flexible et de nombreuses caract\u00e9ristiques diff\u00e9rentes, qui vous permettent de l&rsquo;int\u00e9grer sur divers sites Web.<\/p><p><b>Cr\u00e9ez une galerie vid\u00e9o personnalis\u00e9e efficace pour un int\u00e9r\u00eat maximal de vos clients.<\/b> <\/p><ul><li><b>Augmentez la coop\u00e9ration avec l&rsquo;audience de votre site gr\u00e2ce aux vid\u00e9os YouTube<\/b>.<br>Attirez l&rsquo;audience de votre site avec du contenu int\u00e9ressant de YouTube et attirez-la de plus en plus. <\/li><li><b>Laissez le contenu promotionnel YouTube g\u00e9n\u00e9rer plus de ventes<\/b>.<br>Int\u00e9grez des vid\u00e9os promotionnelles, des vid\u00e9os analytiques, des guides, des aper\u00e7us et bien plus encore pour fournir aux utilisateurs des informations compl\u00e8tes sur vos offres et les pousser \u00e0 cr\u00e9ez une commande.<\/li><li><b>Principaux lecteurs de votre page YouTube<\/b>.<br>Transformez les visiteurs de votre site Web en fans sur YouTube. Montrez-leur une variante simple et rapide pour regarder des vid\u00e9os et suivre votre cha\u00eene directement depuis le site.<\/li><\/ul><\/div><div class=\"application-platform-content-item-features application-platform-content-item\" id=\"features\" data-nav-section=\"features\"><h2>Fonctionnalit\u00e9s<\/h2><p> Les avantages du plugin Elfsight, qui en font le meilleur outil pour int\u00e9grer des vid\u00e9os YouTube sur une page Joomla.<\/p><ul><li>Ajoutez des vid\u00e9os uniques, des cha\u00eenes ou des playlists\u00a0;<\/li><li>Choisissez la disposition de l&rsquo;en-t\u00eate\u00a0: Classique, Accent, Minimal\u00a0;<\/li><li>Modifier la largeur du widget\u00a0;<\/li><li>3\u00a0modes de lecture\u00a0:\u00a0En ligne, en pop-up et redirection vers YouTube\u00a0;<\/li><li>Mode gratuit facultatif pour faites d\u00e9filer les vid\u00e9os une par une\u00a0;<\/li><li>5 combinaisons de couleurs pr\u00eates\u00a0;<\/li><li>18 langues disponibles.<\/li><\/ul><p><a href=\"#demo\">Test la liste compl\u00e8te des caract\u00e9ristiques dans l&rsquo;\u00e9diteur<\/a><\/p><\/div><div class=\"application-platform-content-item-installation application-platform-content-item\" id=\"installation\" data-nav-section=\"installation\"><h2>Comment int\u00e9grer le plugin YouTube Video Gallery sur le site Joomla<\/h2><div class=\"conteneur vid\u00e9o\"><iframe width=\"720\" height=\"405\" src=\"https:\/\/www.youtube.com\/embed\/Qg-cJ6_mHLk\" frameborder=\"0\" allowfullscreen=\"\"><\/iframe><\/div><p>Une instruction simple d&rsquo;Elfsight sur l&rsquo;affichage et la personnalisation de l&rsquo;extension sans exp\u00e9rience en programmation Web. Le temps total de configuration est d&rsquo;environ 1 minute.<\/p><ol><li><b>Ex\u00e9cutez notre configurateur gratuit et commencez \u00e0 cr\u00e9er votre extension personnalis\u00e9e. <\/b><br> Choisissez la mise en page et les fonctionnalit\u00e9s appropri\u00e9es de l&rsquo;extension et appliquez toutes les corrections. <\/li> <li><b>Copiez votre code personnel apparaissant dans la case sur Elfsight Apps. <\/b><br> Une fois la configuration de votre extension termin\u00e9e, copiez le code personnel de la bo\u00eete qui appara\u00eet et conservez-le pour une utilisation ult\u00e9rieure. <\/li> <li><b>Commencez \u00e0 utiliser l&rsquo;extension sur votre site Joomla. <\/b><br> Entrez le code que vous avez enregistr\u00e9 auparavant sur votre site et appliquez les am\u00e9liorations. <\/li> <li><b>La configuration est enti\u00e8rement termin\u00e9e. <\/b><br> Acc\u00e9dez \u00e0 votre site pour voir en action comment fonctionne l&rsquo;extension. <\/li><\/ol><p>Des probl\u00e8mes sont survenus lors de l&rsquo;installation ou de la modification des param\u00e8tres de l&rsquo;extension YouTube\u00a0? Utilisez simplement une instruction \u00e9tendue \u00ab\u00a0<a href=\"https:\/\/elfsight.com\/tutorials\/how-to-add-youtube-gallery-plugin-to-joomla\/\" target=\"_blank\" rel=\"noopener noreferrer\"> Comment ajouter YouTube sur Joomla<\/a>\u00bb et faites-le vous-m\u00eame une fois de plus ou \u00e9crivez au support client Elfsight avec une explication compl\u00e8te du probl\u00e8me.<\/p><\/div><div class=\"faq\" data-component=\"FAQ\"> <div class=\"faq-item\">\r\n\t\t\t\t\t<div class=\"faq-item-question\">\r\n\t\t\t\t\t\t<h3 class=\"faq-item-question-text\">De quelle mani\u00e8re ajouter une galerie YouTube au site Joomla ? <\/h3>\r\n\r\n\t\t\t\t\t\t<div class=\"faq-item-question-icon\"><\/div>\r\n\t\t\t\t\t<\/div>\r\n\r\n\t\t\t\t\t<div class=\"faq-item-answer\">\r\n\t\t\t\t\t\t<div class=\"faq-item-answer-text\"><p>La cr\u00e9ation de l&rsquo;outil s&rsquo;effectue sur les pages Elfsight et vous n&rsquo;avez pas besoin de coder. Utilisez notre d\u00e9mo active pour concevoir votre widget personnel, obtenez le code et ajoutez-le \u00e0 votre site. <\/p><\/div>\r\n\t\t\t\t\t<\/div>\r\n\t\t\t\t<\/div><div class=\"faq-item\">\r\n\t\t\t\t\t<div class=\"faq-item-question\">\r\n\t\t\t\t\t\t<h3 class=\"faq-item-question-text\">Les meilleures fa\u00e7ons d'utiliser l'int\u00e9gration du plug-in vid\u00e9o YouTube<\/h3>\r\n\r\n\t\t\t\t\t\t<div class=\"faq-item-question-icon\"><\/div>\r\n\t\t\t\t\t<\/div>\r\n\r\n\t\t\t\t\t<div class=\"faq-item-answer\">\r\n\t\t\t\t\t\t<div class=\"faq-item-answer-text\"><p>Nous proposons de nombreuses opportunit\u00e9s de personnalisation\u00a0: des widgets \u00e0 grande \u00e9chelle \u00e0 int\u00e9grer dans la zone de contenu , des widgets flottants pour les options de d\u00e9filement, des dispositions pour le pied de page, l&rsquo;en-t\u00eate et toutes sortes d&rsquo;opportunit\u00e9s verticales pour les barres lat\u00e9rales et les menus du site Web. <\/p><\/div>\r\n\t\t\t\t\t<\/div>\r\n\t\t\t\t<\/div><div class=\"faq-item\">\r\n\t\t\t\t\t<div class=\"faq-item-question\">\r\n\t\t\t\t\t\t<h3 class=\"faq-item-question-text\">Puis-je cr\u00e9er une liste de lecture YouTube ou un widget vid\u00e9o unique par l'interm\u00e9diaire de l'\u00e9diteur ? <\/h3>\r\n\r\n\t\t\t\t\t\t<div class=\"faq-item-question-icon\"><\/div>\r\n\t\t\t\t\t<\/div>\r\n\r\n\t\t\t\t\t<div class=\"faq-item-answer\">\r\n\t\t\t\t\t\t<div class=\"faq-item-answer-text\"><p>Vous \u00eates libre de cr\u00e9er les modifications de n&rsquo;importe quel widget. De nombreuses mises en page sont \u00e0 votre disposition dans l&rsquo;\u00e9diteur, et toutes peuvent \u00eatre facilement personnalis\u00e9es selon vos besoins. <\/p><\/div>\r\n\t\t\t\t\t<\/div>\r\n\t\t\t\t<\/div><\/div>","protected":false},"excerpt":{"rendered":"","protected":false},"author":18,"featured_media":0,"parent":776,"menu_order":0,"comment_status":"closed","ping_status":"closed","template":"templates\/template-application-platform.php","meta":{"publish_to_discourse":"","publish_post_category":"","wpdc_auto_publish_overridden":"","wpdc_topic_tags":"","wpdc_pin_topic":"","wpdc_pin_until":"","discourse_post_id":"","discourse_permalink":"","wpdc_publishing_response":"","wpdc_publishing_error":"","footnotes":""},"class_list":["post-6408","page","type-page","status-publish","hentry"],"yoast_head":"<!-- This site is optimized with the Yoast SEO plugin v25.3.1 - https:\/\/yoast.com\/wordpress\/plugins\/seo\/ -->\n<title>Galerie YouTube - ajoutez Plugin YouTube sur Joomla<\/title>\n<meta name=\"description\" content=\"Int\u00e9grez une Galerie YouTube avantageuse sur votre site. Appliquez la d\u00e9mo d&#039;Elfsight et g\u00e9n\u00e9rez votre module en quelques minutes.\" \/>\n<meta name=\"robots\" content=\"index, follow, max-snippet:-1, max-image-preview:large, max-video-preview:-1\" \/>\n<link rel=\"canonical\" href=\"https:\/\/elfsight.com\/fr\/youtube-channel-plugin-yottie\/joomla\/\" \/>\n<meta property=\"og:locale\" content=\"fr_FR\" \/>\n<meta property=\"og:type\" content=\"article\" \/>\n<meta property=\"og:title\" content=\"Galerie YouTube - ajoutez Plugin YouTube sur Joomla\" \/>\n<meta property=\"og:description\" content=\"Int\u00e9grez une Galerie YouTube avantageuse sur votre site. Appliquez la d\u00e9mo d&#039;Elfsight et g\u00e9n\u00e9rez votre module en quelques minutes.\" \/>\n<meta property=\"og:url\" content=\"https:\/\/elfsight.com\/fr\/youtube-channel-plugin-yottie\/joomla\/\" \/>\n<meta property=\"og:site_name\" content=\"Elfsight FR\" \/>\n<meta property=\"article:modified_time\" content=\"2025-07-10T15:08:17+00:00\" \/>\n<meta name=\"twitter:card\" content=\"summary_large_image\" \/>\n<meta name=\"twitter:label1\" content=\"Dur\u00e9e de lecture estim\u00e9e\" \/>\n\t<meta name=\"twitter:data1\" content=\"1 minute\" \/>\n<!-- \/ Yoast SEO plugin. -->","yoast_head_json":{"title":"Galerie YouTube - ajoutez Plugin YouTube sur Joomla","description":"Int\u00e9grez une Galerie YouTube avantageuse sur votre site. Appliquez la d\u00e9mo d'Elfsight et g\u00e9n\u00e9rez votre module en quelques minutes.","robots":{"index":"index","follow":"follow","max-snippet":"max-snippet:-1","max-image-preview":"max-image-preview:large","max-video-preview":"max-video-preview:-1"},"canonical":"https:\/\/elfsight.com\/fr\/youtube-channel-plugin-yottie\/joomla\/","og_locale":"fr_FR","og_type":"article","og_title":"Galerie YouTube - ajoutez Plugin YouTube sur Joomla","og_description":"Int\u00e9grez une Galerie YouTube avantageuse sur votre site. Appliquez la d\u00e9mo d'Elfsight et g\u00e9n\u00e9rez votre module en quelques minutes.","og_url":"https:\/\/elfsight.com\/fr\/youtube-channel-plugin-yottie\/joomla\/","og_site_name":"Elfsight FR","article_modified_time":"2025-07-10T15:08:17+00:00","twitter_card":"summary_large_image","twitter_misc":{"Dur\u00e9e de lecture estim\u00e9e":"1 minute"},"schema":{"@context":"https:\/\/schema.org","@graph":[{"@type":"WebPage","@id":"https:\/\/elfsight.com\/fr\/youtube-channel-plugin-yottie\/joomla\/","url":"https:\/\/elfsight.com\/fr\/youtube-channel-plugin-yottie\/joomla\/","name":"Galerie YouTube - ajoutez Plugin YouTube sur Joomla","isPartOf":{"@id":"https:\/\/elfsight.com\/fr\/#website"},"datePublished":"2021-12-03T11:14:52+00:00","dateModified":"2025-07-10T15:08:17+00:00","description":"Int\u00e9grez une Galerie YouTube avantageuse sur votre site. Appliquez la d\u00e9mo d'Elfsight et g\u00e9n\u00e9rez votre module en quelques minutes.","breadcrumb":{"@id":"https:\/\/elfsight.com\/fr\/youtube-channel-plugin-yottie\/joomla\/#breadcrumb"},"inLanguage":"fr-FR","potentialAction":[{"@type":"ReadAction","target":["https:\/\/elfsight.com\/fr\/youtube-channel-plugin-yottie\/joomla\/"]}]},{"@type":"BreadcrumbList","@id":"https:\/\/elfsight.com\/fr\/youtube-channel-plugin-yottie\/joomla\/#breadcrumb","itemListElement":[{"@type":"ListItem","position":1,"name":"Home","item":"https:\/\/elfsight.com\/fr\/"},{"@type":"ListItem","position":2,"name":"YouTube Gallery","item":"https:\/\/elfsight.com\/fr\/youtube-channel-plugin-yottie\/"},{"@type":"ListItem","position":3,"name":"YouTube Gallery &#8211; Joomla"}]},{"@type":"WebSite","@id":"https:\/\/elfsight.com\/fr\/#website","url":"https:\/\/elfsight.com\/fr\/","name":"Elfsight FR","description":"","potentialAction":[{"@type":"SearchAction","target":{"@type":"EntryPoint","urlTemplate":"https:\/\/elfsight.com\/fr\/?s={search_term_string}"},"query-input":{"@type":"PropertyValueSpecification","valueRequired":true,"valueName":"search_term_string"}}],"inLanguage":"fr-FR"}]}},"meta_box":{"industry":"","seo_heading":"","heading":"","description":"","cta_heading":"","cta_description":"","application":"760","h1":"Extension Galerie YouTube pour Joomla","h1_caption":"Int\u00e9grez facilement une galerie de vid\u00e9os YouTube pour pr\u00e9senter du contenu tel que des didacticiels, des t\u00e9moignages ou des pr\u00e9sentations de produits sur votre site Web dans votre site Web Joomla.","application_category":[],"applications_title":"","applications_request_title":"","applications_request_button_text":"","hero_text":"","hero_video":"","hero_video_schema_markup":"","selling_points_title":"","selling_points_caption":"","selling_points":[],"selling_points_cta_text":"","features_title":"","features":"","ed_cta_examples_text":"","ed_cta_examples_hidden":"","ed_cta_demo_text":"","ed_cta_demo_hidden":"","why_caption":"","why_editor_title":"","why_editor_text":"","why_team_title":"","why_team_text":"","why_service_title":"","why_service_text":"","template_catalog_visible":"","template_catalog_title":"","template_catalog_text":"","template_catalog_categories_visible":"","demo_title":"Cr\u00e9ez votre plugin Galerie YouTube","demo_caption":"Configurez votre galerie YouTube et ajoutez-la gratuitement \u00e0 votre site Web Joomla\u00a0!","default_faq_hidden":"","app_template_category":[],"platform":"354","template_public_id":"","codecanyon_url":"","codecanyon_item_id":"","codecanyon_price":"","pricing_caption":"","pricing_elfsight_apps_hide_column":"","pricing_elfsight_apps_url":"","pricing_codecanyon_price_caption":"","integration_category":[],"integration_request_title":"","integration_request_cta":"","integration_platform":"","integrations":[],"platform_category":[],"video_schema_markup":"","price":"\u00c0 partir de $0\/mois","trial":"","benefits":[{"text":"Installation gratuite"},{"text":"Support Premium"},{"text":"Garantie de remboursement de 14 jours"},{"text":"L'am\u00e9lioration continue"}],"button_url":"#demo","button_target_blank":"0","button_nofollow":"0","attributes":[{"name":"Nombre d'installations","content":"1,000 - 5,000","_state":"expanded"},{"name":"Adaptif","content":"Oui","_state":"expanded"},{"name":"Navigateurs compatibles","content":"Firefox, Safari, Opera, Chrome, Edge","_state":"expanded"}],"tags":[],"tags_disable_links":"0","hide_more_platforms":"","video_object":"","demo_hide_cta":"0","demo_hide_cloud_options":"0","pricing_title":"","pricing":[{"pricing_icon":"platform","pricing_title":"Applications d'Elfsight","pricing_title_caption":"Solution num\u00e9rique multiplateforme qui fonctionne sur n'importe quel site","pricing_price":"\u00c0 partir de $0\/mois","pricing_price_caption":"Commencez avec un plan gratuit","pricing_benefits":[{"text":"Sites Web illimit\u00e9s"},{"text":"\u00c9quipe d'assistance professionnelle"},{"text":"Service d'installation gratuit"},{"text":"100% personnalisable"}],"pricing_button_text":"Ajouter au site Web","pricing_button_url":"https:\/\/apps.elfsight.com\/sign-up\/","pricing_button_nofollow":"1","_state":"expanded"}],"related_apps_title":"","related_apps_hidden":"1","author":"","image":[],"title":"","job":"","social_networks":[]},"_links":{"self":[{"href":"https:\/\/elfsight.com\/fr\/wp-json\/wp\/v2\/pages\/6408","targetHints":{"allow":["GET"]}}],"collection":[{"href":"https:\/\/elfsight.com\/fr\/wp-json\/wp\/v2\/pages"}],"about":[{"href":"https:\/\/elfsight.com\/fr\/wp-json\/wp\/v2\/types\/page"}],"author":[{"embeddable":true,"href":"https:\/\/elfsight.com\/fr\/wp-json\/wp\/v2\/users\/18"}],"replies":[{"embeddable":true,"href":"https:\/\/elfsight.com\/fr\/wp-json\/wp\/v2\/comments?post=6408"}],"version-history":[{"count":3,"href":"https:\/\/elfsight.com\/fr\/wp-json\/wp\/v2\/pages\/6408\/revisions"}],"predecessor-version":[{"id":14110,"href":"https:\/\/elfsight.com\/fr\/wp-json\/wp\/v2\/pages\/6408\/revisions\/14110"}],"up":[{"embeddable":true,"href":"https:\/\/elfsight.com\/fr\/wp-json\/wp\/v2\/pages\/776"}],"wp:attachment":[{"href":"https:\/\/elfsight.com\/fr\/wp-json\/wp\/v2\/media?parent=6408"}],"curies":[{"name":"wp","href":"https:\/\/api.w.org\/{rel}","templated":true}]}}