{"id":6404,"date":"2021-12-03T11:16:36","date_gmt":"2021-12-03T11:16:36","guid":{"rendered":"https:\/\/elfsight.com\/fr\/?page_id=6404"},"modified":"2025-07-10T15:08:05","modified_gmt":"2025-07-10T15:08:05","slug":"iframe","status":"publish","type":"page","link":"https:\/\/elfsight.com\/fr\/youtube-channel-plugin-yottie\/iframe\/","title":{"rendered":"YouTube Gallery &#8211; iFrame"},"content":{"rendered":"<div class=\"application-platform-content-item-description application-platform-content-item\" id=\"description\" data-nav-section=\"description\"> <h2>Int\u00e9grez la galerie YouTube sur iFrame avec le widget Elfsight<\/h2> <p>Il s&rsquo;agit d&rsquo;un plugin universel pour YouTube, qui permet d&rsquo;afficher des vid\u00e9os, playlists ou cha\u00eenes sur votre site Web. S\u00e9lectionnez les meilleures cha\u00eenes et clips vid\u00e9o s\u00e9par\u00e9s pour compiler votre propre playlist et pr\u00e9sentez-la directement sur la page Web en utilisant la mise en page la plus appropri\u00e9e (galerie vid\u00e9o, portfolio ou vid\u00e9o unique). Le plugin Elfsight est totalement adaptable \u00e0 tous les gadgets et syst\u00e8mes, il propose environ 100 options, une mise en page personnalisable et d&rsquo;autres avantages, qui vous donnent la possibilit\u00e9 de l&rsquo;afficher sur chaque site Web. Cr\u00e9ez une galerie vid\u00e9o individuelle efficace pour attirer l&rsquo;attention accrue de vos utilisateurs.<\/p><p><b>Augmentez la coop\u00e9ration avec le public de votre site Web \u00e0 l&rsquo;aide de vid\u00e9os YouTube<\/b><br>\u00c9tonnez les utilisateurs de votre site Web avec des vid\u00e9os passionnantes. contenu vid\u00e9o de YouTube et gardez-les engag\u00e9s plus que jamais.<\/p><p><b>Gagnez un maximum d&rsquo;achats avec le contenu YouTube<\/b><br>Affichez des publicit\u00e9s, des r\u00e9actions, des critiques analytiques, des instructions et d&rsquo;autres types de vid\u00e9os pour fournissez aux lecteurs de nombreuses informations sur des produits attrayants et convainquez-les d&rsquo;effectuer un achat.<\/p><p><b>Fans maximum pour votre page YouTube<\/b><br>Convertissez l&rsquo;audience du site en abonn\u00e9s sur YouTube. D\u00e9montrez un moyen simple et instantan\u00e9 d&rsquo;\u00e9tudier des vid\u00e9os et de vous abonner directement depuis la page.<\/p><\/div> <div class=\"application-platform-content-item-features application-platform-content-item\" id=\"features\" data-nav-section=\"features\"> <h2>Principales fonctionnalit\u00e9s du widget Galerie YouTube<\/h2> <p>Ici sont les avantages de ce plugin, qui en font le meilleur moyen d&rsquo;afficher des vid\u00e9os YouTube sur une page iFrame.<\/p><ul><li>Ajoutez des sources illimit\u00e9es\u00a0;<\/li><li>8 \u00e9l\u00e9ments commutables de l&rsquo;en-t\u00eate\u00a0; <\/li><li>D\u00e9finir l&rsquo;espace entre les vid\u00e9os\u00a0;<\/li><li>13 \u00e9l\u00e9ments de popup pouvant \u00eatre activ\u00e9s\/d\u00e9sactiv\u00e9s\u00a0;<\/li><li>Choisissez parmi 5 effets de commutateur coulissant\u00a0;<\/li> <li>24\u00a0\u00e9l\u00e9ments contextuels pouvant \u00eatre peints\u00a0;<\/li><li>AdSense est pris en charge pour la mon\u00e9tisation du contenu.<\/li><\/ul><p><a href=\"#demo\">Testez toutes les caract\u00e9ristiques dans la d\u00e9mo<\/a><\/p><\/div><div class=\"application-platform-content-item-installation application-platform-content-item\" id=\"installation\" data-nav-section=\"installation\"><h2>Comment int\u00e9grer une vid\u00e9o ou une cha\u00eene YouTube au site Web iFrame\u00a0?<\/h2><p>Une br\u00e8ve instruction de notre \u00e9quipe sur la configuration du plugin. Aucune exp\u00e9rience en d\u00e9veloppement Web n&rsquo;est n\u00e9cessaire. La dur\u00e9e compl\u00e8te de l&rsquo;installation est inf\u00e9rieure \u00e0 70 secondes.<\/p><ol><li><b>Construisez votre propre galerie YouTube<\/b><br> En g\u00e9rant notre \u00e9diteur gratuit, g\u00e9n\u00e9rez un plugin avec une mise en page et des fonctionnalit\u00e9s personnalis\u00e9es. <\/li><li><b>Acqu\u00e9rir le code individuel pour afficher la galerie vid\u00e9o<\/b><br> Apr\u00e8s avoir configur\u00e9 votre plugin, vous obtiendrez votre code personnel dans la fen\u00eatre qui appara\u00eet sur Elfsight Apps. Copiez le code. <\/li> <li><b>Affichez le plugin sur votre site Web iFrame<\/b><br> D\u00e9finissez la zone dans laquelle vous souhaitez ajouter le plugin et collez-y le code enregistr\u00e9. Publiez les modifications. <\/li> <li><b>F\u00e9licitations\u00a0! Vous venez d&rsquo;int\u00e9grer le plugin\u00a0!<\/b><br> Entrez dans votre boutique pour jeter un \u0153il \u00e0 votre galerie.<\/li> <\/ol><p>Lors de l&rsquo;installation ou de la configuration de YouTube Gallery, vous avez rencontr\u00e9 des difficult\u00e9s\u00a0? Vous pouvez consulter un guide d\u00e9taill\u00e9 \u00ab\u00a0Comment int\u00e9grer YouTube sur iFrame\u00a0\u00bb et le refaire vous-m\u00eame ou consulter le centre d&rsquo;aide avec une description des difficult\u00e9s.<\/p><\/div><div class=\"faq\" data-component=\"FAQ\"><div class=\"faq-item\">\r\n\t\t\t\t\t<div class=\"faq-item-question\">\r\n\t\t\t\t\t\t<h3 class=\"faq-item-question-text\">De quelle mani\u00e8re ajouter une galerie YouTube \u00e0 l'iFrame ? <\/h3>\r\n\r\n\t\t\t\t\t\t<div class=\"faq-item-question-icon\"><\/div>\r\n\t\t\t\t\t<\/div>\r\n\r\n\t\t\t\t\t<div class=\"faq-item-answer\">\r\n\t\t\t\t\t\t<div class=\"faq-item-answer-text\"><p>La cr\u00e9ation du widget s&rsquo;effectue au sein du site Elfsight et il n&rsquo;est pas n\u00e9cessaire de coder. Acc\u00e9dez \u00e0 notre d\u00e9mo en ligne pour cr\u00e9er votre propre plugin, obtenez le code et ajoutez-le \u00e0 votre site Web. <\/p><\/div>\r\n\t\t\t\t\t<\/div>\r\n\t\t\t\t<\/div><div class=\"faq-item\">\r\n\t\t\t\t\t<div class=\"faq-item-question\">\r\n\t\t\t\t\t\t<h3 class=\"faq-item-question-text\">Les meilleures fa\u00e7ons d'utiliser l'int\u00e9gration des vid\u00e9os YouTube et de la galerie de cha\u00eenes<\/h3>\r\n\r\n\t\t\t\t\t\t<div class=\"faq-item-question-icon\"><\/div>\r\n\t\t\t\t\t<\/div>\r\n\r\n\t\t\t\t\t<div class=\"faq-item-answer\">\r\n\t\t\t\t\t\t<div class=\"faq-item-answer-text\"><p>Nous vous proposerons de nombreuses options de personnalisation\u00a0: des widgets pleine taille pour l&rsquo;impl\u00e9mentation dans la zone de contenu, des widgets flottants pour les options de d\u00e9filement, des vignettes pour le pied de page de votre site Web, l&rsquo;en-t\u00eate et toutes sortes d&rsquo;opportunit\u00e9s verticales pour les barres lat\u00e9rales et les menus du site Web. <\/p><\/div>\r\n\t\t\t\t\t<\/div>\r\n\t\t\t\t<\/div><div class=\"faq-item\">\r\n\t\t\t\t\t<div class=\"faq-item-question\">\r\n\t\t\t\t\t\t<h3 class=\"faq-item-question-text\">Comment puis-je cr\u00e9er une grille vid\u00e9o YouTube ou une vid\u00e9o unique au moyen de l'\u00e9diteur ? <\/h3>\r\n\r\n\t\t\t\t\t\t<div class=\"faq-item-question-icon\"><\/div>\r\n\t\t\t\t\t<\/div>\r\n\r\n\t\t\t\t\t<div class=\"faq-item-answer\">\r\n\t\t\t\t\t\t<div class=\"faq-item-answer-text\"><p>Vous pouvez apporter des modifications \u00e0 n&rsquo;importe quel widget. De nombreuses mises en page sont \u00e0 votre disposition dans l&rsquo;\u00e9diteur, et toutes peuvent \u00eatre facilement personnalis\u00e9es selon vos besoins. <\/p><\/div>\r\n\t\t\t\t\t<\/div>\r\n\t\t\t\t<\/div><\/div>","protected":false},"excerpt":{"rendered":"","protected":false},"author":18,"featured_media":0,"parent":776,"menu_order":0,"comment_status":"closed","ping_status":"closed","template":"templates\/template-application-platform.php","meta":{"publish_to_discourse":"","publish_post_category":"","wpdc_auto_publish_overridden":"","wpdc_topic_tags":"","wpdc_pin_topic":"","wpdc_pin_until":"","discourse_post_id":"","discourse_permalink":"","wpdc_publishing_response":"","wpdc_publishing_error":"","footnotes":""},"class_list":["post-6404","page","type-page","status-publish","hentry"],"yoast_head":"<!-- This site is optimized with the Yoast SEO plugin v25.3.1 - https:\/\/yoast.com\/wordpress\/plugins\/seo\/ -->\n<title>Galerie YouTube - ajoutez Plugin YouTube sur iFrame<\/title>\n<meta name=\"description\" content=\"Int\u00e9grez une Galerie YouTube avantageuse sur votre site. Appliquez la d\u00e9mo d&#039;Elfsight et g\u00e9n\u00e9rez votre widget en quelques minutes.\" \/>\n<meta name=\"robots\" content=\"index, follow, max-snippet:-1, max-image-preview:large, max-video-preview:-1\" \/>\n<link rel=\"canonical\" href=\"https:\/\/elfsight.com\/fr\/youtube-channel-plugin-yottie\/iframe\/\" \/>\n<meta property=\"og:locale\" content=\"fr_FR\" \/>\n<meta property=\"og:type\" content=\"article\" \/>\n<meta property=\"og:title\" content=\"Galerie YouTube - ajoutez Plugin YouTube sur iFrame\" \/>\n<meta property=\"og:description\" content=\"Int\u00e9grez une Galerie YouTube avantageuse sur votre site. Appliquez la d\u00e9mo d&#039;Elfsight et g\u00e9n\u00e9rez votre widget en quelques minutes.\" \/>\n<meta property=\"og:url\" content=\"https:\/\/elfsight.com\/fr\/youtube-channel-plugin-yottie\/iframe\/\" \/>\n<meta property=\"og:site_name\" content=\"Elfsight FR\" \/>\n<meta property=\"article:modified_time\" content=\"2025-07-10T15:08:05+00:00\" \/>\n<meta name=\"twitter:card\" content=\"summary_large_image\" \/>\n<meta name=\"twitter:label1\" content=\"Dur\u00e9e de lecture estim\u00e9e\" \/>\n\t<meta name=\"twitter:data1\" content=\"1 minute\" \/>\n<!-- \/ Yoast SEO plugin. -->","yoast_head_json":{"title":"Galerie YouTube - ajoutez Plugin YouTube sur iFrame","description":"Int\u00e9grez une Galerie YouTube avantageuse sur votre site. Appliquez la d\u00e9mo d'Elfsight et g\u00e9n\u00e9rez votre widget en quelques minutes.","robots":{"index":"index","follow":"follow","max-snippet":"max-snippet:-1","max-image-preview":"max-image-preview:large","max-video-preview":"max-video-preview:-1"},"canonical":"https:\/\/elfsight.com\/fr\/youtube-channel-plugin-yottie\/iframe\/","og_locale":"fr_FR","og_type":"article","og_title":"Galerie YouTube - ajoutez Plugin YouTube sur iFrame","og_description":"Int\u00e9grez une Galerie YouTube avantageuse sur votre site. Appliquez la d\u00e9mo d'Elfsight et g\u00e9n\u00e9rez votre widget en quelques minutes.","og_url":"https:\/\/elfsight.com\/fr\/youtube-channel-plugin-yottie\/iframe\/","og_site_name":"Elfsight FR","article_modified_time":"2025-07-10T15:08:05+00:00","twitter_card":"summary_large_image","twitter_misc":{"Dur\u00e9e de lecture estim\u00e9e":"1 minute"},"schema":{"@context":"https:\/\/schema.org","@graph":[{"@type":"WebPage","@id":"https:\/\/elfsight.com\/fr\/youtube-channel-plugin-yottie\/iframe\/","url":"https:\/\/elfsight.com\/fr\/youtube-channel-plugin-yottie\/iframe\/","name":"Galerie YouTube - ajoutez Plugin YouTube sur iFrame","isPartOf":{"@id":"https:\/\/elfsight.com\/fr\/#website"},"datePublished":"2021-12-03T11:16:36+00:00","dateModified":"2025-07-10T15:08:05+00:00","description":"Int\u00e9grez une Galerie YouTube avantageuse sur votre site. Appliquez la d\u00e9mo d'Elfsight et g\u00e9n\u00e9rez votre widget en quelques minutes.","breadcrumb":{"@id":"https:\/\/elfsight.com\/fr\/youtube-channel-plugin-yottie\/iframe\/#breadcrumb"},"inLanguage":"fr-FR","potentialAction":[{"@type":"ReadAction","target":["https:\/\/elfsight.com\/fr\/youtube-channel-plugin-yottie\/iframe\/"]}]},{"@type":"BreadcrumbList","@id":"https:\/\/elfsight.com\/fr\/youtube-channel-plugin-yottie\/iframe\/#breadcrumb","itemListElement":[{"@type":"ListItem","position":1,"name":"Home","item":"https:\/\/elfsight.com\/fr\/"},{"@type":"ListItem","position":2,"name":"YouTube Gallery","item":"https:\/\/elfsight.com\/fr\/youtube-channel-plugin-yottie\/"},{"@type":"ListItem","position":3,"name":"YouTube Gallery &#8211; iFrame"}]},{"@type":"WebSite","@id":"https:\/\/elfsight.com\/fr\/#website","url":"https:\/\/elfsight.com\/fr\/","name":"Elfsight FR","description":"","potentialAction":[{"@type":"SearchAction","target":{"@type":"EntryPoint","urlTemplate":"https:\/\/elfsight.com\/fr\/?s={search_term_string}"},"query-input":{"@type":"PropertyValueSpecification","valueRequired":true,"valueName":"search_term_string"}}],"inLanguage":"fr-FR"}]}},"meta_box":{"industry":"","seo_heading":"","heading":"","description":"","cta_heading":"","cta_description":"","application":"760","h1":"Widget Galerie YouTube pour iFrame","h1_caption":"Int\u00e9grez sans effort une galerie de vid\u00e9os YouTube pour pr\u00e9senter du contenu tel que des didacticiels, des t\u00e9moignages ou des pr\u00e9sentations de produits sur votre site Web dans votre site Web iFrame.","application_category":[],"applications_title":"","applications_request_title":"","applications_request_button_text":"","hero_text":"","hero_video":"","hero_video_schema_markup":"","selling_points_title":"","selling_points_caption":"","selling_points":[],"selling_points_cta_text":"","features_title":"","features":"","ed_cta_examples_text":"","ed_cta_examples_hidden":"","ed_cta_demo_text":"","ed_cta_demo_hidden":"","why_caption":"","why_editor_title":"","why_editor_text":"","why_team_title":"","why_team_text":"","why_service_title":"","why_service_text":"","template_catalog_visible":"","template_catalog_title":"","template_catalog_text":"","template_catalog_categories_visible":"","demo_title":"Cr\u00e9ez votre widget Galerie YouTube","demo_caption":"Configurez votre galerie YouTube et ajoutez-la gratuitement \u00e0 votre site Web iFrame\u00a0!","default_faq_hidden":"","app_template_category":[],"platform":"371","template_public_id":"","codecanyon_url":"","codecanyon_item_id":"","codecanyon_price":"","pricing_caption":"","pricing_elfsight_apps_hide_column":"","pricing_elfsight_apps_url":"","pricing_codecanyon_price_caption":"","integration_category":[],"integration_request_title":"","integration_request_cta":"","integration_platform":"","integrations":[],"platform_category":[],"video_schema_markup":"","price":"\u00c0 partir de $0\/mois","trial":"","benefits":[{"text":"Installation gratuite"},{"text":"Support Premium"},{"text":"Garantie de remboursement de 14 jours"},{"text":"L'am\u00e9lioration continue"}],"button_url":"#demo","button_target_blank":"0","button_nofollow":"0","attributes":[{"name":"Nombre d'installations","content":"1,000 - 5,000","_state":"expanded"},{"name":"Adaptif","content":"Oui","_state":"expanded"},{"name":"Navigateurs compatibles","content":"Firefox, Safari, Opera, Chrome, Edge","_state":"expanded"}],"tags":[],"tags_disable_links":"0","hide_more_platforms":"","video_object":"","demo_hide_cta":"0","demo_hide_cloud_options":"0","pricing_title":"","pricing":[{"pricing_icon":"platform","pricing_title":"Applications d'Elfsight","pricing_title_caption":"Solution num\u00e9rique multiplateforme qui fonctionne sur n'importe quel site","pricing_price":"\u00c0 partir de $0\/mois","pricing_price_caption":"Commencez avec un plan gratuit","pricing_benefits":[{"text":"Sites Web illimit\u00e9s"},{"text":"\u00c9quipe d'assistance professionnelle"},{"text":"Service d'installation gratuit"},{"text":"100% personnalisable"}],"pricing_button_text":"Ajouter au site Web","pricing_button_url":"https:\/\/apps.elfsight.com\/sign-up\/","pricing_button_nofollow":"1","_state":"expanded"}],"related_apps_title":"","related_apps_hidden":"1","author":"","image":[],"title":"","job":"","social_networks":[]},"_links":{"self":[{"href":"https:\/\/elfsight.com\/fr\/wp-json\/wp\/v2\/pages\/6404","targetHints":{"allow":["GET"]}}],"collection":[{"href":"https:\/\/elfsight.com\/fr\/wp-json\/wp\/v2\/pages"}],"about":[{"href":"https:\/\/elfsight.com\/fr\/wp-json\/wp\/v2\/types\/page"}],"author":[{"embeddable":true,"href":"https:\/\/elfsight.com\/fr\/wp-json\/wp\/v2\/users\/18"}],"replies":[{"embeddable":true,"href":"https:\/\/elfsight.com\/fr\/wp-json\/wp\/v2\/comments?post=6404"}],"version-history":[{"count":3,"href":"https:\/\/elfsight.com\/fr\/wp-json\/wp\/v2\/pages\/6404\/revisions"}],"predecessor-version":[{"id":14103,"href":"https:\/\/elfsight.com\/fr\/wp-json\/wp\/v2\/pages\/6404\/revisions\/14103"}],"up":[{"embeddable":true,"href":"https:\/\/elfsight.com\/fr\/wp-json\/wp\/v2\/pages\/776"}],"wp:attachment":[{"href":"https:\/\/elfsight.com\/fr\/wp-json\/wp\/v2\/media?parent=6404"}],"curies":[{"name":"wp","href":"https:\/\/api.w.org\/{rel}","templated":true}]}}