{"id":6398,"date":"2021-12-03T11:19:21","date_gmt":"2021-12-03T11:19:21","guid":{"rendered":"https:\/\/elfsight.com\/fr\/?page_id=6398"},"modified":"2025-07-10T15:07:55","modified_gmt":"2025-07-10T15:07:55","slug":"godaddy","status":"publish","type":"page","link":"https:\/\/elfsight.com\/fr\/youtube-channel-plugin-yottie\/godaddy\/","title":{"rendered":"YouTube Gallery &#8211; GoDaddy"},"content":{"rendered":"<div class=\"application-platform-content-item-description application-platform-content-item\" id=\"description\" data-nav-section=\"description\"> <h2>Int\u00e9grer la galerie YouTube sur GoDaddy avec le widget Elfsight<\/h2> <p>Le plugin Elfsight YouTube Gallery pour GoDaddy est un outil efficace pour int\u00e9grer YouTube contenu dans votre site Web. Pr\u00e9sentez des vid\u00e9os, cr\u00e9ez des galeries ou affichez des cha\u00eenes compl\u00e8tes sur le site Web pour divertir vos visiteurs et aider \u00e0 promouvoir votre marque. Montrez des didacticiels vid\u00e9o et fid\u00e9lisez vos clients, affichez des critiques vid\u00e9o de vos produits pour attirer de nouveaux clients et voyez comment votre marque devient de plus en plus populaire\u00a0!<\/p> <p><b>Augmentez le nombre de prospects gr\u00e2ce aux promotions vid\u00e9o et aux critiques. , et des t\u00e9moignages\u00a0!<\/b><\/p> <\/div> <div class=\"application-platform-content-item-features application-platform-content-item\" id=\"features\" data-nav-section=\"features\"> <h2>Les fonctionnalit\u00e9s fondamentales du plugin contiennent<\/h2> <ul><li>Des mises \u00e0 jour r\u00e9guli\u00e8res en direct<\/li><li>Support premium pour tout probl\u00e8me par une \u00e9quipe professionnelle<\/li><li>Service d&rsquo;installation gratuit<\/li><li>Couleurs personnalisables pour l&rsquo;en-t\u00eate, les groupes, le contenu, la vid\u00e9o et les fen\u00eatres contextuelles<\/li><li>5 couleurs int\u00e9gr\u00e9es <\/li><\/ul><p><a href=\"#demo\">Cochez simplement cette d\u00e9mo pour voir comment elle fonctionne<\/a><\/p> <\/div> <div class=\"application-platform-content-item-installation application-platform-content-item\" id=\"installation\" data-nav-section=\"installation\"> <h2>Comment ajouter la galerie YouTube sur ma page Web GoDaddy\u00a0? <\/h2> <p>Suivez simplement les \u00e9tapes suivantes d\u00e9crites ci-dessous pour ajouter le plugin. <\/p> <ol><li><b>G\u00e9rez notre \u00e9diteur gratuit et commencez \u00e0 cr\u00e9er votre plugin personnalis\u00e9. <\/b><br> Sp\u00e9cifiez l&rsquo;interface et les fonctionnalit\u00e9s s\u00e9lectionn\u00e9es de l&rsquo;outil et enregistrez les corrections. <\/li> <li><b>Acqu\u00e9rez votre code individuel qui est affich\u00e9 dans la case sur les applications Elfsight. <\/b><br> D\u00e8s que la g\u00e9n\u00e9ration de votre plugin personnel est termin\u00e9e, copiez le code personnel dans la fen\u00eatre qui appara\u00eet et conservez-le pour une utilisation ult\u00e9rieure. <\/li> <li><b>Commencez l&rsquo;application de l&rsquo;outil sur votre site GoDaddy. <\/b><br> Placez le code que vous avez copi\u00e9 r\u00e9cemment sur votre page d&rsquo;accueil et appliquez les modifications. <\/li> <li><b>Fait\u00a0! L&rsquo;installation est termin\u00e9e avec succ\u00e8s. <\/b><br> Acc\u00e9dez \u00e0 votre page Web pour v\u00e9rifier les performances de l&rsquo;outil. <\/li><\/ol> <p>Si vous rencontrez des difficult\u00e9s, veuillez faire appel \u00e0 notre \u00e9quipe d&rsquo;assistance. Nos sp\u00e9cialistes sont impatients de r\u00e9soudre tous les probl\u00e8mes que vous pourriez rencontrer avec l&rsquo;outil. <\/p> <div class=\"faq\" data-component=\"FAQ\"><div class=\"faq-item\">\r\n\t\t\t\t\t<div class=\"faq-item-question\">\r\n\t\t\t\t\t\t<h3 class=\"faq-item-question-text\">Comment puis-je int\u00e9grer le plugin GoDaddy YouTube Gallery dans mon site Web sans comp\u00e9tences en codage ?<\/h3>\r\n\r\n\t\t\t\t\t\t<div class=\"faq-item-question-icon\"><\/div>\r\n\t\t\t\t\t<\/div>\r\n\r\n\t\t\t\t\t<div class=\"faq-item-answer\">\r\n\t\t\t\t\t\t<div class=\"faq-item-answer-text\"><p>Elfsight fournit une solution bas\u00e9e sur le cloud qui permet aux utilisateurs de cr\u00e9er un plugin GoDaddy YouTube Gallery. par eux-m\u00eame. D\u00e9couvrez \u00e0 quel point le processus peut \u00eatre simple\u00a0:<\/p><ul><li>Acc\u00e9dez \u00e0 l&rsquo;\u00e9diteur en ligne pour g\u00e9n\u00e9rer une section de plug-in GoDaddy YouTube Gallery que vous souhaitez int\u00e9grer \u00e0 votre site Web.<\/li><li>S\u00e9lectionnez l&rsquo;une des options suivantes\u00a0: nos mod\u00e8les pr\u00e9d\u00e9finis et personnalisez les param\u00e8tres du plug-in GoDaddy YouTube Gallery, modifiez la mise en page et la palette de couleurs, incluez votre contenu sans avoir besoin de codage.<\/li><li>Conservez les param\u00e8tres que vous avez configur\u00e9s pour le plug-in GoDaddy YouTube Gallery. et obtenez le code d&rsquo;int\u00e9gration, qui peut \u00eatre ins\u00e9r\u00e9 sans effort et gratuitement dans votre site Web.<\/li><\/ul><p>En travaillant dans l&rsquo;\u00e9diteur convivial, tout internaute peut cr\u00e9er une section de plug-in GoDaddy YouTube Gallery. et int\u00e9grez-le \u00e0 leur site Web. Il n&rsquo;y a aucune exigence de paiement ou de divulgation des informations de votre carte pour acc\u00e9der \u00e0 l&rsquo;\u00e9diteur Elfsight. Si vous rencontrez des difficult\u00e9s \u00e0 un moment donn\u00e9, n&rsquo;h\u00e9sitez pas \u00e0 contacter notre service client.<\/p><\/div>\r\n\t\t\t\t\t<\/div>\r\n\t\t\t\t<\/div><\/div><\/div>","protected":false},"excerpt":{"rendered":"","protected":false},"author":18,"featured_media":0,"parent":776,"menu_order":0,"comment_status":"closed","ping_status":"closed","template":"templates\/template-application-platform.php","meta":{"publish_to_discourse":"","publish_post_category":"","wpdc_auto_publish_overridden":"","wpdc_topic_tags":"","wpdc_pin_topic":"","wpdc_pin_until":"","discourse_post_id":"","discourse_permalink":"","wpdc_publishing_response":"","wpdc_publishing_error":"","footnotes":""},"class_list":["post-6398","page","type-page","status-publish","hentry"],"yoast_head":"<!-- This site is optimized with the Yoast SEO plugin v25.3.1 - https:\/\/yoast.com\/wordpress\/plugins\/seo\/ -->\n<title>Galerie YouTube - ajoutez Plugin YouTube sur GoDaddy<\/title>\n<meta name=\"description\" content=\"Int\u00e9grez une Galerie YouTube attractive sur votre site. Appliquez la d\u00e9mo d&#039;Elfsight et g\u00e9n\u00e9rez votre plugin en deux minutes.\" \/>\n<meta name=\"robots\" content=\"index, follow, max-snippet:-1, max-image-preview:large, max-video-preview:-1\" \/>\n<link rel=\"canonical\" href=\"https:\/\/elfsight.com\/fr\/youtube-channel-plugin-yottie\/godaddy\/\" \/>\n<meta property=\"og:locale\" content=\"fr_FR\" \/>\n<meta property=\"og:type\" content=\"article\" \/>\n<meta property=\"og:title\" content=\"Galerie YouTube - ajoutez Plugin YouTube sur GoDaddy\" \/>\n<meta property=\"og:description\" content=\"Int\u00e9grez une Galerie YouTube attractive sur votre site. Appliquez la d\u00e9mo d&#039;Elfsight et g\u00e9n\u00e9rez votre plugin en deux minutes.\" \/>\n<meta property=\"og:url\" content=\"https:\/\/elfsight.com\/fr\/youtube-channel-plugin-yottie\/godaddy\/\" \/>\n<meta property=\"og:site_name\" content=\"Elfsight FR\" \/>\n<meta property=\"article:modified_time\" content=\"2025-07-10T15:07:55+00:00\" \/>\n<meta name=\"twitter:card\" content=\"summary_large_image\" \/>\n<meta name=\"twitter:label1\" content=\"Dur\u00e9e de lecture estim\u00e9e\" \/>\n\t<meta name=\"twitter:data1\" content=\"1 minute\" \/>\n<!-- \/ Yoast SEO plugin. -->","yoast_head_json":{"title":"Galerie YouTube - ajoutez Plugin YouTube sur GoDaddy","description":"Int\u00e9grez une Galerie YouTube attractive sur votre site. Appliquez la d\u00e9mo d'Elfsight et g\u00e9n\u00e9rez votre plugin en deux minutes.","robots":{"index":"index","follow":"follow","max-snippet":"max-snippet:-1","max-image-preview":"max-image-preview:large","max-video-preview":"max-video-preview:-1"},"canonical":"https:\/\/elfsight.com\/fr\/youtube-channel-plugin-yottie\/godaddy\/","og_locale":"fr_FR","og_type":"article","og_title":"Galerie YouTube - ajoutez Plugin YouTube sur GoDaddy","og_description":"Int\u00e9grez une Galerie YouTube attractive sur votre site. Appliquez la d\u00e9mo d'Elfsight et g\u00e9n\u00e9rez votre plugin en deux minutes.","og_url":"https:\/\/elfsight.com\/fr\/youtube-channel-plugin-yottie\/godaddy\/","og_site_name":"Elfsight FR","article_modified_time":"2025-07-10T15:07:55+00:00","twitter_card":"summary_large_image","twitter_misc":{"Dur\u00e9e de lecture estim\u00e9e":"1 minute"},"schema":{"@context":"https:\/\/schema.org","@graph":[{"@type":"WebPage","@id":"https:\/\/elfsight.com\/fr\/youtube-channel-plugin-yottie\/godaddy\/","url":"https:\/\/elfsight.com\/fr\/youtube-channel-plugin-yottie\/godaddy\/","name":"Galerie YouTube - ajoutez Plugin YouTube sur GoDaddy","isPartOf":{"@id":"https:\/\/elfsight.com\/fr\/#website"},"datePublished":"2021-12-03T11:19:21+00:00","dateModified":"2025-07-10T15:07:55+00:00","description":"Int\u00e9grez une Galerie YouTube attractive sur votre site. Appliquez la d\u00e9mo d'Elfsight et g\u00e9n\u00e9rez votre plugin en deux minutes.","breadcrumb":{"@id":"https:\/\/elfsight.com\/fr\/youtube-channel-plugin-yottie\/godaddy\/#breadcrumb"},"inLanguage":"fr-FR","potentialAction":[{"@type":"ReadAction","target":["https:\/\/elfsight.com\/fr\/youtube-channel-plugin-yottie\/godaddy\/"]}]},{"@type":"BreadcrumbList","@id":"https:\/\/elfsight.com\/fr\/youtube-channel-plugin-yottie\/godaddy\/#breadcrumb","itemListElement":[{"@type":"ListItem","position":1,"name":"Home","item":"https:\/\/elfsight.com\/fr\/"},{"@type":"ListItem","position":2,"name":"YouTube Gallery","item":"https:\/\/elfsight.com\/fr\/youtube-channel-plugin-yottie\/"},{"@type":"ListItem","position":3,"name":"YouTube Gallery &#8211; GoDaddy"}]},{"@type":"WebSite","@id":"https:\/\/elfsight.com\/fr\/#website","url":"https:\/\/elfsight.com\/fr\/","name":"Elfsight FR","description":"","potentialAction":[{"@type":"SearchAction","target":{"@type":"EntryPoint","urlTemplate":"https:\/\/elfsight.com\/fr\/?s={search_term_string}"},"query-input":{"@type":"PropertyValueSpecification","valueRequired":true,"valueName":"search_term_string"}}],"inLanguage":"fr-FR"}]}},"meta_box":{"industry":"","seo_heading":"","heading":"","description":"","cta_heading":"","cta_description":"","application":"760","h1":"App Galerie YouTube pour GoDaddy","h1_caption":"Int\u00e9grez sans effort une galerie de vid\u00e9os YouTube pour pr\u00e9senter du contenu tel que des didacticiels, des t\u00e9moignages ou des pr\u00e9sentations de produits sur votre site Web dans votre site Web GoDaddy.","application_category":[],"applications_title":"","applications_request_title":"","applications_request_button_text":"","hero_text":"","hero_video":"","hero_video_schema_markup":"","selling_points_title":"","selling_points_caption":"","selling_points":[],"selling_points_cta_text":"","features_title":"","features":"","ed_cta_examples_text":"","ed_cta_examples_hidden":"","ed_cta_demo_text":"","ed_cta_demo_hidden":"","why_caption":"","why_editor_title":"","why_editor_text":"","why_team_title":"","why_team_text":"","why_service_title":"","why_service_text":"","template_catalog_visible":"","template_catalog_title":"","template_catalog_text":"","template_catalog_categories_visible":"","demo_title":"Cr\u00e9ez votre plugin Galerie YouTube","demo_caption":"Configurez votre galerie YouTube et ajoutez-la gratuitement \u00e0 votre site Web GoDaddy\u00a0!","default_faq_hidden":"","app_template_category":[],"platform":"370","template_public_id":"","codecanyon_url":"","codecanyon_item_id":"","codecanyon_price":"","pricing_caption":"","pricing_elfsight_apps_hide_column":"","pricing_elfsight_apps_url":"","pricing_codecanyon_price_caption":"","integration_category":[],"integration_request_title":"","integration_request_cta":"","integration_platform":"","integrations":[],"platform_category":[],"video_schema_markup":"","price":"\u00c0 partir de $0\/mois","trial":"","benefits":[{"text":"Installation gratuite"},{"text":"Support Premium"},{"text":"Garantie de remboursement de 14 jours"},{"text":"L'am\u00e9lioration continue"}],"button_url":"#demo","button_target_blank":"0","button_nofollow":"0","attributes":[{"name":"Nombre d'installations","content":"1,000 - 5,000","_state":"expanded"},{"name":"Adaptif","content":"Oui","_state":"expanded"},{"name":"Navigateurs compatibles","content":"Firefox, Safari, Opera, Chrome, Edge","_state":"expanded"}],"tags":[],"tags_disable_links":"0","hide_more_platforms":"","video_object":"","demo_hide_cta":"0","demo_hide_cloud_options":"0","pricing_title":"","pricing":[{"pricing_icon":"platform","pricing_title":"Applications d'Elfsight","pricing_title_caption":"Solution num\u00e9rique multiplateforme qui fonctionne sur n'importe quel site","pricing_price":"\u00c0 partir de $0\/mois","pricing_price_caption":"Commencez avec un plan gratuit","pricing_benefits":[{"text":"Sites Web illimit\u00e9s"},{"text":"\u00c9quipe d'assistance professionnelle"},{"text":"Service d'installation gratuit"},{"text":"100% personnalisable"}],"pricing_button_text":"Ajouter au site Web","pricing_button_url":"https:\/\/apps.elfsight.com\/sign-up\/","pricing_button_nofollow":"1","_state":"expanded"}],"related_apps_title":"","related_apps_hidden":"1","author":"","image":[],"title":"","job":"","social_networks":[]},"_links":{"self":[{"href":"https:\/\/elfsight.com\/fr\/wp-json\/wp\/v2\/pages\/6398","targetHints":{"allow":["GET"]}}],"collection":[{"href":"https:\/\/elfsight.com\/fr\/wp-json\/wp\/v2\/pages"}],"about":[{"href":"https:\/\/elfsight.com\/fr\/wp-json\/wp\/v2\/types\/page"}],"author":[{"embeddable":true,"href":"https:\/\/elfsight.com\/fr\/wp-json\/wp\/v2\/users\/18"}],"replies":[{"embeddable":true,"href":"https:\/\/elfsight.com\/fr\/wp-json\/wp\/v2\/comments?post=6398"}],"version-history":[{"count":3,"href":"https:\/\/elfsight.com\/fr\/wp-json\/wp\/v2\/pages\/6398\/revisions"}],"predecessor-version":[{"id":14099,"href":"https:\/\/elfsight.com\/fr\/wp-json\/wp\/v2\/pages\/6398\/revisions\/14099"}],"up":[{"embeddable":true,"href":"https:\/\/elfsight.com\/fr\/wp-json\/wp\/v2\/pages\/776"}],"wp:attachment":[{"href":"https:\/\/elfsight.com\/fr\/wp-json\/wp\/v2\/media?parent=6398"}],"curies":[{"name":"wp","href":"https:\/\/api.w.org\/{rel}","templated":true}]}}