{"id":6394,"date":"2021-12-03T11:20:12","date_gmt":"2021-12-03T11:20:12","guid":{"rendered":"https:\/\/elfsight.com\/fr\/?page_id=6394"},"modified":"2025-07-10T15:07:47","modified_gmt":"2025-07-10T15:07:47","slug":"elementor","status":"publish","type":"page","link":"https:\/\/elfsight.com\/fr\/youtube-channel-plugin-yottie\/elementor\/","title":{"rendered":"YouTube Gallery &#8211; Elementor"},"content":{"rendered":"<div class=\"application-platform-content-item-description application-platform-content-item\" id=\"description\" data-nav-section=\"description\"><h2>Int\u00e9grez la galerie YouTube sur Elementor avec le widget Elfsight<\/h2><p>Un widget universel pour YouTube, qui permet d&rsquo;afficher toutes sortes de vid\u00e9os sur le site Internet. S\u00e9lectionnez des cha\u00eenes et des clips vid\u00e9o individuels pour concevoir votre playlist unique et affichez-la directement sur la page en utilisant la mise en page la plus appropri\u00e9e (galerie vid\u00e9o, portfolio, cha\u00eene, vid\u00e9o unique).<\/p><p>Notre widget est finalement compatible avec tous les gadgets. et syst\u00e8mes, il dispose d&rsquo;environ 100 param\u00e8tres de configuration, d&rsquo;une mise en page flexible et de nombreux autres traits qui permettent de l&rsquo;afficher sur n&rsquo;importe quel site Web.<\/p><p><b>Augmentez l&rsquo;engagement de vos lecteurs via le contenu vid\u00e9o.<\/b><\/p><p><b>Concevez une galerie vid\u00e9o individuelle pour attirer l&rsquo;attention accrue de vos clients.<\/b><br> Augmentez l&rsquo;interaction avec l&rsquo;audience de votre site via des vid\u00e9os YouTube. \u00c9tonnez les lecteurs de votre site avec des vid\u00e9os fascinantes. vid\u00e9os de YouTube et suscitez leur int\u00e9r\u00eat plus que jamais.<\/p><p><b>Fournissez un maximum d&rsquo;informations sur vos produits avec le contenu YouTube.<\/b><br>Utilisez des annonces, des avis, des vid\u00e9os analytiques, des didacticiels et d&rsquo;autres types de vid\u00e9os pour fournir au public des informations compl\u00e8tes sur vos produits et le convaincre de cr\u00e9er un achat.<\/p><p><b>Meilleurs fans pour votre profil YouTube.<\/b><br>Transformez l&rsquo;audience de votre site Web en votre fans sur YouTube. Ajoutez une m\u00e9thode rapide et simple pour visionner des vid\u00e9os et suivre votre cha\u00eene directement depuis la page.<\/p><\/div><div class=\"application-platform-content-item-features application-platform-content-item\" id=\"features\" data-nav-section=\"features\"><h2>Principales fonctionnalit\u00e9s du widget Galerie YouTube<\/h2><p>Ces caract\u00e9ristiques de notre widget en font le meilleur outil pour ajouter des vid\u00e9os YouTube sur un site Elementor.<\/p><ul><li>Cr\u00e9er des groupes de sources\u00a0;<\/li><li>Description de la cha\u00eene modifiable\u00a0;<\/li> <li>D\u00e9finissez un nombre illimit\u00e9 de colonnes et de lignes\u00a0;<\/li><li>3\u00a0modes de lecture\u00a0: en ligne, dans une fen\u00eatre contextuelle et redirection vers YouTube\u00a0;<\/li><li>Mode gratuit facultatif pour faire d\u00e9filer les vid\u00e9os une par une\u00a0;<\/li><li>24 \u00e9l\u00e9ments contextuels pouvant \u00eatre peints\u00a0;<\/li><li>Mode de confidentialit\u00e9 am\u00e9lior\u00e9.<\/li><\/ul><p><a href=\"#demo\">Essayez plus de fonctionnalit\u00e9s dans le panneau des widgets en direct <\/a><\/p><\/div><div class=\"application-platform-content-item-installation application-platform-content-item\" id=\"installation\" data-nav-section=\"installation\"><h2>Comment ajouter la galerie vid\u00e9o YouTube au site Web Elementor<\/h2><div class=\"video-container\"><iframe width=\"720\" height=\"405\" src=\"https:\/\/www.youtube.com\/embed\/ap6_ibj7BuI\" frameborder=\"0\" allowfullscreen=\"\"><\/iframe><\/div><p>Une br\u00e8ve instruction de notre \u00e9quipe pour ajouter le widget \u00e0 votre site sans connaissances en programmation. Le temps d&rsquo;installation moyen est inf\u00e9rieur \u00e0 80 secondes.<\/p><ol><li><b>G\u00e9n\u00e9rez votre galerie YouTube sur mesure<\/b><br> Dans notre configurateur gratuit, fa\u00e7onnez votre plugin, en s\u00e9lectionnant le mod\u00e8le, la mise en page et autres fonctionnalit\u00e9s.<\/li> <li><b>Copiez le code unique pour ajouter le plugin au site<\/b><br> Une fois la configuration du widget termin\u00e9e, vous recevrez un code unique pour le plugin YouTube dans une notification sur Elfsight. Applications.<\/li><li><b>Ajoutez le plugin au site Web Elementor<\/b><br> Ins\u00e9rez le plugin dans la zone s\u00e9lectionn\u00e9e de la page et publiez les modifications.<\/li><li><b> Vous avez enti\u00e8rement effectu\u00e9 l&rsquo;installation<\/b><br> Acc\u00e9dez \u00e0 votre site pour voir votre travail.<\/li><\/ol><p>Si lors de la configuration ou de la modification des param\u00e8tres de la galerie YouTube, vous rencontrez des probl\u00e8mes, envoyez un demande \u00e0 notre centre d&rsquo;aide. Nous sommes l\u00e0 pour r\u00e9pondre \u00e0 vos questions.<\/p><div class=\"faq\" data-component=\"FAQ\"><div class=\"faq-item\">\r\n\t\t\t\t\t<div class=\"faq-item-question\">\r\n\t\t\t\t\t\t<h3 class=\"faq-item-question-text\">Comment puis-je int\u00e9grer une galerie vid\u00e9o YouTube dans mon site Web Squarespace sans comp\u00e9tences en codage ?<\/h3>\r\n\r\n\t\t\t\t\t\t<div class=\"faq-item-question-icon\"><\/div>\r\n\t\t\t\t\t<\/div>\r\n\r\n\t\t\t\t\t<div class=\"faq-item-answer\">\r\n\t\t\t\t\t\t<div class=\"faq-item-answer-text\"><p>Elfsight fournit une solution bas\u00e9e sur le cloud qui permet les utilisateurs de cr\u00e9er eux-m\u00eames une galerie vid\u00e9o YouTube. D\u00e9couvrez \u00e0 quel point le processus est simple\u00a0:<\/p><ul><li>Acc\u00e9dez \u00e0 l&rsquo;\u00e9diteur en ligne pour cr\u00e9er une section de galerie de vid\u00e9os YouTube que vous souhaitez int\u00e9grer \u00e0 votre site Squarespace.<\/li><li>S\u00e9lectionnez l&rsquo;une des nos mod\u00e8les pr\u00e9structur\u00e9s et ajustez les param\u00e8tres de la galerie vid\u00e9o YouTube, modifiez le design et la palette de couleurs, ajoutez votre contenu sans aucune n\u00e9cessit\u00e9 de codage.<\/li><li>Conservez les pr\u00e9f\u00e9rences que vous avez d\u00e9finies pour la galerie vid\u00e9o YouTube et recevez le code d&rsquo;insertion du widget, qui peut \u00eatre simplement ajout\u00e9 \u00e0 votre site Squarespace sans frais.<\/li><\/ul><p>En utilisant l&rsquo;\u00e9diteur convivial, tout utilisateur Web peut cr\u00e9er une section Galerie de vid\u00e9os YouTube et ajoutez-le \u00e0 leur site Web Squarespace. Il n&rsquo;est pas n\u00e9cessaire de payer ni de divulguer les d\u00e9tails de votre carte pour acc\u00e9der \u00e0 l&rsquo;\u00e9diteur Elfsight. Si vous rencontrez des difficult\u00e9s \u00e0 un moment donn\u00e9, n&rsquo;h\u00e9sitez pas \u00e0 contacter notre service client.<\/p><\/div>\r\n\t\t\t\t\t<\/div>\r\n\t\t\t\t<\/div><\/div><\/div>","protected":false},"excerpt":{"rendered":"","protected":false},"author":18,"featured_media":0,"parent":776,"menu_order":0,"comment_status":"closed","ping_status":"closed","template":"templates\/template-application-platform.php","meta":{"publish_to_discourse":"","publish_post_category":"","wpdc_auto_publish_overridden":"","wpdc_topic_tags":"","wpdc_pin_topic":"","wpdc_pin_until":"","discourse_post_id":"","discourse_permalink":"","wpdc_publishing_response":"","wpdc_publishing_error":"","footnotes":""},"class_list":["post-6394","page","type-page","status-publish","hentry"],"yoast_head":"<!-- This site is optimized with the Yoast SEO plugin v25.3.1 - https:\/\/yoast.com\/wordpress\/plugins\/seo\/ -->\n<title>Galerie YouTube - ajoutez Plugin YouTube sur Elementor<\/title>\n<meta name=\"description\" content=\"Int\u00e9grez une Galerie YouTube avantageuse sur votre site. Appliquez la d\u00e9mo d&#039;Elfsight et g\u00e9n\u00e9rez votre widget en quelques minutes.\" \/>\n<meta name=\"robots\" content=\"index, follow, max-snippet:-1, max-image-preview:large, max-video-preview:-1\" \/>\n<link rel=\"canonical\" href=\"https:\/\/elfsight.com\/fr\/youtube-channel-plugin-yottie\/elementor\/\" \/>\n<meta property=\"og:locale\" content=\"fr_FR\" \/>\n<meta property=\"og:type\" content=\"article\" \/>\n<meta property=\"og:title\" content=\"Galerie YouTube - ajoutez Plugin YouTube sur Elementor\" \/>\n<meta property=\"og:description\" content=\"Int\u00e9grez une Galerie YouTube avantageuse sur votre site. Appliquez la d\u00e9mo d&#039;Elfsight et g\u00e9n\u00e9rez votre widget en quelques minutes.\" \/>\n<meta property=\"og:url\" content=\"https:\/\/elfsight.com\/fr\/youtube-channel-plugin-yottie\/elementor\/\" \/>\n<meta property=\"og:site_name\" content=\"Elfsight FR\" \/>\n<meta property=\"article:modified_time\" content=\"2025-07-10T15:07:47+00:00\" \/>\n<meta name=\"twitter:card\" content=\"summary_large_image\" \/>\n<meta name=\"twitter:label1\" content=\"Dur\u00e9e de lecture estim\u00e9e\" \/>\n\t<meta name=\"twitter:data1\" content=\"1 minute\" \/>\n<!-- \/ Yoast SEO plugin. -->","yoast_head_json":{"title":"Galerie YouTube - ajoutez Plugin YouTube sur Elementor","description":"Int\u00e9grez une Galerie YouTube avantageuse sur votre site. Appliquez la d\u00e9mo d'Elfsight et g\u00e9n\u00e9rez votre widget en quelques minutes.","robots":{"index":"index","follow":"follow","max-snippet":"max-snippet:-1","max-image-preview":"max-image-preview:large","max-video-preview":"max-video-preview:-1"},"canonical":"https:\/\/elfsight.com\/fr\/youtube-channel-plugin-yottie\/elementor\/","og_locale":"fr_FR","og_type":"article","og_title":"Galerie YouTube - ajoutez Plugin YouTube sur Elementor","og_description":"Int\u00e9grez une Galerie YouTube avantageuse sur votre site. Appliquez la d\u00e9mo d'Elfsight et g\u00e9n\u00e9rez votre widget en quelques minutes.","og_url":"https:\/\/elfsight.com\/fr\/youtube-channel-plugin-yottie\/elementor\/","og_site_name":"Elfsight FR","article_modified_time":"2025-07-10T15:07:47+00:00","twitter_card":"summary_large_image","twitter_misc":{"Dur\u00e9e de lecture estim\u00e9e":"1 minute"},"schema":{"@context":"https:\/\/schema.org","@graph":[{"@type":"WebPage","@id":"https:\/\/elfsight.com\/fr\/youtube-channel-plugin-yottie\/elementor\/","url":"https:\/\/elfsight.com\/fr\/youtube-channel-plugin-yottie\/elementor\/","name":"Galerie YouTube - ajoutez Plugin YouTube sur Elementor","isPartOf":{"@id":"https:\/\/elfsight.com\/fr\/#website"},"datePublished":"2021-12-03T11:20:12+00:00","dateModified":"2025-07-10T15:07:47+00:00","description":"Int\u00e9grez une Galerie YouTube avantageuse sur votre site. Appliquez la d\u00e9mo d'Elfsight et g\u00e9n\u00e9rez votre widget en quelques minutes.","breadcrumb":{"@id":"https:\/\/elfsight.com\/fr\/youtube-channel-plugin-yottie\/elementor\/#breadcrumb"},"inLanguage":"fr-FR","potentialAction":[{"@type":"ReadAction","target":["https:\/\/elfsight.com\/fr\/youtube-channel-plugin-yottie\/elementor\/"]}]},{"@type":"BreadcrumbList","@id":"https:\/\/elfsight.com\/fr\/youtube-channel-plugin-yottie\/elementor\/#breadcrumb","itemListElement":[{"@type":"ListItem","position":1,"name":"Home","item":"https:\/\/elfsight.com\/fr\/"},{"@type":"ListItem","position":2,"name":"YouTube Gallery","item":"https:\/\/elfsight.com\/fr\/youtube-channel-plugin-yottie\/"},{"@type":"ListItem","position":3,"name":"YouTube Gallery &#8211; Elementor"}]},{"@type":"WebSite","@id":"https:\/\/elfsight.com\/fr\/#website","url":"https:\/\/elfsight.com\/fr\/","name":"Elfsight FR","description":"","potentialAction":[{"@type":"SearchAction","target":{"@type":"EntryPoint","urlTemplate":"https:\/\/elfsight.com\/fr\/?s={search_term_string}"},"query-input":{"@type":"PropertyValueSpecification","valueRequired":true,"valueName":"search_term_string"}}],"inLanguage":"fr-FR"}]}},"meta_box":{"industry":"","seo_heading":"","heading":"","description":"","cta_heading":"","cta_description":"","application":"760","h1":"Plugin Galerie YouTube pour Elementor","h1_caption":"Int\u00e9grez sans effort une galerie de vid\u00e9os YouTube pour pr\u00e9senter du contenu tel que des didacticiels, des t\u00e9moignages ou des pr\u00e9sentations de produits sur votre site Web dans votre site Web Elementor.","application_category":[],"applications_title":"","applications_request_title":"","applications_request_button_text":"","hero_text":"","hero_video":"","hero_video_schema_markup":"","selling_points_title":"","selling_points_caption":"","selling_points":[],"selling_points_cta_text":"","features_title":"","features":"","ed_cta_examples_text":"","ed_cta_examples_hidden":"","ed_cta_demo_text":"","ed_cta_demo_hidden":"","why_caption":"","why_editor_title":"","why_editor_text":"","why_team_title":"","why_team_text":"","why_service_title":"","why_service_text":"","template_catalog_visible":"","template_catalog_title":"","template_catalog_text":"","template_catalog_categories_visible":"","demo_title":"Cr\u00e9ez votre widget Galerie YouTube","demo_caption":"Configurez votre galerie YouTube et ajoutez-la gratuitement \u00e0 votre site Web Elementor\u00a0!","default_faq_hidden":"","app_template_category":[],"platform":"385","template_public_id":"","codecanyon_url":"","codecanyon_item_id":"","codecanyon_price":"","pricing_caption":"","pricing_elfsight_apps_hide_column":"","pricing_elfsight_apps_url":"","pricing_codecanyon_price_caption":"","integration_category":[],"integration_request_title":"","integration_request_cta":"","integration_platform":"","integrations":[],"platform_category":[],"video_schema_markup":"","price":"\u00c0 partir de $0\/mois","trial":"","benefits":[{"text":"Installation gratuite"},{"text":"Support Premium"},{"text":"Garantie de remboursement de 14 jours"},{"text":"L'am\u00e9lioration continue"}],"button_url":"#demo","button_target_blank":"0","button_nofollow":"0","attributes":[{"name":"Nombre d'installations","content":"1,000 - 5,000","_state":"expanded"},{"name":"Adaptif","content":"Oui","_state":"expanded"},{"name":"Navigateurs compatibles","content":"Firefox, Safari, Opera, Chrome, Edge","_state":"expanded"}],"tags":[],"tags_disable_links":"0","hide_more_platforms":"","video_object":"","demo_hide_cta":"0","demo_hide_cloud_options":"0","pricing_title":"","pricing":[{"pricing_icon":"platform","pricing_title":"Applications d'Elfsight","pricing_title_caption":"Solution num\u00e9rique multiplateforme qui fonctionne sur n'importe quel site","pricing_price":"\u00c0 partir de $0\/mois","pricing_price_caption":"Commencez avec un plan gratuit","pricing_benefits":[{"text":"Sites Web illimit\u00e9s"},{"text":"\u00c9quipe d'assistance professionnelle"},{"text":"Service d'installation gratuit"},{"text":"100% personnalisable"}],"pricing_button_text":"Ajouter au site Web","pricing_button_url":"https:\/\/apps.elfsight.com\/sign-up\/","pricing_button_nofollow":"1","_state":"expanded"}],"related_apps_title":"","related_apps_hidden":"1","author":"","image":[],"title":"","job":"","social_networks":[]},"_links":{"self":[{"href":"https:\/\/elfsight.com\/fr\/wp-json\/wp\/v2\/pages\/6394","targetHints":{"allow":["GET"]}}],"collection":[{"href":"https:\/\/elfsight.com\/fr\/wp-json\/wp\/v2\/pages"}],"about":[{"href":"https:\/\/elfsight.com\/fr\/wp-json\/wp\/v2\/types\/page"}],"author":[{"embeddable":true,"href":"https:\/\/elfsight.com\/fr\/wp-json\/wp\/v2\/users\/18"}],"replies":[{"embeddable":true,"href":"https:\/\/elfsight.com\/fr\/wp-json\/wp\/v2\/comments?post=6394"}],"version-history":[{"count":3,"href":"https:\/\/elfsight.com\/fr\/wp-json\/wp\/v2\/pages\/6394\/revisions"}],"predecessor-version":[{"id":14104,"href":"https:\/\/elfsight.com\/fr\/wp-json\/wp\/v2\/pages\/6394\/revisions\/14104"}],"up":[{"embeddable":true,"href":"https:\/\/elfsight.com\/fr\/wp-json\/wp\/v2\/pages\/776"}],"wp:attachment":[{"href":"https:\/\/elfsight.com\/fr\/wp-json\/wp\/v2\/media?parent=6394"}],"curies":[{"name":"wp","href":"https:\/\/api.w.org\/{rel}","templated":true}]}}