{"id":6392,"date":"2021-12-03T11:21:18","date_gmt":"2021-12-03T11:21:18","guid":{"rendered":"https:\/\/elfsight.com\/fr\/?page_id=6392"},"modified":"2025-07-10T15:06:57","modified_gmt":"2025-07-10T15:06:57","slug":"drupal","status":"publish","type":"page","link":"https:\/\/elfsight.com\/fr\/youtube-channel-plugin-yottie\/drupal\/","title":{"rendered":"YouTube Gallery &#8211; Drupal"},"content":{"rendered":"<div class=\"application-platform-content-item-description application-platform-content-item\" id=\"description\" data-nav-section=\"description\"><h2>Description<\/h2><p>Un module multim\u00e9dia puissant pour YouTube, qui vous permet d&rsquo;afficher diverses vid\u00e9os sur votre site Web. Trouvez les cha\u00eenes appropri\u00e9es et les clips vid\u00e9o individuels pour cr\u00e9er votre propre playlist et pr\u00e9sentez-la directement sur la page Web en utilisant la mise en page la plus appropri\u00e9e (galerie vid\u00e9o, portfolio, cha\u00eene, vid\u00e9o unique). Notre module est enti\u00e8rement r\u00e9actif \u00e0 tous les formats et navigateurs\u00a0; il comporte environ 100 param\u00e8tres, un mod\u00e8le personnalisable et de nombreux avantages diff\u00e9rents, qui permettent de l&rsquo;ajouter sur divers sites Web.<\/p><p><b>Cr\u00e9ez une galerie vid\u00e9o interactive unique pour une plus grande attraction aupr\u00e8s de vos utilisateurs.<\/b><\/p><ul><li><b>Renforcez les liens avec l&rsquo;audience de votre site gr\u00e2ce aux vid\u00e9os YouTube<\/b>.<br>\u00c9tonnez les lecteurs de votre site Web avec un contenu vid\u00e9o saisissant de YouTube et impliquez-les mieux que jamais. <\/li><li><b>Atteignez un maximum de commandes avec le contenu YouTube<\/b>.<br>Montrez des vid\u00e9os commerciales, des t\u00e9moignages, des aper\u00e7us, des instructions et d&rsquo;autres vid\u00e9os pour fournir \u00e0 votre audience des informations d\u00e9taill\u00e9es sur vos offres et la convaincre de effectuer une transaction.<\/li><li><b>Ciblez les fans de votre cha\u00eene YouTube<\/b>.<br>Transformez les clients du site Web en abonn\u00e9s sur YouTube. Ajoutez un outil rapide et simple permettant aux utilisateurs de regarder des vid\u00e9os et de s&rsquo;abonner directement depuis la page de votre site.<\/li><\/ul><\/div><div class=\"application-platform-content-item-features application-platform-content-item\" id=\"features\" data-nav-section=\"features\"><h2>Fonctionnalit\u00e9s<\/h2><p>Les caract\u00e9ristiques de ce module, qui en font le meilleur instrument m\u00e9dia pour afficher des vid\u00e9os YouTube sur un site Drupal.<\/p><ul><li>Ajouter des vid\u00e9os uniques, des cha\u00eenes ou des playlists\u00a0;<\/li><li> Possibilit\u00e9 de t\u00e9l\u00e9charger le logo et la banni\u00e8re de la cha\u00eene\u00a0;<\/li><li>D\u00e9finir l&rsquo;espace entre les vid\u00e9os\u00a0;<\/li><li>Le nombre de vues et de likes sur les vid\u00e9os\u00a0;<\/li><li>Papagation et barre de d\u00e9filement commutables\u00a0;<\/li><li>6 \u00e9l\u00e9ments de menu pouvant \u00eatre peints\u00a0;<\/li><li>AdSense pris en charge pour la mon\u00e9tisation du contenu.<\/li><\/ul><p><a href=\"#demo\">Essayez la liste compl\u00e8te des options dans d\u00e9mo<\/a><\/p><\/div><div class=\"application-platform-content-item-installation application-platform-content-item\" id=\"installation\" data-nav-section=\"installation\"><h2>Comment int\u00e9grer le module YouTube sur le site Web Drupal<\/h2><div class=\"video-container\"><iframe width=\"720\" height=\"405\" src=\"https:\/\/www.youtube.com\/embed\/dxLLCejMlHY\" frameborder=\"0\" allowfullscreen=\"\"><\/iframe><\/div><p>Suivez simplement ces \u00e9tapes pr\u00e9sent\u00e9 ci-dessous pour commencer \u00e0 travailler avec l&rsquo;outil sur Drupal.<\/p> <ol><li><b>Ex\u00e9cutez notre \u00e9diteur gratuit et commencez \u00e0 cr\u00e9er votre widget Galerie YouTube unique. <\/b><br> Choisissez l&rsquo;apparence et les aspects personnalis\u00e9s de l&rsquo;outil et appliquez les modifications. <\/li> <li><b>Acqu\u00e9rez votre code individuel r\u00e9v\u00e9l\u00e9 dans la bo\u00eete sur Elfsight Apps. <\/b><br> D\u00e8s que la cr\u00e9ation de votre plugin personnel est termin\u00e9e, copiez le code exclusif de la fen\u00eatre apparue et conservez-le pour une utilisation future. <\/li> <li><b>Commencez \u00e0 utiliser le module sur le site Web Drupal. <\/b><br> Ins\u00e9rez le code copi\u00e9 auparavant dans votre site Web et appliquez les corrections. <\/li> <li><b>Fait\u00a0! L&rsquo;installation est enti\u00e8rement termin\u00e9e. <\/b><br> Acc\u00e9dez \u00e0 votre page pour v\u00e9rifier les performances de l&rsquo;outil. <\/li><\/ol><p>Vous avez rencontr\u00e9 des difficult\u00e9s pour configurer ou modifier les param\u00e8tres de la galerie YouTube\u00a0? Vous pouvez utiliser un <a href=\"https:\/\/elfsight.com\/tutorials\/how-to-add-youtube-media-module-to-drupal-websites\/\" target=\"_blank\" rel=\"noopener noreferrer\"> guide \u00e9tendu<\/a> ou envoyez un message \u00e0 l&rsquo;\u00e9quipe d&rsquo;assistance avec une description d\u00e9taill\u00e9e du probl\u00e8me.<\/p><\/div><div class=\"faq\" data-component=\"FAQ\"><div class=\"faq-item\">\r\n\t\t\t\t\t<div class=\"faq-item-question\">\r\n\t\t\t\t\t\t<h3 class=\"faq-item-question-text\">Comment puis-je ajouter une galerie YouTube sur mon site Drupal ? <\/h3>\r\n\r\n\t\t\t\t\t\t<div class=\"faq-item-question-icon\"><\/div>\r\n\t\t\t\t\t<\/div>\r\n\r\n\t\t\t\t\t<div class=\"faq-item-answer\">\r\n\t\t\t\t\t\t<div class=\"faq-item-answer-text\"><p>La r\u00e9alisation du widget s&rsquo;effectue sur les pages Elfsight et vous n&rsquo;avez pas besoin de coder. Utilisez notre d\u00e9mo en direct pour personnaliser votre outil personnel, acqu\u00e9rir le code et l&rsquo;int\u00e9grer dans votre site. <\/p><\/div>\r\n\t\t\t\t\t<\/div>\r\n\t\t\t\t<\/div><div class=\"faq-item\">\r\n\t\t\t\t\t<div class=\"faq-item-question\">\r\n\t\t\t\t\t\t<h3 class=\"faq-item-question-text\">Les meilleures fa\u00e7ons d'utiliser l'int\u00e9gration du module vid\u00e9o YouTube<\/h3>\r\n\r\n\t\t\t\t\t\t<div class=\"faq-item-question-icon\"><\/div>\r\n\t\t\t\t\t<\/div>\r\n\r\n\t\t\t\t\t<div class=\"faq-item-answer\">\r\n\t\t\t\t\t\t<div class=\"faq-item-answer-text\"><p>Nous proposons une large gamme d&rsquo;options de personnalisation\u00a0: des widgets \u00e0 grande \u00e9chelle \u00e0 impl\u00e9menter dans le contenu zone, plugins flottants pour les options de d\u00e9filement, dispositions pour le pied de page, la section d&rsquo;en-t\u00eate et toutes sortes d&rsquo;options verticales pour les barres lat\u00e9rales et les menus. <\/p><\/div>\r\n\t\t\t\t\t<\/div>\r\n\t\t\t\t<\/div><div class=\"faq-item\">\r\n\t\t\t\t\t<div class=\"faq-item-question\">\r\n\t\t\t\t\t\t<h3 class=\"faq-item-question-text\">Comment cr\u00e9er une grille vid\u00e9o ou une galerie YouTube de playlists au moyen de l'\u00e9diteur ? <\/h3>\r\n\r\n\t\t\t\t\t\t<div class=\"faq-item-question-icon\"><\/div>\r\n\t\t\t\t\t<\/div>\r\n\r\n\t\t\t\t\t<div class=\"faq-item-answer\">\r\n\t\t\t\t\t\t<div class=\"faq-item-answer-text\"><p>Vous \u00eates libre de cr\u00e9er les modifications de n&rsquo;importe quel widget. Il existe une multitude de mises en page \u00e0 votre disposition dans l&rsquo;\u00e9diteur, et toutes peuvent \u00eatre rapidement personnalis\u00e9es selon vos besoins. <\/p><\/div>\r\n\t\t\t\t\t<\/div>\r\n\t\t\t\t<\/div><\/div>","protected":false},"excerpt":{"rendered":"","protected":false},"author":18,"featured_media":0,"parent":776,"menu_order":0,"comment_status":"closed","ping_status":"closed","template":"templates\/template-application-platform.php","meta":{"publish_to_discourse":"","publish_post_category":"","wpdc_auto_publish_overridden":"","wpdc_topic_tags":"","wpdc_pin_topic":"","wpdc_pin_until":"","discourse_post_id":"","discourse_permalink":"","wpdc_publishing_response":"","wpdc_publishing_error":"","footnotes":""},"class_list":["post-6392","page","type-page","status-publish","hentry"],"yoast_head":"<!-- This site is optimized with the Yoast SEO plugin v25.3.1 - https:\/\/yoast.com\/wordpress\/plugins\/seo\/ -->\n<title>Galerie YouTube - ajoutez Plugin YouTube sur Drupal<\/title>\n<meta name=\"description\" content=\"Int\u00e9grez une Galerie YouTube attractive sur votre site. Utilisez la d\u00e9mo d&#039;Elfsight et g\u00e9n\u00e9rez votre widget en 2 minutes.\" \/>\n<meta name=\"robots\" content=\"index, follow, max-snippet:-1, max-image-preview:large, max-video-preview:-1\" \/>\n<link rel=\"canonical\" href=\"https:\/\/elfsight.com\/fr\/youtube-channel-plugin-yottie\/drupal\/\" \/>\n<meta property=\"og:locale\" content=\"fr_FR\" \/>\n<meta property=\"og:type\" content=\"article\" \/>\n<meta property=\"og:title\" content=\"Galerie YouTube - ajoutez Plugin YouTube sur Drupal\" \/>\n<meta property=\"og:description\" content=\"Int\u00e9grez une Galerie YouTube attractive sur votre site. Utilisez la d\u00e9mo d&#039;Elfsight et g\u00e9n\u00e9rez votre widget en 2 minutes.\" \/>\n<meta property=\"og:url\" content=\"https:\/\/elfsight.com\/fr\/youtube-channel-plugin-yottie\/drupal\/\" \/>\n<meta property=\"og:site_name\" content=\"Elfsight FR\" \/>\n<meta property=\"article:modified_time\" content=\"2025-07-10T15:06:57+00:00\" \/>\n<meta name=\"twitter:card\" content=\"summary_large_image\" \/>\n<meta name=\"twitter:label1\" content=\"Dur\u00e9e de lecture estim\u00e9e\" \/>\n\t<meta name=\"twitter:data1\" content=\"1 minute\" \/>\n<!-- \/ Yoast SEO plugin. -->","yoast_head_json":{"title":"Galerie YouTube - ajoutez Plugin YouTube sur Drupal","description":"Int\u00e9grez une Galerie YouTube attractive sur votre site. Utilisez la d\u00e9mo d'Elfsight et g\u00e9n\u00e9rez votre widget en 2 minutes.","robots":{"index":"index","follow":"follow","max-snippet":"max-snippet:-1","max-image-preview":"max-image-preview:large","max-video-preview":"max-video-preview:-1"},"canonical":"https:\/\/elfsight.com\/fr\/youtube-channel-plugin-yottie\/drupal\/","og_locale":"fr_FR","og_type":"article","og_title":"Galerie YouTube - ajoutez Plugin YouTube sur Drupal","og_description":"Int\u00e9grez une Galerie YouTube attractive sur votre site. Utilisez la d\u00e9mo d'Elfsight et g\u00e9n\u00e9rez votre widget en 2 minutes.","og_url":"https:\/\/elfsight.com\/fr\/youtube-channel-plugin-yottie\/drupal\/","og_site_name":"Elfsight FR","article_modified_time":"2025-07-10T15:06:57+00:00","twitter_card":"summary_large_image","twitter_misc":{"Dur\u00e9e de lecture estim\u00e9e":"1 minute"},"schema":{"@context":"https:\/\/schema.org","@graph":[{"@type":"WebPage","@id":"https:\/\/elfsight.com\/fr\/youtube-channel-plugin-yottie\/drupal\/","url":"https:\/\/elfsight.com\/fr\/youtube-channel-plugin-yottie\/drupal\/","name":"Galerie YouTube - ajoutez Plugin YouTube sur Drupal","isPartOf":{"@id":"https:\/\/elfsight.com\/fr\/#website"},"datePublished":"2021-12-03T11:21:18+00:00","dateModified":"2025-07-10T15:06:57+00:00","description":"Int\u00e9grez une Galerie YouTube attractive sur votre site. Utilisez la d\u00e9mo d'Elfsight et g\u00e9n\u00e9rez votre widget en 2 minutes.","breadcrumb":{"@id":"https:\/\/elfsight.com\/fr\/youtube-channel-plugin-yottie\/drupal\/#breadcrumb"},"inLanguage":"fr-FR","potentialAction":[{"@type":"ReadAction","target":["https:\/\/elfsight.com\/fr\/youtube-channel-plugin-yottie\/drupal\/"]}]},{"@type":"BreadcrumbList","@id":"https:\/\/elfsight.com\/fr\/youtube-channel-plugin-yottie\/drupal\/#breadcrumb","itemListElement":[{"@type":"ListItem","position":1,"name":"Home","item":"https:\/\/elfsight.com\/fr\/"},{"@type":"ListItem","position":2,"name":"YouTube Gallery","item":"https:\/\/elfsight.com\/fr\/youtube-channel-plugin-yottie\/"},{"@type":"ListItem","position":3,"name":"YouTube Gallery &#8211; Drupal"}]},{"@type":"WebSite","@id":"https:\/\/elfsight.com\/fr\/#website","url":"https:\/\/elfsight.com\/fr\/","name":"Elfsight FR","description":"","potentialAction":[{"@type":"SearchAction","target":{"@type":"EntryPoint","urlTemplate":"https:\/\/elfsight.com\/fr\/?s={search_term_string}"},"query-input":{"@type":"PropertyValueSpecification","valueRequired":true,"valueName":"search_term_string"}}],"inLanguage":"fr-FR"}]}},"meta_box":{"industry":"","seo_heading":"","heading":"","description":"","cta_heading":"","cta_description":"","application":"760","h1":"Module Galerie YouTube pour Drupal","h1_caption":"Int\u00e9grez sans effort une galerie de vid\u00e9os YouTube pour pr\u00e9senter du contenu tel que des didacticiels, des t\u00e9moignages ou des pr\u00e9sentations de produits sur votre site Web dans votre site Web Drupal.","application_category":[],"applications_title":"","applications_request_title":"","applications_request_button_text":"","hero_text":"","hero_video":"","hero_video_schema_markup":"","selling_points_title":"","selling_points_caption":"","selling_points":[],"selling_points_cta_text":"","features_title":"","features":"","ed_cta_examples_text":"","ed_cta_examples_hidden":"","ed_cta_demo_text":"","ed_cta_demo_hidden":"","why_caption":"","why_editor_title":"","why_editor_text":"","why_team_title":"","why_team_text":"","why_service_title":"","why_service_text":"","template_catalog_visible":"","template_catalog_title":"","template_catalog_text":"","template_catalog_categories_visible":"","demo_title":"Cr\u00e9ez votre module Galerie YouTube","demo_caption":"Configurez votre galerie YouTube et ajoutez-la gratuitement \u00e0 votre site Drupal\u00a0!","default_faq_hidden":"","app_template_category":[],"platform":"351","template_public_id":"","codecanyon_url":"","codecanyon_item_id":"","codecanyon_price":"","pricing_caption":"","pricing_elfsight_apps_hide_column":"","pricing_elfsight_apps_url":"","pricing_codecanyon_price_caption":"","integration_category":[],"integration_request_title":"","integration_request_cta":"","integration_platform":"","integrations":[],"platform_category":[],"video_schema_markup":"","price":"\u00c0 partir de $0\/mois","trial":"","benefits":[{"text":"Installation gratuite"},{"text":"Support Premium"},{"text":"Garantie de remboursement de 14 jours"},{"text":"L'am\u00e9lioration continue"}],"button_url":"#demo","button_target_blank":"0","button_nofollow":"0","attributes":[{"name":"Nombre d'installations","content":"1,000 - 5,000","_state":"expanded"},{"name":"Adaptif","content":"Oui","_state":"expanded"},{"name":"Navigateurs compatibles","content":"Firefox, Safari, Opera, Chrome, Edge","_state":"expanded"}],"tags":[],"tags_disable_links":"0","hide_more_platforms":"","video_object":"","demo_hide_cta":"0","demo_hide_cloud_options":"0","pricing_title":"","pricing":[{"pricing_icon":"platform","pricing_title":"Applications d'Elfsight","pricing_title_caption":"Solution num\u00e9rique multiplateforme qui fonctionne sur n'importe quel site","pricing_price":"\u00c0 partir de $0\/mois","pricing_price_caption":"Commencez avec un plan gratuit","pricing_benefits":[{"text":"Sites Web illimit\u00e9s"},{"text":"\u00c9quipe d'assistance professionnelle"},{"text":"Service d'installation gratuit"},{"text":"100% personnalisable"}],"pricing_button_text":"Ajouter au site Web","pricing_button_url":"https:\/\/apps.elfsight.com\/sign-up\/","pricing_button_nofollow":"1","_state":"expanded"}],"related_apps_title":"","related_apps_hidden":"1","author":"","image":[],"title":"","job":"","social_networks":[]},"_links":{"self":[{"href":"https:\/\/elfsight.com\/fr\/wp-json\/wp\/v2\/pages\/6392","targetHints":{"allow":["GET"]}}],"collection":[{"href":"https:\/\/elfsight.com\/fr\/wp-json\/wp\/v2\/pages"}],"about":[{"href":"https:\/\/elfsight.com\/fr\/wp-json\/wp\/v2\/types\/page"}],"author":[{"embeddable":true,"href":"https:\/\/elfsight.com\/fr\/wp-json\/wp\/v2\/users\/18"}],"replies":[{"embeddable":true,"href":"https:\/\/elfsight.com\/fr\/wp-json\/wp\/v2\/comments?post=6392"}],"version-history":[{"count":3,"href":"https:\/\/elfsight.com\/fr\/wp-json\/wp\/v2\/pages\/6392\/revisions"}],"predecessor-version":[{"id":14112,"href":"https:\/\/elfsight.com\/fr\/wp-json\/wp\/v2\/pages\/6392\/revisions\/14112"}],"up":[{"embeddable":true,"href":"https:\/\/elfsight.com\/fr\/wp-json\/wp\/v2\/pages\/776"}],"wp:attachment":[{"href":"https:\/\/elfsight.com\/fr\/wp-json\/wp\/v2\/media?parent=6392"}],"curies":[{"name":"wp","href":"https:\/\/api.w.org\/{rel}","templated":true}]}}