{"id":6382,"date":"2021-12-03T08:52:39","date_gmt":"2021-12-03T08:52:39","guid":{"rendered":"https:\/\/elfsight.com\/fr\/?page_id=6382"},"modified":"2024-11-11T10:36:55","modified_gmt":"2024-11-11T10:36:55","slug":"wix","status":"publish","type":"page","link":"https:\/\/elfsight.com\/fr\/logo-showcase-widget\/wix\/","title":{"rendered":"Logo Showcase &#8211; Wix"},"content":{"rendered":"<div class=\"application-platform-content-item-description application-platform-content-item\" id=\"description\" data-nav-section=\"description\"><h2>Description<\/h2> <p>Elfsight Logo Showcase sera la technique la plus pratique pour d\u00e9montrer les logos des clients et des promoteurs ou vos mentions dans les m\u00e9dias sur le site. En utilisant ce widget, vous fournissez une preuve suppl\u00e9mentaire que vous \u00eates un alli\u00e9 commercial cr\u00e9dible et soutenez une perception positive de votre marque. Le widget Logo Showcase vous permet d&rsquo;ajouter plusieurs logos, de les organiser dans un carrousel ou une grille et de modifier l&rsquo;\u00e9chelle des logos. Vous pouvez afficher une l\u00e9gende et des liens vers le site Web des entreprises. En variant les couleurs et les options de polices, vous pourrez concevoir une interface unique. <\/p><p><b>Am\u00e9liorez la confiance de votre entreprise. <\/b><\/p><\/div> <div class=\"application-platform-content-item-features application-platform-content-item\" id=\"features\" data-nav-section=\"features\"><h2>Fonctionnalit\u00e9s<\/h2> <p>V\u00e9rifiez une liste de tous les traits fonctionnels de Logo Showcase. Ils sont disponibles directement dans l&rsquo;\u00e9diteur et vous aideront \u00e0 configurer le widget exactement pour votre cas. <\/p><ul><li> Connectez chaque logo \u00e0 n&rsquo;importe quelle adresse\u00a0; <\/li><li>En-t\u00eate adaptatif comprenant le titre et le texte avec mise en forme disponible\u00a0; <\/li><li>Le bouton CTA peut conduire en cliquant sur n&rsquo;importe quelle page\u00a0; <\/li><li>Trois pr\u00e9sentations diff\u00e9rentes\u00a0: curseur, grille et carrousel\u00a0; <\/li><li>Une option pour adapter la taille du logo et la largeur du widget\u00a0; <\/li><li> Choisissez n&rsquo;importe quelle couleur d&rsquo;arri\u00e8re-plan ou t\u00e9l\u00e9chargez votre photo. <\/li><\/ul><p><a href=\"#demo\">Vous pouvez essayer toutes les fonctionnalit\u00e9s fonctionnelles du widget directement dans la d\u00e9mo<\/a><\/p><\/div> <div class=\"application-platform-content-item-installation application-platform-content-item\" id=\"installation\" data-nav-section=\"installation\"><h2>Comment int\u00e9grer Logo Showcase sur mon site Web Wix\u00a0? <\/h2><div class=\"video-container\"><iframe width=\"720\" height=\"405\" src=\"https:\/\/www.youtube.com\/embed\/GSp23En6p0Y\" frameborder=\"0\" allowfullscreen=\"\"><\/iframe><\/div><p>Pour commencer \u00e0 utiliser le widget, suivez les \u00e9tapes rapides suivantes<\/p><ul><li><b>Cr\u00e9ez votre application de logo personnalis\u00e9e<\/b><br>Utilisation notre d\u00e9mo gratuite, configurez un plugin avec un design et des caract\u00e9ristiques fonctionnelles pr\u00e9f\u00e9rables. <\/li> <li><b>Obtenez le code individuel pour installer le plugin<\/b><br>Apr\u00e8s avoir cr\u00e9\u00e9 votre widget, vous recevrez le code d&rsquo;installation de la notification contextuelle sur Elfsight Apps. Copiez le code. <\/li> <li><b> Le plugin sur votre site Wix<\/b><br>Trouvez l&rsquo;endroit o\u00f9 vous pr\u00e9voyez d&rsquo;int\u00e9grer le plugin et collez-y le code copi\u00e9. Publier les r\u00e9sultats. <\/li> <li><b>L&rsquo;installation est termin\u00e9e<\/b><br>Entrez dans votre boutique pour afficher votre widget. <\/li><\/ul><p>Prenez une minute pour contacter notre service d&rsquo;assistance lorsque vous avez besoin d&rsquo;aide ou avez des questions. Nous serons heureux de r\u00e9pondre \u00e0 chaque demande. <\/p><div class=\"faq\" data-component=\"FAQ\"><div class=\"faq-item\">\r\n\t\t\t\t\t<div class=\"faq-item-question\">\r\n\t\t\t\t\t\t<h3 class=\"faq-item-question-text\">Existe-t-il une m\u00e9thode pour ajouter Logo Showcase \u00e0 ma page d'accueil Wix sans connaissances en codage ?<\/h3>\r\n\r\n\t\t\t\t\t\t<div class=\"faq-item-question-icon\"><\/div>\r\n\t\t\t\t\t<\/div>\r\n\r\n\t\t\t\t\t<div class=\"faq-item-answer\">\r\n\t\t\t\t\t\t<div class=\"faq-item-answer-text\"> <p>La soci\u00e9t\u00e9 Elfsight propose une solution Cloud qui permet aux utilisateurs de cr\u00e9er eux-m\u00eames une application Logo Showcase, regardez les instructions simples\u00a0: Travaillez dans la d\u00e9mo en ligne pour cr\u00e9er une section de pr\u00e9sentation de logos que vous aimeriez voir sur la page d&rsquo;accueil de Wix. Choisissez l&rsquo;un des mod\u00e8les pr\u00e9d\u00e9finis et modifiez les param\u00e8tres de Logo Showcase, incluez votre contenu, modifiez la disposition et la couleur des \u00e9l\u00e9ments sans codage. Cliquez pour enregistrer les param\u00e8tres que vous avez d\u00e9finis dans Logo Showcase et obtenir le code d&rsquo;installation, que vous pouvez facilement coller dans la page Web Wix dans le cadre d&rsquo;un forfait gratuit. \u00c0 l&rsquo;aide du configurateur simple, tout utilisateur Web peut cr\u00e9er une section Vitrine de logos et simplement l&rsquo;inclure sur le site Wix. Vous ne devez pas payer ni soumettre les donn\u00e9es de votre carte pour acc\u00e9der \u00e0 l&rsquo;\u00e9diteur. Si vous rencontrez des probl\u00e8mes de quelque nature que ce soit, n&rsquo;h\u00e9sitez pas \u00e0 en parler \u00e0 notre \u00e9quipe d&rsquo;assistance technique.<\/p> <\/div>\r\n\t\t\t\t\t<\/div>\r\n\t\t\t\t<\/div> <\/div><\/div>","protected":false},"excerpt":{"rendered":"","protected":false},"author":18,"featured_media":0,"parent":1645,"menu_order":0,"comment_status":"closed","ping_status":"closed","template":"templates\/template-application-platform.php","meta":{"publish_to_discourse":"","publish_post_category":"","wpdc_auto_publish_overridden":"","wpdc_topic_tags":"","wpdc_pin_topic":"","wpdc_pin_until":"","discourse_post_id":"","discourse_permalink":"","wpdc_publishing_response":"","wpdc_publishing_error":"","footnotes":""},"class_list":["post-6382","page","type-page","status-publish","hentry"],"yoast_head":"<!-- This site is optimized with the Yoast SEO plugin v25.3.1 - https:\/\/yoast.com\/wordpress\/plugins\/seo\/ -->\n<title>Carrousel Logo - ajoutez app Vitrine logo sur Wix<\/title>\n<meta name=\"description\" content=\"Int\u00e9grez un Carrousel Logo avantageux sur votre site. Appliquez la d\u00e9mo d&#039;Elfsight et g\u00e9n\u00e9rez votre plugin en 2 minutes.\" \/>\n<meta name=\"robots\" content=\"index, follow, max-snippet:-1, max-image-preview:large, max-video-preview:-1\" \/>\n<link rel=\"canonical\" href=\"https:\/\/elfsight.com\/fr\/logo-showcase-widget\/wix\/\" \/>\n<meta property=\"og:locale\" content=\"fr_FR\" \/>\n<meta property=\"og:type\" content=\"article\" \/>\n<meta property=\"og:title\" content=\"Carrousel Logo - ajoutez app Vitrine logo sur Wix\" \/>\n<meta property=\"og:description\" content=\"Int\u00e9grez un Carrousel Logo avantageux sur votre site. Appliquez la d\u00e9mo d&#039;Elfsight et g\u00e9n\u00e9rez votre plugin en 2 minutes.\" \/>\n<meta property=\"og:url\" content=\"https:\/\/elfsight.com\/fr\/logo-showcase-widget\/wix\/\" \/>\n<meta property=\"og:site_name\" content=\"Elfsight FR\" \/>\n<meta property=\"article:modified_time\" content=\"2024-11-11T10:36:55+00:00\" \/>\n<meta name=\"twitter:card\" content=\"summary_large_image\" \/>\n<meta name=\"twitter:label1\" content=\"Dur\u00e9e de lecture estim\u00e9e\" \/>\n\t<meta name=\"twitter:data1\" content=\"1 minute\" \/>\n<!-- \/ Yoast SEO plugin. -->","yoast_head_json":{"title":"Carrousel Logo - ajoutez app Vitrine logo sur Wix","description":"Int\u00e9grez un Carrousel Logo avantageux sur votre site. Appliquez la d\u00e9mo d'Elfsight et g\u00e9n\u00e9rez votre plugin en 2 minutes.","robots":{"index":"index","follow":"follow","max-snippet":"max-snippet:-1","max-image-preview":"max-image-preview:large","max-video-preview":"max-video-preview:-1"},"canonical":"https:\/\/elfsight.com\/fr\/logo-showcase-widget\/wix\/","og_locale":"fr_FR","og_type":"article","og_title":"Carrousel Logo - ajoutez app Vitrine logo sur Wix","og_description":"Int\u00e9grez un Carrousel Logo avantageux sur votre site. Appliquez la d\u00e9mo d'Elfsight et g\u00e9n\u00e9rez votre plugin en 2 minutes.","og_url":"https:\/\/elfsight.com\/fr\/logo-showcase-widget\/wix\/","og_site_name":"Elfsight FR","article_modified_time":"2024-11-11T10:36:55+00:00","twitter_card":"summary_large_image","twitter_misc":{"Dur\u00e9e de lecture estim\u00e9e":"1 minute"},"schema":{"@context":"https:\/\/schema.org","@graph":[{"@type":"WebPage","@id":"https:\/\/elfsight.com\/fr\/logo-showcase-widget\/wix\/","url":"https:\/\/elfsight.com\/fr\/logo-showcase-widget\/wix\/","name":"Carrousel Logo - ajoutez app Vitrine logo sur Wix","isPartOf":{"@id":"https:\/\/elfsight.com\/fr\/#website"},"datePublished":"2021-12-03T08:52:39+00:00","dateModified":"2024-11-11T10:36:55+00:00","description":"Int\u00e9grez un Carrousel Logo avantageux sur votre site. Appliquez la d\u00e9mo d'Elfsight et g\u00e9n\u00e9rez votre plugin en 2 minutes.","breadcrumb":{"@id":"https:\/\/elfsight.com\/fr\/logo-showcase-widget\/wix\/#breadcrumb"},"inLanguage":"fr-FR","potentialAction":[{"@type":"ReadAction","target":["https:\/\/elfsight.com\/fr\/logo-showcase-widget\/wix\/"]}]},{"@type":"BreadcrumbList","@id":"https:\/\/elfsight.com\/fr\/logo-showcase-widget\/wix\/#breadcrumb","itemListElement":[{"@type":"ListItem","position":1,"name":"Home","item":"https:\/\/elfsight.com\/fr\/"},{"@type":"ListItem","position":2,"name":"Logo Showcase","item":"https:\/\/elfsight.com\/fr\/logo-showcase-widget\/"},{"@type":"ListItem","position":3,"name":"Logo Showcase &#8211; Wix"}]},{"@type":"WebSite","@id":"https:\/\/elfsight.com\/fr\/#website","url":"https:\/\/elfsight.com\/fr\/","name":"Elfsight FR","description":"","potentialAction":[{"@type":"SearchAction","target":{"@type":"EntryPoint","urlTemplate":"https:\/\/elfsight.com\/fr\/?s={search_term_string}"},"query-input":{"@type":"PropertyValueSpecification","valueRequired":true,"valueName":"search_term_string"}}],"inLanguage":"fr-FR"}]}},"meta_box":{"industry":"","seo_heading":"","heading":"","description":"","cta_heading":"","cta_description":"","application":"1644","h1":"App Carrousel Logo pour Wix","h1_caption":"Affichez les logos de vos partenaires, sponsors ou clients, renfor\u00e7ant ainsi la cr\u00e9dibilit\u00e9 et la confiance de votre marque sur votre site Web Wix sans effort.","application_category":[],"applications_title":"","applications_request_title":"","applications_request_button_text":"","hero_text":"","hero_video":"","hero_video_schema_markup":"","selling_points_title":"","selling_points_caption":"","selling_points":[],"selling_points_cta_text":"","features_title":"","features":"","ed_cta_examples_text":"","ed_cta_examples_hidden":"","ed_cta_demo_text":"","ed_cta_demo_hidden":"","why_caption":"","why_editor_title":"","why_editor_text":"","why_team_title":"","why_team_text":"","why_service_title":"","why_service_text":"","template_catalog_visible":"","template_catalog_title":"","template_catalog_text":"","template_catalog_categories_visible":"","demo_title":"Cr\u00e9ez votre application Vitrine de logos","demo_caption":"Configurez votre Logo Showcase et ajoutez-la \u00e0 votre site Web Wix gratuitement !","default_faq_hidden":"","app_template_category":[],"platform":"345","template_public_id":"","codecanyon_url":"","codecanyon_item_id":"","codecanyon_price":"","pricing_caption":"","pricing_elfsight_apps_hide_column":"","pricing_elfsight_apps_url":"","pricing_codecanyon_price_caption":"","integration_category":[],"integration_request_title":"","integration_request_cta":"","integration_platform":"","integrations":[],"platform_category":[],"video_schema_markup":"","price":"\u00c0 partir de $0\/mois","trial":"","benefits":[{"text":"Installation gratuite"},{"text":"Support Premium"},{"text":"Garantie de remboursement de 14 jours"},{"text":"L'am\u00e9lioration continue"}],"button_url":"#demo","button_target_blank":"0","button_nofollow":"0","attributes":[{"name":"Nombre d'installations","content":"1,000 - 5,000","_state":"expanded"},{"name":"Adaptif","content":"Oui","_state":"expanded"},{"name":"Navigateurs compatibles","content":"Firefox, Safari, Opera, Chrome, Edge","_state":"expanded"}],"tags":[],"tags_disable_links":"0","hide_more_platforms":"","video_object":"","demo_hide_cta":"0","demo_hide_cloud_options":"0","pricing_title":"","pricing":[{"pricing_icon":"platform","pricing_title":"Applications d'Elfsight","pricing_title_caption":"Solution num\u00e9rique multiplateforme qui fonctionne sur n'importe quel site","pricing_price":"\u00c0 partir de $0\/mois","pricing_price_caption":"Commencez avec un plan gratuit","pricing_benefits":[{"text":"Sites Web illimit\u00e9s"},{"text":"\u00c9quipe d'assistance professionnelle"},{"text":"Service d'installation gratuit"},{"text":"100% personnalisable"}],"pricing_button_text":"Ajouter au site Web","pricing_button_url":"https:\/\/apps.elfsight.com\/sign-up\/","pricing_button_nofollow":"1","_state":"expanded"}],"related_apps_title":"","related_apps_hidden":"1","author":"","image":[],"title":"","job":"","social_networks":[]},"_links":{"self":[{"href":"https:\/\/elfsight.com\/fr\/wp-json\/wp\/v2\/pages\/6382","targetHints":{"allow":["GET"]}}],"collection":[{"href":"https:\/\/elfsight.com\/fr\/wp-json\/wp\/v2\/pages"}],"about":[{"href":"https:\/\/elfsight.com\/fr\/wp-json\/wp\/v2\/types\/page"}],"author":[{"embeddable":true,"href":"https:\/\/elfsight.com\/fr\/wp-json\/wp\/v2\/users\/18"}],"replies":[{"embeddable":true,"href":"https:\/\/elfsight.com\/fr\/wp-json\/wp\/v2\/comments?post=6382"}],"version-history":[{"count":2,"href":"https:\/\/elfsight.com\/fr\/wp-json\/wp\/v2\/pages\/6382\/revisions"}],"predecessor-version":[{"id":14940,"href":"https:\/\/elfsight.com\/fr\/wp-json\/wp\/v2\/pages\/6382\/revisions\/14940"}],"up":[{"embeddable":true,"href":"https:\/\/elfsight.com\/fr\/wp-json\/wp\/v2\/pages\/1645"}],"wp:attachment":[{"href":"https:\/\/elfsight.com\/fr\/wp-json\/wp\/v2\/media?parent=6382"}],"curies":[{"name":"wp","href":"https:\/\/api.w.org\/{rel}","templated":true}]}}