{"id":6380,"date":"2021-12-03T08:52:37","date_gmt":"2021-12-03T08:52:37","guid":{"rendered":"https:\/\/elfsight.com\/fr\/?page_id=6380"},"modified":"2025-07-10T08:17:53","modified_gmt":"2025-07-10T08:17:53","slug":"weebly","status":"publish","type":"page","link":"https:\/\/elfsight.com\/fr\/logo-showcase-widget\/weebly\/","title":{"rendered":"Logo Showcase &#8211; Weebly"},"content":{"rendered":"<div class=\"application-platform-content-item-description application-platform-content-item\" id=\"description\" data-nav-section=\"description\"><h2>Description<\/h2> <p>Elfsight Logo Showcase est la technique la plus simple pour montrer les logos de clients ou de sponsors ou vos mentions dans le appuyez sur votre site Web. Avec notre widget, vous pouvez convaincre les visiteurs que vous \u00eates un compagnon cr\u00e9dible et conserver une perception positive de votre entreprise. Le widget Elfsight vous permet d&rsquo;int\u00e9grer n&rsquo;importe quelle quantit\u00e9 de logos, de les int\u00e9grer dans un curseur ou une grille et de modifier la taille des logos. Vous pouvez afficher des l\u00e9gendes et des liens vers le site Web de l\u2019entreprise. En ajustant les param\u00e8tres de couleurs et de polices, il est facile de cr\u00e9er une interface personnalis\u00e9e.<\/p><p><b>\u00c9levez le niveau de ventes en d\u00e9montrant l&rsquo;excellente r\u00e9putation de votre entreprise, avec les logos des partenaires sur votre site.<\/b><\/p><\/div><div class=\"application-platform-content-item-features application-platform-content-item\" id=\"features\" data-nav-section=\"features\"><h2>Fonctionnalit\u00e9s<\/h2> <p>V\u00e9rifiez toutes les fonctionnalit\u00e9s de Logo Showcase. Vous pouvez les d\u00e9finir directement dans l&rsquo;\u00e9diteur et ils vous aideront \u00e0 fa\u00e7onner le widget exactement pour votre cas d&rsquo;utilisation. <\/p><ul><li>Vous pouvez lier chaque logo \u00e0 n&rsquo;importe quelle page Web\u00a0; <\/li><li>L&rsquo;en-t\u00eate du widget flexible comporte un titre et un texte avec des options de formatage\u00a0; <\/li><li>Le bouton CTA peut conduire en un clic vers n&rsquo;importe quelle adresse\u00a0; <\/li><li>3\u00a0dispositions de widgets \u00e9quilibr\u00e9es\u00a0: curseur, grille et carrousel\u00a0; <\/li><li>Une option pour adapter la taille du logo et le param\u00e8tre de largeur du widget\u00a0; <\/li><li>Une option pour choisir n&rsquo;importe quelle couleur d&rsquo;arri\u00e8re-plan ou ajouter votre propre image. <\/li><\/ul><p><a href=\"#demo\">D\u00e9couvrez comment fonctionnent toutes les fonctionnalit\u00e9s, dans notre d\u00e9mo<\/a><\/p><\/div><div class=\"application-platform-content-item-installation application-platform-content-item\" id=\"installation\" data-nav-section=\"installation\"> <h2>Comment int\u00e9grer Logo Showcase \u00e0 mon site Web Weebly\u00a0? <\/h2><div class=\"video-container\"><iframe width=\"720\" height=\"405\" src=\"https:\/\/www.youtube.com\/embed\/H_rhFyreuvc\" frameborder=\"0\" allowfullscreen=\"\"><\/iframe><\/div><p>Pour introduire le widget, suivez les \u00e9tapes rapides suivantes<\/p><ol><li><b>Ex\u00e9cutez notre configurateur gratuit et commencez \u00e0 cr\u00e9er votre application personnalis\u00e9e. <\/b><br> Choisissez le formulaire personnalis\u00e9 et les fonctionnalit\u00e9s de l&rsquo;application et appliquez toutes les corrections. <\/li> <li><b>Recevez le code personnel qui appara\u00eet dans le formulaire sp\u00e9cial sur Elfsight Apps. <\/b><br> Une fois la configuration de votre application termin\u00e9e, copiez votre code dans la fen\u00eatre qui appara\u00eet et enregistrez-le pour une utilisation future. <\/li> <li><b>Commencez l&rsquo;application de l&rsquo;application sur le site Weebly. <\/b><br> Ins\u00e9rez le code que vous avez enregistr\u00e9 auparavant dans votre page Web et enregistrez les modifications. <\/li> <li><b>La configuration est enti\u00e8rement termin\u00e9e. <\/b><br> Ouvrez votre page Web pour v\u00e9rifier le fonctionnement de l&rsquo;application. <\/li><\/ol><p>N&rsquo;h\u00e9sitez pas \u00e0 contacter notre service d&rsquo;assistance si vous avez besoin d&rsquo;aide ou si vous rencontrez des probl\u00e8mes. Nous serons heureux de r\u00e9pondre \u00e0 chaque demande. <\/p><div class=\"faq\" data-component=\"FAQ\"><div class=\"faq-item\">\r\n\t\t\t\t\t<div class=\"faq-item-question\">\r\n\t\t\t\t\t\t<h3 class=\"faq-item-question-text\">Existe-t-il une option pour int\u00e9grer Logo Showcase \u00e0 mon site Weebly sans aucune connaissance en codage ?<\/h3>\r\n\r\n\t\t\t\t\t\t<div class=\"faq-item-question-icon\"><\/div>\r\n\t\t\t\t\t<\/div>\r\n\r\n\t\t\t\t\t<div class=\"faq-item-answer\">\r\n\t\t\t\t\t\t<div class=\"faq-item-answer-text\"> <p>La soci\u00e9t\u00e9 Elfsight propose une solution Cloud qui permet aux utilisateurs de cr\u00e9er eux-m\u00eames une application Logo Showcase, v\u00e9rifiez \u00e0 quel point c&rsquo;est simple\u00a0: travaillez directement dans la d\u00e9mo en ligne pour cr\u00e9er un plugin Logo Showcase que vous souhaitez inclure sur votre page d&rsquo;accueil Weebly. Choisissez l&rsquo;un de nos mod\u00e8les pr\u00e9con\u00e7us et modifiez les param\u00e8tres de Logo Showcase, mettez \u00e0 jour votre contenu, modifiez la mise en page et la palette de couleurs sans connaissances en codage. Cliquez pour enregistrer les param\u00e8tres que vous avez d\u00e9finis dans Logo Showcase et obtenir son code d&rsquo;installation, qui peut \u00eatre facilement coll\u00e9 sur la page d&rsquo;accueil de Weebly sans acheter d&rsquo;abonnement payant. Avec le configurateur convivial, chaque utilisateur Web peut cr\u00e9er une application Logo Showcase en ligne et l&rsquo;inclure sans effort sur le site Web Weebly. Il n&rsquo;est pas n\u00e9cessaire d&rsquo;obtenir un forfait payant ou de soumettre les informations d&rsquo;identification de votre carte pour acc\u00e9der \u00e0 Elfsight Editor. Si vous rencontrez des probl\u00e8mes \u00e0 quelque \u00e9tape que ce soit, n&rsquo;h\u00e9sitez pas \u00e0 en parler \u00e0 notre \u00e9quipe d&rsquo;assistance.<\/p> <\/div>\r\n\t\t\t\t\t<\/div>\r\n\t\t\t\t<\/div> <\/div><\/div>","protected":false},"excerpt":{"rendered":"","protected":false},"author":18,"featured_media":0,"parent":1645,"menu_order":0,"comment_status":"closed","ping_status":"closed","template":"templates\/template-application-platform.php","meta":{"publish_to_discourse":"","publish_post_category":"","wpdc_auto_publish_overridden":"","wpdc_topic_tags":"","wpdc_pin_topic":"","wpdc_pin_until":"","discourse_post_id":"","discourse_permalink":"","wpdc_publishing_response":"","wpdc_publishing_error":"","footnotes":""},"class_list":["post-6380","page","type-page","status-publish","hentry"],"yoast_head":"<!-- This site is optimized with the Yoast SEO plugin v25.3.1 - https:\/\/yoast.com\/wordpress\/plugins\/seo\/ -->\n<title>Carrousel Logo - ajoutez app Vitrine logo sur Weebly<\/title>\n<meta name=\"description\" content=\"Int\u00e9grez un Carrousel Logo attractif sur votre site. Utilisez la d\u00e9mo d&#039;Elfsight et g\u00e9n\u00e9rez votre widget en 2 minutes.\" \/>\n<meta name=\"robots\" content=\"index, follow, max-snippet:-1, max-image-preview:large, max-video-preview:-1\" \/>\n<link rel=\"canonical\" href=\"https:\/\/elfsight.com\/fr\/logo-showcase-widget\/weebly\/\" \/>\n<meta property=\"og:locale\" content=\"fr_FR\" \/>\n<meta property=\"og:type\" content=\"article\" \/>\n<meta property=\"og:title\" content=\"Carrousel Logo - ajoutez app Vitrine logo sur Weebly\" \/>\n<meta property=\"og:description\" content=\"Int\u00e9grez un Carrousel Logo attractif sur votre site. Utilisez la d\u00e9mo d&#039;Elfsight et g\u00e9n\u00e9rez votre widget en 2 minutes.\" \/>\n<meta property=\"og:url\" content=\"https:\/\/elfsight.com\/fr\/logo-showcase-widget\/weebly\/\" \/>\n<meta property=\"og:site_name\" content=\"Elfsight FR\" \/>\n<meta property=\"article:modified_time\" content=\"2025-07-10T08:17:53+00:00\" \/>\n<meta name=\"twitter:card\" content=\"summary_large_image\" \/>\n<meta name=\"twitter:label1\" content=\"Dur\u00e9e de lecture estim\u00e9e\" \/>\n\t<meta name=\"twitter:data1\" content=\"1 minute\" \/>\n<!-- \/ Yoast SEO plugin. -->","yoast_head_json":{"title":"Carrousel Logo - ajoutez app Vitrine logo sur Weebly","description":"Int\u00e9grez un Carrousel Logo attractif sur votre site. Utilisez la d\u00e9mo d'Elfsight et g\u00e9n\u00e9rez votre widget en 2 minutes.","robots":{"index":"index","follow":"follow","max-snippet":"max-snippet:-1","max-image-preview":"max-image-preview:large","max-video-preview":"max-video-preview:-1"},"canonical":"https:\/\/elfsight.com\/fr\/logo-showcase-widget\/weebly\/","og_locale":"fr_FR","og_type":"article","og_title":"Carrousel Logo - ajoutez app Vitrine logo sur Weebly","og_description":"Int\u00e9grez un Carrousel Logo attractif sur votre site. Utilisez la d\u00e9mo d'Elfsight et g\u00e9n\u00e9rez votre widget en 2 minutes.","og_url":"https:\/\/elfsight.com\/fr\/logo-showcase-widget\/weebly\/","og_site_name":"Elfsight FR","article_modified_time":"2025-07-10T08:17:53+00:00","twitter_card":"summary_large_image","twitter_misc":{"Dur\u00e9e de lecture estim\u00e9e":"1 minute"},"schema":{"@context":"https:\/\/schema.org","@graph":[{"@type":"WebPage","@id":"https:\/\/elfsight.com\/fr\/logo-showcase-widget\/weebly\/","url":"https:\/\/elfsight.com\/fr\/logo-showcase-widget\/weebly\/","name":"Carrousel Logo - ajoutez app Vitrine logo sur Weebly","isPartOf":{"@id":"https:\/\/elfsight.com\/fr\/#website"},"datePublished":"2021-12-03T08:52:37+00:00","dateModified":"2025-07-10T08:17:53+00:00","description":"Int\u00e9grez un Carrousel Logo attractif sur votre site. Utilisez la d\u00e9mo d'Elfsight et g\u00e9n\u00e9rez votre widget en 2 minutes.","breadcrumb":{"@id":"https:\/\/elfsight.com\/fr\/logo-showcase-widget\/weebly\/#breadcrumb"},"inLanguage":"fr-FR","potentialAction":[{"@type":"ReadAction","target":["https:\/\/elfsight.com\/fr\/logo-showcase-widget\/weebly\/"]}]},{"@type":"BreadcrumbList","@id":"https:\/\/elfsight.com\/fr\/logo-showcase-widget\/weebly\/#breadcrumb","itemListElement":[{"@type":"ListItem","position":1,"name":"Home","item":"https:\/\/elfsight.com\/fr\/"},{"@type":"ListItem","position":2,"name":"Logo Showcase","item":"https:\/\/elfsight.com\/fr\/logo-showcase-widget\/"},{"@type":"ListItem","position":3,"name":"Logo Showcase &#8211; Weebly"}]},{"@type":"WebSite","@id":"https:\/\/elfsight.com\/fr\/#website","url":"https:\/\/elfsight.com\/fr\/","name":"Elfsight FR","description":"","potentialAction":[{"@type":"SearchAction","target":{"@type":"EntryPoint","urlTemplate":"https:\/\/elfsight.com\/fr\/?s={search_term_string}"},"query-input":{"@type":"PropertyValueSpecification","valueRequired":true,"valueName":"search_term_string"}}],"inLanguage":"fr-FR"}]}},"meta_box":{"industry":"","seo_heading":"","heading":"","description":"","cta_heading":"","cta_description":"","application":"1644","h1":"App Carrousel Logo pour Weebly","h1_caption":"Affichez les logos de vos partenaires, sponsors ou clients, renfor\u00e7ant ainsi la cr\u00e9dibilit\u00e9 et la confiance de votre marque sur votre site Web Weebly sans effort.","application_category":[],"applications_title":"","applications_request_title":"","applications_request_button_text":"","hero_text":"","hero_video":"","hero_video_schema_markup":"","selling_points_title":"","selling_points_caption":"","selling_points":[],"selling_points_cta_text":"","features_title":"","features":"","ed_cta_examples_text":"","ed_cta_examples_hidden":"","ed_cta_demo_text":"","ed_cta_demo_hidden":"","why_caption":"","why_editor_title":"","why_editor_text":"","why_team_title":"","why_team_text":"","why_service_title":"","why_service_text":"","template_catalog_visible":"","template_catalog_title":"","template_catalog_text":"","template_catalog_categories_visible":"","demo_title":"Cr\u00e9ez votre application Vitrine de logos","demo_caption":"Configurez votre vitrine de logos et ajoutez-la gratuitement \u00e0 votre site Web Weebly\u00a0!","default_faq_hidden":"","app_template_category":[],"platform":"363","template_public_id":"","codecanyon_url":"","codecanyon_item_id":"","codecanyon_price":"","pricing_caption":"","pricing_elfsight_apps_hide_column":"","pricing_elfsight_apps_url":"","pricing_codecanyon_price_caption":"","integration_category":[],"integration_request_title":"","integration_request_cta":"","integration_platform":"","integrations":[],"platform_category":[],"video_schema_markup":"","price":"\u00c0 partir de $0\/mois","trial":"","benefits":[{"text":"Installation gratuite"},{"text":"Support Premium"},{"text":"Garantie de remboursement de 14 jours"},{"text":"L'am\u00e9lioration continue"}],"button_url":"#demo","button_target_blank":"0","button_nofollow":"0","attributes":[{"name":"Nombre d'installations","content":"1,000 - 5,000","_state":"expanded"},{"name":"Adaptif","content":"Oui","_state":"expanded"},{"name":"Navigateurs compatibles","content":"Firefox, Safari, Opera, Chrome, Edge","_state":"expanded"}],"tags":[],"tags_disable_links":"0","hide_more_platforms":"","video_object":"","demo_hide_cta":"0","demo_hide_cloud_options":"0","pricing_title":"","pricing":[{"pricing_icon":"platform","pricing_title":"Applications d'Elfsight","pricing_title_caption":"Solution num\u00e9rique multiplateforme qui fonctionne sur n'importe quel site","pricing_price":"\u00c0 partir de $0\/mois","pricing_price_caption":"Commencez avec un plan gratuit","pricing_benefits":[{"text":"Sites Web illimit\u00e9s"},{"text":"\u00c9quipe d'assistance professionnelle"},{"text":"Service d'installation gratuit"},{"text":"100% personnalisable"}],"pricing_button_text":"Ajouter au site Web","pricing_button_url":"https:\/\/apps.elfsight.com\/sign-up\/","pricing_button_nofollow":"1","_state":"expanded"}],"related_apps_title":"","related_apps_hidden":"1","author":"","image":[],"title":"","job":"","social_networks":[]},"_links":{"self":[{"href":"https:\/\/elfsight.com\/fr\/wp-json\/wp\/v2\/pages\/6380","targetHints":{"allow":["GET"]}}],"collection":[{"href":"https:\/\/elfsight.com\/fr\/wp-json\/wp\/v2\/pages"}],"about":[{"href":"https:\/\/elfsight.com\/fr\/wp-json\/wp\/v2\/types\/page"}],"author":[{"embeddable":true,"href":"https:\/\/elfsight.com\/fr\/wp-json\/wp\/v2\/users\/18"}],"replies":[{"embeddable":true,"href":"https:\/\/elfsight.com\/fr\/wp-json\/wp\/v2\/comments?post=6380"}],"version-history":[{"count":2,"href":"https:\/\/elfsight.com\/fr\/wp-json\/wp\/v2\/pages\/6380\/revisions"}],"predecessor-version":[{"id":14941,"href":"https:\/\/elfsight.com\/fr\/wp-json\/wp\/v2\/pages\/6380\/revisions\/14941"}],"up":[{"embeddable":true,"href":"https:\/\/elfsight.com\/fr\/wp-json\/wp\/v2\/pages\/1645"}],"wp:attachment":[{"href":"https:\/\/elfsight.com\/fr\/wp-json\/wp\/v2\/media?parent=6380"}],"curies":[{"name":"wp","href":"https:\/\/api.w.org\/{rel}","templated":true}]}}