{"id":6376,"date":"2021-12-03T08:52:44","date_gmt":"2021-12-03T08:52:44","guid":{"rendered":"https:\/\/elfsight.com\/fr\/?page_id=6376"},"modified":"2025-01-09T14:05:54","modified_gmt":"2025-01-09T14:05:54","slug":"webflow","status":"publish","type":"page","link":"https:\/\/elfsight.com\/fr\/logo-showcase-widget\/webflow\/","title":{"rendered":"Logo Showcase &#8211; Webflow"},"content":{"rendered":"\n<div class=\"application-platform-content-item-description application-platform-content-item\" id=\"description\" data-nav-section=\"description\"><h2>Int\u00e9grer une vitrine de logo sur Webflow avec le widget Elfsight<\/h2> <p>La vitrine de logo Elfsight sera la technique la plus simple pour montrer \u00e0 vos clients \u00bb et les logos de vos sponsors ou vos mentions presse sur votre site internet. Gr\u00e2ce \u00e0 ce widget, vous montrerez que vous \u00eates un compagnon r\u00e9put\u00e9 et conserverez une bonne image de votre entreprise. Le widget Elfsight vous permet d&rsquo;afficher n&rsquo;importe quel nombre d&#8217;embl\u00e8mes, de les int\u00e9grer dans un carrousel ou une grille et de varier la taille des images. Vous pouvez ajouter une l\u00e9gende et des liens vers les sites Web des entreprises. En variant les couleurs et les param\u00e8tres de police, il est facile de configurer une interface unique.<\/p><p><b>Augmentez les ventes en affichant l&rsquo;excellent nom de votre entreprise, avec les logos des clients sur le site Web.<\/b><\/p><\/div><div class=\"application-platform-content-item-features application-platform-content-item\" id=\"features\" data-nav-section=\"features\"><h2>Principales fonctionnalit\u00e9s du widget Logo Showcase<\/h2> <p>Consultez une liste de toutes les fonctionnalit\u00e9s de Logo Showcase. Ils sont disponibles directement dans l&rsquo;\u00e9diteur et vous aideront \u00e0 fa\u00e7onner le widget sp\u00e9cialement pour votre cas d&rsquo;utilisation. <\/p><ul><li> Connectez chaque logo \u00e0 n&rsquo;importe quelle page Web\u00a0; <\/li><li>En-t\u00eate flexible comprenant le titre et le texte avec param\u00e8tres de formatage\u00a0; <\/li><li>Le bouton CTA peut \u00eatre connect\u00e9 \u00e0 n&rsquo;importe quelle page\u00a0; <\/li><li>3 mises en page diff\u00e9rentes\u00a0:\u00a0Curseur, Grille et Carrousel\u00a0; <\/li><li>Une fonctionnalit\u00e9 pour adapter la taille du logo et la largeur du widget\u00a0; <\/li><li> Choisissez n&rsquo;importe quelle couleur d&rsquo;arri\u00e8re-plan ou t\u00e9l\u00e9chargez votre propre fichier. <\/li><\/ul><p><a href=\"#demo\">Vous pouvez essayer toutes les caract\u00e9ristiques fonctionnelles du widget directement dans la d\u00e9mo<\/a><\/p><\/div><div class=\"application-platform-content-item-installation application-platform-content-item\" id=\"installation\" data-nav-section=\"installation\"><h2>Comment ajouter Logo Showcase \u00e0 mon site Web Webflow\u00a0? <\/h2><div class=\"video-container\"><iframe width=\"720\" height=\"405\" src=\"https:\/\/www.youtube.com\/embed\/JfjyV9IasCc\" frameborder=\"0\" allowfullscreen=\"\"><\/iframe><\/div><p>Pour activer le widget, suivez les instructions ci-dessous<\/p><ul><li><b>G\u00e9n\u00e9rez votre widget Logo personnalis\u00e9<\/b><br>Dans notre configurateur gratuit, configurez un plugin avec une apparence et des fonctionnalit\u00e9s pr\u00e9f\u00e9r\u00e9es. <\/li><li><b>Copiez le code personnel pour afficher le plugin<\/b><br>Apr\u00e8s avoir configur\u00e9 votre widget, vous recevrez votre code personnel dans la fen\u00eatre contextuelle d&rsquo;Elfsight Apps. Copiez ce code. <\/li><li><b>Int\u00e9grez le plugin dans votre site Webflow<\/b><br>Choisissez l&rsquo;endroit sur la page ou dans le mod\u00e8le o\u00f9 vous souhaitez afficher le plugin et ins\u00e9rez-y le code enregistr\u00e9. Enregistrez les modifications. <\/li><li><b>F\u00e9licitations\u00a0! Vous venez d&rsquo;int\u00e9grer le widget ! <\/b><br>Entrez dans votre boutique pour jeter un \u0153il \u00e0 votre widget. <\/li><\/ul><p>N&rsquo;h\u00e9sitez pas \u00e0 communiquer avec le service d&rsquo;assistance client lorsque vous avez besoin de conseils ou que vous rencontrez des probl\u00e8mes. Nous serons heureux de r\u00e9pondre \u00e0 chaque demande. <\/p><div class=\"faq\" data-component=\"FAQ\"><div class=\"faq-item\">\r\n\t\t\t\t\t<div class=\"faq-item-question\">\r\n\t\t\t\t\t\t<h3 class=\"faq-item-question-text\">De quelle mani\u00e8re puis-je ajouter une vitrine de logo \u00e0 ma page d'accueil Webflow sans coder ?<\/h3>\r\n\r\n\t\t\t\t\t\t<div class=\"faq-item-question-icon\"><\/div>\r\n\t\t\t\t\t<\/div>\r\n\r\n\t\t\t\t\t<div class=\"faq-item-answer\">\r\n\t\t\t\t\t\t<div class=\"faq-item-answer-text\"> <p>La soci\u00e9t\u00e9 Elfsight pr\u00e9sente une solution qui permet aux utilisateurs de cr\u00e9er vous-m\u00eame un widget Vitrine de logo, d\u00e9couvrez \u00e0 quel point le processus est simple\u00a0: acc\u00e9dez \u00e0 la d\u00e9mo en direct pour cr\u00e9er une section de pr\u00e9sentation de logos que vous aimeriez voir sur la page Web Webflow. Choisissez l&rsquo;un de nos mod\u00e8les pr\u00e9d\u00e9finis et ajustez les param\u00e8tres de Logo Showcase, incluez votre contenu, changez la mise en page et la palette de couleurs sans aucune comp\u00e9tence en codage. Enregistrez la vitrine du logo et obtenez le code d&rsquo;installation du widget, qui peut \u00eatre coll\u00e9 sans effort et gratuitement sur le site Web Webflow. En travaillant dans notre \u00e9diteur facile \u00e0 utiliser, tout internaute peut cr\u00e9er une vitrine de logo en ligne et l&rsquo;inclure facilement sur le site Webflow. Il n&rsquo;est pas n\u00e9cessaire de payer ou de divulguer les informations d&rsquo;identification de votre carte pour acc\u00e9der \u00e0 l&rsquo;\u00e9diteur. Si vous rencontrez des probl\u00e8mes \u00e0 quelque \u00e9tape que ce soit, n&rsquo;h\u00e9sitez pas \u00e0 contacter notre service client.<\/p> <\/div>\r\n\t\t\t\t\t<\/div>\r\n\t\t\t\t<\/div> <\/div><\/div>\n","protected":false},"excerpt":{"rendered":"","protected":false},"author":18,"featured_media":0,"parent":1645,"menu_order":0,"comment_status":"closed","ping_status":"closed","template":"templates\/template-application-platform.php","meta":{"publish_to_discourse":"","publish_post_category":"","wpdc_auto_publish_overridden":"","wpdc_topic_tags":"","wpdc_pin_topic":"","wpdc_pin_until":"","discourse_post_id":"","discourse_permalink":"","wpdc_publishing_response":"","wpdc_publishing_error":"","footnotes":""},"class_list":["post-6376","page","type-page","status-publish","hentry"],"yoast_head":"<!-- This site is optimized with the Yoast SEO plugin v25.3.1 - https:\/\/yoast.com\/wordpress\/plugins\/seo\/ -->\n<title>Carrousel Logo - ajoutez widget Vitrine logo sur Webflow<\/title>\n<meta name=\"description\" content=\"Int\u00e9grez un Carrousel Logo avantageux sur votre site. Appliquez la d\u00e9mo d&#039;Elfsight et g\u00e9n\u00e9rez votre widget en deux minutes.\" \/>\n<meta name=\"robots\" content=\"index, follow, max-snippet:-1, max-image-preview:large, max-video-preview:-1\" \/>\n<link rel=\"canonical\" href=\"https:\/\/elfsight.com\/fr\/logo-showcase-widget\/webflow\/\" \/>\n<meta property=\"og:locale\" content=\"fr_FR\" \/>\n<meta property=\"og:type\" content=\"article\" \/>\n<meta property=\"og:title\" content=\"Carrousel Logo - ajoutez widget Vitrine logo sur Webflow\" \/>\n<meta property=\"og:description\" content=\"Int\u00e9grez un Carrousel Logo avantageux sur votre site. Appliquez la d\u00e9mo d&#039;Elfsight et g\u00e9n\u00e9rez votre widget en deux minutes.\" \/>\n<meta property=\"og:url\" content=\"https:\/\/elfsight.com\/fr\/logo-showcase-widget\/webflow\/\" \/>\n<meta property=\"og:site_name\" content=\"Elfsight FR\" \/>\n<meta property=\"article:modified_time\" content=\"2025-01-09T14:05:54+00:00\" \/>\n<meta name=\"twitter:card\" content=\"summary_large_image\" \/>\n<meta name=\"twitter:label1\" content=\"Dur\u00e9e de lecture estim\u00e9e\" \/>\n\t<meta name=\"twitter:data1\" content=\"3 minutes\" \/>\n<!-- \/ Yoast SEO plugin. -->","yoast_head_json":{"title":"Carrousel Logo - ajoutez widget Vitrine logo sur Webflow","description":"Int\u00e9grez un Carrousel Logo avantageux sur votre site. Appliquez la d\u00e9mo d'Elfsight et g\u00e9n\u00e9rez votre widget en deux minutes.","robots":{"index":"index","follow":"follow","max-snippet":"max-snippet:-1","max-image-preview":"max-image-preview:large","max-video-preview":"max-video-preview:-1"},"canonical":"https:\/\/elfsight.com\/fr\/logo-showcase-widget\/webflow\/","og_locale":"fr_FR","og_type":"article","og_title":"Carrousel Logo - ajoutez widget Vitrine logo sur Webflow","og_description":"Int\u00e9grez un Carrousel Logo avantageux sur votre site. Appliquez la d\u00e9mo d'Elfsight et g\u00e9n\u00e9rez votre widget en deux minutes.","og_url":"https:\/\/elfsight.com\/fr\/logo-showcase-widget\/webflow\/","og_site_name":"Elfsight FR","article_modified_time":"2025-01-09T14:05:54+00:00","twitter_card":"summary_large_image","twitter_misc":{"Dur\u00e9e de lecture estim\u00e9e":"3 minutes"},"schema":{"@context":"https:\/\/schema.org","@graph":[{"@type":"WebPage","@id":"https:\/\/elfsight.com\/fr\/logo-showcase-widget\/webflow\/","url":"https:\/\/elfsight.com\/fr\/logo-showcase-widget\/webflow\/","name":"Carrousel Logo - ajoutez widget Vitrine logo sur Webflow","isPartOf":{"@id":"https:\/\/elfsight.com\/fr\/#website"},"datePublished":"2021-12-03T08:52:44+00:00","dateModified":"2025-01-09T14:05:54+00:00","description":"Int\u00e9grez un Carrousel Logo avantageux sur votre site. Appliquez la d\u00e9mo d'Elfsight et g\u00e9n\u00e9rez votre widget en deux minutes.","breadcrumb":{"@id":"https:\/\/elfsight.com\/fr\/logo-showcase-widget\/webflow\/#breadcrumb"},"inLanguage":"fr-FR","potentialAction":[{"@type":"ReadAction","target":["https:\/\/elfsight.com\/fr\/logo-showcase-widget\/webflow\/"]}]},{"@type":"BreadcrumbList","@id":"https:\/\/elfsight.com\/fr\/logo-showcase-widget\/webflow\/#breadcrumb","itemListElement":[{"@type":"ListItem","position":1,"name":"Home","item":"https:\/\/elfsight.com\/fr\/"},{"@type":"ListItem","position":2,"name":"Logo Showcase","item":"https:\/\/elfsight.com\/fr\/logo-showcase-widget\/"},{"@type":"ListItem","position":3,"name":"Logo Showcase &#8211; Webflow"}]},{"@type":"WebSite","@id":"https:\/\/elfsight.com\/fr\/#website","url":"https:\/\/elfsight.com\/fr\/","name":"Elfsight FR","description":"","potentialAction":[{"@type":"SearchAction","target":{"@type":"EntryPoint","urlTemplate":"https:\/\/elfsight.com\/fr\/?s={search_term_string}"},"query-input":{"@type":"PropertyValueSpecification","valueRequired":true,"valueName":"search_term_string"}}],"inLanguage":"fr-FR"}]}},"meta_box":{"industry":"","seo_heading":"","heading":"","description":"","cta_heading":"","cta_description":"","application":"1644","h1":"Widget Carrousel Logo pour Webflow","h1_caption":"Affichez les logos de vos partenaires, sponsors ou clients, renfor\u00e7ant ainsi la cr\u00e9dibilit\u00e9 et la confiance de votre marque sur votre site Web Webflow sans effort.","application_category":[],"applications_title":"","applications_request_title":"","applications_request_button_text":"","hero_text":"","hero_video":"","hero_video_schema_markup":"","selling_points_title":"","selling_points_caption":"","selling_points":[],"selling_points_cta_text":"","features_title":"","features":"","ed_cta_examples_text":"","ed_cta_examples_hidden":"","ed_cta_demo_text":"","ed_cta_demo_hidden":"","why_caption":"","why_editor_title":"","why_editor_text":"","why_team_title":"","why_team_text":"","why_service_title":"","why_service_text":"","template_catalog_visible":"0","template_catalog_title":"","template_catalog_text":"","template_catalog_categories_visible":"","demo_title":"Cr\u00e9ez votre widget Vitrine de logos","demo_caption":"Configurez votre vitrine de logo et ajoutez-la gratuitement \u00e0 votre site Web Webflow\u00a0!","default_faq_hidden":"","app_template_category":[],"platform":"362","template_public_id":"","codecanyon_url":"","codecanyon_item_id":"","codecanyon_price":"","pricing_caption":"","pricing_elfsight_apps_hide_column":"","pricing_elfsight_apps_url":"","pricing_codecanyon_price_caption":"","integration_category":[],"integration_request_title":"","integration_request_cta":"","integration_platform":"","integrations":[],"platform_category":[],"video_schema_markup":"","price":"\u00c0 partir de $0\/mois","trial":"","benefits":[{"text":"Installation gratuite"},{"text":"Support Premium"},{"text":"Garantie de remboursement de 14 jours"},{"text":"L'am\u00e9lioration continue"}],"button_url":"#demo","button_target_blank":"0","button_nofollow":"0","attributes":[{"name":"Nombre d'installations","content":"1,000 - 5,000","_state":"expanded"},{"name":"Adaptif","content":"Oui","_state":"expanded"},{"name":"Navigateurs compatibles","content":"Firefox, Safari, Opera, Chrome, Edge","_state":"expanded"}],"tags":[],"tags_disable_links":"0","hide_more_platforms":"","video_object":"","demo_hide_cta":"0","demo_hide_cloud_options":"0","pricing_title":"","pricing":[{"pricing_icon":"platform","pricing_title":"Applications d'Elfsight","pricing_title_caption":"Solution num\u00e9rique multiplateforme qui fonctionne sur n'importe quel site","pricing_price":"\u00c0 partir de $0\/mois","pricing_price_caption":"Commencez avec un plan gratuit","pricing_benefits":[{"text":"Sites Web illimit\u00e9s"},{"text":"\u00c9quipe d'assistance professionnelle"},{"text":"Service d'installation gratuit"},{"text":"100% personnalisable"}],"pricing_button_text":"Ajouter au site Web","pricing_button_url":"https:\/\/apps.elfsight.com\/sign-up\/","pricing_button_nofollow":"1","_state":"expanded"}],"related_apps_title":"","related_apps_hidden":"1","author":"","image":[],"title":"","job":"","social_networks":[]},"_links":{"self":[{"href":"https:\/\/elfsight.com\/fr\/wp-json\/wp\/v2\/pages\/6376","targetHints":{"allow":["GET"]}}],"collection":[{"href":"https:\/\/elfsight.com\/fr\/wp-json\/wp\/v2\/pages"}],"about":[{"href":"https:\/\/elfsight.com\/fr\/wp-json\/wp\/v2\/types\/page"}],"author":[{"embeddable":true,"href":"https:\/\/elfsight.com\/fr\/wp-json\/wp\/v2\/users\/18"}],"replies":[{"embeddable":true,"href":"https:\/\/elfsight.com\/fr\/wp-json\/wp\/v2\/comments?post=6376"}],"version-history":[{"count":3,"href":"https:\/\/elfsight.com\/fr\/wp-json\/wp\/v2\/pages\/6376\/revisions"}],"predecessor-version":[{"id":16111,"href":"https:\/\/elfsight.com\/fr\/wp-json\/wp\/v2\/pages\/6376\/revisions\/16111"}],"up":[{"embeddable":true,"href":"https:\/\/elfsight.com\/fr\/wp-json\/wp\/v2\/pages\/1645"}],"wp:attachment":[{"href":"https:\/\/elfsight.com\/fr\/wp-json\/wp\/v2\/media?parent=6376"}],"curies":[{"name":"wp","href":"https:\/\/api.w.org\/{rel}","templated":true}]}}