{"id":6374,"date":"2021-12-03T08:52:47","date_gmt":"2021-12-03T08:52:47","guid":{"rendered":"https:\/\/elfsight.com\/fr\/?page_id=6374"},"modified":"2025-07-10T08:17:35","modified_gmt":"2025-07-10T08:17:35","slug":"squarespace","status":"publish","type":"page","link":"https:\/\/elfsight.com\/fr\/logo-showcase-widget\/squarespace\/","title":{"rendered":"Logo Showcase &#8211; Squarespace"},"content":{"rendered":"<div class=\"application-platform-content-item-description application-platform-content-item\" id=\"description\" data-nav-section=\"description\"><h2>Int\u00e9grer une vitrine de logos sur Squarespace avec le widget Elfsight<\/h2> <p>Elfsight Logo Showcase est le moyen le plus simple de d\u00e9montrer l&rsquo;engagement de vos partenaires. et les logos de vos sponsors ou vos mentions presse sur le site. Avec l&rsquo;aide du widget Elfsight, vous prouvez que vous \u00eates un compagnon cr\u00e9dible et soutenez une bonne vision de votre entreprise. Le widget vous permet d&rsquo;ajouter n&rsquo;importe quel nombre de logos, de les disposer dans un carrousel ou une grille et d&rsquo;ajuster la taille des images. Vous pouvez afficher des l\u00e9gendes et des liens vers le site Web des entreprises. En variant les couleurs et les param\u00e8tres de polices, vous obtiendrez une interface personnalis\u00e9e. <\/p><p><b>Am\u00e9liorez la cr\u00e9dibilit\u00e9 de votre entreprise.<\/b><\/p><\/div><div class=\"application-platform-content-item-features application-platform-content-item\" id=\"features\" data-nav-section=\"features\"><h2>Principales fonctionnalit\u00e9s du widget Logo Showcase<\/h2> <p>Consultez une liste de toutes les fonctionnalit\u00e9s de Logo Showcase. Vous pouvez les ajuster directement dans l&rsquo;\u00e9diteur et ils vous aideront \u00e0 fa\u00e7onner le widget adapt\u00e9 \u00e0 votre cas. <\/p><ul><li>Vous pouvez lier chaque logo \u00e0 n&rsquo;importe quelle page Web\u00a0; <\/li><li>En-t\u00eate commutable comportant le titre et le texte avec des options de formatage\u00a0; <\/li><li>Le bouton CTA peut \u00eatre connect\u00e9 \u00e0 n&rsquo;importe quelle page\u00a0; <\/li><li>3\u00a0dispositions de widgets \u00e9quilibr\u00e9es\u00a0: curseur, grille et carrousel\u00a0; <\/li><li>Une option pour d\u00e9finir la taille du logo et la largeur du widget\u00a0; <\/li><li> Choisissez n&rsquo;importe quelle couleur d&rsquo;arri\u00e8re-plan ou ajoutez votre propre fichier. <\/li><\/ul><p><a href=\"#demo\">V\u00e9rifiez le fonctionnement de toutes les fonctionnalit\u00e9s dans notre d\u00e9mo<\/a><\/p><\/div><div class=\"application-platform-content-item-installation application-platform-content-item\" id=\"installation\" data-nav-section=\"installation\"> <h2>Comment int\u00e9grer Logo Showcase sur mon site Web Squarespace\u00a0?<\/h2><div class=\"video-container\"><iframe width=\"720\" height=\"405\" src=\"https:\/\/www.youtube.com\/embed\/DO7NNHdqL8M\" frameborder=\"0\" allowfullscreen=\"\"><\/iframe><\/div><p>Pour activer le widget, suivez simplement les instructions ci-dessous<\/p><ul><li><b> Concevez votre plugin Logo personnalis\u00e9<\/b><br>\u00c0 l&rsquo;aide de notre d\u00e9mo gratuite, g\u00e9n\u00e9rez un plugin avec une composition et des fonctions pr\u00e9f\u00e9r\u00e9es. <\/li><li><b>Copiez le code individuel pour configurer le plugin<\/b><br>Apr\u00e8s avoir g\u00e9n\u00e9r\u00e9 votre widget, vous recevrez le code individuel dans la fen\u00eatre qui appara\u00eet sur Elfsight Apps. Copiez le code pour une utilisation ult\u00e9rieure. <\/li><li><b>Int\u00e9grez le plugin sur votre site Web Squarespace<\/b><br>Allez dans la zone o\u00f9 vous souhaitez afficher le plugin et ajoutez-y le code copi\u00e9. Enregistrez les modifications. <\/li><li><b>Fait\u00a0! <\/b><br>Visitez la boutique pour v\u00e9rifier votre plugin. <\/li><\/ul><p>Prenez une minute pour contacter le support client d&rsquo;Elfsight lorsque vous avez besoin de conseils ou si vous avez quelque chose \u00e0 demander. Nos sp\u00e9cialistes vous donneront un coup de main pour chaque demande. <\/p><div class=\"faq\" data-component=\"FAQ\"><div class=\"faq-item\">\r\n\t\t\t\t\t<div class=\"faq-item-question\">\r\n\t\t\t\t\t\t<h3 class=\"faq-item-question-text\">De quelle mani\u00e8re puis-je ajouter une vitrine de logos \u00e0 mon site Squarespace sans comp\u00e9tences en codage ?<\/h3>\r\n\r\n\t\t\t\t\t\t<div class=\"faq-item-question-icon\"><\/div>\r\n\t\t\t\t\t<\/div>\r\n\r\n\t\t\t\t\t<div class=\"faq-item-answer\">\r\n\t\t\t\t\t\t<div class=\"faq-item-answer-text\"> <p>La soci\u00e9t\u00e9 Elfsight pr\u00e9sente une solution SaaS qui permet aux utilisateurs de cr\u00e9er eux-m\u00eames une section de vitrine de logos , v\u00e9rifiez \u00e0 quel point c&rsquo;est simple : acc\u00e9dez \u00e0 la d\u00e9mo en direct pour g\u00e9n\u00e9rer un plugin Logo Showcase que vous aimeriez voir sur votre site Web Squarespace. Choisissez l&rsquo;un des nombreux mod\u00e8les pr\u00e9d\u00e9finis et modifiez les param\u00e8tres de Logo Showcase, ajoutez votre contenu, modifiez la mise en page et les couleurs sans aucune exp\u00e9rience de codage. Cliquez pour enregistrer la vitrine du logo et obtenir le code d\u2019installation qui peut \u00eatre int\u00e9gr\u00e9 gratuitement dans n\u2019importe quel site Squarespace. \u00c0 l&rsquo;aide de notre configurateur facile \u00e0 utiliser, chaque utilisateur Web peut cr\u00e9er un plugin Logo Showcase en ligne et l&rsquo;ajouter \u00e0 son site Squarespace. Vous ne devez pas payer ni saisir les donn\u00e9es de votre carte pour acc\u00e9der \u00e0 notre service. Si vous rencontrez des probl\u00e8mes de quelque nature que ce soit, n&rsquo;h\u00e9sitez pas \u00e0 en parler \u00e0 notre \u00e9quipe d&rsquo;assistance.<\/p> <\/div>\r\n\t\t\t\t\t<\/div>\r\n\t\t\t\t<\/div> <\/div><\/div>","protected":false},"excerpt":{"rendered":"","protected":false},"author":18,"featured_media":0,"parent":1645,"menu_order":0,"comment_status":"closed","ping_status":"closed","template":"templates\/template-application-platform.php","meta":{"publish_to_discourse":"","publish_post_category":"","wpdc_auto_publish_overridden":"","wpdc_topic_tags":"","wpdc_pin_topic":"","wpdc_pin_until":"","discourse_post_id":"","discourse_permalink":"","wpdc_publishing_response":"","wpdc_publishing_error":"","footnotes":""},"class_list":["post-6374","page","type-page","status-publish","hentry"],"yoast_head":"<!-- This site is optimized with the Yoast SEO plugin v25.3.1 - https:\/\/yoast.com\/wordpress\/plugins\/seo\/ -->\n<title>Carrousel Logo - ajoutez plugin Vitrine logo sur Squarespace<\/title>\n<meta name=\"description\" content=\"Int\u00e9grez un Carrousel Logo avantageux sur votre site. Utilisez la d\u00e9mo d&#039;Elfsight et g\u00e9n\u00e9rez votre widget en quelques minutes.\" \/>\n<meta name=\"robots\" content=\"index, follow, max-snippet:-1, max-image-preview:large, max-video-preview:-1\" \/>\n<link rel=\"canonical\" href=\"https:\/\/elfsight.com\/fr\/logo-showcase-widget\/squarespace\/\" \/>\n<meta property=\"og:locale\" content=\"fr_FR\" \/>\n<meta property=\"og:type\" content=\"article\" \/>\n<meta property=\"og:title\" content=\"Carrousel Logo - ajoutez plugin Vitrine logo sur Squarespace\" \/>\n<meta property=\"og:description\" content=\"Int\u00e9grez un Carrousel Logo avantageux sur votre site. Utilisez la d\u00e9mo d&#039;Elfsight et g\u00e9n\u00e9rez votre widget en quelques minutes.\" \/>\n<meta property=\"og:url\" content=\"https:\/\/elfsight.com\/fr\/logo-showcase-widget\/squarespace\/\" \/>\n<meta property=\"og:site_name\" content=\"Elfsight FR\" \/>\n<meta property=\"article:modified_time\" content=\"2025-07-10T08:17:35+00:00\" \/>\n<meta name=\"twitter:card\" content=\"summary_large_image\" \/>\n<meta name=\"twitter:label1\" content=\"Dur\u00e9e de lecture estim\u00e9e\" \/>\n\t<meta name=\"twitter:data1\" content=\"1 minute\" \/>\n<!-- \/ Yoast SEO plugin. -->","yoast_head_json":{"title":"Carrousel Logo - ajoutez plugin Vitrine logo sur Squarespace","description":"Int\u00e9grez un Carrousel Logo avantageux sur votre site. Utilisez la d\u00e9mo d'Elfsight et g\u00e9n\u00e9rez votre widget en quelques minutes.","robots":{"index":"index","follow":"follow","max-snippet":"max-snippet:-1","max-image-preview":"max-image-preview:large","max-video-preview":"max-video-preview:-1"},"canonical":"https:\/\/elfsight.com\/fr\/logo-showcase-widget\/squarespace\/","og_locale":"fr_FR","og_type":"article","og_title":"Carrousel Logo - ajoutez plugin Vitrine logo sur Squarespace","og_description":"Int\u00e9grez un Carrousel Logo avantageux sur votre site. Utilisez la d\u00e9mo d'Elfsight et g\u00e9n\u00e9rez votre widget en quelques minutes.","og_url":"https:\/\/elfsight.com\/fr\/logo-showcase-widget\/squarespace\/","og_site_name":"Elfsight FR","article_modified_time":"2025-07-10T08:17:35+00:00","twitter_card":"summary_large_image","twitter_misc":{"Dur\u00e9e de lecture estim\u00e9e":"1 minute"},"schema":{"@context":"https:\/\/schema.org","@graph":[{"@type":"WebPage","@id":"https:\/\/elfsight.com\/fr\/logo-showcase-widget\/squarespace\/","url":"https:\/\/elfsight.com\/fr\/logo-showcase-widget\/squarespace\/","name":"Carrousel Logo - ajoutez plugin Vitrine logo sur Squarespace","isPartOf":{"@id":"https:\/\/elfsight.com\/fr\/#website"},"datePublished":"2021-12-03T08:52:47+00:00","dateModified":"2025-07-10T08:17:35+00:00","description":"Int\u00e9grez un Carrousel Logo avantageux sur votre site. Utilisez la d\u00e9mo d'Elfsight et g\u00e9n\u00e9rez votre widget en quelques minutes.","breadcrumb":{"@id":"https:\/\/elfsight.com\/fr\/logo-showcase-widget\/squarespace\/#breadcrumb"},"inLanguage":"fr-FR","potentialAction":[{"@type":"ReadAction","target":["https:\/\/elfsight.com\/fr\/logo-showcase-widget\/squarespace\/"]}]},{"@type":"BreadcrumbList","@id":"https:\/\/elfsight.com\/fr\/logo-showcase-widget\/squarespace\/#breadcrumb","itemListElement":[{"@type":"ListItem","position":1,"name":"Home","item":"https:\/\/elfsight.com\/fr\/"},{"@type":"ListItem","position":2,"name":"Logo Showcase","item":"https:\/\/elfsight.com\/fr\/logo-showcase-widget\/"},{"@type":"ListItem","position":3,"name":"Logo Showcase &#8211; Squarespace"}]},{"@type":"WebSite","@id":"https:\/\/elfsight.com\/fr\/#website","url":"https:\/\/elfsight.com\/fr\/","name":"Elfsight FR","description":"","potentialAction":[{"@type":"SearchAction","target":{"@type":"EntryPoint","urlTemplate":"https:\/\/elfsight.com\/fr\/?s={search_term_string}"},"query-input":{"@type":"PropertyValueSpecification","valueRequired":true,"valueName":"search_term_string"}}],"inLanguage":"fr-FR"}]}},"meta_box":{"industry":"","seo_heading":"","heading":"","description":"","cta_heading":"","cta_description":"","application":"1644","h1":"Plugin Carrousel Logo pour Squarespace","h1_caption":"Affichez les logos de vos partenaires, sponsors ou clients, renfor\u00e7ant ainsi la cr\u00e9dibilit\u00e9 et la confiance de votre marque sur votre site Web Squarespace sans effort.","application_category":[],"applications_title":"","applications_request_title":"","applications_request_button_text":"","hero_text":"","hero_video":"","hero_video_schema_markup":"","selling_points_title":"","selling_points_caption":"","selling_points":[],"selling_points_cta_text":"","features_title":"","features":"","ed_cta_examples_text":"","ed_cta_examples_hidden":"","ed_cta_demo_text":"","ed_cta_demo_hidden":"","why_caption":"","why_editor_title":"","why_editor_text":"","why_team_title":"","why_team_text":"","why_service_title":"","why_service_text":"","template_catalog_visible":"","template_catalog_title":"","template_catalog_text":"","template_catalog_categories_visible":"","demo_title":"Cr\u00e9ez votre plugin Logo Showcase","demo_caption":"Configurez votre vitrine de logos et ajoutez-la gratuitement \u00e0 votre site Web Squarespace\u00a0!","default_faq_hidden":"","app_template_category":[],"platform":"361","template_public_id":"","codecanyon_url":"","codecanyon_item_id":"","codecanyon_price":"","pricing_caption":"","pricing_elfsight_apps_hide_column":"","pricing_elfsight_apps_url":"","pricing_codecanyon_price_caption":"","integration_category":[],"integration_request_title":"","integration_request_cta":"","integration_platform":"","integrations":[],"platform_category":[],"video_schema_markup":"","price":"\u00c0 partir de $0\/mois","trial":"","benefits":[{"text":"Installation gratuite"},{"text":"Support Premium"},{"text":"Garantie de remboursement de 14 jours"},{"text":"L'am\u00e9lioration continue"}],"button_url":"#demo","button_target_blank":"0","button_nofollow":"0","attributes":[{"name":"Nombre d'installations","content":"1,000 - 5,000","_state":"expanded"},{"name":"Adaptif","content":"Oui","_state":"expanded"},{"name":"Navigateurs compatibles","content":"Firefox, Safari, Opera, Chrome, Edge","_state":"expanded"}],"tags":[],"tags_disable_links":"0","hide_more_platforms":"","video_object":"","demo_hide_cta":"0","demo_hide_cloud_options":"0","pricing_title":"","pricing":[{"pricing_icon":"platform","pricing_title":"Applications d'Elfsight","pricing_title_caption":"Solution num\u00e9rique multiplateforme qui fonctionne sur n'importe quel site","pricing_price":"\u00c0 partir de $0\/mois","pricing_price_caption":"Commencez avec un plan gratuit","pricing_benefits":[{"text":"Sites Web illimit\u00e9s"},{"text":"\u00c9quipe d'assistance professionnelle"},{"text":"Service d'installation gratuit"},{"text":"100% personnalisable"}],"pricing_button_text":"Ajouter au site Web","pricing_button_url":"https:\/\/apps.elfsight.com\/sign-up\/","pricing_button_nofollow":"1","_state":"expanded"}],"related_apps_title":"","related_apps_hidden":"1","author":"","image":[],"title":"","job":"","social_networks":[]},"_links":{"self":[{"href":"https:\/\/elfsight.com\/fr\/wp-json\/wp\/v2\/pages\/6374","targetHints":{"allow":["GET"]}}],"collection":[{"href":"https:\/\/elfsight.com\/fr\/wp-json\/wp\/v2\/pages"}],"about":[{"href":"https:\/\/elfsight.com\/fr\/wp-json\/wp\/v2\/types\/page"}],"author":[{"embeddable":true,"href":"https:\/\/elfsight.com\/fr\/wp-json\/wp\/v2\/users\/18"}],"replies":[{"embeddable":true,"href":"https:\/\/elfsight.com\/fr\/wp-json\/wp\/v2\/comments?post=6374"}],"version-history":[{"count":2,"href":"https:\/\/elfsight.com\/fr\/wp-json\/wp\/v2\/pages\/6374\/revisions"}],"predecessor-version":[{"id":14943,"href":"https:\/\/elfsight.com\/fr\/wp-json\/wp\/v2\/pages\/6374\/revisions\/14943"}],"up":[{"embeddable":true,"href":"https:\/\/elfsight.com\/fr\/wp-json\/wp\/v2\/pages\/1645"}],"wp:attachment":[{"href":"https:\/\/elfsight.com\/fr\/wp-json\/wp\/v2\/media?parent=6374"}],"curies":[{"name":"wp","href":"https:\/\/api.w.org\/{rel}","templated":true}]}}