{"id":6370,"date":"2021-12-03T11:32:14","date_gmt":"2021-12-03T11:32:14","guid":{"rendered":"https:\/\/elfsight.com\/fr\/?page_id=6370"},"modified":"2025-07-10T08:17:22","modified_gmt":"2025-07-10T08:17:22","slug":"prestashop","status":"publish","type":"page","link":"https:\/\/elfsight.com\/fr\/logo-showcase-widget\/prestashop\/","title":{"rendered":"Logo Showcase &#8211; PrestaShop"},"content":{"rendered":"<div class=\"application-platform-content-item-description application-platform-content-item\" id=\"description\" data-nav-section=\"description\"> <h2>Description<\/h2> <p>Elfsight Logo Showcase est l&rsquo;outil le plus simple pour faire voir aux utilisateurs les logos des partenaires ou sponsors ou vos mentions dans la presse sur votre site Internet. En utilisant le widget Elfsight, vous convainquez les visiteurs que vous \u00eates un compagnon digne de confiance et soutenez une image positive de votre marque. Le widget vous permet d&rsquo;int\u00e9grer n&rsquo;importe quel nombre d&#8217;embl\u00e8mes, de les organiser dans un carrousel ou une grille et d&rsquo;ajuster l&rsquo;\u00e9chelle des logos. Vous pouvez afficher une l\u00e9gende et des liens vers les sites Web des entreprises. \u00c0 l\u2019aide des param\u00e8tres de couleurs et de polices, il est facile de configurer une interface unique. <\/p><p><b>Augmentez vos ventes en affichant le magnifique nom de votre entreprise, avec les logos de vos partenaires sur votre site Web<\/b><\/p><\/div> <div class=\"application-platform-content-item-features application-platform-content-item\" id=\"features\" data-nav-section=\"features\"> <h2>Voici fonctionnalit\u00e9s de base du widget\u00a0: <\/h2> <ul><li>Utilisez l&rsquo;URL du profil Twitter ou Facebook pour prouver que l&rsquo;auteur est r\u00e9el. <\/li><li>Essayez 6 mod\u00e8les de t\u00e9moignages adaptatifs et trouvez celui dont vous avez besoin. <\/li><li>Mise en page pleine largeur pour lui donner un aspect apparent. <\/li><li>Affichez la photo et le nom de l&rsquo;auteur pour une plus grande confiance. <\/li><li>Utilisez une l\u00e9gende pour le poste, le nom et d&rsquo;autres donn\u00e9es de l&rsquo;entreprise. <\/li><li>Fournir un lien vers le site Internet de l&rsquo;auteur pour une pr\u00e9sentation plus fiable. <\/li><li>Pour ajouter de la fiabilit\u00e9, affichez le logo de la soci\u00e9t\u00e9 de l&rsquo;auteur. <\/li><li>Dispositions de grille et de curseur pour un large \u00e9ventail de cas d&rsquo;utilisation. <\/li><li>Options de pagination du curseur et fl\u00e8ches. <\/li><\/ul><p><a href=\"#demo\">Explorez toutes les options de personnalisation dans la d\u00e9mo compl\u00e8te<\/a><\/p> <\/div> <div class=\"application-platform-content-item-installation application-platform-content-item\" id=\"installation\" data-nav-section=\"installation\"> <h2>Comment int\u00e9grer Logo Showcase sur mon site PrestaShop\u00a0? <\/h2> <p>Remplissez simplement les instructions ci-dessous pour ins\u00e9rer le widget. <\/p> <ol><li><b>Lancez notre d\u00e9mo gratuite et commencez \u00e0 cr\u00e9er votre widget personnalis\u00e9. <\/b><br> D\u00e9terminez l&rsquo;apparence personnalis\u00e9e et les caract\u00e9ristiques fonctionnelles de l&rsquo;outil et appliquez les corrections. <\/li> <li><b>Copiez votre code personnel qui appara\u00eet dans la bo\u00eete sur les applications Elfsight. <\/b><br> Une fois la g\u00e9n\u00e9ration de votre outil termin\u00e9e, copiez le code exclusif de la bo\u00eete qui appara\u00eet et enregistrez-le pour d&rsquo;autres besoins. <\/li> <li><b>Entrez en utilisant le widget sur votre page d&rsquo;accueil PrestaShop. <\/b><br> Placez le code que vous avez copi\u00e9 auparavant dans votre page et enregistrez les corrections. <\/li> <li><b>L&rsquo;installation est enti\u00e8rement termin\u00e9e. <\/b><br> Acc\u00e9dez \u00e0 votre site Web pour voir les performances de l&rsquo;outil. <\/li><\/ol> <p>Si vous rencontrez des complications, n&rsquo;h\u00e9sitez pas \u00e0 faire appel \u00e0 notre \u00e9quipe d&rsquo;assistance. Nos consultants sont impatients de r\u00e9soudre tous les probl\u00e8mes que vous pourriez rencontrer avec le widget. <\/p> <div class=\"faq\" data-component=\"FAQ\"><div class=\"faq-item\">\r\n\t\t\t\t\t<div class=\"faq-item-question\">\r\n\t\t\t\t\t\t<h3 class=\"faq-item-question-text\">Existe-t-il un moyen d'ajouter une vitrine de logo \u00e0 ma page d'accueil PrestaShop sans coder ?<\/h3>\r\n\r\n\t\t\t\t\t\t<div class=\"faq-item-question-icon\"><\/div>\r\n\t\t\t\t\t<\/div>\r\n\r\n\t\t\t\t\t<div class=\"faq-item-answer\">\r\n\t\t\t\t\t\t<div class=\"faq-item-answer-text\"> <p>Elfsight propose une solution Cloud qui permet aux utilisateurs de cr\u00e9er vous-m\u00eame une section de vitrine de logo, v\u00e9rifiez la guide simple\u00a0: travaillez directement dans la d\u00e9mo en ligne pour cr\u00e9er une section de pr\u00e9sentation de logos que vous souhaitez int\u00e9grer sur votre page d&rsquo;accueil PrestaShop. Choisissez l&rsquo;un des nombreux mod\u00e8les pr\u00e9d\u00e9finis et modifiez les param\u00e8tres de Logo Showcase, ajoutez votre contenu, transformez la mise en page et les couleurs sans aucune connaissance en codage. Cliquez pour enregistrer les param\u00e8tres que vous avez d\u00e9finis dans Logo Showcase et copiez le code d&rsquo;installation, que vous pouvez simplement coller gratuitement dans votre page Web PrestaShop. \u00c0 l&rsquo;aide du configurateur intuitif, chaque internaute peut cr\u00e9er une application Logo Showcase et l&rsquo;int\u00e9grer facilement \u00e0 n&rsquo;importe quel site Web PrestaShop. Il n\u2019est pas n\u00e9cessaire de payer ou de divulguer les informations d\u2019identification de votre carte pour acc\u00e9der au service. Si vous rencontrez des probl\u00e8mes \u00e0 un moment donn\u00e9, n&rsquo;h\u00e9sitez pas \u00e0 contacter notre service client.<\/p> <\/div>\r\n\t\t\t\t\t<\/div>\r\n\t\t\t\t<\/div> <\/div><\/div>","protected":false},"excerpt":{"rendered":"","protected":false},"author":18,"featured_media":0,"parent":1645,"menu_order":0,"comment_status":"closed","ping_status":"closed","template":"templates\/template-application-platform.php","meta":{"publish_to_discourse":"","publish_post_category":"","wpdc_auto_publish_overridden":"","wpdc_topic_tags":"","wpdc_pin_topic":"","wpdc_pin_until":"","discourse_post_id":"","discourse_permalink":"","wpdc_publishing_response":"","wpdc_publishing_error":"","footnotes":""},"class_list":["post-6370","page","type-page","status-publish","hentry"],"yoast_head":"<!-- This site is optimized with the Yoast SEO plugin v25.3.1 - https:\/\/yoast.com\/wordpress\/plugins\/seo\/ -->\n<title>Carrousel Logo - ajoutez addon Vitrine logo sur Prestashop<\/title>\n<meta name=\"description\" content=\"Int\u00e9grez un Carrousel Logo attractif sur votre site. Utilisez la d\u00e9mo d&#039;Elfsight et g\u00e9n\u00e9rez votre plugin en quelques minutes.\" \/>\n<meta name=\"robots\" content=\"index, follow, max-snippet:-1, max-image-preview:large, max-video-preview:-1\" \/>\n<link rel=\"canonical\" href=\"https:\/\/elfsight.com\/fr\/logo-showcase-widget\/prestashop\/\" \/>\n<meta property=\"og:locale\" content=\"fr_FR\" \/>\n<meta property=\"og:type\" content=\"article\" \/>\n<meta property=\"og:title\" content=\"Carrousel Logo - ajoutez addon Vitrine logo sur Prestashop\" \/>\n<meta property=\"og:description\" content=\"Int\u00e9grez un Carrousel Logo attractif sur votre site. Utilisez la d\u00e9mo d&#039;Elfsight et g\u00e9n\u00e9rez votre plugin en quelques minutes.\" \/>\n<meta property=\"og:url\" content=\"https:\/\/elfsight.com\/fr\/logo-showcase-widget\/prestashop\/\" \/>\n<meta property=\"og:site_name\" content=\"Elfsight FR\" \/>\n<meta property=\"article:modified_time\" content=\"2025-07-10T08:17:22+00:00\" \/>\n<meta name=\"twitter:card\" content=\"summary_large_image\" \/>\n<meta name=\"twitter:label1\" content=\"Dur\u00e9e de lecture estim\u00e9e\" \/>\n\t<meta name=\"twitter:data1\" content=\"1 minute\" \/>\n<!-- \/ Yoast SEO plugin. -->","yoast_head_json":{"title":"Carrousel Logo - ajoutez addon Vitrine logo sur Prestashop","description":"Int\u00e9grez un Carrousel Logo attractif sur votre site. Utilisez la d\u00e9mo d'Elfsight et g\u00e9n\u00e9rez votre plugin en quelques minutes.","robots":{"index":"index","follow":"follow","max-snippet":"max-snippet:-1","max-image-preview":"max-image-preview:large","max-video-preview":"max-video-preview:-1"},"canonical":"https:\/\/elfsight.com\/fr\/logo-showcase-widget\/prestashop\/","og_locale":"fr_FR","og_type":"article","og_title":"Carrousel Logo - ajoutez addon Vitrine logo sur Prestashop","og_description":"Int\u00e9grez un Carrousel Logo attractif sur votre site. Utilisez la d\u00e9mo d'Elfsight et g\u00e9n\u00e9rez votre plugin en quelques minutes.","og_url":"https:\/\/elfsight.com\/fr\/logo-showcase-widget\/prestashop\/","og_site_name":"Elfsight FR","article_modified_time":"2025-07-10T08:17:22+00:00","twitter_card":"summary_large_image","twitter_misc":{"Dur\u00e9e de lecture estim\u00e9e":"1 minute"},"schema":{"@context":"https:\/\/schema.org","@graph":[{"@type":"WebPage","@id":"https:\/\/elfsight.com\/fr\/logo-showcase-widget\/prestashop\/","url":"https:\/\/elfsight.com\/fr\/logo-showcase-widget\/prestashop\/","name":"Carrousel Logo - ajoutez addon Vitrine logo sur Prestashop","isPartOf":{"@id":"https:\/\/elfsight.com\/fr\/#website"},"datePublished":"2021-12-03T11:32:14+00:00","dateModified":"2025-07-10T08:17:22+00:00","description":"Int\u00e9grez un Carrousel Logo attractif sur votre site. Utilisez la d\u00e9mo d'Elfsight et g\u00e9n\u00e9rez votre plugin en quelques minutes.","breadcrumb":{"@id":"https:\/\/elfsight.com\/fr\/logo-showcase-widget\/prestashop\/#breadcrumb"},"inLanguage":"fr-FR","potentialAction":[{"@type":"ReadAction","target":["https:\/\/elfsight.com\/fr\/logo-showcase-widget\/prestashop\/"]}]},{"@type":"BreadcrumbList","@id":"https:\/\/elfsight.com\/fr\/logo-showcase-widget\/prestashop\/#breadcrumb","itemListElement":[{"@type":"ListItem","position":1,"name":"Home","item":"https:\/\/elfsight.com\/fr\/"},{"@type":"ListItem","position":2,"name":"Logo Showcase","item":"https:\/\/elfsight.com\/fr\/logo-showcase-widget\/"},{"@type":"ListItem","position":3,"name":"Logo Showcase &#8211; PrestaShop"}]},{"@type":"WebSite","@id":"https:\/\/elfsight.com\/fr\/#website","url":"https:\/\/elfsight.com\/fr\/","name":"Elfsight FR","description":"","potentialAction":[{"@type":"SearchAction","target":{"@type":"EntryPoint","urlTemplate":"https:\/\/elfsight.com\/fr\/?s={search_term_string}"},"query-input":{"@type":"PropertyValueSpecification","valueRequired":true,"valueName":"search_term_string"}}],"inLanguage":"fr-FR"}]}},"meta_box":{"industry":"","seo_heading":"","heading":"","description":"","cta_heading":"","cta_description":"","application":"1644","h1":"Addon Carrousel Logo pour Prestashop","h1_caption":"Affichez les logos de vos partenaires, sponsors ou clients, renfor\u00e7ant ainsi la cr\u00e9dibilit\u00e9 et la confiance de votre marque sur votre site Web Prestashop sans effort.","application_category":[],"applications_title":"","applications_request_title":"","applications_request_button_text":"","hero_text":"","hero_video":"","hero_video_schema_markup":"","selling_points_title":"","selling_points_caption":"","selling_points":[],"selling_points_cta_text":"","features_title":"","features":"","ed_cta_examples_text":"","ed_cta_examples_hidden":"","ed_cta_demo_text":"","ed_cta_demo_hidden":"","why_caption":"","why_editor_title":"","why_editor_text":"","why_team_title":"","why_team_text":"","why_service_title":"","why_service_text":"","template_catalog_visible":"","template_catalog_title":"","template_catalog_text":"","template_catalog_categories_visible":"","demo_title":"Cr\u00e9ez votre module compl\u00e9mentaire de vitrine de logo","demo_caption":"Configurez votre Vitrine de Logos et ajoutez-la \u00e0 votre site PrestaShop gratuitement !","default_faq_hidden":"","app_template_category":[],"platform":"3190","template_public_id":"","codecanyon_url":"","codecanyon_item_id":"","codecanyon_price":"","pricing_caption":"","pricing_elfsight_apps_hide_column":"","pricing_elfsight_apps_url":"","pricing_codecanyon_price_caption":"","integration_category":[],"integration_request_title":"","integration_request_cta":"","integration_platform":"","integrations":[],"platform_category":[],"video_schema_markup":"","price":"\u00c0 partir de $0\/mois","trial":"","benefits":[{"text":"Installation gratuite"},{"text":"Support Premium"},{"text":"Garantie de remboursement de 14 jours"},{"text":"L'am\u00e9lioration continue"}],"button_url":"#demo","button_target_blank":"0","button_nofollow":"0","attributes":[{"name":"Nombre d'installations","content":"1,000 - 5,000","_state":"expanded"},{"name":"Adaptif","content":"Oui","_state":"expanded"},{"name":"Navigateurs compatibles","content":"Firefox, Safari, Opera, Chrome, Edge","_state":"expanded"}],"tags":[],"tags_disable_links":"0","hide_more_platforms":"","video_object":"","demo_hide_cta":"0","demo_hide_cloud_options":"0","pricing_title":"","pricing":[{"pricing_icon":"platform","pricing_title":"Applications d'Elfsight","pricing_title_caption":"Solution num\u00e9rique multiplateforme qui fonctionne sur n'importe quel site","pricing_price":"\u00c0 partir de $0\/mois","pricing_price_caption":"Commencez avec un plan gratuit","pricing_benefits":[{"text":"Sites Web illimit\u00e9s"},{"text":"\u00c9quipe d'assistance professionnelle"},{"text":"Service d'installation gratuit"},{"text":"100% personnalisable"}],"pricing_button_text":"Ajouter au site Web","pricing_button_url":"https:\/\/apps.elfsight.com\/sign-up\/","pricing_button_nofollow":"1","_state":"expanded"}],"related_apps_title":"","related_apps_hidden":"1","author":"","image":[],"title":"","job":"","social_networks":[]},"_links":{"self":[{"href":"https:\/\/elfsight.com\/fr\/wp-json\/wp\/v2\/pages\/6370","targetHints":{"allow":["GET"]}}],"collection":[{"href":"https:\/\/elfsight.com\/fr\/wp-json\/wp\/v2\/pages"}],"about":[{"href":"https:\/\/elfsight.com\/fr\/wp-json\/wp\/v2\/types\/page"}],"author":[{"embeddable":true,"href":"https:\/\/elfsight.com\/fr\/wp-json\/wp\/v2\/users\/18"}],"replies":[{"embeddable":true,"href":"https:\/\/elfsight.com\/fr\/wp-json\/wp\/v2\/comments?post=6370"}],"version-history":[{"count":4,"href":"https:\/\/elfsight.com\/fr\/wp-json\/wp\/v2\/pages\/6370\/revisions"}],"predecessor-version":[{"id":14068,"href":"https:\/\/elfsight.com\/fr\/wp-json\/wp\/v2\/pages\/6370\/revisions\/14068"}],"up":[{"embeddable":true,"href":"https:\/\/elfsight.com\/fr\/wp-json\/wp\/v2\/pages\/1645"}],"wp:attachment":[{"href":"https:\/\/elfsight.com\/fr\/wp-json\/wp\/v2\/media?parent=6370"}],"curies":[{"name":"wp","href":"https:\/\/api.w.org\/{rel}","templated":true}]}}