{"id":6360,"date":"2021-12-03T08:53:36","date_gmt":"2021-12-03T08:53:36","guid":{"rendered":"https:\/\/elfsight.com\/fr\/?page_id=6360"},"modified":"2025-07-10T08:16:58","modified_gmt":"2025-07-10T08:16:58","slug":"jquery","status":"publish","type":"page","link":"https:\/\/elfsight.com\/fr\/logo-showcase-widget\/jquery\/","title":{"rendered":"Logo Showcase &#8211; jQuery"},"content":{"rendered":"<div class=\"application-platform-content-item-description application-platform-content-item\" id=\"description\" data-nav-section=\"description\"><h2>Description<\/h2> <p>Elfsight Logo Showcase sera le moyen le plus simple de pr\u00e9senter les logos des clients et des promoteurs ou votre presse. mentions sur le site. Gr\u00e2ce \u00e0 notre widget, vous prouvez que vous \u00eates un compagnon cr\u00e9dible et \u00e9tablissez une bonne perception de votre entreprise. Le widget vous permet d&rsquo;afficher n&rsquo;importe quel nombre de logos, de les organiser dans un curseur ou une grille et de varier l&rsquo;\u00e9chelle des images. Vous pouvez saisir une l\u00e9gende et des liens vers le site Web des entreprises. \u00c0 l\u2019aide des options de couleurs et de polices, il est facile de cr\u00e9er une interface personnalis\u00e9e. <\/p><p><b>Augmentez le niveau de ventes en prouvant l&rsquo;excellent nom de votre entreprise, avec les logos des clients sur le site Web. <\/b><\/p><\/div> <div class=\"application-platform-content-item-features application-platform-content-item\" id=\"features\" data-nav-section=\"features\"><h2>Fonctionnalit\u00e9s<\/h2> <p>V\u00e9rifiez toutes les caract\u00e9ristiques fonctionnelles de Logo Showcase. Ils sont disponibles directement dans l&rsquo;\u00e9diteur et vous aideront \u00e0 fa\u00e7onner le widget le plus adapt\u00e9 \u00e0 votre cas. <\/p><ul><li> Associez chaque logo \u00e0 n&rsquo;importe quelle adresse\u00a0; <\/li><li>L&rsquo;en-t\u00eate adaptatif comporte un titre et un texte avec des options de formatage\u00a0; <\/li><li>Le bouton d&rsquo;appel \u00e0 l&rsquo;action peut \u00eatre connect\u00e9 \u00e0 n&rsquo;importe quelle adresse\u00a0; <\/li><li>3 mises en page diff\u00e9rentes\u00a0: curseur, grille et carrousel\u00a0;<\/li><li>Une option pour ajuster la taille du logo et le param\u00e8tre de largeur du widget\u00a0; <\/li><li>S\u00e9lectionnez n&rsquo;importe quelle couleur d&rsquo;arri\u00e8re-plan ou ajoutez votre propre image. <\/li><\/ul><p><a href=\"#demo\">D\u00e9couvrez comment fonctionnent toutes les fonctionnalit\u00e9s, dans notre d\u00e9mo<\/a><\/p><\/div> <div class=\"application-platform-content-item-installation application-platform-content-item\" id=\"installation\" data-nav-section=\"installation\"> <h2>Comment puis-je ajouter Logo Showcase \u00e0 jQuery\u00a0? <\/h2><p>Pour commencer \u00e0 utiliser le widget, suivez simplement les \u00e9tapes rapides suivantes<\/p><ul><li><b>Concevez votre plugin de logo personnalis\u00e9<\/b><br>\u00c0 l&rsquo;aide de notre configurateur gratuit, obtenez un plugin avec une interface et des fonctions personnalis\u00e9es. <\/li><li><b>Copiez le code individuel pour int\u00e9grer le plugin<\/b><br>Apr\u00e8s avoir personnalis\u00e9 votre widget, vous obtiendrez le code d&rsquo;installation dans la fen\u00eatre apparue sur Elfsight Apps. Copiez-le pour une utilisation ult\u00e9rieure. <\/li><li><b>Publiez le plugin sur votre site jQuery<\/b><br>Trouvez la zone dans laquelle vous devez int\u00e9grer le plugin et collez-y le code copi\u00e9. Appliquez les modifications. <\/li><li><b>La configuration est r\u00e9ussie\u00a0! <\/b><br>Acc\u00e9dez \u00e0 votre site pour afficher votre plugin. <\/li><\/ul><p>N&rsquo;h\u00e9sitez pas \u00e0 contacter le service d&rsquo;assistance d&rsquo;Elfsight si vous avez besoin d&rsquo;aide ou si vous rencontrez des probl\u00e8mes. Nos sp\u00e9cialistes se feront un plaisir de r\u00e9pondre \u00e0 chaque demande. <\/p><div class=\"faq\" data-component=\"FAQ\"><div class=\"faq-item\">\r\n\t\t\t\t\t<div class=\"faq-item-question\">\r\n\t\t\t\t\t\t<h3 class=\"faq-item-question-text\">De quelle mani\u00e8re puis-je ajouter Logo Showcase \u00e0 mon site jQuery sans exp\u00e9rience en codage ?<\/h3>\r\n\r\n\t\t\t\t\t\t<div class=\"faq-item-question-icon\"><\/div>\r\n\t\t\t\t\t<\/div>\r\n\r\n\t\t\t\t\t<div class=\"faq-item-answer\">\r\n\t\t\t\t\t\t<div class=\"faq-item-answer-text\"> <p>Elfsight fournit une solution SaaS qui vous permet de g\u00e9n\u00e9rer vous-m\u00eame un widget Logo Showcase, v\u00e9rifiez les \u00e9tapes simples\u00a0: Commencez \u00e0 travailler directement dans l&rsquo;\u00e9diteur en direct pour cr\u00e9er un widget Logo Showcase que vous souhaitez int\u00e9grer sur votre page Web jQuery. Choisissez l&rsquo;un des nombreux mod\u00e8les pr\u00e9d\u00e9finis et modifiez les param\u00e8tres de Logo Showcase, ajoutez votre contenu, modifiez la disposition et la couleur des \u00e9l\u00e9ments sans aucun codage. Enregistrez les param\u00e8tres que vous avez d\u00e9finis dans Logo Showcase et copiez le code d&rsquo;installation, que vous pouvez facilement int\u00e9grer dans n&rsquo;importe quelle page d&rsquo;accueil jQuery dans le cadre d&rsquo;un forfait gratuit. \u00c0 l&rsquo;aide de l&rsquo;\u00e9diteur convivial, chaque utilisateur Web peut cr\u00e9er un widget Logo Showcase et l&rsquo;int\u00e9grer simplement au site jQuery. Il n\u2019est pas n\u00e9cessaire d\u2019obtenir un forfait payant ou de divulguer les informations d\u2019identification de votre carte pour acc\u00e9der \u00e0 notre \u00e9diteur. Si vous rencontrez des probl\u00e8mes de quelque nature que ce soit, n&rsquo;h\u00e9sitez pas \u00e0 contacter notre \u00e9quipe d&rsquo;assistance.<\/p> <\/div>\r\n\t\t\t\t\t<\/div>\r\n\t\t\t\t<\/div> <\/div><\/div>","protected":false},"excerpt":{"rendered":"","protected":false},"author":18,"featured_media":0,"parent":1645,"menu_order":0,"comment_status":"closed","ping_status":"closed","template":"templates\/template-application-platform.php","meta":{"publish_to_discourse":"","publish_post_category":"","wpdc_auto_publish_overridden":"","wpdc_topic_tags":"","wpdc_pin_topic":"","wpdc_pin_until":"","discourse_post_id":"","discourse_permalink":"","wpdc_publishing_response":"","wpdc_publishing_error":"","footnotes":""},"class_list":["post-6360","page","type-page","status-publish","hentry"],"yoast_head":"<!-- This site is optimized with the Yoast SEO plugin v25.3.1 - https:\/\/yoast.com\/wordpress\/plugins\/seo\/ -->\n<title>Carrousel Logo - ajoutez widget Vitrine logo sur jQuery<\/title>\n<meta name=\"description\" content=\"Int\u00e9grez un Carrousel Logo attractif sur votre site. Appliquez la d\u00e9mo d&#039;Elfsight et g\u00e9n\u00e9rez votre widget en quelques minutes.\" \/>\n<meta name=\"robots\" content=\"index, follow, max-snippet:-1, max-image-preview:large, max-video-preview:-1\" \/>\n<link rel=\"canonical\" href=\"https:\/\/elfsight.com\/fr\/logo-showcase-widget\/jquery\/\" \/>\n<meta property=\"og:locale\" content=\"fr_FR\" \/>\n<meta property=\"og:type\" content=\"article\" \/>\n<meta property=\"og:title\" content=\"Carrousel Logo - ajoutez widget Vitrine logo sur jQuery\" \/>\n<meta property=\"og:description\" content=\"Int\u00e9grez un Carrousel Logo attractif sur votre site. Appliquez la d\u00e9mo d&#039;Elfsight et g\u00e9n\u00e9rez votre widget en quelques minutes.\" \/>\n<meta property=\"og:url\" content=\"https:\/\/elfsight.com\/fr\/logo-showcase-widget\/jquery\/\" \/>\n<meta property=\"og:site_name\" content=\"Elfsight FR\" \/>\n<meta property=\"article:modified_time\" content=\"2025-07-10T08:16:58+00:00\" \/>\n<meta name=\"twitter:card\" content=\"summary_large_image\" \/>\n<meta name=\"twitter:label1\" content=\"Dur\u00e9e de lecture estim\u00e9e\" \/>\n\t<meta name=\"twitter:data1\" content=\"1 minute\" \/>\n<!-- \/ Yoast SEO plugin. -->","yoast_head_json":{"title":"Carrousel Logo - ajoutez widget Vitrine logo sur jQuery","description":"Int\u00e9grez un Carrousel Logo attractif sur votre site. Appliquez la d\u00e9mo d'Elfsight et g\u00e9n\u00e9rez votre widget en quelques minutes.","robots":{"index":"index","follow":"follow","max-snippet":"max-snippet:-1","max-image-preview":"max-image-preview:large","max-video-preview":"max-video-preview:-1"},"canonical":"https:\/\/elfsight.com\/fr\/logo-showcase-widget\/jquery\/","og_locale":"fr_FR","og_type":"article","og_title":"Carrousel Logo - ajoutez widget Vitrine logo sur jQuery","og_description":"Int\u00e9grez un Carrousel Logo attractif sur votre site. Appliquez la d\u00e9mo d'Elfsight et g\u00e9n\u00e9rez votre widget en quelques minutes.","og_url":"https:\/\/elfsight.com\/fr\/logo-showcase-widget\/jquery\/","og_site_name":"Elfsight FR","article_modified_time":"2025-07-10T08:16:58+00:00","twitter_card":"summary_large_image","twitter_misc":{"Dur\u00e9e de lecture estim\u00e9e":"1 minute"},"schema":{"@context":"https:\/\/schema.org","@graph":[{"@type":"WebPage","@id":"https:\/\/elfsight.com\/fr\/logo-showcase-widget\/jquery\/","url":"https:\/\/elfsight.com\/fr\/logo-showcase-widget\/jquery\/","name":"Carrousel Logo - ajoutez widget Vitrine logo sur jQuery","isPartOf":{"@id":"https:\/\/elfsight.com\/fr\/#website"},"datePublished":"2021-12-03T08:53:36+00:00","dateModified":"2025-07-10T08:16:58+00:00","description":"Int\u00e9grez un Carrousel Logo attractif sur votre site. Appliquez la d\u00e9mo d'Elfsight et g\u00e9n\u00e9rez votre widget en quelques minutes.","breadcrumb":{"@id":"https:\/\/elfsight.com\/fr\/logo-showcase-widget\/jquery\/#breadcrumb"},"inLanguage":"fr-FR","potentialAction":[{"@type":"ReadAction","target":["https:\/\/elfsight.com\/fr\/logo-showcase-widget\/jquery\/"]}]},{"@type":"BreadcrumbList","@id":"https:\/\/elfsight.com\/fr\/logo-showcase-widget\/jquery\/#breadcrumb","itemListElement":[{"@type":"ListItem","position":1,"name":"Home","item":"https:\/\/elfsight.com\/fr\/"},{"@type":"ListItem","position":2,"name":"Logo Showcase","item":"https:\/\/elfsight.com\/fr\/logo-showcase-widget\/"},{"@type":"ListItem","position":3,"name":"Logo Showcase &#8211; jQuery"}]},{"@type":"WebSite","@id":"https:\/\/elfsight.com\/fr\/#website","url":"https:\/\/elfsight.com\/fr\/","name":"Elfsight FR","description":"","potentialAction":[{"@type":"SearchAction","target":{"@type":"EntryPoint","urlTemplate":"https:\/\/elfsight.com\/fr\/?s={search_term_string}"},"query-input":{"@type":"PropertyValueSpecification","valueRequired":true,"valueName":"search_term_string"}}],"inLanguage":"fr-FR"}]}},"meta_box":{"industry":"","seo_heading":"","heading":"","description":"","cta_heading":"","cta_description":"","application":"1644","h1":"Widget Carrousel Logo pour jQuery","h1_caption":"Affichez les logos de vos partenaires, sponsors ou clients, renfor\u00e7ant ainsi la cr\u00e9dibilit\u00e9 et la confiance de votre marque sur votre site Web jQuery sans effort.","application_category":[],"applications_title":"","applications_request_title":"","applications_request_button_text":"","hero_text":"","hero_video":"","hero_video_schema_markup":"","selling_points_title":"","selling_points_caption":"","selling_points":[],"selling_points_cta_text":"","features_title":"","features":"","ed_cta_examples_text":"","ed_cta_examples_hidden":"","ed_cta_demo_text":"","ed_cta_demo_hidden":"","why_caption":"","why_editor_title":"","why_editor_text":"","why_team_title":"","why_team_text":"","why_service_title":"","why_service_text":"","template_catalog_visible":"","template_catalog_title":"","template_catalog_text":"","template_catalog_categories_visible":"","demo_title":"Cr\u00e9ez votre plugin Logo Showcase","demo_caption":"Configurez votre vitrine de logos et ajoutez-la gratuitement \u00e0 votre site Web jQuery\u00a0!","default_faq_hidden":"","app_template_category":[],"platform":"355","template_public_id":"","codecanyon_url":"","codecanyon_item_id":"","codecanyon_price":"","pricing_caption":"","pricing_elfsight_apps_hide_column":"","pricing_elfsight_apps_url":"","pricing_codecanyon_price_caption":"","integration_category":[],"integration_request_title":"","integration_request_cta":"","integration_platform":"","integrations":[],"platform_category":[],"video_schema_markup":"","price":"\u00c0 partir de $0\/mois","trial":"","benefits":[{"text":"Installation gratuite"},{"text":"Support Premium"},{"text":"Garantie de remboursement de 14 jours"},{"text":"L'am\u00e9lioration continue"}],"button_url":"#demo","button_target_blank":"0","button_nofollow":"0","attributes":[{"name":"Nombre d'installations","content":"1,000 - 5,000","_state":"expanded"},{"name":"Adaptif","content":"Oui","_state":"expanded"},{"name":"Navigateurs compatibles","content":"Firefox, Safari, Opera, Chrome, Edge","_state":"expanded"}],"tags":[],"tags_disable_links":"0","hide_more_platforms":"","video_object":"","demo_hide_cta":"0","demo_hide_cloud_options":"0","pricing_title":"","pricing":[{"pricing_icon":"platform","pricing_title":"Applications d'Elfsight","pricing_title_caption":"Solution num\u00e9rique multiplateforme qui fonctionne sur n'importe quel site","pricing_price":"\u00c0 partir de $0\/mois","pricing_price_caption":"Commencez avec un plan gratuit","pricing_benefits":[{"text":"Sites Web illimit\u00e9s"},{"text":"\u00c9quipe d'assistance professionnelle"},{"text":"Service d'installation gratuit"},{"text":"100% personnalisable"}],"pricing_button_text":"Ajouter au site Web","pricing_button_url":"https:\/\/apps.elfsight.com\/sign-up\/","pricing_button_nofollow":"1","_state":"expanded"}],"related_apps_title":"","related_apps_hidden":"1","author":"","image":[],"title":"","job":"","social_networks":[]},"_links":{"self":[{"href":"https:\/\/elfsight.com\/fr\/wp-json\/wp\/v2\/pages\/6360","targetHints":{"allow":["GET"]}}],"collection":[{"href":"https:\/\/elfsight.com\/fr\/wp-json\/wp\/v2\/pages"}],"about":[{"href":"https:\/\/elfsight.com\/fr\/wp-json\/wp\/v2\/types\/page"}],"author":[{"embeddable":true,"href":"https:\/\/elfsight.com\/fr\/wp-json\/wp\/v2\/users\/18"}],"replies":[{"embeddable":true,"href":"https:\/\/elfsight.com\/fr\/wp-json\/wp\/v2\/comments?post=6360"}],"version-history":[{"count":2,"href":"https:\/\/elfsight.com\/fr\/wp-json\/wp\/v2\/pages\/6360\/revisions"}],"predecessor-version":[{"id":14949,"href":"https:\/\/elfsight.com\/fr\/wp-json\/wp\/v2\/pages\/6360\/revisions\/14949"}],"up":[{"embeddable":true,"href":"https:\/\/elfsight.com\/fr\/wp-json\/wp\/v2\/pages\/1645"}],"wp:attachment":[{"href":"https:\/\/elfsight.com\/fr\/wp-json\/wp\/v2\/media?parent=6360"}],"curies":[{"name":"wp","href":"https:\/\/api.w.org\/{rel}","templated":true}]}}