{"id":636,"date":"2020-06-16T05:04:30","date_gmt":"2020-06-16T05:04:30","guid":{"rendered":"https:\/\/elfsight.com\/fr\/?page_id=636"},"modified":"2020-06-16T05:04:30","modified_gmt":"2020-06-16T05:04:30","slug":"pinnaclecart-widgets","status":"publish","type":"page","link":"https:\/\/elfsight.com\/fr\/pinnaclecart-widgets\/","title":{"rendered":"PinnacleCart widgets"},"content":{"rendered":"\n<h2>Le mieux Elfsight Apps Service pour la modernisation de votre site en PinnacleCart. <\/h2>\n\n\n<p>Pendant de nombreuses ann\u00e9es, l\u2019\u00e9quipe d&rsquo;experts d\u2019Elfsight cr\u00e9e outils pratiques et adaptables pour votre site Web. L\u2019\u00e9quipe d&rsquo;experts syst\u00e9matiquement vous propose un service d&rsquo;assistance d\u00e9di\u00e9e et vitesse de chargement impressionnante. Widgets d\u2019Elfsight enrichirent beaucoup de vendeurs, organisations d&rsquo;utilit\u00e9 publique \net de nombreux autres possesseurs de sites Web\ndans le monde entier \u00e0 assumer les t\u00e2ches plus efficacement. <\/p>\n<p>Simplement ajoutez les applications dans votre site et augmentez cours vendeur, montrez commentaires contents, rehausser une confiance des vos consommateurs. Nos tarifs diff\u00e8rent entre sans aucun frais et entreprise. D\u00e9marrer l&rsquo;installation de d\u2019applications en avec l&rsquo;aide de notre d\u00e9mo conversationnel et regardez son effet sur l\u2019\u00e9laboration de votre activit\u00e9 commerciale. <\/p>\n\n<h2> \nQu\u2019est-ce qui fais Elfsight outils sp\u00e9ciaux pour votre votre site? <\/h2>\n\n\n<p>Tu vois une liste des pr\u00e9f\u00e9rences rares de nos plugins, qui nous garantissent d&rsquo;\u00eatre plus efficaces que nos comp\u00e9titeurs: <\/p>\n\n<ul>\n<li>R\u00e9ponse libre et exp\u00e9ditif avec des plugins d&rsquo;int\u00e9gration ou de personnalisation; <\/li>\n<li>Enti\u00e8rement sensible \u00e0 tous les caract\u00e9ristiques du site internet; <\/li>\n<li>Pas besoin| d&rsquo;\u00e9tudier le codage; <\/li>\n<li>Une consid\u00e9rable vari\u00e9t\u00e9 des opportunit\u00e9s de individualisation; <\/li>\n<li>Les solutions cloud permettent de renforcer la c\u00e9l\u00e9rit\u00e9 de chargement; <\/li>\n<li>Mises \u00e0 jour continuelles; <\/li>\n<li> Tarifs mod\u00e9r\u00e9s; <\/li>\n<li> Assistance constant pour toutes les demandes des utilisateurs. <\/li>\n<\/ul>\n\n<p> Souscrivez-vous \u00e0 l\u2019option gratuite de nos plugins et \u00e9valuez son potentiel ou installez tout outil convenable avec une remise de 20%. <\/p>\n\n\n<h2>Comment implementer vos widgets sur le site web de PinnacleCart<\/h2>\n\n<p>Pour int\u00e9grer les widgets, voir le manuel simple: <\/p>\n\n\n<ol>\n<li> D\u00e9signez le plugin ad\u00e9quat; <\/li>\n<li> Accordez la structure n\u00e9cessaire en rapport avec vos objectifs; <\/li>\n<li> Enregistrez les amendements; <\/li>\n<li> Faire le clic sur le code obtenu; <\/li>\n<li> Ins\u00e9rez le code \u00e0 l&#8217;emplacement pr\u00e9sent de votre site ou mod\u00e8le; <\/li>\n<li> La personnalisation du widget est en plein termin\u00e9e. <\/li>\n<\/ol>\n\n<p> Au cas o\u00f9 vous rencontrez avec des probl\u00e8mes, n&rsquo;h\u00e9sitez pas \u00e0 contacter \u00e0 nos sp\u00e9cialistes du soutien. <\/p>\n\n\n<div class=\"faq\" data-component=\"FAQ\">\n\n<div class=\"faq-item\">\r\n\t\t\t\t\t<div class=\"faq-item-question\">\r\n\t\t\t\t\t\t<h3 class=\"faq-item-question-text\">1. Quels mod\u00e8les PinnacleCart sauvent prendre en charge les plugins?<\/h3>\r\n\r\n\t\t\t\t\t\t<div class=\"faq-item-question-icon\"><\/div>\r\n\t\t\t\t\t<\/div>\r\n\r\n\t\t\t\t\t<div class=\"faq-item-answer\">\r\n\t\t\t\t\t\t<div class=\"faq-item-answer-text\">\n<p> Les plugins peuvent \u00eatre int\u00e9gr\u00e9s \u00e0 n\u2019importe quelles \u00e9l\u00e9ment du site internet de PinnacleCart. Vous pouvez \u00eatre tranquille d&rsquo;un travail profitant de nos widgets. <\/p>\n<\/div>\r\n\t\t\t\t\t<\/div>\r\n\t\t\t\t<\/div>\n<div class=\"faq-item\">\r\n\t\t\t\t\t<div class=\"faq-item-question\">\r\n\t\t\t\t\t\t<h3 class=\"faq-item-question-text\">2. O\u00f9 puis-je adapter les \u00e9l\u00e9ments de mon plugin?<\/h3>\r\n\r\n\t\t\t\t\t\t<div class=\"faq-item-question-icon\"><\/div>\r\n\t\t\t\t\t<\/div>\r\n\r\n\t\t\t\t\t<div class=\"faq-item-answer\">\r\n\t\t\t\t\t\t<div class=\"faq-item-answer-text\">\n<p> Tous nos \u0433tilisateurs appliqueront tous les actuations appropri\u00e9s dans les \u00e9l\u00e9ments de l&rsquo;\u00e9diteur commode. <\/p>\n<\/div>\r\n\t\t\t\t\t<\/div>\r\n\t\t\t\t<\/div>\n<div class=\"faq-item\">\r\n\t\t\t\t\t<div class=\"faq-item-question\">\r\n\t\t\t\t\t\t<h3 class=\"faq-item-question-text\">3. Est-il probable de prendre attache le centre d\u2019appoint d'Elfsight \u00e0 condition que j'aurais en panne d'aide pour la personnalisation de widget?<\/h3>\r\n\r\n\t\t\t\t\t\t<div class=\"faq-item-question-icon\"><\/div>\r\n\t\t\t\t\t<\/div>\r\n\r\n\t\t\t\t\t<div class=\"faq-item-answer\">\r\n\t\t\t\t\t\t<div class=\"faq-item-answer-text\">\n<p> Tous les clients peuvent contacter nos personnel d\u2019Elfsight franchement qualifi\u00e9s pour d\u00e9goter une solution sur le fonction des plugins. <\/p>\n<\/div>\r\n\t\t\t\t\t<\/div>\r\n\t\t\t\t<\/div>\n<\/div>\n","protected":false},"excerpt":{"rendered":"Le mieux Elfsight Apps Service pour la modernisation de votre site en PinnacleCart. Pendant de nombreuses ann\u00e9es, l\u2019\u00e9quipe d&rsquo;experts d\u2019Elfsight cr\u00e9e outils pratiques et adaptables pour votre site Web. L\u2019\u00e9quipe d&rsquo;experts syst\u00e9matiquement vous propose un service d&rsquo;assistance d\u00e9di\u00e9e et vitesse de chargement impressionnante. Widgets d\u2019Elfsight enrichirent beaucoup de vendeurs, organisations&#8230;","protected":false},"author":12,"featured_media":0,"parent":0,"menu_order":0,"comment_status":"closed","ping_status":"closed","template":"templates\/template-platform.php","meta":{"publish_to_discourse":"","publish_post_category":"","wpdc_auto_publish_overridden":"","wpdc_topic_tags":"","wpdc_pin_topic":"","wpdc_pin_until":"","discourse_post_id":"","discourse_permalink":"","wpdc_publishing_response":"","wpdc_publishing_error":"","footnotes":""},"class_list":["post-636","page","type-page","status-publish","hentry"],"yoast_head":"<!-- This site is optimized with the Yoast SEO plugin v25.3.1 - https:\/\/yoast.com\/wordpress\/plugins\/seo\/ -->\n<title>Les meilleurs widgets et autres outils pour le site PinnacleCart (2025)<\/title>\n<meta name=\"description\" content=\"Le catalogue gratis des instruments exceptionnellement pour site PinnacleCart. L&#039;\u00e9quipe de soutien comp\u00e9tente et fonctionnelle des widgets superbe.\" \/>\n<meta name=\"robots\" content=\"index, follow, max-snippet:-1, max-image-preview:large, max-video-preview:-1\" \/>\n<link rel=\"canonical\" href=\"https:\/\/elfsight.com\/fr\/pinnaclecart-widgets\/\" \/>\n<meta property=\"og:locale\" content=\"fr_FR\" \/>\n<meta property=\"og:type\" content=\"article\" \/>\n<meta property=\"og:title\" content=\"Les meilleurs widgets et autres outils pour le site PinnacleCart (2025)\" \/>\n<meta property=\"og:description\" content=\"Le catalogue gratis des instruments exceptionnellement pour site PinnacleCart. L&#039;\u00e9quipe de soutien comp\u00e9tente et fonctionnelle des widgets superbe.\" \/>\n<meta property=\"og:url\" content=\"https:\/\/elfsight.com\/fr\/pinnaclecart-widgets\/\" \/>\n<meta property=\"og:site_name\" content=\"Elfsight FR\" \/>\n<meta name=\"twitter:card\" content=\"summary_large_image\" \/>\n<meta name=\"twitter:label1\" content=\"Dur\u00e9e de lecture estim\u00e9e\" \/>\n\t<meta name=\"twitter:data1\" content=\"2 minutes\" \/>\n<!-- \/ Yoast SEO plugin. -->","yoast_head_json":{"title":"Les meilleurs widgets et autres outils pour le site PinnacleCart (2025)","description":"Le catalogue gratis des instruments exceptionnellement pour site PinnacleCart. L'\u00e9quipe de soutien comp\u00e9tente et fonctionnelle des widgets superbe.","robots":{"index":"index","follow":"follow","max-snippet":"max-snippet:-1","max-image-preview":"max-image-preview:large","max-video-preview":"max-video-preview:-1"},"canonical":"https:\/\/elfsight.com\/fr\/pinnaclecart-widgets\/","og_locale":"fr_FR","og_type":"article","og_title":"Les meilleurs widgets et autres outils pour le site PinnacleCart (2025)","og_description":"Le catalogue gratis des instruments exceptionnellement pour site PinnacleCart. L'\u00e9quipe de soutien comp\u00e9tente et fonctionnelle des widgets superbe.","og_url":"https:\/\/elfsight.com\/fr\/pinnaclecart-widgets\/","og_site_name":"Elfsight FR","twitter_card":"summary_large_image","twitter_misc":{"Dur\u00e9e de lecture estim\u00e9e":"2 minutes"},"schema":{"@context":"https:\/\/schema.org","@graph":[{"@type":"WebPage","@id":"https:\/\/elfsight.com\/fr\/pinnaclecart-widgets\/","url":"https:\/\/elfsight.com\/fr\/pinnaclecart-widgets\/","name":"Les meilleurs widgets et autres outils pour le site PinnacleCart (2025)","isPartOf":{"@id":"https:\/\/elfsight.com\/fr\/#website"},"datePublished":"2020-06-16T05:04:30+00:00","description":"Le catalogue gratis des instruments exceptionnellement pour site PinnacleCart. L'\u00e9quipe de soutien comp\u00e9tente et fonctionnelle des widgets superbe.","breadcrumb":{"@id":"https:\/\/elfsight.com\/fr\/pinnaclecart-widgets\/#breadcrumb"},"inLanguage":"fr-FR","potentialAction":[{"@type":"ReadAction","target":["https:\/\/elfsight.com\/fr\/pinnaclecart-widgets\/"]}]},{"@type":"BreadcrumbList","@id":"https:\/\/elfsight.com\/fr\/pinnaclecart-widgets\/#breadcrumb","itemListElement":[{"@type":"ListItem","position":1,"name":"Home","item":"https:\/\/elfsight.com\/fr\/"},{"@type":"ListItem","position":2,"name":"PinnacleCart widgets"}]},{"@type":"WebSite","@id":"https:\/\/elfsight.com\/fr\/#website","url":"https:\/\/elfsight.com\/fr\/","name":"Elfsight FR","description":"","potentialAction":[{"@type":"SearchAction","target":{"@type":"EntryPoint","urlTemplate":"https:\/\/elfsight.com\/fr\/?s={search_term_string}"},"query-input":{"@type":"PropertyValueSpecification","valueRequired":true,"valueName":"search_term_string"}}],"inLanguage":"fr-FR"}]}},"meta_box":{"industry":"","seo_heading":"","heading":"","description":"","cta_heading":"","cta_description":"","application":"","h1":"Les meilleurs PinnacleCart widgets","h1_caption":"La collection gratuite des outils magnifique servant \u00e0 renforcer des ventes et r\u00e9pondre aux objectifs indispensables. L\u2019int\u00e9gration est rapide, et il y a une grande diversit\u00e9 des options de personnalisation et \u00e9quipe d'assistance professionnel. ","application_category":[],"applications_title":"Examiner la gamme compl\u00e8te de ces outils libres pour votre site. ","applications_request_title":"Vous ne trouvez pas le widget appropri\u00e9?","applications_request_button_text":"Demander un widget","hero_text":"","hero_video":"","hero_video_schema_markup":"","selling_points_title":"","selling_points_caption":"","selling_points":[],"selling_points_cta_text":"","features_title":"","features":"","ed_cta_examples_text":"","ed_cta_examples_hidden":"","ed_cta_demo_text":"","ed_cta_demo_hidden":"","why_caption":"","why_editor_title":"","why_editor_text":"","why_team_title":"","why_team_text":"","why_service_title":"","why_service_text":"","template_catalog_visible":"","template_catalog_title":"","template_catalog_text":"","template_catalog_categories_visible":"","demo_title":"","demo_caption":"","default_faq_hidden":"","app_template_category":[],"platform":"409","template_public_id":"","codecanyon_url":"","codecanyon_item_id":"","codecanyon_price":"","pricing_caption":"","pricing_elfsight_apps_hide_column":"","pricing_elfsight_apps_url":"","pricing_codecanyon_price_caption":"","integration_category":[],"integration_request_title":"","integration_request_cta":"","integration_platform":"","integrations":[],"platform_category":[],"video_schema_markup":"","price":"","trial":"","benefits":[],"button_url":"","button_target_blank":"","button_nofollow":"","attributes":[],"tags":[],"tags_disable_links":"","hide_more_platforms":"","video_object":"","demo_hide_cta":"","demo_hide_cloud_options":"","pricing_title":"","pricing":[],"related_apps_title":"","related_apps_hidden":"","author":"","image":[],"title":"","job":"","social_networks":[]},"_links":{"self":[{"href":"https:\/\/elfsight.com\/fr\/wp-json\/wp\/v2\/pages\/636","targetHints":{"allow":["GET"]}}],"collection":[{"href":"https:\/\/elfsight.com\/fr\/wp-json\/wp\/v2\/pages"}],"about":[{"href":"https:\/\/elfsight.com\/fr\/wp-json\/wp\/v2\/types\/page"}],"author":[{"embeddable":true,"href":"https:\/\/elfsight.com\/fr\/wp-json\/wp\/v2\/users\/12"}],"replies":[{"embeddable":true,"href":"https:\/\/elfsight.com\/fr\/wp-json\/wp\/v2\/comments?post=636"}],"version-history":[{"count":1,"href":"https:\/\/elfsight.com\/fr\/wp-json\/wp\/v2\/pages\/636\/revisions"}],"predecessor-version":[{"id":637,"href":"https:\/\/elfsight.com\/fr\/wp-json\/wp\/v2\/pages\/636\/revisions\/637"}],"wp:attachment":[{"href":"https:\/\/elfsight.com\/fr\/wp-json\/wp\/v2\/media?parent=636"}],"curies":[{"name":"wp","href":"https:\/\/api.w.org\/{rel}","templated":true}]}}