{"id":6358,"date":"2021-12-03T08:53:40","date_gmt":"2021-12-03T08:53:40","guid":{"rendered":"https:\/\/elfsight.com\/fr\/?page_id=6358"},"modified":"2025-07-10T08:16:51","modified_gmt":"2025-07-10T08:16:51","slug":"joomla","status":"publish","type":"page","link":"https:\/\/elfsight.com\/fr\/logo-showcase-widget\/joomla\/","title":{"rendered":"Logo Showcase &#8211; Joomla"},"content":{"rendered":"<div class=\"application-platform-content-item-description application-platform-content-item\" id=\"description\" data-nav-section=\"description\"><h2>Description<\/h2> <p>Elfsight Logo Showcase sera l&rsquo;outil le plus simple pour r\u00e9v\u00e9ler les logos de plusieurs clients ou sponsors ou vos mentions. dans la presse sur votre site Internet. Avec l&rsquo;aide de ce widget, vous convainquez les visiteurs que vous \u00eates un compagnon r\u00e9put\u00e9 et soutenez une bonne perception de votre entreprise. Le widget Elfsight vous permet de t\u00e9l\u00e9charger une infinit\u00e9 de logos, de les organiser dans un curseur ou une grille et de modifier la taille des logos. Vous pouvez afficher des l\u00e9gendes et un lien vers le site Web des entreprises. Gr\u00e2ce aux fonctionnalit\u00e9s de couleurs et de polices, vous pourrez configurer un look unique. <\/p><p><b>Augmentez vos ventes en montrant la parfaite r\u00e9putation de votre entreprise, avec les logos des clients sur votre site.<\/b><\/p><\/div><div class=\"application-platform-content-item-features application-platform-content-item\" id=\"features\" data-nav-section=\"features\"><h2> Caract\u00e9ristiques<\/h2> <p>Ici vous pouvez voir tous les traits fonctionnels de Logo Showcase. Ils sont disponibles directement dans l&rsquo;\u00e9diteur et vous aideront \u00e0 construire le widget adapt\u00e9 \u00e0 votre cas d&rsquo;utilisation. <\/p><ul><li> Connectez les logos \u00e0 n&rsquo;importe quelle page Web\u00a0; <\/li><li>En-t\u00eate du widget amovible comprenant le titre et le texte avec formatage disponible\u00a0; <\/li><li>Le bouton d&rsquo;appel \u00e0 l&rsquo;action peut conduire en cliquant sur n&rsquo;importe quelle page Web\u00a0; <\/li><li>3 pr\u00e9sentations de widgets diff\u00e9rentes\u00a0: curseur, grille et carrousel\u00a0; <\/li><li>Une fonctionnalit\u00e9 pour faire varier la taille du logo et le param\u00e8tre de largeur du widget\u00a0; <\/li><li>Une option pour choisir n&rsquo;importe quelle couleur d&rsquo;arri\u00e8re-plan ou utiliser votre propre image. <\/li><\/ul><p><a href=\"#demo\">Vous pouvez essayer toutes les fonctionnalit\u00e9s du widget directement dans la d\u00e9mo<\/a><\/p><\/div><div class=\"application-platform-content-item-installation application-platform-content-item\" id=\"installation\" data-nav-section=\"installation\"><h2>Comment puis-je int\u00e9grer Logo Showcase \u00e0 mon site Web Joomla\u00a0? <\/h2><p>Appliquez simplement les instructions ci-dessous pour int\u00e9grer l&rsquo;outil sur Joomla.<\/p> <ol><li><b>Utilisez notre \u00e9diteur gratuit et commencez \u00e0 fa\u00e7onner votre extension Logo Showcase personnalis\u00e9e. <\/b><br> Retrouvez l&rsquo;interface personnalis\u00e9e et les caract\u00e9ristiques fonctionnelles du plugin et enregistrez les modifications. <\/li> <li><b>Copiez le code personnel apparaissant dans le formulaire sp\u00e9cial sur Elfsight Apps. <\/b><br> D\u00e8s que la personnalisation de votre outil est termin\u00e9e, copiez le code exclusif dans la fen\u00eatre qui appara\u00eet et enregistrez-le pour une occasion ult\u00e9rieure. <\/li> <li><b>Commencez \u00e0 utiliser l&rsquo;outil sur votre site Joomla. <\/b><br> Ajoutez le code copi\u00e9 auparavant dans votre site et appliquez les am\u00e9liorations. <\/li> <li><b>L&rsquo;installation s&rsquo;est termin\u00e9e avec succ\u00e8s. <\/b><br> Visitez votre site pour revoir le travail de l&rsquo;outil. <\/li><\/ol><p>Prenez une minute pour joindre le service client lorsque vous avez besoin de conseils ou si vous avez des questions. Nous vous donnerons un coup de main pour chaque demande. <\/p><div class=\"faq\" data-component=\"FAQ\"><div class=\"faq-item\">\r\n\t\t\t\t\t<div class=\"faq-item-question\">\r\n\t\t\t\t\t\t<h3 class=\"faq-item-question-text\">De quelle mani\u00e8re est-il possible d'int\u00e9grer une vitrine de logos dans mon Joomla sans exp\u00e9rience en codage ?<\/h3>\r\n\r\n\t\t\t\t\t\t<div class=\"faq-item-question-icon\"><\/div>\r\n\t\t\t\t\t<\/div>\r\n\r\n\t\t\t\t\t<div class=\"faq-item-answer\">\r\n\t\t\t\t\t\t<div class=\"faq-item-answer-text\"> <p>Elfsight propose une solution qui permet aux utilisateurs de cr\u00e9er vous-m\u00eame une section de vitrine de logos, d\u00e9couvrez comme c&rsquo;est simple\u00a0: acc\u00e9dez \u00e0 la d\u00e9mo en direct pour cr\u00e9er une section de pr\u00e9sentation de logos que vous souhaitez inclure sur la page d&rsquo;accueil de Joomla. Choisissez l&rsquo;un de nos mod\u00e8les pr\u00e9d\u00e9finis et modifiez les param\u00e8tres de Logo Showcase, mettez \u00e0 jour votre contenu, modifiez la mise en page et les couleurs sans codage. Cliquez pour enregistrer la vitrine du logo et copier le code d&rsquo;installation du plugin, qui peut \u00eatre facilement inclus gratuitement sur le site Web Joomla. Avec l&rsquo;aide de notre configurateur intuitif, chaque utilisateur Web peut cr\u00e9er une section Vitrine de logos en ligne et l&rsquo;ajouter sans effort au site Web Joomla. Vous ne devez pas souscrire \u00e0 un abonnement payant ni divulguer les informations d\u2019identification de votre carte pour acc\u00e9der au service. Si vous rencontrez des probl\u00e8mes \u00e0 quelque \u00e9tape que ce soit, n&rsquo;h\u00e9sitez pas \u00e0 contacter notre \u00e9quipe d&rsquo;assistance technique.<\/p> <\/div>\r\n\t\t\t\t\t<\/div>\r\n\t\t\t\t<\/div> <\/div><\/div>","protected":false},"excerpt":{"rendered":"","protected":false},"author":18,"featured_media":0,"parent":1645,"menu_order":0,"comment_status":"closed","ping_status":"closed","template":"templates\/template-application-platform.php","meta":{"publish_to_discourse":"","publish_post_category":"","wpdc_auto_publish_overridden":"","wpdc_topic_tags":"","wpdc_pin_topic":"","wpdc_pin_until":"","discourse_post_id":"","discourse_permalink":"","wpdc_publishing_response":"","wpdc_publishing_error":"","footnotes":""},"class_list":["post-6358","page","type-page","status-publish","hentry"],"yoast_head":"<!-- This site is optimized with the Yoast SEO plugin v25.3.1 - https:\/\/yoast.com\/wordpress\/plugins\/seo\/ -->\n<title>Carrousel Logo - ajoutez extension Vitrine logo sur Joomla<\/title>\n<meta name=\"description\" content=\"Int\u00e9grez un Carrousel Logo attractif sur votre site. Utilisez la d\u00e9mo d&#039;Elfsight et g\u00e9n\u00e9rez votre module en 2 minutes.\" \/>\n<meta name=\"robots\" content=\"index, follow, max-snippet:-1, max-image-preview:large, max-video-preview:-1\" \/>\n<link rel=\"canonical\" href=\"https:\/\/elfsight.com\/fr\/logo-showcase-widget\/joomla\/\" \/>\n<meta property=\"og:locale\" content=\"fr_FR\" \/>\n<meta property=\"og:type\" content=\"article\" \/>\n<meta property=\"og:title\" content=\"Carrousel Logo - ajoutez extension Vitrine logo sur Joomla\" \/>\n<meta property=\"og:description\" content=\"Int\u00e9grez un Carrousel Logo attractif sur votre site. Utilisez la d\u00e9mo d&#039;Elfsight et g\u00e9n\u00e9rez votre module en 2 minutes.\" \/>\n<meta property=\"og:url\" content=\"https:\/\/elfsight.com\/fr\/logo-showcase-widget\/joomla\/\" \/>\n<meta property=\"og:site_name\" content=\"Elfsight FR\" \/>\n<meta property=\"article:modified_time\" content=\"2025-07-10T08:16:51+00:00\" \/>\n<meta name=\"twitter:card\" content=\"summary_large_image\" \/>\n<meta name=\"twitter:label1\" content=\"Dur\u00e9e de lecture estim\u00e9e\" \/>\n\t<meta name=\"twitter:data1\" content=\"1 minute\" \/>\n<!-- \/ Yoast SEO plugin. -->","yoast_head_json":{"title":"Carrousel Logo - ajoutez extension Vitrine logo sur Joomla","description":"Int\u00e9grez un Carrousel Logo attractif sur votre site. Utilisez la d\u00e9mo d'Elfsight et g\u00e9n\u00e9rez votre module en 2 minutes.","robots":{"index":"index","follow":"follow","max-snippet":"max-snippet:-1","max-image-preview":"max-image-preview:large","max-video-preview":"max-video-preview:-1"},"canonical":"https:\/\/elfsight.com\/fr\/logo-showcase-widget\/joomla\/","og_locale":"fr_FR","og_type":"article","og_title":"Carrousel Logo - ajoutez extension Vitrine logo sur Joomla","og_description":"Int\u00e9grez un Carrousel Logo attractif sur votre site. Utilisez la d\u00e9mo d'Elfsight et g\u00e9n\u00e9rez votre module en 2 minutes.","og_url":"https:\/\/elfsight.com\/fr\/logo-showcase-widget\/joomla\/","og_site_name":"Elfsight FR","article_modified_time":"2025-07-10T08:16:51+00:00","twitter_card":"summary_large_image","twitter_misc":{"Dur\u00e9e de lecture estim\u00e9e":"1 minute"},"schema":{"@context":"https:\/\/schema.org","@graph":[{"@type":"WebPage","@id":"https:\/\/elfsight.com\/fr\/logo-showcase-widget\/joomla\/","url":"https:\/\/elfsight.com\/fr\/logo-showcase-widget\/joomla\/","name":"Carrousel Logo - ajoutez extension Vitrine logo sur Joomla","isPartOf":{"@id":"https:\/\/elfsight.com\/fr\/#website"},"datePublished":"2021-12-03T08:53:40+00:00","dateModified":"2025-07-10T08:16:51+00:00","description":"Int\u00e9grez un Carrousel Logo attractif sur votre site. Utilisez la d\u00e9mo d'Elfsight et g\u00e9n\u00e9rez votre module en 2 minutes.","breadcrumb":{"@id":"https:\/\/elfsight.com\/fr\/logo-showcase-widget\/joomla\/#breadcrumb"},"inLanguage":"fr-FR","potentialAction":[{"@type":"ReadAction","target":["https:\/\/elfsight.com\/fr\/logo-showcase-widget\/joomla\/"]}]},{"@type":"BreadcrumbList","@id":"https:\/\/elfsight.com\/fr\/logo-showcase-widget\/joomla\/#breadcrumb","itemListElement":[{"@type":"ListItem","position":1,"name":"Home","item":"https:\/\/elfsight.com\/fr\/"},{"@type":"ListItem","position":2,"name":"Logo Showcase","item":"https:\/\/elfsight.com\/fr\/logo-showcase-widget\/"},{"@type":"ListItem","position":3,"name":"Logo Showcase &#8211; Joomla"}]},{"@type":"WebSite","@id":"https:\/\/elfsight.com\/fr\/#website","url":"https:\/\/elfsight.com\/fr\/","name":"Elfsight FR","description":"","potentialAction":[{"@type":"SearchAction","target":{"@type":"EntryPoint","urlTemplate":"https:\/\/elfsight.com\/fr\/?s={search_term_string}"},"query-input":{"@type":"PropertyValueSpecification","valueRequired":true,"valueName":"search_term_string"}}],"inLanguage":"fr-FR"}]}},"meta_box":{"industry":"","seo_heading":"","heading":"","description":"","cta_heading":"","cta_description":"","application":"1644","h1":"Extension Carrousel Logo pour Joomla","h1_caption":"Affichez les logos de vos partenaires, sponsors ou clients, renfor\u00e7ant ainsi la cr\u00e9dibilit\u00e9 et la confiance de votre marque sur votre site Web Joomla sans effort.","application_category":[],"applications_title":"","applications_request_title":"","applications_request_button_text":"","hero_text":"","hero_video":"","hero_video_schema_markup":"","selling_points_title":"","selling_points_caption":"","selling_points":[],"selling_points_cta_text":"","features_title":"","features":"","ed_cta_examples_text":"","ed_cta_examples_hidden":"","ed_cta_demo_text":"","ed_cta_demo_hidden":"","why_caption":"","why_editor_title":"","why_editor_text":"","why_team_title":"","why_team_text":"","why_service_title":"","why_service_text":"","template_catalog_visible":"","template_catalog_title":"","template_catalog_text":"","template_catalog_categories_visible":"","demo_title":"Cr\u00e9ez votre plugin Logo Showcase","demo_caption":"Configurez votre vitrine de logos et ajoutez-la gratuitement \u00e0 votre site Web Joomla\u00a0!","default_faq_hidden":"","app_template_category":[],"platform":"354","template_public_id":"","codecanyon_url":"","codecanyon_item_id":"","codecanyon_price":"","pricing_caption":"","pricing_elfsight_apps_hide_column":"","pricing_elfsight_apps_url":"","pricing_codecanyon_price_caption":"","integration_category":[],"integration_request_title":"","integration_request_cta":"","integration_platform":"","integrations":[],"platform_category":[],"video_schema_markup":"","price":"\u00c0 partir de $0\/mois","trial":"","benefits":[{"text":"Installation gratuite"},{"text":"Support Premium"},{"text":"Garantie de remboursement de 14 jours"},{"text":"L'am\u00e9lioration continue"}],"button_url":"#demo","button_target_blank":"0","button_nofollow":"0","attributes":[{"name":"Nombre d'installations","content":"1,000 - 5,000","_state":"expanded"},{"name":"Adaptif","content":"Oui","_state":"expanded"},{"name":"Navigateurs compatibles","content":"Firefox, Safari, Opera, Chrome, Edge","_state":"expanded"}],"tags":[],"tags_disable_links":"0","hide_more_platforms":"","video_object":"","demo_hide_cta":"0","demo_hide_cloud_options":"0","pricing_title":"","pricing":[{"pricing_icon":"platform","pricing_title":"Applications d'Elfsight","pricing_title_caption":"Solution num\u00e9rique multiplateforme qui fonctionne sur n'importe quel site","pricing_price":"\u00c0 partir de $0\/mois","pricing_price_caption":"Commencez avec un plan gratuit","pricing_benefits":[{"text":"Sites Web illimit\u00e9s"},{"text":"\u00c9quipe d'assistance professionnelle"},{"text":"Service d'installation gratuit"},{"text":"100% personnalisable"}],"pricing_button_text":"Ajouter au site Web","pricing_button_url":"https:\/\/apps.elfsight.com\/sign-up\/","pricing_button_nofollow":"1","_state":"expanded"}],"related_apps_title":"","related_apps_hidden":"1","author":"","image":[],"title":"","job":"","social_networks":[]},"_links":{"self":[{"href":"https:\/\/elfsight.com\/fr\/wp-json\/wp\/v2\/pages\/6358","targetHints":{"allow":["GET"]}}],"collection":[{"href":"https:\/\/elfsight.com\/fr\/wp-json\/wp\/v2\/pages"}],"about":[{"href":"https:\/\/elfsight.com\/fr\/wp-json\/wp\/v2\/types\/page"}],"author":[{"embeddable":true,"href":"https:\/\/elfsight.com\/fr\/wp-json\/wp\/v2\/users\/18"}],"replies":[{"embeddable":true,"href":"https:\/\/elfsight.com\/fr\/wp-json\/wp\/v2\/comments?post=6358"}],"version-history":[{"count":2,"href":"https:\/\/elfsight.com\/fr\/wp-json\/wp\/v2\/pages\/6358\/revisions"}],"predecessor-version":[{"id":14950,"href":"https:\/\/elfsight.com\/fr\/wp-json\/wp\/v2\/pages\/6358\/revisions\/14950"}],"up":[{"embeddable":true,"href":"https:\/\/elfsight.com\/fr\/wp-json\/wp\/v2\/pages\/1645"}],"wp:attachment":[{"href":"https:\/\/elfsight.com\/fr\/wp-json\/wp\/v2\/media?parent=6358"}],"curies":[{"name":"wp","href":"https:\/\/api.w.org\/{rel}","templated":true}]}}