{"id":6348,"date":"2021-12-03T08:53:59","date_gmt":"2021-12-03T08:53:59","guid":{"rendered":"https:\/\/elfsight.com\/fr\/?page_id=6348"},"modified":"2025-07-10T08:16:23","modified_gmt":"2025-07-10T08:16:23","slug":"godaddy","status":"publish","type":"page","link":"https:\/\/elfsight.com\/fr\/logo-showcase-widget\/godaddy\/","title":{"rendered":"Logo Showcase &#8211; GoDaddy"},"content":{"rendered":"<div class=\"application-platform-content-item-description application-platform-content-item\" id=\"description\" data-nav-section=\"description\"> <h2>Int\u00e9grer Logo Showcase sur GoDaddy avec le widget Elfsight<\/h2> <p>Elfsight Logo Showcase sera la technique parfaite pour afficher les logos de vos clients. et les logos des promoteurs ou vos mentions dans les m\u00e9dias de votre site. Avec le plugin, vous convainquez les visiteurs que votre entreprise est un compagnon r\u00e9put\u00e9 et maintenez une vision positive de votre entreprise. Le plugin vous permet d&rsquo;ajouter une infinit\u00e9 de logos, de les int\u00e9grer dans un carrousel ou une grille et d&rsquo;ajuster la taille des logos. Vous pouvez afficher des l\u00e9gendes et des liens vers les sites Web des entreprises. En variant les couleurs et les options de polices, vous configurerez un look personnalis\u00e9. <\/p><p><b>Augmentez vos ventes en d\u00e9montrant votre excellente r\u00e9putation commerciale, avec les logos des clients sur votre site. <\/b><\/p><\/div> <div class=\"application-platform-content-item-features application-platform-content-item\" id=\"features\" data-nav-section=\"features\"><h2>Principales fonctionnalit\u00e9s du widget Logo Showcase<\/h2> <p>Ici, vous pouvez voir tous les traits fonctionnels de Logo Showcase. Vous pouvez les g\u00e9rer directement dans l&rsquo;\u00e9diteur et ils vous aideront \u00e0 cr\u00e9er le plugin le plus adapt\u00e9 \u00e0 vos besoins. <\/p><ul><li>Vous pouvez lier chaque logo \u00e0 n&rsquo;importe quelle page Web\u00a0; <\/li><li>En-t\u00eate de plugin amovible comportant le titre et le texte avec formatage disponible\u00a0; <\/li><li>Le bouton CTA peut \u00eatre li\u00e9 \u00e0 n&rsquo;importe quelle page Web\u00a0; <\/li><li>Trois pr\u00e9sentations diff\u00e9rentes\u00a0: curseur, grille et carrousel\u00a0; <\/li><li>Une option pour modifier la taille du logo et la largeur du plugin\u00a0; <\/li><li> Choisissez n&rsquo;importe quelle couleur d&rsquo;arri\u00e8re-plan ou t\u00e9l\u00e9chargez un fichier personnalis\u00e9. <\/li><\/ul><p><a href=\"#demo\">Vous pouvez tester toutes les fonctionnalit\u00e9s du plugin directement dans la d\u00e9mo<\/a><\/p><\/div> <div class=\"application-platform-content-item-installation application-platform-content-item\" id=\"installation\" data-nav-section=\"installation\"> <h2>Comment ajouter Logo Showcase \u00e0 GoDaddy\u00a0? <\/h2><p>Pour introduire le plugin, appliquez les instructions ci-dessous<\/p><ul><li><b>Cr\u00e9ez votre plugin Logo Showcase personnalis\u00e9<\/b><br>G\u00e9rez notre d\u00e9mo gratuite, obtenez un plugin avec une composition et des fonctionnalit\u00e9s personnalis\u00e9es. <\/li> <li><b>Acqu\u00e9rir le code individuel pour installer le plugin<\/b><br>Apr\u00e8s avoir configur\u00e9 votre plugin, vous recevrez votre code personnel dans la notification contextuelle sur Elfsight Apps. Copiez-le. <\/li> <li><b>Int\u00e9grez le plugin sur votre site Muse<\/b><br>Acc\u00e9dez \u00e0 la zone dans laquelle vous devez placer le plugin et ajoutez-y le code copi\u00e9. Enregistrez les r\u00e9sultats. <\/li> <li><b>Fait\u00a0! <\/b><br>Visitez votre page pour voir votre travail. <\/li><\/ul><p>Vous \u00eates invit\u00e9s \u00e0 vous adresser au support client si vous avez besoin d&rsquo;aide ou si vous avez des questions. Nos sp\u00e9cialistes vous donneront un coup de main pour chaque demande. <\/p><div class=\"faq\" data-component=\"FAQ\"><div class=\"faq-item\">\r\n\t\t\t\t\t<div class=\"faq-item-question\">\r\n\t\t\t\t\t\t<h3 class=\"faq-item-question-text\">Existe-t-il une option pour int\u00e9grer Logo Showcase \u00e0 ma page Web GoDaddy sans comp\u00e9tences en codage ?<\/h3>\r\n\r\n\t\t\t\t\t\t<div class=\"faq-item-question-icon\"><\/div>\r\n\t\t\t\t\t<\/div>\r\n\r\n\t\t\t\t\t<div class=\"faq-item-answer\">\r\n\t\t\t\t\t\t<div class=\"faq-item-answer-text\"> <p>Elfsight propose une solution SaaS qui vous permet de cr\u00e9er vous-m\u00eame une section Logo Showcase, d\u00e9couvrez les instructions simples\u00a0: commencez \u00e0 travailler directement dans la d\u00e9mo en ligne pour g\u00e9n\u00e9rer une section de pr\u00e9sentation de logos que vous souhaitez voir appara\u00eetre sur votre page d&rsquo;accueil GoDaddy. Cliquez sur l&rsquo;un des mod\u00e8les pr\u00e9d\u00e9finis et modifiez les param\u00e8tres de Logo Showcase, mettez \u00e0 jour votre contenu, changez la disposition et la couleur des \u00e9l\u00e9ments sans exp\u00e9rience de codage. Enregistrez la vitrine du logo et copiez le code \u00e0 int\u00e9grer, qui peut \u00eatre facilement int\u00e9gr\u00e9 \u00e0 votre site Web GoDaddy sans avoir besoin d&rsquo;acheter un forfait payant. Gr\u00e2ce \u00e0 notre configurateur intuitif, tout utilisateur Web peut cr\u00e9er une section de pr\u00e9sentation de logos en ligne et l&rsquo;ajouter simplement \u00e0 la page d&rsquo;accueil de GoDaddy. Il n\u2019est pas n\u00e9cessaire de payer ou de divulguer les donn\u00e9es de votre carte pour acc\u00e9der \u00e0 l\u2019\u00e9diteur. Si vous rencontrez des probl\u00e8mes \u00e0 n&rsquo;importe quelle \u00e9tape, n&rsquo;h\u00e9sitez pas \u00e0 vous adresser \u00e0 notre \u00e9quipe d&rsquo;assistance technique.<\/p> <\/div>\r\n\t\t\t\t\t<\/div>\r\n\t\t\t\t<\/div> <\/div><\/div>","protected":false},"excerpt":{"rendered":"","protected":false},"author":18,"featured_media":0,"parent":1645,"menu_order":0,"comment_status":"closed","ping_status":"closed","template":"templates\/template-application-platform.php","meta":{"publish_to_discourse":"","publish_post_category":"","wpdc_auto_publish_overridden":"","wpdc_topic_tags":"","wpdc_pin_topic":"","wpdc_pin_until":"","discourse_post_id":"","discourse_permalink":"","wpdc_publishing_response":"","wpdc_publishing_error":"","footnotes":""},"class_list":["post-6348","page","type-page","status-publish","hentry"],"yoast_head":"<!-- This site is optimized with the Yoast SEO plugin v25.3.1 - https:\/\/yoast.com\/wordpress\/plugins\/seo\/ -->\n<title>Carrousel Logo - ajoutez app Vitrine logo sur GoDaddy<\/title>\n<meta name=\"description\" content=\"Int\u00e9grez un Carrousel Logo avantageux sur votre site. Appliquez la d\u00e9mo d&#039;Elfsight et g\u00e9n\u00e9rez votre plugin en 2 minutes.\" \/>\n<meta name=\"robots\" content=\"index, follow, max-snippet:-1, max-image-preview:large, max-video-preview:-1\" \/>\n<link rel=\"canonical\" href=\"https:\/\/elfsight.com\/fr\/logo-showcase-widget\/godaddy\/\" \/>\n<meta property=\"og:locale\" content=\"fr_FR\" \/>\n<meta property=\"og:type\" content=\"article\" \/>\n<meta property=\"og:title\" content=\"Carrousel Logo - ajoutez app Vitrine logo sur GoDaddy\" \/>\n<meta property=\"og:description\" content=\"Int\u00e9grez un Carrousel Logo avantageux sur votre site. Appliquez la d\u00e9mo d&#039;Elfsight et g\u00e9n\u00e9rez votre plugin en 2 minutes.\" \/>\n<meta property=\"og:url\" content=\"https:\/\/elfsight.com\/fr\/logo-showcase-widget\/godaddy\/\" \/>\n<meta property=\"og:site_name\" content=\"Elfsight FR\" \/>\n<meta property=\"article:modified_time\" content=\"2025-07-10T08:16:23+00:00\" \/>\n<meta name=\"twitter:card\" content=\"summary_large_image\" \/>\n<meta name=\"twitter:label1\" content=\"Dur\u00e9e de lecture estim\u00e9e\" \/>\n\t<meta name=\"twitter:data1\" content=\"1 minute\" \/>\n<!-- \/ Yoast SEO plugin. -->","yoast_head_json":{"title":"Carrousel Logo - ajoutez app Vitrine logo sur GoDaddy","description":"Int\u00e9grez un Carrousel Logo avantageux sur votre site. Appliquez la d\u00e9mo d'Elfsight et g\u00e9n\u00e9rez votre plugin en 2 minutes.","robots":{"index":"index","follow":"follow","max-snippet":"max-snippet:-1","max-image-preview":"max-image-preview:large","max-video-preview":"max-video-preview:-1"},"canonical":"https:\/\/elfsight.com\/fr\/logo-showcase-widget\/godaddy\/","og_locale":"fr_FR","og_type":"article","og_title":"Carrousel Logo - ajoutez app Vitrine logo sur GoDaddy","og_description":"Int\u00e9grez un Carrousel Logo avantageux sur votre site. Appliquez la d\u00e9mo d'Elfsight et g\u00e9n\u00e9rez votre plugin en 2 minutes.","og_url":"https:\/\/elfsight.com\/fr\/logo-showcase-widget\/godaddy\/","og_site_name":"Elfsight FR","article_modified_time":"2025-07-10T08:16:23+00:00","twitter_card":"summary_large_image","twitter_misc":{"Dur\u00e9e de lecture estim\u00e9e":"1 minute"},"schema":{"@context":"https:\/\/schema.org","@graph":[{"@type":"WebPage","@id":"https:\/\/elfsight.com\/fr\/logo-showcase-widget\/godaddy\/","url":"https:\/\/elfsight.com\/fr\/logo-showcase-widget\/godaddy\/","name":"Carrousel Logo - ajoutez app Vitrine logo sur GoDaddy","isPartOf":{"@id":"https:\/\/elfsight.com\/fr\/#website"},"datePublished":"2021-12-03T08:53:59+00:00","dateModified":"2025-07-10T08:16:23+00:00","description":"Int\u00e9grez un Carrousel Logo avantageux sur votre site. Appliquez la d\u00e9mo d'Elfsight et g\u00e9n\u00e9rez votre plugin en 2 minutes.","breadcrumb":{"@id":"https:\/\/elfsight.com\/fr\/logo-showcase-widget\/godaddy\/#breadcrumb"},"inLanguage":"fr-FR","potentialAction":[{"@type":"ReadAction","target":["https:\/\/elfsight.com\/fr\/logo-showcase-widget\/godaddy\/"]}]},{"@type":"BreadcrumbList","@id":"https:\/\/elfsight.com\/fr\/logo-showcase-widget\/godaddy\/#breadcrumb","itemListElement":[{"@type":"ListItem","position":1,"name":"Home","item":"https:\/\/elfsight.com\/fr\/"},{"@type":"ListItem","position":2,"name":"Logo Showcase","item":"https:\/\/elfsight.com\/fr\/logo-showcase-widget\/"},{"@type":"ListItem","position":3,"name":"Logo Showcase &#8211; GoDaddy"}]},{"@type":"WebSite","@id":"https:\/\/elfsight.com\/fr\/#website","url":"https:\/\/elfsight.com\/fr\/","name":"Elfsight FR","description":"","potentialAction":[{"@type":"SearchAction","target":{"@type":"EntryPoint","urlTemplate":"https:\/\/elfsight.com\/fr\/?s={search_term_string}"},"query-input":{"@type":"PropertyValueSpecification","valueRequired":true,"valueName":"search_term_string"}}],"inLanguage":"fr-FR"}]}},"meta_box":{"industry":"","seo_heading":"","heading":"","description":"","cta_heading":"","cta_description":"","application":"1644","h1":"App Carrousel Logo pour GoDaddy","h1_caption":"Affichez les logos de vos partenaires, sponsors ou clients, renfor\u00e7ant ainsi la cr\u00e9dibilit\u00e9 et la confiance de votre marque sur votre site Web GoDaddy sans effort.","application_category":[],"applications_title":"","applications_request_title":"","applications_request_button_text":"","hero_text":"","hero_video":"","hero_video_schema_markup":"","selling_points_title":"","selling_points_caption":"","selling_points":[],"selling_points_cta_text":"","features_title":"","features":"","ed_cta_examples_text":"","ed_cta_examples_hidden":"","ed_cta_demo_text":"","ed_cta_demo_hidden":"","why_caption":"","why_editor_title":"","why_editor_text":"","why_team_title":"","why_team_text":"","why_service_title":"","why_service_text":"","template_catalog_visible":"","template_catalog_title":"","template_catalog_text":"","template_catalog_categories_visible":"","demo_title":"Cr\u00e9ez votre plugin Logo Showcase","demo_caption":"Configurez votre vitrine de logos et ajoutez-la gratuitement \u00e0 votre site Web GoDaddy\u00a0!","default_faq_hidden":"","app_template_category":[],"platform":"370","template_public_id":"","codecanyon_url":"","codecanyon_item_id":"","codecanyon_price":"","pricing_caption":"","pricing_elfsight_apps_hide_column":"","pricing_elfsight_apps_url":"","pricing_codecanyon_price_caption":"","integration_category":[],"integration_request_title":"","integration_request_cta":"","integration_platform":"","integrations":[],"platform_category":[],"video_schema_markup":"","price":"\u00c0 partir de $0\/mois","trial":"","benefits":[{"text":"Installation gratuite"},{"text":"Support Premium"},{"text":"Garantie de remboursement de 14 jours"},{"text":"L'am\u00e9lioration continue"}],"button_url":"#demo","button_target_blank":"0","button_nofollow":"0","attributes":[{"name":"Nombre d'installations","content":"1,000 - 5,000","_state":"expanded"},{"name":"Adaptif","content":"Oui","_state":"expanded"},{"name":"Navigateurs compatibles","content":"Firefox, Safari, Opera, Chrome, Edge","_state":"expanded"}],"tags":[],"tags_disable_links":"0","hide_more_platforms":"","video_object":"","demo_hide_cta":"0","demo_hide_cloud_options":"0","pricing_title":"","pricing":[{"pricing_icon":"platform","pricing_title":"Applications d'Elfsight","pricing_title_caption":"Solution num\u00e9rique multiplateforme qui fonctionne sur n'importe quel site","pricing_price":"\u00c0 partir de $0\/mois","pricing_price_caption":"Commencez avec un plan gratuit","pricing_benefits":[{"text":"Sites Web illimit\u00e9s"},{"text":"\u00c9quipe d'assistance professionnelle"},{"text":"Service d'installation gratuit"},{"text":"100% personnalisable"}],"pricing_button_text":"Ajouter au site Web","pricing_button_url":"https:\/\/apps.elfsight.com\/sign-up\/","pricing_button_nofollow":"1","_state":"expanded"}],"related_apps_title":"","related_apps_hidden":"1","author":"","image":[],"title":"","job":"","social_networks":[]},"_links":{"self":[{"href":"https:\/\/elfsight.com\/fr\/wp-json\/wp\/v2\/pages\/6348","targetHints":{"allow":["GET"]}}],"collection":[{"href":"https:\/\/elfsight.com\/fr\/wp-json\/wp\/v2\/pages"}],"about":[{"href":"https:\/\/elfsight.com\/fr\/wp-json\/wp\/v2\/types\/page"}],"author":[{"embeddable":true,"href":"https:\/\/elfsight.com\/fr\/wp-json\/wp\/v2\/users\/18"}],"replies":[{"embeddable":true,"href":"https:\/\/elfsight.com\/fr\/wp-json\/wp\/v2\/comments?post=6348"}],"version-history":[{"count":2,"href":"https:\/\/elfsight.com\/fr\/wp-json\/wp\/v2\/pages\/6348\/revisions"}],"predecessor-version":[{"id":14954,"href":"https:\/\/elfsight.com\/fr\/wp-json\/wp\/v2\/pages\/6348\/revisions\/14954"}],"up":[{"embeddable":true,"href":"https:\/\/elfsight.com\/fr\/wp-json\/wp\/v2\/pages\/1645"}],"wp:attachment":[{"href":"https:\/\/elfsight.com\/fr\/wp-json\/wp\/v2\/media?parent=6348"}],"curies":[{"name":"wp","href":"https:\/\/api.w.org\/{rel}","templated":true}]}}