{"id":6346,"date":"2021-12-03T08:54:03","date_gmt":"2021-12-03T08:54:03","guid":{"rendered":"https:\/\/elfsight.com\/fr\/?page_id=6346"},"modified":"2025-07-10T08:16:15","modified_gmt":"2025-07-10T08:16:15","slug":"facebook","status":"publish","type":"page","link":"https:\/\/elfsight.com\/fr\/logo-showcase-widget\/facebook\/","title":{"rendered":"Logo Showcase &#8211; Facebook Page"},"content":{"rendered":"<div class=\"application-platform-content-item-description application-platform-content-item\" id=\"description\" data-nav-section=\"description\"><h2>Description<\/h2> <p>Elfsight Logo Showcase est l&rsquo;outil le plus simple pour pr\u00e9senter les logos de plusieurs partenaires ou sponsors ou vos mentions dans la presse sur votre site web. En utilisant le widget Elfsight, vous montrerez que votre entreprise est un compagnon r\u00e9put\u00e9 et maintiendrez une bonne vision de votre entreprise. Le widget vous permet d&rsquo;ajouter une infinit\u00e9 de logos, de les int\u00e9grer dans un curseur ou une grille et de modifier la taille des logos. Vous pouvez ajouter des l\u00e9gendes et des liens vers les sites Web des entreprises. En utilisant les options de couleurs et de polices, il est facile de cr\u00e9er une interface unique. <\/p><p><b>Augmentez les ventes en prouvant le nom impeccable de votre entreprise, avec les logos des clients sur votre site. <\/b><\/p><\/div> <div class=\"application-platform-content-item-features application-platform-content-item\" id=\"features\" data-nav-section=\"features\"><h2>Fonctionnalit\u00e9s<\/h2> <p>Ici vous pouvez voir tous les traits fonctionnels de Logo Showcase. Vous pouvez les d\u00e9finir directement dans l&rsquo;\u00e9diteur et ils vous aideront \u00e0 configurer le widget sp\u00e9cialement pour votre cas. <\/p><ul><li>Vous pouvez lier les logos \u00e0 n&rsquo;importe quelle adresse\u00a0; <\/li><li>En-t\u00eate flexible comportant un titre et un texte avec param\u00e8tres de formatage\u00a0; <\/li><li>Le bouton CTA peut \u00eatre li\u00e9 \u00e0 n&rsquo;importe quelle page\u00a0; <\/li><li>3\u00a0dispositions de widgets \u00e9quilibr\u00e9es\u00a0: curseur, grille et carrousel\u00a0; <\/li><li>Une fonctionnalit\u00e9 pour d\u00e9finir la taille du logo et le param\u00e8tre de largeur du widget\u00a0; <\/li><li>La possibilit\u00e9 de s\u00e9lectionner n&rsquo;importe quelle couleur d&rsquo;arri\u00e8re-plan ou d&rsquo;ajouter votre image. <\/li><\/ul><p><a href=\"#demo\">Testez toutes les autres fonctions de la d\u00e9mo<\/a><\/p><\/div> <div class=\"application-platform-content-item-installation application-platform-content-item\" id=\"installation\" data-nav-section=\"installation\"><h2> Comment ajouter Logo Showcase \u00e0 l&rsquo;onglet de ma page Facebook ? <\/h2><p>Pour int\u00e9grer le widget, suivez simplement les instructions ci-dessous<\/p><ul><li><b>G\u00e9n\u00e9rez votre widget Logo personnel<\/b><br>\u00c0 l&rsquo;aide de notre configurateur gratuit, cr\u00e9ez un plugin avec une interface et des fonctionnalit\u00e9s pr\u00e9f\u00e9r\u00e9es. <\/li><li><b>Obtenez votre code personnel pour configurer le plugin<\/b><br>Apr\u00e8s avoir personnalis\u00e9 votre widget, vous obtiendrez le code unique dans la fen\u00eatre contextuelle d&rsquo;Elfsight Apps. Copiez ce code pour une utilisation ult\u00e9rieure. <\/li><li><b>Ajoutez l&rsquo;onglet Logo \u00e0 la page Facebook<\/b><br> Cr\u00e9ez votre onglet Facebook personnalis\u00e9. Ins\u00e9rez le code que vous avez re\u00e7u sur les applications elfsight dans l&rsquo;onglet. Si vous rencontrez des probl\u00e8mes, consultez simplement notre guide sur <a href=\"https:\/\/elfsight.com\/blog\/how-to-add-custom-tab-to-facebook-page\/\" target=\"_blank\" rel=\"noopener noreferrer\">cr\u00e9ation d&rsquo;un onglet Facebook personnalis\u00e9<\/a><\/li><li><b>Vous avez termin\u00e9\u00a0! <\/b><br>Entrez sur votre site Web pour afficher votre plugin. <\/li><\/ul><p>N&rsquo;h\u00e9sitez pas \u00e0 contacter le support client d&rsquo;Elfsight si vous avez besoin de conseils ou si vous avez des questions. Nous vous donnerons un coup de main pour chaque demande. <\/p><div class=\"faq\" data-component=\"FAQ\"><div class=\"faq-item\">\r\n\t\t\t\t\t<div class=\"faq-item-question\">\r\n\t\t\t\t\t\t<h3 class=\"faq-item-question-text\">De quelle mani\u00e8re est-il possible d'ajouter une vitrine de logo \u00e0 la page d'accueil de ma page Facebook sans aucune connaissance en codage ?<\/h3>\r\n\r\n\t\t\t\t\t\t<div class=\"faq-item-question-icon\"><\/div>\r\n\t\t\t\t\t<\/div>\r\n\r\n\t\t\t\t\t<div class=\"faq-item-answer\">\r\n\t\t\t\t\t\t<div class=\"faq-item-answer-text\"> <p>La soci\u00e9t\u00e9 Elfsight propose une solution Cloud qui permet aux utilisateurs de g\u00e9n\u00e9rer une vitrine de logo widget vous-m\u00eame, suivez les \u00e9tapes simples\u00a0: Acc\u00e9dez \u00e0 l&rsquo;\u00e9diteur en ligne pour cr\u00e9er une section de pr\u00e9sentation de logos que vous souhaitez inclure sur la page Web de la page Facebook. Choisissez l&rsquo;un de nos mod\u00e8les pr\u00e9d\u00e9finis et modifiez les param\u00e8tres de Logo Showcase, modifiez la mise en page et la palette de couleurs et mettez \u00e0 jour votre contenu, sans aucune connaissance en codage. Enregistrez les param\u00e8tres que vous avez d\u00e9finis dans Logo Showcase et copiez son code d&rsquo;installation, que vous pouvez simplement inclure gratuitement sur le site Web de la page Facebook. Avec notre \u00e9diteur intuitif, chaque utilisateur Web peut g\u00e9n\u00e9rer le plugin Logo Showcase en ligne et le coller simplement sur le site Web de la page Facebook. Il n&rsquo;est pas n\u00e9cessaire d&rsquo;obtenir un forfait payant ou de soumettre les informations d&rsquo;identification de votre carte pour acc\u00e9der au service Elfsight. Si vous rencontrez des probl\u00e8mes de quelque nature que ce soit, n&rsquo;h\u00e9sitez pas \u00e0 vous adresser \u00e0 notre \u00e9quipe d&rsquo;assistance technique.<\/p> <\/div>\r\n\t\t\t\t\t<\/div>\r\n\t\t\t\t<\/div> <\/div><\/div>","protected":false},"excerpt":{"rendered":"","protected":false},"author":18,"featured_media":0,"parent":1645,"menu_order":0,"comment_status":"closed","ping_status":"closed","template":"templates\/template-application-platform.php","meta":{"publish_to_discourse":"","publish_post_category":"","wpdc_auto_publish_overridden":"","wpdc_topic_tags":"","wpdc_pin_topic":"","wpdc_pin_until":"","discourse_post_id":"","discourse_permalink":"","wpdc_publishing_response":"","wpdc_publishing_error":"","footnotes":""},"class_list":["post-6346","page","type-page","status-publish","hentry"],"yoast_head":"<!-- This site is optimized with the Yoast SEO plugin v25.3.1 - https:\/\/yoast.com\/wordpress\/plugins\/seo\/ -->\n<title>Carrousel Logo - ajoutez widget Vitrine logo sur Facebook Page<\/title>\n<meta name=\"description\" content=\"Int\u00e9grez un Carrousel Logo attractif sur votre site. Utilisez la d\u00e9mo d&#039;Elfsight et g\u00e9n\u00e9rez votre widget en 2 minutes.\" \/>\n<meta name=\"robots\" content=\"index, follow, max-snippet:-1, max-image-preview:large, max-video-preview:-1\" \/>\n<link rel=\"canonical\" href=\"https:\/\/elfsight.com\/fr\/logo-showcase-widget\/facebook\/\" \/>\n<meta property=\"og:locale\" content=\"fr_FR\" \/>\n<meta property=\"og:type\" content=\"article\" \/>\n<meta property=\"og:title\" content=\"Carrousel Logo - ajoutez widget Vitrine logo sur Facebook Page\" \/>\n<meta property=\"og:description\" content=\"Int\u00e9grez un Carrousel Logo attractif sur votre site. Utilisez la d\u00e9mo d&#039;Elfsight et g\u00e9n\u00e9rez votre widget en 2 minutes.\" \/>\n<meta property=\"og:url\" content=\"https:\/\/elfsight.com\/fr\/logo-showcase-widget\/facebook\/\" \/>\n<meta property=\"og:site_name\" content=\"Elfsight FR\" \/>\n<meta property=\"article:modified_time\" content=\"2025-07-10T08:16:15+00:00\" \/>\n<meta name=\"twitter:card\" content=\"summary_large_image\" \/>\n<meta name=\"twitter:label1\" content=\"Dur\u00e9e de lecture estim\u00e9e\" \/>\n\t<meta name=\"twitter:data1\" content=\"1 minute\" \/>\n<!-- \/ Yoast SEO plugin. -->","yoast_head_json":{"title":"Carrousel Logo - ajoutez widget Vitrine logo sur Facebook Page","description":"Int\u00e9grez un Carrousel Logo attractif sur votre site. Utilisez la d\u00e9mo d'Elfsight et g\u00e9n\u00e9rez votre widget en 2 minutes.","robots":{"index":"index","follow":"follow","max-snippet":"max-snippet:-1","max-image-preview":"max-image-preview:large","max-video-preview":"max-video-preview:-1"},"canonical":"https:\/\/elfsight.com\/fr\/logo-showcase-widget\/facebook\/","og_locale":"fr_FR","og_type":"article","og_title":"Carrousel Logo - ajoutez widget Vitrine logo sur Facebook Page","og_description":"Int\u00e9grez un Carrousel Logo attractif sur votre site. Utilisez la d\u00e9mo d'Elfsight et g\u00e9n\u00e9rez votre widget en 2 minutes.","og_url":"https:\/\/elfsight.com\/fr\/logo-showcase-widget\/facebook\/","og_site_name":"Elfsight FR","article_modified_time":"2025-07-10T08:16:15+00:00","twitter_card":"summary_large_image","twitter_misc":{"Dur\u00e9e de lecture estim\u00e9e":"1 minute"},"schema":{"@context":"https:\/\/schema.org","@graph":[{"@type":"WebPage","@id":"https:\/\/elfsight.com\/fr\/logo-showcase-widget\/facebook\/","url":"https:\/\/elfsight.com\/fr\/logo-showcase-widget\/facebook\/","name":"Carrousel Logo - ajoutez widget Vitrine logo sur Facebook Page","isPartOf":{"@id":"https:\/\/elfsight.com\/fr\/#website"},"datePublished":"2021-12-03T08:54:03+00:00","dateModified":"2025-07-10T08:16:15+00:00","description":"Int\u00e9grez un Carrousel Logo attractif sur votre site. Utilisez la d\u00e9mo d'Elfsight et g\u00e9n\u00e9rez votre widget en 2 minutes.","breadcrumb":{"@id":"https:\/\/elfsight.com\/fr\/logo-showcase-widget\/facebook\/#breadcrumb"},"inLanguage":"fr-FR","potentialAction":[{"@type":"ReadAction","target":["https:\/\/elfsight.com\/fr\/logo-showcase-widget\/facebook\/"]}]},{"@type":"BreadcrumbList","@id":"https:\/\/elfsight.com\/fr\/logo-showcase-widget\/facebook\/#breadcrumb","itemListElement":[{"@type":"ListItem","position":1,"name":"Home","item":"https:\/\/elfsight.com\/fr\/"},{"@type":"ListItem","position":2,"name":"Logo Showcase","item":"https:\/\/elfsight.com\/fr\/logo-showcase-widget\/"},{"@type":"ListItem","position":3,"name":"Logo Showcase &#8211; Facebook Page"}]},{"@type":"WebSite","@id":"https:\/\/elfsight.com\/fr\/#website","url":"https:\/\/elfsight.com\/fr\/","name":"Elfsight FR","description":"","potentialAction":[{"@type":"SearchAction","target":{"@type":"EntryPoint","urlTemplate":"https:\/\/elfsight.com\/fr\/?s={search_term_string}"},"query-input":{"@type":"PropertyValueSpecification","valueRequired":true,"valueName":"search_term_string"}}],"inLanguage":"fr-FR"}]}},"meta_box":{"industry":"","seo_heading":"","heading":"","description":"","cta_heading":"","cta_description":"","application":"1644","h1":"Widget Carrousel Logo pour Facebook Page","h1_caption":"Affichez les logos de vos partenaires, sponsors ou clients, renfor\u00e7ant ainsi la cr\u00e9dibilit\u00e9 et la confiance de votre marque sur votre page Facebook sans effort.","application_category":[],"applications_title":"","applications_request_title":"","applications_request_button_text":"","hero_text":"","hero_video":"","hero_video_schema_markup":"","selling_points_title":"","selling_points_caption":"","selling_points":[],"selling_points_cta_text":"","features_title":"","features":"","ed_cta_examples_text":"","ed_cta_examples_hidden":"","ed_cta_demo_text":"","ed_cta_demo_hidden":"","why_caption":"","why_editor_title":"","why_editor_text":"","why_team_title":"","why_team_text":"","why_service_title":"","why_service_text":"","template_catalog_visible":"","template_catalog_title":"","template_catalog_text":"","template_catalog_categories_visible":"","demo_title":"Cr\u00e9ez votre widget Vitrine de logos","demo_caption":"Configurez votre vitrine de logos et ajoutez-la gratuitement \u00e0 votre page Facebook\u00a0!","default_faq_hidden":"","app_template_category":[],"platform":"394","template_public_id":"","codecanyon_url":"","codecanyon_item_id":"","codecanyon_price":"","pricing_caption":"","pricing_elfsight_apps_hide_column":"","pricing_elfsight_apps_url":"","pricing_codecanyon_price_caption":"","integration_category":[],"integration_request_title":"","integration_request_cta":"","integration_platform":"","integrations":[],"platform_category":[],"video_schema_markup":"","price":"\u00c0 partir de $0\/mois","trial":"","benefits":[{"text":"Installation gratuite"},{"text":"Support Premium"},{"text":"Garantie de remboursement de 14 jours"},{"text":"L'am\u00e9lioration continue"}],"button_url":"#demo","button_target_blank":"0","button_nofollow":"0","attributes":[{"name":"Nombre d'installations","content":"1,000 - 5,000","_state":"expanded"},{"name":"Adaptif","content":"Oui","_state":"expanded"},{"name":"Navigateurs compatibles","content":"Firefox, Safari, Opera, Chrome, Edge","_state":"expanded"}],"tags":[],"tags_disable_links":"0","hide_more_platforms":"","video_object":"","demo_hide_cta":"0","demo_hide_cloud_options":"0","pricing_title":"","pricing":[{"pricing_icon":"platform","pricing_title":"Applications d'Elfsight","pricing_title_caption":"Solution num\u00e9rique multiplateforme qui fonctionne sur n'importe quel site","pricing_price":"\u00c0 partir de $0\/mois","pricing_price_caption":"Commencez avec un plan gratuit","pricing_benefits":[{"text":"Sites Web illimit\u00e9s"},{"text":"\u00c9quipe d'assistance professionnelle"},{"text":"Service d'installation gratuit"},{"text":"100% personnalisable"}],"pricing_button_text":"Ajouter au site Web","pricing_button_url":"https:\/\/apps.elfsight.com\/sign-up\/","pricing_button_nofollow":"1","_state":"expanded"}],"related_apps_title":"","related_apps_hidden":"1","author":"","image":[],"title":"","job":"","social_networks":[]},"_links":{"self":[{"href":"https:\/\/elfsight.com\/fr\/wp-json\/wp\/v2\/pages\/6346","targetHints":{"allow":["GET"]}}],"collection":[{"href":"https:\/\/elfsight.com\/fr\/wp-json\/wp\/v2\/pages"}],"about":[{"href":"https:\/\/elfsight.com\/fr\/wp-json\/wp\/v2\/types\/page"}],"author":[{"embeddable":true,"href":"https:\/\/elfsight.com\/fr\/wp-json\/wp\/v2\/users\/18"}],"replies":[{"embeddable":true,"href":"https:\/\/elfsight.com\/fr\/wp-json\/wp\/v2\/comments?post=6346"}],"version-history":[{"count":2,"href":"https:\/\/elfsight.com\/fr\/wp-json\/wp\/v2\/pages\/6346\/revisions"}],"predecessor-version":[{"id":14955,"href":"https:\/\/elfsight.com\/fr\/wp-json\/wp\/v2\/pages\/6346\/revisions\/14955"}],"up":[{"embeddable":true,"href":"https:\/\/elfsight.com\/fr\/wp-json\/wp\/v2\/pages\/1645"}],"wp:attachment":[{"href":"https:\/\/elfsight.com\/fr\/wp-json\/wp\/v2\/media?parent=6346"}],"curies":[{"name":"wp","href":"https:\/\/api.w.org\/{rel}","templated":true}]}}