{"id":6340,"date":"2021-12-03T08:54:15","date_gmt":"2021-12-03T08:54:15","guid":{"rendered":"https:\/\/elfsight.com\/fr\/?page_id=6340"},"modified":"2025-07-10T08:15:50","modified_gmt":"2025-07-10T08:15:50","slug":"blogger","status":"publish","type":"page","link":"https:\/\/elfsight.com\/fr\/logo-showcase-widget\/blogger\/","title":{"rendered":"Logo Showcase &#8211; Blogger"},"content":{"rendered":"<div class=\"application-platform-content-item-description application-platform-content-item\" id=\"description\" data-nav-section=\"description\"><h2>Description<\/h2> <p>Elfsight Logo Showcase sera le meilleur outil pour permettre aux utilisateurs de voir les logos de vos clients et promoteurs ou votre mentions presse sur votre site. Avec l\u2019aide de ce widget, il vous est facile de prouver que votre entreprise est un partenaire de confiance et d\u2019\u00e9tablir une vision positive de votre entreprise. Le widget Logo Showcase vous permet d&rsquo;int\u00e9grer n&rsquo;importe quel nombre d&#8217;embl\u00e8mes, de les int\u00e9grer dans un curseur ou une grille et de modifier l&rsquo;\u00e9chelle des logos. Vous pouvez afficher une l\u00e9gende et des liens vers le site Web des entreprises. En variant les couleurs et les options de polices, vous pouvez cr\u00e9er une interface personnalis\u00e9e. <\/p><p><b>Augmentez le niveau de ventes en d\u00e9montrant votre r\u00e9putation commerciale irr\u00e9prochable, avec les logos de vos partenaires sur votre site. <\/b><\/p><\/div> <div class=\"application-platform-content-item-features application-platform-content-item\" id=\"features\" data-nav-section=\"features\"><h2>Fonctionnalit\u00e9s<\/h2> <p>V\u00e9rifiez une liste de tous les traits fonctionnels de Logo Showcase. Vous pouvez les ajuster directement dans l&rsquo;\u00e9diteur et ils vous aideront \u00e0 configurer le widget sp\u00e9cialement pour votre cas d&rsquo;utilisation. <\/p><ul><li>L&rsquo;option permettant de connecter chaque logo \u00e0 n&rsquo;importe quelle adresse\u00a0; <\/li><li>L&rsquo;en-t\u00eate du widget commutable comporte un titre et un texte avec des options de formatage\u00a0; <\/li><li>Le bouton d&rsquo;appel \u00e0 l&rsquo;action peut conduire en cliquant sur n&rsquo;importe quelle page\u00a0; <\/li><li>3 pr\u00e9sentations de widgets diff\u00e9rentes\u00a0: curseur, grille et carrousel\u00a0; <\/li><li>Une fonctionnalit\u00e9 pour ajuster la taille du logo et la largeur du widget\u00a0; <\/li><li>Une option pour choisir n&rsquo;importe quelle couleur d&rsquo;arri\u00e8re-plan ou ajouter votre fichier. <\/li><\/ul><p><a href=\"#demo\">Testez toutes les autres fonctions de la d\u00e9mo<\/a><\/p><\/div> <div class=\"application-platform-content-item-installation application-platform-content-item\" id=\"installation\" data-nav-section=\"installation\"><h2> Comment puis-je int\u00e9grer Logo Showcase sur Blogger\u00a0?<\/h2><div class=\"video-container\"><iframe width=\"720\" height=\"405\" src=\"https:\/\/www.youtube.com\/embed\/zgOIpN5Uv4w\" frameborder=\"0\" allowfullscreen=\"\"><\/iframe><\/div><p>Pour ajouter un widget, suivez simplement quelques \u00e9tapes rapides<\/p><ul><li><b>G\u00e9n\u00e9rez le v\u00f4tre Widget de logo<\/b><br>Dans notre d\u00e9mo gratuite, configurez un plugin avec un design et des fonctionnalit\u00e9s personnalis\u00e9s. <\/li> <li><b>Obtenez le code personnel pour ajouter le plugin<\/b><br>Apr\u00e8s avoir d\u00e9fini votre widget, vous recevrez votre code d&rsquo;installation \u00e0 partir de la notification apparaissant sur Elfsight Apps. Copiez le code pour une utilisation future. <\/li> <li><b>Int\u00e9grez le plugin dans votre site Blogger<\/b><br>Trouvez la zone dans laquelle vous pr\u00e9voyez de placer le plugin et ins\u00e9rez-y le code enregistr\u00e9. Appliquez les r\u00e9sultats. <\/li> <li><b>Vous avez effectu\u00e9 l&rsquo;installation avec succ\u00e8s<\/b><br>Rendez-vous dans votre magasin pour v\u00e9rifier votre travail. <\/li><\/ul><p>N&rsquo;h\u00e9sitez pas \u00e0 contacter le service client si vous avez besoin de conseils ou si vous avez des questions. Nous serons heureux de r\u00e9pondre \u00e0 chaque demande. <\/p><div class=\"faq\" data-component=\"FAQ\"><div class=\"faq-item\">\r\n\t\t\t\t\t<div class=\"faq-item-question\">\r\n\t\t\t\t\t\t<h3 class=\"faq-item-question-text\">Existe-t-il un moyen d'int\u00e9grer une vitrine de logos \u00e0 ma page d'accueil Blogger sans comp\u00e9tences en codage ?<\/h3>\r\n\r\n\t\t\t\t\t\t<div class=\"faq-item-question-icon\"><\/div>\r\n\t\t\t\t\t<\/div>\r\n\r\n\t\t\t\t\t<div class=\"faq-item-answer\">\r\n\t\t\t\t\t\t<div class=\"faq-item-answer-text\"> <p>La soci\u00e9t\u00e9 Elfsight propose une solution qui vous permet de cr\u00e9er vous-m\u00eame une application de vitrine de logos. , consultez le guide simple\u00a0: Travaillez directement dans l&rsquo;\u00e9diteur en direct pour cr\u00e9er un widget Logo Showcase que vous souhaitez inclure sur le site Web Blogger. Cliquez sur l&rsquo;un de nos mod\u00e8les pr\u00eats \u00e0 l&#8217;emploi et adaptez les param\u00e8tres de Logo Showcase, transformez la mise en page et la palette de couleurs et mettez \u00e0 jour votre contenu, sans codage. Enregistrez la vitrine du logo et obtenez le code d&rsquo;installation qui peut \u00eatre facilement coll\u00e9 sur le site Web Blogger sans acheter de forfait payant. Gr\u00e2ce \u00e0 l&rsquo;\u00e9diteur facile \u00e0 utiliser, chaque utilisateur Web peut g\u00e9n\u00e9rer une vitrine de logo en ligne et l&rsquo;int\u00e9grer simplement \u00e0 sa page d&rsquo;accueil Blogger. Il n\u2019est pas n\u00e9cessaire d\u2019obtenir un forfait payant ou de saisir les informations d\u2019identification de votre carte pour acc\u00e9der \u00e0 notre service. Si vous rencontrez des probl\u00e8mes \u00e0 n&rsquo;importe quelle \u00e9tape, n&rsquo;h\u00e9sitez pas \u00e0 contacter notre support technique client.<\/p> <\/div>\r\n\t\t\t\t\t<\/div>\r\n\t\t\t\t<\/div> <\/div><\/div>","protected":false},"excerpt":{"rendered":"","protected":false},"author":18,"featured_media":0,"parent":1645,"menu_order":0,"comment_status":"closed","ping_status":"closed","template":"templates\/template-application-platform.php","meta":{"publish_to_discourse":"","publish_post_category":"","wpdc_auto_publish_overridden":"","wpdc_topic_tags":"","wpdc_pin_topic":"","wpdc_pin_until":"","discourse_post_id":"","discourse_permalink":"","wpdc_publishing_response":"","wpdc_publishing_error":"","footnotes":""},"class_list":["post-6340","page","type-page","status-publish","hentry"],"yoast_head":"<!-- This site is optimized with the Yoast SEO plugin v25.3.1 - https:\/\/yoast.com\/wordpress\/plugins\/seo\/ -->\n<title>Carrousel Logo - ajoutez plugin Vitrine logo sur Blogger<\/title>\n<meta name=\"description\" content=\"Int\u00e9grez un Carrousel Logo attractif sur votre site. Appliquez la d\u00e9mo d&#039;Elfsight et g\u00e9n\u00e9rez votre widget en deux minutes.\" \/>\n<meta name=\"robots\" content=\"index, follow, max-snippet:-1, max-image-preview:large, max-video-preview:-1\" \/>\n<link rel=\"canonical\" href=\"https:\/\/elfsight.com\/fr\/logo-showcase-widget\/blogger\/\" \/>\n<meta property=\"og:locale\" content=\"fr_FR\" \/>\n<meta property=\"og:type\" content=\"article\" \/>\n<meta property=\"og:title\" content=\"Carrousel Logo - ajoutez plugin Vitrine logo sur Blogger\" \/>\n<meta property=\"og:description\" content=\"Int\u00e9grez un Carrousel Logo attractif sur votre site. Appliquez la d\u00e9mo d&#039;Elfsight et g\u00e9n\u00e9rez votre widget en deux minutes.\" \/>\n<meta property=\"og:url\" content=\"https:\/\/elfsight.com\/fr\/logo-showcase-widget\/blogger\/\" \/>\n<meta property=\"og:site_name\" content=\"Elfsight FR\" \/>\n<meta property=\"article:modified_time\" content=\"2025-07-10T08:15:50+00:00\" \/>\n<meta name=\"twitter:card\" content=\"summary_large_image\" \/>\n<meta name=\"twitter:label1\" content=\"Dur\u00e9e de lecture estim\u00e9e\" \/>\n\t<meta name=\"twitter:data1\" content=\"1 minute\" \/>\n<!-- \/ Yoast SEO plugin. -->","yoast_head_json":{"title":"Carrousel Logo - ajoutez plugin Vitrine logo sur Blogger","description":"Int\u00e9grez un Carrousel Logo attractif sur votre site. Appliquez la d\u00e9mo d'Elfsight et g\u00e9n\u00e9rez votre widget en deux minutes.","robots":{"index":"index","follow":"follow","max-snippet":"max-snippet:-1","max-image-preview":"max-image-preview:large","max-video-preview":"max-video-preview:-1"},"canonical":"https:\/\/elfsight.com\/fr\/logo-showcase-widget\/blogger\/","og_locale":"fr_FR","og_type":"article","og_title":"Carrousel Logo - ajoutez plugin Vitrine logo sur Blogger","og_description":"Int\u00e9grez un Carrousel Logo attractif sur votre site. Appliquez la d\u00e9mo d'Elfsight et g\u00e9n\u00e9rez votre widget en deux minutes.","og_url":"https:\/\/elfsight.com\/fr\/logo-showcase-widget\/blogger\/","og_site_name":"Elfsight FR","article_modified_time":"2025-07-10T08:15:50+00:00","twitter_card":"summary_large_image","twitter_misc":{"Dur\u00e9e de lecture estim\u00e9e":"1 minute"},"schema":{"@context":"https:\/\/schema.org","@graph":[{"@type":"WebPage","@id":"https:\/\/elfsight.com\/fr\/logo-showcase-widget\/blogger\/","url":"https:\/\/elfsight.com\/fr\/logo-showcase-widget\/blogger\/","name":"Carrousel Logo - ajoutez plugin Vitrine logo sur Blogger","isPartOf":{"@id":"https:\/\/elfsight.com\/fr\/#website"},"datePublished":"2021-12-03T08:54:15+00:00","dateModified":"2025-07-10T08:15:50+00:00","description":"Int\u00e9grez un Carrousel Logo attractif sur votre site. Appliquez la d\u00e9mo d'Elfsight et g\u00e9n\u00e9rez votre widget en deux minutes.","breadcrumb":{"@id":"https:\/\/elfsight.com\/fr\/logo-showcase-widget\/blogger\/#breadcrumb"},"inLanguage":"fr-FR","potentialAction":[{"@type":"ReadAction","target":["https:\/\/elfsight.com\/fr\/logo-showcase-widget\/blogger\/"]}]},{"@type":"BreadcrumbList","@id":"https:\/\/elfsight.com\/fr\/logo-showcase-widget\/blogger\/#breadcrumb","itemListElement":[{"@type":"ListItem","position":1,"name":"Home","item":"https:\/\/elfsight.com\/fr\/"},{"@type":"ListItem","position":2,"name":"Logo Showcase","item":"https:\/\/elfsight.com\/fr\/logo-showcase-widget\/"},{"@type":"ListItem","position":3,"name":"Logo Showcase &#8211; Blogger"}]},{"@type":"WebSite","@id":"https:\/\/elfsight.com\/fr\/#website","url":"https:\/\/elfsight.com\/fr\/","name":"Elfsight FR","description":"","potentialAction":[{"@type":"SearchAction","target":{"@type":"EntryPoint","urlTemplate":"https:\/\/elfsight.com\/fr\/?s={search_term_string}"},"query-input":{"@type":"PropertyValueSpecification","valueRequired":true,"valueName":"search_term_string"}}],"inLanguage":"fr-FR"}]}},"meta_box":{"industry":"","seo_heading":"","heading":"","description":"","cta_heading":"","cta_description":"","application":"1644","h1":"Plugin Carrousel Logo pour Blogger","h1_caption":"Affichez les logos de vos partenaires, sponsors ou clients, renfor\u00e7ant ainsi la cr\u00e9dibilit\u00e9 et la confiance de votre marque sur votre site Web Blogger sans effort.","application_category":[],"applications_title":"","applications_request_title":"","applications_request_button_text":"","hero_text":"","hero_video":"","hero_video_schema_markup":"","selling_points_title":"","selling_points_caption":"","selling_points":[],"selling_points_cta_text":"","features_title":"","features":"","ed_cta_examples_text":"","ed_cta_examples_hidden":"","ed_cta_demo_text":"","ed_cta_demo_hidden":"","why_caption":"","why_editor_title":"","why_editor_text":"","why_team_title":"","why_team_text":"","why_service_title":"","why_service_text":"","template_catalog_visible":"","template_catalog_title":"","template_catalog_text":"","template_catalog_categories_visible":"","demo_title":"Cr\u00e9ez votre widget Vitrine de logos","demo_caption":"Configurez votre vitrine de logos et ajoutez-la gratuitement \u00e0 votre site Web Blogger\u00a0!","default_faq_hidden":"","app_template_category":[],"platform":"348","template_public_id":"","codecanyon_url":"","codecanyon_item_id":"","codecanyon_price":"","pricing_caption":"","pricing_elfsight_apps_hide_column":"","pricing_elfsight_apps_url":"","pricing_codecanyon_price_caption":"","integration_category":[],"integration_request_title":"","integration_request_cta":"","integration_platform":"","integrations":[],"platform_category":[],"video_schema_markup":"","price":"\u00c0 partir de $0\/mois","trial":"","benefits":[{"text":"Installation gratuite"},{"text":"Support Premium"},{"text":"Garantie de remboursement de 14 jours"},{"text":"L'am\u00e9lioration continue"}],"button_url":"#demo","button_target_blank":"0","button_nofollow":"0","attributes":[{"name":"Nombre d'installations","content":"1,000 - 5,000","_state":"expanded"},{"name":"Adaptif","content":"Oui","_state":"expanded"},{"name":"Navigateurs compatibles","content":"Firefox, Safari, Opera, Chrome, Edge","_state":"expanded"}],"tags":[],"tags_disable_links":"0","hide_more_platforms":"","video_object":"","demo_hide_cta":"0","demo_hide_cloud_options":"0","pricing_title":"","pricing":[{"pricing_icon":"platform","pricing_title":"Applications d'Elfsight","pricing_title_caption":"Solution num\u00e9rique multiplateforme qui fonctionne sur n'importe quel site","pricing_price":"\u00c0 partir de $0\/mois","pricing_price_caption":"Commencez avec un plan gratuit","pricing_benefits":[{"text":"Sites Web illimit\u00e9s"},{"text":"\u00c9quipe d'assistance professionnelle"},{"text":"Service d'installation gratuit"},{"text":"100% personnalisable"}],"pricing_button_text":"Ajouter au site Web","pricing_button_url":"https:\/\/apps.elfsight.com\/sign-up\/","pricing_button_nofollow":"1","_state":"expanded"}],"related_apps_title":"","related_apps_hidden":"1","author":"","image":[],"title":"","job":"","social_networks":[]},"_links":{"self":[{"href":"https:\/\/elfsight.com\/fr\/wp-json\/wp\/v2\/pages\/6340","targetHints":{"allow":["GET"]}}],"collection":[{"href":"https:\/\/elfsight.com\/fr\/wp-json\/wp\/v2\/pages"}],"about":[{"href":"https:\/\/elfsight.com\/fr\/wp-json\/wp\/v2\/types\/page"}],"author":[{"embeddable":true,"href":"https:\/\/elfsight.com\/fr\/wp-json\/wp\/v2\/users\/18"}],"replies":[{"embeddable":true,"href":"https:\/\/elfsight.com\/fr\/wp-json\/wp\/v2\/comments?post=6340"}],"version-history":[{"count":2,"href":"https:\/\/elfsight.com\/fr\/wp-json\/wp\/v2\/pages\/6340\/revisions"}],"predecessor-version":[{"id":14958,"href":"https:\/\/elfsight.com\/fr\/wp-json\/wp\/v2\/pages\/6340\/revisions\/14958"}],"up":[{"embeddable":true,"href":"https:\/\/elfsight.com\/fr\/wp-json\/wp\/v2\/pages\/1645"}],"wp:attachment":[{"href":"https:\/\/elfsight.com\/fr\/wp-json\/wp\/v2\/media?parent=6340"}],"curies":[{"name":"wp","href":"https:\/\/api.w.org\/{rel}","templated":true}]}}