{"id":6338,"date":"2021-12-03T08:54:19","date_gmt":"2021-12-03T08:54:19","guid":{"rendered":"https:\/\/elfsight.com\/fr\/?page_id=6338"},"modified":"2025-01-09T14:01:51","modified_gmt":"2025-01-09T14:01:51","slug":"bigcommerce","status":"publish","type":"page","link":"https:\/\/elfsight.com\/fr\/logo-showcase-widget\/bigcommerce\/","title":{"rendered":"Logo Showcase &#8211; BigCommerce"},"content":{"rendered":"\n<div class=\"application-platform-content-item-description application-platform-content-item\" id=\"description\" data-nav-section=\"description\">\n    <h2>Description<\/h2>\n    <p>Elfsight Logo Showcase est la technique parfaite pour vanter les logos de vos clients ou promoteurs ou vos mentions dans la presse sur votre site Internet. Avec le widget Elfsight, vous montrerez que vous \u00eates un compagnon de confiance et entretiendrez une bonne image de votre marque. Le widget vous permet d&rsquo;ajouter plusieurs logos, de les organiser dans un carrousel ou une grille et de modifier l&rsquo;\u00e9chelle des images. Vous pouvez ajouter des l\u00e9gendes et des liens vers le site Web des entreprises. En ajustant les param\u00e8tres de couleurs et de polices, il est facile de concevoir un look unique.<\/p>\n    <p><b>Augmentez vos ventes en prouvant le splendide nom de votre entreprise, avec les logos des clients sur le site Web.<\/b><\/p>\n<\/div>\n\n<div class=\"application-platform-content-item-features application-platform-content-item\" id=\"features\" data-nav-section=\"features\">\n    <h2>Fonctionnalit\u00e9s<\/h2>\n    <p>V\u00e9rifiez toutes les fonctions de Logo Showcase. Vous pouvez les d\u00e9finir directement dans l&rsquo;\u00e9diteur et elles vous aideront \u00e0 construire le widget adapt\u00e9 \u00e0 vos besoins.<\/p>\n    <ul>\n        <li>Vous pouvez lier chaque logo \u00e0 n&rsquo;importe quelle page Web ;<\/li>\n        <li>En-t\u00eate du widget adaptatif incluant le titre et le texte avec param\u00e8tres de formatage ;<\/li>\n        <li>Le bouton d&rsquo;appel \u00e0 l&rsquo;action peut \u00eatre li\u00e9 \u00e0 n&rsquo;importe quelle page Web ;<\/li>\n        <li>Trois pr\u00e9sentations de widgets \u00e9quilibr\u00e9es : Curseur, Grille et Carrousel ;<\/li>\n        <li>L&rsquo;option permettant de d\u00e9finir la taille du logo et le param\u00e8tre de largeur du widget ;<\/li>\n        <li>L&rsquo;option permettant de choisir n&rsquo;importe quelle couleur d&rsquo;arri\u00e8re-plan ou de t\u00e9l\u00e9charger une image personnalis\u00e9e.<\/li>\n    <\/ul>\n    <p><a href=\"#demo\">Vous pouvez tester toutes les fonctionnalit\u00e9s du widget directement dans la d\u00e9mo<\/a><\/p>\n<\/div>\n\n<div class=\"application-platform-content-item-installation application-platform-content-item\" id=\"installation\" data-nav-section=\"installation\">\n    <h2>Comment int\u00e9grer Logo Showcase \u00e0 BigCommerce ?<\/h2>\n    <div class=\"video-container\">\n        <iframe width=\"720\" height=\"405\" src=\"https:\/\/www.youtube.com\/embed\/_FfFdz6NnsQ\" frameborder=\"0\" allowfullscreen=\"\"><\/iframe>\n    <\/div>\n    <p>Remplissez simplement les instructions ci-dessous pour ins\u00e9rer l&rsquo;outil sur BigCommerce.<\/p>\n    <ol>\n        <li><b>Lancez notre \u00e9diteur gratuit et commencez \u00e0 cr\u00e9er votre outil sur mesure. Application de pr\u00e9sentation de logos.<\/b><br>Choisissez l&rsquo;apparence et les caract\u00e9ristiques personnalis\u00e9es de l&rsquo;outil et enregistrez les corrections.<\/li>\n        <li><b>Acqu\u00e9rir le code individuel apparaissant dans le formulaire sp\u00e9cial sur les applications Elfsight.<\/b><br>Une fois la personnalisation de votre widget termin\u00e9e, copiez le code exclusif dans la case qui appara\u00eet et conservez-le pour une utilisation ult\u00e9rieure.<\/li>\n        <li><b>Commencez \u00e0 utiliser le plugin sur le site BigCommerce.<\/b><br>Int\u00e9grez le code copi\u00e9 auparavant dans votre site Web et appliquez les modifications.<\/li>\n        <li><b>Fait ! La configuration est enti\u00e8rement r\u00e9alis\u00e9e.<\/b><br>Acc\u00e9dez \u00e0 votre site pour voir les performances du plugin.<\/li>\n    <\/ol>\n    <p>Prenez une minute pour contacter le service d&rsquo;assistance d&rsquo;Elfsight si vous avez besoin d&rsquo;aide ou si vous avez des questions. Nos sp\u00e9cialistes se feront un plaisir de r\u00e9pondre \u00e0 chaque demande.<\/p>\n<\/div>\n\n<div class=\"faq\" data-component=\"FAQ\">\n    <div class=\"faq-item\">\r\n\t\t\t\t\t<div class=\"faq-item-question\">\r\n\t\t\t\t\t\t<h3 class=\"faq-item-question-text\">Comment ajouter une vitrine de logo \u00e0 mon BigCommerce sans coder ?<\/h3>\r\n\r\n\t\t\t\t\t\t<div class=\"faq-item-question-icon\"><\/div>\r\n\t\t\t\t\t<\/div>\r\n\r\n\t\t\t\t\t<div class=\"faq-item-answer\">\r\n\t\t\t\t\t\t<div class=\"faq-item-answer-text\">\n        <p>La soci\u00e9t\u00e9 Elfsight propose une solution Cloud qui permet aux utilisateurs de cr\u00e9er vous-m\u00eame une section de vitrine de logo. D\u00e9couvrez \u00e0 quel point le processus est simple : commencez \u00e0 travailler directement dans l&rsquo;\u00e9diteur en direct pour cr\u00e9er une section de pr\u00e9sentation de logos que vous souhaiteriez voir appara\u00eetre sur le site Web de BigCommerce. S\u00e9lectionnez l&rsquo;un des mod\u00e8les pr\u00eats \u00e0 l&#8217;emploi et ajustez les param\u00e8tres de Logo Showcase, modifiez la mise en page et les sch\u00e9mas de couleurs pour inclure votre contenu, sans aucune exp\u00e9rience de codage. Cliquez pour enregistrer les param\u00e8tres que vous avez d\u00e9finis dans Logo Showcase et obtenir son code d&rsquo;installation, qui peut \u00eatre facilement ajout\u00e9 gratuitement sur le site Web BigCommerce. Gr\u00e2ce \u00e0 notre configurateur intuitif, chaque utilisateur Web peut cr\u00e9er une vitrine de logo en ligne et l&rsquo;int\u00e9grer \u00e0 sa page Web BigCommerce. Vous ne devez pas souscrire \u00e0 un forfait payant ni divulguer les informations d\u2019identification de votre carte pour acc\u00e9der au service Elfsight. Si vous rencontrez des probl\u00e8mes \u00e0 n&rsquo;importe quelle \u00e9tape, n&rsquo;h\u00e9sitez pas \u00e0 contacter notre support technique client.<\/p>\n    <\/div>\r\n\t\t\t\t\t<\/div>\r\n\t\t\t\t<\/div>\n<\/div>\n\n","protected":false},"excerpt":{"rendered":"","protected":false},"author":18,"featured_media":0,"parent":1645,"menu_order":0,"comment_status":"closed","ping_status":"closed","template":"templates\/template-application-platform.php","meta":{"publish_to_discourse":"","publish_post_category":"","wpdc_auto_publish_overridden":"","wpdc_topic_tags":"","wpdc_pin_topic":"","wpdc_pin_until":"","discourse_post_id":"","discourse_permalink":"","wpdc_publishing_response":"","wpdc_publishing_error":"","footnotes":""},"class_list":["post-6338","page","type-page","status-publish","hentry"],"yoast_head":"<!-- This site is optimized with the Yoast SEO plugin v25.3.1 - https:\/\/yoast.com\/wordpress\/plugins\/seo\/ -->\n<title>Carrousel Logo - ajoutez plugin Vitrine logo sur BigCommerce<\/title>\n<meta name=\"description\" content=\"Int\u00e9grez un Carrousel Logo avantageux sur votre site. Utilisez la d\u00e9mo d&#039;Elfsight et g\u00e9n\u00e9rez votre widget en 2 minutes.\" \/>\n<meta name=\"robots\" content=\"index, follow, max-snippet:-1, max-image-preview:large, max-video-preview:-1\" \/>\n<link rel=\"canonical\" href=\"https:\/\/elfsight.com\/fr\/logo-showcase-widget\/bigcommerce\/\" \/>\n<meta property=\"og:locale\" content=\"fr_FR\" \/>\n<meta property=\"og:type\" content=\"article\" \/>\n<meta property=\"og:title\" content=\"Carrousel Logo - ajoutez plugin Vitrine logo sur BigCommerce\" \/>\n<meta property=\"og:description\" content=\"Int\u00e9grez un Carrousel Logo avantageux sur votre site. Utilisez la d\u00e9mo d&#039;Elfsight et g\u00e9n\u00e9rez votre widget en 2 minutes.\" \/>\n<meta property=\"og:url\" content=\"https:\/\/elfsight.com\/fr\/logo-showcase-widget\/bigcommerce\/\" \/>\n<meta property=\"og:site_name\" content=\"Elfsight FR\" \/>\n<meta property=\"article:modified_time\" content=\"2025-01-09T14:01:51+00:00\" \/>\n<meta name=\"twitter:card\" content=\"summary_large_image\" \/>\n<meta name=\"twitter:label1\" content=\"Dur\u00e9e de lecture estim\u00e9e\" \/>\n\t<meta name=\"twitter:data1\" content=\"4 minutes\" \/>\n<!-- \/ Yoast SEO plugin. -->","yoast_head_json":{"title":"Carrousel Logo - ajoutez plugin Vitrine logo sur BigCommerce","description":"Int\u00e9grez un Carrousel Logo avantageux sur votre site. Utilisez la d\u00e9mo d'Elfsight et g\u00e9n\u00e9rez votre widget en 2 minutes.","robots":{"index":"index","follow":"follow","max-snippet":"max-snippet:-1","max-image-preview":"max-image-preview:large","max-video-preview":"max-video-preview:-1"},"canonical":"https:\/\/elfsight.com\/fr\/logo-showcase-widget\/bigcommerce\/","og_locale":"fr_FR","og_type":"article","og_title":"Carrousel Logo - ajoutez plugin Vitrine logo sur BigCommerce","og_description":"Int\u00e9grez un Carrousel Logo avantageux sur votre site. Utilisez la d\u00e9mo d'Elfsight et g\u00e9n\u00e9rez votre widget en 2 minutes.","og_url":"https:\/\/elfsight.com\/fr\/logo-showcase-widget\/bigcommerce\/","og_site_name":"Elfsight FR","article_modified_time":"2025-01-09T14:01:51+00:00","twitter_card":"summary_large_image","twitter_misc":{"Dur\u00e9e de lecture estim\u00e9e":"4 minutes"},"schema":{"@context":"https:\/\/schema.org","@graph":[{"@type":"WebPage","@id":"https:\/\/elfsight.com\/fr\/logo-showcase-widget\/bigcommerce\/","url":"https:\/\/elfsight.com\/fr\/logo-showcase-widget\/bigcommerce\/","name":"Carrousel Logo - ajoutez plugin Vitrine logo sur BigCommerce","isPartOf":{"@id":"https:\/\/elfsight.com\/fr\/#website"},"datePublished":"2021-12-03T08:54:19+00:00","dateModified":"2025-01-09T14:01:51+00:00","description":"Int\u00e9grez un Carrousel Logo avantageux sur votre site. Utilisez la d\u00e9mo d'Elfsight et g\u00e9n\u00e9rez votre widget en 2 minutes.","breadcrumb":{"@id":"https:\/\/elfsight.com\/fr\/logo-showcase-widget\/bigcommerce\/#breadcrumb"},"inLanguage":"fr-FR","potentialAction":[{"@type":"ReadAction","target":["https:\/\/elfsight.com\/fr\/logo-showcase-widget\/bigcommerce\/"]}]},{"@type":"BreadcrumbList","@id":"https:\/\/elfsight.com\/fr\/logo-showcase-widget\/bigcommerce\/#breadcrumb","itemListElement":[{"@type":"ListItem","position":1,"name":"Home","item":"https:\/\/elfsight.com\/fr\/"},{"@type":"ListItem","position":2,"name":"Logo Showcase","item":"https:\/\/elfsight.com\/fr\/logo-showcase-widget\/"},{"@type":"ListItem","position":3,"name":"Logo Showcase &#8211; BigCommerce"}]},{"@type":"WebSite","@id":"https:\/\/elfsight.com\/fr\/#website","url":"https:\/\/elfsight.com\/fr\/","name":"Elfsight FR","description":"","potentialAction":[{"@type":"SearchAction","target":{"@type":"EntryPoint","urlTemplate":"https:\/\/elfsight.com\/fr\/?s={search_term_string}"},"query-input":{"@type":"PropertyValueSpecification","valueRequired":true,"valueName":"search_term_string"}}],"inLanguage":"fr-FR"}]}},"meta_box":{"industry":"","seo_heading":"","heading":"","description":"","cta_heading":"","cta_description":"","application":"1644","h1":"Plugin Carrousel Logo pour BigCommerce","h1_caption":"Affichez les logos de vos partenaires, sponsors ou clients, renfor\u00e7ant ainsi la cr\u00e9dibilit\u00e9 et la confiance de votre marque sur votre site Web BigCommerce sans effort.","application_category":[],"applications_title":"","applications_request_title":"","applications_request_button_text":"","hero_text":"","hero_video":"","hero_video_schema_markup":"","selling_points_title":"","selling_points_caption":"","selling_points":[],"selling_points_cta_text":"","features_title":"","features":"","ed_cta_examples_text":"","ed_cta_examples_hidden":"","ed_cta_demo_text":"","ed_cta_demo_hidden":"","why_caption":"","why_editor_title":"","why_editor_text":"","why_team_title":"","why_team_text":"","why_service_title":"","why_service_text":"","template_catalog_visible":"0","template_catalog_title":"","template_catalog_text":"","template_catalog_categories_visible":"","demo_title":"Cr\u00e9ez votre application Vitrine de logos","demo_caption":"Configurez votre vitrine de logos et ajoutez-la gratuitement \u00e0 votre site Web BigCommerce\u00a0!","default_faq_hidden":"","app_template_category":[],"platform":"347","template_public_id":"","codecanyon_url":"","codecanyon_item_id":"","codecanyon_price":"","pricing_caption":"","pricing_elfsight_apps_hide_column":"","pricing_elfsight_apps_url":"","pricing_codecanyon_price_caption":"","integration_category":[],"integration_request_title":"","integration_request_cta":"","integration_platform":"","integrations":[],"platform_category":[],"video_schema_markup":"","price":"\u00c0 partir de $0\/mois","trial":"","benefits":[{"text":"Installation gratuite"},{"text":"Support Premium"},{"text":"Garantie de remboursement de 14 jours"},{"text":"L'am\u00e9lioration continue"}],"button_url":"#demo","button_target_blank":"0","button_nofollow":"0","attributes":[{"name":"Nombre d'installations","content":"1,000 - 5,000","_state":"expanded"},{"name":"Adaptif","content":"Oui","_state":"expanded"},{"name":"Navigateurs compatibles","content":"Firefox, Safari, Opera, Chrome, Edge","_state":"expanded"}],"tags":[],"tags_disable_links":"0","hide_more_platforms":"","video_object":"","demo_hide_cta":"0","demo_hide_cloud_options":"0","pricing_title":"","pricing":[{"pricing_icon":"platform","pricing_title":"Applications d'Elfsight","pricing_title_caption":"Solution num\u00e9rique multiplateforme qui fonctionne sur n'importe quel site","pricing_price":"\u00c0 partir de $0\/mois","pricing_price_caption":"Commencez avec un plan gratuit","pricing_benefits":[{"text":"Sites Web illimit\u00e9s"},{"text":"\u00c9quipe d'assistance professionnelle"},{"text":"Service d'installation gratuit"},{"text":"100% personnalisable"}],"pricing_button_text":"Ajouter au site Web","pricing_button_url":"https:\/\/apps.elfsight.com\/sign-up\/","pricing_button_nofollow":"1","_state":"expanded"}],"related_apps_title":"","related_apps_hidden":"1","author":"","image":[],"title":"","job":"","social_networks":[]},"_links":{"self":[{"href":"https:\/\/elfsight.com\/fr\/wp-json\/wp\/v2\/pages\/6338","targetHints":{"allow":["GET"]}}],"collection":[{"href":"https:\/\/elfsight.com\/fr\/wp-json\/wp\/v2\/pages"}],"about":[{"href":"https:\/\/elfsight.com\/fr\/wp-json\/wp\/v2\/types\/page"}],"author":[{"embeddable":true,"href":"https:\/\/elfsight.com\/fr\/wp-json\/wp\/v2\/users\/18"}],"replies":[{"embeddable":true,"href":"https:\/\/elfsight.com\/fr\/wp-json\/wp\/v2\/comments?post=6338"}],"version-history":[{"count":3,"href":"https:\/\/elfsight.com\/fr\/wp-json\/wp\/v2\/pages\/6338\/revisions"}],"predecessor-version":[{"id":16109,"href":"https:\/\/elfsight.com\/fr\/wp-json\/wp\/v2\/pages\/6338\/revisions\/16109"}],"up":[{"embeddable":true,"href":"https:\/\/elfsight.com\/fr\/wp-json\/wp\/v2\/pages\/1645"}],"wp:attachment":[{"href":"https:\/\/elfsight.com\/fr\/wp-json\/wp\/v2\/media?parent=6338"}],"curies":[{"name":"wp","href":"https:\/\/api.w.org\/{rel}","templated":true}]}}