{"id":6332,"date":"2021-12-03T11:34:46","date_gmt":"2021-12-03T11:34:46","guid":{"rendered":"https:\/\/elfsight.com\/fr\/?page_id=6332"},"modified":"2025-07-09T17:11:33","modified_gmt":"2025-07-09T17:11:33","slug":"wix","status":"publish","type":"page","link":"https:\/\/elfsight.com\/fr\/contact-form-widget\/wix\/","title":{"rendered":"Contact Form &#8211; Wix"},"content":{"rendered":"<div class=\"application-platform-content-item-description application-platform-content-item\" id=\"description\" data-nav-section=\"description\"><h2>Formulaire de contact pour Wix<\/h2><p>En ajoutant notre formulaire de contact Wix, l&rsquo;application r\u00e9pond \u00e0 tous les besoins en mati\u00e8re de r\u00e9ception d&rsquo;avis et de demandes de renseignements des clients. de votre site Internet. Ajoutez les champs essentiels \u00e0 remplir, trouvez votre mod\u00e8le optimal et ajustez l&rsquo;interface, pour motiver vos visiteurs \u00e0 envoyer des avis sur vos produits ou votre entreprise via l&rsquo;application de formulaire de commentaires pour Wix.<\/p><p><b>Recevez des t\u00e9moignages, obtenez demandes et envoyez des r\u00e9ponses aux demandes des utilisateurs de votre site Web\u00a0!<\/b><\/p><ul><li><b>Augmentez le nombre de commandes du site Web<\/b>.<br>R\u00e9solvez toutes sortes de probl\u00e8mes et soup\u00e7ons de vos clients, et ne leur permettez pas de fermer le site. Utilisez notre mod\u00e8le de formulaire de commande Wix pratique pour \u00e9tablir un dialogue efficace avec les clients.<\/li><li><b>Attirez plus d&rsquo;opinions sur des biens ou des services<\/b>.<br>Les r\u00e9ponses de vos clients sont essentielles \u00e0 l&rsquo;avancement de votre projet. les affaires. Avec l&rsquo;aide de notre simple formulaire de contact ajout\u00e9 \u00e0 votre site Web Wix, vous commencerez \u00e0 recevoir plus de commentaires\u00a0!<\/li><li><b>Am\u00e9liorez votre communication avec les utilisateurs<\/b>.<br>Avec des mises en page pratiques et une interface flexible et des messages de remerciement personnalis\u00e9s, vous d\u00e9montrerez \u00e0 vos clients leur importance pour votre entreprise.<\/li><\/ul><\/div><div class=\"application-platform-content-item-features application-platform-content-item\" id=\"features\" data-nav-section=\"features\"><h2>Fonctionnalit\u00e9s du plugin Formulaire de contact<\/h2><p>Qu&rsquo;est-ce qui fait du formulaire de contact Elfsight la meilleure application pour recevoir les impressions des utilisateurs et obtenir des demandes de renseignements pour Wix\u00a0? Consultez nos principales fonctionnalit\u00e9s\u00a0:<\/p><ul><li>Choisissez les champs \u00e0 rendre obligatoires\u00a0;<\/li><li>\u00c9tiquette du bouton Soumettre modifiable\u00a0;<\/li><li>Mise en page en ligne avec ajustement automatique des champs \u00e0 la largeur. du formulaire\u00a0;<\/li><li>Google reCAPTCHA est l\u00e0 pour prot\u00e9ger votre formulaire contre le spam et les robots\u00a0;<\/li><li>Conception transparente qui convient \u00e0 99\u00a0% des sites pr\u00eats \u00e0 l&#8217;emploi.<\/li><\/ul><p><a href=\"#demo\">D\u00e9couvrez toute la liste des caract\u00e9ristiques fonctionnelles dans notre \u00e9diteur<\/a><\/p><\/div><div class=\"application-platform-content-item-installation application-platform-content-item\" id=\"installation\" data-nav-section=\"installation\"><h2>Comment ajouter Contact Widget de formulaire vers le site Web Wix<\/h2><div class=\"video-container\"><iframe width=\"720\" height=\"405\" src=\"https:\/\/www.youtube.com\/embed\/3kpTNeZAH8k\" frameborder=\"0\" allowfullscreen=\"\"><\/iframe><\/div><p>\u00c9tudiez un guide cr\u00e9\u00e9 par notre \u00e9quipe, pour ajouter une application de contact \u00e0 votre site Web. Il n\u2019est pas n\u00e9cessaire d\u2019avoir des comp\u00e9tences en programmation pour cela. Le temps d&rsquo;installation moyen est d&rsquo;environ 90 secondes.<\/p><ol><li><b>Cr\u00e9ez votre formulaire Contactez-nous personnalis\u00e9<\/b>.<br>\u00c0 l&rsquo;aide de notre <a href=\"#demo\">\u00e9diteur gratuit<\/a>, un widget avec le mod\u00e8le et les fonctions souhait\u00e9s.<\/li><li><b>Obtenez un code pour int\u00e9grer l&rsquo;application<\/b>.<br>Apr\u00e8s la cr\u00e9ation du widget Obtenez un code pour le widget Contact \u00e0 partir de la notification contextuelle sur Applications Elfsight.<\/li><li><b>R\u00e9v\u00e9lez l&rsquo;application sur le site Web WIx<\/b>.<br>R\u00e9v\u00e9lez le widget \u00e0 l&rsquo;endroit requis du site Web et enregistrez les modifications.<\/li><li><b>L&rsquo;int\u00e9gration est r\u00e9ussie<\/b>\u00a0!<br>Entrez sur votre site Wix pour v\u00e9rifier votre application.<\/li><\/ol><p>Vous rencontrez des difficult\u00e9s en suivant les instructions ou en cr\u00e9ant votre formulaire\u00a0? Il peut \u00eatre utile de lire une instruction d\u00e9taill\u00e9e \u00ab\u00a0<a href=\"https:\/\/elfsight.com\/tutorials\/how-to-add-contact-form-app-to-wix\/\" target=\"_blank\" rel=\"noopener noreferrer\">Comment ajouter un formulaire de contact sur un site Wix<\/a>\u00bb et saisissez une seconde chance de l&rsquo;ajouter par vous-m\u00eame, ou adressez-vous au centre d&rsquo;assistance. Notre \u00e9quipe fera de son mieux pour vous conseiller en temps opportun et de mani\u00e8re professionnelle.<\/p><div class=\"faq\" data-component=\"FAQ\"> <div class=\"faq-item\">\r\n\t\t\t\t\t<div class=\"faq-item-question\">\r\n\t\t\t\t\t\t<h3 class=\"faq-item-question-text\">Comment puis-je ajouter un formulaire de contact \u00e0 mon site Web Wix sans comp\u00e9tences en codage ?<\/h3>\r\n\r\n\t\t\t\t\t\t<div class=\"faq-item-question-icon\"><\/div>\r\n\t\t\t\t\t<\/div>\r\n\r\n\t\t\t\t\t<div class=\"faq-item-answer\">\r\n\t\t\t\t\t\t<div class=\"faq-item-answer-text\"> <p>Elfsight fournit une solution SaaS qui vous permet de cr\u00e9er vous-m\u00eame un widget de formulaire de contact. Voyez \u00e0 quel point le processus est simple\u00a0: travaillez directement dans l&rsquo;\u00e9diteur en ligne pour cr\u00e9er un widget de formulaire de contact que vous aimeriez voir sur votre site Web Wix. Choisissez l&rsquo;un des mod\u00e8les pr\u00e9d\u00e9finis et ajustez les param\u00e8tres du formulaire de contact, ajoutez votre contenu, modifiez la mise en page et les couleurs sans aucune comp\u00e9tence en codage. Enregistrez le formulaire de contact et copiez son code d&rsquo;installation, afin de pouvoir l&rsquo;ajouter facilement \u00e0 votre site Web Wix sans avoir besoin d&rsquo;acheter un forfait payant. Gr\u00e2ce \u00e0 notre \u00e9diteur intuitif, tout internaute peut cr\u00e9er un widget de formulaire de contact en ligne et l&rsquo;int\u00e9grer facilement \u00e0 son site Web Wix. Il n&rsquo;est pas n\u00e9cessaire de payer ou de saisir les informations d&rsquo;identification de votre carte pour acc\u00e9der au service. Si vous rencontrez des probl\u00e8mes \u00e0 n&rsquo;importe quelle \u00e9tape, n&rsquo;h\u00e9sitez pas \u00e0 contacter notre \u00e9quipe d&rsquo;assistance technique.<\/p> <\/div>\r\n\t\t\t\t\t<\/div>\r\n\t\t\t\t<\/div> <div class=\"faq-item\">\r\n\t\t\t\t\t<div class=\"faq-item-question\">\r\n\t\t\t\t\t\t<h3 class=\"faq-item-question-text\">Proposez-vous des mod\u00e8les de formulaire de contact pour le site Web Wix ?<\/h3>\r\n\r\n\t\t\t\t\t\t<div class=\"faq-item-question-icon\"><\/div>\r\n\t\t\t\t\t<\/div>\r\n\r\n\t\t\t\t\t<div class=\"faq-item-answer\">\r\n\t\t\t\t\t\t<div class=\"faq-item-answer-text\"><p>Oui, Elfsight propose plus de 300 mod\u00e8les pr\u00eats \u00e0 l&#8217;emploi pour tous les cas. Examinez de plus pr\u00e8s les <a href=\"https:\/\/elfsight.com\/online-form-builder\/templates\/contact-forms\/\">Mod\u00e8les de formulaire de contact<\/a> et choisissez celui que vous pr\u00e9f\u00e9rez.<\/p><\/div>\r\n\t\t\t\t\t<\/div>\r\n\t\t\t\t<\/div><\/div> <\/div>","protected":false},"excerpt":{"rendered":"","protected":false},"author":18,"featured_media":0,"parent":1363,"menu_order":0,"comment_status":"closed","ping_status":"closed","template":"templates\/template-application-platform.php","meta":{"publish_to_discourse":"","publish_post_category":"","wpdc_auto_publish_overridden":"","wpdc_topic_tags":"","wpdc_pin_topic":"","wpdc_pin_until":"","discourse_post_id":"","discourse_permalink":"","wpdc_publishing_response":"","wpdc_publishing_error":"","footnotes":""},"class_list":["post-6332","page","type-page","status-publish","hentry"],"yoast_head":"<!-- This site is optimized with the Yoast SEO plugin v25.3.1 - https:\/\/yoast.com\/wordpress\/plugins\/seo\/ -->\n<title>Formulaire de Contact - ajoutez app Outil Formulaire de Contact sur Wix<\/title>\n<meta name=\"description\" content=\"Int\u00e9grez un Formulaire de Contact avantageux sur votre site. Appliquez la d\u00e9mo d&#039;Elfsight et g\u00e9n\u00e9rez votre plugin en quelques minutes.\" \/>\n<meta name=\"robots\" content=\"index, follow, max-snippet:-1, max-image-preview:large, max-video-preview:-1\" \/>\n<link rel=\"canonical\" href=\"https:\/\/elfsight.com\/fr\/contact-form-widget\/wix\/\" \/>\n<meta property=\"og:locale\" content=\"fr_FR\" \/>\n<meta property=\"og:type\" content=\"article\" \/>\n<meta property=\"og:title\" content=\"Formulaire de Contact - ajoutez app Outil Formulaire de Contact sur Wix\" \/>\n<meta property=\"og:description\" content=\"Int\u00e9grez un Formulaire de Contact avantageux sur votre site. Appliquez la d\u00e9mo d&#039;Elfsight et g\u00e9n\u00e9rez votre plugin en quelques minutes.\" \/>\n<meta property=\"og:url\" content=\"https:\/\/elfsight.com\/fr\/contact-form-widget\/wix\/\" \/>\n<meta property=\"og:site_name\" content=\"Elfsight FR\" \/>\n<meta property=\"article:modified_time\" content=\"2025-07-09T17:11:33+00:00\" \/>\n<meta name=\"twitter:card\" content=\"summary_large_image\" \/>\n<meta name=\"twitter:label1\" content=\"Dur\u00e9e de lecture estim\u00e9e\" \/>\n\t<meta name=\"twitter:data1\" content=\"1 minute\" \/>\n<!-- \/ Yoast SEO plugin. -->","yoast_head_json":{"title":"Formulaire de Contact - ajoutez app Outil Formulaire de Contact sur Wix","description":"Int\u00e9grez un Formulaire de Contact avantageux sur votre site. Appliquez la d\u00e9mo d'Elfsight et g\u00e9n\u00e9rez votre plugin en quelques minutes.","robots":{"index":"index","follow":"follow","max-snippet":"max-snippet:-1","max-image-preview":"max-image-preview:large","max-video-preview":"max-video-preview:-1"},"canonical":"https:\/\/elfsight.com\/fr\/contact-form-widget\/wix\/","og_locale":"fr_FR","og_type":"article","og_title":"Formulaire de Contact - ajoutez app Outil Formulaire de Contact sur Wix","og_description":"Int\u00e9grez un Formulaire de Contact avantageux sur votre site. Appliquez la d\u00e9mo d'Elfsight et g\u00e9n\u00e9rez votre plugin en quelques minutes.","og_url":"https:\/\/elfsight.com\/fr\/contact-form-widget\/wix\/","og_site_name":"Elfsight FR","article_modified_time":"2025-07-09T17:11:33+00:00","twitter_card":"summary_large_image","twitter_misc":{"Dur\u00e9e de lecture estim\u00e9e":"1 minute"},"schema":{"@context":"https:\/\/schema.org","@graph":[{"@type":"WebPage","@id":"https:\/\/elfsight.com\/fr\/contact-form-widget\/wix\/","url":"https:\/\/elfsight.com\/fr\/contact-form-widget\/wix\/","name":"Formulaire de Contact - ajoutez app Outil Formulaire de Contact sur Wix","isPartOf":{"@id":"https:\/\/elfsight.com\/fr\/#website"},"datePublished":"2021-12-03T11:34:46+00:00","dateModified":"2025-07-09T17:11:33+00:00","description":"Int\u00e9grez un Formulaire de Contact avantageux sur votre site. Appliquez la d\u00e9mo d'Elfsight et g\u00e9n\u00e9rez votre plugin en quelques minutes.","breadcrumb":{"@id":"https:\/\/elfsight.com\/fr\/contact-form-widget\/wix\/#breadcrumb"},"inLanguage":"fr-FR","potentialAction":[{"@type":"ReadAction","target":["https:\/\/elfsight.com\/fr\/contact-form-widget\/wix\/"]}]},{"@type":"BreadcrumbList","@id":"https:\/\/elfsight.com\/fr\/contact-form-widget\/wix\/#breadcrumb","itemListElement":[{"@type":"ListItem","position":1,"name":"Home","item":"https:\/\/elfsight.com\/fr\/"},{"@type":"ListItem","position":2,"name":"Contact Form","item":"https:\/\/elfsight.com\/fr\/contact-form-widget\/"},{"@type":"ListItem","position":3,"name":"Contact Form &#8211; Wix"}]},{"@type":"WebSite","@id":"https:\/\/elfsight.com\/fr\/#website","url":"https:\/\/elfsight.com\/fr\/","name":"Elfsight FR","description":"","potentialAction":[{"@type":"SearchAction","target":{"@type":"EntryPoint","urlTemplate":"https:\/\/elfsight.com\/fr\/?s={search_term_string}"},"query-input":{"@type":"PropertyValueSpecification","valueRequired":true,"valueName":"search_term_string"}}],"inLanguage":"fr-FR"}]}},"meta_box":{"industry":"","seo_heading":"","heading":"","description":"","cta_heading":"","cta_description":"","application":"1358","h1":"App Formulaire de Contact pour Wix","h1_caption":"Cr\u00e9ez et int\u00e9grez facilement des formulaires de contact sur votre site Web pour encourager l'interaction des utilisateurs et les demandes de renseignements sur votre site Web Wix sans effort.","application_category":[],"applications_title":"","applications_request_title":"","applications_request_button_text":"","hero_text":"","hero_video":"","hero_video_schema_markup":"","selling_points_title":"","selling_points_caption":"","selling_points":[],"selling_points_cta_text":"","features_title":"","features":"","ed_cta_examples_text":"","ed_cta_examples_hidden":"","ed_cta_demo_text":"","ed_cta_demo_hidden":"","why_caption":"","why_editor_title":"","why_editor_text":"","why_team_title":"","why_team_text":"","why_service_title":"","why_service_text":"","template_catalog_visible":"","template_catalog_title":"","template_catalog_text":"","template_catalog_categories_visible":"","demo_title":"Cr\u00e9ez votre application de formulaire de contact","demo_caption":"Configurez votre formulaire de contact et ajoutez-le \u00e0 votre site Web Wix gratuitement !","default_faq_hidden":"","app_template_category":[],"platform":"345","template_public_id":"","codecanyon_url":"","codecanyon_item_id":"","codecanyon_price":"","pricing_caption":"","pricing_elfsight_apps_hide_column":"","pricing_elfsight_apps_url":"","pricing_codecanyon_price_caption":"","integration_category":[],"integration_request_title":"","integration_request_cta":"","integration_platform":"","integrations":[],"platform_category":[],"video_schema_markup":"","price":"\u00c0 partir de $0\/mois","trial":"","benefits":[{"text":"Installation gratuite"},{"text":"Support Premium"},{"text":"Garantie de remboursement de 14 jours"},{"text":"L'am\u00e9lioration continue"}],"button_url":"#demo","button_target_blank":"0","button_nofollow":"0","attributes":[{"name":"Nombre d'installations","content":"1,000 - 5,000","_state":"expanded"},{"name":"Adaptif","content":"Oui","_state":"expanded"},{"name":"Navigateurs compatibles","content":"Firefox, Safari, Opera, Chrome, Edge","_state":"expanded"}],"tags":[],"tags_disable_links":"0","hide_more_platforms":"","video_object":"","demo_hide_cta":"0","demo_hide_cloud_options":"0","pricing_title":"","pricing":[{"pricing_icon":"platform","pricing_title":"Applications d'Elfsight","pricing_title_caption":"Solution num\u00e9rique multiplateforme qui fonctionne sur n'importe quel site","pricing_price":"\u00c0 partir de $0\/mois","pricing_price_caption":"Commencez avec un plan gratuit","pricing_benefits":[{"text":"Sites Web illimit\u00e9s"},{"text":"\u00c9quipe d'assistance professionnelle"},{"text":"Service d'installation gratuit"},{"text":"100% personnalisable"}],"pricing_button_text":"Ajouter au site Web","pricing_button_url":"https:\/\/apps.elfsight.com\/sign-up\/","pricing_button_nofollow":"1","_state":"expanded"}],"related_apps_title":"","related_apps_hidden":"1","author":"","image":[],"title":"","job":"","social_networks":[]},"_links":{"self":[{"href":"https:\/\/elfsight.com\/fr\/wp-json\/wp\/v2\/pages\/6332","targetHints":{"allow":["GET"]}}],"collection":[{"href":"https:\/\/elfsight.com\/fr\/wp-json\/wp\/v2\/pages"}],"about":[{"href":"https:\/\/elfsight.com\/fr\/wp-json\/wp\/v2\/types\/page"}],"author":[{"embeddable":true,"href":"https:\/\/elfsight.com\/fr\/wp-json\/wp\/v2\/users\/18"}],"replies":[{"embeddable":true,"href":"https:\/\/elfsight.com\/fr\/wp-json\/wp\/v2\/comments?post=6332"}],"version-history":[{"count":3,"href":"https:\/\/elfsight.com\/fr\/wp-json\/wp\/v2\/pages\/6332\/revisions"}],"predecessor-version":[{"id":14033,"href":"https:\/\/elfsight.com\/fr\/wp-json\/wp\/v2\/pages\/6332\/revisions\/14033"}],"up":[{"embeddable":true,"href":"https:\/\/elfsight.com\/fr\/wp-json\/wp\/v2\/pages\/1363"}],"wp:attachment":[{"href":"https:\/\/elfsight.com\/fr\/wp-json\/wp\/v2\/media?parent=6332"}],"curies":[{"name":"wp","href":"https:\/\/api.w.org\/{rel}","templated":true}]}}