{"id":6330,"date":"2021-12-03T11:35:58","date_gmt":"2021-12-03T11:35:58","guid":{"rendered":"https:\/\/elfsight.com\/fr\/?page_id=6330"},"modified":"2024-12-20T13:07:00","modified_gmt":"2024-12-20T13:07:00","slug":"weebly","status":"publish","type":"page","link":"https:\/\/elfsight.com\/fr\/contact-form-widget\/weebly\/","title":{"rendered":"Contact Form &#8211; Weebly"},"content":{"rendered":"\n<div class=\"application-platform-content-item-description application-platform-content-item\" id=\"description\" data-nav-section=\"description\"><h2>Formulaire de contact pour Weebly<\/h2><p>L&rsquo;application de formulaire de contact Elfsight Weebly contient tout ce dont vous pourriez avoir besoin pour collecter les impressions et les demandes des utilisateurs. de votre site Internet. Installez les champs suppl\u00e9mentaires \u00e0 remplir, ajustez le mod\u00e8le souhait\u00e9 et personnalisez l&rsquo;interface, pour inciter encore plus vos clients \u00e0 envoyer leurs impressions sur vos services ou votre entreprise via l&rsquo;e-mail de votre formulaire de contact Weebly.<\/p><p><b>Collectez les informations des utilisateurs. impressions, obtenez des commandes et r\u00e9pondez aux questions des utilisateurs de votre site par e-mail Formulaire de contact\u00a0!<\/b><\/p><ul><li><b>Augmentez le nombre de demandes du site<\/b>.<br>R\u00e9solvez tous les probl\u00e8mes, combattez la m\u00e9fiance envers votre entreprise et ne permettez pas aux visiteurs de quitter le site Web. Utilisez notre instrument pratique pour avoir un dialogue fructueux avec les clients.<\/li><li><b>Mieux comprendre vos utilisateurs<\/b>.<br>Demandes, doutes, id\u00e9es fausses et toutes autres impressions de vos clients sur vos produits ou Les services sont un bon moyen de r\u00e9aliser les souhaits des clients de votre site Web et d&rsquo;appliquer intelligemment un plan de croissance de l&rsquo;entreprise.<\/li><li><b>Enregistrez votre bo\u00eete aux lettres des robots<\/b>.<br>Ne pas autoriser les robots messages dans votre bo\u00eete aux lettres \u00e9lectronique. Le formulaire Elfsight inclut Google reCAPTCHA pour prot\u00e9ger votre courrier du spam automatique et des robots.<\/li><\/ul><\/div><div class=\"application-platform-content-item-features application-platform-content-item\" id=\"features\" data-nav-section=\"features\"><h2>Fonctionnalit\u00e9s du plugin de formulaire de contact<\/h2><p> Qu&rsquo;est-ce qui fait du formulaire de contact Elfsight la meilleure application pour recevoir des commentaires et obtenir des commandes pour les sites Web Weebly ? D\u00e9couvrez nos principales caract\u00e9ristiques fonctionnelles\u00a0:<\/p><ul><li>Sp\u00e9cifiez un espace r\u00e9serv\u00e9 pour n&rsquo;importe quel champ, par exemple pour d\u00e9montrer le format requis\u00a0;<\/li><li>\u00c9pinglez une image, un logo ou une photo sur votre formulaire\u00a0;<\/li><li>2 mises en page pr\u00e9d\u00e9finies\u00a0: en ligne pour \u00eatre ajout\u00e9e au corps de la page et flottante pour suivre le d\u00e9filement de votre visiteur\u00a0;<\/li><li>Toutes les donn\u00e9es saisies dans le formulaire sont enregistr\u00e9es en cours\u00a0;<\/li><li>Fonctionne et s&rsquo;affiche parfaitement sur les appareils mobiles.<\/li><\/ul><p><a href=\"#demo\">Consultez toute la liste des fonctionnalit\u00e9s dans notre \u00e9diteur<\/a><\/p> <\/div><div class=\"application-platform-content-item-installation application-platform-content-item\" id=\"installation\" data-nav-section=\"installation\"><h2>Comment cr\u00e9er un widget de formulaire de contact pour le site Web Weebly<\/h2><div class=\"video-container\"><iframe width=\"720\" height=\"405\" src=\"https:\/\/www.youtube.com\/embed\/WaJPoV5Eg2M\" frameborder=\"0\" allowfullscreen=\"\"><\/iframe><\/div><p>\u00c9tudiez notre guide, pour int\u00e9grer facilement l&rsquo;application de contact \u00e0 votre site Web et en un rien de temps. Il n&rsquo;est pas n\u00e9cessaire d&rsquo;avoir des comp\u00e9tences en programmation Web et le temps total d&rsquo;installation ne prendra pas plus de 80 secondes.<\/p><ol><li><b>G\u00e9rez notre d\u00e9mo gratuite et commencez \u00e0 cr\u00e9er votre application personnalis\u00e9e. <\/b><br> Sp\u00e9cifiez l&rsquo;interface et les param\u00e8tres personnalis\u00e9s de l&rsquo;application et appliquez toutes les modifications. <\/li> <li><b>Recevez votre code personnel affich\u00e9 dans la fen\u00eatre sur Elfsight Apps. <\/b><br> Juste apr\u00e8s la cr\u00e9ation de votre application, copiez le code individuel dans la case qui appara\u00eet et conservez-le pour une utilisation ult\u00e9rieure. <\/li> <li><b>Commencez l&rsquo;application de l&rsquo;application sur la page Web Weebly. <\/b><br> Int\u00e9grez le code que vous avez enregistr\u00e9 r\u00e9cemment dans votre site et appliquez les modifications. <\/li> <li><b>Vous avez termin\u00e9\u00a0! L&rsquo;int\u00e9gration est pleinement r\u00e9alis\u00e9e. <\/b><br> Ouvrez votre site pour examiner le fonctionnement de l&rsquo;application. <\/li><\/ol><p>Avez-vous rencontr\u00e9 des probl\u00e8mes lors de l&rsquo;application du guide ou de la g\u00e9n\u00e9ration de votre formulaire\u00a0? Il peut \u00eatre utile de lire un manuel d\u00e9taill\u00e9 \u00ab<a href=\"https:\/\/elfsight.com\/tutorials\/how-to-add-contact-form-plugin-to-weebly\/\" target=\"_blank\" rel=\"noopener noreferrer\">Comment ins\u00e9rer un formulaire de contact dans un site Web Weebly<\/a>\u00bb et essayez de l&rsquo;int\u00e9grer une fois de plus par vous-m\u00eame. Vous pouvez \u00e9galement laisser votre demande \u00e0 notre centre d&rsquo;aide avec une explication d\u00e9taill\u00e9e de votre question, et notre \u00e9quipe fera de son mieux pour vous aider.<\/p><\/div><div class=\"faq\" data-component=\"FAQ\"><div class=\"faq-item\">\r\n\t\t\t\t\t<div class=\"faq-item-question\">\r\n\t\t\t\t\t\t<h3 class=\"faq-item-question-text\">Comment s\u00e9curiser les informations du formulaire client Weebly sur mes pages ?<\/h3>\r\n\r\n\t\t\t\t\t\t<div class=\"faq-item-question-icon\"><\/div>\r\n\t\t\t\t\t<\/div>\r\n\r\n\t\t\t\t\t<div class=\"faq-item-answer\">\r\n\t\t\t\t\t\t<div class=\"faq-item-answer-text\"><p>Elfsight Form Builder est ins\u00e9r\u00e9 avec l&rsquo;outil de s\u00e9curit\u00e9 reCAPTCHA le plus puissant. Il est l\u00e0 pour pr\u00e9server vos formulaires et votre bo\u00eete aux lettres contre le spam et les robots et garantir un travail facile et uniquement des donn\u00e9es pr\u00e9cieuses. <\/p><\/div>\r\n\t\t\t\t\t<\/div>\r\n\t\t\t\t<\/div><div class=\"faq-item\">\r\n\t\t\t\t\t<div class=\"faq-item-question\">\r\n\t\t\t\t\t\t<h3 class=\"faq-item-question-text\">Proposez-vous des mod\u00e8les prenant en charge les formulaires logiques conditionnels\/champs multiples\/formulaires de courrier \u00e9lectronique ?<\/h3>\r\n\r\n\t\t\t\t\t\t<div class=\"faq-item-question-icon\"><\/div>\r\n\t\t\t\t\t<\/div>\r\n\r\n\t\t\t\t\t<div class=\"faq-item-answer\">\r\n\t\t\t\t\t\t<div class=\"faq-item-answer-text\"><p>Bien s\u00fbr\u00a0! Tout ce que vous avez \u00e0 faire est de vous connecter au service Elfsight Apps et de s\u00e9lectionner n&rsquo;importe quel mod\u00e8le pertinent, puis de proc\u00e9der \u00e0 la cr\u00e9ation de votre widget personnalis\u00e9. <\/p><\/div>\r\n\t\t\t\t\t<\/div>\r\n\t\t\t\t<\/div><div class=\"faq-item\">\r\n\t\t\t\t\t<div class=\"faq-item-question\">\r\n\t\t\t\t\t\t<h3 class=\"faq-item-question-text\">Comment puis-je cr\u00e9er un formulaire de contact\/commentaires pour le site Weebly ?<\/h3>\r\n\r\n\t\t\t\t\t\t<div class=\"faq-item-question-icon\"><\/div>\r\n\t\t\t\t\t<\/div>\r\n\r\n\t\t\t\t\t<div class=\"faq-item-answer\">\r\n\t\t\t\t\t\t<div class=\"faq-item-answer-text\"><p>Pour concevoir votre formulaire de contact\/commentaires, vous devez vous connecter \u00e0 Site Web Elfsight Apps et apportez toutes les modifications n\u00e9cessaires \u00e0 l\u2019outil. Apr\u00e8s cela, enregistrez vos modifications et acc\u00e9dez \u00e0 votre site Web. Vous avez termin\u00e9. <\/p><\/div>\r\n\t\t\t\t\t<\/div>\r\n\t\t\t\t<\/div><div class=\"faq-item\">\r\n\t\t\t\t\t<div class=\"faq-item-question\">\r\n\t\t\t\t\t\t<h3 class=\"faq-item-question-text\">Avez-vous des mod\u00e8les de formulaire de contact pr\u00eats \u00e0 l'emploi pour le site Weebly ?<\/h3>\r\n\r\n\t\t\t\t\t\t<div class=\"faq-item-question-icon\"><\/div>\r\n\t\t\t\t\t<\/div>\r\n\r\n\t\t\t\t\t<div class=\"faq-item-answer\">\r\n\t\t\t\t\t\t<div class=\"faq-item-answer-text\"><p>Oui, il existe une vaste s\u00e9lection de plus de 300 mod\u00e8les pour gagner du temps lors de la cr\u00e9ation. un formulaire \u00e0 partir de z\u00e9ro. Consultez les <a href=\"https:\/\/elfsight.com\/online-form-builder\/templates\/contact-forms\/\">Mod\u00e8les de formulaires de contact<\/a> pour toutes les occasions et trouvez celui qui correspond \u00e0 vos attentes.<\/a> p&gt;<\/div>\r\n\t\t\t\t\t<\/div>\r\n\t\t\t\t<\/div><\/div>\n","protected":false},"excerpt":{"rendered":"","protected":false},"author":18,"featured_media":0,"parent":1363,"menu_order":0,"comment_status":"closed","ping_status":"closed","template":"templates\/template-application-platform.php","meta":{"publish_to_discourse":"","publish_post_category":"","wpdc_auto_publish_overridden":"","wpdc_topic_tags":"","wpdc_pin_topic":"","wpdc_pin_until":"","discourse_post_id":"","discourse_permalink":"","wpdc_publishing_response":"","wpdc_publishing_error":"","footnotes":""},"class_list":["post-6330","page","type-page","status-publish","hentry"],"yoast_head":"<!-- This site is optimized with the Yoast SEO plugin v25.3.1 - https:\/\/yoast.com\/wordpress\/plugins\/seo\/ -->\n<title>Formulaire de Contact - ajoutez app Outil de Contact sur Weebly<\/title>\n<meta name=\"description\" content=\"Int\u00e9grez un Formulaire de Contact avantageux sur votre site. Utilisez la d\u00e9mo d&#039;Elfsight et g\u00e9n\u00e9rez votre widget en 2 minutes.\" \/>\n<meta name=\"robots\" content=\"index, follow, max-snippet:-1, max-image-preview:large, max-video-preview:-1\" \/>\n<link rel=\"canonical\" href=\"https:\/\/elfsight.com\/fr\/contact-form-widget\/weebly\/\" \/>\n<meta property=\"og:locale\" content=\"fr_FR\" \/>\n<meta property=\"og:type\" content=\"article\" \/>\n<meta property=\"og:title\" content=\"Formulaire de Contact - ajoutez app Outil de Contact sur Weebly\" \/>\n<meta property=\"og:description\" content=\"Int\u00e9grez un Formulaire de Contact avantageux sur votre site. Utilisez la d\u00e9mo d&#039;Elfsight et g\u00e9n\u00e9rez votre widget en 2 minutes.\" \/>\n<meta property=\"og:url\" content=\"https:\/\/elfsight.com\/fr\/contact-form-widget\/weebly\/\" \/>\n<meta property=\"og:site_name\" content=\"Elfsight FR\" \/>\n<meta property=\"article:modified_time\" content=\"2024-12-20T13:07:00+00:00\" \/>\n<meta name=\"twitter:card\" content=\"summary_large_image\" \/>\n<meta name=\"twitter:label1\" content=\"Dur\u00e9e de lecture estim\u00e9e\" \/>\n\t<meta name=\"twitter:data1\" content=\"4 minutes\" \/>\n<!-- \/ Yoast SEO plugin. -->","yoast_head_json":{"title":"Formulaire de Contact - ajoutez app Outil de Contact sur Weebly","description":"Int\u00e9grez un Formulaire de Contact avantageux sur votre site. Utilisez la d\u00e9mo d'Elfsight et g\u00e9n\u00e9rez votre widget en 2 minutes.","robots":{"index":"index","follow":"follow","max-snippet":"max-snippet:-1","max-image-preview":"max-image-preview:large","max-video-preview":"max-video-preview:-1"},"canonical":"https:\/\/elfsight.com\/fr\/contact-form-widget\/weebly\/","og_locale":"fr_FR","og_type":"article","og_title":"Formulaire de Contact - ajoutez app Outil de Contact sur Weebly","og_description":"Int\u00e9grez un Formulaire de Contact avantageux sur votre site. Utilisez la d\u00e9mo d'Elfsight et g\u00e9n\u00e9rez votre widget en 2 minutes.","og_url":"https:\/\/elfsight.com\/fr\/contact-form-widget\/weebly\/","og_site_name":"Elfsight FR","article_modified_time":"2024-12-20T13:07:00+00:00","twitter_card":"summary_large_image","twitter_misc":{"Dur\u00e9e de lecture estim\u00e9e":"4 minutes"},"schema":{"@context":"https:\/\/schema.org","@graph":[{"@type":"WebPage","@id":"https:\/\/elfsight.com\/fr\/contact-form-widget\/weebly\/","url":"https:\/\/elfsight.com\/fr\/contact-form-widget\/weebly\/","name":"Formulaire de Contact - ajoutez app Outil de Contact sur Weebly","isPartOf":{"@id":"https:\/\/elfsight.com\/fr\/#website"},"datePublished":"2021-12-03T11:35:58+00:00","dateModified":"2024-12-20T13:07:00+00:00","description":"Int\u00e9grez un Formulaire de Contact avantageux sur votre site. Utilisez la d\u00e9mo d'Elfsight et g\u00e9n\u00e9rez votre widget en 2 minutes.","breadcrumb":{"@id":"https:\/\/elfsight.com\/fr\/contact-form-widget\/weebly\/#breadcrumb"},"inLanguage":"fr-FR","potentialAction":[{"@type":"ReadAction","target":["https:\/\/elfsight.com\/fr\/contact-form-widget\/weebly\/"]}]},{"@type":"BreadcrumbList","@id":"https:\/\/elfsight.com\/fr\/contact-form-widget\/weebly\/#breadcrumb","itemListElement":[{"@type":"ListItem","position":1,"name":"Home","item":"https:\/\/elfsight.com\/fr\/"},{"@type":"ListItem","position":2,"name":"Contact Form","item":"https:\/\/elfsight.com\/fr\/contact-form-widget\/"},{"@type":"ListItem","position":3,"name":"Contact Form &#8211; Weebly"}]},{"@type":"WebSite","@id":"https:\/\/elfsight.com\/fr\/#website","url":"https:\/\/elfsight.com\/fr\/","name":"Elfsight FR","description":"","potentialAction":[{"@type":"SearchAction","target":{"@type":"EntryPoint","urlTemplate":"https:\/\/elfsight.com\/fr\/?s={search_term_string}"},"query-input":{"@type":"PropertyValueSpecification","valueRequired":true,"valueName":"search_term_string"}}],"inLanguage":"fr-FR"}]}},"meta_box":{"industry":"","seo_heading":"","heading":"","description":"","cta_heading":"","cta_description":"","application":"1358","h1":"App Formulaire de Contact pour Weebly","h1_caption":"Cr\u00e9ez et int\u00e9grez facilement des formulaires de contact sur votre site Web pour encourager l'interaction des utilisateurs et les demandes de renseignements sur votre site Web Weebly sans effort.","application_category":[],"applications_title":"","applications_request_title":"","applications_request_button_text":"","hero_text":"","hero_video":"","hero_video_schema_markup":"","selling_points_title":"","selling_points_caption":"","selling_points":[],"selling_points_cta_text":"","features_title":"","features":"","ed_cta_examples_text":"","ed_cta_examples_hidden":"","ed_cta_demo_text":"","ed_cta_demo_hidden":"","why_caption":"","why_editor_title":"","why_editor_text":"","why_team_title":"","why_team_text":"","why_service_title":"","why_service_text":"","template_catalog_visible":"0","template_catalog_title":"","template_catalog_text":"","template_catalog_categories_visible":"","demo_title":"Cr\u00e9ez votre application de formulaire de contact","demo_caption":"Configurez votre formulaire de contact et ajoutez-le \u00e0 votre site Web Weebly gratuitement\u00a0!","default_faq_hidden":"","app_template_category":[],"platform":"363","template_public_id":"","codecanyon_url":"","codecanyon_item_id":"","codecanyon_price":"","pricing_caption":"","pricing_elfsight_apps_hide_column":"","pricing_elfsight_apps_url":"","pricing_codecanyon_price_caption":"","integration_category":[],"integration_request_title":"","integration_request_cta":"","integration_platform":"","integrations":[],"platform_category":[],"video_schema_markup":"","price":"\u00c0 partir de $0\/mois","trial":"","benefits":[{"text":"Installation gratuite"},{"text":"Support Premium"},{"text":"Garantie de remboursement de 14 jours"},{"text":"L'am\u00e9lioration continue"}],"button_url":"#demo","button_target_blank":"0","button_nofollow":"0","attributes":[{"name":"Nombre d'installations","content":"1,000 - 5,000","_state":"expanded"},{"name":"Adaptif","content":"Oui","_state":"expanded"},{"name":"Navigateurs compatibles","content":"Firefox, Safari, Opera, Chrome, Edge","_state":"expanded"}],"tags":[],"tags_disable_links":"0","hide_more_platforms":"","video_object":"","demo_hide_cta":"0","demo_hide_cloud_options":"0","pricing_title":"","pricing":[{"pricing_icon":"platform","pricing_title":"Applications d'Elfsight","pricing_title_caption":"Solution num\u00e9rique multiplateforme qui fonctionne sur n'importe quel site","pricing_price":"\u00c0 partir de $0\/mois","pricing_price_caption":"Commencez avec un plan gratuit","pricing_benefits":[{"text":"Sites Web illimit\u00e9s"},{"text":"\u00c9quipe d'assistance professionnelle"},{"text":"Service d'installation gratuit"},{"text":"100% personnalisable"}],"pricing_button_text":"Ajouter au site Web","pricing_button_url":"https:\/\/apps.elfsight.com\/sign-up\/","pricing_button_nofollow":"1","_state":"expanded"}],"related_apps_title":"","related_apps_hidden":"1","author":"","image":[],"title":"","job":"","social_networks":[]},"_links":{"self":[{"href":"https:\/\/elfsight.com\/fr\/wp-json\/wp\/v2\/pages\/6330","targetHints":{"allow":["GET"]}}],"collection":[{"href":"https:\/\/elfsight.com\/fr\/wp-json\/wp\/v2\/pages"}],"about":[{"href":"https:\/\/elfsight.com\/fr\/wp-json\/wp\/v2\/types\/page"}],"author":[{"embeddable":true,"href":"https:\/\/elfsight.com\/fr\/wp-json\/wp\/v2\/users\/18"}],"replies":[{"embeddable":true,"href":"https:\/\/elfsight.com\/fr\/wp-json\/wp\/v2\/comments?post=6330"}],"version-history":[{"count":4,"href":"https:\/\/elfsight.com\/fr\/wp-json\/wp\/v2\/pages\/6330\/revisions"}],"predecessor-version":[{"id":15988,"href":"https:\/\/elfsight.com\/fr\/wp-json\/wp\/v2\/pages\/6330\/revisions\/15988"}],"up":[{"embeddable":true,"href":"https:\/\/elfsight.com\/fr\/wp-json\/wp\/v2\/pages\/1363"}],"wp:attachment":[{"href":"https:\/\/elfsight.com\/fr\/wp-json\/wp\/v2\/media?parent=6330"}],"curies":[{"name":"wp","href":"https:\/\/api.w.org\/{rel}","templated":true}]}}