{"id":6328,"date":"2021-12-03T11:37:17","date_gmt":"2021-12-03T11:37:17","guid":{"rendered":"https:\/\/elfsight.com\/fr\/?page_id=6328"},"modified":"2024-12-20T13:05:42","modified_gmt":"2024-12-20T13:05:42","slug":"webnode","status":"publish","type":"page","link":"https:\/\/elfsight.com\/fr\/contact-form-widget\/webnode\/","title":{"rendered":"Contact Form &#8211; Webnode"},"content":{"rendered":"<div class=\"application-platform-content-item-description application-platform-content-item\" id=\"description\" data-nav-section=\"description\">\n<h2>Formulaire de contact pour Webnode<\/h2>\nNotre plugin de formulaire de contact Webnode vous aide \u00e0 r\u00e9pondre \u00e0 toutes les exigences apparues pour obtenir des avis et des commandes des clients de votre site Web. Affichez les \u00e9l\u00e9ments n\u00e9cessaires \u00e0 remplir, trouvez votre mod\u00e8le pr\u00e9f\u00e9r\u00e9 et personnalisez l&rsquo;interface, pour inciter vos utilisateurs \u00e0 passer davantage de commandes sur votre site. <b>Obtenez des avis, prenez des commandes et r\u00e9digez des r\u00e9ponses aux messages des clients de votre site !<\/b>\n<ul>\n \t<li><b>Jusqu&rsquo;\u00e0 x2 la quantit\u00e9 de demandes du site Web<\/b>. R\u00e9glez toutes sortes de probl\u00e8mes et d&rsquo;incertitudes de vos clients, et ne leur permettez pas de s&rsquo;\u00e9loigner du site web. Utilisez notre instrument pratique pour cr\u00e9er une interaction utile avec les clients.<\/li>\n \t<li><b>Percevez mieux vos clients<\/b>. Les questions, les incroyances et autres opinions sur vos offres ou services sont des informations sans valeur pour vous permettre de voir les souhaits de l&rsquo;audience de votre site et organisez avec succ\u00e8s un plan d&rsquo;extension potentielle de votre activit\u00e9.<\/li>\n \t<li><b>D\u00e9veloppez votre communication utilisateur<\/b>. Gr\u00e2ce \u00e0 des mises en page pratiques, un design modulable et des notifications personnalis\u00e9es \u00ab Merci \u00bb, vous d\u00e9montrerez \u00e0 vos utilisateurs leur valeur pour votre entreprise.<\/li>\n<\/ul>\n<\/div>\n\n<div class=\"application-platform-content-item-features application-platform-content-item\" id=\"features\" data-nav-section=\"features\">\n<h2>Caract\u00e9ristiques du plugin de formulaire de contact<\/h2>\nPourquoi notre formulaire de contact est-il le meilleur plugin pour recevoir des commentaires et recevoir des demandes de renseignements pour Webnode ? D\u00e9couvrez nos caract\u00e9ristiques de base :\n<ul>\n \t<li>D\u00e9finissez vos propres \u00e9tiquettes de champ<\/li>\n \t<li>Placez le texte dont vous avez besoin avant le formulaire dans la l\u00e9gende<\/li>\n \t<li>5 styles de champ visuel inclus : classique, plat, mat\u00e9riel, classique arrondi, plat arrondi<\/li>\n \t<li>D\u00e9finissez un texte qui appara\u00eetra apr\u00e8s l&rsquo;envoi r\u00e9ussi du message<\/li>\n \t<li>Conception transparente qui convient \u00e0 99 % des sites pr\u00eats \u00e0 l&#8217;emploi<\/li>\n<\/ul>\n<a href=\"#demo\">D\u00e9couvrez tous les avantages dans notre d\u00e9mo<\/a>\n\n<\/div>\n\n<div class=\"application-platform-content-item-installation application-platform-content-item\" id=\"installation\" data-nav-section=\"installation\">\n<h2>Comment ajouter un widget Formulaire de contact au site Webnode<\/h2>\nAppliquez le tutoriel de notre \u00e9quipe, pour ajouter un plugin de contact \u00e0 votre site Web. Vous n&rsquo;aurez pas besoin de comp\u00e9tences en d\u00e9veloppement Web et le temps de configuration complet ne prendra pas plus de 90 secondes environ.\n<ol>\n \t<li><b>Concevez votre formulaire de contact personnalis\u00e9<\/b>. \u00c0 l&rsquo;aide de notre d\u00e9mo gratuite, fa\u00e7onnez un plugin avec la mise en page et les param\u00e8tres souhait\u00e9s.<\/li>\n \t<li><b>Recevez le code pour configurer le plugin<\/b>. Apr\u00e8s le param\u00e9trage du widget, obtenez le code du plugin de formulaire dans la fen\u00eatre contextuelle des applications Elfsight.<\/li>\n \t<li><b>R\u00e9v\u00e9lez le plugin sur le site Webnode<\/b>. Int\u00e9grez le plugin \u00e0 l&rsquo;endroit requis du site Web et appliquez les modifications.<\/li>\n \t<li><b>L&rsquo;int\u00e9gration est r\u00e9ussie !<\/b> Visitez votre site pour v\u00e9rifier votre travail.<\/li>\n<\/ol>\nEn suivant les instructions ou en installant votre formulaire, vous rencontrez des probl\u00e8mes ? Vous pouvez essayer une instruction d\u00e9taill\u00e9e \u00ab <a href=\"https:\/\/elfsight.com\/tutorials\/how-to-add-contact-form-plugin-to-webnode\/\" target=\"_blank\" rel=\"noopener noreferrer\">Comment ins\u00e9rer un formulaire de contact sur un site Webnode<\/a> \u00bb et essayer de l&rsquo;ajouter \u00e0 nouveau vous-m\u00eame ou contactez le centre d&rsquo;assistance Elfsight avec une explication compl\u00e8te de votre probl\u00e8me, et notre \u00e9quipe sera l\u00e0 pour vous aider.\n\n<div class=\"faq\" data-component=\"FAQ\"> <div class=\"faq-item\">\r\n\t\t\t\t\t<div class=\"faq-item-question\">\r\n\t\t\t\t\t\t<h3 class=\"faq-item-question-text\">Comment ajouter un formulaire de contact \u00e0 mon site Webnode sans comp\u00e9tences en codage ?<\/h3>\r\n\r\n\t\t\t\t\t\t<div class=\"faq-item-question-icon\"><\/div>\r\n\t\t\t\t\t<\/div>\r\n\r\n\t\t\t\t\t<div class=\"faq-item-answer\">\r\n\t\t\t\t\t\t<div class=\"faq-item-answer-text\">\n\nElfsight propose une solution SaaS qui vous permet de cr\u00e9er vous-m\u00eame un widget de formulaire de contact, voyez \u00e0 quel point le processus est simple : Travaillez directement dans l&rsquo;\u00e9diteur en ligne pour cr\u00e9er un widget Formulaire de contact que vous aimeriez voir sur votre site Webnode. Choisissez l&rsquo;un des mod\u00e8les pr\u00e9d\u00e9finis et ajustez les param\u00e8tres du formulaire de contact, ajoutez votre contenu, modifiez la mise en page et la palette de couleurs sans aucune comp\u00e9tence en codage. Enregistrez le formulaire de contact et copiez son code d&rsquo;installation, que vous pouvez facilement coller sur votre site Webnode sans acheter de forfait payant. Gr\u00e2ce \u00e0 notre \u00e9diteur intuitif, tout internaute peut cr\u00e9er un widget de formulaire de contact en ligne et l&rsquo;int\u00e9grer facilement \u00e0 son site Webnode. Il n&rsquo;est pas n\u00e9cessaire de payer ou de saisir les informations d&rsquo;identification de votre carte pour acc\u00e9der au service. Si vous rencontrez des probl\u00e8mes \u00e0 n&rsquo;importe quelle \u00e9tape, n&rsquo;h\u00e9sitez pas \u00e0 contacter notre \u00e9quipe d&rsquo;assistance technique.\n\n<\/div>\r\n\t\t\t\t\t<\/div>\r\n\t\t\t\t<\/div> <div class=\"faq-item\">\r\n\t\t\t\t\t<div class=\"faq-item-question\">\r\n\t\t\t\t\t\t<h3 class=\"faq-item-question-text\">Existe-t-il des mod\u00e8les de formulaire de contact pour le site Webnode ?<\/h3>\r\n\r\n\t\t\t\t\t\t<div class=\"faq-item-question-icon\"><\/div>\r\n\t\t\t\t\t<\/div>\r\n\r\n\t\t\t\t\t<div class=\"faq-item-answer\">\r\n\t\t\t\t\t\t<div class=\"faq-item-answer-text\">\n\nOui, il y en a ! L&rsquo;\u00e9quipe Elfsight a cr\u00e9\u00e9 une superbe collection de plus de 300 mod\u00e8les pr\u00eats \u00e0 l&#8217;emploi. Et vous ne serez certainement pas d\u00e9\u00e7u par les <a href=\"https:\/\/elfsight.com\/online-form-builder\/templates\/contact-forms\/\" target=\"_blank\" rel=\"noopener noreferrer\">Mod\u00e8les de formulaire de contact<\/a>.\n\n<\/div>\r\n\t\t\t\t\t<\/div>\r\n\t\t\t\t<\/div> <\/div> <\/div>","protected":false},"excerpt":{"rendered":"","protected":false},"author":18,"featured_media":0,"parent":1363,"menu_order":0,"comment_status":"closed","ping_status":"closed","template":"templates\/template-application-platform.php","meta":{"publish_to_discourse":"","publish_post_category":"","wpdc_auto_publish_overridden":"","wpdc_topic_tags":"","wpdc_pin_topic":"","wpdc_pin_until":"","discourse_post_id":"","discourse_permalink":"","wpdc_publishing_response":"","wpdc_publishing_error":"","footnotes":""},"class_list":["post-6328","page","type-page","status-publish","hentry"],"yoast_head":"<!-- This site is optimized with the Yoast SEO plugin v25.3.1 - https:\/\/yoast.com\/wordpress\/plugins\/seo\/ -->\n<title>Formulaire de Contact - ajoutez plugin Outil de Contact sur Webnode<\/title>\n<meta name=\"description\" content=\"Int\u00e9grez un Formulaire de Contact attractif sur votre site. Appliquez la d\u00e9mo d&#039;Elfsight et g\u00e9n\u00e9rez votre widget en quelques minutes.\" \/>\n<meta name=\"robots\" content=\"index, follow, max-snippet:-1, max-image-preview:large, max-video-preview:-1\" \/>\n<link rel=\"canonical\" href=\"https:\/\/elfsight.com\/fr\/contact-form-widget\/webnode\/\" \/>\n<meta property=\"og:locale\" content=\"fr_FR\" \/>\n<meta property=\"og:type\" content=\"article\" \/>\n<meta property=\"og:title\" content=\"Formulaire de Contact - ajoutez plugin Outil de Contact sur Webnode\" \/>\n<meta property=\"og:description\" content=\"Int\u00e9grez un Formulaire de Contact attractif sur votre site. Appliquez la d\u00e9mo d&#039;Elfsight et g\u00e9n\u00e9rez votre widget en quelques minutes.\" \/>\n<meta property=\"og:url\" content=\"https:\/\/elfsight.com\/fr\/contact-form-widget\/webnode\/\" \/>\n<meta property=\"og:site_name\" content=\"Elfsight FR\" \/>\n<meta property=\"article:modified_time\" content=\"2024-12-20T13:05:42+00:00\" \/>\n<meta name=\"twitter:card\" content=\"summary_large_image\" \/>\n<meta name=\"twitter:label1\" content=\"Dur\u00e9e de lecture estim\u00e9e\" \/>\n\t<meta name=\"twitter:data1\" content=\"4 minutes\" \/>\n<!-- \/ Yoast SEO plugin. -->","yoast_head_json":{"title":"Formulaire de Contact - ajoutez plugin Outil de Contact sur Webnode","description":"Int\u00e9grez un Formulaire de Contact attractif sur votre site. Appliquez la d\u00e9mo d'Elfsight et g\u00e9n\u00e9rez votre widget en quelques minutes.","robots":{"index":"index","follow":"follow","max-snippet":"max-snippet:-1","max-image-preview":"max-image-preview:large","max-video-preview":"max-video-preview:-1"},"canonical":"https:\/\/elfsight.com\/fr\/contact-form-widget\/webnode\/","og_locale":"fr_FR","og_type":"article","og_title":"Formulaire de Contact - ajoutez plugin Outil de Contact sur Webnode","og_description":"Int\u00e9grez un Formulaire de Contact attractif sur votre site. Appliquez la d\u00e9mo d'Elfsight et g\u00e9n\u00e9rez votre widget en quelques minutes.","og_url":"https:\/\/elfsight.com\/fr\/contact-form-widget\/webnode\/","og_site_name":"Elfsight FR","article_modified_time":"2024-12-20T13:05:42+00:00","twitter_card":"summary_large_image","twitter_misc":{"Dur\u00e9e de lecture estim\u00e9e":"4 minutes"},"schema":{"@context":"https:\/\/schema.org","@graph":[{"@type":"WebPage","@id":"https:\/\/elfsight.com\/fr\/contact-form-widget\/webnode\/","url":"https:\/\/elfsight.com\/fr\/contact-form-widget\/webnode\/","name":"Formulaire de Contact - ajoutez plugin Outil de Contact sur Webnode","isPartOf":{"@id":"https:\/\/elfsight.com\/fr\/#website"},"datePublished":"2021-12-03T11:37:17+00:00","dateModified":"2024-12-20T13:05:42+00:00","description":"Int\u00e9grez un Formulaire de Contact attractif sur votre site. Appliquez la d\u00e9mo d'Elfsight et g\u00e9n\u00e9rez votre widget en quelques minutes.","breadcrumb":{"@id":"https:\/\/elfsight.com\/fr\/contact-form-widget\/webnode\/#breadcrumb"},"inLanguage":"fr-FR","potentialAction":[{"@type":"ReadAction","target":["https:\/\/elfsight.com\/fr\/contact-form-widget\/webnode\/"]}]},{"@type":"BreadcrumbList","@id":"https:\/\/elfsight.com\/fr\/contact-form-widget\/webnode\/#breadcrumb","itemListElement":[{"@type":"ListItem","position":1,"name":"Home","item":"https:\/\/elfsight.com\/fr\/"},{"@type":"ListItem","position":2,"name":"Contact Form","item":"https:\/\/elfsight.com\/fr\/contact-form-widget\/"},{"@type":"ListItem","position":3,"name":"Contact Form &#8211; Webnode"}]},{"@type":"WebSite","@id":"https:\/\/elfsight.com\/fr\/#website","url":"https:\/\/elfsight.com\/fr\/","name":"Elfsight FR","description":"","potentialAction":[{"@type":"SearchAction","target":{"@type":"EntryPoint","urlTemplate":"https:\/\/elfsight.com\/fr\/?s={search_term_string}"},"query-input":{"@type":"PropertyValueSpecification","valueRequired":true,"valueName":"search_term_string"}}],"inLanguage":"fr-FR"}]}},"meta_box":{"industry":"","seo_heading":"","heading":"","description":"","cta_heading":"","cta_description":"","application":"1358","h1":"Plugin Formulaire de Contact pour Webnode","h1_caption":"Cr\u00e9ez et int\u00e9grez facilement des formulaires de contact sur votre site Web pour encourager l'interaction des utilisateurs et les demandes de renseignements sur votre site Web Webnode sans effort.","application_category":[],"applications_title":"","applications_request_title":"","applications_request_button_text":"","hero_text":"","hero_video":"","hero_video_schema_markup":"","selling_points_title":"","selling_points_caption":"","selling_points":[],"selling_points_cta_text":"","features_title":"","features":"","ed_cta_examples_text":"","ed_cta_examples_hidden":"","ed_cta_demo_text":"","ed_cta_demo_hidden":"","why_caption":"","why_editor_title":"","why_editor_text":"","why_team_title":"","why_team_text":"","why_service_title":"","why_service_text":"","template_catalog_visible":"0","template_catalog_title":"","template_catalog_text":"","template_catalog_categories_visible":"","demo_title":"Cr\u00e9ez votre widget Formulaire de contact","demo_caption":"Configurez votre formulaire de contact et ajoutez-le \u00e0 votre site Webnode gratuitement !","default_faq_hidden":"","app_template_category":[],"platform":"364","template_public_id":"","codecanyon_url":"","codecanyon_item_id":"","codecanyon_price":"","pricing_caption":"","pricing_elfsight_apps_hide_column":"","pricing_elfsight_apps_url":"","pricing_codecanyon_price_caption":"","integration_category":[],"integration_request_title":"","integration_request_cta":"","integration_platform":"","integrations":[],"platform_category":[],"video_schema_markup":"","price":"\u00c0 partir de $0\/mois","trial":"","benefits":[{"text":"Installation gratuite"},{"text":"Support Premium"},{"text":"Garantie de remboursement de 14 jours"},{"text":"L'am\u00e9lioration continue"}],"button_url":"#demo","button_target_blank":"0","button_nofollow":"0","attributes":[{"name":"Nombre d'installations","content":"1,000 - 5,000","_state":"expanded"},{"name":"Adaptif","content":"Oui","_state":"expanded"},{"name":"Navigateurs compatibles","content":"Firefox, Safari, Opera, Chrome, Edge","_state":"expanded"}],"tags":[],"tags_disable_links":"0","hide_more_platforms":"","video_object":"","demo_hide_cta":"0","demo_hide_cloud_options":"0","pricing_title":"","pricing":[{"pricing_icon":"platform","pricing_title":"Applications d'Elfsight","pricing_title_caption":"Solution num\u00e9rique multiplateforme qui fonctionne sur n'importe quel site","pricing_price":"\u00c0 partir de $0\/mois","pricing_price_caption":"Commencez avec un plan gratuit","pricing_benefits":[{"text":"Sites Web illimit\u00e9s"},{"text":"\u00c9quipe d'assistance professionnelle"},{"text":"Service d'installation gratuit"},{"text":"100% personnalisable"}],"pricing_button_text":"Ajouter au site Web","pricing_button_url":"https:\/\/apps.elfsight.com\/sign-up\/","pricing_button_nofollow":"1","_state":"expanded"}],"related_apps_title":"","related_apps_hidden":"1","author":"","image":[],"title":"","job":"","social_networks":[]},"_links":{"self":[{"href":"https:\/\/elfsight.com\/fr\/wp-json\/wp\/v2\/pages\/6328","targetHints":{"allow":["GET"]}}],"collection":[{"href":"https:\/\/elfsight.com\/fr\/wp-json\/wp\/v2\/pages"}],"about":[{"href":"https:\/\/elfsight.com\/fr\/wp-json\/wp\/v2\/types\/page"}],"author":[{"embeddable":true,"href":"https:\/\/elfsight.com\/fr\/wp-json\/wp\/v2\/users\/18"}],"replies":[{"embeddable":true,"href":"https:\/\/elfsight.com\/fr\/wp-json\/wp\/v2\/comments?post=6328"}],"version-history":[{"count":5,"href":"https:\/\/elfsight.com\/fr\/wp-json\/wp\/v2\/pages\/6328\/revisions"}],"predecessor-version":[{"id":15987,"href":"https:\/\/elfsight.com\/fr\/wp-json\/wp\/v2\/pages\/6328\/revisions\/15987"}],"up":[{"embeddable":true,"href":"https:\/\/elfsight.com\/fr\/wp-json\/wp\/v2\/pages\/1363"}],"wp:attachment":[{"href":"https:\/\/elfsight.com\/fr\/wp-json\/wp\/v2\/media?parent=6328"}],"curies":[{"name":"wp","href":"https:\/\/api.w.org\/{rel}","templated":true}]}}