{"id":6326,"date":"2021-12-03T11:38:01","date_gmt":"2021-12-03T11:38:01","guid":{"rendered":"https:\/\/elfsight.com\/fr\/?page_id=6326"},"modified":"2024-11-11T11:05:31","modified_gmt":"2024-11-11T11:05:31","slug":"webflow","status":"publish","type":"page","link":"https:\/\/elfsight.com\/fr\/contact-form-widget\/webflow\/","title":{"rendered":"Contact Form &#8211; Webflow"},"content":{"rendered":"<div class=\"application-platform-content-item-description application-platform-content-item\" id=\"description\" data-nav-section=\"description\"><h2>Formulaire de contact pour Webflow<\/h2><p>Notre widget de formulaire de contact Webflow\u00a0\u2013 vous aide avec tout ce qui est possible exigences actuelles pour obtenir des commentaires et des demandes de renseignements des clients de votre site. Affichez des champs suppl\u00e9mentaires \u00e0 remplir, choisissez le mod\u00e8le requis et ajustez l&rsquo;apparence, pour inciter encore plus vos clients \u00e0 passer des commandes dans votre entreprise.<\/p><p><b>Recueillez des avis, recevez des demandes et envoyez des r\u00e9ponses aux questions de les visiteurs du site\u00a0!<\/b><\/p><ul><li><b>Augmentez le nombre de nouveaux acheteurs<\/b>.<br>Restez en interaction r\u00e9guli\u00e8re avec les clients potentiels 24h\/24 et 7j\/7 avec l&rsquo;aide d&rsquo;un formulaire efficace sur votre site Web et augmentez le nombre d&rsquo;utilisateurs cens\u00e9s payer.<\/li><li><b>Recueillez davantage de r\u00e9actions et d&rsquo;impressions sur vos produits ou services<\/b>.<br>Commentaires de vos clients est d\u2019une valeur cruciale si vous souhaitez d\u00e9velopper votre entreprise. Gr\u00e2ce \u00e0 notre formulaire de contact simple, vous commencerez \u00e0 recueillir davantage de commentaires sur votre site\u00a0!<\/li><li><b>Prot\u00e9gez votre bo\u00eete aux lettres du spam<\/b>.<br>N&rsquo;autorisez pas le spam dans votre bo\u00eete aux lettres. Notre formulaire est int\u00e9gr\u00e9 \u00e0 Google reCAPTCHA pour prot\u00e9ger votre courrier du spam automatique et des robots.<\/li><\/ul><p><\/div><br><div class=\"application-platform-content-item-features application-platform-content-item\" id=\"features\" data-nav-section=\"features\"><\/p><h2> Fonctionnalit\u00e9s du plugin de formulaire de contact<\/h2><p>Pourquoi notre formulaire de contact est-il le meilleur widget pour obtenir les impressions des utilisateurs et recevoir des commandes pour Webflow\u00a0? Testez nos caract\u00e9ristiques cl\u00e9s\u00a0:<\/p><ul><li>Un ensemble minimum de champs pour envoyer un feedback\u00a0: nom, email, t\u00e9l\u00e9phone et message\u00a0;<\/li><li>D\u00e9finissez le titre au-dessus du formulaire\u00a0;<\/li><li>Mise en page en ligne avec ajustement automatique des champs \u00e0 la largeur du formulaire\u00a0;<\/li><li>Google reCAPTCHA est l\u00e0 pour prot\u00e9ger votre formulaire contre le spam et les robots\u00a0;<\/li><li>Fonctionne et s&rsquo;affiche parfaitement appareils mobiles.<\/li><\/ul><p><a href=\"#demo\">Voir la liste compl\u00e8te des fonctionnalit\u00e9s dans notre d\u00e9mo<\/a><\/p><p><\/div><br> <div class=\"application-platform-content-item-installation application-platform-content-item\" id=\"installation\" data-nav-section=\"installation\"><\/p><h2>Comment ajouter le widget Formulaire de contact au site Web Webflow<\/h2><div class=\"video-container\"><iframe width=\"720\" height=\"405\" src=\"https:\/\/www.youtube.com\/embed\/mWLGJIxtaUU\" frameborder=\"0\" allowfullscreen=\"\"><\/iframe><\/div><p>Appliquez notre tutoriel pour int\u00e9grer le widget de contact \u00e0 votre site. Il n&rsquo;est pas n\u00e9cessaire d&rsquo;avoir des comp\u00e9tences en programmation et le temps d&rsquo;int\u00e9gration complet n&rsquo;est que de 90 secondes.<\/p><ol><li><b>Cr\u00e9ez votre formulaire de contact unique<\/b>.<br>Avec notre \u00e9diteur gratuit, cr\u00e9ez un widget avec un mod\u00e8le et des param\u00e8tres pr\u00e9f\u00e9rables.<\/li><li><b>Recevez un code pour afficher le widget<\/b>.<br>Apr\u00e8s la personnalisation du widget, obtenez un code pour le widget de formulaire dans la fen\u00eatre qui appara\u00eet sur les applications Elfsight. <\/li><li><b>Affichez le widget sur le site Web Webflow<\/b>.<br>Ajoutez le widget \u00e0 l&rsquo;endroit souhait\u00e9 de la page et appliquez les modifications.<\/li><li><b>Vous l&rsquo;installation a \u00e9t\u00e9 effectu\u00e9e avec succ\u00e8s<\/b>.<br>Visitez votre site pour v\u00e9rifier votre widget.<\/li><\/ol><p>Rencontrez-vous des probl\u00e8mes lors de l&rsquo;application du guide ou de la g\u00e9n\u00e9ration de votre formulaire\u00a0? Essayez de lire un didacticiel complet \u00ab\u00a0<a href=\"https:\/\/elfsight.com\/tutorials\/how-to-add-contact-form-widget-to-webflow\/\" target=\"_blank\" rel=\"noopener noreferrer\"> Comment ins\u00e9rer un formulaire de contact dans un site Web Webflow<\/a>\u00bb et prenez une seconde chance de l&rsquo;afficher par vous-m\u00eame ou laissez votre demande \u00e0 notre centre d&rsquo;aide avec une explication compl\u00e8te de votre requ\u00eate, et notre \u00e9quipe se fera un plaisir de r\u00e9soudre le probl\u00e8me. <\/p><div class=\"faq\" data-component=\"FAQ\"> <div class=\"faq-item\">\r\n\t\t\t\t\t<div class=\"faq-item-question\">\r\n\t\t\t\t\t\t<h3 class=\"faq-item-question-text\">Comment ajouter un formulaire de contact \u00e0 mon site Web Webflow sans comp\u00e9tences en codage ?<\/h3>\r\n\r\n\t\t\t\t\t\t<div class=\"faq-item-question-icon\"><\/div>\r\n\t\t\t\t\t<\/div>\r\n\r\n\t\t\t\t\t<div class=\"faq-item-answer\">\r\n\t\t\t\t\t\t<div class=\"faq-item-answer-text\"> <p>Elfsight fournit une solution SaaS qui vous permet de cr\u00e9er vous-m\u00eame un widget de formulaire de contact, voyez \u00e0 quel point le processus est simple est\u00a0: travaillez directement dans l&rsquo;\u00e9diteur en ligne pour cr\u00e9er un widget de formulaire de contact que vous aimeriez voir sur votre site Web Webflow. Choisissez l&rsquo;un des mod\u00e8les pr\u00e9d\u00e9finis et ajustez les param\u00e8tres du formulaire de contact, ajoutez votre contenu, modifiez la mise en page et les couleurs sans aucune comp\u00e9tence en codage. Enregistrez le formulaire de contact et copiez son code d&rsquo;installation, que vous pouvez facilement inclure dans votre site Web Webflow sans acheter de version payante. Gr\u00e2ce \u00e0 notre \u00e9diteur intuitif, tout internaute peut cr\u00e9er un widget de formulaire de contact en ligne et l&rsquo;int\u00e9grer facilement \u00e0 son site Web Webflow. Il n&rsquo;est pas n\u00e9cessaire de payer ou de saisir les informations d&rsquo;identification de votre carte pour acc\u00e9der au service. Si vous rencontrez des probl\u00e8mes \u00e0 n&rsquo;importe quelle \u00e9tape, n&rsquo;h\u00e9sitez pas \u00e0 contacter notre \u00e9quipe d&rsquo;assistance technique.<\/p> <\/div>\r\n\t\t\t\t\t<\/div>\r\n\t\t\t\t<\/div> <div class=\"faq-item\">\r\n\t\t\t\t\t<div class=\"faq-item-question\">\r\n\t\t\t\t\t\t<h3 class=\"faq-item-question-text\">Proposez-vous des mod\u00e8les de formulaire de contact pour le site Web Webflow ?<\/h3>\r\n\r\n\t\t\t\t\t\t<div class=\"faq-item-question-icon\"><\/div>\r\n\t\t\t\t\t<\/div>\r\n\r\n\t\t\t\t\t<div class=\"faq-item-answer\">\r\n\t\t\t\t\t\t<div class=\"faq-item-answer-text\"><p>Oui, Elfsight propose plus de 300 mod\u00e8les pr\u00eats \u00e0 l&#8217;emploi pour tous les cas. Examinez de plus pr\u00e8s les <a href=\"https:\/\/elfsight.com\/online-form-builder\/templates\/contact-forms\/\">Mod\u00e8les de formulaire de contact<\/a> et choisissez celui que vous pr\u00e9f\u00e9rez.<\/p><\/div>\r\n\t\t\t\t\t<\/div>\r\n\t\t\t\t<\/div><\/div> <p><\/div><\/p>","protected":false},"excerpt":{"rendered":"","protected":false},"author":18,"featured_media":0,"parent":1363,"menu_order":0,"comment_status":"closed","ping_status":"closed","template":"templates\/template-application-platform.php","meta":{"publish_to_discourse":"","publish_post_category":"","wpdc_auto_publish_overridden":"","wpdc_topic_tags":"","wpdc_pin_topic":"","wpdc_pin_until":"","discourse_post_id":"","discourse_permalink":"","wpdc_publishing_response":"","wpdc_publishing_error":"","footnotes":""},"class_list":["post-6326","page","type-page","status-publish","hentry"],"yoast_head":"<!-- This site is optimized with the Yoast SEO plugin v25.3.1 - https:\/\/yoast.com\/wordpress\/plugins\/seo\/ -->\n<title>Formulaire de Contact - ajoutez widget Outil de Contact sur Webflow<\/title>\n<meta name=\"description\" content=\"Int\u00e9grez un Formulaire de Contact avantageux sur votre site. Appliquez la d\u00e9mo d&#039;Elfsight et g\u00e9n\u00e9rez votre widget en deux minutes.\" \/>\n<meta name=\"robots\" content=\"index, follow, max-snippet:-1, max-image-preview:large, max-video-preview:-1\" \/>\n<link rel=\"canonical\" href=\"https:\/\/elfsight.com\/fr\/contact-form-widget\/webflow\/\" \/>\n<meta property=\"og:locale\" content=\"fr_FR\" \/>\n<meta property=\"og:type\" content=\"article\" \/>\n<meta property=\"og:title\" content=\"Formulaire de Contact - ajoutez widget Outil de Contact sur Webflow\" \/>\n<meta property=\"og:description\" content=\"Int\u00e9grez un Formulaire de Contact avantageux sur votre site. Appliquez la d\u00e9mo d&#039;Elfsight et g\u00e9n\u00e9rez votre widget en deux minutes.\" \/>\n<meta property=\"og:url\" content=\"https:\/\/elfsight.com\/fr\/contact-form-widget\/webflow\/\" \/>\n<meta property=\"og:site_name\" content=\"Elfsight FR\" \/>\n<meta property=\"article:modified_time\" content=\"2024-11-11T11:05:31+00:00\" \/>\n<meta name=\"twitter:card\" content=\"summary_large_image\" \/>\n<meta name=\"twitter:label1\" content=\"Dur\u00e9e de lecture estim\u00e9e\" \/>\n\t<meta name=\"twitter:data1\" content=\"1 minute\" \/>\n<!-- \/ Yoast SEO plugin. -->","yoast_head_json":{"title":"Formulaire de Contact - ajoutez widget Outil de Contact sur Webflow","description":"Int\u00e9grez un Formulaire de Contact avantageux sur votre site. Appliquez la d\u00e9mo d'Elfsight et g\u00e9n\u00e9rez votre widget en deux minutes.","robots":{"index":"index","follow":"follow","max-snippet":"max-snippet:-1","max-image-preview":"max-image-preview:large","max-video-preview":"max-video-preview:-1"},"canonical":"https:\/\/elfsight.com\/fr\/contact-form-widget\/webflow\/","og_locale":"fr_FR","og_type":"article","og_title":"Formulaire de Contact - ajoutez widget Outil de Contact sur Webflow","og_description":"Int\u00e9grez un Formulaire de Contact avantageux sur votre site. Appliquez la d\u00e9mo d'Elfsight et g\u00e9n\u00e9rez votre widget en deux minutes.","og_url":"https:\/\/elfsight.com\/fr\/contact-form-widget\/webflow\/","og_site_name":"Elfsight FR","article_modified_time":"2024-11-11T11:05:31+00:00","twitter_card":"summary_large_image","twitter_misc":{"Dur\u00e9e de lecture estim\u00e9e":"1 minute"},"schema":{"@context":"https:\/\/schema.org","@graph":[{"@type":"WebPage","@id":"https:\/\/elfsight.com\/fr\/contact-form-widget\/webflow\/","url":"https:\/\/elfsight.com\/fr\/contact-form-widget\/webflow\/","name":"Formulaire de Contact - ajoutez widget Outil de Contact sur Webflow","isPartOf":{"@id":"https:\/\/elfsight.com\/fr\/#website"},"datePublished":"2021-12-03T11:38:01+00:00","dateModified":"2024-11-11T11:05:31+00:00","description":"Int\u00e9grez un Formulaire de Contact avantageux sur votre site. Appliquez la d\u00e9mo d'Elfsight et g\u00e9n\u00e9rez votre widget en deux minutes.","breadcrumb":{"@id":"https:\/\/elfsight.com\/fr\/contact-form-widget\/webflow\/#breadcrumb"},"inLanguage":"fr-FR","potentialAction":[{"@type":"ReadAction","target":["https:\/\/elfsight.com\/fr\/contact-form-widget\/webflow\/"]}]},{"@type":"BreadcrumbList","@id":"https:\/\/elfsight.com\/fr\/contact-form-widget\/webflow\/#breadcrumb","itemListElement":[{"@type":"ListItem","position":1,"name":"Home","item":"https:\/\/elfsight.com\/fr\/"},{"@type":"ListItem","position":2,"name":"Contact Form","item":"https:\/\/elfsight.com\/fr\/contact-form-widget\/"},{"@type":"ListItem","position":3,"name":"Contact Form &#8211; Webflow"}]},{"@type":"WebSite","@id":"https:\/\/elfsight.com\/fr\/#website","url":"https:\/\/elfsight.com\/fr\/","name":"Elfsight FR","description":"","potentialAction":[{"@type":"SearchAction","target":{"@type":"EntryPoint","urlTemplate":"https:\/\/elfsight.com\/fr\/?s={search_term_string}"},"query-input":{"@type":"PropertyValueSpecification","valueRequired":true,"valueName":"search_term_string"}}],"inLanguage":"fr-FR"}]}},"meta_box":{"industry":"","seo_heading":"","heading":"","description":"","cta_heading":"","cta_description":"","application":"1358","h1":"Widget Formulaire de Contact pour Webflow","h1_caption":"Cr\u00e9ez et int\u00e9grez facilement des formulaires de contact sur votre site Web pour encourager l'interaction des utilisateurs et les demandes de renseignements sur votre site Web Webflow sans effort.","application_category":[],"applications_title":"","applications_request_title":"","applications_request_button_text":"","hero_text":"","hero_video":"","hero_video_schema_markup":"","selling_points_title":"","selling_points_caption":"","selling_points":[],"selling_points_cta_text":"","features_title":"","features":"","ed_cta_examples_text":"","ed_cta_examples_hidden":"","ed_cta_demo_text":"","ed_cta_demo_hidden":"","why_caption":"","why_editor_title":"","why_editor_text":"","why_team_title":"","why_team_text":"","why_service_title":"","why_service_text":"","template_catalog_visible":"","template_catalog_title":"","template_catalog_text":"","template_catalog_categories_visible":"","demo_title":"Cr\u00e9ez votre widget Formulaire de contact","demo_caption":"Configurez votre formulaire de contact et ajoutez-le \u00e0 votre site Web Webflow gratuitement\u00a0!","default_faq_hidden":"","app_template_category":[],"platform":"362","template_public_id":"","codecanyon_url":"","codecanyon_item_id":"","codecanyon_price":"","pricing_caption":"","pricing_elfsight_apps_hide_column":"","pricing_elfsight_apps_url":"","pricing_codecanyon_price_caption":"","integration_category":[],"integration_request_title":"","integration_request_cta":"","integration_platform":"","integrations":[],"platform_category":[],"video_schema_markup":"","price":"\u00c0 partir de $0\/mois","trial":"","benefits":[{"text":"Installation gratuite"},{"text":"Support Premium"},{"text":"Garantie de remboursement de 14 jours"},{"text":"L'am\u00e9lioration continue"}],"button_url":"#demo","button_target_blank":"0","button_nofollow":"0","attributes":[{"name":"Nombre d'installations","content":"1,000 - 5,000","_state":"expanded"},{"name":"Adaptif","content":"Oui","_state":"expanded"},{"name":"Navigateurs compatibles","content":"Firefox, Safari, Opera, Chrome, Edge","_state":"expanded"}],"tags":[],"tags_disable_links":"0","hide_more_platforms":"","video_object":"","demo_hide_cta":"0","demo_hide_cloud_options":"0","pricing_title":"","pricing":[{"pricing_icon":"platform","pricing_title":"Applications d'Elfsight","pricing_title_caption":"Solution num\u00e9rique multiplateforme qui fonctionne sur n'importe quel site","pricing_price":"\u00c0 partir de $0\/mois","pricing_price_caption":"Commencez avec un plan gratuit","pricing_benefits":[{"text":"Sites Web illimit\u00e9s"},{"text":"\u00c9quipe d'assistance professionnelle"},{"text":"Service d'installation gratuit"},{"text":"100% personnalisable"}],"pricing_button_text":"Ajouter au site Web","pricing_button_url":"https:\/\/apps.elfsight.com\/sign-up\/","pricing_button_nofollow":"1","_state":"expanded"}],"related_apps_title":"","related_apps_hidden":"1","author":"","image":[],"title":"","job":"","social_networks":[]},"_links":{"self":[{"href":"https:\/\/elfsight.com\/fr\/wp-json\/wp\/v2\/pages\/6326","targetHints":{"allow":["GET"]}}],"collection":[{"href":"https:\/\/elfsight.com\/fr\/wp-json\/wp\/v2\/pages"}],"about":[{"href":"https:\/\/elfsight.com\/fr\/wp-json\/wp\/v2\/types\/page"}],"author":[{"embeddable":true,"href":"https:\/\/elfsight.com\/fr\/wp-json\/wp\/v2\/users\/18"}],"replies":[{"embeddable":true,"href":"https:\/\/elfsight.com\/fr\/wp-json\/wp\/v2\/comments?post=6326"}],"version-history":[{"count":3,"href":"https:\/\/elfsight.com\/fr\/wp-json\/wp\/v2\/pages\/6326\/revisions"}],"predecessor-version":[{"id":14036,"href":"https:\/\/elfsight.com\/fr\/wp-json\/wp\/v2\/pages\/6326\/revisions\/14036"}],"up":[{"embeddable":true,"href":"https:\/\/elfsight.com\/fr\/wp-json\/wp\/v2\/pages\/1363"}],"wp:attachment":[{"href":"https:\/\/elfsight.com\/fr\/wp-json\/wp\/v2\/media?parent=6326"}],"curies":[{"name":"wp","href":"https:\/\/api.w.org\/{rel}","templated":true}]}}