{"id":6324,"date":"2021-12-03T11:39:09","date_gmt":"2021-12-03T11:39:09","guid":{"rendered":"https:\/\/elfsight.com\/fr\/?page_id=6324"},"modified":"2025-07-09T17:11:28","modified_gmt":"2025-07-09T17:11:28","slug":"squarespace","status":"publish","type":"page","link":"https:\/\/elfsight.com\/fr\/contact-form-widget\/squarespace\/","title":{"rendered":"Contact Form &#8211; Squarespace"},"content":{"rendered":"<div class=\"application-platform-content-item-description application-platform-content-item\" id=\"description\" data-nav-section=\"description\"><h2>Formulaire de contact pour Squarespace<\/h2><p>Le widget de formulaire de contact Elfsight Squarespace r\u00e9pond \u00e0 toutes vos exigences en mati\u00e8re de collecte de commentaires et de commandes des clients de votre site web. Ajoutez les \u00e9l\u00e9ments n\u00e9cessaires au remplissage, choisissez le mod\u00e8le souhait\u00e9 et ajustez l&rsquo;apparence, pour inciter encore plus vos visiteurs \u00e0 r\u00e9diger une demande de services de votre entreprise. Par exemple, vous \u00eates libre de cr\u00e9er un formulaire de contact Squarespace par e-mail qui <\/p><p><b>Recevoir des commentaires, prendre des commandes et r\u00e9diger des r\u00e9ponses aux messages des visiteurs de votre site\u00a0!<\/b><\/p> <ul><li><b>Jusqu&rsquo;\u00e0 +100 pour la quantit\u00e9 de clients potentiels<\/b>.<br>Restez en communication constante avec des clients potentiels 24 heures sur 24 en utilisant un formulaire logique conditionnel fluide sur votre site Squarespace et obtenez utilisateurs pr\u00eats \u00e0 commander.<\/li><li><b>Percevez mieux vos utilisateurs<\/b>.<br>Les probl\u00e8mes, requ\u00eates et autres impressions de vos clients concernant vos offres ou services constituent une donn\u00e9e efficace qui aide \u00e0 reconnaissez les souhaits de l\u2019audience de votre site Web et appliquez efficacement un plan d\u2019am\u00e9lioration potentielle de votre entreprise. Capturez-les facilement avec le formulaire de courrier \u00e9lectronique Squarespace.<\/li><li><b>Am\u00e9liorez votre interaction utilisateur<\/b>.<br>Avec des mod\u00e8les pratiques, une interface r\u00e9glable et des messages de \u00ab\u00a0Merci\u00a0\u00bb personnalis\u00e9s, vous pouvez les montrer \u00e0 vos clients. leur importance pour votre entreprise.<\/li><\/ul><\/div><div class=\"application-platform-content-item-features application-platform-content-item\" id=\"features\" data-nav-section=\"features\"><h2>Caract\u00e9ristiques du plugin de formulaire de contact<\/h2><p>Qu&rsquo;est-ce qui fait du formulaire de contact Elfsight le meilleur widget pour collecter les impressions des utilisateurs et recevoir des commandes pour Squarespace\u00a0? D\u00e9couvrez nos principaux avantages\u00a0:<\/p><ul><li>Organisez les champs du formulaire comme vous le souhaitez\u00a0;<\/li><li>Masquez l&rsquo;en-t\u00eate\u00a0;<\/li><li>2 mises en page pr\u00e9d\u00e9finies\u00a0: en ligne pour \u00eatre ajout\u00e9 au corps de la page et flottant pour suivre le d\u00e9filement de votre visiteur\u00a0;<\/li><li>Toutes les donn\u00e9es saisies dans le formulaire sont enregistr\u00e9es en cours\u00a0;<\/li><li>Conception transparente qui convient \u00e0 99\u00a0% des sites de la bo\u00eete.<\/li><\/ul><p><a href=\"#demo\">Lisez la liste compl\u00e8te des caract\u00e9ristiques dans notre \u00e9diteur<\/a><\/p><\/div><div class=\"application-platform-content-item- installation application-platform-content-item\" id=\" installation\" data-nav-section=\" installation\"><h2>Comment cr\u00e9er un widget de formulaire de contact pour le site Web SquareSpace<\/h2><div class=\"video-container\"><iframe width=\"720\" height=\"405\" src=\"https:\/\/www.youtube.com\/embed\/lXIcZ-9He4c\" frameborder=\"0\" allowfullscreen=\"\"><\/iframe><\/div><p>Suivez notre tutoriel, pour afficher un widget de contact sur votre site Web. Il n&rsquo;est pas n\u00e9cessaire d&rsquo;avoir des comp\u00e9tences en programmation et l&rsquo;installation compl\u00e8te prendra environ 2 minutes.<\/p><ol><li><b>Cr\u00e9ez votre formulaire de contact sur mesure<\/b>.<br>\u00c0 l&rsquo;aide de notre \u00e9diteur gratuit, g\u00e9n\u00e9rez un plugin avec l&rsquo;apparence et les param\u00e8tres n\u00e9cessaires.<\/li><li><b>Obtenez le code pour int\u00e9grer le plugin<\/b>.<br>Apr\u00e8s le param\u00e9trage du widget, obtenez un code pour le plugin de formulaire \u00e0 partir de la notification contextuelle sur Elfsight Applications.<\/li><li><b>Affichez le plugin sur le site Web SquareSpace<\/b>.<br>Int\u00e9grez le plugin \u00e0 l&rsquo;endroit requis de la page et publiez les modifications.<\/li><li><b>Termin\u00e9\u00a0!<\/b>.<br>Visitez votre site Web pour voir votre travail.<\/li><\/ol><p>Vous rencontrez des probl\u00e8mes lors de l&rsquo;application des instructions ou de la cr\u00e9ation de votre formulaire\u00a0? Essayez d&rsquo;\u00e9tudier notre article d\u00e9taill\u00e9 \u00ab<a href=\"https:\/\/elfsight.com\/tutorials\/how-to-add-contact-form-plugin-to-squarespace\/\" target=\"_blank\" rel=\"noopener noreferrer\"> Comment afficher le formulaire de contact sur un site Web Squarespace<\/a>\u00bb et saisissez une seconde chance de l&rsquo;int\u00e9grer vous-m\u00eame ou laissez votre demande au centre d&rsquo;assistance Elfsight avec une description compl\u00e8te de votre probl\u00e8me, et notre \u00e9quipe fera de son mieux pour vous aider.<\/p><\/div><div class=\"faq\" data-component=\"FAQ\"><div class=\"faq-item\">\r\n\t\t\t\t\t<div class=\"faq-item-question\">\r\n\t\t\t\t\t\t<h3 class=\"faq-item-question-text\">Comment prot\u00e9ger les informations du formulaire Squarespace sur mes pages ?<\/h3>\r\n\r\n\t\t\t\t\t\t<div class=\"faq-item-question-icon\"><\/div>\r\n\t\t\t\t\t<\/div>\r\n\r\n\t\t\t\t\t<div class=\"faq-item-answer\">\r\n\t\t\t\t\t\t<div class=\"faq-item-answer-text\"><p>Elfsight Form Builder est int\u00e9gr\u00e9 \u00e0 l&rsquo;un des plus outil de s\u00e9curit\u00e9 reCAPTCHA convaincant. Il est l\u00e0 pour s\u00e9curiser votre formulaire et votre bo\u00eete aux lettres contre le spam et les robots et garantir un travail sans probl\u00e8me et uniquement les donn\u00e9es importantes. <\/p><\/div>\r\n\t\t\t\t\t<\/div>\r\n\t\t\t\t<\/div><div class=\"faq-item\">\r\n\t\t\t\t\t<div class=\"faq-item-question\">\r\n\t\t\t\t\t\t<h3 class=\"faq-item-question-text\">Proposez-vous des mod\u00e8les prenant en charge les formulaires logiques conditionnels\/les formulaires \u00e0 champs multiples\/les formulaires de courrier \u00e9lectronique ?<\/h3>\r\n\r\n\t\t\t\t\t\t<div class=\"faq-item-question-icon\"><\/div>\r\n\t\t\t\t\t<\/div>\r\n\r\n\t\t\t\t\t<div class=\"faq-item-answer\">\r\n\t\t\t\t\t\t<div class=\"faq-item-answer-text\"><p>Bien s\u00fbr\u00a0! Tout ce que vous avez \u00e0 faire est de vous connecter aux applications Elfsight et de s\u00e9lectionner n&rsquo;importe quel mod\u00e8le appropri\u00e9, puis de proc\u00e9der \u00e0 la cr\u00e9ation de votre outil. <\/p><\/div>\r\n\t\t\t\t\t<\/div>\r\n\t\t\t\t<\/div><div class=\"faq-item\">\r\n\t\t\t\t\t<div class=\"faq-item-question\">\r\n\t\t\t\t\t\t<h3 class=\"faq-item-question-text\">Comment int\u00e9grer un formulaire de contact\/commentaires \u00e0 mon site Squarespace ?<\/h3>\r\n\r\n\t\t\t\t\t\t<div class=\"faq-item-question-icon\"><\/div>\r\n\t\t\t\t\t<\/div>\r\n\r\n\t\t\t\t\t<div class=\"faq-item-answer\">\r\n\t\t\t\t\t\t<div class=\"faq-item-answer-text\"><p>Pour configurer un formulaire de contact ou de commentaires, vous devez vous connecter \u00e0 le service Elfsight Apps et mettre en \u0153uvre toutes les modifications cruciales de l&rsquo;outil. Une fois que vous avez termin\u00e9, enregistrez vos modifications et acc\u00e9dez au site. Aussi simple que cela. <\/p><\/div>\r\n\t\t\t\t\t<\/div>\r\n\t\t\t\t<\/div><div class=\"faq-item\">\r\n\t\t\t\t\t<div class=\"faq-item-question\">\r\n\t\t\t\t\t\t<h3 class=\"faq-item-question-text\">Avez-vous des mod\u00e8les de formulaire de contact pr\u00eats \u00e0 l'emploi pour le site Web Squarespace ?<\/h3>\r\n\r\n\t\t\t\t\t\t<div class=\"faq-item-question-icon\"><\/div>\r\n\t\t\t\t\t<\/div>\r\n\r\n\t\t\t\t\t<div class=\"faq-item-answer\">\r\n\t\t\t\t\t\t<div class=\"faq-item-answer-text\"><p>Oui, il existe une vaste s\u00e9lection de plus de 300\u00a0mod\u00e8les de formulaire de contact. mod\u00e8les pour gagner du temps en cr\u00e9ant un formulaire \u00e0 partir de z\u00e9ro. Consultez les <a href=\"https:\/\/elfsight.com\/online-form-builder\/templates\/contact-forms\/\">Mod\u00e8les de formulaires de contact<\/a> pour toutes les occasions et trouvez celui qui correspond \u00e0 vos attentes.<\/a> p&gt;<\/div>\r\n\t\t\t\t\t<\/div>\r\n\t\t\t\t<\/div><\/div>","protected":false},"excerpt":{"rendered":"","protected":false},"author":18,"featured_media":0,"parent":1363,"menu_order":0,"comment_status":"closed","ping_status":"closed","template":"templates\/template-application-platform.php","meta":{"publish_to_discourse":"","publish_post_category":"","wpdc_auto_publish_overridden":"","wpdc_topic_tags":"","wpdc_pin_topic":"","wpdc_pin_until":"","discourse_post_id":"","discourse_permalink":"","wpdc_publishing_response":"","wpdc_publishing_error":"","footnotes":""},"class_list":["post-6324","page","type-page","status-publish","hentry"],"yoast_head":"<!-- This site is optimized with the Yoast SEO plugin v25.3.1 - https:\/\/yoast.com\/wordpress\/plugins\/seo\/ -->\n<title>Formulaire de Contact - ajoutez plugin Outil de Contact sur Squarespace<\/title>\n<meta name=\"description\" content=\"Int\u00e9grez un Formulaire de Contact avantageux sur votre site. Utilisez la d\u00e9mo d&#039;Elfsight et g\u00e9n\u00e9rez votre widget en deux minutes.\" \/>\n<meta name=\"robots\" content=\"index, follow, max-snippet:-1, max-image-preview:large, max-video-preview:-1\" \/>\n<link rel=\"canonical\" href=\"https:\/\/elfsight.com\/fr\/contact-form-widget\/squarespace\/\" \/>\n<meta property=\"og:locale\" content=\"fr_FR\" \/>\n<meta property=\"og:type\" content=\"article\" \/>\n<meta property=\"og:title\" content=\"Formulaire de Contact - ajoutez plugin Outil de Contact sur Squarespace\" \/>\n<meta property=\"og:description\" content=\"Int\u00e9grez un Formulaire de Contact avantageux sur votre site. Utilisez la d\u00e9mo d&#039;Elfsight et g\u00e9n\u00e9rez votre widget en deux minutes.\" \/>\n<meta property=\"og:url\" content=\"https:\/\/elfsight.com\/fr\/contact-form-widget\/squarespace\/\" \/>\n<meta property=\"og:site_name\" content=\"Elfsight FR\" \/>\n<meta property=\"article:modified_time\" content=\"2025-07-09T17:11:28+00:00\" \/>\n<meta name=\"twitter:card\" content=\"summary_large_image\" \/>\n<meta name=\"twitter:label1\" content=\"Dur\u00e9e de lecture estim\u00e9e\" \/>\n\t<meta name=\"twitter:data1\" content=\"1 minute\" \/>\n<!-- \/ Yoast SEO plugin. -->","yoast_head_json":{"title":"Formulaire de Contact - ajoutez plugin Outil de Contact sur Squarespace","description":"Int\u00e9grez un Formulaire de Contact avantageux sur votre site. Utilisez la d\u00e9mo d'Elfsight et g\u00e9n\u00e9rez votre widget en deux minutes.","robots":{"index":"index","follow":"follow","max-snippet":"max-snippet:-1","max-image-preview":"max-image-preview:large","max-video-preview":"max-video-preview:-1"},"canonical":"https:\/\/elfsight.com\/fr\/contact-form-widget\/squarespace\/","og_locale":"fr_FR","og_type":"article","og_title":"Formulaire de Contact - ajoutez plugin Outil de Contact sur Squarespace","og_description":"Int\u00e9grez un Formulaire de Contact avantageux sur votre site. Utilisez la d\u00e9mo d'Elfsight et g\u00e9n\u00e9rez votre widget en deux minutes.","og_url":"https:\/\/elfsight.com\/fr\/contact-form-widget\/squarespace\/","og_site_name":"Elfsight FR","article_modified_time":"2025-07-09T17:11:28+00:00","twitter_card":"summary_large_image","twitter_misc":{"Dur\u00e9e de lecture estim\u00e9e":"1 minute"},"schema":{"@context":"https:\/\/schema.org","@graph":[{"@type":"WebPage","@id":"https:\/\/elfsight.com\/fr\/contact-form-widget\/squarespace\/","url":"https:\/\/elfsight.com\/fr\/contact-form-widget\/squarespace\/","name":"Formulaire de Contact - ajoutez plugin Outil de Contact sur Squarespace","isPartOf":{"@id":"https:\/\/elfsight.com\/fr\/#website"},"datePublished":"2021-12-03T11:39:09+00:00","dateModified":"2025-07-09T17:11:28+00:00","description":"Int\u00e9grez un Formulaire de Contact avantageux sur votre site. Utilisez la d\u00e9mo d'Elfsight et g\u00e9n\u00e9rez votre widget en deux minutes.","breadcrumb":{"@id":"https:\/\/elfsight.com\/fr\/contact-form-widget\/squarespace\/#breadcrumb"},"inLanguage":"fr-FR","potentialAction":[{"@type":"ReadAction","target":["https:\/\/elfsight.com\/fr\/contact-form-widget\/squarespace\/"]}]},{"@type":"BreadcrumbList","@id":"https:\/\/elfsight.com\/fr\/contact-form-widget\/squarespace\/#breadcrumb","itemListElement":[{"@type":"ListItem","position":1,"name":"Home","item":"https:\/\/elfsight.com\/fr\/"},{"@type":"ListItem","position":2,"name":"Contact Form","item":"https:\/\/elfsight.com\/fr\/contact-form-widget\/"},{"@type":"ListItem","position":3,"name":"Contact Form &#8211; Squarespace"}]},{"@type":"WebSite","@id":"https:\/\/elfsight.com\/fr\/#website","url":"https:\/\/elfsight.com\/fr\/","name":"Elfsight FR","description":"","potentialAction":[{"@type":"SearchAction","target":{"@type":"EntryPoint","urlTemplate":"https:\/\/elfsight.com\/fr\/?s={search_term_string}"},"query-input":{"@type":"PropertyValueSpecification","valueRequired":true,"valueName":"search_term_string"}}],"inLanguage":"fr-FR"}]}},"meta_box":{"industry":"","seo_heading":"","heading":"","description":"","cta_heading":"","cta_description":"","application":"1358","h1":"Plugin Formulaire de Contact pour Squarespace","h1_caption":"Cr\u00e9ez et int\u00e9grez facilement des formulaires de contact sur votre site Web pour encourager l'interaction des utilisateurs et les demandes de renseignements sur votre site Web Squarespace sans effort.","application_category":[],"applications_title":"","applications_request_title":"","applications_request_button_text":"","hero_text":"","hero_video":"","hero_video_schema_markup":"","selling_points_title":"","selling_points_caption":"","selling_points":[],"selling_points_cta_text":"","features_title":"","features":"","ed_cta_examples_text":"","ed_cta_examples_hidden":"","ed_cta_demo_text":"","ed_cta_demo_hidden":"","why_caption":"","why_editor_title":"","why_editor_text":"","why_team_title":"","why_team_text":"","why_service_title":"","why_service_text":"","template_catalog_visible":"","template_catalog_title":"","template_catalog_text":"","template_catalog_categories_visible":"","demo_title":"Cr\u00e9ez votre plugin de formulaire de contact","demo_caption":"Configurez votre formulaire de contact et ajoutez-le gratuitement \u00e0 votre site Web Squarespace\u00a0!","default_faq_hidden":"","app_template_category":[],"platform":"361","template_public_id":"","codecanyon_url":"","codecanyon_item_id":"","codecanyon_price":"","pricing_caption":"","pricing_elfsight_apps_hide_column":"","pricing_elfsight_apps_url":"","pricing_codecanyon_price_caption":"","integration_category":[],"integration_request_title":"","integration_request_cta":"","integration_platform":"","integrations":[],"platform_category":[],"video_schema_markup":"","price":"\u00c0 partir de $0\/mois","trial":"","benefits":[{"text":"Installation gratuite"},{"text":"Support Premium"},{"text":"Garantie de remboursement de 14 jours"},{"text":"L'am\u00e9lioration continue"}],"button_url":"#demo","button_target_blank":"0","button_nofollow":"0","attributes":[{"name":"Nombre d'installations","content":"1,000 - 5,000","_state":"expanded"},{"name":"Adaptif","content":"Oui","_state":"expanded"},{"name":"Navigateurs compatibles","content":"Firefox, Safari, Opera, Chrome, Edge","_state":"expanded"}],"tags":[],"tags_disable_links":"0","hide_more_platforms":"","video_object":"","demo_hide_cta":"0","demo_hide_cloud_options":"0","pricing_title":"","pricing":[{"pricing_icon":"platform","pricing_title":"Applications d'Elfsight","pricing_title_caption":"Solution num\u00e9rique multiplateforme qui fonctionne sur n'importe quel site","pricing_price":"\u00c0 partir de $0\/mois","pricing_price_caption":"Commencez avec un plan gratuit","pricing_benefits":[{"text":"Sites Web illimit\u00e9s"},{"text":"\u00c9quipe d'assistance professionnelle"},{"text":"Service d'installation gratuit"},{"text":"100% personnalisable"}],"pricing_button_text":"Ajouter au site Web","pricing_button_url":"https:\/\/apps.elfsight.com\/sign-up\/","pricing_button_nofollow":"1","_state":"expanded"}],"related_apps_title":"","related_apps_hidden":"1","author":"","image":[],"title":"","job":"","social_networks":[]},"_links":{"self":[{"href":"https:\/\/elfsight.com\/fr\/wp-json\/wp\/v2\/pages\/6324","targetHints":{"allow":["GET"]}}],"collection":[{"href":"https:\/\/elfsight.com\/fr\/wp-json\/wp\/v2\/pages"}],"about":[{"href":"https:\/\/elfsight.com\/fr\/wp-json\/wp\/v2\/types\/page"}],"author":[{"embeddable":true,"href":"https:\/\/elfsight.com\/fr\/wp-json\/wp\/v2\/users\/18"}],"replies":[{"embeddable":true,"href":"https:\/\/elfsight.com\/fr\/wp-json\/wp\/v2\/comments?post=6324"}],"version-history":[{"count":3,"href":"https:\/\/elfsight.com\/fr\/wp-json\/wp\/v2\/pages\/6324\/revisions"}],"predecessor-version":[{"id":14037,"href":"https:\/\/elfsight.com\/fr\/wp-json\/wp\/v2\/pages\/6324\/revisions\/14037"}],"up":[{"embeddable":true,"href":"https:\/\/elfsight.com\/fr\/wp-json\/wp\/v2\/pages\/1363"}],"wp:attachment":[{"href":"https:\/\/elfsight.com\/fr\/wp-json\/wp\/v2\/media?parent=6324"}],"curies":[{"name":"wp","href":"https:\/\/api.w.org\/{rel}","templated":true}]}}